{"id":15329,"date":"2025-01-23T21:02:42","date_gmt":"2025-01-23T20:02:42","guid":{"rendered":"https:\/\/www.amstelprinting.nl\/winkel\/unkategorisiert\/beursbanner\/"},"modified":"2026-02-18T12:54:35","modified_gmt":"2026-02-18T11:54:35","slug":"messebanner","status":"publish","type":"product","link":"https:\/\/www.amstelprinting.nl\/de\/gesch\u00e4ft\/messe-event\/ausstellungstucher\/messebanner\/","title":{"rendered":"Messebanner"},"content":{"rendered":"<h3>Messebanner bedrucken<\/h3>\n<p>Unsere Messebanner sind die perfekte Wahl, um Ihre Marke auf einer Messe oder Veranstaltung ins Rampenlicht zu r\u00fccken. Mit einer Kombination aus Qualit\u00e4t und beeindruckender visueller Wirkung sorgen unsere bedruckten Messebanner daf\u00fcr, dass Ihr Messestand auff\u00e4llt. Verleihen Sie Ihrer Pr\u00e4sentation ein professionelles Aussehen und ziehen Sie die Aufmerksamkeit Ihres Publikums auf sich.<\/p>\n<h3>Vorteile<\/h3>\n<ul>\n<li>In vier hochwertigen Materialien erh\u00e4ltlich<\/li>\n<li>W\u00e4hlen Sie ein Format nach Ihren W\u00fcnschen<\/li>\n<li>Ideal f\u00fcr Messen und Ausstellungen<\/li>\n<li>Gestochen scharfer oder marter All-over-Druck<\/li>\n<li>Budgetfreundlich kalkuliert<\/li>\n<li>B1-Zertifikat f\u00fcr Brandschutz (schwer entflammbar)<\/li>\n<li>Verschiedene Ausf\u00fchrungen<\/li>\n<\/ul>\n<p>&nbsp;<\/p>\n<h3>Materialien Banner \/ Bannertuch<\/h3>\n<ul>\n<li><strong>Airtex\u00ae<\/strong>: Dieses knitterfreie PVC-Tuch von 330 g\/m\u00b2 ist einfach in der Handhabung und B1-zertifiziert f\u00fcr Brandschutz, was es perfekt f\u00fcr Messen und Veranstaltungen macht.<\/li>\n<li><strong>Blackback XL<\/strong>: Dieses Polyester-Blockout-Gewebe mit schwarzer R\u00fcckseite eignet sich f\u00fcr gro\u00dfformatige Drucke bis zu 496 cm Breite. Dank der schwarzen R\u00fcckseite scheint kein Licht durch, und das Material ist B1-zertifiziert f\u00fcr zus\u00e4tzliche Sicherheit.<\/li>\n<li><strong>Dekostoff<\/strong>: Dieses flexible Polyestergewebe hat eine feine Textur und besticht durch seine lebendigen Farben und das matte Finish, das Licht absorbiert anstatt es zu reflektieren. Auch dieser Stoff ist B1-zertifiziert, was f\u00fcr zus\u00e4tzliche Sicherheit auf der Messe sorgt.<\/li>\n<li><strong>Flag<\/strong>: Meistgew\u00e4hlte Option (nach Dekostoff). Dieses preiswerte Polyestertuch hat eine hohe Transparenz und ist ideal f\u00fcr tempor\u00e4re Anwendungen mit einer Lebensdauer von bis zu vier Monaten. Es bietet eine leichte und luftige Ausstrahlung.<\/li>\n<\/ul>\n<p>&nbsp;<\/p>\n<h3>Messebanner kaufen: W\u00e4hlen Sie die richtige Ausf\u00fchrung<\/h3>\n<p>Je nach Material k\u00f6nnen Sie f\u00fcr das Messebanner aus verschiedenen Ausf\u00fchrungen wie S\u00e4umen, Hohlsaum, Schneiden oder Flachkeder w\u00e4hlen. Diese Ausf\u00fchrungen sorgen daf\u00fcr, dass Ihr Messebanner perfekt zur gew\u00e4hlten Aufh\u00e4ngemethode passt und das gew\u00fcnschte Erscheinungsbild bietet.<\/p>\n<h3>Messebanner aufh\u00e4ngen<\/h3>\n<p>F\u00fcr eine einfache und stabile Aufh\u00e4ngung bieten wir Holz-Aufh\u00e4ngesysteme in drei Gr\u00f6\u00dfen an: 60 cm, 80 cm und 100 cm. Diese Aufh\u00e4ngesysteme sind so konzipiert, dass Ihr Messebanner straff und sicher aufgeh\u00e4ngt wird, sodass Ihre Botschaft immer gut sichtbar ist.<\/p>\n","protected":false},"excerpt":{"rendered":"<h3>L\u00e4ngliches Tuch f\u00fcr Messen. Mit gestochen scharfem Druck versehen<\/h3>\n<p>Erh\u00f6hen Sie die Sichtbarkeit Ihres Messestands mit unseren hochwertigen Messebannern, auch Deckenbanner genannt. Speziell entwickelt, um Aufmerksamkeit zu erregen und eine professionelle Ausstrahlung zu bieten, sind unsere Messebanner in vier Materialtypen erh\u00e4ltlich.<\/p>\n","protected":false},"featured_media":15330,"template":"","meta":{"_et_pb_use_builder":"","_et_pb_old_content":"","_et_gb_content_width":""},"product_brand":[],"product_cat":[313,902,899],"product_tag":[],"class_list":{"0":"post-15329","1":"product","2":"type-product","3":"status-publish","4":"has-post-thumbnail","6":"product_cat-aufkleber-und-druck","7":"product_cat-ausstellungstucher","8":"product_cat-messe-event","10":"first","11":"instock","12":"taxable","13":"shipping-taxable","14":"purchasable","15":"product-type-simple"},"yoast_head":"<!-- This site is optimized with the Yoast SEO plugin v27.3 - https:\/\/yoast.com\/product\/yoast-seo-wordpress\/ -->\n<title>Messebanner nach Ma\u00df \u2013 Maximale Sichtbarkeit und schnelle Lieferung<\/title>\n<meta name=\"description\" content=\"Bestellen Sie Ihr Messebanner mit gestochen scharfem Druck und einer Auswahl aus 4 Top-Materialien. Vollst\u00e4ndig anpassbar f\u00fcr eine perfekte Pr\u00e4sentation auf jeder Veranstaltung.\" \/>\n<meta name=\"robots\" content=\"index, follow, max-snippet:-1, max-image-preview:large, max-video-preview:-1\" \/>\n<link rel=\"canonical\" href=\"https:\/\/www.amstelprinting.nl\/de\/gesch\u00e4ft\/messe-event\/ausstellungstucher\/messebanner\/\" \/>\n<meta property=\"og:locale\" content=\"de_DE\" \/>\n<meta property=\"og:type\" content=\"article\" \/>\n<meta property=\"og:title\" content=\"Messebanner nach Ma\u00df \u2013 Maximale Sichtbarkeit und schnelle Lieferung\" \/>\n<meta property=\"og:description\" content=\"Bestellen Sie Ihr Messebanner mit gestochen scharfem Druck und einer Auswahl aus 4 Top-Materialien. Vollst\u00e4ndig anpassbar f\u00fcr eine perfekte Pr\u00e4sentation auf jeder Veranstaltung.\" \/>\n<meta property=\"og:url\" content=\"https:\/\/www.amstelprinting.nl\/de\/gesch\u00e4ft\/messe-event\/ausstellungstucher\/messebanner\/\" \/>\n<meta property=\"og:site_name\" content=\"Amstel Printing\" \/>\n<meta property=\"article:modified_time\" content=\"2026-02-18T11:54:35+00:00\" \/>\n<meta property=\"og:image\" content=\"https:\/\/www.amstelprinting.nl\/wp-content\/uploads\/beursbanners-bedrukken.png\" \/>\n\t<meta property=\"og:image:width\" content=\"700\" \/>\n\t<meta property=\"og:image:height\" content=\"700\" \/>\n\t<meta property=\"og:image:type\" content=\"image\/png\" \/>\n<meta name=\"twitter:card\" content=\"summary_large_image\" \/>\n<meta name=\"twitter:label1\" content=\"Gesch\u00e4tzte Lesezeit\" \/>\n\t<meta name=\"twitter:data1\" content=\"2\u00a0Minuten\" \/>\n<script type=\"application\/ld+json\" class=\"yoast-schema-graph\">{\"@context\":\"https:\\\/\\\/schema.org\",\"@graph\":[{\"@type\":\"WebPage\",\"@id\":\"https:\\\/\\\/www.amstelprinting.nl\\\/de\\\/gesch\u00e4ft\\\/messe-event\\\/ausstellungstucher\\\/messebanner\\\/\",\"url\":\"https:\\\/\\\/www.amstelprinting.nl\\\/de\\\/gesch\u00e4ft\\\/messe-event\\\/ausstellungstucher\\\/messebanner\\\/\",\"name\":\"Messebanner nach Ma\u00df \u2013 Maximale Sichtbarkeit und schnelle Lieferung\",\"isPartOf\":{\"@id\":\"https:\\\/\\\/www.amstelprinting.nl\\\/de\\\/#website\"},\"primaryImageOfPage\":{\"@id\":\"https:\\\/\\\/www.amstelprinting.nl\\\/de\\\/gesch\u00e4ft\\\/messe-event\\\/ausstellungstucher\\\/messebanner\\\/#primaryimage\"},\"image\":{\"@id\":\"https:\\\/\\\/www.amstelprinting.nl\\\/de\\\/gesch\u00e4ft\\\/messe-event\\\/ausstellungstucher\\\/messebanner\\\/#primaryimage\"},\"thumbnailUrl\":\"https:\\\/\\\/www.amstelprinting.nl\\\/wp-content\\\/uploads\\\/beursbanners-bedrukken.png\",\"datePublished\":\"2025-01-23T20:02:42+00:00\",\"dateModified\":\"2026-02-18T11:54:35+00:00\",\"description\":\"Bestellen Sie Ihr Messebanner mit gestochen scharfem Druck und einer Auswahl aus 4 Top-Materialien. Vollst\u00e4ndig anpassbar f\u00fcr eine perfekte Pr\u00e4sentation auf jeder Veranstaltung.\",\"breadcrumb\":{\"@id\":\"https:\\\/\\\/www.amstelprinting.nl\\\/de\\\/gesch\u00e4ft\\\/messe-event\\\/ausstellungstucher\\\/messebanner\\\/#breadcrumb\"},\"inLanguage\":\"de\",\"potentialAction\":[{\"@type\":\"ReadAction\",\"target\":[\"https:\\\/\\\/www.amstelprinting.nl\\\/de\\\/gesch\u00e4ft\\\/messe-event\\\/ausstellungstucher\\\/messebanner\\\/\"]}]},{\"@type\":\"ImageObject\",\"inLanguage\":\"de\",\"@id\":\"https:\\\/\\\/www.amstelprinting.nl\\\/de\\\/gesch\u00e4ft\\\/messe-event\\\/ausstellungstucher\\\/messebanner\\\/#primaryimage\",\"url\":\"https:\\\/\\\/www.amstelprinting.nl\\\/wp-content\\\/uploads\\\/beursbanners-bedrukken.png\",\"contentUrl\":\"https:\\\/\\\/www.amstelprinting.nl\\\/wp-content\\\/uploads\\\/beursbanners-bedrukken.png\",\"width\":700,\"height\":700},{\"@type\":\"BreadcrumbList\",\"@id\":\"https:\\\/\\\/www.amstelprinting.nl\\\/de\\\/gesch\u00e4ft\\\/messe-event\\\/ausstellungstucher\\\/messebanner\\\/#breadcrumb\",\"itemListElement\":[{\"@type\":\"ListItem\",\"position\":1,\"name\":\"\",\"item\":\"https:\\\/\\\/www.amstelprinting.nl\\\/de\\\/\"},{\"@type\":\"ListItem\",\"position\":2,\"name\":\"Amstel Printing\",\"item\":\"https:\\\/\\\/www.amstelprinting.nl\\\/de\\\/geschaeft\\\/\"},{\"@type\":\"ListItem\",\"position\":3,\"name\":\"Messe &amp; Event\",\"item\":\"https:\\\/\\\/www.amstelprinting.nl\\\/de\\\/kategorie\\\/messe-event\\\/\"},{\"@type\":\"ListItem\",\"position\":4,\"name\":\"Ausstellungst\u00fccher\",\"item\":\"https:\\\/\\\/www.amstelprinting.nl\\\/de\\\/kategorie\\\/messe-event\\\/ausstellungstucher\\\/\"},{\"@type\":\"ListItem\",\"position\":5,\"name\":\"Messebanner\"}]},{\"@type\":\"WebSite\",\"@id\":\"https:\\\/\\\/www.amstelprinting.nl\\\/de\\\/#website\",\"url\":\"https:\\\/\\\/www.amstelprinting.nl\\\/de\\\/\",\"name\":\"Amstel Printing\",\"description\":\"Creating Exposure\",\"publisher\":{\"@id\":\"https:\\\/\\\/www.amstelprinting.nl\\\/de\\\/#organization\"},\"potentialAction\":[{\"@type\":\"SearchAction\",\"target\":{\"@type\":\"EntryPoint\",\"urlTemplate\":\"https:\\\/\\\/www.amstelprinting.nl\\\/de\\\/?s={search_term_string}\"},\"query-input\":{\"@type\":\"PropertyValueSpecification\",\"valueRequired\":true,\"valueName\":\"search_term_string\"}}],\"inLanguage\":\"de\"},{\"@type\":\"Organization\",\"@id\":\"https:\\\/\\\/www.amstelprinting.nl\\\/de\\\/#organization\",\"name\":\"Amstel Printing\",\"url\":\"https:\\\/\\\/www.amstelprinting.nl\\\/de\\\/\",\"logo\":{\"@type\":\"ImageObject\",\"inLanguage\":\"de\",\"@id\":\"https:\\\/\\\/www.amstelprinting.nl\\\/de\\\/#\\\/schema\\\/logo\\\/image\\\/\",\"url\":\"https:\\\/\\\/www.amstelprinting.nl\\\/wp-content\\\/uploads\\\/amstel_printing_logo_clean.png\",\"contentUrl\":\"https:\\\/\\\/www.amstelprinting.nl\\\/wp-content\\\/uploads\\\/amstel_printing_logo_clean.png\",\"width\":324,\"height\":73,\"caption\":\"Amstel Printing\"},\"image\":{\"@id\":\"https:\\\/\\\/www.amstelprinting.nl\\\/de\\\/#\\\/schema\\\/logo\\\/image\\\/\"}}]}<\/script>\n<!-- \/ Yoast SEO plugin. -->","yoast_head_json":{"title":"Messebanner nach Ma\u00df \u2013 Maximale Sichtbarkeit und schnelle Lieferung","description":"Bestellen Sie Ihr Messebanner mit gestochen scharfem Druck und einer Auswahl aus 4 Top-Materialien. Vollst\u00e4ndig anpassbar f\u00fcr eine perfekte Pr\u00e4sentation auf jeder Veranstaltung.","robots":{"index":"index","follow":"follow","max-snippet":"max-snippet:-1","max-image-preview":"max-image-preview:large","max-video-preview":"max-video-preview:-1"},"canonical":"https:\/\/www.amstelprinting.nl\/de\/gesch\u00e4ft\/messe-event\/ausstellungstucher\/messebanner\/","og_locale":"de_DE","og_type":"article","og_title":"Messebanner nach Ma\u00df \u2013 Maximale Sichtbarkeit und schnelle Lieferung","og_description":"Bestellen Sie Ihr Messebanner mit gestochen scharfem Druck und einer Auswahl aus 4 Top-Materialien. Vollst\u00e4ndig anpassbar f\u00fcr eine perfekte Pr\u00e4sentation auf jeder Veranstaltung.","og_url":"https:\/\/www.amstelprinting.nl\/de\/gesch\u00e4ft\/messe-event\/ausstellungstucher\/messebanner\/","og_site_name":"Amstel Printing","article_modified_time":"2026-02-18T11:54:35+00:00","og_image":[{"width":700,"height":700,"url":"https:\/\/www.amstelprinting.nl\/wp-content\/uploads\/beursbanners-bedrukken.png","type":"image\/png"}],"twitter_card":"summary_large_image","twitter_misc":{"Gesch\u00e4tzte Lesezeit":"2\u00a0Minuten"},"schema":{"@context":"https:\/\/schema.org","@graph":[{"@type":"WebPage","@id":"https:\/\/www.amstelprinting.nl\/de\/gesch\u00e4ft\/messe-event\/ausstellungstucher\/messebanner\/","url":"https:\/\/www.amstelprinting.nl\/de\/gesch\u00e4ft\/messe-event\/ausstellungstucher\/messebanner\/","name":"Messebanner nach Ma\u00df \u2013 Maximale Sichtbarkeit und schnelle Lieferung","isPartOf":{"@id":"https:\/\/www.amstelprinting.nl\/de\/#website"},"primaryImageOfPage":{"@id":"https:\/\/www.amstelprinting.nl\/de\/gesch\u00e4ft\/messe-event\/ausstellungstucher\/messebanner\/#primaryimage"},"image":{"@id":"https:\/\/www.amstelprinting.nl\/de\/gesch\u00e4ft\/messe-event\/ausstellungstucher\/messebanner\/#primaryimage"},"thumbnailUrl":"https:\/\/www.amstelprinting.nl\/wp-content\/uploads\/beursbanners-bedrukken.png","datePublished":"2025-01-23T20:02:42+00:00","dateModified":"2026-02-18T11:54:35+00:00","description":"Bestellen Sie Ihr Messebanner mit gestochen scharfem Druck und einer Auswahl aus 4 Top-Materialien. Vollst\u00e4ndig anpassbar f\u00fcr eine perfekte Pr\u00e4sentation auf jeder Veranstaltung.","breadcrumb":{"@id":"https:\/\/www.amstelprinting.nl\/de\/gesch\u00e4ft\/messe-event\/ausstellungstucher\/messebanner\/#breadcrumb"},"inLanguage":"de","potentialAction":[{"@type":"ReadAction","target":["https:\/\/www.amstelprinting.nl\/de\/gesch\u00e4ft\/messe-event\/ausstellungstucher\/messebanner\/"]}]},{"@type":"ImageObject","inLanguage":"de","@id":"https:\/\/www.amstelprinting.nl\/de\/gesch\u00e4ft\/messe-event\/ausstellungstucher\/messebanner\/#primaryimage","url":"https:\/\/www.amstelprinting.nl\/wp-content\/uploads\/beursbanners-bedrukken.png","contentUrl":"https:\/\/www.amstelprinting.nl\/wp-content\/uploads\/beursbanners-bedrukken.png","width":700,"height":700},{"@type":"BreadcrumbList","@id":"https:\/\/www.amstelprinting.nl\/de\/gesch\u00e4ft\/messe-event\/ausstellungstucher\/messebanner\/#breadcrumb","itemListElement":[{"@type":"ListItem","position":1,"name":"","item":"https:\/\/www.amstelprinting.nl\/de\/"},{"@type":"ListItem","position":2,"name":"Amstel Printing","item":"https:\/\/www.amstelprinting.nl\/de\/geschaeft\/"},{"@type":"ListItem","position":3,"name":"Messe &amp; Event","item":"https:\/\/www.amstelprinting.nl\/de\/kategorie\/messe-event\/"},{"@type":"ListItem","position":4,"name":"Ausstellungst\u00fccher","item":"https:\/\/www.amstelprinting.nl\/de\/kategorie\/messe-event\/ausstellungstucher\/"},{"@type":"ListItem","position":5,"name":"Messebanner"}]},{"@type":"WebSite","@id":"https:\/\/www.amstelprinting.nl\/de\/#website","url":"https:\/\/www.amstelprinting.nl\/de\/","name":"Amstel Printing","description":"Creating Exposure","publisher":{"@id":"https:\/\/www.amstelprinting.nl\/de\/#organization"},"potentialAction":[{"@type":"SearchAction","target":{"@type":"EntryPoint","urlTemplate":"https:\/\/www.amstelprinting.nl\/de\/?s={search_term_string}"},"query-input":{"@type":"PropertyValueSpecification","valueRequired":true,"valueName":"search_term_string"}}],"inLanguage":"de"},{"@type":"Organization","@id":"https:\/\/www.amstelprinting.nl\/de\/#organization","name":"Amstel Printing","url":"https:\/\/www.amstelprinting.nl\/de\/","logo":{"@type":"ImageObject","inLanguage":"de","@id":"https:\/\/www.amstelprinting.nl\/de\/#\/schema\/logo\/image\/","url":"https:\/\/www.amstelprinting.nl\/wp-content\/uploads\/amstel_printing_logo_clean.png","contentUrl":"https:\/\/www.amstelprinting.nl\/wp-content\/uploads\/amstel_printing_logo_clean.png","width":324,"height":73,"caption":"Amstel Printing"},"image":{"@id":"https:\/\/www.amstelprinting.nl\/de\/#\/schema\/logo\/image\/"}}]}},"_links":{"self":[{"href":"https:\/\/www.amstelprinting.nl\/de\/wp-json\/wp\/v2\/product\/15329","targetHints":{"allow":["GET"]}}],"collection":[{"href":"https:\/\/www.amstelprinting.nl\/de\/wp-json\/wp\/v2\/product"}],"about":[{"href":"https:\/\/www.amstelprinting.nl\/de\/wp-json\/wp\/v2\/types\/product"}],"wp:featuredmedia":[{"embeddable":true,"href":"https:\/\/www.amstelprinting.nl\/de\/wp-json\/wp\/v2\/media\/15330"}],"wp:attachment":[{"href":"https:\/\/www.amstelprinting.nl\/de\/wp-json\/wp\/v2\/media?parent=15329"}],"wp:term":[{"taxonomy":"product_brand","embeddable":true,"href":"https:\/\/www.amstelprinting.nl\/de\/wp-json\/wp\/v2\/product_brand?post=15329"},{"taxonomy":"product_cat","embeddable":true,"href":"https:\/\/www.amstelprinting.nl\/de\/wp-json\/wp\/v2\/product_cat?post=15329"},{"taxonomy":"product_tag","embeddable":true,"href":"https:\/\/www.amstelprinting.nl\/de\/wp-json\/wp\/v2\/product_tag?post=15329"}],"curies":[{"name":"wp","href":"https:\/\/api.w.org\/{rel}","templated":true}]}}