{"id":15339,"date":"2025-01-23T21:02:35","date_gmt":"2025-01-23T20:02:35","guid":{"rendered":"https:\/\/www.amstelprinting.nl\/winkel\/unkategorisiert\/aluvision-en-bematrix-doeken\/"},"modified":"2026-02-18T12:54:35","modified_gmt":"2026-02-18T11:54:35","slug":"aluvision-und-bematrix-tucher","status":"publish","type":"product","link":"https:\/\/www.amstelprinting.nl\/de\/gesch\u00e4ft\/messe-event\/ausstellungstucher\/aluvision-und-bematrix-tucher\/","title":{"rendered":"Aluvision- und beMatrix-T\u00fccher"},"content":{"rendered":"<h3>T\u00fccher f\u00fcr die Aluvision- und beMatrix-Systeme<\/h3>\n<p>Unsere T\u00fccher sind rundum mit einem flachen Silikonkeder versehen, wodurch sie einfach und straff in Ihren Aluvision- oder beMatrix-Rahmen gespannt werden k\u00f6nnen. Diese innovative Befestigungsmethode sorgt f\u00fcr eine m\u00fchelose Installation und ein glattes, professionelles Aussehen.<\/p>\n<h3>Materialien<\/h3>\n<p>Abh\u00e4ngig von Ihren spezifischen Anforderungen an T\u00fccher f\u00fcr unbeleuchtete oder beleuchtete Rahmen bieten wir verschiedene Materialien an.<\/p>\n<p>F\u00fcr <strong>unbeleuchtete<\/strong> <strong>Rahmen<\/strong> haben Sie die Wahl zwischen Blackback Soft und Blackback XL. Blackback Soft ist ein Polyester-Blockout-Tuch mit einer schwarzen R\u00fcckseite, wodurch es perfekt f\u00fcr Situationen geeignet ist, in denen Lichtabsorption und die Minimierung von Hintergrundinterferenzen entscheidend sind. Es ist geruchlos, faltbar und verf\u00fcgt \u00fcber ein B1-Zertifikat f\u00fcr Brandschutz. Blackback XL ist perfekt f\u00fcr Gro\u00dfformatanwendungen und bietet dieselben Vorteile wie Blackback Soft, mit einer schwarzen R\u00fcckseite und B1-Zertifikat.<\/p>\n<p>F\u00fcr <strong>beleuchtete<\/strong> <strong>Rahmen<\/strong> bieten wir lichtdurchl\u00e4ssige T\u00fccher aus dem Material Samba Backlit an. Dieses Polyestertuch ist bekannt f\u00fcr seine intensiven Farben und seine Helligkeit. Es wurde speziell entwickelt, um in beleuchteten Rahmen zu gl\u00e4nzen, sodass Ihre Botschaft immer klar und lebendig zur Geltung kommt. Inklusive B1-Zertifikat f\u00fcr den Brandschutz in \u00f6ffentlichen R\u00e4umen.<\/p>\n<h3>Immer eine perfekte Passform<\/h3>\n<p>Ob Sie sich f\u00fcr Ihr eigenes Design oder ein bestehendes Muster entscheiden, wir sorgen daf\u00fcr, dass Ihr Tuch perfekt passt. Wir ber\u00fccksichtigen abweichende Formate im Vergleich zu Standardrahmen, sodass Sie sich keine Sorgen um die Abmessungen machen m\u00fcssen. Ihr Tuch wird immer genau nach Ma\u00df gefertigt.<\/p>\n<h3>Zubeh\u00f6r<\/h3>\n<p>F\u00fcr eine noch einfachere Installation und perfekte Passform Ihres Tuches bieten wir das praktische E-locktool an. Dieses Werkzeug hilft beim sicheren Fixieren der T\u00fccher im Rahmen, wodurch Ihnen ein perfektes Ergebnis garantiert ist.<\/p>\n<p>Mit unseren Aluvision- und beMatrix-T\u00fcchern sind Sie einer professionellen, sicheren und beeindruckenden Pr\u00e4sentation sicher. Ob Messe, Veranstaltung oder eine andere visuelle Kommunikationsherausforderung \u2013 unsere T\u00fccher sorgen f\u00fcr das perfekte Erscheinungsbild und maximale Wirkung. Lassen Sie Ihre Botschaft erstrahlen, sowohl beleuchtet als auch unbeleuchtet, und hinterlassen Sie einen bleibenden Eindruck bei Ihrem Publikum.<\/p>\n<h3>H\u00e4ufig gestellte Fragen<\/h3>\n<p><strong>M\u00fcssen Sie Abweichungen zwischen dem Aluvision\/beMatrix-Rahmen und einem Standard-Textilrahmen ber\u00fccksichtigen?<\/strong><br \/>\nNein, Sie m\u00fcssen sich keine Sorgen \u00fcber Abweichungen machen. Wir ber\u00fccksichtigen die spezifischen Abmessungen des Aluvision- oder beMatrix-Rahmens. So k\u00f6nnen Sie sicher sein, dass alles perfekt passt.<\/p>\n<p><strong>Welches Material empfehlen wir f\u00fcr diesen Rahmen?<\/strong><br \/>\nWir empfehlen die Wahl eines blockierenden Materials wie Blackback Soft. Dies verhindert das Durchscheinen des Rahmens und sorgt daf\u00fcr, dass Ihr Druck optimal zur Geltung kommt.<\/p>\n","protected":false},"excerpt":{"rendered":"<h3>Das perfekte Tuch f\u00fcr Aluvision- und beMatrix-Rahmen<\/h3>\n<p>Bringen Sie Ihre visuelle Kommunikation auf die n\u00e4chste Stufe mit unseren hochwertigen T\u00fcchern f\u00fcr Aluvision- und beMatrix-Rahmen. Entwickelt f\u00fcr nahtlose Integration und maximale Wirkung, bieten diese T\u00fccher die perfekte L\u00f6sung f\u00fcr sowohl beleuchtete als auch unbeleuchtete Anwendungen.<\/p>\n","protected":false},"featured_media":15340,"template":"","meta":{"_et_pb_use_builder":"","_et_pb_old_content":"","_et_gb_content_width":""},"product_brand":[],"product_cat":[313,902,899],"product_tag":[],"class_list":{"0":"post-15339","1":"product","2":"type-product","3":"status-publish","4":"has-post-thumbnail","6":"product_cat-aufkleber-und-druck","7":"product_cat-ausstellungstucher","8":"product_cat-messe-event","10":"first","11":"instock","12":"taxable","13":"shipping-taxable","14":"purchasable","15":"product-type-simple"},"yoast_head":"<!-- This site is optimized with the Yoast SEO plugin v27.3 - https:\/\/yoast.com\/product\/yoast-seo-wordpress\/ -->\n<title>Aluvision- und beMatrix-T\u00fccher f\u00fcr perfekte Pr\u00e4sentationen<\/title>\n<meta name=\"description\" content=\"Entdecken Sie hochwertige, ma\u00dfgefertigte T\u00fccher f\u00fcr Aluvision- und beMatrix-Rahmen. Schaffen Sie ein gestochen scharfes, professionelles Erscheinungsbild und maximale Wirkung f\u00fcr Ihre Marke.\" \/>\n<meta name=\"robots\" content=\"index, follow, max-snippet:-1, max-image-preview:large, max-video-preview:-1\" \/>\n<link rel=\"canonical\" href=\"https:\/\/www.amstelprinting.nl\/de\/gesch\u00e4ft\/messe-event\/ausstellungstucher\/aluvision-und-bematrix-tucher\/\" \/>\n<meta property=\"og:locale\" content=\"de_DE\" \/>\n<meta property=\"og:type\" content=\"article\" \/>\n<meta property=\"og:title\" content=\"Aluvision- und beMatrix-T\u00fccher f\u00fcr perfekte Pr\u00e4sentationen\" \/>\n<meta property=\"og:description\" content=\"Entdecken Sie hochwertige, ma\u00dfgefertigte T\u00fccher f\u00fcr Aluvision- und beMatrix-Rahmen. Schaffen Sie ein gestochen scharfes, professionelles Erscheinungsbild und maximale Wirkung f\u00fcr Ihre Marke.\" \/>\n<meta property=\"og:url\" content=\"https:\/\/www.amstelprinting.nl\/de\/gesch\u00e4ft\/messe-event\/ausstellungstucher\/aluvision-und-bematrix-tucher\/\" \/>\n<meta property=\"og:site_name\" content=\"Amstel Printing\" \/>\n<meta property=\"article:modified_time\" content=\"2026-02-18T11:54:35+00:00\" \/>\n<meta property=\"og:image\" content=\"https:\/\/www.amstelprinting.nl\/wp-content\/uploads\/Aluvision-en-beMatrix-doeken.jpg\" \/>\n\t<meta property=\"og:image:width\" content=\"700\" \/>\n\t<meta property=\"og:image:height\" content=\"700\" \/>\n\t<meta property=\"og:image:type\" content=\"image\/jpeg\" \/>\n<meta name=\"twitter:card\" content=\"summary_large_image\" \/>\n<meta name=\"twitter:label1\" content=\"Gesch\u00e4tzte Lesezeit\" \/>\n\t<meta name=\"twitter:data1\" content=\"2\u00a0Minuten\" \/>\n<script type=\"application\/ld+json\" class=\"yoast-schema-graph\">{\"@context\":\"https:\\\/\\\/schema.org\",\"@graph\":[{\"@type\":\"WebPage\",\"@id\":\"https:\\\/\\\/www.amstelprinting.nl\\\/de\\\/gesch\u00e4ft\\\/messe-event\\\/ausstellungstucher\\\/aluvision-und-bematrix-tucher\\\/\",\"url\":\"https:\\\/\\\/www.amstelprinting.nl\\\/de\\\/gesch\u00e4ft\\\/messe-event\\\/ausstellungstucher\\\/aluvision-und-bematrix-tucher\\\/\",\"name\":\"Aluvision- und beMatrix-T\u00fccher f\u00fcr perfekte Pr\u00e4sentationen\",\"isPartOf\":{\"@id\":\"https:\\\/\\\/www.amstelprinting.nl\\\/de\\\/#website\"},\"primaryImageOfPage\":{\"@id\":\"https:\\\/\\\/www.amstelprinting.nl\\\/de\\\/gesch\u00e4ft\\\/messe-event\\\/ausstellungstucher\\\/aluvision-und-bematrix-tucher\\\/#primaryimage\"},\"image\":{\"@id\":\"https:\\\/\\\/www.amstelprinting.nl\\\/de\\\/gesch\u00e4ft\\\/messe-event\\\/ausstellungstucher\\\/aluvision-und-bematrix-tucher\\\/#primaryimage\"},\"thumbnailUrl\":\"https:\\\/\\\/www.amstelprinting.nl\\\/wp-content\\\/uploads\\\/Aluvision-en-beMatrix-doeken.jpg\",\"datePublished\":\"2025-01-23T20:02:35+00:00\",\"dateModified\":\"2026-02-18T11:54:35+00:00\",\"description\":\"Entdecken Sie hochwertige, ma\u00dfgefertigte T\u00fccher f\u00fcr Aluvision- und beMatrix-Rahmen. Schaffen Sie ein gestochen scharfes, professionelles Erscheinungsbild und maximale Wirkung f\u00fcr Ihre Marke.\",\"breadcrumb\":{\"@id\":\"https:\\\/\\\/www.amstelprinting.nl\\\/de\\\/gesch\u00e4ft\\\/messe-event\\\/ausstellungstucher\\\/aluvision-und-bematrix-tucher\\\/#breadcrumb\"},\"inLanguage\":\"de\",\"potentialAction\":[{\"@type\":\"ReadAction\",\"target\":[\"https:\\\/\\\/www.amstelprinting.nl\\\/de\\\/gesch\u00e4ft\\\/messe-event\\\/ausstellungstucher\\\/aluvision-und-bematrix-tucher\\\/\"]}]},{\"@type\":\"ImageObject\",\"inLanguage\":\"de\",\"@id\":\"https:\\\/\\\/www.amstelprinting.nl\\\/de\\\/gesch\u00e4ft\\\/messe-event\\\/ausstellungstucher\\\/aluvision-und-bematrix-tucher\\\/#primaryimage\",\"url\":\"https:\\\/\\\/www.amstelprinting.nl\\\/wp-content\\\/uploads\\\/Aluvision-en-beMatrix-doeken.jpg\",\"contentUrl\":\"https:\\\/\\\/www.amstelprinting.nl\\\/wp-content\\\/uploads\\\/Aluvision-en-beMatrix-doeken.jpg\",\"width\":700,\"height\":700},{\"@type\":\"BreadcrumbList\",\"@id\":\"https:\\\/\\\/www.amstelprinting.nl\\\/de\\\/gesch\u00e4ft\\\/messe-event\\\/ausstellungstucher\\\/aluvision-und-bematrix-tucher\\\/#breadcrumb\",\"itemListElement\":[{\"@type\":\"ListItem\",\"position\":1,\"name\":\"\",\"item\":\"https:\\\/\\\/www.amstelprinting.nl\\\/de\\\/\"},{\"@type\":\"ListItem\",\"position\":2,\"name\":\"Amstel Printing\",\"item\":\"https:\\\/\\\/www.amstelprinting.nl\\\/de\\\/geschaeft\\\/\"},{\"@type\":\"ListItem\",\"position\":3,\"name\":\"Messe &amp; Event\",\"item\":\"https:\\\/\\\/www.amstelprinting.nl\\\/de\\\/kategorie\\\/messe-event\\\/\"},{\"@type\":\"ListItem\",\"position\":4,\"name\":\"Ausstellungst\u00fccher\",\"item\":\"https:\\\/\\\/www.amstelprinting.nl\\\/de\\\/kategorie\\\/messe-event\\\/ausstellungstucher\\\/\"},{\"@type\":\"ListItem\",\"position\":5,\"name\":\"Aluvision- und beMatrix-T\u00fccher\"}]},{\"@type\":\"WebSite\",\"@id\":\"https:\\\/\\\/www.amstelprinting.nl\\\/de\\\/#website\",\"url\":\"https:\\\/\\\/www.amstelprinting.nl\\\/de\\\/\",\"name\":\"Amstel Printing\",\"description\":\"Creating Exposure\",\"publisher\":{\"@id\":\"https:\\\/\\\/www.amstelprinting.nl\\\/de\\\/#organization\"},\"potentialAction\":[{\"@type\":\"SearchAction\",\"target\":{\"@type\":\"EntryPoint\",\"urlTemplate\":\"https:\\\/\\\/www.amstelprinting.nl\\\/de\\\/?s={search_term_string}\"},\"query-input\":{\"@type\":\"PropertyValueSpecification\",\"valueRequired\":true,\"valueName\":\"search_term_string\"}}],\"inLanguage\":\"de\"},{\"@type\":\"Organization\",\"@id\":\"https:\\\/\\\/www.amstelprinting.nl\\\/de\\\/#organization\",\"name\":\"Amstel Printing\",\"url\":\"https:\\\/\\\/www.amstelprinting.nl\\\/de\\\/\",\"logo\":{\"@type\":\"ImageObject\",\"inLanguage\":\"de\",\"@id\":\"https:\\\/\\\/www.amstelprinting.nl\\\/de\\\/#\\\/schema\\\/logo\\\/image\\\/\",\"url\":\"https:\\\/\\\/www.amstelprinting.nl\\\/wp-content\\\/uploads\\\/amstel_printing_logo_clean.png\",\"contentUrl\":\"https:\\\/\\\/www.amstelprinting.nl\\\/wp-content\\\/uploads\\\/amstel_printing_logo_clean.png\",\"width\":324,\"height\":73,\"caption\":\"Amstel Printing\"},\"image\":{\"@id\":\"https:\\\/\\\/www.amstelprinting.nl\\\/de\\\/#\\\/schema\\\/logo\\\/image\\\/\"}}]}<\/script>\n<!-- \/ Yoast SEO plugin. -->","yoast_head_json":{"title":"Aluvision- und beMatrix-T\u00fccher f\u00fcr perfekte Pr\u00e4sentationen","description":"Entdecken Sie hochwertige, ma\u00dfgefertigte T\u00fccher f\u00fcr Aluvision- und beMatrix-Rahmen. Schaffen Sie ein gestochen scharfes, professionelles Erscheinungsbild und maximale Wirkung f\u00fcr Ihre Marke.","robots":{"index":"index","follow":"follow","max-snippet":"max-snippet:-1","max-image-preview":"max-image-preview:large","max-video-preview":"max-video-preview:-1"},"canonical":"https:\/\/www.amstelprinting.nl\/de\/gesch\u00e4ft\/messe-event\/ausstellungstucher\/aluvision-und-bematrix-tucher\/","og_locale":"de_DE","og_type":"article","og_title":"Aluvision- und beMatrix-T\u00fccher f\u00fcr perfekte Pr\u00e4sentationen","og_description":"Entdecken Sie hochwertige, ma\u00dfgefertigte T\u00fccher f\u00fcr Aluvision- und beMatrix-Rahmen. Schaffen Sie ein gestochen scharfes, professionelles Erscheinungsbild und maximale Wirkung f\u00fcr Ihre Marke.","og_url":"https:\/\/www.amstelprinting.nl\/de\/gesch\u00e4ft\/messe-event\/ausstellungstucher\/aluvision-und-bematrix-tucher\/","og_site_name":"Amstel Printing","article_modified_time":"2026-02-18T11:54:35+00:00","og_image":[{"width":700,"height":700,"url":"https:\/\/www.amstelprinting.nl\/wp-content\/uploads\/Aluvision-en-beMatrix-doeken.jpg","type":"image\/jpeg"}],"twitter_card":"summary_large_image","twitter_misc":{"Gesch\u00e4tzte Lesezeit":"2\u00a0Minuten"},"schema":{"@context":"https:\/\/schema.org","@graph":[{"@type":"WebPage","@id":"https:\/\/www.amstelprinting.nl\/de\/gesch\u00e4ft\/messe-event\/ausstellungstucher\/aluvision-und-bematrix-tucher\/","url":"https:\/\/www.amstelprinting.nl\/de\/gesch\u00e4ft\/messe-event\/ausstellungstucher\/aluvision-und-bematrix-tucher\/","name":"Aluvision- und beMatrix-T\u00fccher f\u00fcr perfekte Pr\u00e4sentationen","isPartOf":{"@id":"https:\/\/www.amstelprinting.nl\/de\/#website"},"primaryImageOfPage":{"@id":"https:\/\/www.amstelprinting.nl\/de\/gesch\u00e4ft\/messe-event\/ausstellungstucher\/aluvision-und-bematrix-tucher\/#primaryimage"},"image":{"@id":"https:\/\/www.amstelprinting.nl\/de\/gesch\u00e4ft\/messe-event\/ausstellungstucher\/aluvision-und-bematrix-tucher\/#primaryimage"},"thumbnailUrl":"https:\/\/www.amstelprinting.nl\/wp-content\/uploads\/Aluvision-en-beMatrix-doeken.jpg","datePublished":"2025-01-23T20:02:35+00:00","dateModified":"2026-02-18T11:54:35+00:00","description":"Entdecken Sie hochwertige, ma\u00dfgefertigte T\u00fccher f\u00fcr Aluvision- und beMatrix-Rahmen. Schaffen Sie ein gestochen scharfes, professionelles Erscheinungsbild und maximale Wirkung f\u00fcr Ihre Marke.","breadcrumb":{"@id":"https:\/\/www.amstelprinting.nl\/de\/gesch\u00e4ft\/messe-event\/ausstellungstucher\/aluvision-und-bematrix-tucher\/#breadcrumb"},"inLanguage":"de","potentialAction":[{"@type":"ReadAction","target":["https:\/\/www.amstelprinting.nl\/de\/gesch\u00e4ft\/messe-event\/ausstellungstucher\/aluvision-und-bematrix-tucher\/"]}]},{"@type":"ImageObject","inLanguage":"de","@id":"https:\/\/www.amstelprinting.nl\/de\/gesch\u00e4ft\/messe-event\/ausstellungstucher\/aluvision-und-bematrix-tucher\/#primaryimage","url":"https:\/\/www.amstelprinting.nl\/wp-content\/uploads\/Aluvision-en-beMatrix-doeken.jpg","contentUrl":"https:\/\/www.amstelprinting.nl\/wp-content\/uploads\/Aluvision-en-beMatrix-doeken.jpg","width":700,"height":700},{"@type":"BreadcrumbList","@id":"https:\/\/www.amstelprinting.nl\/de\/gesch\u00e4ft\/messe-event\/ausstellungstucher\/aluvision-und-bematrix-tucher\/#breadcrumb","itemListElement":[{"@type":"ListItem","position":1,"name":"","item":"https:\/\/www.amstelprinting.nl\/de\/"},{"@type":"ListItem","position":2,"name":"Amstel Printing","item":"https:\/\/www.amstelprinting.nl\/de\/geschaeft\/"},{"@type":"ListItem","position":3,"name":"Messe &amp; Event","item":"https:\/\/www.amstelprinting.nl\/de\/kategorie\/messe-event\/"},{"@type":"ListItem","position":4,"name":"Ausstellungst\u00fccher","item":"https:\/\/www.amstelprinting.nl\/de\/kategorie\/messe-event\/ausstellungstucher\/"},{"@type":"ListItem","position":5,"name":"Aluvision- und beMatrix-T\u00fccher"}]},{"@type":"WebSite","@id":"https:\/\/www.amstelprinting.nl\/de\/#website","url":"https:\/\/www.amstelprinting.nl\/de\/","name":"Amstel Printing","description":"Creating Exposure","publisher":{"@id":"https:\/\/www.amstelprinting.nl\/de\/#organization"},"potentialAction":[{"@type":"SearchAction","target":{"@type":"EntryPoint","urlTemplate":"https:\/\/www.amstelprinting.nl\/de\/?s={search_term_string}"},"query-input":{"@type":"PropertyValueSpecification","valueRequired":true,"valueName":"search_term_string"}}],"inLanguage":"de"},{"@type":"Organization","@id":"https:\/\/www.amstelprinting.nl\/de\/#organization","name":"Amstel Printing","url":"https:\/\/www.amstelprinting.nl\/de\/","logo":{"@type":"ImageObject","inLanguage":"de","@id":"https:\/\/www.amstelprinting.nl\/de\/#\/schema\/logo\/image\/","url":"https:\/\/www.amstelprinting.nl\/wp-content\/uploads\/amstel_printing_logo_clean.png","contentUrl":"https:\/\/www.amstelprinting.nl\/wp-content\/uploads\/amstel_printing_logo_clean.png","width":324,"height":73,"caption":"Amstel Printing"},"image":{"@id":"https:\/\/www.amstelprinting.nl\/de\/#\/schema\/logo\/image\/"}}]}},"_links":{"self":[{"href":"https:\/\/www.amstelprinting.nl\/de\/wp-json\/wp\/v2\/product\/15339","targetHints":{"allow":["GET"]}}],"collection":[{"href":"https:\/\/www.amstelprinting.nl\/de\/wp-json\/wp\/v2\/product"}],"about":[{"href":"https:\/\/www.amstelprinting.nl\/de\/wp-json\/wp\/v2\/types\/product"}],"wp:featuredmedia":[{"embeddable":true,"href":"https:\/\/www.amstelprinting.nl\/de\/wp-json\/wp\/v2\/media\/15340"}],"wp:attachment":[{"href":"https:\/\/www.amstelprinting.nl\/de\/wp-json\/wp\/v2\/media?parent=15339"}],"wp:term":[{"taxonomy":"product_brand","embeddable":true,"href":"https:\/\/www.amstelprinting.nl\/de\/wp-json\/wp\/v2\/product_brand?post=15339"},{"taxonomy":"product_cat","embeddable":true,"href":"https:\/\/www.amstelprinting.nl\/de\/wp-json\/wp\/v2\/product_cat?post=15339"},{"taxonomy":"product_tag","embeddable":true,"href":"https:\/\/www.amstelprinting.nl\/de\/wp-json\/wp\/v2\/product_tag?post=15339"}],"curies":[{"name":"wp","href":"https:\/\/api.w.org\/{rel}","templated":true}]}}