{"id":15351,"date":"2025-01-23T21:02:25","date_gmt":"2025-01-23T20:02:25","guid":{"rendered":"https:\/\/www.amstelprinting.nl\/winkel\/unkategorisiert\/draagtas\/"},"modified":"2026-02-18T12:54:36","modified_gmt":"2026-02-18T11:54:36","slug":"tragetasche","status":"publish","type":"product","link":"https:\/\/www.amstelprinting.nl\/de\/gesch\u00e4ft\/innere\/haus-gastronomie\/tragetasche\/","title":{"rendered":"Tragetasche"},"content":{"rendered":"<h3>Tragetaschen mit eigenem Logo oder Design bedrucken<\/h3>\n<p>Mit unseren bedruckten Tragetaschen k\u00f6nnen Sie einen einzigartigen und pers\u00f6nlichen Stil kreieren, der perfekt zu Ihrer Markenidentit\u00e4t passt. F\u00fcgen Sie Ihren eigenen Aufdruck oder Ihr Logo hinzu und setzen Sie ein Statement, egal wohin Sie gehen. Ob f\u00fcr Sie selbst oder als Werbematerial f\u00fcr Ihr Unternehmen, diese Tragetaschen sind die ideale Wahl f\u00fcr alle, die Funktionalit\u00e4t und Design kombinieren m\u00f6chten.<\/p>\n<h3>Warum bedruckte Tragetaschen bestellen?<\/h3>\n<ul>\n<li>In verschiedenen Formaten und Materialien erh\u00e4ltlich<\/li>\n<li>Mit einem stabilen Tragegriff versehen<\/li>\n<li>W\u00e4hlen Sie Ihr eigenes Design oder ein bestehendes Muster<\/li>\n<li>Waschbar bei 30 Grad<\/li>\n<\/ul>\n<p>&nbsp;<\/p>\n<h3>Formate und Materialien<\/h3>\n<p>Unsere Tragetaschen sind in den Formaten 40 x 40 cm, 45 x 45 cm, 50 x 40 cm und 40 x 50 cm erh\u00e4ltlich. Dar\u00fcber hinaus sind unsere Taschen in zwei hochwertigen Materialien verf\u00fcgbar. Der Kendal-Stoff, hergestellt aus 100 % Polyester mit einer K\u00f6perbindung, bietet eine glatte und elegante Oberfl\u00e4che mit einer subtilen Textur. Dieses Material verleiht Ihrer Tasche ein luxuri\u00f6ses Aussehen, das sowohl stilvoll als auch funktional ist. F\u00fcr eine robuste und langlebige Option w\u00e4hlen Sie den Structex-Stoff. Dieser strukturierte, schwere Polyesterstoff hat eine Baumwolloptik und ist f\u00fcr den intensiven Gebrauch konzipiert. Au\u00dferdem verf\u00fcgt Structex \u00fcber ein B1-Brandschutzzertifikat, was bedeutet, dass das Material dieser Tragetaschen flammhemmend und somit besonders sicher ist.<\/p>\n<h3>Veredelung unserer Tragetaschen<\/h3>\n<p>Die Tragetaschen sind mit stabilen Henkeln versehen, erh\u00e4ltlich in Wei\u00df oder Schwarz, die 4 cm breit und 66 cm lang sind. Diese Henkel bieten ein angenehmes Trageerlebnis, auch bei l\u00e4ngerem Gebrauch. Die N\u00e4hte der Tasche k\u00f6nnen zudem auf Ihr Design abgestimmt werden, wobei Sie f\u00fcr ein perfektes Finish zwischen wei\u00dfem oder schwarzem Garn w\u00e4hlen k\u00f6nnen. Zudem sind die Taschen bei 30 Grad waschbar, wodurch sie leicht sauber zu halten sind und somit immer frisch aussehen.<\/p>\n","protected":false},"excerpt":{"rendered":"<h3>Hand- oder Umh\u00e4ngetasche bedrucken<\/h3>\n<p>Starke Tragetasche mit Ihrem eigenen, gestochen scharfen Full-Color-Druck! W\u00e4hlen Sie aus einer Reihe von Standardformaten. Die Farbe der Henkel und des Garns k\u00f6nnen Sie ebenfalls selbst bestimmen. Laden Sie Ihr eigenes Design hoch oder w\u00e4hlen Sie aus einem unserer 20.000 Standardmuster. Stellen Sie unten Ihre bedruckte Tragetasche in wenigen Schritten zusammen.<\/p>\n","protected":false},"featured_media":15353,"template":"","meta":{"_et_pb_use_builder":"","_et_pb_old_content":"","_et_gb_content_width":""},"product_brand":[],"product_cat":[900,945,947,899],"product_tag":[],"class_list":{"0":"post-15351","1":"product","2":"type-product","3":"status-publish","4":"has-post-thumbnail","6":"product_cat-dekoration","7":"product_cat-haus-gastronomie","8":"product_cat-innere","9":"product_cat-messe-event","11":"first","12":"instock","13":"taxable","14":"shipping-taxable","15":"purchasable","16":"product-type-simple"},"yoast_head":"<!-- This site is optimized with the Yoast SEO plugin v27.3 - https:\/\/yoast.com\/product\/yoast-seo-wordpress\/ -->\n<title>Tragetasche | Amstel Printing<\/title>\n<meta name=\"robots\" content=\"index, follow, max-snippet:-1, max-image-preview:large, max-video-preview:-1\" \/>\n<link rel=\"canonical\" href=\"https:\/\/www.amstelprinting.nl\/de\/gesch\u00e4ft\/innere\/haus-gastronomie\/tragetasche\/\" \/>\n<meta property=\"og:locale\" content=\"de_DE\" \/>\n<meta property=\"og:type\" content=\"article\" \/>\n<meta property=\"og:title\" content=\"Tragetasche | Amstel Printing\" \/>\n<meta property=\"og:description\" content=\"Hand- oder Umh\u00e4ngetasche bedrucken Starke Tragetasche mit Ihrem eigenen, gestochen scharfen Full-Color-Druck! W\u00e4hlen Sie aus einer Reihe von Standardformaten. Die Farbe der Henkel und des Garns k\u00f6nnen Sie ebenfalls selbst bestimmen. Laden Sie Ihr eigenes Design hoch oder w\u00e4hlen Sie aus einem unserer 20.000 Standardmuster. Stellen Sie unten Ihre bedruckte Tragetasche in wenigen Schritten zusammen.\" \/>\n<meta property=\"og:url\" content=\"https:\/\/www.amstelprinting.nl\/de\/gesch\u00e4ft\/innere\/haus-gastronomie\/tragetasche\/\" \/>\n<meta property=\"og:site_name\" content=\"Amstel Printing\" \/>\n<meta property=\"article:modified_time\" content=\"2026-02-18T11:54:36+00:00\" \/>\n<meta property=\"og:image\" content=\"https:\/\/www.amstelprinting.nl\/wp-content\/uploads\/Draagtas2.jpg\" \/>\n\t<meta property=\"og:image:width\" content=\"700\" \/>\n\t<meta property=\"og:image:height\" content=\"700\" \/>\n\t<meta property=\"og:image:type\" content=\"image\/jpeg\" \/>\n<meta name=\"twitter:card\" content=\"summary_large_image\" \/>\n<meta name=\"twitter:label1\" content=\"Gesch\u00e4tzte Lesezeit\" \/>\n\t<meta name=\"twitter:data1\" content=\"2\u00a0Minuten\" \/>\n<script type=\"application\/ld+json\" class=\"yoast-schema-graph\">{\"@context\":\"https:\\\/\\\/schema.org\",\"@graph\":[{\"@type\":\"WebPage\",\"@id\":\"https:\\\/\\\/www.amstelprinting.nl\\\/de\\\/gesch\u00e4ft\\\/innere\\\/haus-gastronomie\\\/tragetasche\\\/\",\"url\":\"https:\\\/\\\/www.amstelprinting.nl\\\/de\\\/gesch\u00e4ft\\\/innere\\\/haus-gastronomie\\\/tragetasche\\\/\",\"name\":\"Tragetasche | Amstel Printing\",\"isPartOf\":{\"@id\":\"https:\\\/\\\/www.amstelprinting.nl\\\/de\\\/#website\"},\"primaryImageOfPage\":{\"@id\":\"https:\\\/\\\/www.amstelprinting.nl\\\/de\\\/gesch\u00e4ft\\\/innere\\\/haus-gastronomie\\\/tragetasche\\\/#primaryimage\"},\"image\":{\"@id\":\"https:\\\/\\\/www.amstelprinting.nl\\\/de\\\/gesch\u00e4ft\\\/innere\\\/haus-gastronomie\\\/tragetasche\\\/#primaryimage\"},\"thumbnailUrl\":\"https:\\\/\\\/www.amstelprinting.nl\\\/wp-content\\\/uploads\\\/Draagtas2.jpg\",\"datePublished\":\"2025-01-23T20:02:25+00:00\",\"dateModified\":\"2026-02-18T11:54:36+00:00\",\"breadcrumb\":{\"@id\":\"https:\\\/\\\/www.amstelprinting.nl\\\/de\\\/gesch\u00e4ft\\\/innere\\\/haus-gastronomie\\\/tragetasche\\\/#breadcrumb\"},\"inLanguage\":\"de\",\"potentialAction\":[{\"@type\":\"ReadAction\",\"target\":[\"https:\\\/\\\/www.amstelprinting.nl\\\/de\\\/gesch\u00e4ft\\\/innere\\\/haus-gastronomie\\\/tragetasche\\\/\"]}]},{\"@type\":\"ImageObject\",\"inLanguage\":\"de\",\"@id\":\"https:\\\/\\\/www.amstelprinting.nl\\\/de\\\/gesch\u00e4ft\\\/innere\\\/haus-gastronomie\\\/tragetasche\\\/#primaryimage\",\"url\":\"https:\\\/\\\/www.amstelprinting.nl\\\/wp-content\\\/uploads\\\/Draagtas2.jpg\",\"contentUrl\":\"https:\\\/\\\/www.amstelprinting.nl\\\/wp-content\\\/uploads\\\/Draagtas2.jpg\",\"width\":700,\"height\":700},{\"@type\":\"BreadcrumbList\",\"@id\":\"https:\\\/\\\/www.amstelprinting.nl\\\/de\\\/gesch\u00e4ft\\\/innere\\\/haus-gastronomie\\\/tragetasche\\\/#breadcrumb\",\"itemListElement\":[{\"@type\":\"ListItem\",\"position\":1,\"name\":\"\",\"item\":\"https:\\\/\\\/www.amstelprinting.nl\\\/de\\\/\"},{\"@type\":\"ListItem\",\"position\":2,\"name\":\"Amstel Printing\",\"item\":\"https:\\\/\\\/www.amstelprinting.nl\\\/de\\\/geschaeft\\\/\"},{\"@type\":\"ListItem\",\"position\":3,\"name\":\"Messe &amp; Event\",\"item\":\"https:\\\/\\\/www.amstelprinting.nl\\\/de\\\/kategorie\\\/messe-event\\\/\"},{\"@type\":\"ListItem\",\"position\":4,\"name\":\"Dekoration\",\"item\":\"https:\\\/\\\/www.amstelprinting.nl\\\/de\\\/kategorie\\\/messe-event\\\/dekoration\\\/\"},{\"@type\":\"ListItem\",\"position\":5,\"name\":\"Tragetasche\"}]},{\"@type\":\"WebSite\",\"@id\":\"https:\\\/\\\/www.amstelprinting.nl\\\/de\\\/#website\",\"url\":\"https:\\\/\\\/www.amstelprinting.nl\\\/de\\\/\",\"name\":\"Amstel Printing\",\"description\":\"Creating Exposure\",\"publisher\":{\"@id\":\"https:\\\/\\\/www.amstelprinting.nl\\\/de\\\/#organization\"},\"potentialAction\":[{\"@type\":\"SearchAction\",\"target\":{\"@type\":\"EntryPoint\",\"urlTemplate\":\"https:\\\/\\\/www.amstelprinting.nl\\\/de\\\/?s={search_term_string}\"},\"query-input\":{\"@type\":\"PropertyValueSpecification\",\"valueRequired\":true,\"valueName\":\"search_term_string\"}}],\"inLanguage\":\"de\"},{\"@type\":\"Organization\",\"@id\":\"https:\\\/\\\/www.amstelprinting.nl\\\/de\\\/#organization\",\"name\":\"Amstel Printing\",\"url\":\"https:\\\/\\\/www.amstelprinting.nl\\\/de\\\/\",\"logo\":{\"@type\":\"ImageObject\",\"inLanguage\":\"de\",\"@id\":\"https:\\\/\\\/www.amstelprinting.nl\\\/de\\\/#\\\/schema\\\/logo\\\/image\\\/\",\"url\":\"https:\\\/\\\/www.amstelprinting.nl\\\/wp-content\\\/uploads\\\/amstel_printing_logo_clean.png\",\"contentUrl\":\"https:\\\/\\\/www.amstelprinting.nl\\\/wp-content\\\/uploads\\\/amstel_printing_logo_clean.png\",\"width\":324,\"height\":73,\"caption\":\"Amstel Printing\"},\"image\":{\"@id\":\"https:\\\/\\\/www.amstelprinting.nl\\\/de\\\/#\\\/schema\\\/logo\\\/image\\\/\"}}]}<\/script>\n<!-- \/ Yoast SEO plugin. -->","yoast_head_json":{"title":"Tragetasche | Amstel Printing","robots":{"index":"index","follow":"follow","max-snippet":"max-snippet:-1","max-image-preview":"max-image-preview:large","max-video-preview":"max-video-preview:-1"},"canonical":"https:\/\/www.amstelprinting.nl\/de\/gesch\u00e4ft\/innere\/haus-gastronomie\/tragetasche\/","og_locale":"de_DE","og_type":"article","og_title":"Tragetasche | Amstel Printing","og_description":"Hand- oder Umh\u00e4ngetasche bedrucken Starke Tragetasche mit Ihrem eigenen, gestochen scharfen Full-Color-Druck! W\u00e4hlen Sie aus einer Reihe von Standardformaten. Die Farbe der Henkel und des Garns k\u00f6nnen Sie ebenfalls selbst bestimmen. Laden Sie Ihr eigenes Design hoch oder w\u00e4hlen Sie aus einem unserer 20.000 Standardmuster. Stellen Sie unten Ihre bedruckte Tragetasche in wenigen Schritten zusammen.","og_url":"https:\/\/www.amstelprinting.nl\/de\/gesch\u00e4ft\/innere\/haus-gastronomie\/tragetasche\/","og_site_name":"Amstel Printing","article_modified_time":"2026-02-18T11:54:36+00:00","og_image":[{"width":700,"height":700,"url":"https:\/\/www.amstelprinting.nl\/wp-content\/uploads\/Draagtas2.jpg","type":"image\/jpeg"}],"twitter_card":"summary_large_image","twitter_misc":{"Gesch\u00e4tzte Lesezeit":"2\u00a0Minuten"},"schema":{"@context":"https:\/\/schema.org","@graph":[{"@type":"WebPage","@id":"https:\/\/www.amstelprinting.nl\/de\/gesch\u00e4ft\/innere\/haus-gastronomie\/tragetasche\/","url":"https:\/\/www.amstelprinting.nl\/de\/gesch\u00e4ft\/innere\/haus-gastronomie\/tragetasche\/","name":"Tragetasche | Amstel Printing","isPartOf":{"@id":"https:\/\/www.amstelprinting.nl\/de\/#website"},"primaryImageOfPage":{"@id":"https:\/\/www.amstelprinting.nl\/de\/gesch\u00e4ft\/innere\/haus-gastronomie\/tragetasche\/#primaryimage"},"image":{"@id":"https:\/\/www.amstelprinting.nl\/de\/gesch\u00e4ft\/innere\/haus-gastronomie\/tragetasche\/#primaryimage"},"thumbnailUrl":"https:\/\/www.amstelprinting.nl\/wp-content\/uploads\/Draagtas2.jpg","datePublished":"2025-01-23T20:02:25+00:00","dateModified":"2026-02-18T11:54:36+00:00","breadcrumb":{"@id":"https:\/\/www.amstelprinting.nl\/de\/gesch\u00e4ft\/innere\/haus-gastronomie\/tragetasche\/#breadcrumb"},"inLanguage":"de","potentialAction":[{"@type":"ReadAction","target":["https:\/\/www.amstelprinting.nl\/de\/gesch\u00e4ft\/innere\/haus-gastronomie\/tragetasche\/"]}]},{"@type":"ImageObject","inLanguage":"de","@id":"https:\/\/www.amstelprinting.nl\/de\/gesch\u00e4ft\/innere\/haus-gastronomie\/tragetasche\/#primaryimage","url":"https:\/\/www.amstelprinting.nl\/wp-content\/uploads\/Draagtas2.jpg","contentUrl":"https:\/\/www.amstelprinting.nl\/wp-content\/uploads\/Draagtas2.jpg","width":700,"height":700},{"@type":"BreadcrumbList","@id":"https:\/\/www.amstelprinting.nl\/de\/gesch\u00e4ft\/innere\/haus-gastronomie\/tragetasche\/#breadcrumb","itemListElement":[{"@type":"ListItem","position":1,"name":"","item":"https:\/\/www.amstelprinting.nl\/de\/"},{"@type":"ListItem","position":2,"name":"Amstel Printing","item":"https:\/\/www.amstelprinting.nl\/de\/geschaeft\/"},{"@type":"ListItem","position":3,"name":"Messe &amp; Event","item":"https:\/\/www.amstelprinting.nl\/de\/kategorie\/messe-event\/"},{"@type":"ListItem","position":4,"name":"Dekoration","item":"https:\/\/www.amstelprinting.nl\/de\/kategorie\/messe-event\/dekoration\/"},{"@type":"ListItem","position":5,"name":"Tragetasche"}]},{"@type":"WebSite","@id":"https:\/\/www.amstelprinting.nl\/de\/#website","url":"https:\/\/www.amstelprinting.nl\/de\/","name":"Amstel Printing","description":"Creating Exposure","publisher":{"@id":"https:\/\/www.amstelprinting.nl\/de\/#organization"},"potentialAction":[{"@type":"SearchAction","target":{"@type":"EntryPoint","urlTemplate":"https:\/\/www.amstelprinting.nl\/de\/?s={search_term_string}"},"query-input":{"@type":"PropertyValueSpecification","valueRequired":true,"valueName":"search_term_string"}}],"inLanguage":"de"},{"@type":"Organization","@id":"https:\/\/www.amstelprinting.nl\/de\/#organization","name":"Amstel Printing","url":"https:\/\/www.amstelprinting.nl\/de\/","logo":{"@type":"ImageObject","inLanguage":"de","@id":"https:\/\/www.amstelprinting.nl\/de\/#\/schema\/logo\/image\/","url":"https:\/\/www.amstelprinting.nl\/wp-content\/uploads\/amstel_printing_logo_clean.png","contentUrl":"https:\/\/www.amstelprinting.nl\/wp-content\/uploads\/amstel_printing_logo_clean.png","width":324,"height":73,"caption":"Amstel Printing"},"image":{"@id":"https:\/\/www.amstelprinting.nl\/de\/#\/schema\/logo\/image\/"}}]}},"_links":{"self":[{"href":"https:\/\/www.amstelprinting.nl\/de\/wp-json\/wp\/v2\/product\/15351","targetHints":{"allow":["GET"]}}],"collection":[{"href":"https:\/\/www.amstelprinting.nl\/de\/wp-json\/wp\/v2\/product"}],"about":[{"href":"https:\/\/www.amstelprinting.nl\/de\/wp-json\/wp\/v2\/types\/product"}],"wp:featuredmedia":[{"embeddable":true,"href":"https:\/\/www.amstelprinting.nl\/de\/wp-json\/wp\/v2\/media\/15353"}],"wp:attachment":[{"href":"https:\/\/www.amstelprinting.nl\/de\/wp-json\/wp\/v2\/media?parent=15351"}],"wp:term":[{"taxonomy":"product_brand","embeddable":true,"href":"https:\/\/www.amstelprinting.nl\/de\/wp-json\/wp\/v2\/product_brand?post=15351"},{"taxonomy":"product_cat","embeddable":true,"href":"https:\/\/www.amstelprinting.nl\/de\/wp-json\/wp\/v2\/product_cat?post=15351"},{"taxonomy":"product_tag","embeddable":true,"href":"https:\/\/www.amstelprinting.nl\/de\/wp-json\/wp\/v2\/product_tag?post=15351"}],"curies":[{"name":"wp","href":"https:\/\/api.w.org\/{rel}","templated":true}]}}