{"id":15366,"date":"2025-01-23T21:02:19","date_gmt":"2025-01-23T20:02:19","guid":{"rendered":"https:\/\/www.amstelprinting.nl\/winkel\/unkategorisiert\/sierkussen\/"},"modified":"2026-02-18T12:54:37","modified_gmt":"2026-02-18T11:54:37","slug":"zierkissen","status":"publish","type":"product","link":"https:\/\/www.amstelprinting.nl\/de\/gesch\u00e4ft\/innere\/haus-gastronomie\/zierkissen\/","title":{"rendered":"Zierkissen"},"content":{"rendered":"<h3>Zierkissen mit eigenem Druck<\/h3>\n<p>Unsere Zierkissen sind nicht nur funktional, sondern auch ein wundersch\u00f6nes dekoratives Element in Ihrem Zuhause. Mit verschiedenen Formaten, hochwertigen Materialien und der M\u00f6glichkeit zur pers\u00f6nlichen Anpassung schaffen Sie eine einzigartige Atmosph\u00e4re, die zu Ihnen passt. Entscheiden Sie sich f\u00fcr Luxus und Stil mit unseren Zierkissen und verleihen Sie Ihrem Interieur den letzten Schliff, den es verdient!<\/p>\n<h3>Warum Zierkissen bedrucken?<\/h3>\n<ul>\n<li>Auswahl aus sechs Formaten<\/li>\n<li>Materialien f\u00fcr den Innen- und Au\u00dfenbereich<\/li>\n<li>Personalisieren Sie mit Ihrem eigenen Label<\/li>\n<li>W\u00e4hlen Sie eine Rei\u00dfverschlussfarbe Ihrer Wahl<\/li>\n<li>Waschbar bei 30 Grad<\/li>\n<\/ul>\n<p>&nbsp;<\/p>\n<h3>Formate und Materialien<\/h3>\n<p>Unser Zierkissen ist in 6 verschiedenen Formaten erh\u00e4ltlich. Au\u00dferdem haben Sie die Wahl zwischen sieben hochwertigen Materialien f\u00fcr den Innenbereich und einem wasserabweisenden Material f\u00fcr den Au\u00dfenbereich.<\/p>\n<ul>\n<li><strong>Pro Cotton Satin<\/strong>: Diese fein gewebte Baumwolle mit Satinglanz verleiht Ihrem Kissen eine luxuri\u00f6se Ausstrahlung. Perfekt f\u00fcr ein schickes und elegantes Finish.<\/li>\n<li><strong>Pro Cotton Perkal<\/strong>: Mit einer hohen Webdichte bietet dieser Stoff zus\u00e4tzliche Festigkeit und Langlebigkeit, ideal f\u00fcr den t\u00e4glichen Gebrauch.<\/li>\n<li><strong>Dekostoff<\/strong>: Dieser geschmeidige Polyesterstoff hat eine feine Struktur und eine kraftvolle Ausstrahlung. Ausgestattet mit einem B1-Zertifikat f\u00fcr Brandschutz.<\/li>\n<li><strong>Structex<\/strong>: Dieser hochwertige, schwere Polyesterstoff hat eine luxuri\u00f6se Baumwolloptik und ist somit eine raffinierte und stilvolle Erg\u00e4nzung f\u00fcr Ihr Interieur. Ausgestattet mit einem B1-Zertifikat f\u00fcr Brandschutz.<\/li>\n<li><strong>Velours<\/strong>: Hochwertiges Polyester mit kurzem Flor sorgt f\u00fcr eine samtweiche Optik, perfekt f\u00fcr eine elegante Pr\u00e4sentation.<\/li>\n<li><strong>Mezo<\/strong>: Diese schwere Baumwollqualit\u00e4t mit einer robusten und nat\u00fcrlichen Webstruktur verleiht Ihrem Raum Charakter und Textur.<\/li>\n<li><strong>Kendal<\/strong>: Bekannt f\u00fcr seine Langlebigkeit und Vielseitigkeit; dieser Stoff h\u00e4lt dem t\u00e4glichen Gebrauch stand und beh\u00e4lt lange Zeit seine Farbe und Form.<\/li>\n<li><strong>ProPES Outdoor<\/strong>: Wasserabweisendes und verschlei\u00dffestes Material, perfekt f\u00fcr den Au\u00dfeneinsatz.<\/li>\n<\/ul>\n<p>&nbsp;<\/p>\n<h3>Veredelung bedruckter Zierkissen<\/h3>\n<p>Ob Sie einen eigenen Entwurf haben oder sich f\u00fcr ein bestehendes Muster entscheiden, Ihrer Kreativit\u00e4t sind keine Grenzen gesetzt. F\u00fcgen Sie ein eigenes Label f\u00fcr ein professionelles Erscheinungsbild hinzu. Dieses Label besteht aus dem gleichen Material wie das Kissen. Sie k\u00f6nnen zwischen wei\u00dfem oder schwarzem Garn und einem Rei\u00dfverschluss in Wei\u00df, Schwarz oder Gold w\u00e4hlen. Dies bietet Ihnen die M\u00f6glichkeit, Ihre Kissen vollst\u00e4ndig auf Ihr Interieur abzustimmen.<\/p>\n<h3>H\u00e4ufig gestellte Fragen zu bedruckten Kissenbez\u00fcgen<\/h3>\n<p><strong>Kann ich ein Zierkissen mit einem Label versehen?<\/strong><br \/>\nJa, das ist m\u00f6glich! W\u00e4hrend des Bestellvorgangs k\u00f6nnen Sie bei bestimmten Materialien ein Zierkissen mit Label w\u00e4hlen. Wir haben spezielle Vorlagen zur Verf\u00fcgung gestellt, die Sie unter den Downloads finden.<\/p>\n<p><strong>Wird das Kissen vakuumverpackt?<\/strong><br \/>\nNein, das Kissen wird nicht vakuumverpackt. Dies geschieht, um Falten zu vermeiden und sicherzustellen, dass das Kissen in optimalem Zustand ankommt.<\/p>\n<p><strong>Kann dieses Produkt gewaschen werden?<\/strong><br \/>\nJa, das ist kein Problem. Die Kissen k\u00f6nnen bei 30 Grad Celsius gewaschen werden, sogar inklusive der F\u00fcllung.<\/p>\n","protected":false},"excerpt":{"rendered":"<h3>Mit einem wundersch\u00f6nen Druck versehen.<\/h3>\n<p>Zierkissen mit eigenem Logo oder Design bedrucken? Bringen Sie Stil und Komfort in Ihren Wohnbereich mit unseren hochwertigen bedruckten Zierkissen. Egal, ob Sie ein komplettes Zierkissen, nur einen Bezug oder nur die F\u00fcllung suchen. W\u00e4hlen Sie eine Gr\u00f6\u00dfe nach Wunsch. Auch die Rei\u00dfverschlussfarbe k\u00f6nnen Sie selbst bestimmen! Stellen Sie unten in wenigen Schritten Ihren Kissenbezug mit eigenem Aufdruck zusammen.<\/p>\n","protected":false},"featured_media":15368,"template":"","meta":{"_et_pb_use_builder":"","_et_pb_old_content":"","_et_gb_content_width":""},"product_brand":[],"product_cat":[945,947],"product_tag":[],"class_list":{"0":"post-15366","1":"product","2":"type-product","3":"status-publish","4":"has-post-thumbnail","6":"product_cat-haus-gastronomie","7":"product_cat-innere","9":"first","10":"instock","11":"taxable","12":"shipping-taxable","13":"purchasable","14":"product-type-simple"},"yoast_head":"<!-- This site is optimized with the Yoast SEO plugin v27.3 - https:\/\/yoast.com\/product\/yoast-seo-wordpress\/ -->\n<title>Zierkissen | Amstel Printing<\/title>\n<meta name=\"robots\" content=\"index, follow, max-snippet:-1, max-image-preview:large, max-video-preview:-1\" \/>\n<link rel=\"canonical\" href=\"https:\/\/www.amstelprinting.nl\/de\/gesch\u00e4ft\/innere\/haus-gastronomie\/zierkissen\/\" \/>\n<meta property=\"og:locale\" content=\"de_DE\" \/>\n<meta property=\"og:type\" content=\"article\" \/>\n<meta property=\"og:title\" content=\"Zierkissen | Amstel Printing\" \/>\n<meta property=\"og:description\" content=\"Mit einem wundersch\u00f6nen Druck versehen. Zierkissen mit eigenem Logo oder Design bedrucken? Bringen Sie Stil und Komfort in Ihren Wohnbereich mit unseren hochwertigen bedruckten Zierkissen. Egal, ob Sie ein komplettes Zierkissen, nur einen Bezug oder nur die F\u00fcllung suchen. W\u00e4hlen Sie eine Gr\u00f6\u00dfe nach Wunsch. Auch die Rei\u00dfverschlussfarbe k\u00f6nnen Sie selbst bestimmen! Stellen Sie unten in wenigen Schritten Ihren Kissenbezug mit eigenem Aufdruck zusammen.\" \/>\n<meta property=\"og:url\" content=\"https:\/\/www.amstelprinting.nl\/de\/gesch\u00e4ft\/innere\/haus-gastronomie\/zierkissen\/\" \/>\n<meta property=\"og:site_name\" content=\"Amstel Printing\" \/>\n<meta property=\"article:modified_time\" content=\"2026-02-18T11:54:37+00:00\" \/>\n<meta property=\"og:image\" content=\"https:\/\/www.amstelprinting.nl\/wp-content\/uploads\/Sierkussen3.jpg\" \/>\n\t<meta property=\"og:image:width\" content=\"700\" \/>\n\t<meta property=\"og:image:height\" content=\"700\" \/>\n\t<meta property=\"og:image:type\" content=\"image\/jpeg\" \/>\n<meta name=\"twitter:card\" content=\"summary_large_image\" \/>\n<meta name=\"twitter:label1\" content=\"Gesch\u00e4tzte Lesezeit\" \/>\n\t<meta name=\"twitter:data1\" content=\"2\u00a0Minuten\" \/>\n<script type=\"application\/ld+json\" class=\"yoast-schema-graph\">{\"@context\":\"https:\\\/\\\/schema.org\",\"@graph\":[{\"@type\":\"WebPage\",\"@id\":\"https:\\\/\\\/www.amstelprinting.nl\\\/de\\\/gesch\u00e4ft\\\/innere\\\/haus-gastronomie\\\/zierkissen\\\/\",\"url\":\"https:\\\/\\\/www.amstelprinting.nl\\\/de\\\/gesch\u00e4ft\\\/innere\\\/haus-gastronomie\\\/zierkissen\\\/\",\"name\":\"Zierkissen | Amstel Printing\",\"isPartOf\":{\"@id\":\"https:\\\/\\\/www.amstelprinting.nl\\\/de\\\/#website\"},\"primaryImageOfPage\":{\"@id\":\"https:\\\/\\\/www.amstelprinting.nl\\\/de\\\/gesch\u00e4ft\\\/innere\\\/haus-gastronomie\\\/zierkissen\\\/#primaryimage\"},\"image\":{\"@id\":\"https:\\\/\\\/www.amstelprinting.nl\\\/de\\\/gesch\u00e4ft\\\/innere\\\/haus-gastronomie\\\/zierkissen\\\/#primaryimage\"},\"thumbnailUrl\":\"https:\\\/\\\/www.amstelprinting.nl\\\/wp-content\\\/uploads\\\/Sierkussen3.jpg\",\"datePublished\":\"2025-01-23T20:02:19+00:00\",\"dateModified\":\"2026-02-18T11:54:37+00:00\",\"breadcrumb\":{\"@id\":\"https:\\\/\\\/www.amstelprinting.nl\\\/de\\\/gesch\u00e4ft\\\/innere\\\/haus-gastronomie\\\/zierkissen\\\/#breadcrumb\"},\"inLanguage\":\"de\",\"potentialAction\":[{\"@type\":\"ReadAction\",\"target\":[\"https:\\\/\\\/www.amstelprinting.nl\\\/de\\\/gesch\u00e4ft\\\/innere\\\/haus-gastronomie\\\/zierkissen\\\/\"]}]},{\"@type\":\"ImageObject\",\"inLanguage\":\"de\",\"@id\":\"https:\\\/\\\/www.amstelprinting.nl\\\/de\\\/gesch\u00e4ft\\\/innere\\\/haus-gastronomie\\\/zierkissen\\\/#primaryimage\",\"url\":\"https:\\\/\\\/www.amstelprinting.nl\\\/wp-content\\\/uploads\\\/Sierkussen3.jpg\",\"contentUrl\":\"https:\\\/\\\/www.amstelprinting.nl\\\/wp-content\\\/uploads\\\/Sierkussen3.jpg\",\"width\":700,\"height\":700},{\"@type\":\"BreadcrumbList\",\"@id\":\"https:\\\/\\\/www.amstelprinting.nl\\\/de\\\/gesch\u00e4ft\\\/innere\\\/haus-gastronomie\\\/zierkissen\\\/#breadcrumb\",\"itemListElement\":[{\"@type\":\"ListItem\",\"position\":1,\"name\":\"\",\"item\":\"https:\\\/\\\/www.amstelprinting.nl\\\/de\\\/\"},{\"@type\":\"ListItem\",\"position\":2,\"name\":\"Amstel Printing\",\"item\":\"https:\\\/\\\/www.amstelprinting.nl\\\/de\\\/geschaeft\\\/\"},{\"@type\":\"ListItem\",\"position\":3,\"name\":\"Innere\",\"item\":\"https:\\\/\\\/www.amstelprinting.nl\\\/de\\\/kategorie\\\/innere\\\/\"},{\"@type\":\"ListItem\",\"position\":4,\"name\":\"Haus &amp; Gastronomie\",\"item\":\"https:\\\/\\\/www.amstelprinting.nl\\\/de\\\/kategorie\\\/innere\\\/haus-gastronomie\\\/\"},{\"@type\":\"ListItem\",\"position\":5,\"name\":\"Zierkissen\"}]},{\"@type\":\"WebSite\",\"@id\":\"https:\\\/\\\/www.amstelprinting.nl\\\/de\\\/#website\",\"url\":\"https:\\\/\\\/www.amstelprinting.nl\\\/de\\\/\",\"name\":\"Amstel Printing\",\"description\":\"Creating Exposure\",\"publisher\":{\"@id\":\"https:\\\/\\\/www.amstelprinting.nl\\\/de\\\/#organization\"},\"potentialAction\":[{\"@type\":\"SearchAction\",\"target\":{\"@type\":\"EntryPoint\",\"urlTemplate\":\"https:\\\/\\\/www.amstelprinting.nl\\\/de\\\/?s={search_term_string}\"},\"query-input\":{\"@type\":\"PropertyValueSpecification\",\"valueRequired\":true,\"valueName\":\"search_term_string\"}}],\"inLanguage\":\"de\"},{\"@type\":\"Organization\",\"@id\":\"https:\\\/\\\/www.amstelprinting.nl\\\/de\\\/#organization\",\"name\":\"Amstel Printing\",\"url\":\"https:\\\/\\\/www.amstelprinting.nl\\\/de\\\/\",\"logo\":{\"@type\":\"ImageObject\",\"inLanguage\":\"de\",\"@id\":\"https:\\\/\\\/www.amstelprinting.nl\\\/de\\\/#\\\/schema\\\/logo\\\/image\\\/\",\"url\":\"https:\\\/\\\/www.amstelprinting.nl\\\/wp-content\\\/uploads\\\/amstel_printing_logo_clean.png\",\"contentUrl\":\"https:\\\/\\\/www.amstelprinting.nl\\\/wp-content\\\/uploads\\\/amstel_printing_logo_clean.png\",\"width\":324,\"height\":73,\"caption\":\"Amstel Printing\"},\"image\":{\"@id\":\"https:\\\/\\\/www.amstelprinting.nl\\\/de\\\/#\\\/schema\\\/logo\\\/image\\\/\"}}]}<\/script>\n<!-- \/ Yoast SEO plugin. -->","yoast_head_json":{"title":"Zierkissen | Amstel Printing","robots":{"index":"index","follow":"follow","max-snippet":"max-snippet:-1","max-image-preview":"max-image-preview:large","max-video-preview":"max-video-preview:-1"},"canonical":"https:\/\/www.amstelprinting.nl\/de\/gesch\u00e4ft\/innere\/haus-gastronomie\/zierkissen\/","og_locale":"de_DE","og_type":"article","og_title":"Zierkissen | Amstel Printing","og_description":"Mit einem wundersch\u00f6nen Druck versehen. Zierkissen mit eigenem Logo oder Design bedrucken? Bringen Sie Stil und Komfort in Ihren Wohnbereich mit unseren hochwertigen bedruckten Zierkissen. Egal, ob Sie ein komplettes Zierkissen, nur einen Bezug oder nur die F\u00fcllung suchen. W\u00e4hlen Sie eine Gr\u00f6\u00dfe nach Wunsch. Auch die Rei\u00dfverschlussfarbe k\u00f6nnen Sie selbst bestimmen! Stellen Sie unten in wenigen Schritten Ihren Kissenbezug mit eigenem Aufdruck zusammen.","og_url":"https:\/\/www.amstelprinting.nl\/de\/gesch\u00e4ft\/innere\/haus-gastronomie\/zierkissen\/","og_site_name":"Amstel Printing","article_modified_time":"2026-02-18T11:54:37+00:00","og_image":[{"width":700,"height":700,"url":"https:\/\/www.amstelprinting.nl\/wp-content\/uploads\/Sierkussen3.jpg","type":"image\/jpeg"}],"twitter_card":"summary_large_image","twitter_misc":{"Gesch\u00e4tzte Lesezeit":"2\u00a0Minuten"},"schema":{"@context":"https:\/\/schema.org","@graph":[{"@type":"WebPage","@id":"https:\/\/www.amstelprinting.nl\/de\/gesch\u00e4ft\/innere\/haus-gastronomie\/zierkissen\/","url":"https:\/\/www.amstelprinting.nl\/de\/gesch\u00e4ft\/innere\/haus-gastronomie\/zierkissen\/","name":"Zierkissen | Amstel Printing","isPartOf":{"@id":"https:\/\/www.amstelprinting.nl\/de\/#website"},"primaryImageOfPage":{"@id":"https:\/\/www.amstelprinting.nl\/de\/gesch\u00e4ft\/innere\/haus-gastronomie\/zierkissen\/#primaryimage"},"image":{"@id":"https:\/\/www.amstelprinting.nl\/de\/gesch\u00e4ft\/innere\/haus-gastronomie\/zierkissen\/#primaryimage"},"thumbnailUrl":"https:\/\/www.amstelprinting.nl\/wp-content\/uploads\/Sierkussen3.jpg","datePublished":"2025-01-23T20:02:19+00:00","dateModified":"2026-02-18T11:54:37+00:00","breadcrumb":{"@id":"https:\/\/www.amstelprinting.nl\/de\/gesch\u00e4ft\/innere\/haus-gastronomie\/zierkissen\/#breadcrumb"},"inLanguage":"de","potentialAction":[{"@type":"ReadAction","target":["https:\/\/www.amstelprinting.nl\/de\/gesch\u00e4ft\/innere\/haus-gastronomie\/zierkissen\/"]}]},{"@type":"ImageObject","inLanguage":"de","@id":"https:\/\/www.amstelprinting.nl\/de\/gesch\u00e4ft\/innere\/haus-gastronomie\/zierkissen\/#primaryimage","url":"https:\/\/www.amstelprinting.nl\/wp-content\/uploads\/Sierkussen3.jpg","contentUrl":"https:\/\/www.amstelprinting.nl\/wp-content\/uploads\/Sierkussen3.jpg","width":700,"height":700},{"@type":"BreadcrumbList","@id":"https:\/\/www.amstelprinting.nl\/de\/gesch\u00e4ft\/innere\/haus-gastronomie\/zierkissen\/#breadcrumb","itemListElement":[{"@type":"ListItem","position":1,"name":"","item":"https:\/\/www.amstelprinting.nl\/de\/"},{"@type":"ListItem","position":2,"name":"Amstel Printing","item":"https:\/\/www.amstelprinting.nl\/de\/geschaeft\/"},{"@type":"ListItem","position":3,"name":"Innere","item":"https:\/\/www.amstelprinting.nl\/de\/kategorie\/innere\/"},{"@type":"ListItem","position":4,"name":"Haus &amp; Gastronomie","item":"https:\/\/www.amstelprinting.nl\/de\/kategorie\/innere\/haus-gastronomie\/"},{"@type":"ListItem","position":5,"name":"Zierkissen"}]},{"@type":"WebSite","@id":"https:\/\/www.amstelprinting.nl\/de\/#website","url":"https:\/\/www.amstelprinting.nl\/de\/","name":"Amstel Printing","description":"Creating Exposure","publisher":{"@id":"https:\/\/www.amstelprinting.nl\/de\/#organization"},"potentialAction":[{"@type":"SearchAction","target":{"@type":"EntryPoint","urlTemplate":"https:\/\/www.amstelprinting.nl\/de\/?s={search_term_string}"},"query-input":{"@type":"PropertyValueSpecification","valueRequired":true,"valueName":"search_term_string"}}],"inLanguage":"de"},{"@type":"Organization","@id":"https:\/\/www.amstelprinting.nl\/de\/#organization","name":"Amstel Printing","url":"https:\/\/www.amstelprinting.nl\/de\/","logo":{"@type":"ImageObject","inLanguage":"de","@id":"https:\/\/www.amstelprinting.nl\/de\/#\/schema\/logo\/image\/","url":"https:\/\/www.amstelprinting.nl\/wp-content\/uploads\/amstel_printing_logo_clean.png","contentUrl":"https:\/\/www.amstelprinting.nl\/wp-content\/uploads\/amstel_printing_logo_clean.png","width":324,"height":73,"caption":"Amstel Printing"},"image":{"@id":"https:\/\/www.amstelprinting.nl\/de\/#\/schema\/logo\/image\/"}}]}},"_links":{"self":[{"href":"https:\/\/www.amstelprinting.nl\/de\/wp-json\/wp\/v2\/product\/15366","targetHints":{"allow":["GET"]}}],"collection":[{"href":"https:\/\/www.amstelprinting.nl\/de\/wp-json\/wp\/v2\/product"}],"about":[{"href":"https:\/\/www.amstelprinting.nl\/de\/wp-json\/wp\/v2\/types\/product"}],"wp:featuredmedia":[{"embeddable":true,"href":"https:\/\/www.amstelprinting.nl\/de\/wp-json\/wp\/v2\/media\/15368"}],"wp:attachment":[{"href":"https:\/\/www.amstelprinting.nl\/de\/wp-json\/wp\/v2\/media?parent=15366"}],"wp:term":[{"taxonomy":"product_brand","embeddable":true,"href":"https:\/\/www.amstelprinting.nl\/de\/wp-json\/wp\/v2\/product_brand?post=15366"},{"taxonomy":"product_cat","embeddable":true,"href":"https:\/\/www.amstelprinting.nl\/de\/wp-json\/wp\/v2\/product_cat?post=15366"},{"taxonomy":"product_tag","embeddable":true,"href":"https:\/\/www.amstelprinting.nl\/de\/wp-json\/wp\/v2\/product_tag?post=15366"}],"curies":[{"name":"wp","href":"https:\/\/api.w.org\/{rel}","templated":true}]}}