{"id":15379,"date":"2025-01-23T21:02:13","date_gmt":"2025-01-23T20:02:13","guid":{"rendered":"https:\/\/www.amstelprinting.nl\/winkel\/unkategorisiert\/verkiezingsbord\/"},"modified":"2026-02-18T12:54:38","modified_gmt":"2026-02-18T11:54:38","slug":"wahlplakat","status":"publish","type":"product","link":"https:\/\/www.amstelprinting.nl\/de\/gesch\u00e4ft\/messe-event\/dekoration\/wahlplakat\/","title":{"rendered":"Wahlplakat"},"content":{"rendered":"<h3>Wahlplakate bestellen<\/h3>\n<p>Wahlplakate werden auch als Laternenmastschilder bezeichnet. Wahlplakate haben einen hohen Aufmerksamkeitswert durch den gro\u00dffl\u00e4chigen Druck, der auf beiden Seiten des Laternenmasts sichtbar ist.<\/p>\n<h3>Wahlplakate bedrucken &#8211; wie funktioniert es?<\/h3>\n<p>Mit unserer benutzerfreundlichen Vorlage, verf\u00fcgbar unter Downloads, k\u00f6nnen Sie ganz einfach Ihr eigenes Design erstellen. Ob Sie eine lokale Veranstaltung bewerben oder eine gr\u00f6\u00dfere Kampagne starten, Wahlplakate sind die perfekte L\u00f6sung, um Ihre Botschaft kraftvoll zu vermitteln.<\/p>\n<h3>Vorteile von Laternenmastschildern<\/h3>\n<ul>\n<li>G\u00fcnstig dank drei fester Formate<\/li>\n<li>Ihr Design wird gestochen scharf gedruckt<\/li>\n<li>Ihr Design ist auf beiden Seiten sichtbar<\/li>\n<li>Schnelle Lieferung (innerhalb von 1 Werktag m\u00f6glich)<\/li>\n<li>Hergestellt aus hochwertigem Polypropylen<\/li>\n<li>Nachhaltig: 100% recycelbares Material<\/li>\n<li>Ausgestattet mit Bohrl\u00f6chern f\u00fcr die einfache Befestigung mit Kabelbindern<\/li>\n<\/ul>\n<p>&nbsp;<\/p>\n<h3>Formate und Material<\/h3>\n<p>Ob Sie ein kleines Wahlplakat f\u00fcr lokale Veranstaltungen oder ein gr\u00f6\u00dferes Schild f\u00fcr massive Aufmerksamkeit ben\u00f6tigen, unsere Wahlplakate sind in drei praktischen Formaten erh\u00e4ltlich: 140 x 100 cm, 120 x 80 cm und 170 x 120 cm. Hergestellt aus hochwertigem Polypropylen, sind unsere Wahlplakate sowohl leicht als auch langlebig. Die leicht gerippte Struktur durch die Kan\u00e4le sorgt f\u00fcr zus\u00e4tzliche Stabilit\u00e4t, wodurch Ihre Wahlplakate verschiedenen Wetterbedingungen standhalten und eine lange Lebensdauer bieten.<\/p>\n<h3>Verarbeitung und Zubeh\u00f6r<\/h3>\n<p>Die Paneele sind mit 14 vorgebohrten L\u00f6chern versehen. F\u00fcgen Sie Ihrer Bestellung wei\u00dfe oder schwarze Kabelbinder hinzu, um das Wahlplakat befestigen zu k\u00f6nnen.<\/p>\n","protected":false},"excerpt":{"rendered":"<h3>Zur Befestigung an einem Laternenmast<\/h3>\n<p>Bereiten Sie sich mit unseren professionellen Wahlplakaten auf die Wahlen vor. Ideal, um Ihre Kampagne zu bewerben und Ihre W\u00e4hler zu erreichen. Wahlplakate (Laternenmastschilder) fallen sofort auf. Befestigen Sie sie im Handumdrehen an einem Laternenmast (mit Kabelbindern). Ihr Design ist auf <strong>beiden Seiten<\/strong> sichtbar. Verf\u00fcgbare Formate: <strong>70 x 100 cm<\/strong>, <strong>120 x 80 cm<\/strong> oder <strong>170 x 120 cm<\/strong>. Heute bestellt, oft schon am n\u00e4chsten Tag geliefert.<\/p>\n","protected":false},"featured_media":15380,"template":"","meta":{"_et_pb_use_builder":"","_et_pb_old_content":"","_et_gb_content_width":""},"product_brand":[],"product_cat":[900,899],"product_tag":[],"class_list":{"0":"post-15379","1":"product","2":"type-product","3":"status-publish","4":"has-post-thumbnail","6":"product_cat-dekoration","7":"product_cat-messe-event","9":"first","10":"instock","11":"taxable","12":"shipping-taxable","13":"purchasable","14":"product-type-simple"},"yoast_head":"<!-- This site is optimized with the Yoast SEO plugin v27.3 - https:\/\/yoast.com\/product\/yoast-seo-wordpress\/ -->\n<title>Wahlplakat kaufen - Nachhaltig &amp; Maximale Sichtbarkeit<\/title>\n<meta name=\"description\" content=\"Bestellen Sie Ihr professionelles Wahlplakat noch heute und erreichen Sie W\u00e4hler direkt mit gestochen scharfem beidseitigem Druck. G\u00fcnstige Formate &amp; schnelle Lieferung\" \/>\n<meta name=\"robots\" content=\"index, follow, max-snippet:-1, max-image-preview:large, max-video-preview:-1\" \/>\n<link rel=\"canonical\" href=\"https:\/\/www.amstelprinting.nl\/de\/gesch\u00e4ft\/messe-event\/dekoration\/wahlplakat\/\" \/>\n<meta property=\"og:locale\" content=\"de_DE\" \/>\n<meta property=\"og:type\" content=\"article\" \/>\n<meta property=\"og:title\" content=\"Wahlplakat kaufen - Nachhaltig &amp; Maximale Sichtbarkeit\" \/>\n<meta property=\"og:description\" content=\"Bestellen Sie Ihr professionelles Wahlplakat noch heute und erreichen Sie W\u00e4hler direkt mit gestochen scharfem beidseitigem Druck. G\u00fcnstige Formate &amp; schnelle Lieferung\" \/>\n<meta property=\"og:url\" content=\"https:\/\/www.amstelprinting.nl\/de\/gesch\u00e4ft\/messe-event\/dekoration\/wahlplakat\/\" \/>\n<meta property=\"og:site_name\" content=\"Amstel Printing\" \/>\n<meta property=\"article:modified_time\" content=\"2026-02-18T11:54:38+00:00\" \/>\n<meta property=\"og:image\" content=\"https:\/\/www.amstelprinting.nl\/wp-content\/uploads\/verkiezingbord-bedrukken.png\" \/>\n\t<meta property=\"og:image:width\" content=\"700\" \/>\n\t<meta property=\"og:image:height\" content=\"700\" \/>\n\t<meta property=\"og:image:type\" content=\"image\/png\" \/>\n<meta name=\"twitter:card\" content=\"summary_large_image\" \/>\n<meta name=\"twitter:label1\" content=\"Gesch\u00e4tzte Lesezeit\" \/>\n\t<meta name=\"twitter:data1\" content=\"1\u00a0Minute\" \/>\n<script type=\"application\/ld+json\" class=\"yoast-schema-graph\">{\"@context\":\"https:\\\/\\\/schema.org\",\"@graph\":[{\"@type\":\"WebPage\",\"@id\":\"https:\\\/\\\/www.amstelprinting.nl\\\/de\\\/gesch\u00e4ft\\\/messe-event\\\/dekoration\\\/wahlplakat\\\/\",\"url\":\"https:\\\/\\\/www.amstelprinting.nl\\\/de\\\/gesch\u00e4ft\\\/messe-event\\\/dekoration\\\/wahlplakat\\\/\",\"name\":\"Wahlplakat kaufen - Nachhaltig & Maximale Sichtbarkeit\",\"isPartOf\":{\"@id\":\"https:\\\/\\\/www.amstelprinting.nl\\\/de\\\/#website\"},\"primaryImageOfPage\":{\"@id\":\"https:\\\/\\\/www.amstelprinting.nl\\\/de\\\/gesch\u00e4ft\\\/messe-event\\\/dekoration\\\/wahlplakat\\\/#primaryimage\"},\"image\":{\"@id\":\"https:\\\/\\\/www.amstelprinting.nl\\\/de\\\/gesch\u00e4ft\\\/messe-event\\\/dekoration\\\/wahlplakat\\\/#primaryimage\"},\"thumbnailUrl\":\"https:\\\/\\\/www.amstelprinting.nl\\\/wp-content\\\/uploads\\\/verkiezingbord-bedrukken.png\",\"datePublished\":\"2025-01-23T20:02:13+00:00\",\"dateModified\":\"2026-02-18T11:54:38+00:00\",\"description\":\"Bestellen Sie Ihr professionelles Wahlplakat noch heute und erreichen Sie W\u00e4hler direkt mit gestochen scharfem beidseitigem Druck. G\u00fcnstige Formate & schnelle Lieferung\",\"breadcrumb\":{\"@id\":\"https:\\\/\\\/www.amstelprinting.nl\\\/de\\\/gesch\u00e4ft\\\/messe-event\\\/dekoration\\\/wahlplakat\\\/#breadcrumb\"},\"inLanguage\":\"de\",\"potentialAction\":[{\"@type\":\"ReadAction\",\"target\":[\"https:\\\/\\\/www.amstelprinting.nl\\\/de\\\/gesch\u00e4ft\\\/messe-event\\\/dekoration\\\/wahlplakat\\\/\"]}]},{\"@type\":\"ImageObject\",\"inLanguage\":\"de\",\"@id\":\"https:\\\/\\\/www.amstelprinting.nl\\\/de\\\/gesch\u00e4ft\\\/messe-event\\\/dekoration\\\/wahlplakat\\\/#primaryimage\",\"url\":\"https:\\\/\\\/www.amstelprinting.nl\\\/wp-content\\\/uploads\\\/verkiezingbord-bedrukken.png\",\"contentUrl\":\"https:\\\/\\\/www.amstelprinting.nl\\\/wp-content\\\/uploads\\\/verkiezingbord-bedrukken.png\",\"width\":700,\"height\":700},{\"@type\":\"BreadcrumbList\",\"@id\":\"https:\\\/\\\/www.amstelprinting.nl\\\/de\\\/gesch\u00e4ft\\\/messe-event\\\/dekoration\\\/wahlplakat\\\/#breadcrumb\",\"itemListElement\":[{\"@type\":\"ListItem\",\"position\":1,\"name\":\"\",\"item\":\"https:\\\/\\\/www.amstelprinting.nl\\\/de\\\/\"},{\"@type\":\"ListItem\",\"position\":2,\"name\":\"Amstel Printing\",\"item\":\"https:\\\/\\\/www.amstelprinting.nl\\\/de\\\/geschaeft\\\/\"},{\"@type\":\"ListItem\",\"position\":3,\"name\":\"Messe &amp; Event\",\"item\":\"https:\\\/\\\/www.amstelprinting.nl\\\/de\\\/kategorie\\\/messe-event\\\/\"},{\"@type\":\"ListItem\",\"position\":4,\"name\":\"Dekoration\",\"item\":\"https:\\\/\\\/www.amstelprinting.nl\\\/de\\\/kategorie\\\/messe-event\\\/dekoration\\\/\"},{\"@type\":\"ListItem\",\"position\":5,\"name\":\"Wahlplakat\"}]},{\"@type\":\"WebSite\",\"@id\":\"https:\\\/\\\/www.amstelprinting.nl\\\/de\\\/#website\",\"url\":\"https:\\\/\\\/www.amstelprinting.nl\\\/de\\\/\",\"name\":\"Amstel Printing\",\"description\":\"Creating Exposure\",\"publisher\":{\"@id\":\"https:\\\/\\\/www.amstelprinting.nl\\\/de\\\/#organization\"},\"potentialAction\":[{\"@type\":\"SearchAction\",\"target\":{\"@type\":\"EntryPoint\",\"urlTemplate\":\"https:\\\/\\\/www.amstelprinting.nl\\\/de\\\/?s={search_term_string}\"},\"query-input\":{\"@type\":\"PropertyValueSpecification\",\"valueRequired\":true,\"valueName\":\"search_term_string\"}}],\"inLanguage\":\"de\"},{\"@type\":\"Organization\",\"@id\":\"https:\\\/\\\/www.amstelprinting.nl\\\/de\\\/#organization\",\"name\":\"Amstel Printing\",\"url\":\"https:\\\/\\\/www.amstelprinting.nl\\\/de\\\/\",\"logo\":{\"@type\":\"ImageObject\",\"inLanguage\":\"de\",\"@id\":\"https:\\\/\\\/www.amstelprinting.nl\\\/de\\\/#\\\/schema\\\/logo\\\/image\\\/\",\"url\":\"https:\\\/\\\/www.amstelprinting.nl\\\/wp-content\\\/uploads\\\/amstel_printing_logo_clean.png\",\"contentUrl\":\"https:\\\/\\\/www.amstelprinting.nl\\\/wp-content\\\/uploads\\\/amstel_printing_logo_clean.png\",\"width\":324,\"height\":73,\"caption\":\"Amstel Printing\"},\"image\":{\"@id\":\"https:\\\/\\\/www.amstelprinting.nl\\\/de\\\/#\\\/schema\\\/logo\\\/image\\\/\"}}]}<\/script>\n<!-- \/ Yoast SEO plugin. -->","yoast_head_json":{"title":"Wahlplakat kaufen - Nachhaltig & Maximale Sichtbarkeit","description":"Bestellen Sie Ihr professionelles Wahlplakat noch heute und erreichen Sie W\u00e4hler direkt mit gestochen scharfem beidseitigem Druck. G\u00fcnstige Formate & schnelle Lieferung","robots":{"index":"index","follow":"follow","max-snippet":"max-snippet:-1","max-image-preview":"max-image-preview:large","max-video-preview":"max-video-preview:-1"},"canonical":"https:\/\/www.amstelprinting.nl\/de\/gesch\u00e4ft\/messe-event\/dekoration\/wahlplakat\/","og_locale":"de_DE","og_type":"article","og_title":"Wahlplakat kaufen - Nachhaltig & Maximale Sichtbarkeit","og_description":"Bestellen Sie Ihr professionelles Wahlplakat noch heute und erreichen Sie W\u00e4hler direkt mit gestochen scharfem beidseitigem Druck. G\u00fcnstige Formate & schnelle Lieferung","og_url":"https:\/\/www.amstelprinting.nl\/de\/gesch\u00e4ft\/messe-event\/dekoration\/wahlplakat\/","og_site_name":"Amstel Printing","article_modified_time":"2026-02-18T11:54:38+00:00","og_image":[{"width":700,"height":700,"url":"https:\/\/www.amstelprinting.nl\/wp-content\/uploads\/verkiezingbord-bedrukken.png","type":"image\/png"}],"twitter_card":"summary_large_image","twitter_misc":{"Gesch\u00e4tzte Lesezeit":"1\u00a0Minute"},"schema":{"@context":"https:\/\/schema.org","@graph":[{"@type":"WebPage","@id":"https:\/\/www.amstelprinting.nl\/de\/gesch\u00e4ft\/messe-event\/dekoration\/wahlplakat\/","url":"https:\/\/www.amstelprinting.nl\/de\/gesch\u00e4ft\/messe-event\/dekoration\/wahlplakat\/","name":"Wahlplakat kaufen - Nachhaltig & Maximale Sichtbarkeit","isPartOf":{"@id":"https:\/\/www.amstelprinting.nl\/de\/#website"},"primaryImageOfPage":{"@id":"https:\/\/www.amstelprinting.nl\/de\/gesch\u00e4ft\/messe-event\/dekoration\/wahlplakat\/#primaryimage"},"image":{"@id":"https:\/\/www.amstelprinting.nl\/de\/gesch\u00e4ft\/messe-event\/dekoration\/wahlplakat\/#primaryimage"},"thumbnailUrl":"https:\/\/www.amstelprinting.nl\/wp-content\/uploads\/verkiezingbord-bedrukken.png","datePublished":"2025-01-23T20:02:13+00:00","dateModified":"2026-02-18T11:54:38+00:00","description":"Bestellen Sie Ihr professionelles Wahlplakat noch heute und erreichen Sie W\u00e4hler direkt mit gestochen scharfem beidseitigem Druck. G\u00fcnstige Formate & schnelle Lieferung","breadcrumb":{"@id":"https:\/\/www.amstelprinting.nl\/de\/gesch\u00e4ft\/messe-event\/dekoration\/wahlplakat\/#breadcrumb"},"inLanguage":"de","potentialAction":[{"@type":"ReadAction","target":["https:\/\/www.amstelprinting.nl\/de\/gesch\u00e4ft\/messe-event\/dekoration\/wahlplakat\/"]}]},{"@type":"ImageObject","inLanguage":"de","@id":"https:\/\/www.amstelprinting.nl\/de\/gesch\u00e4ft\/messe-event\/dekoration\/wahlplakat\/#primaryimage","url":"https:\/\/www.amstelprinting.nl\/wp-content\/uploads\/verkiezingbord-bedrukken.png","contentUrl":"https:\/\/www.amstelprinting.nl\/wp-content\/uploads\/verkiezingbord-bedrukken.png","width":700,"height":700},{"@type":"BreadcrumbList","@id":"https:\/\/www.amstelprinting.nl\/de\/gesch\u00e4ft\/messe-event\/dekoration\/wahlplakat\/#breadcrumb","itemListElement":[{"@type":"ListItem","position":1,"name":"","item":"https:\/\/www.amstelprinting.nl\/de\/"},{"@type":"ListItem","position":2,"name":"Amstel Printing","item":"https:\/\/www.amstelprinting.nl\/de\/geschaeft\/"},{"@type":"ListItem","position":3,"name":"Messe &amp; Event","item":"https:\/\/www.amstelprinting.nl\/de\/kategorie\/messe-event\/"},{"@type":"ListItem","position":4,"name":"Dekoration","item":"https:\/\/www.amstelprinting.nl\/de\/kategorie\/messe-event\/dekoration\/"},{"@type":"ListItem","position":5,"name":"Wahlplakat"}]},{"@type":"WebSite","@id":"https:\/\/www.amstelprinting.nl\/de\/#website","url":"https:\/\/www.amstelprinting.nl\/de\/","name":"Amstel Printing","description":"Creating Exposure","publisher":{"@id":"https:\/\/www.amstelprinting.nl\/de\/#organization"},"potentialAction":[{"@type":"SearchAction","target":{"@type":"EntryPoint","urlTemplate":"https:\/\/www.amstelprinting.nl\/de\/?s={search_term_string}"},"query-input":{"@type":"PropertyValueSpecification","valueRequired":true,"valueName":"search_term_string"}}],"inLanguage":"de"},{"@type":"Organization","@id":"https:\/\/www.amstelprinting.nl\/de\/#organization","name":"Amstel Printing","url":"https:\/\/www.amstelprinting.nl\/de\/","logo":{"@type":"ImageObject","inLanguage":"de","@id":"https:\/\/www.amstelprinting.nl\/de\/#\/schema\/logo\/image\/","url":"https:\/\/www.amstelprinting.nl\/wp-content\/uploads\/amstel_printing_logo_clean.png","contentUrl":"https:\/\/www.amstelprinting.nl\/wp-content\/uploads\/amstel_printing_logo_clean.png","width":324,"height":73,"caption":"Amstel Printing"},"image":{"@id":"https:\/\/www.amstelprinting.nl\/de\/#\/schema\/logo\/image\/"}}]}},"_links":{"self":[{"href":"https:\/\/www.amstelprinting.nl\/de\/wp-json\/wp\/v2\/product\/15379","targetHints":{"allow":["GET"]}}],"collection":[{"href":"https:\/\/www.amstelprinting.nl\/de\/wp-json\/wp\/v2\/product"}],"about":[{"href":"https:\/\/www.amstelprinting.nl\/de\/wp-json\/wp\/v2\/types\/product"}],"wp:featuredmedia":[{"embeddable":true,"href":"https:\/\/www.amstelprinting.nl\/de\/wp-json\/wp\/v2\/media\/15380"}],"wp:attachment":[{"href":"https:\/\/www.amstelprinting.nl\/de\/wp-json\/wp\/v2\/media?parent=15379"}],"wp:term":[{"taxonomy":"product_brand","embeddable":true,"href":"https:\/\/www.amstelprinting.nl\/de\/wp-json\/wp\/v2\/product_brand?post=15379"},{"taxonomy":"product_cat","embeddable":true,"href":"https:\/\/www.amstelprinting.nl\/de\/wp-json\/wp\/v2\/product_cat?post=15379"},{"taxonomy":"product_tag","embeddable":true,"href":"https:\/\/www.amstelprinting.nl\/de\/wp-json\/wp\/v2\/product_tag?post=15379"}],"curies":[{"name":"wp","href":"https:\/\/api.w.org\/{rel}","templated":true}]}}