{"id":15391,"date":"2025-01-23T21:02:08","date_gmt":"2025-01-23T20:02:08","guid":{"rendered":"https:\/\/www.amstelprinting.nl\/winkel\/unkategorisiert\/foto-op-paneel-2\/"},"modified":"2026-02-18T12:54:39","modified_gmt":"2026-02-18T11:54:39","slug":"foto-auf-paneel","status":"publish","type":"product","link":"https:\/\/www.amstelprinting.nl\/de\/gesch\u00e4ft\/innere\/fotoprodukte\/foto-auf-paneel\/","title":{"rendered":"Foto auf Paneel"},"content":{"rendered":"<p>Mit der M\u00f6glichkeit, ein eigenes Design oder ein bestehendes Muster zu verwenden, k\u00f6nnen Sie Ihr Foto auf Paneel ganz nach Ihren W\u00fcnschen personalisieren. Ob Familienfotos, Kunstwerke oder Firmenlogos \u2013 wir sorgen daf\u00fcr, dass Ihr Paneel so aussieht, wie Sie es sich vorstellen.\\n<\/p>\n<h3>Warum Fotopaneele bestellen?<\/h3>\n<p>\\n<\/p>\n<ul>\\n  <\/p>\n<li>Mit Ihrem eigenen Design versehen<\/li>\n<p>\\n  <\/p>\n<li>Wahl aus einem gro\u00dfen Sortiment an Formaten und Materialien<\/li>\n<p>\\n  <\/p>\n<li>Besonders preiswert dank der 13 Standardformate<\/li>\n<p>\\n  <\/p>\n<li>Materialien mit B1-Zertifikat f\u00fcr Brandschutz<\/li>\n<p>\\n  <\/p>\n<li>Personalisieren Sie Ihr Paneel mit einem eigenen Design oder Muster<\/li>\n<p>\\n  <\/p>\n<li>Einfaches Aufh\u00e4ngen mit dem richtigen Aufh\u00e4ngematerial<\/li>\n<p>\\n<\/ul>\n<p>\\n&nbsp;\\n<\/p>\n<h3>5 verschiedene Materialien<\/h3>\n<p>\\nWir bieten eine Reihe von Materialien an, die zu verschiedenen Formaten und St\u00e4rken passen, sodass Sie die perfekte Wahl f\u00fcr Ihr Foto auf Paneel treffen k\u00f6nnen:\\n<\/p>\n<ul>\\n  <\/p>\n<li><strong>Dibond\u00ae<\/strong>:\\nDieses Paneel hat einen Aluminiumkern und eine wei\u00dfe Deckschicht, wodurch es sowohl f\u00fcr den Innen- als auch f\u00fcr den Au\u00dfenbereich geeignet ist. Mit dem B1-Zertifikat f\u00fcr Brandschutz ist es eine sichere Wahl f\u00fcr jede Umgebung.<\/li>\n<p>\\n  <\/p>\n<li><strong>Dibond\u00ae Butler Finish<\/strong>:\\nF\u00fcr ein schickes und modernes Erscheinungsbild w\u00e4hlen Sie dieses Aluminium-Sandwichpaneel mit einem schwarzen Kern und einer Optik aus geb\u00fcrstetem Edelstahl. Auch dieses Material ist B1-zertifiziert f\u00fcr Brandschutz und f\u00fcr verschiedene Anwendungen geeignet.<\/li>\n<p>\\n  <\/p>\n<li><strong>Forex\u00ae<\/strong>:\\nDieses leichtgewichtige PVC-Hartschaummaterial ist ideal f\u00fcr den Innenbereich. Es ist einfach zu handhaben und bietet ein sauberes, professionelles Finish. Forex\u00ae ist ebenfalls B1-zertifiziert f\u00fcr Brandschutz.<\/li>\n<p>\\n  <\/p>\n<li><strong>Plexiglas<\/strong>:\\nDieses transparente Material verleiht Ihrem Foto ein modernes Aussehen und ist sowohl f\u00fcr den Innen- als auch f\u00fcr den Au\u00dfenbereich geeignet. Bitte beachten Sie, dass Plexiglas kratzempfindlich ist, daher ist bei der Platzierung Vorsicht geboten.<\/li>\n<p>\\n  <\/p>\n<li><strong>Multiplex<\/strong>:\\nHergestellt aus umweltfreundlichem Pappelholz bietet Multiplex ein nat\u00fcrliches und warmes Erscheinungsbild, perfekt f\u00fcr den Einsatz im Innenbereich. Dieses Material ist ideal f\u00fcr alle, die eine \u00f6kologisch verantwortungsvolle Wahl treffen m\u00f6chten.<\/li>\n<p>\\n<\/ul>\n<p>\\n&nbsp;\\n<\/p>\n<h3>W\u00e4hlen Sie das richtige Finish<\/h3>\n<p>\\nAuf Wunsch k\u00f6nnen unsere Paneele mit Bohrungen versehen werden, was die Montage erleichtert. Dies macht das Aufh\u00e4ngen Ihres Fotopaneels schnell und problemlos.\\n<\/p>\n<h3>Fotopaneel befestigen<\/h3>\n<p>\\nUm Ihr Foto auf Paneel optimal zu befestigen, bieten wir diverses Zubeh\u00f6r an, darunter Aufh\u00e4ngeplatten und Abstandshalter.\\n<\/p>\n<h3>H\u00e4ufig gestellte Fragen<\/h3>\n<p>\\n<strong>Wie reinigt man ein Paneel am besten?<\/strong>\\nSie k\u00f6nnen Ihre Paneele einfach mit einem milden Reinigungsmittel reinigen. Bitte beachten Sie, dass durch die UV-Drucktechnik die Tinte auf der Oberfl\u00e4che liegt, was bedeutet, dass eine zu grobe Behandlung die Oberfl\u00e4che und die Tinte besch\u00e4digen kann. F\u00fcr zus\u00e4tzlichen Schutz vor Kratzern k\u00f6nnen Sie Ihre Dibond\u00ae-Paneele mit einer Beschichtung versehen lassen.\\n\\n<strong>Was sind die Vorteile einer Beschichtung?<\/strong>\\nEine Beschichtung auf Ihrem Plattenmaterial bietet verschiedene Vorteile. Sie sorgt f\u00fcr eine h\u00f6here Farbintensit\u00e4t und bietet besseren Schutz vor Umwelteinfl\u00fcssen, wodurch Ihr Druck l\u00e4nger sch\u00f6n bleibt.<\/p>\n","protected":false},"excerpt":{"rendered":"<h3>Erwecken Sie Ihr Foto zum Leben. Gestochen scharfe Drucke f\u00fcr die Wand.<\/h3>\n<p>\\nErwecken Sie Ihre Lieblingsfotos mit unseren hochwertigen Fotopaneelen zum Leben. Ideal sowohl f\u00fcr Zuhause als auch f\u00fcr das B\u00fcro. Fotopaneele bieten eine stilvolle und langlebige M\u00f6glichkeit, Ihre Erinnerungen oder Kunstwerke zu pr\u00e4sentieren. W\u00e4hlen Sie aus verschiedenen Materialien und Oberfl\u00e4chen, um den perfekten Look f\u00fcr Ihren Raum zu kreieren. Oft schon innerhalb von 1 Tag geliefert.<\/p>\n","protected":false},"featured_media":15393,"template":"","meta":{"_et_pb_use_builder":"","_et_pb_old_content":"","_et_gb_content_width":""},"product_brand":[],"product_cat":[947,950],"product_tag":[],"class_list":{"0":"post-15391","1":"product","2":"type-product","3":"status-publish","4":"has-post-thumbnail","6":"product_cat-innere","7":"product_cat-fotoprodukte","9":"first","10":"instock","11":"taxable","12":"shipping-taxable","13":"purchasable","14":"product-type-simple"},"yoast_head":"<!-- This site is optimized with the Yoast SEO plugin v27.0 - https:\/\/yoast.com\/product\/yoast-seo-wordpress\/ -->\n<title>Foto auf Paneel | Amstel Printing<\/title>\n<meta name=\"robots\" content=\"index, follow, max-snippet:-1, max-image-preview:large, max-video-preview:-1\" \/>\n<link rel=\"canonical\" href=\"https:\/\/www.amstelprinting.nl\/de\/gesch\u00e4ft\/innere\/fotoprodukte\/foto-auf-paneel\/\" \/>\n<meta property=\"og:locale\" content=\"de_DE\" \/>\n<meta property=\"og:type\" content=\"article\" \/>\n<meta property=\"og:title\" content=\"Foto auf Paneel | Amstel Printing\" \/>\n<meta property=\"og:description\" content=\"Erwecken Sie Ihr Foto zum Leben. Gestochen scharfe Drucke f\u00fcr die Wand.nErwecken Sie Ihre Lieblingsfotos mit unseren hochwertigen Fotopaneelen zum Leben. Ideal sowohl f\u00fcr Zuhause als auch f\u00fcr das B\u00fcro. Fotopaneele bieten eine stilvolle und langlebige M\u00f6glichkeit, Ihre Erinnerungen oder Kunstwerke zu pr\u00e4sentieren. W\u00e4hlen Sie aus verschiedenen Materialien und Oberfl\u00e4chen, um den perfekten Look f\u00fcr Ihren Raum zu kreieren. Oft schon innerhalb von 1 Tag geliefert.\" \/>\n<meta property=\"og:url\" content=\"https:\/\/www.amstelprinting.nl\/de\/gesch\u00e4ft\/innere\/fotoprodukte\/foto-auf-paneel\/\" \/>\n<meta property=\"og:site_name\" content=\"Amstel Printing\" \/>\n<meta property=\"article:modified_time\" content=\"2026-02-18T11:54:39+00:00\" \/>\n<meta property=\"og:image\" content=\"https:\/\/www.amstelprinting.nl\/wp-content\/uploads\/Foto-op-paneel2.jpg\" \/>\n\t<meta property=\"og:image:width\" content=\"700\" \/>\n\t<meta property=\"og:image:height\" content=\"700\" \/>\n\t<meta property=\"og:image:type\" content=\"image\/jpeg\" \/>\n<meta name=\"twitter:card\" content=\"summary_large_image\" \/>\n<meta name=\"twitter:label1\" content=\"Gesch\u00e4tzte Lesezeit\" \/>\n\t<meta name=\"twitter:data1\" content=\"2\u00a0Minuten\" \/>\n<script type=\"application\/ld+json\" class=\"yoast-schema-graph\">{\"@context\":\"https:\/\/schema.org\",\"@graph\":[{\"@type\":\"WebPage\",\"@id\":\"https:\/\/www.amstelprinting.nl\/de\/gesch\u00e4ft\/innere\/fotoprodukte\/foto-auf-paneel\/\",\"url\":\"https:\/\/www.amstelprinting.nl\/de\/gesch\u00e4ft\/innere\/fotoprodukte\/foto-auf-paneel\/\",\"name\":\"Foto auf Paneel | Amstel Printing\",\"isPartOf\":{\"@id\":\"https:\/\/www.amstelprinting.nl\/de\/#website\"},\"primaryImageOfPage\":{\"@id\":\"https:\/\/www.amstelprinting.nl\/de\/gesch\u00e4ft\/innere\/fotoprodukte\/foto-auf-paneel\/#primaryimage\"},\"image\":{\"@id\":\"https:\/\/www.amstelprinting.nl\/de\/gesch\u00e4ft\/innere\/fotoprodukte\/foto-auf-paneel\/#primaryimage\"},\"thumbnailUrl\":\"https:\/\/www.amstelprinting.nl\/wp-content\/uploads\/Foto-op-paneel2.jpg\",\"datePublished\":\"2025-01-23T20:02:08+00:00\",\"dateModified\":\"2026-02-18T11:54:39+00:00\",\"breadcrumb\":{\"@id\":\"https:\/\/www.amstelprinting.nl\/de\/gesch\u00e4ft\/innere\/fotoprodukte\/foto-auf-paneel\/#breadcrumb\"},\"inLanguage\":\"de\",\"potentialAction\":[{\"@type\":\"ReadAction\",\"target\":[\"https:\/\/www.amstelprinting.nl\/de\/gesch\u00e4ft\/innere\/fotoprodukte\/foto-auf-paneel\/\"]}]},{\"@type\":\"ImageObject\",\"inLanguage\":\"de\",\"@id\":\"https:\/\/www.amstelprinting.nl\/de\/gesch\u00e4ft\/innere\/fotoprodukte\/foto-auf-paneel\/#primaryimage\",\"url\":\"https:\/\/www.amstelprinting.nl\/wp-content\/uploads\/Foto-op-paneel2.jpg\",\"contentUrl\":\"https:\/\/www.amstelprinting.nl\/wp-content\/uploads\/Foto-op-paneel2.jpg\",\"width\":700,\"height\":700},{\"@type\":\"BreadcrumbList\",\"@id\":\"https:\/\/www.amstelprinting.nl\/de\/gesch\u00e4ft\/innere\/fotoprodukte\/foto-auf-paneel\/#breadcrumb\",\"itemListElement\":[{\"@type\":\"ListItem\",\"position\":1,\"name\":\"\",\"item\":\"https:\/\/www.amstelprinting.nl\/de\/\"},{\"@type\":\"ListItem\",\"position\":2,\"name\":\"Amstel Printing\",\"item\":\"https:\/\/www.amstelprinting.nl\/de\/geschaeft\/\"},{\"@type\":\"ListItem\",\"position\":3,\"name\":\"Innere\",\"item\":\"https:\/\/www.amstelprinting.nl\/de\/kategorie\/innere\/\"},{\"@type\":\"ListItem\",\"position\":4,\"name\":\"Fotoprodukte\",\"item\":\"https:\/\/www.amstelprinting.nl\/de\/kategorie\/innere\/fotoprodukte\/\"},{\"@type\":\"ListItem\",\"position\":5,\"name\":\"Foto auf Paneel\"}]},{\"@type\":\"WebSite\",\"@id\":\"https:\/\/www.amstelprinting.nl\/de\/#website\",\"url\":\"https:\/\/www.amstelprinting.nl\/de\/\",\"name\":\"Amstel Printing\",\"description\":\"Creating Exposure\",\"publisher\":{\"@id\":\"https:\/\/www.amstelprinting.nl\/de\/#organization\"},\"potentialAction\":[{\"@type\":\"SearchAction\",\"target\":{\"@type\":\"EntryPoint\",\"urlTemplate\":\"https:\/\/www.amstelprinting.nl\/de\/?s={search_term_string}\"},\"query-input\":{\"@type\":\"PropertyValueSpecification\",\"valueRequired\":true,\"valueName\":\"search_term_string\"}}],\"inLanguage\":\"de\"},{\"@type\":\"Organization\",\"@id\":\"https:\/\/www.amstelprinting.nl\/de\/#organization\",\"name\":\"Amstel Printing\",\"url\":\"https:\/\/www.amstelprinting.nl\/de\/\",\"logo\":{\"@type\":\"ImageObject\",\"inLanguage\":\"de\",\"@id\":\"https:\/\/www.amstelprinting.nl\/de\/#\/schema\/logo\/image\/\",\"url\":\"https:\/\/www.amstelprinting.nl\/wp-content\/uploads\/amstel_printing_logo_clean.png\",\"contentUrl\":\"https:\/\/www.amstelprinting.nl\/wp-content\/uploads\/amstel_printing_logo_clean.png\",\"width\":324,\"height\":73,\"caption\":\"Amstel Printing\"},\"image\":{\"@id\":\"https:\/\/www.amstelprinting.nl\/de\/#\/schema\/logo\/image\/\"}}]}<\/script>\n<!-- \/ Yoast SEO plugin. -->","yoast_head_json":{"title":"Foto auf Paneel | Amstel Printing","robots":{"index":"index","follow":"follow","max-snippet":"max-snippet:-1","max-image-preview":"max-image-preview:large","max-video-preview":"max-video-preview:-1"},"canonical":"https:\/\/www.amstelprinting.nl\/de\/gesch\u00e4ft\/innere\/fotoprodukte\/foto-auf-paneel\/","og_locale":"de_DE","og_type":"article","og_title":"Foto auf Paneel | Amstel Printing","og_description":"Erwecken Sie Ihr Foto zum Leben. Gestochen scharfe Drucke f\u00fcr die Wand.nErwecken Sie Ihre Lieblingsfotos mit unseren hochwertigen Fotopaneelen zum Leben. Ideal sowohl f\u00fcr Zuhause als auch f\u00fcr das B\u00fcro. Fotopaneele bieten eine stilvolle und langlebige M\u00f6glichkeit, Ihre Erinnerungen oder Kunstwerke zu pr\u00e4sentieren. W\u00e4hlen Sie aus verschiedenen Materialien und Oberfl\u00e4chen, um den perfekten Look f\u00fcr Ihren Raum zu kreieren. Oft schon innerhalb von 1 Tag geliefert.","og_url":"https:\/\/www.amstelprinting.nl\/de\/gesch\u00e4ft\/innere\/fotoprodukte\/foto-auf-paneel\/","og_site_name":"Amstel Printing","article_modified_time":"2026-02-18T11:54:39+00:00","og_image":[{"width":700,"height":700,"url":"https:\/\/www.amstelprinting.nl\/wp-content\/uploads\/Foto-op-paneel2.jpg","type":"image\/jpeg"}],"twitter_card":"summary_large_image","twitter_misc":{"Gesch\u00e4tzte Lesezeit":"2\u00a0Minuten"},"schema":{"@context":"https:\/\/schema.org","@graph":[{"@type":"WebPage","@id":"https:\/\/www.amstelprinting.nl\/de\/gesch\u00e4ft\/innere\/fotoprodukte\/foto-auf-paneel\/","url":"https:\/\/www.amstelprinting.nl\/de\/gesch\u00e4ft\/innere\/fotoprodukte\/foto-auf-paneel\/","name":"Foto auf Paneel | Amstel Printing","isPartOf":{"@id":"https:\/\/www.amstelprinting.nl\/de\/#website"},"primaryImageOfPage":{"@id":"https:\/\/www.amstelprinting.nl\/de\/gesch\u00e4ft\/innere\/fotoprodukte\/foto-auf-paneel\/#primaryimage"},"image":{"@id":"https:\/\/www.amstelprinting.nl\/de\/gesch\u00e4ft\/innere\/fotoprodukte\/foto-auf-paneel\/#primaryimage"},"thumbnailUrl":"https:\/\/www.amstelprinting.nl\/wp-content\/uploads\/Foto-op-paneel2.jpg","datePublished":"2025-01-23T20:02:08+00:00","dateModified":"2026-02-18T11:54:39+00:00","breadcrumb":{"@id":"https:\/\/www.amstelprinting.nl\/de\/gesch\u00e4ft\/innere\/fotoprodukte\/foto-auf-paneel\/#breadcrumb"},"inLanguage":"de","potentialAction":[{"@type":"ReadAction","target":["https:\/\/www.amstelprinting.nl\/de\/gesch\u00e4ft\/innere\/fotoprodukte\/foto-auf-paneel\/"]}]},{"@type":"ImageObject","inLanguage":"de","@id":"https:\/\/www.amstelprinting.nl\/de\/gesch\u00e4ft\/innere\/fotoprodukte\/foto-auf-paneel\/#primaryimage","url":"https:\/\/www.amstelprinting.nl\/wp-content\/uploads\/Foto-op-paneel2.jpg","contentUrl":"https:\/\/www.amstelprinting.nl\/wp-content\/uploads\/Foto-op-paneel2.jpg","width":700,"height":700},{"@type":"BreadcrumbList","@id":"https:\/\/www.amstelprinting.nl\/de\/gesch\u00e4ft\/innere\/fotoprodukte\/foto-auf-paneel\/#breadcrumb","itemListElement":[{"@type":"ListItem","position":1,"name":"","item":"https:\/\/www.amstelprinting.nl\/de\/"},{"@type":"ListItem","position":2,"name":"Amstel Printing","item":"https:\/\/www.amstelprinting.nl\/de\/geschaeft\/"},{"@type":"ListItem","position":3,"name":"Innere","item":"https:\/\/www.amstelprinting.nl\/de\/kategorie\/innere\/"},{"@type":"ListItem","position":4,"name":"Fotoprodukte","item":"https:\/\/www.amstelprinting.nl\/de\/kategorie\/innere\/fotoprodukte\/"},{"@type":"ListItem","position":5,"name":"Foto auf Paneel"}]},{"@type":"WebSite","@id":"https:\/\/www.amstelprinting.nl\/de\/#website","url":"https:\/\/www.amstelprinting.nl\/de\/","name":"Amstel Printing","description":"Creating Exposure","publisher":{"@id":"https:\/\/www.amstelprinting.nl\/de\/#organization"},"potentialAction":[{"@type":"SearchAction","target":{"@type":"EntryPoint","urlTemplate":"https:\/\/www.amstelprinting.nl\/de\/?s={search_term_string}"},"query-input":{"@type":"PropertyValueSpecification","valueRequired":true,"valueName":"search_term_string"}}],"inLanguage":"de"},{"@type":"Organization","@id":"https:\/\/www.amstelprinting.nl\/de\/#organization","name":"Amstel Printing","url":"https:\/\/www.amstelprinting.nl\/de\/","logo":{"@type":"ImageObject","inLanguage":"de","@id":"https:\/\/www.amstelprinting.nl\/de\/#\/schema\/logo\/image\/","url":"https:\/\/www.amstelprinting.nl\/wp-content\/uploads\/amstel_printing_logo_clean.png","contentUrl":"https:\/\/www.amstelprinting.nl\/wp-content\/uploads\/amstel_printing_logo_clean.png","width":324,"height":73,"caption":"Amstel Printing"},"image":{"@id":"https:\/\/www.amstelprinting.nl\/de\/#\/schema\/logo\/image\/"}}]}},"_links":{"self":[{"href":"https:\/\/www.amstelprinting.nl\/de\/wp-json\/wp\/v2\/product\/15391","targetHints":{"allow":["GET"]}}],"collection":[{"href":"https:\/\/www.amstelprinting.nl\/de\/wp-json\/wp\/v2\/product"}],"about":[{"href":"https:\/\/www.amstelprinting.nl\/de\/wp-json\/wp\/v2\/types\/product"}],"wp:featuredmedia":[{"embeddable":true,"href":"https:\/\/www.amstelprinting.nl\/de\/wp-json\/wp\/v2\/media\/15393"}],"wp:attachment":[{"href":"https:\/\/www.amstelprinting.nl\/de\/wp-json\/wp\/v2\/media?parent=15391"}],"wp:term":[{"taxonomy":"product_brand","embeddable":true,"href":"https:\/\/www.amstelprinting.nl\/de\/wp-json\/wp\/v2\/product_brand?post=15391"},{"taxonomy":"product_cat","embeddable":true,"href":"https:\/\/www.amstelprinting.nl\/de\/wp-json\/wp\/v2\/product_cat?post=15391"},{"taxonomy":"product_tag","embeddable":true,"href":"https:\/\/www.amstelprinting.nl\/de\/wp-json\/wp\/v2\/product_tag?post=15391"}],"curies":[{"name":"wp","href":"https:\/\/api.w.org\/{rel}","templated":true}]}}