{"id":15404,"date":"2025-01-23T21:01:54","date_gmt":"2025-01-23T20:01:54","guid":{"rendered":"https:\/\/www.amstelprinting.nl\/winkel\/unkategorisiert\/foto-op-textiel\/"},"modified":"2026-02-18T12:54:40","modified_gmt":"2026-02-18T11:54:40","slug":"foto-auf-textil","status":"publish","type":"product","link":"https:\/\/www.amstelprinting.nl\/de\/gesch\u00e4ft\/innere\/fotoprodukte\/foto-auf-textil\/","title":{"rendered":"Foto auf Textil"},"content":{"rendered":"<h3>Foto auf Textil drucken<\/h3>\n<p>Verwandeln Sie Ihre W\u00e4nde mit unserem Foto auf Textil und schaffen Sie einen Raum, der wirklich Ihnen geh\u00f6rt. Ganz gleich, ob Sie sich f\u00fcr ein eigenes Design oder ein bestehendes Muster entscheiden, unser Foto auf Textil bietet Ihnen die Freiheit, Ihren Raum ganz nach Ihrem Geschmack zu gestalten. Lassen Sie Ihrer Kreativit\u00e4t freien Lauf und setzen Sie ein einzigartiges Statement. Bestellen Sie noch heute und erleben Sie die perfekte Kombination aus Stil, Qualit\u00e4t und Komfort!<\/p>\n<h3>Vorteile Foto auf Textil drucken<\/h3>\n<ul>\n<li>Stabiler schwarzer Aluminiumrahmen f\u00fcr eine langfristige Nutzung<\/li>\n<li>Lebendige Farben und mattes Finish f\u00fcr eine brillante Darstellung<\/li>\n<li>Leicht auswechselbares Tuch f\u00fcr immer wieder einen neuen Look<\/li>\n<li>Inklusive Wandhalterungen f\u00fcr eine schnelle Montage<\/li>\n<\/ul>\n<p>&nbsp;<\/p>\n<h3>Materialien<\/h3>\n<p>Unser schwarzer Aluminiumrahmen sorgt nicht nur f\u00fcr eine stabile und langlebige Konstruktion, sondern verleiht Ihrer Einrichtung auch einen modernen Touch. Der Rahmen ist so konzipiert, dass er perfekt mit unserem Textiltuch harmoniert, wodurch Ihr Bild hervorragend zur Geltung kommt.<\/p>\n<p>Das Tuch besteht aus Dekostoff. Dieser Stoff bietet eine beeindruckende Farbwiedergabe, die jedes Bild lebendig und strahlend macht. Das matte Finish verhindert unerw\u00fcnschte Reflexionen, sodass Ihr Druck immer klar sichtbar bleibt. Das geschmeidige Polyestertuch hat eine subtile Textur, die Ihrem Bild ein luxuri\u00f6ses Aussehen verleiht. Zudem absorbiert der Dekostoff Licht, anstatt es zu reflektieren, wodurch in jedem Raum, in dem er verwendet wird, eine weiche und angenehme Atmosph\u00e4re entsteht. \u00dcbrigens verf\u00fcgt er \u00fcber ein B1-Zertifikat f\u00fcr Brandsicherheit.<\/p>\n<h3>Zubeh\u00f6r<\/h3>\n<p>Jedes Set wird mit Wandhalterungen geliefert, wodurch die Installation schnell und einfach ist.<\/p>\n","protected":false},"excerpt":{"rendered":"<p><span style=\"font-weight: 400;\">Werten Sie Ihr Interieur mit einem auf Textiltuch gedruckten Foto auf. Mit einem fertig montierten Rahmen und Tuch, erh\u00e4ltlich in acht verschiedenen Formaten, bietet dieses Produkt die ideale M\u00f6glichkeit, Ihren Raum mit lebendigen, kraftvollen Bildern zu personalisieren.<\/span><\/p>\n","protected":false},"featured_media":15405,"template":"","meta":{"_et_pb_use_builder":"","_et_pb_old_content":"","_et_gb_content_width":""},"product_brand":[],"product_cat":[947,950],"product_tag":[],"class_list":{"0":"post-15404","1":"product","2":"type-product","3":"status-publish","4":"has-post-thumbnail","6":"product_cat-innere","7":"product_cat-fotoprodukte","9":"first","10":"instock","11":"taxable","12":"shipping-taxable","13":"purchasable","14":"product-type-simple"},"yoast_head":"<!-- This site is optimized with the Yoast SEO plugin v27.0 - https:\/\/yoast.com\/product\/yoast-seo-wordpress\/ -->\n<title>Foto auf Textil | Amstel Printing<\/title>\n<meta name=\"robots\" content=\"index, follow, max-snippet:-1, max-image-preview:large, max-video-preview:-1\" \/>\n<link rel=\"canonical\" href=\"https:\/\/www.amstelprinting.nl\/de\/gesch\u00e4ft\/innere\/fotoprodukte\/foto-auf-textil\/\" \/>\n<meta property=\"og:locale\" content=\"de_DE\" \/>\n<meta property=\"og:type\" content=\"article\" \/>\n<meta property=\"og:title\" content=\"Foto auf Textil | Amstel Printing\" \/>\n<meta property=\"og:description\" content=\"Werten Sie Ihr Interieur mit einem auf Textiltuch gedruckten Foto auf. Mit einem fertig montierten Rahmen und Tuch, erh\u00e4ltlich in acht verschiedenen Formaten, bietet dieses Produkt die ideale M\u00f6glichkeit, Ihren Raum mit lebendigen, kraftvollen Bildern zu personalisieren.\" \/>\n<meta property=\"og:url\" content=\"https:\/\/www.amstelprinting.nl\/de\/gesch\u00e4ft\/innere\/fotoprodukte\/foto-auf-textil\/\" \/>\n<meta property=\"og:site_name\" content=\"Amstel Printing\" \/>\n<meta property=\"article:modified_time\" content=\"2026-02-18T11:54:40+00:00\" \/>\n<meta property=\"og:image\" content=\"https:\/\/www.amstelprinting.nl\/wp-content\/uploads\/Foto-op-canvas.jpg\" \/>\n\t<meta property=\"og:image:width\" content=\"700\" \/>\n\t<meta property=\"og:image:height\" content=\"700\" \/>\n\t<meta property=\"og:image:type\" content=\"image\/jpeg\" \/>\n<meta name=\"twitter:card\" content=\"summary_large_image\" \/>\n<meta name=\"twitter:label1\" content=\"Gesch\u00e4tzte Lesezeit\" \/>\n\t<meta name=\"twitter:data1\" content=\"1\u00a0Minute\" \/>\n<script type=\"application\/ld+json\" class=\"yoast-schema-graph\">{\"@context\":\"https:\/\/schema.org\",\"@graph\":[{\"@type\":\"WebPage\",\"@id\":\"https:\/\/www.amstelprinting.nl\/de\/gesch\u00e4ft\/innere\/fotoprodukte\/foto-auf-textil\/\",\"url\":\"https:\/\/www.amstelprinting.nl\/de\/gesch\u00e4ft\/innere\/fotoprodukte\/foto-auf-textil\/\",\"name\":\"Foto auf Textil | Amstel Printing\",\"isPartOf\":{\"@id\":\"https:\/\/www.amstelprinting.nl\/de\/#website\"},\"primaryImageOfPage\":{\"@id\":\"https:\/\/www.amstelprinting.nl\/de\/gesch\u00e4ft\/innere\/fotoprodukte\/foto-auf-textil\/#primaryimage\"},\"image\":{\"@id\":\"https:\/\/www.amstelprinting.nl\/de\/gesch\u00e4ft\/innere\/fotoprodukte\/foto-auf-textil\/#primaryimage\"},\"thumbnailUrl\":\"https:\/\/www.amstelprinting.nl\/wp-content\/uploads\/Foto-op-canvas.jpg\",\"datePublished\":\"2025-01-23T20:01:54+00:00\",\"dateModified\":\"2026-02-18T11:54:40+00:00\",\"breadcrumb\":{\"@id\":\"https:\/\/www.amstelprinting.nl\/de\/gesch\u00e4ft\/innere\/fotoprodukte\/foto-auf-textil\/#breadcrumb\"},\"inLanguage\":\"de\",\"potentialAction\":[{\"@type\":\"ReadAction\",\"target\":[\"https:\/\/www.amstelprinting.nl\/de\/gesch\u00e4ft\/innere\/fotoprodukte\/foto-auf-textil\/\"]}]},{\"@type\":\"ImageObject\",\"inLanguage\":\"de\",\"@id\":\"https:\/\/www.amstelprinting.nl\/de\/gesch\u00e4ft\/innere\/fotoprodukte\/foto-auf-textil\/#primaryimage\",\"url\":\"https:\/\/www.amstelprinting.nl\/wp-content\/uploads\/Foto-op-canvas.jpg\",\"contentUrl\":\"https:\/\/www.amstelprinting.nl\/wp-content\/uploads\/Foto-op-canvas.jpg\",\"width\":700,\"height\":700},{\"@type\":\"BreadcrumbList\",\"@id\":\"https:\/\/www.amstelprinting.nl\/de\/gesch\u00e4ft\/innere\/fotoprodukte\/foto-auf-textil\/#breadcrumb\",\"itemListElement\":[{\"@type\":\"ListItem\",\"position\":1,\"name\":\"\",\"item\":\"https:\/\/www.amstelprinting.nl\/de\/\"},{\"@type\":\"ListItem\",\"position\":2,\"name\":\"Amstel Printing\",\"item\":\"https:\/\/www.amstelprinting.nl\/de\/geschaeft\/\"},{\"@type\":\"ListItem\",\"position\":3,\"name\":\"Innere\",\"item\":\"https:\/\/www.amstelprinting.nl\/de\/kategorie\/innere\/\"},{\"@type\":\"ListItem\",\"position\":4,\"name\":\"Fotoprodukte\",\"item\":\"https:\/\/www.amstelprinting.nl\/de\/kategorie\/innere\/fotoprodukte\/\"},{\"@type\":\"ListItem\",\"position\":5,\"name\":\"Foto auf Textil\"}]},{\"@type\":\"WebSite\",\"@id\":\"https:\/\/www.amstelprinting.nl\/de\/#website\",\"url\":\"https:\/\/www.amstelprinting.nl\/de\/\",\"name\":\"Amstel Printing\",\"description\":\"Creating Exposure\",\"publisher\":{\"@id\":\"https:\/\/www.amstelprinting.nl\/de\/#organization\"},\"potentialAction\":[{\"@type\":\"SearchAction\",\"target\":{\"@type\":\"EntryPoint\",\"urlTemplate\":\"https:\/\/www.amstelprinting.nl\/de\/?s={search_term_string}\"},\"query-input\":{\"@type\":\"PropertyValueSpecification\",\"valueRequired\":true,\"valueName\":\"search_term_string\"}}],\"inLanguage\":\"de\"},{\"@type\":\"Organization\",\"@id\":\"https:\/\/www.amstelprinting.nl\/de\/#organization\",\"name\":\"Amstel Printing\",\"url\":\"https:\/\/www.amstelprinting.nl\/de\/\",\"logo\":{\"@type\":\"ImageObject\",\"inLanguage\":\"de\",\"@id\":\"https:\/\/www.amstelprinting.nl\/de\/#\/schema\/logo\/image\/\",\"url\":\"https:\/\/www.amstelprinting.nl\/wp-content\/uploads\/amstel_printing_logo_clean.png\",\"contentUrl\":\"https:\/\/www.amstelprinting.nl\/wp-content\/uploads\/amstel_printing_logo_clean.png\",\"width\":324,\"height\":73,\"caption\":\"Amstel Printing\"},\"image\":{\"@id\":\"https:\/\/www.amstelprinting.nl\/de\/#\/schema\/logo\/image\/\"}}]}<\/script>\n<!-- \/ Yoast SEO plugin. -->","yoast_head_json":{"title":"Foto auf Textil | Amstel Printing","robots":{"index":"index","follow":"follow","max-snippet":"max-snippet:-1","max-image-preview":"max-image-preview:large","max-video-preview":"max-video-preview:-1"},"canonical":"https:\/\/www.amstelprinting.nl\/de\/gesch\u00e4ft\/innere\/fotoprodukte\/foto-auf-textil\/","og_locale":"de_DE","og_type":"article","og_title":"Foto auf Textil | Amstel Printing","og_description":"Werten Sie Ihr Interieur mit einem auf Textiltuch gedruckten Foto auf. Mit einem fertig montierten Rahmen und Tuch, erh\u00e4ltlich in acht verschiedenen Formaten, bietet dieses Produkt die ideale M\u00f6glichkeit, Ihren Raum mit lebendigen, kraftvollen Bildern zu personalisieren.","og_url":"https:\/\/www.amstelprinting.nl\/de\/gesch\u00e4ft\/innere\/fotoprodukte\/foto-auf-textil\/","og_site_name":"Amstel Printing","article_modified_time":"2026-02-18T11:54:40+00:00","og_image":[{"width":700,"height":700,"url":"https:\/\/www.amstelprinting.nl\/wp-content\/uploads\/Foto-op-canvas.jpg","type":"image\/jpeg"}],"twitter_card":"summary_large_image","twitter_misc":{"Gesch\u00e4tzte Lesezeit":"1\u00a0Minute"},"schema":{"@context":"https:\/\/schema.org","@graph":[{"@type":"WebPage","@id":"https:\/\/www.amstelprinting.nl\/de\/gesch\u00e4ft\/innere\/fotoprodukte\/foto-auf-textil\/","url":"https:\/\/www.amstelprinting.nl\/de\/gesch\u00e4ft\/innere\/fotoprodukte\/foto-auf-textil\/","name":"Foto auf Textil | Amstel Printing","isPartOf":{"@id":"https:\/\/www.amstelprinting.nl\/de\/#website"},"primaryImageOfPage":{"@id":"https:\/\/www.amstelprinting.nl\/de\/gesch\u00e4ft\/innere\/fotoprodukte\/foto-auf-textil\/#primaryimage"},"image":{"@id":"https:\/\/www.amstelprinting.nl\/de\/gesch\u00e4ft\/innere\/fotoprodukte\/foto-auf-textil\/#primaryimage"},"thumbnailUrl":"https:\/\/www.amstelprinting.nl\/wp-content\/uploads\/Foto-op-canvas.jpg","datePublished":"2025-01-23T20:01:54+00:00","dateModified":"2026-02-18T11:54:40+00:00","breadcrumb":{"@id":"https:\/\/www.amstelprinting.nl\/de\/gesch\u00e4ft\/innere\/fotoprodukte\/foto-auf-textil\/#breadcrumb"},"inLanguage":"de","potentialAction":[{"@type":"ReadAction","target":["https:\/\/www.amstelprinting.nl\/de\/gesch\u00e4ft\/innere\/fotoprodukte\/foto-auf-textil\/"]}]},{"@type":"ImageObject","inLanguage":"de","@id":"https:\/\/www.amstelprinting.nl\/de\/gesch\u00e4ft\/innere\/fotoprodukte\/foto-auf-textil\/#primaryimage","url":"https:\/\/www.amstelprinting.nl\/wp-content\/uploads\/Foto-op-canvas.jpg","contentUrl":"https:\/\/www.amstelprinting.nl\/wp-content\/uploads\/Foto-op-canvas.jpg","width":700,"height":700},{"@type":"BreadcrumbList","@id":"https:\/\/www.amstelprinting.nl\/de\/gesch\u00e4ft\/innere\/fotoprodukte\/foto-auf-textil\/#breadcrumb","itemListElement":[{"@type":"ListItem","position":1,"name":"","item":"https:\/\/www.amstelprinting.nl\/de\/"},{"@type":"ListItem","position":2,"name":"Amstel Printing","item":"https:\/\/www.amstelprinting.nl\/de\/geschaeft\/"},{"@type":"ListItem","position":3,"name":"Innere","item":"https:\/\/www.amstelprinting.nl\/de\/kategorie\/innere\/"},{"@type":"ListItem","position":4,"name":"Fotoprodukte","item":"https:\/\/www.amstelprinting.nl\/de\/kategorie\/innere\/fotoprodukte\/"},{"@type":"ListItem","position":5,"name":"Foto auf Textil"}]},{"@type":"WebSite","@id":"https:\/\/www.amstelprinting.nl\/de\/#website","url":"https:\/\/www.amstelprinting.nl\/de\/","name":"Amstel Printing","description":"Creating Exposure","publisher":{"@id":"https:\/\/www.amstelprinting.nl\/de\/#organization"},"potentialAction":[{"@type":"SearchAction","target":{"@type":"EntryPoint","urlTemplate":"https:\/\/www.amstelprinting.nl\/de\/?s={search_term_string}"},"query-input":{"@type":"PropertyValueSpecification","valueRequired":true,"valueName":"search_term_string"}}],"inLanguage":"de"},{"@type":"Organization","@id":"https:\/\/www.amstelprinting.nl\/de\/#organization","name":"Amstel Printing","url":"https:\/\/www.amstelprinting.nl\/de\/","logo":{"@type":"ImageObject","inLanguage":"de","@id":"https:\/\/www.amstelprinting.nl\/de\/#\/schema\/logo\/image\/","url":"https:\/\/www.amstelprinting.nl\/wp-content\/uploads\/amstel_printing_logo_clean.png","contentUrl":"https:\/\/www.amstelprinting.nl\/wp-content\/uploads\/amstel_printing_logo_clean.png","width":324,"height":73,"caption":"Amstel Printing"},"image":{"@id":"https:\/\/www.amstelprinting.nl\/de\/#\/schema\/logo\/image\/"}}]}},"_links":{"self":[{"href":"https:\/\/www.amstelprinting.nl\/de\/wp-json\/wp\/v2\/product\/15404","targetHints":{"allow":["GET"]}}],"collection":[{"href":"https:\/\/www.amstelprinting.nl\/de\/wp-json\/wp\/v2\/product"}],"about":[{"href":"https:\/\/www.amstelprinting.nl\/de\/wp-json\/wp\/v2\/types\/product"}],"wp:featuredmedia":[{"embeddable":true,"href":"https:\/\/www.amstelprinting.nl\/de\/wp-json\/wp\/v2\/media\/15405"}],"wp:attachment":[{"href":"https:\/\/www.amstelprinting.nl\/de\/wp-json\/wp\/v2\/media?parent=15404"}],"wp:term":[{"taxonomy":"product_brand","embeddable":true,"href":"https:\/\/www.amstelprinting.nl\/de\/wp-json\/wp\/v2\/product_brand?post=15404"},{"taxonomy":"product_cat","embeddable":true,"href":"https:\/\/www.amstelprinting.nl\/de\/wp-json\/wp\/v2\/product_cat?post=15404"},{"taxonomy":"product_tag","embeddable":true,"href":"https:\/\/www.amstelprinting.nl\/de\/wp-json\/wp\/v2\/product_tag?post=15404"}],"curies":[{"name":"wp","href":"https:\/\/api.w.org\/{rel}","templated":true}]}}