{"id":15416,"date":"2025-01-23T21:01:41","date_gmt":"2025-01-23T20:01:41","guid":{"rendered":"https:\/\/www.amstelprinting.nl\/winkel\/unkategorisiert\/paneel-met-baklijst\/"},"modified":"2026-02-18T12:54:41","modified_gmt":"2026-02-18T11:54:41","slug":"paneel-mit-schattenfugenrahmen","status":"publish","type":"product","link":"https:\/\/www.amstelprinting.nl\/de\/geschaeft\/innere\/fotoprodukte\/paneel-mit-schattenfugenrahmen\/","title":{"rendered":"Paneel mit Schattenfugenrahmen"},"content":{"rendered":"<h3>Paneel mit Schattenfugenrahmen bestellen<\/h3>\n<p>Ob moderne Inneneinrichtung oder klassisches Ambiente, Schattenfugen-Paneele passen nahtlos in jede Umgebung. W\u00e4hlen Sie Qualit\u00e4t und Eleganz mit unseren komplett montierten Paneelen mit Schattenfugenrahmen und genie\u00dfen Sie sofort eine beeindruckende und professionelle Pr\u00e4sentation. Bestellen Sie noch heute und verwandeln Sie Ihren Raum mit einem Kunstwerk, das sowohl stilvoll als auch langlebig ist.<\/p>\n<h3>Vorteile<\/h3>\n<ul>\n<li>Blitzschnell geliefert<\/li>\n<li>Komplett montiert geliefert<\/li>\n<li>Laden Sie Ihr eigenes Design oder Bild hoch<\/li>\n<li>Schwarzer Holz-Schattenfugenrahmen mit sichtbarer Holzmaserungsstruktur<\/li>\n<li>Auswahl aus verschiedenen Formaten und Materialien<\/li>\n<\/ul>\n<p>&nbsp;<\/p>\n<h3>Formate und Materialien<\/h3>\n<p>Der Schattenfugenrahmen, auch Paneelrahmen genannt, besteht aus schwarzem Holz mit sichtbarer Holzmaserungsstruktur. W\u00e4hlen Sie aus f\u00fcnf verschiedenen Formaten: 40 x 60 cm, 50 x 70 cm, 60 x 90 cm, 75 x 100 cm und 100 x 150 cm. Die Paneele sind in vier Materialien erh\u00e4ltlich.<br \/>\n&nbsp;<\/p>\n<ul>\n<li><strong>Dibond\u00ae Premium 3 mm<\/strong>: Diese Premium-Aluminium-Verbundplatte hat einen schwarzen Kern und ist sowohl f\u00fcr den Innen- als auch f\u00fcr den Au\u00dfenbereich geeignet. Sie haben die M\u00f6glichkeit, dieses Paneel mit einer matten oder gl\u00e4nzenden Beschichtung veredeln zu lassen.<\/li>\n<li><strong>Dibond\u00ae Budget 3 mm<\/strong>: Eine budgetfreundliche Option derselben Aluminium-Verbundplatte mit schwarzem Kern, geeignet f\u00fcr den Innen- und Au\u00dfenbereich, ausgestattet mit einem Brandschutzzertifikat.<\/li>\n<li><strong>Dibond\u00ae Butler Finish<\/strong>: Dieses Paneel bietet eine Optik aus geb\u00fcrstetem Edelstahl mit schwarzem Kern und ist f\u00fcr den Innen- und Au\u00dfenbereich geeignet. Zudem verf\u00fcgt es \u00fcber ein B1-Zertifikat f\u00fcr Brandschutz.<\/li>\n<li><strong>Acrylglas Klar<\/strong>: Ein transparentes Material mit moderner Ausstrahlung, geeignet f\u00fcr den Innen- und Au\u00dfenbereich. Bitte beachten Sie, dass Acrylglas kratzempfindlich ist, aber eine au\u00dfergew\u00f6hnliche Klarheit und Stil bietet.<\/li>\n<\/ul>\n","protected":false},"excerpt":{"rendered":"<h3>W\u00e4hlen Sie eine luxuri\u00f6se Ausstrahlung. Erwecken Sie Ihr Foto oder Design zum Leben!<\/h3>\n<p>Entdecken Sie die perfekte Art und Weise, Ihre Lieblingsbilder und Kunstwerke mit unseren Paneelen mit Schattenfugenrahmen (Paneelrahmen) zur Geltung zu bringen. Erh\u00e4ltlich in verschiedenen Formaten und Materialoptionen. Das Paneel mit Schattenfugenrahmen ist in f\u00fcnf Standardgr\u00f6\u00dfen lieferbar und wird komplett montiert geliefert.<\/p>\n","protected":false},"featured_media":15418,"template":"","meta":{"_et_pb_use_builder":"","_et_pb_old_content":"","_et_gb_content_width":""},"product_brand":[],"product_cat":[950,947],"product_tag":[],"class_list":{"0":"post-15416","1":"product","2":"type-product","3":"status-publish","4":"has-post-thumbnail","6":"product_cat-fotoprodukte","7":"product_cat-innere","9":"first","10":"instock","11":"taxable","12":"shipping-taxable","13":"purchasable","14":"product-type-simple"},"yoast_head":"<!-- This site is optimized with the Yoast SEO plugin v27.3 - https:\/\/yoast.com\/product\/yoast-seo-wordpress\/ -->\n<title>Paneel mit Schattenfugenrahmen | Amstel Printing<\/title>\n<meta name=\"robots\" content=\"index, follow, max-snippet:-1, max-image-preview:large, max-video-preview:-1\" \/>\n<link rel=\"canonical\" href=\"https:\/\/www.amstelprinting.nl\/de\/geschaeft\/innere\/fotoprodukte\/paneel-mit-schattenfugenrahmen\/\" \/>\n<meta property=\"og:locale\" content=\"de_DE\" \/>\n<meta property=\"og:type\" content=\"article\" \/>\n<meta property=\"og:title\" content=\"Paneel mit Schattenfugenrahmen | Amstel Printing\" \/>\n<meta property=\"og:description\" content=\"W\u00e4hlen Sie eine luxuri\u00f6se Ausstrahlung. Erwecken Sie Ihr Foto oder Design zum Leben! Entdecken Sie die perfekte Art und Weise, Ihre Lieblingsbilder und Kunstwerke mit unseren Paneelen mit Schattenfugenrahmen (Paneelrahmen) zur Geltung zu bringen. Erh\u00e4ltlich in verschiedenen Formaten und Materialoptionen. Das Paneel mit Schattenfugenrahmen ist in f\u00fcnf Standardgr\u00f6\u00dfen lieferbar und wird komplett montiert geliefert.\" \/>\n<meta property=\"og:url\" content=\"https:\/\/www.amstelprinting.nl\/de\/geschaeft\/innere\/fotoprodukte\/paneel-mit-schattenfugenrahmen\/\" \/>\n<meta property=\"og:site_name\" content=\"Amstel Printing\" \/>\n<meta property=\"article:modified_time\" content=\"2026-02-18T11:54:41+00:00\" \/>\n<meta property=\"og:image\" content=\"https:\/\/www.amstelprinting.nl\/wp-content\/uploads\/Paneel-met-baklijst2.jpg\" \/>\n\t<meta property=\"og:image:width\" content=\"700\" \/>\n\t<meta property=\"og:image:height\" content=\"700\" \/>\n\t<meta property=\"og:image:type\" content=\"image\/jpeg\" \/>\n<meta name=\"twitter:card\" content=\"summary_large_image\" \/>\n<meta name=\"twitter:label1\" content=\"Gesch\u00e4tzte Lesezeit\" \/>\n\t<meta name=\"twitter:data1\" content=\"1\u00a0Minute\" \/>\n<script type=\"application\/ld+json\" class=\"yoast-schema-graph\">{\"@context\":\"https:\\\/\\\/schema.org\",\"@graph\":[{\"@type\":\"WebPage\",\"@id\":\"https:\\\/\\\/www.amstelprinting.nl\\\/de\\\/geschaeft\\\/innere\\\/fotoprodukte\\\/paneel-mit-schattenfugenrahmen\\\/\",\"url\":\"https:\\\/\\\/www.amstelprinting.nl\\\/de\\\/geschaeft\\\/innere\\\/fotoprodukte\\\/paneel-mit-schattenfugenrahmen\\\/\",\"name\":\"Paneel mit Schattenfugenrahmen | Amstel Printing\",\"isPartOf\":{\"@id\":\"https:\\\/\\\/www.amstelprinting.nl\\\/de\\\/#website\"},\"primaryImageOfPage\":{\"@id\":\"https:\\\/\\\/www.amstelprinting.nl\\\/de\\\/geschaeft\\\/innere\\\/fotoprodukte\\\/paneel-mit-schattenfugenrahmen\\\/#primaryimage\"},\"image\":{\"@id\":\"https:\\\/\\\/www.amstelprinting.nl\\\/de\\\/geschaeft\\\/innere\\\/fotoprodukte\\\/paneel-mit-schattenfugenrahmen\\\/#primaryimage\"},\"thumbnailUrl\":\"https:\\\/\\\/www.amstelprinting.nl\\\/wp-content\\\/uploads\\\/Paneel-met-baklijst2.jpg\",\"datePublished\":\"2025-01-23T20:01:41+00:00\",\"dateModified\":\"2026-02-18T11:54:41+00:00\",\"breadcrumb\":{\"@id\":\"https:\\\/\\\/www.amstelprinting.nl\\\/de\\\/geschaeft\\\/innere\\\/fotoprodukte\\\/paneel-mit-schattenfugenrahmen\\\/#breadcrumb\"},\"inLanguage\":\"de\",\"potentialAction\":[{\"@type\":\"ReadAction\",\"target\":[\"https:\\\/\\\/www.amstelprinting.nl\\\/de\\\/geschaeft\\\/innere\\\/fotoprodukte\\\/paneel-mit-schattenfugenrahmen\\\/\"]}]},{\"@type\":\"ImageObject\",\"inLanguage\":\"de\",\"@id\":\"https:\\\/\\\/www.amstelprinting.nl\\\/de\\\/geschaeft\\\/innere\\\/fotoprodukte\\\/paneel-mit-schattenfugenrahmen\\\/#primaryimage\",\"url\":\"https:\\\/\\\/www.amstelprinting.nl\\\/wp-content\\\/uploads\\\/Paneel-met-baklijst2.jpg\",\"contentUrl\":\"https:\\\/\\\/www.amstelprinting.nl\\\/wp-content\\\/uploads\\\/Paneel-met-baklijst2.jpg\",\"width\":700,\"height\":700},{\"@type\":\"BreadcrumbList\",\"@id\":\"https:\\\/\\\/www.amstelprinting.nl\\\/de\\\/geschaeft\\\/innere\\\/fotoprodukte\\\/paneel-mit-schattenfugenrahmen\\\/#breadcrumb\",\"itemListElement\":[{\"@type\":\"ListItem\",\"position\":1,\"name\":\"\",\"item\":\"https:\\\/\\\/www.amstelprinting.nl\\\/de\\\/\"},{\"@type\":\"ListItem\",\"position\":2,\"name\":\"Amstel Printing\",\"item\":\"https:\\\/\\\/www.amstelprinting.nl\\\/de\\\/geschaeft\\\/\"},{\"@type\":\"ListItem\",\"position\":3,\"name\":\"Paneel mit Schattenfugenrahmen\"}]},{\"@type\":\"WebSite\",\"@id\":\"https:\\\/\\\/www.amstelprinting.nl\\\/de\\\/#website\",\"url\":\"https:\\\/\\\/www.amstelprinting.nl\\\/de\\\/\",\"name\":\"Amstel Printing\",\"description\":\"Creating Exposure\",\"publisher\":{\"@id\":\"https:\\\/\\\/www.amstelprinting.nl\\\/de\\\/#organization\"},\"potentialAction\":[{\"@type\":\"SearchAction\",\"target\":{\"@type\":\"EntryPoint\",\"urlTemplate\":\"https:\\\/\\\/www.amstelprinting.nl\\\/de\\\/?s={search_term_string}\"},\"query-input\":{\"@type\":\"PropertyValueSpecification\",\"valueRequired\":true,\"valueName\":\"search_term_string\"}}],\"inLanguage\":\"de\"},{\"@type\":\"Organization\",\"@id\":\"https:\\\/\\\/www.amstelprinting.nl\\\/de\\\/#organization\",\"name\":\"Amstel Printing\",\"url\":\"https:\\\/\\\/www.amstelprinting.nl\\\/de\\\/\",\"logo\":{\"@type\":\"ImageObject\",\"inLanguage\":\"de\",\"@id\":\"https:\\\/\\\/www.amstelprinting.nl\\\/de\\\/#\\\/schema\\\/logo\\\/image\\\/\",\"url\":\"https:\\\/\\\/www.amstelprinting.nl\\\/wp-content\\\/uploads\\\/amstel_printing_logo_clean.png\",\"contentUrl\":\"https:\\\/\\\/www.amstelprinting.nl\\\/wp-content\\\/uploads\\\/amstel_printing_logo_clean.png\",\"width\":324,\"height\":73,\"caption\":\"Amstel Printing\"},\"image\":{\"@id\":\"https:\\\/\\\/www.amstelprinting.nl\\\/de\\\/#\\\/schema\\\/logo\\\/image\\\/\"}}]}<\/script>\n<!-- \/ Yoast SEO plugin. -->","yoast_head_json":{"title":"Paneel mit Schattenfugenrahmen | Amstel Printing","robots":{"index":"index","follow":"follow","max-snippet":"max-snippet:-1","max-image-preview":"max-image-preview:large","max-video-preview":"max-video-preview:-1"},"canonical":"https:\/\/www.amstelprinting.nl\/de\/geschaeft\/innere\/fotoprodukte\/paneel-mit-schattenfugenrahmen\/","og_locale":"de_DE","og_type":"article","og_title":"Paneel mit Schattenfugenrahmen | Amstel Printing","og_description":"W\u00e4hlen Sie eine luxuri\u00f6se Ausstrahlung. Erwecken Sie Ihr Foto oder Design zum Leben! Entdecken Sie die perfekte Art und Weise, Ihre Lieblingsbilder und Kunstwerke mit unseren Paneelen mit Schattenfugenrahmen (Paneelrahmen) zur Geltung zu bringen. Erh\u00e4ltlich in verschiedenen Formaten und Materialoptionen. Das Paneel mit Schattenfugenrahmen ist in f\u00fcnf Standardgr\u00f6\u00dfen lieferbar und wird komplett montiert geliefert.","og_url":"https:\/\/www.amstelprinting.nl\/de\/geschaeft\/innere\/fotoprodukte\/paneel-mit-schattenfugenrahmen\/","og_site_name":"Amstel Printing","article_modified_time":"2026-02-18T11:54:41+00:00","og_image":[{"width":700,"height":700,"url":"https:\/\/www.amstelprinting.nl\/wp-content\/uploads\/Paneel-met-baklijst2.jpg","type":"image\/jpeg"}],"twitter_card":"summary_large_image","twitter_misc":{"Gesch\u00e4tzte Lesezeit":"1\u00a0Minute"},"schema":{"@context":"https:\/\/schema.org","@graph":[{"@type":"WebPage","@id":"https:\/\/www.amstelprinting.nl\/de\/geschaeft\/innere\/fotoprodukte\/paneel-mit-schattenfugenrahmen\/","url":"https:\/\/www.amstelprinting.nl\/de\/geschaeft\/innere\/fotoprodukte\/paneel-mit-schattenfugenrahmen\/","name":"Paneel mit Schattenfugenrahmen | Amstel Printing","isPartOf":{"@id":"https:\/\/www.amstelprinting.nl\/de\/#website"},"primaryImageOfPage":{"@id":"https:\/\/www.amstelprinting.nl\/de\/geschaeft\/innere\/fotoprodukte\/paneel-mit-schattenfugenrahmen\/#primaryimage"},"image":{"@id":"https:\/\/www.amstelprinting.nl\/de\/geschaeft\/innere\/fotoprodukte\/paneel-mit-schattenfugenrahmen\/#primaryimage"},"thumbnailUrl":"https:\/\/www.amstelprinting.nl\/wp-content\/uploads\/Paneel-met-baklijst2.jpg","datePublished":"2025-01-23T20:01:41+00:00","dateModified":"2026-02-18T11:54:41+00:00","breadcrumb":{"@id":"https:\/\/www.amstelprinting.nl\/de\/geschaeft\/innere\/fotoprodukte\/paneel-mit-schattenfugenrahmen\/#breadcrumb"},"inLanguage":"de","potentialAction":[{"@type":"ReadAction","target":["https:\/\/www.amstelprinting.nl\/de\/geschaeft\/innere\/fotoprodukte\/paneel-mit-schattenfugenrahmen\/"]}]},{"@type":"ImageObject","inLanguage":"de","@id":"https:\/\/www.amstelprinting.nl\/de\/geschaeft\/innere\/fotoprodukte\/paneel-mit-schattenfugenrahmen\/#primaryimage","url":"https:\/\/www.amstelprinting.nl\/wp-content\/uploads\/Paneel-met-baklijst2.jpg","contentUrl":"https:\/\/www.amstelprinting.nl\/wp-content\/uploads\/Paneel-met-baklijst2.jpg","width":700,"height":700},{"@type":"BreadcrumbList","@id":"https:\/\/www.amstelprinting.nl\/de\/geschaeft\/innere\/fotoprodukte\/paneel-mit-schattenfugenrahmen\/#breadcrumb","itemListElement":[{"@type":"ListItem","position":1,"name":"","item":"https:\/\/www.amstelprinting.nl\/de\/"},{"@type":"ListItem","position":2,"name":"Amstel Printing","item":"https:\/\/www.amstelprinting.nl\/de\/geschaeft\/"},{"@type":"ListItem","position":3,"name":"Paneel mit Schattenfugenrahmen"}]},{"@type":"WebSite","@id":"https:\/\/www.amstelprinting.nl\/de\/#website","url":"https:\/\/www.amstelprinting.nl\/de\/","name":"Amstel Printing","description":"Creating Exposure","publisher":{"@id":"https:\/\/www.amstelprinting.nl\/de\/#organization"},"potentialAction":[{"@type":"SearchAction","target":{"@type":"EntryPoint","urlTemplate":"https:\/\/www.amstelprinting.nl\/de\/?s={search_term_string}"},"query-input":{"@type":"PropertyValueSpecification","valueRequired":true,"valueName":"search_term_string"}}],"inLanguage":"de"},{"@type":"Organization","@id":"https:\/\/www.amstelprinting.nl\/de\/#organization","name":"Amstel Printing","url":"https:\/\/www.amstelprinting.nl\/de\/","logo":{"@type":"ImageObject","inLanguage":"de","@id":"https:\/\/www.amstelprinting.nl\/de\/#\/schema\/logo\/image\/","url":"https:\/\/www.amstelprinting.nl\/wp-content\/uploads\/amstel_printing_logo_clean.png","contentUrl":"https:\/\/www.amstelprinting.nl\/wp-content\/uploads\/amstel_printing_logo_clean.png","width":324,"height":73,"caption":"Amstel Printing"},"image":{"@id":"https:\/\/www.amstelprinting.nl\/de\/#\/schema\/logo\/image\/"}}]}},"_links":{"self":[{"href":"https:\/\/www.amstelprinting.nl\/de\/wp-json\/wp\/v2\/product\/15416","targetHints":{"allow":["GET"]}}],"collection":[{"href":"https:\/\/www.amstelprinting.nl\/de\/wp-json\/wp\/v2\/product"}],"about":[{"href":"https:\/\/www.amstelprinting.nl\/de\/wp-json\/wp\/v2\/types\/product"}],"wp:featuredmedia":[{"embeddable":true,"href":"https:\/\/www.amstelprinting.nl\/de\/wp-json\/wp\/v2\/media\/15418"}],"wp:attachment":[{"href":"https:\/\/www.amstelprinting.nl\/de\/wp-json\/wp\/v2\/media?parent=15416"}],"wp:term":[{"taxonomy":"product_brand","embeddable":true,"href":"https:\/\/www.amstelprinting.nl\/de\/wp-json\/wp\/v2\/product_brand?post=15416"},{"taxonomy":"product_cat","embeddable":true,"href":"https:\/\/www.amstelprinting.nl\/de\/wp-json\/wp\/v2\/product_cat?post=15416"},{"taxonomy":"product_tag","embeddable":true,"href":"https:\/\/www.amstelprinting.nl\/de\/wp-json\/wp\/v2\/product_tag?post=15416"}],"curies":[{"name":"wp","href":"https:\/\/api.w.org\/{rel}","templated":true}]}}