{"id":15429,"date":"2025-01-23T20:49:04","date_gmt":"2025-01-23T19:49:04","guid":{"rendered":"https:\/\/www.amstelprinting.nl\/winkel\/unkategorisiert\/canvas-met-baklijst\/"},"modified":"2026-02-18T12:54:42","modified_gmt":"2026-02-18T11:54:42","slug":"leinwand-mit-schattenfugenrahmen","status":"publish","type":"product","link":"https:\/\/www.amstelprinting.nl\/de\/gesch\u00e4ft\/innere\/fotoprodukte\/leinwand-mit-schattenfugenrahmen\/","title":{"rendered":"Leinwand mit Schattenfugenrahmen"},"content":{"rendered":"<h3>Vorteile<\/h3>\n<ul>\n<li>Schwarzer Schattenfugenrahmen aus Holz mit sichtbarer Holzmaserung<\/li>\n<li>Auswahl aus verschiedenen Formaten und Materialien<\/li>\n<li>Vollst\u00e4ndig montiert geliefert<\/li>\n<li>Die breite Rahmenkante sorgt f\u00fcr ein luxuri\u00f6ses Erscheinungsbild<\/li>\n<\/ul>\n<p>&nbsp;<\/p>\n<h3>Formate und Material<\/h3>\n<p>Der Schattenfugenrahmen ist in stilvollem Schwarz mit einer sichtbaren Holzmaserung erh\u00e4ltlich und bietet eine Auswahl an verschiedenen Formaten:<\/p>\n<ul>\n<li>40 x 60 cm<\/li>\n<li>50 x 70 cm<\/li>\n<li>60 x 90 cm<\/li>\n<li>100 x 75 cm und;<\/li>\n<li>100 x 150 cm.<\/li>\n<\/ul>\n<p>&nbsp;<\/p>\n<h3>Druck auf Leinwand<\/h3>\n<p>Die Leinwand wird auf ein robustes Canvas-Gewebe von 300 g\/m\u00b2 gedruckt, das f\u00fcr seine feine Struktur und hohe Langlebigkeit bekannt ist. Hergestellt aus 100 % Baumwolle, bietet dieses Material ein nat\u00fcrliches und luxuri\u00f6ses Erscheinungsbild, perfekt zur Akzentuierung Ihrer Kunstwerke. Die hervorragende Qualit\u00e4t sorgt daf\u00fcr, dass Ihre Bilder lebendig und scharf bleiben, mit satten Farben, die lange sch\u00f6n bleiben.<\/p>\n<h3>Leinwand mit Schattenfugenrahmen aufh\u00e4ngen<\/h3>\n<p>Die Befestigung des Leinwandrahmens an der Wand ist m\u00fchelos, insbesondere mithilfe der klaren Montageanleitung, die in den Downloads verf\u00fcgbar ist. Jeder Schattenfugenrahmen wurde sorgf\u00e4ltig gefertigt, um Ihre Kunstwerke mit einer raffinierten Ausstrahlung zu akzentuieren. W\u00e4hlen Sie noch heute aus unseren verschiedenen Formaten und genie\u00dfen Sie hochwertige Drucke, die jahrelang halten.<\/p>\n","protected":false},"excerpt":{"rendered":"<p>Verleihen Sie jedem Raum einen Hauch von Raffinesse mit unserer Leinwand mit Schattenfugenrahmen. Die Kombination aus hochwertigen Materialien und Handwerkskunst sorgt f\u00fcr eine visuell ansprechende Pr\u00e4sentation, die Ihre Kunstwerke perfekt zur Geltung bringt. Unsere Leinwand mit Schattenfugenrahmen wird sorgf\u00e4ltig gedruckt und maschinell aufgespannt, sodass sie sofort zum Aufh\u00e4ngen bereit ist.<\/p>\n","protected":false},"featured_media":15430,"template":"","meta":{"_et_pb_use_builder":"","_et_pb_old_content":"","_et_gb_content_width":""},"product_brand":[],"product_cat":[947,950],"product_tag":[],"class_list":{"0":"post-15429","1":"product","2":"type-product","3":"status-publish","4":"has-post-thumbnail","6":"product_cat-innere","7":"product_cat-fotoprodukte","9":"first","10":"instock","11":"taxable","12":"shipping-taxable","13":"purchasable","14":"product-type-simple"},"yoast_head":"<!-- This site is optimized with the Yoast SEO plugin v27.0 - https:\/\/yoast.com\/product\/yoast-seo-wordpress\/ -->\n<title>Leinwand mit Schattenfugenrahmen | Amstel Printing<\/title>\n<meta name=\"robots\" content=\"index, follow, max-snippet:-1, max-image-preview:large, max-video-preview:-1\" \/>\n<link rel=\"canonical\" href=\"https:\/\/www.amstelprinting.nl\/de\/gesch\u00e4ft\/innere\/fotoprodukte\/leinwand-mit-schattenfugenrahmen\/\" \/>\n<meta property=\"og:locale\" content=\"de_DE\" \/>\n<meta property=\"og:type\" content=\"article\" \/>\n<meta property=\"og:title\" content=\"Leinwand mit Schattenfugenrahmen | Amstel Printing\" \/>\n<meta property=\"og:description\" content=\"Verleihen Sie jedem Raum einen Hauch von Raffinesse mit unserer Leinwand mit Schattenfugenrahmen. Die Kombination aus hochwertigen Materialien und Handwerkskunst sorgt f\u00fcr eine visuell ansprechende Pr\u00e4sentation, die Ihre Kunstwerke perfekt zur Geltung bringt. Unsere Leinwand mit Schattenfugenrahmen wird sorgf\u00e4ltig gedruckt und maschinell aufgespannt, sodass sie sofort zum Aufh\u00e4ngen bereit ist.\" \/>\n<meta property=\"og:url\" content=\"https:\/\/www.amstelprinting.nl\/de\/gesch\u00e4ft\/innere\/fotoprodukte\/leinwand-mit-schattenfugenrahmen\/\" \/>\n<meta property=\"og:site_name\" content=\"Amstel Printing\" \/>\n<meta property=\"article:modified_time\" content=\"2026-02-18T11:54:42+00:00\" \/>\n<meta property=\"og:image\" content=\"https:\/\/www.amstelprinting.nl\/wp-content\/uploads\/Canvas-met-baklijst.jpg\" \/>\n\t<meta property=\"og:image:width\" content=\"700\" \/>\n\t<meta property=\"og:image:height\" content=\"700\" \/>\n\t<meta property=\"og:image:type\" content=\"image\/jpeg\" \/>\n<meta name=\"twitter:card\" content=\"summary_large_image\" \/>\n<meta name=\"twitter:label1\" content=\"Gesch\u00e4tzte Lesezeit\" \/>\n\t<meta name=\"twitter:data1\" content=\"1\u00a0Minute\" \/>\n<script type=\"application\/ld+json\" class=\"yoast-schema-graph\">{\"@context\":\"https:\/\/schema.org\",\"@graph\":[{\"@type\":\"WebPage\",\"@id\":\"https:\/\/www.amstelprinting.nl\/de\/gesch\u00e4ft\/innere\/fotoprodukte\/leinwand-mit-schattenfugenrahmen\/\",\"url\":\"https:\/\/www.amstelprinting.nl\/de\/gesch\u00e4ft\/innere\/fotoprodukte\/leinwand-mit-schattenfugenrahmen\/\",\"name\":\"Leinwand mit Schattenfugenrahmen | Amstel Printing\",\"isPartOf\":{\"@id\":\"https:\/\/www.amstelprinting.nl\/de\/#website\"},\"primaryImageOfPage\":{\"@id\":\"https:\/\/www.amstelprinting.nl\/de\/gesch\u00e4ft\/innere\/fotoprodukte\/leinwand-mit-schattenfugenrahmen\/#primaryimage\"},\"image\":{\"@id\":\"https:\/\/www.amstelprinting.nl\/de\/gesch\u00e4ft\/innere\/fotoprodukte\/leinwand-mit-schattenfugenrahmen\/#primaryimage\"},\"thumbnailUrl\":\"https:\/\/www.amstelprinting.nl\/wp-content\/uploads\/Canvas-met-baklijst.jpg\",\"datePublished\":\"2025-01-23T19:49:04+00:00\",\"dateModified\":\"2026-02-18T11:54:42+00:00\",\"breadcrumb\":{\"@id\":\"https:\/\/www.amstelprinting.nl\/de\/gesch\u00e4ft\/innere\/fotoprodukte\/leinwand-mit-schattenfugenrahmen\/#breadcrumb\"},\"inLanguage\":\"de\",\"potentialAction\":[{\"@type\":\"ReadAction\",\"target\":[\"https:\/\/www.amstelprinting.nl\/de\/gesch\u00e4ft\/innere\/fotoprodukte\/leinwand-mit-schattenfugenrahmen\/\"]}]},{\"@type\":\"ImageObject\",\"inLanguage\":\"de\",\"@id\":\"https:\/\/www.amstelprinting.nl\/de\/gesch\u00e4ft\/innere\/fotoprodukte\/leinwand-mit-schattenfugenrahmen\/#primaryimage\",\"url\":\"https:\/\/www.amstelprinting.nl\/wp-content\/uploads\/Canvas-met-baklijst.jpg\",\"contentUrl\":\"https:\/\/www.amstelprinting.nl\/wp-content\/uploads\/Canvas-met-baklijst.jpg\",\"width\":700,\"height\":700},{\"@type\":\"BreadcrumbList\",\"@id\":\"https:\/\/www.amstelprinting.nl\/de\/gesch\u00e4ft\/innere\/fotoprodukte\/leinwand-mit-schattenfugenrahmen\/#breadcrumb\",\"itemListElement\":[{\"@type\":\"ListItem\",\"position\":1,\"name\":\"\",\"item\":\"https:\/\/www.amstelprinting.nl\/de\/\"},{\"@type\":\"ListItem\",\"position\":2,\"name\":\"Amstel Printing\",\"item\":\"https:\/\/www.amstelprinting.nl\/de\/geschaeft\/\"},{\"@type\":\"ListItem\",\"position\":3,\"name\":\"Innere\",\"item\":\"https:\/\/www.amstelprinting.nl\/de\/kategorie\/innere\/\"},{\"@type\":\"ListItem\",\"position\":4,\"name\":\"Fotoprodukte\",\"item\":\"https:\/\/www.amstelprinting.nl\/de\/kategorie\/innere\/fotoprodukte\/\"},{\"@type\":\"ListItem\",\"position\":5,\"name\":\"Leinwand mit Schattenfugenrahmen\"}]},{\"@type\":\"WebSite\",\"@id\":\"https:\/\/www.amstelprinting.nl\/de\/#website\",\"url\":\"https:\/\/www.amstelprinting.nl\/de\/\",\"name\":\"Amstel Printing\",\"description\":\"Creating Exposure\",\"publisher\":{\"@id\":\"https:\/\/www.amstelprinting.nl\/de\/#organization\"},\"potentialAction\":[{\"@type\":\"SearchAction\",\"target\":{\"@type\":\"EntryPoint\",\"urlTemplate\":\"https:\/\/www.amstelprinting.nl\/de\/?s={search_term_string}\"},\"query-input\":{\"@type\":\"PropertyValueSpecification\",\"valueRequired\":true,\"valueName\":\"search_term_string\"}}],\"inLanguage\":\"de\"},{\"@type\":\"Organization\",\"@id\":\"https:\/\/www.amstelprinting.nl\/de\/#organization\",\"name\":\"Amstel Printing\",\"url\":\"https:\/\/www.amstelprinting.nl\/de\/\",\"logo\":{\"@type\":\"ImageObject\",\"inLanguage\":\"de\",\"@id\":\"https:\/\/www.amstelprinting.nl\/de\/#\/schema\/logo\/image\/\",\"url\":\"https:\/\/www.amstelprinting.nl\/wp-content\/uploads\/amstel_printing_logo_clean.png\",\"contentUrl\":\"https:\/\/www.amstelprinting.nl\/wp-content\/uploads\/amstel_printing_logo_clean.png\",\"width\":324,\"height\":73,\"caption\":\"Amstel Printing\"},\"image\":{\"@id\":\"https:\/\/www.amstelprinting.nl\/de\/#\/schema\/logo\/image\/\"}}]}<\/script>\n<!-- \/ Yoast SEO plugin. -->","yoast_head_json":{"title":"Leinwand mit Schattenfugenrahmen | Amstel Printing","robots":{"index":"index","follow":"follow","max-snippet":"max-snippet:-1","max-image-preview":"max-image-preview:large","max-video-preview":"max-video-preview:-1"},"canonical":"https:\/\/www.amstelprinting.nl\/de\/gesch\u00e4ft\/innere\/fotoprodukte\/leinwand-mit-schattenfugenrahmen\/","og_locale":"de_DE","og_type":"article","og_title":"Leinwand mit Schattenfugenrahmen | Amstel Printing","og_description":"Verleihen Sie jedem Raum einen Hauch von Raffinesse mit unserer Leinwand mit Schattenfugenrahmen. Die Kombination aus hochwertigen Materialien und Handwerkskunst sorgt f\u00fcr eine visuell ansprechende Pr\u00e4sentation, die Ihre Kunstwerke perfekt zur Geltung bringt. Unsere Leinwand mit Schattenfugenrahmen wird sorgf\u00e4ltig gedruckt und maschinell aufgespannt, sodass sie sofort zum Aufh\u00e4ngen bereit ist.","og_url":"https:\/\/www.amstelprinting.nl\/de\/gesch\u00e4ft\/innere\/fotoprodukte\/leinwand-mit-schattenfugenrahmen\/","og_site_name":"Amstel Printing","article_modified_time":"2026-02-18T11:54:42+00:00","og_image":[{"width":700,"height":700,"url":"https:\/\/www.amstelprinting.nl\/wp-content\/uploads\/Canvas-met-baklijst.jpg","type":"image\/jpeg"}],"twitter_card":"summary_large_image","twitter_misc":{"Gesch\u00e4tzte Lesezeit":"1\u00a0Minute"},"schema":{"@context":"https:\/\/schema.org","@graph":[{"@type":"WebPage","@id":"https:\/\/www.amstelprinting.nl\/de\/gesch\u00e4ft\/innere\/fotoprodukte\/leinwand-mit-schattenfugenrahmen\/","url":"https:\/\/www.amstelprinting.nl\/de\/gesch\u00e4ft\/innere\/fotoprodukte\/leinwand-mit-schattenfugenrahmen\/","name":"Leinwand mit Schattenfugenrahmen | Amstel Printing","isPartOf":{"@id":"https:\/\/www.amstelprinting.nl\/de\/#website"},"primaryImageOfPage":{"@id":"https:\/\/www.amstelprinting.nl\/de\/gesch\u00e4ft\/innere\/fotoprodukte\/leinwand-mit-schattenfugenrahmen\/#primaryimage"},"image":{"@id":"https:\/\/www.amstelprinting.nl\/de\/gesch\u00e4ft\/innere\/fotoprodukte\/leinwand-mit-schattenfugenrahmen\/#primaryimage"},"thumbnailUrl":"https:\/\/www.amstelprinting.nl\/wp-content\/uploads\/Canvas-met-baklijst.jpg","datePublished":"2025-01-23T19:49:04+00:00","dateModified":"2026-02-18T11:54:42+00:00","breadcrumb":{"@id":"https:\/\/www.amstelprinting.nl\/de\/gesch\u00e4ft\/innere\/fotoprodukte\/leinwand-mit-schattenfugenrahmen\/#breadcrumb"},"inLanguage":"de","potentialAction":[{"@type":"ReadAction","target":["https:\/\/www.amstelprinting.nl\/de\/gesch\u00e4ft\/innere\/fotoprodukte\/leinwand-mit-schattenfugenrahmen\/"]}]},{"@type":"ImageObject","inLanguage":"de","@id":"https:\/\/www.amstelprinting.nl\/de\/gesch\u00e4ft\/innere\/fotoprodukte\/leinwand-mit-schattenfugenrahmen\/#primaryimage","url":"https:\/\/www.amstelprinting.nl\/wp-content\/uploads\/Canvas-met-baklijst.jpg","contentUrl":"https:\/\/www.amstelprinting.nl\/wp-content\/uploads\/Canvas-met-baklijst.jpg","width":700,"height":700},{"@type":"BreadcrumbList","@id":"https:\/\/www.amstelprinting.nl\/de\/gesch\u00e4ft\/innere\/fotoprodukte\/leinwand-mit-schattenfugenrahmen\/#breadcrumb","itemListElement":[{"@type":"ListItem","position":1,"name":"","item":"https:\/\/www.amstelprinting.nl\/de\/"},{"@type":"ListItem","position":2,"name":"Amstel Printing","item":"https:\/\/www.amstelprinting.nl\/de\/geschaeft\/"},{"@type":"ListItem","position":3,"name":"Innere","item":"https:\/\/www.amstelprinting.nl\/de\/kategorie\/innere\/"},{"@type":"ListItem","position":4,"name":"Fotoprodukte","item":"https:\/\/www.amstelprinting.nl\/de\/kategorie\/innere\/fotoprodukte\/"},{"@type":"ListItem","position":5,"name":"Leinwand mit Schattenfugenrahmen"}]},{"@type":"WebSite","@id":"https:\/\/www.amstelprinting.nl\/de\/#website","url":"https:\/\/www.amstelprinting.nl\/de\/","name":"Amstel Printing","description":"Creating Exposure","publisher":{"@id":"https:\/\/www.amstelprinting.nl\/de\/#organization"},"potentialAction":[{"@type":"SearchAction","target":{"@type":"EntryPoint","urlTemplate":"https:\/\/www.amstelprinting.nl\/de\/?s={search_term_string}"},"query-input":{"@type":"PropertyValueSpecification","valueRequired":true,"valueName":"search_term_string"}}],"inLanguage":"de"},{"@type":"Organization","@id":"https:\/\/www.amstelprinting.nl\/de\/#organization","name":"Amstel Printing","url":"https:\/\/www.amstelprinting.nl\/de\/","logo":{"@type":"ImageObject","inLanguage":"de","@id":"https:\/\/www.amstelprinting.nl\/de\/#\/schema\/logo\/image\/","url":"https:\/\/www.amstelprinting.nl\/wp-content\/uploads\/amstel_printing_logo_clean.png","contentUrl":"https:\/\/www.amstelprinting.nl\/wp-content\/uploads\/amstel_printing_logo_clean.png","width":324,"height":73,"caption":"Amstel Printing"},"image":{"@id":"https:\/\/www.amstelprinting.nl\/de\/#\/schema\/logo\/image\/"}}]}},"_links":{"self":[{"href":"https:\/\/www.amstelprinting.nl\/de\/wp-json\/wp\/v2\/product\/15429","targetHints":{"allow":["GET"]}}],"collection":[{"href":"https:\/\/www.amstelprinting.nl\/de\/wp-json\/wp\/v2\/product"}],"about":[{"href":"https:\/\/www.amstelprinting.nl\/de\/wp-json\/wp\/v2\/types\/product"}],"wp:featuredmedia":[{"embeddable":true,"href":"https:\/\/www.amstelprinting.nl\/de\/wp-json\/wp\/v2\/media\/15430"}],"wp:attachment":[{"href":"https:\/\/www.amstelprinting.nl\/de\/wp-json\/wp\/v2\/media?parent=15429"}],"wp:term":[{"taxonomy":"product_brand","embeddable":true,"href":"https:\/\/www.amstelprinting.nl\/de\/wp-json\/wp\/v2\/product_brand?post=15429"},{"taxonomy":"product_cat","embeddable":true,"href":"https:\/\/www.amstelprinting.nl\/de\/wp-json\/wp\/v2\/product_cat?post=15429"},{"taxonomy":"product_tag","embeddable":true,"href":"https:\/\/www.amstelprinting.nl\/de\/wp-json\/wp\/v2\/product_tag?post=15429"}],"curies":[{"name":"wp","href":"https:\/\/api.w.org\/{rel}","templated":true}]}}