{"id":15454,"date":"2025-01-23T20:48:47","date_gmt":"2025-01-23T19:48:47","guid":{"rendered":"https:\/\/www.amstelprinting.nl\/winkel\/unkategorisiert\/outdoor-vloermat\/"},"modified":"2026-02-18T12:54:43","modified_gmt":"2026-02-18T11:54:43","slug":"outdoor-fusmatte","status":"publish","type":"product","link":"https:\/\/www.amstelprinting.nl\/de\/gesch\u00e4ft\/innere\/ausen\/outdoor-fusmatte\/","title":{"rendered":"Outdoor-Fu\u00dfmatte"},"content":{"rendered":"<h3>Outdoor-Fu\u00dfmatten bedrucken<\/h3>\n<p>Unsere wetterfesten Fu\u00dfmatten sorgen f\u00fcr ein herzliches Willkommen. Die Outdoor-Fu\u00dfmatte h\u00e4lt Feuchtigkeit und Schmutz zur\u00fcck und kann ganz nach Ihren W\u00fcnschen personalisiert werden. Eine praktische und werbewirksame Funktion in einem also!<\/p>\n<h3>Vorteile<\/h3>\n<ul>\n<li>Speziell f\u00fcr den Au\u00dfeneinsatz entwickelt<\/li>\n<li>H\u00e4lt Schmutz und Feuchtigkeit fern und Innenb\u00f6den sauber<\/li>\n<li>Hervorragende Anti-Rutsch-Eigenschaften<\/li>\n<li>Hergestellt aus 100 % recycelbarem und verschlei\u00dffestem Material<\/li>\n<li>Vollst\u00e4ndig nach Ma\u00df: W\u00e4hlen Sie Ihr eigenes Format, Ihre eigene Form und Ihren eigenen Druck<\/li>\n<\/ul>\n<p>&nbsp;<\/p>\n<h3>Outdoor-Fu\u00dfmatten \u2013 hochwertiges Qualit\u00e4tsmaterial<\/h3>\n<p>W\u00e4hlen Sie das <strong>Format, die Form und den Druck<\/strong> dieser sch\u00f6nen Outdoor-Fu\u00dfmatten selbst aus. Die Matten sind <strong>100 % recycelbar<\/strong> und somit sehr langlebig. Diese Outdoor-Matten halten Feuchtigkeit und Schmutz fern, wodurch die B\u00f6den in Innenr\u00e4umen sch\u00f6n sauber bleiben.<\/p>\n<h3>Verarbeitung von Outdoor-Fu\u00dfmatten<\/h3>\n<p>Outdoor-Fu\u00dfmatten werden aus einem sogenannten <strong>schnittfesten Material<\/strong> hergestellt, wodurch eine Kantenbearbeitung nicht erforderlich ist. Ideal f\u00fcr den Au\u00dfeneinsatz und perfekt als langlebige und pers\u00f6nliche Fu\u00dfmatte.<\/p>\n<h3>Design-Beratung: Sorgen Sie f\u00fcr Kontrast im Design<\/h3>\n<p>Aufgrund der groben Struktur der Outdoor-Fu\u00dfmatte kommen detaillierte Designs weniger stark zur Geltung. Sorgen Sie daher f\u00fcr starke Kontrastfarben im Design. Von kleinen Buchstaben raten wir ab, und zur besseren Lesbarkeit empfehlen wir eine Mindestbuchstabenst\u00e4rke von 1 cm.<\/p>\n","protected":false},"excerpt":{"rendered":"<h3>Outdoor-Fu\u00dfmatten: Langlebig, stilvoll und nach Ma\u00df gefertigt<\/h3>\n<p>Unsere <strong>Outdoor-Fu\u00dfmatten<\/strong> sind eine wertvolle (werbewirksame und \u00e4u\u00dferst funktionale) Erg\u00e4nzung f\u00fcr jeden Au\u00dfenbereich. Unsere Outdoor-Matten bestehen aus hochwertigem, verschlei\u00dffestem Material. Dies garantiert eine lange Lebensdauer, selbst bei intensiver Nutzung. Dank des hohen <strong>Anti-Rutsch-Wertes<\/strong> bleiben sie bei jedem Wetter sicher an ihrem Platz. Bestellen Sie die Outdoor-Fu\u00dfmatte mit <strong>eigenem Druck<\/strong> in einem Format oder einer eigenen Form nach Wunsch.<\/p>\n","protected":false},"featured_media":15455,"template":"","meta":{"_et_pb_use_builder":"","_et_pb_old_content":"","_et_gb_content_width":""},"product_brand":[],"product_cat":[949,947],"product_tag":[],"class_list":{"0":"post-15454","1":"product","2":"type-product","3":"status-publish","4":"has-post-thumbnail","6":"product_cat-ausen","7":"product_cat-innere","9":"first","10":"instock","11":"taxable","12":"shipping-taxable","13":"purchasable","14":"product-type-simple"},"yoast_head":"<!-- This site is optimized with the Yoast SEO plugin v27.3 - https:\/\/yoast.com\/product\/yoast-seo-wordpress\/ -->\n<title>Outdoor-Fu\u00dfmatte | Amstel Printing<\/title>\n<meta name=\"robots\" content=\"index, follow, max-snippet:-1, max-image-preview:large, max-video-preview:-1\" \/>\n<link rel=\"canonical\" href=\"https:\/\/www.amstelprinting.nl\/de\/gesch\u00e4ft\/innere\/ausen\/outdoor-fusmatte\/\" \/>\n<meta property=\"og:locale\" content=\"de_DE\" \/>\n<meta property=\"og:type\" content=\"article\" \/>\n<meta property=\"og:title\" content=\"Outdoor-Fu\u00dfmatte | Amstel Printing\" \/>\n<meta property=\"og:description\" content=\"Outdoor-Fu\u00dfmatten: Langlebig, stilvoll und nach Ma\u00df gefertigt Unsere Outdoor-Fu\u00dfmatten sind eine wertvolle (werbewirksame und \u00e4u\u00dferst funktionale) Erg\u00e4nzung f\u00fcr jeden Au\u00dfenbereich. Unsere Outdoor-Matten bestehen aus hochwertigem, verschlei\u00dffestem Material. Dies garantiert eine lange Lebensdauer, selbst bei intensiver Nutzung. Dank des hohen Anti-Rutsch-Wertes bleiben sie bei jedem Wetter sicher an ihrem Platz. Bestellen Sie die Outdoor-Fu\u00dfmatte mit eigenem Druck in einem Format oder einer eigenen Form nach Wunsch.\" \/>\n<meta property=\"og:url\" content=\"https:\/\/www.amstelprinting.nl\/de\/gesch\u00e4ft\/innere\/ausen\/outdoor-fusmatte\/\" \/>\n<meta property=\"og:site_name\" content=\"Amstel Printing\" \/>\n<meta property=\"article:modified_time\" content=\"2026-02-18T11:54:43+00:00\" \/>\n<meta property=\"og:image\" content=\"https:\/\/www.amstelprinting.nl\/wp-content\/uploads\/Outdoor-vloermat-1.jpg\" \/>\n\t<meta property=\"og:image:width\" content=\"700\" \/>\n\t<meta property=\"og:image:height\" content=\"700\" \/>\n\t<meta property=\"og:image:type\" content=\"image\/jpeg\" \/>\n<meta name=\"twitter:card\" content=\"summary_large_image\" \/>\n<meta name=\"twitter:label1\" content=\"Gesch\u00e4tzte Lesezeit\" \/>\n\t<meta name=\"twitter:data1\" content=\"1\u00a0Minute\" \/>\n<script type=\"application\/ld+json\" class=\"yoast-schema-graph\">{\"@context\":\"https:\\\/\\\/schema.org\",\"@graph\":[{\"@type\":\"WebPage\",\"@id\":\"https:\\\/\\\/www.amstelprinting.nl\\\/de\\\/gesch\u00e4ft\\\/innere\\\/ausen\\\/outdoor-fusmatte\\\/\",\"url\":\"https:\\\/\\\/www.amstelprinting.nl\\\/de\\\/gesch\u00e4ft\\\/innere\\\/ausen\\\/outdoor-fusmatte\\\/\",\"name\":\"Outdoor-Fu\u00dfmatte | Amstel Printing\",\"isPartOf\":{\"@id\":\"https:\\\/\\\/www.amstelprinting.nl\\\/de\\\/#website\"},\"primaryImageOfPage\":{\"@id\":\"https:\\\/\\\/www.amstelprinting.nl\\\/de\\\/gesch\u00e4ft\\\/innere\\\/ausen\\\/outdoor-fusmatte\\\/#primaryimage\"},\"image\":{\"@id\":\"https:\\\/\\\/www.amstelprinting.nl\\\/de\\\/gesch\u00e4ft\\\/innere\\\/ausen\\\/outdoor-fusmatte\\\/#primaryimage\"},\"thumbnailUrl\":\"https:\\\/\\\/www.amstelprinting.nl\\\/wp-content\\\/uploads\\\/Outdoor-vloermat-1.jpg\",\"datePublished\":\"2025-01-23T19:48:47+00:00\",\"dateModified\":\"2026-02-18T11:54:43+00:00\",\"breadcrumb\":{\"@id\":\"https:\\\/\\\/www.amstelprinting.nl\\\/de\\\/gesch\u00e4ft\\\/innere\\\/ausen\\\/outdoor-fusmatte\\\/#breadcrumb\"},\"inLanguage\":\"de\",\"potentialAction\":[{\"@type\":\"ReadAction\",\"target\":[\"https:\\\/\\\/www.amstelprinting.nl\\\/de\\\/gesch\u00e4ft\\\/innere\\\/ausen\\\/outdoor-fusmatte\\\/\"]}]},{\"@type\":\"ImageObject\",\"inLanguage\":\"de\",\"@id\":\"https:\\\/\\\/www.amstelprinting.nl\\\/de\\\/gesch\u00e4ft\\\/innere\\\/ausen\\\/outdoor-fusmatte\\\/#primaryimage\",\"url\":\"https:\\\/\\\/www.amstelprinting.nl\\\/wp-content\\\/uploads\\\/Outdoor-vloermat-1.jpg\",\"contentUrl\":\"https:\\\/\\\/www.amstelprinting.nl\\\/wp-content\\\/uploads\\\/Outdoor-vloermat-1.jpg\",\"width\":700,\"height\":700},{\"@type\":\"BreadcrumbList\",\"@id\":\"https:\\\/\\\/www.amstelprinting.nl\\\/de\\\/gesch\u00e4ft\\\/innere\\\/ausen\\\/outdoor-fusmatte\\\/#breadcrumb\",\"itemListElement\":[{\"@type\":\"ListItem\",\"position\":1,\"name\":\"\",\"item\":\"https:\\\/\\\/www.amstelprinting.nl\\\/de\\\/\"},{\"@type\":\"ListItem\",\"position\":2,\"name\":\"Amstel Printing\",\"item\":\"https:\\\/\\\/www.amstelprinting.nl\\\/de\\\/geschaeft\\\/\"},{\"@type\":\"ListItem\",\"position\":3,\"name\":\"Innere\",\"item\":\"https:\\\/\\\/www.amstelprinting.nl\\\/de\\\/kategorie\\\/innere\\\/\"},{\"@type\":\"ListItem\",\"position\":4,\"name\":\"Au\u00dfen\",\"item\":\"https:\\\/\\\/www.amstelprinting.nl\\\/de\\\/kategorie\\\/innere\\\/ausen\\\/\"},{\"@type\":\"ListItem\",\"position\":5,\"name\":\"Outdoor-Fu\u00dfmatte\"}]},{\"@type\":\"WebSite\",\"@id\":\"https:\\\/\\\/www.amstelprinting.nl\\\/de\\\/#website\",\"url\":\"https:\\\/\\\/www.amstelprinting.nl\\\/de\\\/\",\"name\":\"Amstel Printing\",\"description\":\"Creating Exposure\",\"publisher\":{\"@id\":\"https:\\\/\\\/www.amstelprinting.nl\\\/de\\\/#organization\"},\"potentialAction\":[{\"@type\":\"SearchAction\",\"target\":{\"@type\":\"EntryPoint\",\"urlTemplate\":\"https:\\\/\\\/www.amstelprinting.nl\\\/de\\\/?s={search_term_string}\"},\"query-input\":{\"@type\":\"PropertyValueSpecification\",\"valueRequired\":true,\"valueName\":\"search_term_string\"}}],\"inLanguage\":\"de\"},{\"@type\":\"Organization\",\"@id\":\"https:\\\/\\\/www.amstelprinting.nl\\\/de\\\/#organization\",\"name\":\"Amstel Printing\",\"url\":\"https:\\\/\\\/www.amstelprinting.nl\\\/de\\\/\",\"logo\":{\"@type\":\"ImageObject\",\"inLanguage\":\"de\",\"@id\":\"https:\\\/\\\/www.amstelprinting.nl\\\/de\\\/#\\\/schema\\\/logo\\\/image\\\/\",\"url\":\"https:\\\/\\\/www.amstelprinting.nl\\\/wp-content\\\/uploads\\\/amstel_printing_logo_clean.png\",\"contentUrl\":\"https:\\\/\\\/www.amstelprinting.nl\\\/wp-content\\\/uploads\\\/amstel_printing_logo_clean.png\",\"width\":324,\"height\":73,\"caption\":\"Amstel Printing\"},\"image\":{\"@id\":\"https:\\\/\\\/www.amstelprinting.nl\\\/de\\\/#\\\/schema\\\/logo\\\/image\\\/\"}}]}<\/script>\n<!-- \/ Yoast SEO plugin. -->","yoast_head_json":{"title":"Outdoor-Fu\u00dfmatte | Amstel Printing","robots":{"index":"index","follow":"follow","max-snippet":"max-snippet:-1","max-image-preview":"max-image-preview:large","max-video-preview":"max-video-preview:-1"},"canonical":"https:\/\/www.amstelprinting.nl\/de\/gesch\u00e4ft\/innere\/ausen\/outdoor-fusmatte\/","og_locale":"de_DE","og_type":"article","og_title":"Outdoor-Fu\u00dfmatte | Amstel Printing","og_description":"Outdoor-Fu\u00dfmatten: Langlebig, stilvoll und nach Ma\u00df gefertigt Unsere Outdoor-Fu\u00dfmatten sind eine wertvolle (werbewirksame und \u00e4u\u00dferst funktionale) Erg\u00e4nzung f\u00fcr jeden Au\u00dfenbereich. Unsere Outdoor-Matten bestehen aus hochwertigem, verschlei\u00dffestem Material. Dies garantiert eine lange Lebensdauer, selbst bei intensiver Nutzung. Dank des hohen Anti-Rutsch-Wertes bleiben sie bei jedem Wetter sicher an ihrem Platz. Bestellen Sie die Outdoor-Fu\u00dfmatte mit eigenem Druck in einem Format oder einer eigenen Form nach Wunsch.","og_url":"https:\/\/www.amstelprinting.nl\/de\/gesch\u00e4ft\/innere\/ausen\/outdoor-fusmatte\/","og_site_name":"Amstel Printing","article_modified_time":"2026-02-18T11:54:43+00:00","og_image":[{"width":700,"height":700,"url":"https:\/\/www.amstelprinting.nl\/wp-content\/uploads\/Outdoor-vloermat-1.jpg","type":"image\/jpeg"}],"twitter_card":"summary_large_image","twitter_misc":{"Gesch\u00e4tzte Lesezeit":"1\u00a0Minute"},"schema":{"@context":"https:\/\/schema.org","@graph":[{"@type":"WebPage","@id":"https:\/\/www.amstelprinting.nl\/de\/gesch\u00e4ft\/innere\/ausen\/outdoor-fusmatte\/","url":"https:\/\/www.amstelprinting.nl\/de\/gesch\u00e4ft\/innere\/ausen\/outdoor-fusmatte\/","name":"Outdoor-Fu\u00dfmatte | Amstel Printing","isPartOf":{"@id":"https:\/\/www.amstelprinting.nl\/de\/#website"},"primaryImageOfPage":{"@id":"https:\/\/www.amstelprinting.nl\/de\/gesch\u00e4ft\/innere\/ausen\/outdoor-fusmatte\/#primaryimage"},"image":{"@id":"https:\/\/www.amstelprinting.nl\/de\/gesch\u00e4ft\/innere\/ausen\/outdoor-fusmatte\/#primaryimage"},"thumbnailUrl":"https:\/\/www.amstelprinting.nl\/wp-content\/uploads\/Outdoor-vloermat-1.jpg","datePublished":"2025-01-23T19:48:47+00:00","dateModified":"2026-02-18T11:54:43+00:00","breadcrumb":{"@id":"https:\/\/www.amstelprinting.nl\/de\/gesch\u00e4ft\/innere\/ausen\/outdoor-fusmatte\/#breadcrumb"},"inLanguage":"de","potentialAction":[{"@type":"ReadAction","target":["https:\/\/www.amstelprinting.nl\/de\/gesch\u00e4ft\/innere\/ausen\/outdoor-fusmatte\/"]}]},{"@type":"ImageObject","inLanguage":"de","@id":"https:\/\/www.amstelprinting.nl\/de\/gesch\u00e4ft\/innere\/ausen\/outdoor-fusmatte\/#primaryimage","url":"https:\/\/www.amstelprinting.nl\/wp-content\/uploads\/Outdoor-vloermat-1.jpg","contentUrl":"https:\/\/www.amstelprinting.nl\/wp-content\/uploads\/Outdoor-vloermat-1.jpg","width":700,"height":700},{"@type":"BreadcrumbList","@id":"https:\/\/www.amstelprinting.nl\/de\/gesch\u00e4ft\/innere\/ausen\/outdoor-fusmatte\/#breadcrumb","itemListElement":[{"@type":"ListItem","position":1,"name":"","item":"https:\/\/www.amstelprinting.nl\/de\/"},{"@type":"ListItem","position":2,"name":"Amstel Printing","item":"https:\/\/www.amstelprinting.nl\/de\/geschaeft\/"},{"@type":"ListItem","position":3,"name":"Innere","item":"https:\/\/www.amstelprinting.nl\/de\/kategorie\/innere\/"},{"@type":"ListItem","position":4,"name":"Au\u00dfen","item":"https:\/\/www.amstelprinting.nl\/de\/kategorie\/innere\/ausen\/"},{"@type":"ListItem","position":5,"name":"Outdoor-Fu\u00dfmatte"}]},{"@type":"WebSite","@id":"https:\/\/www.amstelprinting.nl\/de\/#website","url":"https:\/\/www.amstelprinting.nl\/de\/","name":"Amstel Printing","description":"Creating Exposure","publisher":{"@id":"https:\/\/www.amstelprinting.nl\/de\/#organization"},"potentialAction":[{"@type":"SearchAction","target":{"@type":"EntryPoint","urlTemplate":"https:\/\/www.amstelprinting.nl\/de\/?s={search_term_string}"},"query-input":{"@type":"PropertyValueSpecification","valueRequired":true,"valueName":"search_term_string"}}],"inLanguage":"de"},{"@type":"Organization","@id":"https:\/\/www.amstelprinting.nl\/de\/#organization","name":"Amstel Printing","url":"https:\/\/www.amstelprinting.nl\/de\/","logo":{"@type":"ImageObject","inLanguage":"de","@id":"https:\/\/www.amstelprinting.nl\/de\/#\/schema\/logo\/image\/","url":"https:\/\/www.amstelprinting.nl\/wp-content\/uploads\/amstel_printing_logo_clean.png","contentUrl":"https:\/\/www.amstelprinting.nl\/wp-content\/uploads\/amstel_printing_logo_clean.png","width":324,"height":73,"caption":"Amstel Printing"},"image":{"@id":"https:\/\/www.amstelprinting.nl\/de\/#\/schema\/logo\/image\/"}}]}},"_links":{"self":[{"href":"https:\/\/www.amstelprinting.nl\/de\/wp-json\/wp\/v2\/product\/15454","targetHints":{"allow":["GET"]}}],"collection":[{"href":"https:\/\/www.amstelprinting.nl\/de\/wp-json\/wp\/v2\/product"}],"about":[{"href":"https:\/\/www.amstelprinting.nl\/de\/wp-json\/wp\/v2\/types\/product"}],"wp:featuredmedia":[{"embeddable":true,"href":"https:\/\/www.amstelprinting.nl\/de\/wp-json\/wp\/v2\/media\/15455"}],"wp:attachment":[{"href":"https:\/\/www.amstelprinting.nl\/de\/wp-json\/wp\/v2\/media?parent=15454"}],"wp:term":[{"taxonomy":"product_brand","embeddable":true,"href":"https:\/\/www.amstelprinting.nl\/de\/wp-json\/wp\/v2\/product_brand?post=15454"},{"taxonomy":"product_cat","embeddable":true,"href":"https:\/\/www.amstelprinting.nl\/de\/wp-json\/wp\/v2\/product_cat?post=15454"},{"taxonomy":"product_tag","embeddable":true,"href":"https:\/\/www.amstelprinting.nl\/de\/wp-json\/wp\/v2\/product_tag?post=15454"}],"curies":[{"name":"wp","href":"https:\/\/api.w.org\/{rel}","templated":true}]}}