{"id":15464,"date":"2025-01-23T20:48:34","date_gmt":"2025-01-23T19:48:34","guid":{"rendered":"https:\/\/www.amstelprinting.nl\/winkel\/unkategorisiert\/vloerzeil\/"},"modified":"2026-02-18T12:54:44","modified_gmt":"2026-02-18T11:54:44","slug":"boden-vinyl","status":"publish","type":"product","link":"https:\/\/www.amstelprinting.nl\/de\/gesch\u00e4ft\/innere\/bodendekoration\/boden-vinyl\/","title":{"rendered":"Boden-Vinyl"},"content":{"rendered":"<h3>Boden-Vinyl bedrucken<\/h3>\n<p>Hauchen Sie Ihren Innenr\u00e4umen mit unserem vielseitigen bedruckten Boden-Vinyl Leben ein. Dieser bedruckte Bodenbelag ist perfekt f\u00fcr Veranstaltungen, Gesch\u00e4fte und B\u00fcros geeignet und bietet eine Kombination aus Sicherheit, Komfort und Stil. Mit einer maximalen Breite von 199 cm und der M\u00f6glichkeit des individuellen Zuschnitts passt es m\u00fchelos in jede Umgebung. Vollst\u00e4ndig mit einem Druck nach Ihren W\u00fcnschen versehen.<\/p>\n<h3>Vorteile<\/h3>\n<ul>\n<li>Vorder- und R\u00fcckseite mit rutschfestem Material versehen<\/li>\n<li>W\u00e4hlen Sie Ihr eigenes Design oder ein bestehendes Muster<\/li>\n<li>Leicht wiederverwendbar und umzuziehen<\/li>\n<li>Brandverz\u00f6gernd, daher f\u00fcr \u00f6ffentliche R\u00e4ume geeignet<\/li>\n<li>Sch\u00fctzt den Unterboden<\/li>\n<li>Wasserabweisende Eigenschaften (leicht zu reinigen)<\/li>\n<li>Durch die flache Struktur sind Details im Druck gut sichtbar<\/li>\n<\/ul>\n<p>&nbsp;<\/p>\n<h3>Material<\/h3>\n<p>Unsere Boden-Vinyls sind mit einer strukturierten Antirutsch-Vorderseite ausgestattet, die f\u00fcr optimalen Halt sorgt. Die gesch\u00e4umte Antirutsch-R\u00fcckseite bietet zudem zus\u00e4tzliche Stabilit\u00e4t und macht das Begehen sicher.<\/p>\n<h3>Verarbeitung<\/h3>\n<p>Sie k\u00f6nnen das Boden-Vinyl in jedem gew\u00fcnschten Format bedrucken lassen. Bei L\u00e4ngen ab 700 cm (maximales Format: 1,99 x 7 Meter) wird der Druck elegant aufgeteilt, so dass er immer perfekt in Ihren Raum passt. W\u00e4hlen Sie ein eigenes Design oder ein bestehendes Muster, das Ihren W\u00fcnschen entspricht. Der bedruckte Bodenbelag kann einfach in jedes gew\u00fcnschte Format oder auch in die Konturen Ihres Designs geschnitten werden (Option: Konturschnitt).<\/p>\n<h3>Zubeh\u00f6r<\/h3>\n<p>F\u00fcr eine schnelle und feste Befestigung ist doppelseitiges Klebeband erh\u00e4ltlich, mit dem Sie das Boden-Vinyl m\u00fchelos verlegen k\u00f6nnen.<\/p>\n<h3>Gebrauch und Qualit\u00e4t<\/h3>\n<p>Bedrucktes Boden-Vinyl hat einen abriebfesten Druck. Allerdings h\u00e4ngt die Haltbarkeit von der Menge des t\u00e4glichen Verkehrs auf der Oberfl\u00e4che ab. Daher empfehlen wir die Verwendung f\u00fcr tempor\u00e4re Anwendungen wie in Messest\u00e4nden und Ausstellungsr\u00e4umen. Das Boden-Vinyl eignet sich hervorragend dazu, eine Werbebotschaft auf auff\u00e4llige Weise zu vermitteln.<\/p>\n<h3>H\u00e4ufig gestellte Fragen zum Bedrucken von Boden-Vinyl<\/h3>\n<p><strong>Wie schnell nutzt sich dieses Produkt ab?<\/strong><br \/>\nDieses Produkt ist f\u00fcr den werblichen Einsatz konzipiert und die Abnutzung h\u00e4ngt stark von der Intensit\u00e4t der Nutzung ab. Es ist schwierig, im Voraus genau abzusch\u00e4tzen, wie lange das Produkt halten wird.<\/p>\n","protected":false},"excerpt":{"rendered":"<h3>Verschlei\u00dffester Bodenbelag aus Vinyl mit rutschfester Deckschicht<\/h3>\n<p>Bodenbest\u00e4ndiges Vinyl (Boden-Vinyl) mit einer Anti-Rutsch-Schicht und einem All-over-Druck nach Wunsch. Dieser Bodenbelag ist wasserabweisend und bietet Schutz f\u00fcr den Unterboden. In jedem gew\u00fcnschten Format bestellbar. Stellen Sie unten in wenigen Schritten Ihr Boden-Vinyl mit Bedruckung zusammen.<\/p>\n","protected":false},"featured_media":15465,"template":"","meta":{"_et_pb_use_builder":"","_et_pb_old_content":"","_et_gb_content_width":""},"product_brand":[],"product_cat":[943,900,903,947,899],"product_tag":[],"class_list":{"0":"post-15464","1":"product","2":"type-product","3":"status-publish","4":"has-post-thumbnail","6":"product_cat-bodendekoration","7":"product_cat-dekoration","8":"product_cat-handelsflachen","9":"product_cat-innere","10":"product_cat-messe-event","12":"first","13":"instock","14":"taxable","15":"shipping-taxable","16":"purchasable","17":"product-type-simple"},"yoast_head":"<!-- This site is optimized with the Yoast SEO plugin v27.3 - https:\/\/yoast.com\/product\/yoast-seo-wordpress\/ -->\n<title>Boden-Vinyl | Amstel Printing<\/title>\n<meta name=\"robots\" content=\"index, follow, max-snippet:-1, max-image-preview:large, max-video-preview:-1\" \/>\n<link rel=\"canonical\" href=\"https:\/\/www.amstelprinting.nl\/de\/gesch\u00e4ft\/innere\/bodendekoration\/boden-vinyl\/\" \/>\n<meta property=\"og:locale\" content=\"de_DE\" \/>\n<meta property=\"og:type\" content=\"article\" \/>\n<meta property=\"og:title\" content=\"Boden-Vinyl | Amstel Printing\" \/>\n<meta property=\"og:description\" content=\"Verschlei\u00dffester Bodenbelag aus Vinyl mit rutschfester Deckschicht Bodenbest\u00e4ndiges Vinyl (Boden-Vinyl) mit einer Anti-Rutsch-Schicht und einem All-over-Druck nach Wunsch. Dieser Bodenbelag ist wasserabweisend und bietet Schutz f\u00fcr den Unterboden. In jedem gew\u00fcnschten Format bestellbar. Stellen Sie unten in wenigen Schritten Ihr Boden-Vinyl mit Bedruckung zusammen.\" \/>\n<meta property=\"og:url\" content=\"https:\/\/www.amstelprinting.nl\/de\/gesch\u00e4ft\/innere\/bodendekoration\/boden-vinyl\/\" \/>\n<meta property=\"og:site_name\" content=\"Amstel Printing\" \/>\n<meta property=\"article:modified_time\" content=\"2026-02-18T11:54:44+00:00\" \/>\n<meta property=\"og:image\" content=\"https:\/\/www.amstelprinting.nl\/wp-content\/uploads\/vloervinyl-bedrukken.png\" \/>\n\t<meta property=\"og:image:width\" content=\"900\" \/>\n\t<meta property=\"og:image:height\" content=\"900\" \/>\n\t<meta property=\"og:image:type\" content=\"image\/png\" \/>\n<meta name=\"twitter:card\" content=\"summary_large_image\" \/>\n<meta name=\"twitter:label1\" content=\"Gesch\u00e4tzte Lesezeit\" \/>\n\t<meta name=\"twitter:data1\" content=\"2\u00a0Minuten\" \/>\n<script type=\"application\/ld+json\" class=\"yoast-schema-graph\">{\"@context\":\"https:\\\/\\\/schema.org\",\"@graph\":[{\"@type\":\"WebPage\",\"@id\":\"https:\\\/\\\/www.amstelprinting.nl\\\/de\\\/gesch\u00e4ft\\\/innere\\\/bodendekoration\\\/boden-vinyl\\\/\",\"url\":\"https:\\\/\\\/www.amstelprinting.nl\\\/de\\\/gesch\u00e4ft\\\/innere\\\/bodendekoration\\\/boden-vinyl\\\/\",\"name\":\"Boden-Vinyl | Amstel Printing\",\"isPartOf\":{\"@id\":\"https:\\\/\\\/www.amstelprinting.nl\\\/de\\\/#website\"},\"primaryImageOfPage\":{\"@id\":\"https:\\\/\\\/www.amstelprinting.nl\\\/de\\\/gesch\u00e4ft\\\/innere\\\/bodendekoration\\\/boden-vinyl\\\/#primaryimage\"},\"image\":{\"@id\":\"https:\\\/\\\/www.amstelprinting.nl\\\/de\\\/gesch\u00e4ft\\\/innere\\\/bodendekoration\\\/boden-vinyl\\\/#primaryimage\"},\"thumbnailUrl\":\"https:\\\/\\\/www.amstelprinting.nl\\\/wp-content\\\/uploads\\\/vloervinyl-bedrukken.png\",\"datePublished\":\"2025-01-23T19:48:34+00:00\",\"dateModified\":\"2026-02-18T11:54:44+00:00\",\"breadcrumb\":{\"@id\":\"https:\\\/\\\/www.amstelprinting.nl\\\/de\\\/gesch\u00e4ft\\\/innere\\\/bodendekoration\\\/boden-vinyl\\\/#breadcrumb\"},\"inLanguage\":\"de\",\"potentialAction\":[{\"@type\":\"ReadAction\",\"target\":[\"https:\\\/\\\/www.amstelprinting.nl\\\/de\\\/gesch\u00e4ft\\\/innere\\\/bodendekoration\\\/boden-vinyl\\\/\"]}]},{\"@type\":\"ImageObject\",\"inLanguage\":\"de\",\"@id\":\"https:\\\/\\\/www.amstelprinting.nl\\\/de\\\/gesch\u00e4ft\\\/innere\\\/bodendekoration\\\/boden-vinyl\\\/#primaryimage\",\"url\":\"https:\\\/\\\/www.amstelprinting.nl\\\/wp-content\\\/uploads\\\/vloervinyl-bedrukken.png\",\"contentUrl\":\"https:\\\/\\\/www.amstelprinting.nl\\\/wp-content\\\/uploads\\\/vloervinyl-bedrukken.png\",\"width\":900,\"height\":900},{\"@type\":\"BreadcrumbList\",\"@id\":\"https:\\\/\\\/www.amstelprinting.nl\\\/de\\\/gesch\u00e4ft\\\/innere\\\/bodendekoration\\\/boden-vinyl\\\/#breadcrumb\",\"itemListElement\":[{\"@type\":\"ListItem\",\"position\":1,\"name\":\"\",\"item\":\"https:\\\/\\\/www.amstelprinting.nl\\\/de\\\/\"},{\"@type\":\"ListItem\",\"position\":2,\"name\":\"Amstel Printing\",\"item\":\"https:\\\/\\\/www.amstelprinting.nl\\\/de\\\/geschaeft\\\/\"},{\"@type\":\"ListItem\",\"position\":3,\"name\":\"Messe &amp; Event\",\"item\":\"https:\\\/\\\/www.amstelprinting.nl\\\/de\\\/kategorie\\\/messe-event\\\/\"},{\"@type\":\"ListItem\",\"position\":4,\"name\":\"Dekoration\",\"item\":\"https:\\\/\\\/www.amstelprinting.nl\\\/de\\\/kategorie\\\/messe-event\\\/dekoration\\\/\"},{\"@type\":\"ListItem\",\"position\":5,\"name\":\"Boden-Vinyl\"}]},{\"@type\":\"WebSite\",\"@id\":\"https:\\\/\\\/www.amstelprinting.nl\\\/de\\\/#website\",\"url\":\"https:\\\/\\\/www.amstelprinting.nl\\\/de\\\/\",\"name\":\"Amstel Printing\",\"description\":\"Creating Exposure\",\"publisher\":{\"@id\":\"https:\\\/\\\/www.amstelprinting.nl\\\/de\\\/#organization\"},\"potentialAction\":[{\"@type\":\"SearchAction\",\"target\":{\"@type\":\"EntryPoint\",\"urlTemplate\":\"https:\\\/\\\/www.amstelprinting.nl\\\/de\\\/?s={search_term_string}\"},\"query-input\":{\"@type\":\"PropertyValueSpecification\",\"valueRequired\":true,\"valueName\":\"search_term_string\"}}],\"inLanguage\":\"de\"},{\"@type\":\"Organization\",\"@id\":\"https:\\\/\\\/www.amstelprinting.nl\\\/de\\\/#organization\",\"name\":\"Amstel Printing\",\"url\":\"https:\\\/\\\/www.amstelprinting.nl\\\/de\\\/\",\"logo\":{\"@type\":\"ImageObject\",\"inLanguage\":\"de\",\"@id\":\"https:\\\/\\\/www.amstelprinting.nl\\\/de\\\/#\\\/schema\\\/logo\\\/image\\\/\",\"url\":\"https:\\\/\\\/www.amstelprinting.nl\\\/wp-content\\\/uploads\\\/amstel_printing_logo_clean.png\",\"contentUrl\":\"https:\\\/\\\/www.amstelprinting.nl\\\/wp-content\\\/uploads\\\/amstel_printing_logo_clean.png\",\"width\":324,\"height\":73,\"caption\":\"Amstel Printing\"},\"image\":{\"@id\":\"https:\\\/\\\/www.amstelprinting.nl\\\/de\\\/#\\\/schema\\\/logo\\\/image\\\/\"}}]}<\/script>\n<!-- \/ Yoast SEO plugin. -->","yoast_head_json":{"title":"Boden-Vinyl | Amstel Printing","robots":{"index":"index","follow":"follow","max-snippet":"max-snippet:-1","max-image-preview":"max-image-preview:large","max-video-preview":"max-video-preview:-1"},"canonical":"https:\/\/www.amstelprinting.nl\/de\/gesch\u00e4ft\/innere\/bodendekoration\/boden-vinyl\/","og_locale":"de_DE","og_type":"article","og_title":"Boden-Vinyl | Amstel Printing","og_description":"Verschlei\u00dffester Bodenbelag aus Vinyl mit rutschfester Deckschicht Bodenbest\u00e4ndiges Vinyl (Boden-Vinyl) mit einer Anti-Rutsch-Schicht und einem All-over-Druck nach Wunsch. Dieser Bodenbelag ist wasserabweisend und bietet Schutz f\u00fcr den Unterboden. In jedem gew\u00fcnschten Format bestellbar. Stellen Sie unten in wenigen Schritten Ihr Boden-Vinyl mit Bedruckung zusammen.","og_url":"https:\/\/www.amstelprinting.nl\/de\/gesch\u00e4ft\/innere\/bodendekoration\/boden-vinyl\/","og_site_name":"Amstel Printing","article_modified_time":"2026-02-18T11:54:44+00:00","og_image":[{"width":900,"height":900,"url":"https:\/\/www.amstelprinting.nl\/wp-content\/uploads\/vloervinyl-bedrukken.png","type":"image\/png"}],"twitter_card":"summary_large_image","twitter_misc":{"Gesch\u00e4tzte Lesezeit":"2\u00a0Minuten"},"schema":{"@context":"https:\/\/schema.org","@graph":[{"@type":"WebPage","@id":"https:\/\/www.amstelprinting.nl\/de\/gesch\u00e4ft\/innere\/bodendekoration\/boden-vinyl\/","url":"https:\/\/www.amstelprinting.nl\/de\/gesch\u00e4ft\/innere\/bodendekoration\/boden-vinyl\/","name":"Boden-Vinyl | Amstel Printing","isPartOf":{"@id":"https:\/\/www.amstelprinting.nl\/de\/#website"},"primaryImageOfPage":{"@id":"https:\/\/www.amstelprinting.nl\/de\/gesch\u00e4ft\/innere\/bodendekoration\/boden-vinyl\/#primaryimage"},"image":{"@id":"https:\/\/www.amstelprinting.nl\/de\/gesch\u00e4ft\/innere\/bodendekoration\/boden-vinyl\/#primaryimage"},"thumbnailUrl":"https:\/\/www.amstelprinting.nl\/wp-content\/uploads\/vloervinyl-bedrukken.png","datePublished":"2025-01-23T19:48:34+00:00","dateModified":"2026-02-18T11:54:44+00:00","breadcrumb":{"@id":"https:\/\/www.amstelprinting.nl\/de\/gesch\u00e4ft\/innere\/bodendekoration\/boden-vinyl\/#breadcrumb"},"inLanguage":"de","potentialAction":[{"@type":"ReadAction","target":["https:\/\/www.amstelprinting.nl\/de\/gesch\u00e4ft\/innere\/bodendekoration\/boden-vinyl\/"]}]},{"@type":"ImageObject","inLanguage":"de","@id":"https:\/\/www.amstelprinting.nl\/de\/gesch\u00e4ft\/innere\/bodendekoration\/boden-vinyl\/#primaryimage","url":"https:\/\/www.amstelprinting.nl\/wp-content\/uploads\/vloervinyl-bedrukken.png","contentUrl":"https:\/\/www.amstelprinting.nl\/wp-content\/uploads\/vloervinyl-bedrukken.png","width":900,"height":900},{"@type":"BreadcrumbList","@id":"https:\/\/www.amstelprinting.nl\/de\/gesch\u00e4ft\/innere\/bodendekoration\/boden-vinyl\/#breadcrumb","itemListElement":[{"@type":"ListItem","position":1,"name":"","item":"https:\/\/www.amstelprinting.nl\/de\/"},{"@type":"ListItem","position":2,"name":"Amstel Printing","item":"https:\/\/www.amstelprinting.nl\/de\/geschaeft\/"},{"@type":"ListItem","position":3,"name":"Messe &amp; Event","item":"https:\/\/www.amstelprinting.nl\/de\/kategorie\/messe-event\/"},{"@type":"ListItem","position":4,"name":"Dekoration","item":"https:\/\/www.amstelprinting.nl\/de\/kategorie\/messe-event\/dekoration\/"},{"@type":"ListItem","position":5,"name":"Boden-Vinyl"}]},{"@type":"WebSite","@id":"https:\/\/www.amstelprinting.nl\/de\/#website","url":"https:\/\/www.amstelprinting.nl\/de\/","name":"Amstel Printing","description":"Creating Exposure","publisher":{"@id":"https:\/\/www.amstelprinting.nl\/de\/#organization"},"potentialAction":[{"@type":"SearchAction","target":{"@type":"EntryPoint","urlTemplate":"https:\/\/www.amstelprinting.nl\/de\/?s={search_term_string}"},"query-input":{"@type":"PropertyValueSpecification","valueRequired":true,"valueName":"search_term_string"}}],"inLanguage":"de"},{"@type":"Organization","@id":"https:\/\/www.amstelprinting.nl\/de\/#organization","name":"Amstel Printing","url":"https:\/\/www.amstelprinting.nl\/de\/","logo":{"@type":"ImageObject","inLanguage":"de","@id":"https:\/\/www.amstelprinting.nl\/de\/#\/schema\/logo\/image\/","url":"https:\/\/www.amstelprinting.nl\/wp-content\/uploads\/amstel_printing_logo_clean.png","contentUrl":"https:\/\/www.amstelprinting.nl\/wp-content\/uploads\/amstel_printing_logo_clean.png","width":324,"height":73,"caption":"Amstel Printing"},"image":{"@id":"https:\/\/www.amstelprinting.nl\/de\/#\/schema\/logo\/image\/"}}]}},"_links":{"self":[{"href":"https:\/\/www.amstelprinting.nl\/de\/wp-json\/wp\/v2\/product\/15464","targetHints":{"allow":["GET"]}}],"collection":[{"href":"https:\/\/www.amstelprinting.nl\/de\/wp-json\/wp\/v2\/product"}],"about":[{"href":"https:\/\/www.amstelprinting.nl\/de\/wp-json\/wp\/v2\/types\/product"}],"wp:featuredmedia":[{"embeddable":true,"href":"https:\/\/www.amstelprinting.nl\/de\/wp-json\/wp\/v2\/media\/15465"}],"wp:attachment":[{"href":"https:\/\/www.amstelprinting.nl\/de\/wp-json\/wp\/v2\/media?parent=15464"}],"wp:term":[{"taxonomy":"product_brand","embeddable":true,"href":"https:\/\/www.amstelprinting.nl\/de\/wp-json\/wp\/v2\/product_brand?post=15464"},{"taxonomy":"product_cat","embeddable":true,"href":"https:\/\/www.amstelprinting.nl\/de\/wp-json\/wp\/v2\/product_cat?post=15464"},{"taxonomy":"product_tag","embeddable":true,"href":"https:\/\/www.amstelprinting.nl\/de\/wp-json\/wp\/v2\/product_tag?post=15464"}],"curies":[{"name":"wp","href":"https:\/\/api.w.org\/{rel}","templated":true}]}}