{"id":15474,"date":"2025-01-23T20:48:13","date_gmt":"2025-01-23T19:48:13","guid":{"rendered":"https:\/\/www.amstelprinting.nl\/winkel\/unkategorisiert\/whiteboard\/"},"modified":"2026-02-10T12:32:14","modified_gmt":"2026-02-10T11:32:14","slug":"whiteboard","status":"publish","type":"product","link":"https:\/\/www.amstelprinting.nl\/de\/gesch\u00e4ft\/innere\/whiteboard\/whiteboard\/","title":{"rendered":"Whiteboard"},"content":{"rendered":"<h3>Whiteboards: magnetisch beschreibbare Boards mit Logo bedrucken<\/h3>\n<p>Whiteboards sind ein unverzichtbares Werkzeug f\u00fcr die organisierte und kreative Arbeitsumgebung. Ein Whiteboard bildet die Basis f\u00fcr die Umsetzung erfolgreicher Ideen. Gestalten Sie sie pers\u00f6nlich oder im Corporate Design Ihres Unternehmens, indem Sie sie mit einem All-over-Druck in einem Design Ihrer Wahl bestellen. Dank der 4 verschiedenen Standardma\u00dfe (meistbestellte Gr\u00f6\u00dfen) sind unsere Whiteboards besonders g\u00fcnstig.<\/p>\n<h3>Formate und Material<\/h3>\n<p>Unsere Whiteboards sind in vier verschiedenen Formaten erh\u00e4ltlich: 60 x 100 cm bis 120 x 200 cm, mit einer einheitlichen Dicke von 3 mm. Sie werden aus robustem LentaSteel\u00ae gefertigt, einem Sandwichpaneel mit Stahldeckschichten. Dieses Design sorgt daf\u00fcr, dass Magnete fest an ihrem Platz bleiben. Die Boardoberfl\u00e4che ist mit einer wei\u00dfen Folie mit Ihrem Druck und einem speziellen Whiteboard-Laminat versehen, was das Schreiben und Abwischen erleichtert.<\/p>\n<h3>Warum Whiteboards bedrucken?<\/h3>\n<ul>\n<li>Behalten Sie Ihre Ideen, Planungen und Notizen organisiert an einem Ort<\/li>\n<li>Wahl aus vier Formaten<\/li>\n<li>Hergestellt aus robustem LentaSteel\u00ae<\/li>\n<li>Zubeh\u00f6r einfach mitbestellen (Starterkit und Befestigungsmaterial)<\/li>\n<\/ul>\n<p>&nbsp;<\/p>\n<h3>Zubeh\u00f6r<\/h3>\n<p>F\u00fcgen Sie Ihrer Bestellung unser Whiteboard-Starterkit hinzu und Sie haben sofort alle wichtigen Zubeh\u00f6rteile zur Hand. Zudem k\u00f6nnen Sie auch einen passenden Whiteboard-St\u00e4nder in verschiedenen Formaten oder seitliche Klemmhalter f\u00fcr eine stabile Montage w\u00e4hlen.<\/p>\n<p>Unsere Whiteboards bieten mehr als nur Funktionalit\u00e4t; sie sind ein wesentlicher Bestandteil einer organisierten und kreativen Umgebung. Entscheiden Sie sich f\u00fcr unsere Whiteboards und werten Sie Ihren Arbeitsbereich noch heute auf. Suchen Sie nach Magneten, um Ihr Whiteboard zu personalisieren? Dann werfen Sie auch einen Blick auf unsere Magnete.<\/p>\n","protected":false},"excerpt":{"rendered":"<h3>Magnetisches und beschreibbares Board. Mit eigenem Druck versehen.<\/h3>\n<p>Schaffen Sie \u00dcbersicht mit Ihrem personalisierten Whiteboard. Entdecken Sie, wie unsere hochwertigen Whiteboards Ihnen helfen k\u00f6nnen, Ihre Ideen, Planungen und Notizen zu organisieren, sowohl in professionellen Umgebungen als auch f\u00fcr den privaten Gebrauch.<\/p>\n","protected":false},"featured_media":15475,"template":"","meta":{"_et_pb_use_builder":"","_et_pb_old_content":"","_et_gb_content_width":""},"product_brand":[],"product_cat":[947,944,941],"product_tag":[],"class_list":{"0":"post-15474","1":"product","2":"type-product","3":"status-publish","4":"has-post-thumbnail","6":"product_cat-innere","7":"product_cat-buro","8":"product_cat-whiteboard","10":"first","11":"instock","12":"taxable","13":"shipping-taxable","14":"purchasable","15":"product-type-simple"},"yoast_head":"<!-- This site is optimized with the Yoast SEO plugin v27.0 - https:\/\/yoast.com\/product\/yoast-seo-wordpress\/ -->\n<title>Whiteboard | Amstel Printing<\/title>\n<meta name=\"robots\" content=\"index, follow, max-snippet:-1, max-image-preview:large, max-video-preview:-1\" \/>\n<link rel=\"canonical\" href=\"https:\/\/www.amstelprinting.nl\/de\/gesch\u00e4ft\/innere\/whiteboard\/whiteboard\/\" \/>\n<meta property=\"og:locale\" content=\"de_DE\" \/>\n<meta property=\"og:type\" content=\"article\" \/>\n<meta property=\"og:title\" content=\"Whiteboard | Amstel Printing\" \/>\n<meta property=\"og:description\" content=\"Magnetisches und beschreibbares Board. Mit eigenem Druck versehen. Schaffen Sie \u00dcbersicht mit Ihrem personalisierten Whiteboard. Entdecken Sie, wie unsere hochwertigen Whiteboards Ihnen helfen k\u00f6nnen, Ihre Ideen, Planungen und Notizen zu organisieren, sowohl in professionellen Umgebungen als auch f\u00fcr den privaten Gebrauch.\" \/>\n<meta property=\"og:url\" content=\"https:\/\/www.amstelprinting.nl\/de\/gesch\u00e4ft\/innere\/whiteboard\/whiteboard\/\" \/>\n<meta property=\"og:site_name\" content=\"Amstel Printing\" \/>\n<meta property=\"article:modified_time\" content=\"2026-02-10T11:32:14+00:00\" \/>\n<meta property=\"og:image\" content=\"https:\/\/www.amstelprinting.nl\/wp-content\/uploads\/Whiteboard.jpg\" \/>\n\t<meta property=\"og:image:width\" content=\"700\" \/>\n\t<meta property=\"og:image:height\" content=\"700\" \/>\n\t<meta property=\"og:image:type\" content=\"image\/jpeg\" \/>\n<meta name=\"twitter:card\" content=\"summary_large_image\" \/>\n<meta name=\"twitter:label1\" content=\"Gesch\u00e4tzte Lesezeit\" \/>\n\t<meta name=\"twitter:data1\" content=\"1\u00a0Minute\" \/>\n<script type=\"application\/ld+json\" class=\"yoast-schema-graph\">{\"@context\":\"https:\/\/schema.org\",\"@graph\":[{\"@type\":\"WebPage\",\"@id\":\"https:\/\/www.amstelprinting.nl\/de\/gesch\u00e4ft\/innere\/whiteboard\/whiteboard\/\",\"url\":\"https:\/\/www.amstelprinting.nl\/de\/gesch\u00e4ft\/innere\/whiteboard\/whiteboard\/\",\"name\":\"Whiteboard | Amstel Printing\",\"isPartOf\":{\"@id\":\"https:\/\/www.amstelprinting.nl\/de\/#website\"},\"primaryImageOfPage\":{\"@id\":\"https:\/\/www.amstelprinting.nl\/de\/gesch\u00e4ft\/innere\/whiteboard\/whiteboard\/#primaryimage\"},\"image\":{\"@id\":\"https:\/\/www.amstelprinting.nl\/de\/gesch\u00e4ft\/innere\/whiteboard\/whiteboard\/#primaryimage\"},\"thumbnailUrl\":\"https:\/\/www.amstelprinting.nl\/wp-content\/uploads\/Whiteboard.jpg\",\"datePublished\":\"2025-01-23T19:48:13+00:00\",\"dateModified\":\"2026-02-10T11:32:14+00:00\",\"breadcrumb\":{\"@id\":\"https:\/\/www.amstelprinting.nl\/de\/gesch\u00e4ft\/innere\/whiteboard\/whiteboard\/#breadcrumb\"},\"inLanguage\":\"de\",\"potentialAction\":[{\"@type\":\"ReadAction\",\"target\":[\"https:\/\/www.amstelprinting.nl\/de\/gesch\u00e4ft\/innere\/whiteboard\/whiteboard\/\"]}]},{\"@type\":\"ImageObject\",\"inLanguage\":\"de\",\"@id\":\"https:\/\/www.amstelprinting.nl\/de\/gesch\u00e4ft\/innere\/whiteboard\/whiteboard\/#primaryimage\",\"url\":\"https:\/\/www.amstelprinting.nl\/wp-content\/uploads\/Whiteboard.jpg\",\"contentUrl\":\"https:\/\/www.amstelprinting.nl\/wp-content\/uploads\/Whiteboard.jpg\",\"width\":700,\"height\":700},{\"@type\":\"BreadcrumbList\",\"@id\":\"https:\/\/www.amstelprinting.nl\/de\/gesch\u00e4ft\/innere\/whiteboard\/whiteboard\/#breadcrumb\",\"itemListElement\":[{\"@type\":\"ListItem\",\"position\":1,\"name\":\"\",\"item\":\"https:\/\/www.amstelprinting.nl\/de\/\"},{\"@type\":\"ListItem\",\"position\":2,\"name\":\"Amstel Printing\",\"item\":\"https:\/\/www.amstelprinting.nl\/de\/geschaeft\/\"},{\"@type\":\"ListItem\",\"position\":3,\"name\":\"Innere\",\"item\":\"https:\/\/www.amstelprinting.nl\/de\/kategorie\/innere\/\"},{\"@type\":\"ListItem\",\"position\":4,\"name\":\"B\u00fcro\",\"item\":\"https:\/\/www.amstelprinting.nl\/de\/kategorie\/innere\/buro\/\"},{\"@type\":\"ListItem\",\"position\":5,\"name\":\"Whiteboard\"}]},{\"@type\":\"WebSite\",\"@id\":\"https:\/\/www.amstelprinting.nl\/de\/#website\",\"url\":\"https:\/\/www.amstelprinting.nl\/de\/\",\"name\":\"Amstel Printing\",\"description\":\"Creating Exposure\",\"publisher\":{\"@id\":\"https:\/\/www.amstelprinting.nl\/de\/#organization\"},\"potentialAction\":[{\"@type\":\"SearchAction\",\"target\":{\"@type\":\"EntryPoint\",\"urlTemplate\":\"https:\/\/www.amstelprinting.nl\/de\/?s={search_term_string}\"},\"query-input\":{\"@type\":\"PropertyValueSpecification\",\"valueRequired\":true,\"valueName\":\"search_term_string\"}}],\"inLanguage\":\"de\"},{\"@type\":\"Organization\",\"@id\":\"https:\/\/www.amstelprinting.nl\/de\/#organization\",\"name\":\"Amstel Printing\",\"url\":\"https:\/\/www.amstelprinting.nl\/de\/\",\"logo\":{\"@type\":\"ImageObject\",\"inLanguage\":\"de\",\"@id\":\"https:\/\/www.amstelprinting.nl\/de\/#\/schema\/logo\/image\/\",\"url\":\"https:\/\/www.amstelprinting.nl\/wp-content\/uploads\/amstel_printing_logo_clean.png\",\"contentUrl\":\"https:\/\/www.amstelprinting.nl\/wp-content\/uploads\/amstel_printing_logo_clean.png\",\"width\":324,\"height\":73,\"caption\":\"Amstel Printing\"},\"image\":{\"@id\":\"https:\/\/www.amstelprinting.nl\/de\/#\/schema\/logo\/image\/\"}}]}<\/script>\n<!-- \/ Yoast SEO plugin. -->","yoast_head_json":{"title":"Whiteboard | Amstel Printing","robots":{"index":"index","follow":"follow","max-snippet":"max-snippet:-1","max-image-preview":"max-image-preview:large","max-video-preview":"max-video-preview:-1"},"canonical":"https:\/\/www.amstelprinting.nl\/de\/gesch\u00e4ft\/innere\/whiteboard\/whiteboard\/","og_locale":"de_DE","og_type":"article","og_title":"Whiteboard | Amstel Printing","og_description":"Magnetisches und beschreibbares Board. Mit eigenem Druck versehen. Schaffen Sie \u00dcbersicht mit Ihrem personalisierten Whiteboard. Entdecken Sie, wie unsere hochwertigen Whiteboards Ihnen helfen k\u00f6nnen, Ihre Ideen, Planungen und Notizen zu organisieren, sowohl in professionellen Umgebungen als auch f\u00fcr den privaten Gebrauch.","og_url":"https:\/\/www.amstelprinting.nl\/de\/gesch\u00e4ft\/innere\/whiteboard\/whiteboard\/","og_site_name":"Amstel Printing","article_modified_time":"2026-02-10T11:32:14+00:00","og_image":[{"width":700,"height":700,"url":"https:\/\/www.amstelprinting.nl\/wp-content\/uploads\/Whiteboard.jpg","type":"image\/jpeg"}],"twitter_card":"summary_large_image","twitter_misc":{"Gesch\u00e4tzte Lesezeit":"1\u00a0Minute"},"schema":{"@context":"https:\/\/schema.org","@graph":[{"@type":"WebPage","@id":"https:\/\/www.amstelprinting.nl\/de\/gesch\u00e4ft\/innere\/whiteboard\/whiteboard\/","url":"https:\/\/www.amstelprinting.nl\/de\/gesch\u00e4ft\/innere\/whiteboard\/whiteboard\/","name":"Whiteboard | Amstel Printing","isPartOf":{"@id":"https:\/\/www.amstelprinting.nl\/de\/#website"},"primaryImageOfPage":{"@id":"https:\/\/www.amstelprinting.nl\/de\/gesch\u00e4ft\/innere\/whiteboard\/whiteboard\/#primaryimage"},"image":{"@id":"https:\/\/www.amstelprinting.nl\/de\/gesch\u00e4ft\/innere\/whiteboard\/whiteboard\/#primaryimage"},"thumbnailUrl":"https:\/\/www.amstelprinting.nl\/wp-content\/uploads\/Whiteboard.jpg","datePublished":"2025-01-23T19:48:13+00:00","dateModified":"2026-02-10T11:32:14+00:00","breadcrumb":{"@id":"https:\/\/www.amstelprinting.nl\/de\/gesch\u00e4ft\/innere\/whiteboard\/whiteboard\/#breadcrumb"},"inLanguage":"de","potentialAction":[{"@type":"ReadAction","target":["https:\/\/www.amstelprinting.nl\/de\/gesch\u00e4ft\/innere\/whiteboard\/whiteboard\/"]}]},{"@type":"ImageObject","inLanguage":"de","@id":"https:\/\/www.amstelprinting.nl\/de\/gesch\u00e4ft\/innere\/whiteboard\/whiteboard\/#primaryimage","url":"https:\/\/www.amstelprinting.nl\/wp-content\/uploads\/Whiteboard.jpg","contentUrl":"https:\/\/www.amstelprinting.nl\/wp-content\/uploads\/Whiteboard.jpg","width":700,"height":700},{"@type":"BreadcrumbList","@id":"https:\/\/www.amstelprinting.nl\/de\/gesch\u00e4ft\/innere\/whiteboard\/whiteboard\/#breadcrumb","itemListElement":[{"@type":"ListItem","position":1,"name":"","item":"https:\/\/www.amstelprinting.nl\/de\/"},{"@type":"ListItem","position":2,"name":"Amstel Printing","item":"https:\/\/www.amstelprinting.nl\/de\/geschaeft\/"},{"@type":"ListItem","position":3,"name":"Innere","item":"https:\/\/www.amstelprinting.nl\/de\/kategorie\/innere\/"},{"@type":"ListItem","position":4,"name":"B\u00fcro","item":"https:\/\/www.amstelprinting.nl\/de\/kategorie\/innere\/buro\/"},{"@type":"ListItem","position":5,"name":"Whiteboard"}]},{"@type":"WebSite","@id":"https:\/\/www.amstelprinting.nl\/de\/#website","url":"https:\/\/www.amstelprinting.nl\/de\/","name":"Amstel Printing","description":"Creating Exposure","publisher":{"@id":"https:\/\/www.amstelprinting.nl\/de\/#organization"},"potentialAction":[{"@type":"SearchAction","target":{"@type":"EntryPoint","urlTemplate":"https:\/\/www.amstelprinting.nl\/de\/?s={search_term_string}"},"query-input":{"@type":"PropertyValueSpecification","valueRequired":true,"valueName":"search_term_string"}}],"inLanguage":"de"},{"@type":"Organization","@id":"https:\/\/www.amstelprinting.nl\/de\/#organization","name":"Amstel Printing","url":"https:\/\/www.amstelprinting.nl\/de\/","logo":{"@type":"ImageObject","inLanguage":"de","@id":"https:\/\/www.amstelprinting.nl\/de\/#\/schema\/logo\/image\/","url":"https:\/\/www.amstelprinting.nl\/wp-content\/uploads\/amstel_printing_logo_clean.png","contentUrl":"https:\/\/www.amstelprinting.nl\/wp-content\/uploads\/amstel_printing_logo_clean.png","width":324,"height":73,"caption":"Amstel Printing"},"image":{"@id":"https:\/\/www.amstelprinting.nl\/de\/#\/schema\/logo\/image\/"}}]}},"_links":{"self":[{"href":"https:\/\/www.amstelprinting.nl\/de\/wp-json\/wp\/v2\/product\/15474","targetHints":{"allow":["GET"]}}],"collection":[{"href":"https:\/\/www.amstelprinting.nl\/de\/wp-json\/wp\/v2\/product"}],"about":[{"href":"https:\/\/www.amstelprinting.nl\/de\/wp-json\/wp\/v2\/types\/product"}],"wp:featuredmedia":[{"embeddable":true,"href":"https:\/\/www.amstelprinting.nl\/de\/wp-json\/wp\/v2\/media\/15475"}],"wp:attachment":[{"href":"https:\/\/www.amstelprinting.nl\/de\/wp-json\/wp\/v2\/media?parent=15474"}],"wp:term":[{"taxonomy":"product_brand","embeddable":true,"href":"https:\/\/www.amstelprinting.nl\/de\/wp-json\/wp\/v2\/product_brand?post=15474"},{"taxonomy":"product_cat","embeddable":true,"href":"https:\/\/www.amstelprinting.nl\/de\/wp-json\/wp\/v2\/product_cat?post=15474"},{"taxonomy":"product_tag","embeddable":true,"href":"https:\/\/www.amstelprinting.nl\/de\/wp-json\/wp\/v2\/product_tag?post=15474"}],"curies":[{"name":"wp","href":"https:\/\/api.w.org\/{rel}","templated":true}]}}