{"id":15484,"date":"2025-01-23T20:47:59","date_gmt":"2025-01-23T19:47:59","guid":{"rendered":"https:\/\/www.amstelprinting.nl\/winkel\/unkategorisiert\/magneet\/"},"modified":"2026-02-18T12:54:45","modified_gmt":"2026-02-18T11:54:45","slug":"magnet","status":"publish","type":"product","link":"https:\/\/www.amstelprinting.nl\/de\/gesch\u00e4ft\/innere\/whiteboard\/magnet\/","title":{"rendered":"Magnet"},"content":{"rendered":"<h3>Whiteboard-Magnete bedrucken<\/h3>\n<p>Personalisieren Sie Ihren Magneten nach Wunsch und genie\u00dfen Sie eine organisierte und effiziente Arbeitsumgebung, zu Hause oder im B\u00fcro. Bleiben Sie organisiert, bleiben Sie kreativ mit unseren hochwertigen Magneten.<\/p>\n<h3>Vorteile<\/h3>\n<ul>\n<li>W\u00e4hlen Sie einen beschreibbaren Magneten oder einen extra starken Magneten<\/li>\n<li>Personalisieren Sie mit Ihrem eigenen Design<\/li>\n<li>W\u00e4hlen Sie eine Gr\u00f6\u00dfe oder Form nach Wunsch<\/li>\n<\/ul>\n<p>&nbsp;<\/p>\n<h3>Materialien<\/h3>\n<p>Sie haben die Wahl zwischen einem beschreibbaren Magneten oder einem starken Magneten. Unser beschreibbarer Magnet ist d\u00fcnner und bietet daher mehr Flexibilit\u00e4t im Format. Dieser Magnet kombiniert die Kraft eines Magneten mit dem Komfort einer beschreibbaren Oberfl\u00e4che und eignet sich daher perfekt f\u00fcr die Planung, kreative Projekte und Bildungszwecke. Unser extra starker Magnet ist aus 0,85 mm dicker Magnetfolie gefertigt und bietet einen starken Halt, der ideal f\u00fcr das Festhalten von Dokumenten im Standard-A4-Format ist. Robust und zuverl\u00e4ssig \u2013 dieser Magnet ist perfekt f\u00fcr Situationen, in denen Stabilit\u00e4t erforderlich ist. Obwohl aufgrund der Dicke keine kleinen Formate unter 5 x 5 cm m\u00f6glich sind, ist dieser Magnet ideal f\u00fcr den Einsatz auf Whiteboards und Metalloberfl\u00e4chen, auf denen Kraft entscheidend ist.<\/p>\n<h3>Zubeh\u00f6r<\/h3>\n<p>F\u00fcgen Sie unser Whiteboard-Starterkit Ihrer Bestellung hinzu und Sie haben sofort alle wichtigen Zubeh\u00f6rteile zur Hand.<\/p>\n","protected":false},"excerpt":{"rendered":"<h3>Mit eigenem Aufdruck versehen. F\u00fcr das Whiteboard oder Memoboard.<\/h3>\n<p>Magnet bedrucken f\u00fcr das Whiteboard oder Memoboard? Ob Sie einen starken Magneten suchen, der m\u00fchelos ein DIN-A4-Blatt h\u00e4lt, oder einen beschreibbaren Magneten, der Flexibilit\u00e4t bei kleinen Formaten bietet \u2013 wir haben die perfekte L\u00f6sung f\u00fcr Ihre Anforderungen.<\/p>\n","protected":false},"featured_media":15485,"template":"","meta":{"_et_pb_use_builder":"","_et_pb_old_content":"","_et_gb_content_width":""},"product_brand":[],"product_cat":[947,941],"product_tag":[],"class_list":{"0":"post-15484","1":"product","2":"type-product","3":"status-publish","4":"has-post-thumbnail","6":"product_cat-innere","7":"product_cat-whiteboard","9":"first","10":"instock","11":"taxable","12":"shipping-taxable","13":"purchasable","14":"product-type-simple"},"yoast_head":"<!-- This site is optimized with the Yoast SEO plugin v27.3 - https:\/\/yoast.com\/product\/yoast-seo-wordpress\/ -->\n<title>Magnete bestellen? - Stark &amp; beschreibbar f\u00fcr Ihr Unternehmen<\/title>\n<meta name=\"description\" content=\"Bestellen Sie hochwertige personalisierte Magnete. Direkt nach Ma\u00df bestellbar f\u00fcr den professionellen Einsatz. Lieferung in ganz Europa.\" \/>\n<meta name=\"robots\" content=\"index, follow, max-snippet:-1, max-image-preview:large, max-video-preview:-1\" \/>\n<link rel=\"canonical\" href=\"https:\/\/www.amstelprinting.nl\/de\/gesch\u00e4ft\/innere\/whiteboard\/magnet\/\" \/>\n<meta property=\"og:locale\" content=\"de_DE\" \/>\n<meta property=\"og:type\" content=\"article\" \/>\n<meta property=\"og:title\" content=\"Magnete bestellen? - Stark &amp; beschreibbar f\u00fcr Ihr Unternehmen\" \/>\n<meta property=\"og:description\" content=\"Bestellen Sie hochwertige personalisierte Magnete. Direkt nach Ma\u00df bestellbar f\u00fcr den professionellen Einsatz. Lieferung in ganz Europa.\" \/>\n<meta property=\"og:url\" content=\"https:\/\/www.amstelprinting.nl\/de\/gesch\u00e4ft\/innere\/whiteboard\/magnet\/\" \/>\n<meta property=\"og:site_name\" content=\"Amstel Printing\" \/>\n<meta property=\"article:modified_time\" content=\"2026-02-18T11:54:45+00:00\" \/>\n<meta property=\"og:image\" content=\"https:\/\/www.amstelprinting.nl\/wp-content\/uploads\/Whiteboard-magneten.jpg\" \/>\n\t<meta property=\"og:image:width\" content=\"700\" \/>\n\t<meta property=\"og:image:height\" content=\"700\" \/>\n\t<meta property=\"og:image:type\" content=\"image\/jpeg\" \/>\n<meta name=\"twitter:card\" content=\"summary_large_image\" \/>\n<meta name=\"twitter:label1\" content=\"Gesch\u00e4tzte Lesezeit\" \/>\n\t<meta name=\"twitter:data1\" content=\"1\u00a0Minute\" \/>\n<script type=\"application\/ld+json\" class=\"yoast-schema-graph\">{\"@context\":\"https:\\\/\\\/schema.org\",\"@graph\":[{\"@type\":\"WebPage\",\"@id\":\"https:\\\/\\\/www.amstelprinting.nl\\\/de\\\/gesch\u00e4ft\\\/innere\\\/whiteboard\\\/magnet\\\/\",\"url\":\"https:\\\/\\\/www.amstelprinting.nl\\\/de\\\/gesch\u00e4ft\\\/innere\\\/whiteboard\\\/magnet\\\/\",\"name\":\"Magnete bestellen? - Stark & beschreibbar f\u00fcr Ihr Unternehmen\",\"isPartOf\":{\"@id\":\"https:\\\/\\\/www.amstelprinting.nl\\\/de\\\/#website\"},\"primaryImageOfPage\":{\"@id\":\"https:\\\/\\\/www.amstelprinting.nl\\\/de\\\/gesch\u00e4ft\\\/innere\\\/whiteboard\\\/magnet\\\/#primaryimage\"},\"image\":{\"@id\":\"https:\\\/\\\/www.amstelprinting.nl\\\/de\\\/gesch\u00e4ft\\\/innere\\\/whiteboard\\\/magnet\\\/#primaryimage\"},\"thumbnailUrl\":\"https:\\\/\\\/www.amstelprinting.nl\\\/wp-content\\\/uploads\\\/Whiteboard-magneten.jpg\",\"datePublished\":\"2025-01-23T19:47:59+00:00\",\"dateModified\":\"2026-02-18T11:54:45+00:00\",\"description\":\"Bestellen Sie hochwertige personalisierte Magnete. Direkt nach Ma\u00df bestellbar f\u00fcr den professionellen Einsatz. Lieferung in ganz Europa.\",\"breadcrumb\":{\"@id\":\"https:\\\/\\\/www.amstelprinting.nl\\\/de\\\/gesch\u00e4ft\\\/innere\\\/whiteboard\\\/magnet\\\/#breadcrumb\"},\"inLanguage\":\"de\",\"potentialAction\":[{\"@type\":\"ReadAction\",\"target\":[\"https:\\\/\\\/www.amstelprinting.nl\\\/de\\\/gesch\u00e4ft\\\/innere\\\/whiteboard\\\/magnet\\\/\"]}]},{\"@type\":\"ImageObject\",\"inLanguage\":\"de\",\"@id\":\"https:\\\/\\\/www.amstelprinting.nl\\\/de\\\/gesch\u00e4ft\\\/innere\\\/whiteboard\\\/magnet\\\/#primaryimage\",\"url\":\"https:\\\/\\\/www.amstelprinting.nl\\\/wp-content\\\/uploads\\\/Whiteboard-magneten.jpg\",\"contentUrl\":\"https:\\\/\\\/www.amstelprinting.nl\\\/wp-content\\\/uploads\\\/Whiteboard-magneten.jpg\",\"width\":700,\"height\":700},{\"@type\":\"BreadcrumbList\",\"@id\":\"https:\\\/\\\/www.amstelprinting.nl\\\/de\\\/gesch\u00e4ft\\\/innere\\\/whiteboard\\\/magnet\\\/#breadcrumb\",\"itemListElement\":[{\"@type\":\"ListItem\",\"position\":1,\"name\":\"\",\"item\":\"https:\\\/\\\/www.amstelprinting.nl\\\/de\\\/\"},{\"@type\":\"ListItem\",\"position\":2,\"name\":\"Amstel Printing\",\"item\":\"https:\\\/\\\/www.amstelprinting.nl\\\/de\\\/geschaeft\\\/\"},{\"@type\":\"ListItem\",\"position\":3,\"name\":\"Innere\",\"item\":\"https:\\\/\\\/www.amstelprinting.nl\\\/de\\\/kategorie\\\/innere\\\/\"},{\"@type\":\"ListItem\",\"position\":4,\"name\":\"Whiteboard\",\"item\":\"https:\\\/\\\/www.amstelprinting.nl\\\/de\\\/kategorie\\\/innere\\\/whiteboard\\\/\"},{\"@type\":\"ListItem\",\"position\":5,\"name\":\"Magnet\"}]},{\"@type\":\"WebSite\",\"@id\":\"https:\\\/\\\/www.amstelprinting.nl\\\/de\\\/#website\",\"url\":\"https:\\\/\\\/www.amstelprinting.nl\\\/de\\\/\",\"name\":\"Amstel Printing\",\"description\":\"Creating Exposure\",\"publisher\":{\"@id\":\"https:\\\/\\\/www.amstelprinting.nl\\\/de\\\/#organization\"},\"potentialAction\":[{\"@type\":\"SearchAction\",\"target\":{\"@type\":\"EntryPoint\",\"urlTemplate\":\"https:\\\/\\\/www.amstelprinting.nl\\\/de\\\/?s={search_term_string}\"},\"query-input\":{\"@type\":\"PropertyValueSpecification\",\"valueRequired\":true,\"valueName\":\"search_term_string\"}}],\"inLanguage\":\"de\"},{\"@type\":\"Organization\",\"@id\":\"https:\\\/\\\/www.amstelprinting.nl\\\/de\\\/#organization\",\"name\":\"Amstel Printing\",\"url\":\"https:\\\/\\\/www.amstelprinting.nl\\\/de\\\/\",\"logo\":{\"@type\":\"ImageObject\",\"inLanguage\":\"de\",\"@id\":\"https:\\\/\\\/www.amstelprinting.nl\\\/de\\\/#\\\/schema\\\/logo\\\/image\\\/\",\"url\":\"https:\\\/\\\/www.amstelprinting.nl\\\/wp-content\\\/uploads\\\/amstel_printing_logo_clean.png\",\"contentUrl\":\"https:\\\/\\\/www.amstelprinting.nl\\\/wp-content\\\/uploads\\\/amstel_printing_logo_clean.png\",\"width\":324,\"height\":73,\"caption\":\"Amstel Printing\"},\"image\":{\"@id\":\"https:\\\/\\\/www.amstelprinting.nl\\\/de\\\/#\\\/schema\\\/logo\\\/image\\\/\"}}]}<\/script>\n<!-- \/ Yoast SEO plugin. -->","yoast_head_json":{"title":"Magnete bestellen? - Stark & beschreibbar f\u00fcr Ihr Unternehmen","description":"Bestellen Sie hochwertige personalisierte Magnete. Direkt nach Ma\u00df bestellbar f\u00fcr den professionellen Einsatz. Lieferung in ganz Europa.","robots":{"index":"index","follow":"follow","max-snippet":"max-snippet:-1","max-image-preview":"max-image-preview:large","max-video-preview":"max-video-preview:-1"},"canonical":"https:\/\/www.amstelprinting.nl\/de\/gesch\u00e4ft\/innere\/whiteboard\/magnet\/","og_locale":"de_DE","og_type":"article","og_title":"Magnete bestellen? - Stark & beschreibbar f\u00fcr Ihr Unternehmen","og_description":"Bestellen Sie hochwertige personalisierte Magnete. Direkt nach Ma\u00df bestellbar f\u00fcr den professionellen Einsatz. Lieferung in ganz Europa.","og_url":"https:\/\/www.amstelprinting.nl\/de\/gesch\u00e4ft\/innere\/whiteboard\/magnet\/","og_site_name":"Amstel Printing","article_modified_time":"2026-02-18T11:54:45+00:00","og_image":[{"width":700,"height":700,"url":"https:\/\/www.amstelprinting.nl\/wp-content\/uploads\/Whiteboard-magneten.jpg","type":"image\/jpeg"}],"twitter_card":"summary_large_image","twitter_misc":{"Gesch\u00e4tzte Lesezeit":"1\u00a0Minute"},"schema":{"@context":"https:\/\/schema.org","@graph":[{"@type":"WebPage","@id":"https:\/\/www.amstelprinting.nl\/de\/gesch\u00e4ft\/innere\/whiteboard\/magnet\/","url":"https:\/\/www.amstelprinting.nl\/de\/gesch\u00e4ft\/innere\/whiteboard\/magnet\/","name":"Magnete bestellen? - Stark & beschreibbar f\u00fcr Ihr Unternehmen","isPartOf":{"@id":"https:\/\/www.amstelprinting.nl\/de\/#website"},"primaryImageOfPage":{"@id":"https:\/\/www.amstelprinting.nl\/de\/gesch\u00e4ft\/innere\/whiteboard\/magnet\/#primaryimage"},"image":{"@id":"https:\/\/www.amstelprinting.nl\/de\/gesch\u00e4ft\/innere\/whiteboard\/magnet\/#primaryimage"},"thumbnailUrl":"https:\/\/www.amstelprinting.nl\/wp-content\/uploads\/Whiteboard-magneten.jpg","datePublished":"2025-01-23T19:47:59+00:00","dateModified":"2026-02-18T11:54:45+00:00","description":"Bestellen Sie hochwertige personalisierte Magnete. Direkt nach Ma\u00df bestellbar f\u00fcr den professionellen Einsatz. Lieferung in ganz Europa.","breadcrumb":{"@id":"https:\/\/www.amstelprinting.nl\/de\/gesch\u00e4ft\/innere\/whiteboard\/magnet\/#breadcrumb"},"inLanguage":"de","potentialAction":[{"@type":"ReadAction","target":["https:\/\/www.amstelprinting.nl\/de\/gesch\u00e4ft\/innere\/whiteboard\/magnet\/"]}]},{"@type":"ImageObject","inLanguage":"de","@id":"https:\/\/www.amstelprinting.nl\/de\/gesch\u00e4ft\/innere\/whiteboard\/magnet\/#primaryimage","url":"https:\/\/www.amstelprinting.nl\/wp-content\/uploads\/Whiteboard-magneten.jpg","contentUrl":"https:\/\/www.amstelprinting.nl\/wp-content\/uploads\/Whiteboard-magneten.jpg","width":700,"height":700},{"@type":"BreadcrumbList","@id":"https:\/\/www.amstelprinting.nl\/de\/gesch\u00e4ft\/innere\/whiteboard\/magnet\/#breadcrumb","itemListElement":[{"@type":"ListItem","position":1,"name":"","item":"https:\/\/www.amstelprinting.nl\/de\/"},{"@type":"ListItem","position":2,"name":"Amstel Printing","item":"https:\/\/www.amstelprinting.nl\/de\/geschaeft\/"},{"@type":"ListItem","position":3,"name":"Innere","item":"https:\/\/www.amstelprinting.nl\/de\/kategorie\/innere\/"},{"@type":"ListItem","position":4,"name":"Whiteboard","item":"https:\/\/www.amstelprinting.nl\/de\/kategorie\/innere\/whiteboard\/"},{"@type":"ListItem","position":5,"name":"Magnet"}]},{"@type":"WebSite","@id":"https:\/\/www.amstelprinting.nl\/de\/#website","url":"https:\/\/www.amstelprinting.nl\/de\/","name":"Amstel Printing","description":"Creating Exposure","publisher":{"@id":"https:\/\/www.amstelprinting.nl\/de\/#organization"},"potentialAction":[{"@type":"SearchAction","target":{"@type":"EntryPoint","urlTemplate":"https:\/\/www.amstelprinting.nl\/de\/?s={search_term_string}"},"query-input":{"@type":"PropertyValueSpecification","valueRequired":true,"valueName":"search_term_string"}}],"inLanguage":"de"},{"@type":"Organization","@id":"https:\/\/www.amstelprinting.nl\/de\/#organization","name":"Amstel Printing","url":"https:\/\/www.amstelprinting.nl\/de\/","logo":{"@type":"ImageObject","inLanguage":"de","@id":"https:\/\/www.amstelprinting.nl\/de\/#\/schema\/logo\/image\/","url":"https:\/\/www.amstelprinting.nl\/wp-content\/uploads\/amstel_printing_logo_clean.png","contentUrl":"https:\/\/www.amstelprinting.nl\/wp-content\/uploads\/amstel_printing_logo_clean.png","width":324,"height":73,"caption":"Amstel Printing"},"image":{"@id":"https:\/\/www.amstelprinting.nl\/de\/#\/schema\/logo\/image\/"}}]}},"_links":{"self":[{"href":"https:\/\/www.amstelprinting.nl\/de\/wp-json\/wp\/v2\/product\/15484","targetHints":{"allow":["GET"]}}],"collection":[{"href":"https:\/\/www.amstelprinting.nl\/de\/wp-json\/wp\/v2\/product"}],"about":[{"href":"https:\/\/www.amstelprinting.nl\/de\/wp-json\/wp\/v2\/types\/product"}],"wp:featuredmedia":[{"embeddable":true,"href":"https:\/\/www.amstelprinting.nl\/de\/wp-json\/wp\/v2\/media\/15485"}],"wp:attachment":[{"href":"https:\/\/www.amstelprinting.nl\/de\/wp-json\/wp\/v2\/media?parent=15484"}],"wp:term":[{"taxonomy":"product_brand","embeddable":true,"href":"https:\/\/www.amstelprinting.nl\/de\/wp-json\/wp\/v2\/product_brand?post=15484"},{"taxonomy":"product_cat","embeddable":true,"href":"https:\/\/www.amstelprinting.nl\/de\/wp-json\/wp\/v2\/product_cat?post=15484"},{"taxonomy":"product_tag","embeddable":true,"href":"https:\/\/www.amstelprinting.nl\/de\/wp-json\/wp\/v2\/product_tag?post=15484"}],"curies":[{"name":"wp","href":"https:\/\/api.w.org\/{rel}","templated":true}]}}