{"id":15494,"date":"2025-01-23T20:47:50","date_gmt":"2025-01-23T19:47:50","guid":{"rendered":"https:\/\/www.amstelprinting.nl\/winkel\/unkategorisiert\/whiteboard-sticker\/"},"modified":"2026-02-10T12:32:15","modified_gmt":"2026-02-10T11:32:15","slug":"whiteboard-sticker","status":"publish","type":"product","link":"https:\/\/www.amstelprinting.nl\/de\/gesch\u00e4ft\/innere\/whiteboard\/whiteboard-sticker\/","title":{"rendered":"Whiteboard-Sticker"},"content":{"rendered":"<h3>Whiteboard-Sticker: schnell und g\u00fcnstig einsetzbar<\/h3>\n<p>Verwandeln Sie jede glatte Oberfl\u00e4che in ein interaktives und funktionales Whiteboard mit unseren hochwertigen Whiteboard-Stickern. Perfekt f\u00fcr B\u00fcros, Schulen oder h\u00e4usliche Umgebungen. Diese selbstklebende Whiteboard-L\u00f6sung bietet eine flexible M\u00f6glichkeit, Ideen zu teilen (Brainstorming), Aufgaben zu planen und die Kreativit\u00e4t zu f\u00f6rdern.<\/p>\n<h3>Vorteile<\/h3>\n<ul>\n<li>Verwandelt jede glatte Oberfl\u00e4che in ein interaktives Whiteboard<\/li>\n<li>Langlebiges Vinyl mit Whiteboard-Laminat f\u00fcr eine Lebensdauer von mehr als drei Jahren<\/li>\n<li>Auswahl aus verschiedenen Zubeh\u00f6rteilen<\/li>\n<\/ul>\n<p>&nbsp;<\/p>\n<h3>Material<\/h3>\n<p>Dieser selbstklebende Sticker ist aus langlebigem Vinyl gefertigt und mit einem speziellen Whiteboard-Laminat versehen, das eine Lebensdauer von mehr als drei Jahren garantiert. Der Whiteboard-Sticker kann in Ihrem Wunschformat oder nach den Konturen Ihres Designs zugeschnitten werden.<\/p>\n<h3>Zubeh\u00f6r<\/h3>\n<p>Dar\u00fcber hinaus bieten wir eine Reihe von Zubeh\u00f6rteilen an, die die Installation noch einfacher machen. W\u00e4hlen Sie aus verschiedenen Befestigungszubeh\u00f6rteilen, die zu Ihrer spezifischen Anwendung passen. So k\u00f6nnen Sie im Handumdrehen einen funktionalen Arbeitsraum schaffen, in dem Ideen zum Leben erweckt und Planungen organisiert werden.<\/p>\n","protected":false},"excerpt":{"rendered":"<h3>Beschreibbar mit abwischbaren Stiften. Mit eigenem Druck versehen.<\/h3>\n<p>Verwandeln Sie jede glatte Oberfl\u00e4che in ein interaktives und funktionales Whiteboard mit unseren hochwertigen Whiteboard-Stickern. Egal ob in B\u00fcros, Schulen oder im h\u00e4uslichen Umfeld, diese selbstklebende L\u00f6sung bietet eine flexible M\u00f6glichkeit, Ideen zu teilen, Aufgaben zu planen und die Kreativit\u00e4t zu f\u00f6rdern. Mit langlebigem Vinyl und einem speziellen Whiteboard-Laminat garantiert unser Sticker eine lange Lebensdauer und einfache Handhabung, was ihn perfekt f\u00fcr den t\u00e4glichen Gebrauch macht.<\/p>\n","protected":false},"featured_media":15495,"template":"","meta":{"_et_pb_use_builder":"","_et_pb_old_content":"","_et_gb_content_width":""},"product_brand":[],"product_cat":[313,932,947,941],"product_tag":[],"class_list":{"0":"post-15494","1":"product","2":"type-product","3":"status-publish","4":"has-post-thumbnail","6":"product_cat-aufkleber-und-druck","7":"product_cat-grose-aufkleber","8":"product_cat-innere","9":"product_cat-whiteboard","11":"first","12":"instock","13":"taxable","14":"shipping-taxable","15":"purchasable","16":"product-type-simple"},"yoast_head":"<!-- This site is optimized with the Yoast SEO plugin v27.3 - https:\/\/yoast.com\/product\/yoast-seo-wordpress\/ -->\n<title>Whiteboard-Sticker \u2013 personalisierbar, langlebig &amp; schnell geliefert<\/title>\n<meta name=\"description\" content=\"Bestellen Sie unsere langlebigen Whiteboard-Sticker. Sofort einsatzbereit, komplett nach Ma\u00df und inklusive Zubeh\u00f6r f\u00fcr einen reibungslosen Start.\" \/>\n<meta name=\"robots\" content=\"index, follow, max-snippet:-1, max-image-preview:large, max-video-preview:-1\" \/>\n<link rel=\"canonical\" href=\"https:\/\/www.amstelprinting.nl\/de\/gesch\u00e4ft\/innere\/whiteboard\/whiteboard-sticker\/\" \/>\n<meta property=\"og:locale\" content=\"de_DE\" \/>\n<meta property=\"og:type\" content=\"article\" \/>\n<meta property=\"og:title\" content=\"Whiteboard-Sticker \u2013 personalisierbar, langlebig &amp; schnell geliefert\" \/>\n<meta property=\"og:description\" content=\"Bestellen Sie unsere langlebigen Whiteboard-Sticker. Sofort einsatzbereit, komplett nach Ma\u00df und inklusive Zubeh\u00f6r f\u00fcr einen reibungslosen Start.\" \/>\n<meta property=\"og:url\" content=\"https:\/\/www.amstelprinting.nl\/de\/gesch\u00e4ft\/innere\/whiteboard\/whiteboard-sticker\/\" \/>\n<meta property=\"og:site_name\" content=\"Amstel Printing\" \/>\n<meta property=\"article:modified_time\" content=\"2026-02-10T11:32:15+00:00\" \/>\n<meta property=\"og:image\" content=\"https:\/\/www.amstelprinting.nl\/wp-content\/uploads\/Whiteboard-sticker.jpg\" \/>\n\t<meta property=\"og:image:width\" content=\"700\" \/>\n\t<meta property=\"og:image:height\" content=\"700\" \/>\n\t<meta property=\"og:image:type\" content=\"image\/jpeg\" \/>\n<meta name=\"twitter:card\" content=\"summary_large_image\" \/>\n<meta name=\"twitter:label1\" content=\"Gesch\u00e4tzte Lesezeit\" \/>\n\t<meta name=\"twitter:data1\" content=\"1\u00a0Minute\" \/>\n<script type=\"application\/ld+json\" class=\"yoast-schema-graph\">{\"@context\":\"https:\\\/\\\/schema.org\",\"@graph\":[{\"@type\":\"WebPage\",\"@id\":\"https:\\\/\\\/www.amstelprinting.nl\\\/de\\\/gesch\u00e4ft\\\/innere\\\/whiteboard\\\/whiteboard-sticker\\\/\",\"url\":\"https:\\\/\\\/www.amstelprinting.nl\\\/de\\\/gesch\u00e4ft\\\/innere\\\/whiteboard\\\/whiteboard-sticker\\\/\",\"name\":\"Whiteboard-Sticker \u2013 personalisierbar, langlebig & schnell geliefert\",\"isPartOf\":{\"@id\":\"https:\\\/\\\/www.amstelprinting.nl\\\/de\\\/#website\"},\"primaryImageOfPage\":{\"@id\":\"https:\\\/\\\/www.amstelprinting.nl\\\/de\\\/gesch\u00e4ft\\\/innere\\\/whiteboard\\\/whiteboard-sticker\\\/#primaryimage\"},\"image\":{\"@id\":\"https:\\\/\\\/www.amstelprinting.nl\\\/de\\\/gesch\u00e4ft\\\/innere\\\/whiteboard\\\/whiteboard-sticker\\\/#primaryimage\"},\"thumbnailUrl\":\"https:\\\/\\\/www.amstelprinting.nl\\\/wp-content\\\/uploads\\\/Whiteboard-sticker.jpg\",\"datePublished\":\"2025-01-23T19:47:50+00:00\",\"dateModified\":\"2026-02-10T11:32:15+00:00\",\"description\":\"Bestellen Sie unsere langlebigen Whiteboard-Sticker. Sofort einsatzbereit, komplett nach Ma\u00df und inklusive Zubeh\u00f6r f\u00fcr einen reibungslosen Start.\",\"breadcrumb\":{\"@id\":\"https:\\\/\\\/www.amstelprinting.nl\\\/de\\\/gesch\u00e4ft\\\/innere\\\/whiteboard\\\/whiteboard-sticker\\\/#breadcrumb\"},\"inLanguage\":\"de\",\"potentialAction\":[{\"@type\":\"ReadAction\",\"target\":[\"https:\\\/\\\/www.amstelprinting.nl\\\/de\\\/gesch\u00e4ft\\\/innere\\\/whiteboard\\\/whiteboard-sticker\\\/\"]}]},{\"@type\":\"ImageObject\",\"inLanguage\":\"de\",\"@id\":\"https:\\\/\\\/www.amstelprinting.nl\\\/de\\\/gesch\u00e4ft\\\/innere\\\/whiteboard\\\/whiteboard-sticker\\\/#primaryimage\",\"url\":\"https:\\\/\\\/www.amstelprinting.nl\\\/wp-content\\\/uploads\\\/Whiteboard-sticker.jpg\",\"contentUrl\":\"https:\\\/\\\/www.amstelprinting.nl\\\/wp-content\\\/uploads\\\/Whiteboard-sticker.jpg\",\"width\":700,\"height\":700},{\"@type\":\"BreadcrumbList\",\"@id\":\"https:\\\/\\\/www.amstelprinting.nl\\\/de\\\/gesch\u00e4ft\\\/innere\\\/whiteboard\\\/whiteboard-sticker\\\/#breadcrumb\",\"itemListElement\":[{\"@type\":\"ListItem\",\"position\":1,\"name\":\"\",\"item\":\"https:\\\/\\\/www.amstelprinting.nl\\\/de\\\/\"},{\"@type\":\"ListItem\",\"position\":2,\"name\":\"Amstel Printing\",\"item\":\"https:\\\/\\\/www.amstelprinting.nl\\\/de\\\/geschaeft\\\/\"},{\"@type\":\"ListItem\",\"position\":3,\"name\":\"Innere\",\"item\":\"https:\\\/\\\/www.amstelprinting.nl\\\/de\\\/kategorie\\\/innere\\\/\"},{\"@type\":\"ListItem\",\"position\":4,\"name\":\"Whiteboard\",\"item\":\"https:\\\/\\\/www.amstelprinting.nl\\\/de\\\/kategorie\\\/innere\\\/whiteboard\\\/\"},{\"@type\":\"ListItem\",\"position\":5,\"name\":\"Whiteboard-Sticker\"}]},{\"@type\":\"WebSite\",\"@id\":\"https:\\\/\\\/www.amstelprinting.nl\\\/de\\\/#website\",\"url\":\"https:\\\/\\\/www.amstelprinting.nl\\\/de\\\/\",\"name\":\"Amstel Printing\",\"description\":\"Creating Exposure\",\"publisher\":{\"@id\":\"https:\\\/\\\/www.amstelprinting.nl\\\/de\\\/#organization\"},\"potentialAction\":[{\"@type\":\"SearchAction\",\"target\":{\"@type\":\"EntryPoint\",\"urlTemplate\":\"https:\\\/\\\/www.amstelprinting.nl\\\/de\\\/?s={search_term_string}\"},\"query-input\":{\"@type\":\"PropertyValueSpecification\",\"valueRequired\":true,\"valueName\":\"search_term_string\"}}],\"inLanguage\":\"de\"},{\"@type\":\"Organization\",\"@id\":\"https:\\\/\\\/www.amstelprinting.nl\\\/de\\\/#organization\",\"name\":\"Amstel Printing\",\"url\":\"https:\\\/\\\/www.amstelprinting.nl\\\/de\\\/\",\"logo\":{\"@type\":\"ImageObject\",\"inLanguage\":\"de\",\"@id\":\"https:\\\/\\\/www.amstelprinting.nl\\\/de\\\/#\\\/schema\\\/logo\\\/image\\\/\",\"url\":\"https:\\\/\\\/www.amstelprinting.nl\\\/wp-content\\\/uploads\\\/amstel_printing_logo_clean.png\",\"contentUrl\":\"https:\\\/\\\/www.amstelprinting.nl\\\/wp-content\\\/uploads\\\/amstel_printing_logo_clean.png\",\"width\":324,\"height\":73,\"caption\":\"Amstel Printing\"},\"image\":{\"@id\":\"https:\\\/\\\/www.amstelprinting.nl\\\/de\\\/#\\\/schema\\\/logo\\\/image\\\/\"}}]}<\/script>\n<!-- \/ Yoast SEO plugin. -->","yoast_head_json":{"title":"Whiteboard-Sticker \u2013 personalisierbar, langlebig & schnell geliefert","description":"Bestellen Sie unsere langlebigen Whiteboard-Sticker. Sofort einsatzbereit, komplett nach Ma\u00df und inklusive Zubeh\u00f6r f\u00fcr einen reibungslosen Start.","robots":{"index":"index","follow":"follow","max-snippet":"max-snippet:-1","max-image-preview":"max-image-preview:large","max-video-preview":"max-video-preview:-1"},"canonical":"https:\/\/www.amstelprinting.nl\/de\/gesch\u00e4ft\/innere\/whiteboard\/whiteboard-sticker\/","og_locale":"de_DE","og_type":"article","og_title":"Whiteboard-Sticker \u2013 personalisierbar, langlebig & schnell geliefert","og_description":"Bestellen Sie unsere langlebigen Whiteboard-Sticker. Sofort einsatzbereit, komplett nach Ma\u00df und inklusive Zubeh\u00f6r f\u00fcr einen reibungslosen Start.","og_url":"https:\/\/www.amstelprinting.nl\/de\/gesch\u00e4ft\/innere\/whiteboard\/whiteboard-sticker\/","og_site_name":"Amstel Printing","article_modified_time":"2026-02-10T11:32:15+00:00","og_image":[{"width":700,"height":700,"url":"https:\/\/www.amstelprinting.nl\/wp-content\/uploads\/Whiteboard-sticker.jpg","type":"image\/jpeg"}],"twitter_card":"summary_large_image","twitter_misc":{"Gesch\u00e4tzte Lesezeit":"1\u00a0Minute"},"schema":{"@context":"https:\/\/schema.org","@graph":[{"@type":"WebPage","@id":"https:\/\/www.amstelprinting.nl\/de\/gesch\u00e4ft\/innere\/whiteboard\/whiteboard-sticker\/","url":"https:\/\/www.amstelprinting.nl\/de\/gesch\u00e4ft\/innere\/whiteboard\/whiteboard-sticker\/","name":"Whiteboard-Sticker \u2013 personalisierbar, langlebig & schnell geliefert","isPartOf":{"@id":"https:\/\/www.amstelprinting.nl\/de\/#website"},"primaryImageOfPage":{"@id":"https:\/\/www.amstelprinting.nl\/de\/gesch\u00e4ft\/innere\/whiteboard\/whiteboard-sticker\/#primaryimage"},"image":{"@id":"https:\/\/www.amstelprinting.nl\/de\/gesch\u00e4ft\/innere\/whiteboard\/whiteboard-sticker\/#primaryimage"},"thumbnailUrl":"https:\/\/www.amstelprinting.nl\/wp-content\/uploads\/Whiteboard-sticker.jpg","datePublished":"2025-01-23T19:47:50+00:00","dateModified":"2026-02-10T11:32:15+00:00","description":"Bestellen Sie unsere langlebigen Whiteboard-Sticker. Sofort einsatzbereit, komplett nach Ma\u00df und inklusive Zubeh\u00f6r f\u00fcr einen reibungslosen Start.","breadcrumb":{"@id":"https:\/\/www.amstelprinting.nl\/de\/gesch\u00e4ft\/innere\/whiteboard\/whiteboard-sticker\/#breadcrumb"},"inLanguage":"de","potentialAction":[{"@type":"ReadAction","target":["https:\/\/www.amstelprinting.nl\/de\/gesch\u00e4ft\/innere\/whiteboard\/whiteboard-sticker\/"]}]},{"@type":"ImageObject","inLanguage":"de","@id":"https:\/\/www.amstelprinting.nl\/de\/gesch\u00e4ft\/innere\/whiteboard\/whiteboard-sticker\/#primaryimage","url":"https:\/\/www.amstelprinting.nl\/wp-content\/uploads\/Whiteboard-sticker.jpg","contentUrl":"https:\/\/www.amstelprinting.nl\/wp-content\/uploads\/Whiteboard-sticker.jpg","width":700,"height":700},{"@type":"BreadcrumbList","@id":"https:\/\/www.amstelprinting.nl\/de\/gesch\u00e4ft\/innere\/whiteboard\/whiteboard-sticker\/#breadcrumb","itemListElement":[{"@type":"ListItem","position":1,"name":"","item":"https:\/\/www.amstelprinting.nl\/de\/"},{"@type":"ListItem","position":2,"name":"Amstel Printing","item":"https:\/\/www.amstelprinting.nl\/de\/geschaeft\/"},{"@type":"ListItem","position":3,"name":"Innere","item":"https:\/\/www.amstelprinting.nl\/de\/kategorie\/innere\/"},{"@type":"ListItem","position":4,"name":"Whiteboard","item":"https:\/\/www.amstelprinting.nl\/de\/kategorie\/innere\/whiteboard\/"},{"@type":"ListItem","position":5,"name":"Whiteboard-Sticker"}]},{"@type":"WebSite","@id":"https:\/\/www.amstelprinting.nl\/de\/#website","url":"https:\/\/www.amstelprinting.nl\/de\/","name":"Amstel Printing","description":"Creating Exposure","publisher":{"@id":"https:\/\/www.amstelprinting.nl\/de\/#organization"},"potentialAction":[{"@type":"SearchAction","target":{"@type":"EntryPoint","urlTemplate":"https:\/\/www.amstelprinting.nl\/de\/?s={search_term_string}"},"query-input":{"@type":"PropertyValueSpecification","valueRequired":true,"valueName":"search_term_string"}}],"inLanguage":"de"},{"@type":"Organization","@id":"https:\/\/www.amstelprinting.nl\/de\/#organization","name":"Amstel Printing","url":"https:\/\/www.amstelprinting.nl\/de\/","logo":{"@type":"ImageObject","inLanguage":"de","@id":"https:\/\/www.amstelprinting.nl\/de\/#\/schema\/logo\/image\/","url":"https:\/\/www.amstelprinting.nl\/wp-content\/uploads\/amstel_printing_logo_clean.png","contentUrl":"https:\/\/www.amstelprinting.nl\/wp-content\/uploads\/amstel_printing_logo_clean.png","width":324,"height":73,"caption":"Amstel Printing"},"image":{"@id":"https:\/\/www.amstelprinting.nl\/de\/#\/schema\/logo\/image\/"}}]}},"_links":{"self":[{"href":"https:\/\/www.amstelprinting.nl\/de\/wp-json\/wp\/v2\/product\/15494","targetHints":{"allow":["GET"]}}],"collection":[{"href":"https:\/\/www.amstelprinting.nl\/de\/wp-json\/wp\/v2\/product"}],"about":[{"href":"https:\/\/www.amstelprinting.nl\/de\/wp-json\/wp\/v2\/types\/product"}],"wp:featuredmedia":[{"embeddable":true,"href":"https:\/\/www.amstelprinting.nl\/de\/wp-json\/wp\/v2\/media\/15495"}],"wp:attachment":[{"href":"https:\/\/www.amstelprinting.nl\/de\/wp-json\/wp\/v2\/media?parent=15494"}],"wp:term":[{"taxonomy":"product_brand","embeddable":true,"href":"https:\/\/www.amstelprinting.nl\/de\/wp-json\/wp\/v2\/product_brand?post=15494"},{"taxonomy":"product_cat","embeddable":true,"href":"https:\/\/www.amstelprinting.nl\/de\/wp-json\/wp\/v2\/product_cat?post=15494"},{"taxonomy":"product_tag","embeddable":true,"href":"https:\/\/www.amstelprinting.nl\/de\/wp-json\/wp\/v2\/product_tag?post=15494"}],"curies":[{"name":"wp","href":"https:\/\/api.w.org\/{rel}","templated":true}]}}