{"id":15506,"date":"2025-01-23T20:47:39","date_gmt":"2025-01-23T19:47:39","guid":{"rendered":"https:\/\/www.amstelprinting.nl\/winkel\/unkategorisiert\/dekbedovertrek\/"},"modified":"2026-02-18T12:54:45","modified_gmt":"2026-02-18T11:54:45","slug":"bettbezug","status":"publish","type":"product","link":"https:\/\/www.amstelprinting.nl\/de\/gesch\u00e4ft\/innere\/haus-gastronomie\/bettbezug\/","title":{"rendered":"Bettbezug"},"content":{"rendered":"<h3>Bettbezug bedrucken<\/h3>\n<p>Setzen Sie ein Statement in Ihrem Interieur mit Bettw\u00e4sche, die nicht nur funktional, sondern auch stilvoll ist. Entwerfen Sie ganz einfach Ihren eigenen Bettbezug mithilfe unserer praktischen Vorlagen. Entscheiden Sie sich noch heute f\u00fcr die Qualit\u00e4t und den Komfort unserer Bettbez\u00fcge und erleben Sie selbst den Unterschied, den ein perfekt ma\u00dfgefertigter Bettbezug machen kann.<\/p>\n<h3>Vorteile<\/h3>\n<ul>\n<li>Ihr Druck auf beiden Seiten bedruckt<\/li>\n<li>Erh\u00e4ltlich in zwei hochwertigen Materialien<\/li>\n<li>Breites Spektrum an Formaten<\/li>\n<li>W\u00e4hlen Sie Ihr eigenes Design oder ein bestehendes Muster<\/li>\n<\/ul>\n<p>&nbsp;<\/p>\n<h3>Hergestellt aus langlebigem und weichem Polyester<\/h3>\n<p>Die Bettbez\u00fcge sind aus hochwertigem Polyester gefertigt, das sich weich anf\u00fchlt, verschlei\u00dffest ist und lange sch\u00f6n bleibt. Dank einer innovativen Drucktechnik mit nachhaltiger Tinte auf Wasserbasis wird Ihr Design messerscharf und farbecht auf den Bettbezug aufgebracht. Zudem ist Polyester pflegeleicht, schnelltrocknend und nahezu knitterfrei.<\/p>\n<h3>Formate<\/h3>\n<p>Unsere Bettbez\u00fcge sind in Junior-, Einzel-, Doppel- und \u00dcbergr\u00f6\u00dfe (Lits-Jumeaux) erh\u00e4ltlich, verf\u00fcgbar in einer breiten Palette an Formaten. W\u00e4hlen Sie zwischen einer geraden Einstecklasche f\u00fcr ein klassisches Finish oder einer Flaschenhals-Einstecklasche f\u00fcr ein modernes Aussehen und zus\u00e4tzlichen Komfort beim Beziehen des Bettes. F\u00fcr einen kompletten Look k\u00f6nnen Sie passende Kissen w\u00e4hlen, die in vier verschiedenen Formaten erh\u00e4ltlich sind. Bitte beachten Sie: Die Bettbez\u00fcge werden ohne Kissen geliefert, die Sie separat bestellen k\u00f6nnen.<\/p>\n<h3>Verarbeitung und Design<\/h3>\n<p>Unsere Bettbez\u00fcge sind wahlweise mit wei\u00dfem oder schwarzem Garn verarbeitet, sodass Sie das Finish auf Ihr Interieur abstimmen k\u00f6nnen. F\u00fcr einen wirklich pers\u00f6nlichen Touch k\u00f6nnen Sie Ihren Bettbezug mit einem eigenen Design gestalten lassen oder aus einem unserer bestehenden Muster w\u00e4hlen. Ein kreativer Tipp: Erw\u00e4gen Sie auch, beiden Seiten des Bettbezugs ein unterschiedliches Design zu geben, um ein besonders spielerisches und einzigartiges Aussehen zu erzielen. Das Erstellen Ihres idealen Bettbezugs ist einfach mithilfe unserer praktischen Vorlagen, die Sie herunterladen k\u00f6nnen, um Ihr Design m\u00fchelos zu gestalten.<\/p>\n","protected":false},"excerpt":{"rendered":"<h3>Mit eigenem Aufdruck versehen<\/h3>\n<p>Ob Sie ein Hotelier sind, der die ultimative Bettw\u00e4sche f\u00fcr ein luxuri\u00f6ses G\u00e4steerlebnis sucht, oder ob Sie Ihren eigenen Bettbezug entwerfen m\u00f6chten \u2013 unsere hochwertigen Bettbez\u00fcge bieten die perfekte L\u00f6sung. Mit einer Auswahl aus zwei Premium-Materialien und zahlreichen ma\u00dfgeschneiderten Optionen finden Sie einen Bettbezug, der nicht nur Ihr Interieur versch\u00f6nert, sondern auch Ihren Schlafkomfort auf ein neues Niveau hebt.<\/p>\n","protected":false},"featured_media":15508,"template":"","meta":{"_et_pb_use_builder":"","_et_pb_old_content":"","_et_gb_content_width":""},"product_brand":[],"product_cat":[945,947],"product_tag":[],"class_list":{"0":"post-15506","1":"product","2":"type-product","3":"status-publish","4":"has-post-thumbnail","6":"product_cat-haus-gastronomie","7":"product_cat-innere","9":"first","10":"instock","11":"taxable","12":"shipping-taxable","13":"purchasable","14":"product-type-simple"},"yoast_head":"<!-- This site is optimized with the Yoast SEO plugin v27.3 - https:\/\/yoast.com\/product\/yoast-seo-wordpress\/ -->\n<title>Bettbezug | Amstel Printing<\/title>\n<meta name=\"robots\" content=\"index, follow, max-snippet:-1, max-image-preview:large, max-video-preview:-1\" \/>\n<link rel=\"canonical\" href=\"https:\/\/www.amstelprinting.nl\/de\/gesch\u00e4ft\/innere\/haus-gastronomie\/bettbezug\/\" \/>\n<meta property=\"og:locale\" content=\"de_DE\" \/>\n<meta property=\"og:type\" content=\"article\" \/>\n<meta property=\"og:title\" content=\"Bettbezug | Amstel Printing\" \/>\n<meta property=\"og:description\" content=\"Mit eigenem Aufdruck versehen Ob Sie ein Hotelier sind, der die ultimative Bettw\u00e4sche f\u00fcr ein luxuri\u00f6ses G\u00e4steerlebnis sucht, oder ob Sie Ihren eigenen Bettbezug entwerfen m\u00f6chten \u2013 unsere hochwertigen Bettbez\u00fcge bieten die perfekte L\u00f6sung. Mit einer Auswahl aus zwei Premium-Materialien und zahlreichen ma\u00dfgeschneiderten Optionen finden Sie einen Bettbezug, der nicht nur Ihr Interieur versch\u00f6nert, sondern auch Ihren Schlafkomfort auf ein neues Niveau hebt.\" \/>\n<meta property=\"og:url\" content=\"https:\/\/www.amstelprinting.nl\/de\/gesch\u00e4ft\/innere\/haus-gastronomie\/bettbezug\/\" \/>\n<meta property=\"og:site_name\" content=\"Amstel Printing\" \/>\n<meta property=\"article:modified_time\" content=\"2026-02-18T11:54:45+00:00\" \/>\n<meta property=\"og:image\" content=\"https:\/\/www.amstelprinting.nl\/wp-content\/uploads\/Dekbedovertrek.jpg\" \/>\n\t<meta property=\"og:image:width\" content=\"700\" \/>\n\t<meta property=\"og:image:height\" content=\"700\" \/>\n\t<meta property=\"og:image:type\" content=\"image\/jpeg\" \/>\n<meta name=\"twitter:card\" content=\"summary_large_image\" \/>\n<meta name=\"twitter:label1\" content=\"Gesch\u00e4tzte Lesezeit\" \/>\n\t<meta name=\"twitter:data1\" content=\"2\u00a0Minuten\" \/>\n<script type=\"application\/ld+json\" class=\"yoast-schema-graph\">{\"@context\":\"https:\\\/\\\/schema.org\",\"@graph\":[{\"@type\":\"WebPage\",\"@id\":\"https:\\\/\\\/www.amstelprinting.nl\\\/de\\\/gesch\u00e4ft\\\/innere\\\/haus-gastronomie\\\/bettbezug\\\/\",\"url\":\"https:\\\/\\\/www.amstelprinting.nl\\\/de\\\/gesch\u00e4ft\\\/innere\\\/haus-gastronomie\\\/bettbezug\\\/\",\"name\":\"Bettbezug | Amstel Printing\",\"isPartOf\":{\"@id\":\"https:\\\/\\\/www.amstelprinting.nl\\\/de\\\/#website\"},\"primaryImageOfPage\":{\"@id\":\"https:\\\/\\\/www.amstelprinting.nl\\\/de\\\/gesch\u00e4ft\\\/innere\\\/haus-gastronomie\\\/bettbezug\\\/#primaryimage\"},\"image\":{\"@id\":\"https:\\\/\\\/www.amstelprinting.nl\\\/de\\\/gesch\u00e4ft\\\/innere\\\/haus-gastronomie\\\/bettbezug\\\/#primaryimage\"},\"thumbnailUrl\":\"https:\\\/\\\/www.amstelprinting.nl\\\/wp-content\\\/uploads\\\/Dekbedovertrek.jpg\",\"datePublished\":\"2025-01-23T19:47:39+00:00\",\"dateModified\":\"2026-02-18T11:54:45+00:00\",\"breadcrumb\":{\"@id\":\"https:\\\/\\\/www.amstelprinting.nl\\\/de\\\/gesch\u00e4ft\\\/innere\\\/haus-gastronomie\\\/bettbezug\\\/#breadcrumb\"},\"inLanguage\":\"de\",\"potentialAction\":[{\"@type\":\"ReadAction\",\"target\":[\"https:\\\/\\\/www.amstelprinting.nl\\\/de\\\/gesch\u00e4ft\\\/innere\\\/haus-gastronomie\\\/bettbezug\\\/\"]}]},{\"@type\":\"ImageObject\",\"inLanguage\":\"de\",\"@id\":\"https:\\\/\\\/www.amstelprinting.nl\\\/de\\\/gesch\u00e4ft\\\/innere\\\/haus-gastronomie\\\/bettbezug\\\/#primaryimage\",\"url\":\"https:\\\/\\\/www.amstelprinting.nl\\\/wp-content\\\/uploads\\\/Dekbedovertrek.jpg\",\"contentUrl\":\"https:\\\/\\\/www.amstelprinting.nl\\\/wp-content\\\/uploads\\\/Dekbedovertrek.jpg\",\"width\":700,\"height\":700},{\"@type\":\"BreadcrumbList\",\"@id\":\"https:\\\/\\\/www.amstelprinting.nl\\\/de\\\/gesch\u00e4ft\\\/innere\\\/haus-gastronomie\\\/bettbezug\\\/#breadcrumb\",\"itemListElement\":[{\"@type\":\"ListItem\",\"position\":1,\"name\":\"\",\"item\":\"https:\\\/\\\/www.amstelprinting.nl\\\/de\\\/\"},{\"@type\":\"ListItem\",\"position\":2,\"name\":\"Amstel Printing\",\"item\":\"https:\\\/\\\/www.amstelprinting.nl\\\/de\\\/geschaeft\\\/\"},{\"@type\":\"ListItem\",\"position\":3,\"name\":\"Innere\",\"item\":\"https:\\\/\\\/www.amstelprinting.nl\\\/de\\\/kategorie\\\/innere\\\/\"},{\"@type\":\"ListItem\",\"position\":4,\"name\":\"Haus &amp; Gastronomie\",\"item\":\"https:\\\/\\\/www.amstelprinting.nl\\\/de\\\/kategorie\\\/innere\\\/haus-gastronomie\\\/\"},{\"@type\":\"ListItem\",\"position\":5,\"name\":\"Bettbezug\"}]},{\"@type\":\"WebSite\",\"@id\":\"https:\\\/\\\/www.amstelprinting.nl\\\/de\\\/#website\",\"url\":\"https:\\\/\\\/www.amstelprinting.nl\\\/de\\\/\",\"name\":\"Amstel Printing\",\"description\":\"Creating Exposure\",\"publisher\":{\"@id\":\"https:\\\/\\\/www.amstelprinting.nl\\\/de\\\/#organization\"},\"potentialAction\":[{\"@type\":\"SearchAction\",\"target\":{\"@type\":\"EntryPoint\",\"urlTemplate\":\"https:\\\/\\\/www.amstelprinting.nl\\\/de\\\/?s={search_term_string}\"},\"query-input\":{\"@type\":\"PropertyValueSpecification\",\"valueRequired\":true,\"valueName\":\"search_term_string\"}}],\"inLanguage\":\"de\"},{\"@type\":\"Organization\",\"@id\":\"https:\\\/\\\/www.amstelprinting.nl\\\/de\\\/#organization\",\"name\":\"Amstel Printing\",\"url\":\"https:\\\/\\\/www.amstelprinting.nl\\\/de\\\/\",\"logo\":{\"@type\":\"ImageObject\",\"inLanguage\":\"de\",\"@id\":\"https:\\\/\\\/www.amstelprinting.nl\\\/de\\\/#\\\/schema\\\/logo\\\/image\\\/\",\"url\":\"https:\\\/\\\/www.amstelprinting.nl\\\/wp-content\\\/uploads\\\/amstel_printing_logo_clean.png\",\"contentUrl\":\"https:\\\/\\\/www.amstelprinting.nl\\\/wp-content\\\/uploads\\\/amstel_printing_logo_clean.png\",\"width\":324,\"height\":73,\"caption\":\"Amstel Printing\"},\"image\":{\"@id\":\"https:\\\/\\\/www.amstelprinting.nl\\\/de\\\/#\\\/schema\\\/logo\\\/image\\\/\"}}]}<\/script>\n<!-- \/ Yoast SEO plugin. -->","yoast_head_json":{"title":"Bettbezug | Amstel Printing","robots":{"index":"index","follow":"follow","max-snippet":"max-snippet:-1","max-image-preview":"max-image-preview:large","max-video-preview":"max-video-preview:-1"},"canonical":"https:\/\/www.amstelprinting.nl\/de\/gesch\u00e4ft\/innere\/haus-gastronomie\/bettbezug\/","og_locale":"de_DE","og_type":"article","og_title":"Bettbezug | Amstel Printing","og_description":"Mit eigenem Aufdruck versehen Ob Sie ein Hotelier sind, der die ultimative Bettw\u00e4sche f\u00fcr ein luxuri\u00f6ses G\u00e4steerlebnis sucht, oder ob Sie Ihren eigenen Bettbezug entwerfen m\u00f6chten \u2013 unsere hochwertigen Bettbez\u00fcge bieten die perfekte L\u00f6sung. Mit einer Auswahl aus zwei Premium-Materialien und zahlreichen ma\u00dfgeschneiderten Optionen finden Sie einen Bettbezug, der nicht nur Ihr Interieur versch\u00f6nert, sondern auch Ihren Schlafkomfort auf ein neues Niveau hebt.","og_url":"https:\/\/www.amstelprinting.nl\/de\/gesch\u00e4ft\/innere\/haus-gastronomie\/bettbezug\/","og_site_name":"Amstel Printing","article_modified_time":"2026-02-18T11:54:45+00:00","og_image":[{"width":700,"height":700,"url":"https:\/\/www.amstelprinting.nl\/wp-content\/uploads\/Dekbedovertrek.jpg","type":"image\/jpeg"}],"twitter_card":"summary_large_image","twitter_misc":{"Gesch\u00e4tzte Lesezeit":"2\u00a0Minuten"},"schema":{"@context":"https:\/\/schema.org","@graph":[{"@type":"WebPage","@id":"https:\/\/www.amstelprinting.nl\/de\/gesch\u00e4ft\/innere\/haus-gastronomie\/bettbezug\/","url":"https:\/\/www.amstelprinting.nl\/de\/gesch\u00e4ft\/innere\/haus-gastronomie\/bettbezug\/","name":"Bettbezug | Amstel Printing","isPartOf":{"@id":"https:\/\/www.amstelprinting.nl\/de\/#website"},"primaryImageOfPage":{"@id":"https:\/\/www.amstelprinting.nl\/de\/gesch\u00e4ft\/innere\/haus-gastronomie\/bettbezug\/#primaryimage"},"image":{"@id":"https:\/\/www.amstelprinting.nl\/de\/gesch\u00e4ft\/innere\/haus-gastronomie\/bettbezug\/#primaryimage"},"thumbnailUrl":"https:\/\/www.amstelprinting.nl\/wp-content\/uploads\/Dekbedovertrek.jpg","datePublished":"2025-01-23T19:47:39+00:00","dateModified":"2026-02-18T11:54:45+00:00","breadcrumb":{"@id":"https:\/\/www.amstelprinting.nl\/de\/gesch\u00e4ft\/innere\/haus-gastronomie\/bettbezug\/#breadcrumb"},"inLanguage":"de","potentialAction":[{"@type":"ReadAction","target":["https:\/\/www.amstelprinting.nl\/de\/gesch\u00e4ft\/innere\/haus-gastronomie\/bettbezug\/"]}]},{"@type":"ImageObject","inLanguage":"de","@id":"https:\/\/www.amstelprinting.nl\/de\/gesch\u00e4ft\/innere\/haus-gastronomie\/bettbezug\/#primaryimage","url":"https:\/\/www.amstelprinting.nl\/wp-content\/uploads\/Dekbedovertrek.jpg","contentUrl":"https:\/\/www.amstelprinting.nl\/wp-content\/uploads\/Dekbedovertrek.jpg","width":700,"height":700},{"@type":"BreadcrumbList","@id":"https:\/\/www.amstelprinting.nl\/de\/gesch\u00e4ft\/innere\/haus-gastronomie\/bettbezug\/#breadcrumb","itemListElement":[{"@type":"ListItem","position":1,"name":"","item":"https:\/\/www.amstelprinting.nl\/de\/"},{"@type":"ListItem","position":2,"name":"Amstel Printing","item":"https:\/\/www.amstelprinting.nl\/de\/geschaeft\/"},{"@type":"ListItem","position":3,"name":"Innere","item":"https:\/\/www.amstelprinting.nl\/de\/kategorie\/innere\/"},{"@type":"ListItem","position":4,"name":"Haus &amp; Gastronomie","item":"https:\/\/www.amstelprinting.nl\/de\/kategorie\/innere\/haus-gastronomie\/"},{"@type":"ListItem","position":5,"name":"Bettbezug"}]},{"@type":"WebSite","@id":"https:\/\/www.amstelprinting.nl\/de\/#website","url":"https:\/\/www.amstelprinting.nl\/de\/","name":"Amstel Printing","description":"Creating Exposure","publisher":{"@id":"https:\/\/www.amstelprinting.nl\/de\/#organization"},"potentialAction":[{"@type":"SearchAction","target":{"@type":"EntryPoint","urlTemplate":"https:\/\/www.amstelprinting.nl\/de\/?s={search_term_string}"},"query-input":{"@type":"PropertyValueSpecification","valueRequired":true,"valueName":"search_term_string"}}],"inLanguage":"de"},{"@type":"Organization","@id":"https:\/\/www.amstelprinting.nl\/de\/#organization","name":"Amstel Printing","url":"https:\/\/www.amstelprinting.nl\/de\/","logo":{"@type":"ImageObject","inLanguage":"de","@id":"https:\/\/www.amstelprinting.nl\/de\/#\/schema\/logo\/image\/","url":"https:\/\/www.amstelprinting.nl\/wp-content\/uploads\/amstel_printing_logo_clean.png","contentUrl":"https:\/\/www.amstelprinting.nl\/wp-content\/uploads\/amstel_printing_logo_clean.png","width":324,"height":73,"caption":"Amstel Printing"},"image":{"@id":"https:\/\/www.amstelprinting.nl\/de\/#\/schema\/logo\/image\/"}}]}},"_links":{"self":[{"href":"https:\/\/www.amstelprinting.nl\/de\/wp-json\/wp\/v2\/product\/15506","targetHints":{"allow":["GET"]}}],"collection":[{"href":"https:\/\/www.amstelprinting.nl\/de\/wp-json\/wp\/v2\/product"}],"about":[{"href":"https:\/\/www.amstelprinting.nl\/de\/wp-json\/wp\/v2\/types\/product"}],"wp:featuredmedia":[{"embeddable":true,"href":"https:\/\/www.amstelprinting.nl\/de\/wp-json\/wp\/v2\/media\/15508"}],"wp:attachment":[{"href":"https:\/\/www.amstelprinting.nl\/de\/wp-json\/wp\/v2\/media?parent=15506"}],"wp:term":[{"taxonomy":"product_brand","embeddable":true,"href":"https:\/\/www.amstelprinting.nl\/de\/wp-json\/wp\/v2\/product_brand?post=15506"},{"taxonomy":"product_cat","embeddable":true,"href":"https:\/\/www.amstelprinting.nl\/de\/wp-json\/wp\/v2\/product_cat?post=15506"},{"taxonomy":"product_tag","embeddable":true,"href":"https:\/\/www.amstelprinting.nl\/de\/wp-json\/wp\/v2\/product_tag?post=15506"}],"curies":[{"name":"wp","href":"https:\/\/api.w.org\/{rel}","templated":true}]}}