{"id":15519,"date":"2025-01-23T20:47:35","date_gmt":"2025-01-23T19:47:35","guid":{"rendered":"https:\/\/www.amstelprinting.nl\/winkel\/unkategorisiert\/tafelkleed\/"},"modified":"2026-02-18T12:54:46","modified_gmt":"2026-02-18T11:54:46","slug":"tischdecke","status":"publish","type":"product","link":"https:\/\/www.amstelprinting.nl\/de\/gesch\u00e4ft\/innere\/haus-gastronomie\/tischdecke\/","title":{"rendered":"Tischdecke"},"content":{"rendered":"<h3>Tischdecken bedrucken<\/h3>\n<p>Egal, ob Sie ein Picknick im Park, ein Abendessen auf der Terrasse oder ein gem\u00fctliches Beisammensein im Haus genie\u00dfen \u2013 unsere Tischdecken bieten die perfekte Kombination aus Stil, Komfort und Langlebigkeit. Entdecken Sie noch heute die Vielseitigkeit und Qualit\u00e4t unserer Tischdecken-Kollektion und vervollst\u00e4ndigen Sie Ihren Raum mit einer stilvollen und funktionalen Erg\u00e4nzung.<\/p>\n<h3>Vorteile<\/h3>\n<ul>\n<li>Geeignet f\u00fcr den Innen- und Au\u00dfenbereich, passend f\u00fcr verschiedene Settings und Anl\u00e4sse<\/li>\n<li>Wahl aus hochwertigen Materialien<\/li>\n<li>Waschbar bei 30 Grad Celsius<\/li>\n<\/ul>\n<p>&nbsp;<\/p>\n<h3>Materialien<\/h3>\n<p>Unsere Tischdecken sind in drei Materialien erh\u00e4ltlich:<\/p>\n<ul>\n<li>ProPES Outdoor: Dieses einzigartige und leichte Polyester ist wasserabweisend und perfekt f\u00fcr den Au\u00dfeneinsatz geeignet.<\/li>\n<li>Kendal: Dieses Material hat eine Twill- oder K\u00f6perbindung und ist f\u00fcr seine Festigkeit und Langlebigkeit bekannt.<\/li>\n<li>Pro Cotton Percal: F\u00fcr alle, die ein luxuri\u00f6ses Gef\u00fchl lieben, bietet diese fein gewebte Baumwolle zus\u00e4tzliche Festigkeit.<\/li>\n<\/ul>\n<p>&nbsp;<\/p>\n<h3>Verarbeitung<\/h3>\n<p>Vervollst\u00e4ndigen Sie Ihre Tischdecke mit wei\u00dfem oder schwarzem Garn. F\u00fcr eine einfache Pflege k\u00f6nnen Sie unsere Tischdecken bei 30 Grad waschen und h\u00e4ngend trocknen lassen. Der Doppelsaum sorgt f\u00fcr ein langlebiges Finish, das lange h\u00e4lt, egal wo Sie die Tischdecke platzieren.<\/p>\n<p>W\u00e4hlen Sie Ihr eigenes Design oder eines unserer bestehenden Muster. Unser fortschrittlicher Durst Alphaprinter garantiert lebendige Farben und gestochen scharfe Drucke mit bis zu 600 DPI, unter Verwendung von umweltfreundlichen Pigmenttinten auf Wasserbasis.<\/p>\n","protected":false},"excerpt":{"rendered":"<p>Tischdecken mit eigenem Foto oder Design bedrucken? Geeignet f\u00fcr Innen- oder Au\u00dfenbereiche. Ob Sie ein Outdoor-Abenteuer planen oder ein entspanntes Abendessen zu Hause organisieren \u2013 unsere bedruckten Tischdecken sind die perfekte Erg\u00e4nzung f\u00fcr jeden Tisch. Das Format w\u00e4hlen Sie selbst. Stellen Sie unten in wenigen Schritten Ihre bedruckte Tischdecke zusammen.<\/p>\n","protected":false},"featured_media":15520,"template":"","meta":{"_et_pb_use_builder":"","_et_pb_old_content":"","_et_gb_content_width":""},"product_brand":[],"product_cat":[945,947],"product_tag":[],"class_list":{"0":"post-15519","1":"product","2":"type-product","3":"status-publish","4":"has-post-thumbnail","6":"product_cat-haus-gastronomie","7":"product_cat-innere","9":"first","10":"instock","11":"taxable","12":"shipping-taxable","13":"purchasable","14":"product-type-simple"},"yoast_head":"<!-- This site is optimized with the Yoast SEO plugin v27.3 - https:\/\/yoast.com\/product\/yoast-seo-wordpress\/ -->\n<title>Tischdecke | Amstel Printing<\/title>\n<meta name=\"robots\" content=\"index, follow, max-snippet:-1, max-image-preview:large, max-video-preview:-1\" \/>\n<link rel=\"canonical\" href=\"https:\/\/www.amstelprinting.nl\/de\/gesch\u00e4ft\/innere\/haus-gastronomie\/tischdecke\/\" \/>\n<meta property=\"og:locale\" content=\"de_DE\" \/>\n<meta property=\"og:type\" content=\"article\" \/>\n<meta property=\"og:title\" content=\"Tischdecke | Amstel Printing\" \/>\n<meta property=\"og:description\" content=\"Tischdecken mit eigenem Foto oder Design bedrucken? Geeignet f\u00fcr Innen- oder Au\u00dfenbereiche. Ob Sie ein Outdoor-Abenteuer planen oder ein entspanntes Abendessen zu Hause organisieren \u2013 unsere bedruckten Tischdecken sind die perfekte Erg\u00e4nzung f\u00fcr jeden Tisch. Das Format w\u00e4hlen Sie selbst. Stellen Sie unten in wenigen Schritten Ihre bedruckte Tischdecke zusammen.\" \/>\n<meta property=\"og:url\" content=\"https:\/\/www.amstelprinting.nl\/de\/gesch\u00e4ft\/innere\/haus-gastronomie\/tischdecke\/\" \/>\n<meta property=\"og:site_name\" content=\"Amstel Printing\" \/>\n<meta property=\"article:modified_time\" content=\"2026-02-18T11:54:46+00:00\" \/>\n<meta property=\"og:image\" content=\"https:\/\/www.amstelprinting.nl\/wp-content\/uploads\/Tafelkleed.jpg\" \/>\n\t<meta property=\"og:image:width\" content=\"700\" \/>\n\t<meta property=\"og:image:height\" content=\"700\" \/>\n\t<meta property=\"og:image:type\" content=\"image\/jpeg\" \/>\n<meta name=\"twitter:card\" content=\"summary_large_image\" \/>\n<meta name=\"twitter:label1\" content=\"Gesch\u00e4tzte Lesezeit\" \/>\n\t<meta name=\"twitter:data1\" content=\"1\u00a0Minute\" \/>\n<script type=\"application\/ld+json\" class=\"yoast-schema-graph\">{\"@context\":\"https:\\\/\\\/schema.org\",\"@graph\":[{\"@type\":\"WebPage\",\"@id\":\"https:\\\/\\\/www.amstelprinting.nl\\\/de\\\/gesch\u00e4ft\\\/innere\\\/haus-gastronomie\\\/tischdecke\\\/\",\"url\":\"https:\\\/\\\/www.amstelprinting.nl\\\/de\\\/gesch\u00e4ft\\\/innere\\\/haus-gastronomie\\\/tischdecke\\\/\",\"name\":\"Tischdecke | Amstel Printing\",\"isPartOf\":{\"@id\":\"https:\\\/\\\/www.amstelprinting.nl\\\/de\\\/#website\"},\"primaryImageOfPage\":{\"@id\":\"https:\\\/\\\/www.amstelprinting.nl\\\/de\\\/gesch\u00e4ft\\\/innere\\\/haus-gastronomie\\\/tischdecke\\\/#primaryimage\"},\"image\":{\"@id\":\"https:\\\/\\\/www.amstelprinting.nl\\\/de\\\/gesch\u00e4ft\\\/innere\\\/haus-gastronomie\\\/tischdecke\\\/#primaryimage\"},\"thumbnailUrl\":\"https:\\\/\\\/www.amstelprinting.nl\\\/wp-content\\\/uploads\\\/Tafelkleed.jpg\",\"datePublished\":\"2025-01-23T19:47:35+00:00\",\"dateModified\":\"2026-02-18T11:54:46+00:00\",\"breadcrumb\":{\"@id\":\"https:\\\/\\\/www.amstelprinting.nl\\\/de\\\/gesch\u00e4ft\\\/innere\\\/haus-gastronomie\\\/tischdecke\\\/#breadcrumb\"},\"inLanguage\":\"de\",\"potentialAction\":[{\"@type\":\"ReadAction\",\"target\":[\"https:\\\/\\\/www.amstelprinting.nl\\\/de\\\/gesch\u00e4ft\\\/innere\\\/haus-gastronomie\\\/tischdecke\\\/\"]}]},{\"@type\":\"ImageObject\",\"inLanguage\":\"de\",\"@id\":\"https:\\\/\\\/www.amstelprinting.nl\\\/de\\\/gesch\u00e4ft\\\/innere\\\/haus-gastronomie\\\/tischdecke\\\/#primaryimage\",\"url\":\"https:\\\/\\\/www.amstelprinting.nl\\\/wp-content\\\/uploads\\\/Tafelkleed.jpg\",\"contentUrl\":\"https:\\\/\\\/www.amstelprinting.nl\\\/wp-content\\\/uploads\\\/Tafelkleed.jpg\",\"width\":700,\"height\":700},{\"@type\":\"BreadcrumbList\",\"@id\":\"https:\\\/\\\/www.amstelprinting.nl\\\/de\\\/gesch\u00e4ft\\\/innere\\\/haus-gastronomie\\\/tischdecke\\\/#breadcrumb\",\"itemListElement\":[{\"@type\":\"ListItem\",\"position\":1,\"name\":\"\",\"item\":\"https:\\\/\\\/www.amstelprinting.nl\\\/de\\\/\"},{\"@type\":\"ListItem\",\"position\":2,\"name\":\"Amstel Printing\",\"item\":\"https:\\\/\\\/www.amstelprinting.nl\\\/de\\\/geschaeft\\\/\"},{\"@type\":\"ListItem\",\"position\":3,\"name\":\"Innere\",\"item\":\"https:\\\/\\\/www.amstelprinting.nl\\\/de\\\/kategorie\\\/innere\\\/\"},{\"@type\":\"ListItem\",\"position\":4,\"name\":\"Haus &amp; Gastronomie\",\"item\":\"https:\\\/\\\/www.amstelprinting.nl\\\/de\\\/kategorie\\\/innere\\\/haus-gastronomie\\\/\"},{\"@type\":\"ListItem\",\"position\":5,\"name\":\"Tischdecke\"}]},{\"@type\":\"WebSite\",\"@id\":\"https:\\\/\\\/www.amstelprinting.nl\\\/de\\\/#website\",\"url\":\"https:\\\/\\\/www.amstelprinting.nl\\\/de\\\/\",\"name\":\"Amstel Printing\",\"description\":\"Creating Exposure\",\"publisher\":{\"@id\":\"https:\\\/\\\/www.amstelprinting.nl\\\/de\\\/#organization\"},\"potentialAction\":[{\"@type\":\"SearchAction\",\"target\":{\"@type\":\"EntryPoint\",\"urlTemplate\":\"https:\\\/\\\/www.amstelprinting.nl\\\/de\\\/?s={search_term_string}\"},\"query-input\":{\"@type\":\"PropertyValueSpecification\",\"valueRequired\":true,\"valueName\":\"search_term_string\"}}],\"inLanguage\":\"de\"},{\"@type\":\"Organization\",\"@id\":\"https:\\\/\\\/www.amstelprinting.nl\\\/de\\\/#organization\",\"name\":\"Amstel Printing\",\"url\":\"https:\\\/\\\/www.amstelprinting.nl\\\/de\\\/\",\"logo\":{\"@type\":\"ImageObject\",\"inLanguage\":\"de\",\"@id\":\"https:\\\/\\\/www.amstelprinting.nl\\\/de\\\/#\\\/schema\\\/logo\\\/image\\\/\",\"url\":\"https:\\\/\\\/www.amstelprinting.nl\\\/wp-content\\\/uploads\\\/amstel_printing_logo_clean.png\",\"contentUrl\":\"https:\\\/\\\/www.amstelprinting.nl\\\/wp-content\\\/uploads\\\/amstel_printing_logo_clean.png\",\"width\":324,\"height\":73,\"caption\":\"Amstel Printing\"},\"image\":{\"@id\":\"https:\\\/\\\/www.amstelprinting.nl\\\/de\\\/#\\\/schema\\\/logo\\\/image\\\/\"}}]}<\/script>\n<!-- \/ Yoast SEO plugin. -->","yoast_head_json":{"title":"Tischdecke | Amstel Printing","robots":{"index":"index","follow":"follow","max-snippet":"max-snippet:-1","max-image-preview":"max-image-preview:large","max-video-preview":"max-video-preview:-1"},"canonical":"https:\/\/www.amstelprinting.nl\/de\/gesch\u00e4ft\/innere\/haus-gastronomie\/tischdecke\/","og_locale":"de_DE","og_type":"article","og_title":"Tischdecke | Amstel Printing","og_description":"Tischdecken mit eigenem Foto oder Design bedrucken? Geeignet f\u00fcr Innen- oder Au\u00dfenbereiche. Ob Sie ein Outdoor-Abenteuer planen oder ein entspanntes Abendessen zu Hause organisieren \u2013 unsere bedruckten Tischdecken sind die perfekte Erg\u00e4nzung f\u00fcr jeden Tisch. Das Format w\u00e4hlen Sie selbst. Stellen Sie unten in wenigen Schritten Ihre bedruckte Tischdecke zusammen.","og_url":"https:\/\/www.amstelprinting.nl\/de\/gesch\u00e4ft\/innere\/haus-gastronomie\/tischdecke\/","og_site_name":"Amstel Printing","article_modified_time":"2026-02-18T11:54:46+00:00","og_image":[{"width":700,"height":700,"url":"https:\/\/www.amstelprinting.nl\/wp-content\/uploads\/Tafelkleed.jpg","type":"image\/jpeg"}],"twitter_card":"summary_large_image","twitter_misc":{"Gesch\u00e4tzte Lesezeit":"1\u00a0Minute"},"schema":{"@context":"https:\/\/schema.org","@graph":[{"@type":"WebPage","@id":"https:\/\/www.amstelprinting.nl\/de\/gesch\u00e4ft\/innere\/haus-gastronomie\/tischdecke\/","url":"https:\/\/www.amstelprinting.nl\/de\/gesch\u00e4ft\/innere\/haus-gastronomie\/tischdecke\/","name":"Tischdecke | Amstel Printing","isPartOf":{"@id":"https:\/\/www.amstelprinting.nl\/de\/#website"},"primaryImageOfPage":{"@id":"https:\/\/www.amstelprinting.nl\/de\/gesch\u00e4ft\/innere\/haus-gastronomie\/tischdecke\/#primaryimage"},"image":{"@id":"https:\/\/www.amstelprinting.nl\/de\/gesch\u00e4ft\/innere\/haus-gastronomie\/tischdecke\/#primaryimage"},"thumbnailUrl":"https:\/\/www.amstelprinting.nl\/wp-content\/uploads\/Tafelkleed.jpg","datePublished":"2025-01-23T19:47:35+00:00","dateModified":"2026-02-18T11:54:46+00:00","breadcrumb":{"@id":"https:\/\/www.amstelprinting.nl\/de\/gesch\u00e4ft\/innere\/haus-gastronomie\/tischdecke\/#breadcrumb"},"inLanguage":"de","potentialAction":[{"@type":"ReadAction","target":["https:\/\/www.amstelprinting.nl\/de\/gesch\u00e4ft\/innere\/haus-gastronomie\/tischdecke\/"]}]},{"@type":"ImageObject","inLanguage":"de","@id":"https:\/\/www.amstelprinting.nl\/de\/gesch\u00e4ft\/innere\/haus-gastronomie\/tischdecke\/#primaryimage","url":"https:\/\/www.amstelprinting.nl\/wp-content\/uploads\/Tafelkleed.jpg","contentUrl":"https:\/\/www.amstelprinting.nl\/wp-content\/uploads\/Tafelkleed.jpg","width":700,"height":700},{"@type":"BreadcrumbList","@id":"https:\/\/www.amstelprinting.nl\/de\/gesch\u00e4ft\/innere\/haus-gastronomie\/tischdecke\/#breadcrumb","itemListElement":[{"@type":"ListItem","position":1,"name":"","item":"https:\/\/www.amstelprinting.nl\/de\/"},{"@type":"ListItem","position":2,"name":"Amstel Printing","item":"https:\/\/www.amstelprinting.nl\/de\/geschaeft\/"},{"@type":"ListItem","position":3,"name":"Innere","item":"https:\/\/www.amstelprinting.nl\/de\/kategorie\/innere\/"},{"@type":"ListItem","position":4,"name":"Haus &amp; Gastronomie","item":"https:\/\/www.amstelprinting.nl\/de\/kategorie\/innere\/haus-gastronomie\/"},{"@type":"ListItem","position":5,"name":"Tischdecke"}]},{"@type":"WebSite","@id":"https:\/\/www.amstelprinting.nl\/de\/#website","url":"https:\/\/www.amstelprinting.nl\/de\/","name":"Amstel Printing","description":"Creating Exposure","publisher":{"@id":"https:\/\/www.amstelprinting.nl\/de\/#organization"},"potentialAction":[{"@type":"SearchAction","target":{"@type":"EntryPoint","urlTemplate":"https:\/\/www.amstelprinting.nl\/de\/?s={search_term_string}"},"query-input":{"@type":"PropertyValueSpecification","valueRequired":true,"valueName":"search_term_string"}}],"inLanguage":"de"},{"@type":"Organization","@id":"https:\/\/www.amstelprinting.nl\/de\/#organization","name":"Amstel Printing","url":"https:\/\/www.amstelprinting.nl\/de\/","logo":{"@type":"ImageObject","inLanguage":"de","@id":"https:\/\/www.amstelprinting.nl\/de\/#\/schema\/logo\/image\/","url":"https:\/\/www.amstelprinting.nl\/wp-content\/uploads\/amstel_printing_logo_clean.png","contentUrl":"https:\/\/www.amstelprinting.nl\/wp-content\/uploads\/amstel_printing_logo_clean.png","width":324,"height":73,"caption":"Amstel Printing"},"image":{"@id":"https:\/\/www.amstelprinting.nl\/de\/#\/schema\/logo\/image\/"}}]}},"_links":{"self":[{"href":"https:\/\/www.amstelprinting.nl\/de\/wp-json\/wp\/v2\/product\/15519","targetHints":{"allow":["GET"]}}],"collection":[{"href":"https:\/\/www.amstelprinting.nl\/de\/wp-json\/wp\/v2\/product"}],"about":[{"href":"https:\/\/www.amstelprinting.nl\/de\/wp-json\/wp\/v2\/types\/product"}],"wp:featuredmedia":[{"embeddable":true,"href":"https:\/\/www.amstelprinting.nl\/de\/wp-json\/wp\/v2\/media\/15520"}],"wp:attachment":[{"href":"https:\/\/www.amstelprinting.nl\/de\/wp-json\/wp\/v2\/media?parent=15519"}],"wp:term":[{"taxonomy":"product_brand","embeddable":true,"href":"https:\/\/www.amstelprinting.nl\/de\/wp-json\/wp\/v2\/product_brand?post=15519"},{"taxonomy":"product_cat","embeddable":true,"href":"https:\/\/www.amstelprinting.nl\/de\/wp-json\/wp\/v2\/product_cat?post=15519"},{"taxonomy":"product_tag","embeddable":true,"href":"https:\/\/www.amstelprinting.nl\/de\/wp-json\/wp\/v2\/product_tag?post=15519"}],"curies":[{"name":"wp","href":"https:\/\/api.w.org\/{rel}","templated":true}]}}