{"id":15529,"date":"2025-01-23T20:47:26","date_gmt":"2025-01-23T19:47:26","guid":{"rendered":"https:\/\/www.amstelprinting.nl\/winkel\/unkategorisiert\/muismat\/"},"modified":"2026-02-18T12:54:47","modified_gmt":"2026-02-18T11:54:47","slug":"mauspad","status":"publish","type":"product","link":"https:\/\/www.amstelprinting.nl\/de\/gesch\u00e4ft\/innere\/haus-gastronomie\/mauspad\/","title":{"rendered":"Mauspad"},"content":{"rendered":"<h3>Vorteile Mauspads bedrucken<\/h3>\n<ul>\n<li>Hergestellt aus strapazierf\u00e4higem Bodenvinyl<\/li>\n<li>Bietet Komfort und Unterst\u00fctzung bei l\u00e4ngerem Gebrauch<\/li>\n<li>Ausgestattet mit B1-Zertifikat<\/li>\n<li>W\u00e4hlen Sie Ihr eigenes Design oder eines der bestehenden Muster<\/li>\n<\/ul>\n<p>&nbsp;<\/p>\n<h3>Material<\/h3>\n<p>Unsere Mauspads sind aus strapazierf\u00e4higem Bodenvinyl gefertigt, mit einer strukturierten Vorderseite und einer gesch\u00e4umten R\u00fcckseite. Unsere bedruckten Mauspads bieten ein angenehmes Arbeitserlebnis f\u00fcr den t\u00e4glichen Gebrauch. Die Vorderseite ist wasserabweisend und leicht zu reinigen. Dies macht sie ideal sowohl f\u00fcr zu Hause als auch f\u00fcr das B\u00fcro. Das bedruckte Mauspad ist mit einem B1-Zertifikat f\u00fcr Brandschutz ausgestattet. Lassen Sie Ihr Mauspad in Ihrem gew\u00fcnschten Format bedrucken. Oder lassen Sie sie in eine Form nach Wunsch schneiden.<\/p>\n<h3>Zubeh\u00f6r<\/h3>\n<p>Unsere Mauspads sind nicht mit einer rutschfesten Schicht ausgestattet. Wenn Sie verhindern m\u00f6chten, dass Ihr Mauspad verrutscht, empfehlen wir, Ihrer Bestellung doppelseitiges Klebeband hinzuzuf\u00fcgen.<\/p>\n","protected":false},"excerpt":{"rendered":"<h3>Mauspad mit eigenem Bild oder Design bedrucken.<\/h3>\n<p>Verleihen Sie Ihrem Arbeitsbereich eine pers\u00f6nliche Note mit unseren preiswerten Mauspads. F\u00fcr den professionellen Gamer, einen kreativen Profi. Oder nat\u00fcrlich einfach, wenn Sie eine ergonomische L\u00f6sung f\u00fcr Ihre t\u00e4gliche Computerarbeit suchen.<\/p>\n","protected":false},"featured_media":15530,"template":"","meta":{"_et_pb_use_builder":"","_et_pb_old_content":"","_et_gb_content_width":""},"product_brand":[],"product_cat":[945,947],"product_tag":[],"class_list":{"0":"post-15529","1":"product","2":"type-product","3":"status-publish","4":"has-post-thumbnail","6":"product_cat-haus-gastronomie","7":"product_cat-innere","9":"first","10":"instock","11":"taxable","12":"shipping-taxable","13":"purchasable","14":"product-type-simple"},"yoast_head":"<!-- This site is optimized with the Yoast SEO plugin v27.3 - https:\/\/yoast.com\/product\/yoast-seo-wordpress\/ -->\n<title>Mauspad | Amstel Printing<\/title>\n<meta name=\"robots\" content=\"index, follow, max-snippet:-1, max-image-preview:large, max-video-preview:-1\" \/>\n<link rel=\"canonical\" href=\"https:\/\/www.amstelprinting.nl\/de\/gesch\u00e4ft\/innere\/haus-gastronomie\/mauspad\/\" \/>\n<meta property=\"og:locale\" content=\"de_DE\" \/>\n<meta property=\"og:type\" content=\"article\" \/>\n<meta property=\"og:title\" content=\"Mauspad | Amstel Printing\" \/>\n<meta property=\"og:description\" content=\"Mauspad mit eigenem Bild oder Design bedrucken. Verleihen Sie Ihrem Arbeitsbereich eine pers\u00f6nliche Note mit unseren preiswerten Mauspads. F\u00fcr den professionellen Gamer, einen kreativen Profi. Oder nat\u00fcrlich einfach, wenn Sie eine ergonomische L\u00f6sung f\u00fcr Ihre t\u00e4gliche Computerarbeit suchen.\" \/>\n<meta property=\"og:url\" content=\"https:\/\/www.amstelprinting.nl\/de\/gesch\u00e4ft\/innere\/haus-gastronomie\/mauspad\/\" \/>\n<meta property=\"og:site_name\" content=\"Amstel Printing\" \/>\n<meta property=\"article:modified_time\" content=\"2026-02-18T11:54:47+00:00\" \/>\n<meta property=\"og:image\" content=\"https:\/\/www.amstelprinting.nl\/wp-content\/uploads\/Muismat.jpg\" \/>\n\t<meta property=\"og:image:width\" content=\"700\" \/>\n\t<meta property=\"og:image:height\" content=\"700\" \/>\n\t<meta property=\"og:image:type\" content=\"image\/jpeg\" \/>\n<meta name=\"twitter:card\" content=\"summary_large_image\" \/>\n<meta name=\"twitter:label1\" content=\"Gesch\u00e4tzte Lesezeit\" \/>\n\t<meta name=\"twitter:data1\" content=\"1\u00a0Minute\" \/>\n<script type=\"application\/ld+json\" class=\"yoast-schema-graph\">{\"@context\":\"https:\\\/\\\/schema.org\",\"@graph\":[{\"@type\":\"WebPage\",\"@id\":\"https:\\\/\\\/www.amstelprinting.nl\\\/de\\\/gesch\u00e4ft\\\/innere\\\/haus-gastronomie\\\/mauspad\\\/\",\"url\":\"https:\\\/\\\/www.amstelprinting.nl\\\/de\\\/gesch\u00e4ft\\\/innere\\\/haus-gastronomie\\\/mauspad\\\/\",\"name\":\"Mauspad | Amstel Printing\",\"isPartOf\":{\"@id\":\"https:\\\/\\\/www.amstelprinting.nl\\\/de\\\/#website\"},\"primaryImageOfPage\":{\"@id\":\"https:\\\/\\\/www.amstelprinting.nl\\\/de\\\/gesch\u00e4ft\\\/innere\\\/haus-gastronomie\\\/mauspad\\\/#primaryimage\"},\"image\":{\"@id\":\"https:\\\/\\\/www.amstelprinting.nl\\\/de\\\/gesch\u00e4ft\\\/innere\\\/haus-gastronomie\\\/mauspad\\\/#primaryimage\"},\"thumbnailUrl\":\"https:\\\/\\\/www.amstelprinting.nl\\\/wp-content\\\/uploads\\\/Muismat.jpg\",\"datePublished\":\"2025-01-23T19:47:26+00:00\",\"dateModified\":\"2026-02-18T11:54:47+00:00\",\"breadcrumb\":{\"@id\":\"https:\\\/\\\/www.amstelprinting.nl\\\/de\\\/gesch\u00e4ft\\\/innere\\\/haus-gastronomie\\\/mauspad\\\/#breadcrumb\"},\"inLanguage\":\"de\",\"potentialAction\":[{\"@type\":\"ReadAction\",\"target\":[\"https:\\\/\\\/www.amstelprinting.nl\\\/de\\\/gesch\u00e4ft\\\/innere\\\/haus-gastronomie\\\/mauspad\\\/\"]}]},{\"@type\":\"ImageObject\",\"inLanguage\":\"de\",\"@id\":\"https:\\\/\\\/www.amstelprinting.nl\\\/de\\\/gesch\u00e4ft\\\/innere\\\/haus-gastronomie\\\/mauspad\\\/#primaryimage\",\"url\":\"https:\\\/\\\/www.amstelprinting.nl\\\/wp-content\\\/uploads\\\/Muismat.jpg\",\"contentUrl\":\"https:\\\/\\\/www.amstelprinting.nl\\\/wp-content\\\/uploads\\\/Muismat.jpg\",\"width\":700,\"height\":700},{\"@type\":\"BreadcrumbList\",\"@id\":\"https:\\\/\\\/www.amstelprinting.nl\\\/de\\\/gesch\u00e4ft\\\/innere\\\/haus-gastronomie\\\/mauspad\\\/#breadcrumb\",\"itemListElement\":[{\"@type\":\"ListItem\",\"position\":1,\"name\":\"\",\"item\":\"https:\\\/\\\/www.amstelprinting.nl\\\/de\\\/\"},{\"@type\":\"ListItem\",\"position\":2,\"name\":\"Amstel Printing\",\"item\":\"https:\\\/\\\/www.amstelprinting.nl\\\/de\\\/geschaeft\\\/\"},{\"@type\":\"ListItem\",\"position\":3,\"name\":\"Innere\",\"item\":\"https:\\\/\\\/www.amstelprinting.nl\\\/de\\\/kategorie\\\/innere\\\/\"},{\"@type\":\"ListItem\",\"position\":4,\"name\":\"Haus &amp; Gastronomie\",\"item\":\"https:\\\/\\\/www.amstelprinting.nl\\\/de\\\/kategorie\\\/innere\\\/haus-gastronomie\\\/\"},{\"@type\":\"ListItem\",\"position\":5,\"name\":\"Mauspad\"}]},{\"@type\":\"WebSite\",\"@id\":\"https:\\\/\\\/www.amstelprinting.nl\\\/de\\\/#website\",\"url\":\"https:\\\/\\\/www.amstelprinting.nl\\\/de\\\/\",\"name\":\"Amstel Printing\",\"description\":\"Creating Exposure\",\"publisher\":{\"@id\":\"https:\\\/\\\/www.amstelprinting.nl\\\/de\\\/#organization\"},\"potentialAction\":[{\"@type\":\"SearchAction\",\"target\":{\"@type\":\"EntryPoint\",\"urlTemplate\":\"https:\\\/\\\/www.amstelprinting.nl\\\/de\\\/?s={search_term_string}\"},\"query-input\":{\"@type\":\"PropertyValueSpecification\",\"valueRequired\":true,\"valueName\":\"search_term_string\"}}],\"inLanguage\":\"de\"},{\"@type\":\"Organization\",\"@id\":\"https:\\\/\\\/www.amstelprinting.nl\\\/de\\\/#organization\",\"name\":\"Amstel Printing\",\"url\":\"https:\\\/\\\/www.amstelprinting.nl\\\/de\\\/\",\"logo\":{\"@type\":\"ImageObject\",\"inLanguage\":\"de\",\"@id\":\"https:\\\/\\\/www.amstelprinting.nl\\\/de\\\/#\\\/schema\\\/logo\\\/image\\\/\",\"url\":\"https:\\\/\\\/www.amstelprinting.nl\\\/wp-content\\\/uploads\\\/amstel_printing_logo_clean.png\",\"contentUrl\":\"https:\\\/\\\/www.amstelprinting.nl\\\/wp-content\\\/uploads\\\/amstel_printing_logo_clean.png\",\"width\":324,\"height\":73,\"caption\":\"Amstel Printing\"},\"image\":{\"@id\":\"https:\\\/\\\/www.amstelprinting.nl\\\/de\\\/#\\\/schema\\\/logo\\\/image\\\/\"}}]}<\/script>\n<!-- \/ Yoast SEO plugin. -->","yoast_head_json":{"title":"Mauspad | Amstel Printing","robots":{"index":"index","follow":"follow","max-snippet":"max-snippet:-1","max-image-preview":"max-image-preview:large","max-video-preview":"max-video-preview:-1"},"canonical":"https:\/\/www.amstelprinting.nl\/de\/gesch\u00e4ft\/innere\/haus-gastronomie\/mauspad\/","og_locale":"de_DE","og_type":"article","og_title":"Mauspad | Amstel Printing","og_description":"Mauspad mit eigenem Bild oder Design bedrucken. Verleihen Sie Ihrem Arbeitsbereich eine pers\u00f6nliche Note mit unseren preiswerten Mauspads. F\u00fcr den professionellen Gamer, einen kreativen Profi. Oder nat\u00fcrlich einfach, wenn Sie eine ergonomische L\u00f6sung f\u00fcr Ihre t\u00e4gliche Computerarbeit suchen.","og_url":"https:\/\/www.amstelprinting.nl\/de\/gesch\u00e4ft\/innere\/haus-gastronomie\/mauspad\/","og_site_name":"Amstel Printing","article_modified_time":"2026-02-18T11:54:47+00:00","og_image":[{"width":700,"height":700,"url":"https:\/\/www.amstelprinting.nl\/wp-content\/uploads\/Muismat.jpg","type":"image\/jpeg"}],"twitter_card":"summary_large_image","twitter_misc":{"Gesch\u00e4tzte Lesezeit":"1\u00a0Minute"},"schema":{"@context":"https:\/\/schema.org","@graph":[{"@type":"WebPage","@id":"https:\/\/www.amstelprinting.nl\/de\/gesch\u00e4ft\/innere\/haus-gastronomie\/mauspad\/","url":"https:\/\/www.amstelprinting.nl\/de\/gesch\u00e4ft\/innere\/haus-gastronomie\/mauspad\/","name":"Mauspad | Amstel Printing","isPartOf":{"@id":"https:\/\/www.amstelprinting.nl\/de\/#website"},"primaryImageOfPage":{"@id":"https:\/\/www.amstelprinting.nl\/de\/gesch\u00e4ft\/innere\/haus-gastronomie\/mauspad\/#primaryimage"},"image":{"@id":"https:\/\/www.amstelprinting.nl\/de\/gesch\u00e4ft\/innere\/haus-gastronomie\/mauspad\/#primaryimage"},"thumbnailUrl":"https:\/\/www.amstelprinting.nl\/wp-content\/uploads\/Muismat.jpg","datePublished":"2025-01-23T19:47:26+00:00","dateModified":"2026-02-18T11:54:47+00:00","breadcrumb":{"@id":"https:\/\/www.amstelprinting.nl\/de\/gesch\u00e4ft\/innere\/haus-gastronomie\/mauspad\/#breadcrumb"},"inLanguage":"de","potentialAction":[{"@type":"ReadAction","target":["https:\/\/www.amstelprinting.nl\/de\/gesch\u00e4ft\/innere\/haus-gastronomie\/mauspad\/"]}]},{"@type":"ImageObject","inLanguage":"de","@id":"https:\/\/www.amstelprinting.nl\/de\/gesch\u00e4ft\/innere\/haus-gastronomie\/mauspad\/#primaryimage","url":"https:\/\/www.amstelprinting.nl\/wp-content\/uploads\/Muismat.jpg","contentUrl":"https:\/\/www.amstelprinting.nl\/wp-content\/uploads\/Muismat.jpg","width":700,"height":700},{"@type":"BreadcrumbList","@id":"https:\/\/www.amstelprinting.nl\/de\/gesch\u00e4ft\/innere\/haus-gastronomie\/mauspad\/#breadcrumb","itemListElement":[{"@type":"ListItem","position":1,"name":"","item":"https:\/\/www.amstelprinting.nl\/de\/"},{"@type":"ListItem","position":2,"name":"Amstel Printing","item":"https:\/\/www.amstelprinting.nl\/de\/geschaeft\/"},{"@type":"ListItem","position":3,"name":"Innere","item":"https:\/\/www.amstelprinting.nl\/de\/kategorie\/innere\/"},{"@type":"ListItem","position":4,"name":"Haus &amp; Gastronomie","item":"https:\/\/www.amstelprinting.nl\/de\/kategorie\/innere\/haus-gastronomie\/"},{"@type":"ListItem","position":5,"name":"Mauspad"}]},{"@type":"WebSite","@id":"https:\/\/www.amstelprinting.nl\/de\/#website","url":"https:\/\/www.amstelprinting.nl\/de\/","name":"Amstel Printing","description":"Creating Exposure","publisher":{"@id":"https:\/\/www.amstelprinting.nl\/de\/#organization"},"potentialAction":[{"@type":"SearchAction","target":{"@type":"EntryPoint","urlTemplate":"https:\/\/www.amstelprinting.nl\/de\/?s={search_term_string}"},"query-input":{"@type":"PropertyValueSpecification","valueRequired":true,"valueName":"search_term_string"}}],"inLanguage":"de"},{"@type":"Organization","@id":"https:\/\/www.amstelprinting.nl\/de\/#organization","name":"Amstel Printing","url":"https:\/\/www.amstelprinting.nl\/de\/","logo":{"@type":"ImageObject","inLanguage":"de","@id":"https:\/\/www.amstelprinting.nl\/de\/#\/schema\/logo\/image\/","url":"https:\/\/www.amstelprinting.nl\/wp-content\/uploads\/amstel_printing_logo_clean.png","contentUrl":"https:\/\/www.amstelprinting.nl\/wp-content\/uploads\/amstel_printing_logo_clean.png","width":324,"height":73,"caption":"Amstel Printing"},"image":{"@id":"https:\/\/www.amstelprinting.nl\/de\/#\/schema\/logo\/image\/"}}]}},"_links":{"self":[{"href":"https:\/\/www.amstelprinting.nl\/de\/wp-json\/wp\/v2\/product\/15529","targetHints":{"allow":["GET"]}}],"collection":[{"href":"https:\/\/www.amstelprinting.nl\/de\/wp-json\/wp\/v2\/product"}],"about":[{"href":"https:\/\/www.amstelprinting.nl\/de\/wp-json\/wp\/v2\/types\/product"}],"wp:featuredmedia":[{"embeddable":true,"href":"https:\/\/www.amstelprinting.nl\/de\/wp-json\/wp\/v2\/media\/15530"}],"wp:attachment":[{"href":"https:\/\/www.amstelprinting.nl\/de\/wp-json\/wp\/v2\/media?parent=15529"}],"wp:term":[{"taxonomy":"product_brand","embeddable":true,"href":"https:\/\/www.amstelprinting.nl\/de\/wp-json\/wp\/v2\/product_brand?post=15529"},{"taxonomy":"product_cat","embeddable":true,"href":"https:\/\/www.amstelprinting.nl\/de\/wp-json\/wp\/v2\/product_cat?post=15529"},{"taxonomy":"product_tag","embeddable":true,"href":"https:\/\/www.amstelprinting.nl\/de\/wp-json\/wp\/v2\/product_tag?post=15529"}],"curies":[{"name":"wp","href":"https:\/\/api.w.org\/{rel}","templated":true}]}}