{"id":15539,"date":"2025-01-23T20:47:14","date_gmt":"2025-01-23T19:47:14","guid":{"rendered":"https:\/\/www.amstelprinting.nl\/winkel\/unkategorisiert\/flyers\/"},"modified":"2026-02-18T12:54:48","modified_gmt":"2026-02-18T11:54:48","slug":"flyer","status":"publish","type":"product","link":"https:\/\/www.amstelprinting.nl\/de\/gesch\u00e4ft\/aufkleber-und-druck\/drucken\/flyer\/","title":{"rendered":"Flyer"},"content":{"rendered":"<h3>Waarom Flyer drukken?<\/h3>\n<ul>\n<li>W\u00e4hlen Sie aus 12 Standardformaten<\/li>\n<li>Erh\u00e4ltlich in 8 verschiedenen Papiersorten und Grammaturen<\/li>\n<li>Bereits ab 1 St\u00fcck bestellbar (keine Einrichtungskosten)<\/li>\n<li>Einseitig oder beidseitig bedruckbar<\/li>\n<li>Extra hohe Aufl\u00f6sung durch HP Indigo 12000<\/li>\n<li>W\u00e4hlen Sie eine Matt- oder Glanzlaminierung (f\u00fcr extra Schutz)<\/li>\n<\/ul>\n<p>&nbsp;<\/p>\n<h3>Flyer bestellen<\/h3>\n<p>Sie k\u00f6nnen zwischen dem Druck auf der Vorderseite oder auf beiden Seiten w\u00e4hlen und die Flyer in jeder gew\u00fcnschten Auflage bestellen. F\u00fcr zus\u00e4tzlichen Komfort bieten wir auch B\u00fcndeloptionen von 100, 250 oder 500 St\u00fcck an.<\/p>\n<p>Lassen Sie Ihre Botschaft mit Flyern gl\u00e4nzen, die auffallen. Mit unseren verschiedenen Materialien, Formaten und Druckoptionen gibt es immer eine perfekte Entsprechung f\u00fcr Ihre Bed\u00fcrfnisse. Ob Sie eine kleine Auflage oder eine gro\u00dfe Bestellung aufgeben, wir sorgen daf\u00fcr, dass Ihre Flyer professionell und beeindruckend sind.<\/p>\n<h3>Materialien<\/h3>\n<p>Unsere bedruckten Flyer k\u00f6nnen in acht verschiedenen hochwertigen Materialien bestellt werden. Nachfolgend erl\u00e4utern wir kurz die Eigenschaften pro Materialart, damit Sie schnell den richtigen Flyer bestellen k\u00f6nnen.<\/p>\n<ul>\n<li><strong>Holzfrei satiniertes MC (Gl\u00e4nzend)<\/strong>: Dieses holzfrei satinierte Material hat eine gl\u00e4nzende Beschichtung, erh\u00e4ltlich in 135, 170, 250, 300 und 400 g\/m\u00b2.<\/li>\n<li><strong>Holzfrei halbmattes MC (Silk)<\/strong>: Mit einer matten Beschichtung ist dieses holzfreie Material in 135, 170, 250, 300 und 400 g\/m\u00b2 erh\u00e4ltlich.<\/li>\n<li><strong>Naturkarton<\/strong>: Holzfreier Naturkarton mit einer glatten Struktur, gut beschreib- und bestempelbar, erh\u00e4ltlich in 300 und 350 g\/m\u00b2.<\/li>\n<li><strong>HVO Wei\u00df<\/strong>: Holzfreies Offset-Wei\u00df-Papier, gut beschreib- und bestempelbar, erh\u00e4ltlich in 90 und 170 g\/m\u00b2.<\/li>\n<li><strong>Biotop Naturel<\/strong>: Ungestrichenes, cremefarbenes Papier, gut beschreib- und bestempelbar, erh\u00e4ltlich in 250 g\/m\u00b2.<\/li>\n<li><strong>Sulfatkarton<\/strong>: Vorderseite seidengl\u00e4nzend gestrichen, R\u00fcckseite ungestrichen, erh\u00e4ltlich in 260 und 300 g\/m\u00b2.<\/li>\n<li><strong>Synaps<\/strong>: Synthetisches, rei\u00dffestes und wasserbest\u00e4ndiges Material, erh\u00e4ltlich in 300 g\/m\u00b2.<\/li>\n<li><strong>YupoBlue<\/strong>: Reinwei\u00dfes, synthetisches Material mit einer gleichm\u00e4\u00dfigen matten Oberfl\u00e4che, erh\u00e4ltlich in 319 g\/m\u00b2.<\/li>\n<\/ul>\n<p>&nbsp;<\/p>\n<h3>H\u00e4ufig gestellte Fragen<\/h3>\n<p><strong>Kann der Flyer auch in einem abweichenden Format bestellt werden?<\/strong><br \/>\nNein, Flyer werden in festen Formaten geliefert. Suchen Sie ein anderes, abweichendes Format? Dann bestellen Sie \u00fcber Posterpapier 150g\/m\u00b2.<\/p>\n<p><strong>Kann ich auf allen Materialien gut schreiben?<\/strong><br \/>\nNein, Sie k\u00f6nnen nur auf ungestrichenen Papiersorten schreiben. Dazu geh\u00f6ren Sulfatkarton (R\u00fcckseite), HVO Wei\u00df, Biotop Naturel und Naturkarton.<\/p>\n<p><strong>Warum kann ich bei HVO Wei\u00df, Biotop Naturel und Naturkarton keine Laminierung w\u00e4hlen?<\/strong><br \/>\nAufgrund der Struktur dieser Materialien ist eine Laminierung nicht m\u00f6glich. Zudem w\u00fcrde die Laminierung dazu f\u00fchren, dass Sie nicht mehr auf dem Papier schreiben k\u00f6nnen.<\/p>\n<p><strong>Mein Druckprodukt hat sich gew\u00f6lbt, woran liegt das?<\/strong><br \/>\nDies kann passieren, wenn Sie sich f\u00fcr eine einseitige Laminierung entschieden haben. Das Laminat reagiert anders als das Papier, wodurch Verformungen entstehen k\u00f6nnen. Wir empfehlen daher immer eine doppelseitige Laminierung.<\/p>\n<p><strong>Welche Papiersorten sind auch f\u00fcr den Au\u00dfeneinsatz geeignet?<\/strong><br \/>\nUnsere synthetischen Papiersorten Synaps und YupoBlue sind f\u00fcr den Au\u00dfeneinsatz geeignet. Durch das synthetische Material bleibt das Papier in gutem Zustand, selbst wenn es nass wird. Perfekt zum Beispiel f\u00fcr eine Speisekarte. Zudem k\u00f6nnen Sie Drucksachen mit einer doppelseitigen Laminierung auch (vor\u00fcbergehend) im Freien verwenden.<\/p>\n","protected":false},"excerpt":{"rendered":"<h3>Schnell und g\u00fcnstig Flyer drucken. Bereits ab 1 St\u00fcck.<\/h3>\n<p>Egal, ob Sie ein Produkt einf\u00fchren, eine Veranstaltung bewerben oder einfach nur Ihr Unternehmen pr\u00e4sentieren m\u00f6chten. Unsere Flyer bieten die perfekte M\u00f6glichkeit, Ihre Botschaft zu vermitteln. Mit zw\u00f6lf verschiedenen Formaten, einer gro\u00dfen Auswahl an hochwertigen Materialien und flexiblen Druck- und Auflagenm\u00f6glichkeiten sorgen wir daf\u00fcr, dass Ihre Flyer immer Eindruck hinterlassen.<\/p>\n","protected":false},"featured_media":15540,"template":"","meta":{"_et_pb_use_builder":"","_et_pb_old_content":"","_et_gb_content_width":""},"product_brand":[],"product_cat":[313,933],"product_tag":[],"class_list":{"0":"post-15539","1":"product","2":"type-product","3":"status-publish","4":"has-post-thumbnail","6":"product_cat-aufkleber-und-druck","7":"product_cat-drucken","9":"first","10":"instock","11":"taxable","12":"shipping-taxable","13":"purchasable","14":"product-type-simple"},"yoast_head":"<!-- This site is optimized with the Yoast SEO plugin v27.3 - https:\/\/yoast.com\/product\/yoast-seo-wordpress\/ -->\n<title>Professionelle Flyer bestellen ab 1 St\u00fcck - Schnelle Lieferung<\/title>\n<meta name=\"description\" content=\"Bestellen Sie hochwertige Flyer in 12 Formaten und 8 Papiersorten ab 1 St\u00fcck. Ein- oder beidseitig bedruckt | Ideal f\u00fcr effektive Promotion.\" \/>\n<meta name=\"robots\" content=\"index, follow, max-snippet:-1, max-image-preview:large, max-video-preview:-1\" \/>\n<link rel=\"canonical\" href=\"https:\/\/www.amstelprinting.nl\/de\/gesch\u00e4ft\/aufkleber-und-druck\/drucken\/flyer\/\" \/>\n<meta property=\"og:locale\" content=\"de_DE\" \/>\n<meta property=\"og:type\" content=\"article\" \/>\n<meta property=\"og:title\" content=\"Professionelle Flyer bestellen ab 1 St\u00fcck - Schnelle Lieferung\" \/>\n<meta property=\"og:description\" content=\"Bestellen Sie hochwertige Flyer in 12 Formaten und 8 Papiersorten ab 1 St\u00fcck. Ein- oder beidseitig bedruckt | Ideal f\u00fcr effektive Promotion.\" \/>\n<meta property=\"og:url\" content=\"https:\/\/www.amstelprinting.nl\/de\/gesch\u00e4ft\/aufkleber-und-druck\/drucken\/flyer\/\" \/>\n<meta property=\"og:site_name\" content=\"Amstel Printing\" \/>\n<meta property=\"article:modified_time\" content=\"2026-02-18T11:54:48+00:00\" \/>\n<meta property=\"og:image\" content=\"https:\/\/www.amstelprinting.nl\/wp-content\/uploads\/Flyers.jpg\" \/>\n\t<meta property=\"og:image:width\" content=\"700\" \/>\n\t<meta property=\"og:image:height\" content=\"700\" \/>\n\t<meta property=\"og:image:type\" content=\"image\/jpeg\" \/>\n<meta name=\"twitter:card\" content=\"summary_large_image\" \/>\n<meta name=\"twitter:label1\" content=\"Gesch\u00e4tzte Lesezeit\" \/>\n\t<meta name=\"twitter:data1\" content=\"3\u00a0Minuten\" \/>\n<script type=\"application\/ld+json\" class=\"yoast-schema-graph\">{\"@context\":\"https:\\\/\\\/schema.org\",\"@graph\":[{\"@type\":\"WebPage\",\"@id\":\"https:\\\/\\\/www.amstelprinting.nl\\\/de\\\/gesch\u00e4ft\\\/aufkleber-und-druck\\\/drucken\\\/flyer\\\/\",\"url\":\"https:\\\/\\\/www.amstelprinting.nl\\\/de\\\/gesch\u00e4ft\\\/aufkleber-und-druck\\\/drucken\\\/flyer\\\/\",\"name\":\"Professionelle Flyer bestellen ab 1 St\u00fcck - Schnelle Lieferung\",\"isPartOf\":{\"@id\":\"https:\\\/\\\/www.amstelprinting.nl\\\/de\\\/#website\"},\"primaryImageOfPage\":{\"@id\":\"https:\\\/\\\/www.amstelprinting.nl\\\/de\\\/gesch\u00e4ft\\\/aufkleber-und-druck\\\/drucken\\\/flyer\\\/#primaryimage\"},\"image\":{\"@id\":\"https:\\\/\\\/www.amstelprinting.nl\\\/de\\\/gesch\u00e4ft\\\/aufkleber-und-druck\\\/drucken\\\/flyer\\\/#primaryimage\"},\"thumbnailUrl\":\"https:\\\/\\\/www.amstelprinting.nl\\\/wp-content\\\/uploads\\\/Flyers.jpg\",\"datePublished\":\"2025-01-23T19:47:14+00:00\",\"dateModified\":\"2026-02-18T11:54:48+00:00\",\"description\":\"Bestellen Sie hochwertige Flyer in 12 Formaten und 8 Papiersorten ab 1 St\u00fcck. Ein- oder beidseitig bedruckt | Ideal f\u00fcr effektive Promotion.\",\"breadcrumb\":{\"@id\":\"https:\\\/\\\/www.amstelprinting.nl\\\/de\\\/gesch\u00e4ft\\\/aufkleber-und-druck\\\/drucken\\\/flyer\\\/#breadcrumb\"},\"inLanguage\":\"de\",\"potentialAction\":[{\"@type\":\"ReadAction\",\"target\":[\"https:\\\/\\\/www.amstelprinting.nl\\\/de\\\/gesch\u00e4ft\\\/aufkleber-und-druck\\\/drucken\\\/flyer\\\/\"]}]},{\"@type\":\"ImageObject\",\"inLanguage\":\"de\",\"@id\":\"https:\\\/\\\/www.amstelprinting.nl\\\/de\\\/gesch\u00e4ft\\\/aufkleber-und-druck\\\/drucken\\\/flyer\\\/#primaryimage\",\"url\":\"https:\\\/\\\/www.amstelprinting.nl\\\/wp-content\\\/uploads\\\/Flyers.jpg\",\"contentUrl\":\"https:\\\/\\\/www.amstelprinting.nl\\\/wp-content\\\/uploads\\\/Flyers.jpg\",\"width\":700,\"height\":700},{\"@type\":\"BreadcrumbList\",\"@id\":\"https:\\\/\\\/www.amstelprinting.nl\\\/de\\\/gesch\u00e4ft\\\/aufkleber-und-druck\\\/drucken\\\/flyer\\\/#breadcrumb\",\"itemListElement\":[{\"@type\":\"ListItem\",\"position\":1,\"name\":\"\",\"item\":\"https:\\\/\\\/www.amstelprinting.nl\\\/de\\\/\"},{\"@type\":\"ListItem\",\"position\":2,\"name\":\"Amstel Printing\",\"item\":\"https:\\\/\\\/www.amstelprinting.nl\\\/de\\\/geschaeft\\\/\"},{\"@type\":\"ListItem\",\"position\":3,\"name\":\"Aufkleber und Druck\",\"item\":\"https:\\\/\\\/www.amstelprinting.nl\\\/de\\\/kategorie\\\/aufkleber-und-druck\\\/\"},{\"@type\":\"ListItem\",\"position\":4,\"name\":\"Drucken\",\"item\":\"https:\\\/\\\/www.amstelprinting.nl\\\/de\\\/kategorie\\\/aufkleber-und-druck\\\/drucken\\\/\"},{\"@type\":\"ListItem\",\"position\":5,\"name\":\"Flyer\"}]},{\"@type\":\"WebSite\",\"@id\":\"https:\\\/\\\/www.amstelprinting.nl\\\/de\\\/#website\",\"url\":\"https:\\\/\\\/www.amstelprinting.nl\\\/de\\\/\",\"name\":\"Amstel Printing\",\"description\":\"Creating Exposure\",\"publisher\":{\"@id\":\"https:\\\/\\\/www.amstelprinting.nl\\\/de\\\/#organization\"},\"potentialAction\":[{\"@type\":\"SearchAction\",\"target\":{\"@type\":\"EntryPoint\",\"urlTemplate\":\"https:\\\/\\\/www.amstelprinting.nl\\\/de\\\/?s={search_term_string}\"},\"query-input\":{\"@type\":\"PropertyValueSpecification\",\"valueRequired\":true,\"valueName\":\"search_term_string\"}}],\"inLanguage\":\"de\"},{\"@type\":\"Organization\",\"@id\":\"https:\\\/\\\/www.amstelprinting.nl\\\/de\\\/#organization\",\"name\":\"Amstel Printing\",\"url\":\"https:\\\/\\\/www.amstelprinting.nl\\\/de\\\/\",\"logo\":{\"@type\":\"ImageObject\",\"inLanguage\":\"de\",\"@id\":\"https:\\\/\\\/www.amstelprinting.nl\\\/de\\\/#\\\/schema\\\/logo\\\/image\\\/\",\"url\":\"https:\\\/\\\/www.amstelprinting.nl\\\/wp-content\\\/uploads\\\/amstel_printing_logo_clean.png\",\"contentUrl\":\"https:\\\/\\\/www.amstelprinting.nl\\\/wp-content\\\/uploads\\\/amstel_printing_logo_clean.png\",\"width\":324,\"height\":73,\"caption\":\"Amstel Printing\"},\"image\":{\"@id\":\"https:\\\/\\\/www.amstelprinting.nl\\\/de\\\/#\\\/schema\\\/logo\\\/image\\\/\"}}]}<\/script>\n<!-- \/ Yoast SEO plugin. -->","yoast_head_json":{"title":"Professionelle Flyer bestellen ab 1 St\u00fcck - Schnelle Lieferung","description":"Bestellen Sie hochwertige Flyer in 12 Formaten und 8 Papiersorten ab 1 St\u00fcck. Ein- oder beidseitig bedruckt | Ideal f\u00fcr effektive Promotion.","robots":{"index":"index","follow":"follow","max-snippet":"max-snippet:-1","max-image-preview":"max-image-preview:large","max-video-preview":"max-video-preview:-1"},"canonical":"https:\/\/www.amstelprinting.nl\/de\/gesch\u00e4ft\/aufkleber-und-druck\/drucken\/flyer\/","og_locale":"de_DE","og_type":"article","og_title":"Professionelle Flyer bestellen ab 1 St\u00fcck - Schnelle Lieferung","og_description":"Bestellen Sie hochwertige Flyer in 12 Formaten und 8 Papiersorten ab 1 St\u00fcck. Ein- oder beidseitig bedruckt | Ideal f\u00fcr effektive Promotion.","og_url":"https:\/\/www.amstelprinting.nl\/de\/gesch\u00e4ft\/aufkleber-und-druck\/drucken\/flyer\/","og_site_name":"Amstel Printing","article_modified_time":"2026-02-18T11:54:48+00:00","og_image":[{"width":700,"height":700,"url":"https:\/\/www.amstelprinting.nl\/wp-content\/uploads\/Flyers.jpg","type":"image\/jpeg"}],"twitter_card":"summary_large_image","twitter_misc":{"Gesch\u00e4tzte Lesezeit":"3\u00a0Minuten"},"schema":{"@context":"https:\/\/schema.org","@graph":[{"@type":"WebPage","@id":"https:\/\/www.amstelprinting.nl\/de\/gesch\u00e4ft\/aufkleber-und-druck\/drucken\/flyer\/","url":"https:\/\/www.amstelprinting.nl\/de\/gesch\u00e4ft\/aufkleber-und-druck\/drucken\/flyer\/","name":"Professionelle Flyer bestellen ab 1 St\u00fcck - Schnelle Lieferung","isPartOf":{"@id":"https:\/\/www.amstelprinting.nl\/de\/#website"},"primaryImageOfPage":{"@id":"https:\/\/www.amstelprinting.nl\/de\/gesch\u00e4ft\/aufkleber-und-druck\/drucken\/flyer\/#primaryimage"},"image":{"@id":"https:\/\/www.amstelprinting.nl\/de\/gesch\u00e4ft\/aufkleber-und-druck\/drucken\/flyer\/#primaryimage"},"thumbnailUrl":"https:\/\/www.amstelprinting.nl\/wp-content\/uploads\/Flyers.jpg","datePublished":"2025-01-23T19:47:14+00:00","dateModified":"2026-02-18T11:54:48+00:00","description":"Bestellen Sie hochwertige Flyer in 12 Formaten und 8 Papiersorten ab 1 St\u00fcck. Ein- oder beidseitig bedruckt | Ideal f\u00fcr effektive Promotion.","breadcrumb":{"@id":"https:\/\/www.amstelprinting.nl\/de\/gesch\u00e4ft\/aufkleber-und-druck\/drucken\/flyer\/#breadcrumb"},"inLanguage":"de","potentialAction":[{"@type":"ReadAction","target":["https:\/\/www.amstelprinting.nl\/de\/gesch\u00e4ft\/aufkleber-und-druck\/drucken\/flyer\/"]}]},{"@type":"ImageObject","inLanguage":"de","@id":"https:\/\/www.amstelprinting.nl\/de\/gesch\u00e4ft\/aufkleber-und-druck\/drucken\/flyer\/#primaryimage","url":"https:\/\/www.amstelprinting.nl\/wp-content\/uploads\/Flyers.jpg","contentUrl":"https:\/\/www.amstelprinting.nl\/wp-content\/uploads\/Flyers.jpg","width":700,"height":700},{"@type":"BreadcrumbList","@id":"https:\/\/www.amstelprinting.nl\/de\/gesch\u00e4ft\/aufkleber-und-druck\/drucken\/flyer\/#breadcrumb","itemListElement":[{"@type":"ListItem","position":1,"name":"","item":"https:\/\/www.amstelprinting.nl\/de\/"},{"@type":"ListItem","position":2,"name":"Amstel Printing","item":"https:\/\/www.amstelprinting.nl\/de\/geschaeft\/"},{"@type":"ListItem","position":3,"name":"Aufkleber und Druck","item":"https:\/\/www.amstelprinting.nl\/de\/kategorie\/aufkleber-und-druck\/"},{"@type":"ListItem","position":4,"name":"Drucken","item":"https:\/\/www.amstelprinting.nl\/de\/kategorie\/aufkleber-und-druck\/drucken\/"},{"@type":"ListItem","position":5,"name":"Flyer"}]},{"@type":"WebSite","@id":"https:\/\/www.amstelprinting.nl\/de\/#website","url":"https:\/\/www.amstelprinting.nl\/de\/","name":"Amstel Printing","description":"Creating Exposure","publisher":{"@id":"https:\/\/www.amstelprinting.nl\/de\/#organization"},"potentialAction":[{"@type":"SearchAction","target":{"@type":"EntryPoint","urlTemplate":"https:\/\/www.amstelprinting.nl\/de\/?s={search_term_string}"},"query-input":{"@type":"PropertyValueSpecification","valueRequired":true,"valueName":"search_term_string"}}],"inLanguage":"de"},{"@type":"Organization","@id":"https:\/\/www.amstelprinting.nl\/de\/#organization","name":"Amstel Printing","url":"https:\/\/www.amstelprinting.nl\/de\/","logo":{"@type":"ImageObject","inLanguage":"de","@id":"https:\/\/www.amstelprinting.nl\/de\/#\/schema\/logo\/image\/","url":"https:\/\/www.amstelprinting.nl\/wp-content\/uploads\/amstel_printing_logo_clean.png","contentUrl":"https:\/\/www.amstelprinting.nl\/wp-content\/uploads\/amstel_printing_logo_clean.png","width":324,"height":73,"caption":"Amstel Printing"},"image":{"@id":"https:\/\/www.amstelprinting.nl\/de\/#\/schema\/logo\/image\/"}}]}},"_links":{"self":[{"href":"https:\/\/www.amstelprinting.nl\/de\/wp-json\/wp\/v2\/product\/15539","targetHints":{"allow":["GET"]}}],"collection":[{"href":"https:\/\/www.amstelprinting.nl\/de\/wp-json\/wp\/v2\/product"}],"about":[{"href":"https:\/\/www.amstelprinting.nl\/de\/wp-json\/wp\/v2\/types\/product"}],"wp:featuredmedia":[{"embeddable":true,"href":"https:\/\/www.amstelprinting.nl\/de\/wp-json\/wp\/v2\/media\/15540"}],"wp:attachment":[{"href":"https:\/\/www.amstelprinting.nl\/de\/wp-json\/wp\/v2\/media?parent=15539"}],"wp:term":[{"taxonomy":"product_brand","embeddable":true,"href":"https:\/\/www.amstelprinting.nl\/de\/wp-json\/wp\/v2\/product_brand?post=15539"},{"taxonomy":"product_cat","embeddable":true,"href":"https:\/\/www.amstelprinting.nl\/de\/wp-json\/wp\/v2\/product_cat?post=15539"},{"taxonomy":"product_tag","embeddable":true,"href":"https:\/\/www.amstelprinting.nl\/de\/wp-json\/wp\/v2\/product_tag?post=15539"}],"curies":[{"name":"wp","href":"https:\/\/api.w.org\/{rel}","templated":true}]}}