{"id":15551,"date":"2025-01-23T20:47:10","date_gmt":"2025-01-23T19:47:10","guid":{"rendered":"https:\/\/www.amstelprinting.nl\/winkel\/unkategorisiert\/visitekaartjes\/"},"modified":"2026-02-18T12:54:49","modified_gmt":"2026-02-18T11:54:49","slug":"visitenkarten","status":"publish","type":"product","link":"https:\/\/www.amstelprinting.nl\/de\/gesch\u00e4ft\/aufkleber-und-druck\/drucken\/visitenkarten\/","title":{"rendered":"Visitenkarten"},"content":{"rendered":"<h3>Warum Visitenkarten drucken?<\/h3>\n<ul>\n<li>Hinterlassen Sie einen bleibenden ersten Eindruck<\/li>\n<li>Standardformat von 8,5 x 5,5 cm<\/li>\n<li>Schon ab 25 St\u00fcck bestellbar (keine Einrichtungsgeb\u00fchren)<\/li>\n<li>Besonders hohe Aufl\u00f6sung durch HP Indigo 12000<\/li>\n<li>Erh\u00e4ltlich in vier Papiersorten<\/li>\n<li>M\u00f6glichkeit, Ihre Visitenkarte zu laminieren<\/li>\n<\/ul>\n<p>&nbsp;<\/p>\n<h3>Materialien<\/h3>\n<p>Sie k\u00f6nnen Visitenkarten auf verschiedenen Papier- und Kartonsorten drucken lassen. Sie haben die Wahl zwischen den folgenden vier Materialarten.<\/p>\n<ul>\n<li><strong>Holzfrei satiniertes MC (Gl\u00e4nzend)<\/strong>: Dieses holzfrei satinierte Material hat eine gl\u00e4nzende Beschichtung, erh\u00e4ltlich in 300 und 400 g\/m\u00b2.<\/li>\n<li><strong>Holzfrei halbmattes MC (Silk)<\/strong>: Mit einer matten Beschichtung ist dieses holzfreie Material in 300 und 400 g\/m\u00b2 erh\u00e4ltlich.<\/li>\n<li><strong>Naturkarton<\/strong>: Holzfreier Naturkarton mit glatter Struktur, gut beschreib- und bestempelbar, erh\u00e4ltlich in 300 und 350 g\/m\u00b2.<\/li>\n<li><strong>Sulfatkarton<\/strong>: Vorderseite seidengl\u00e4nzend gestrichen, R\u00fcckseite ungestrichen, erh\u00e4ltlich in 300 g\/m\u00b2.<\/li>\n<\/ul>\n<p>&nbsp;<\/p>\n<h3>Veredelung von Visitenkarten<\/h3>\n<p>Dar\u00fcber hinaus haben Sie die M\u00f6glichkeit, Ihre Visitenkarten zu laminieren. Diese Option bieten wir in drei Varianten an: Glanzlaminat, Mattlaminat und Soft-Touch-Mattlaminat. Glanzlaminat verleiht Ihren Karten ein gl\u00e4nzendes Finish und sch\u00fctzt vor Besch\u00e4digungen. Mattlaminat sorgt f\u00fcr ein stilvolles, nicht gl\u00e4nzendes Finish und zus\u00e4tzlichen Schutz. Das Soft-Touch-Mattlaminat bietet eine luxuri\u00f6se, weiche Haptik, die Ihren Karten ein Premium-Gef\u00fchl verleiht.<\/p>\n<p>Sie k\u00f6nnen zwischen einseitigem oder beidseitigem Druck w\u00e4hlen und die Visitenkarten in jeder gew\u00fcnschten Auflage bestellen. F\u00fcr zus\u00e4tzlichen Komfort sind auch B\u00fcndeloptionen von 100, 250 oder 500 St\u00fcck erh\u00e4ltlich.<\/p>\n<p>Mit unseren Visitenkarten hinterlassen Sie immer einen unvergesslichen Eindruck. W\u00e4hlen Sie aus einer breiten Palette hochwertiger Materialien und Veredelungen, um Ihre Karten genau nach Ihren W\u00fcnschen zu personalisieren. Bestellen Sie jetzt und erleben Sie den Unterschied professioneller, ma\u00dfgeschneiderter Visitenkarten!<\/p>\n<h3>H\u00e4ufig gestellte Fragen<\/h3>\n<p><strong>Wie gro\u00df m\u00fcssen die Buchstaben mindestens sein?<\/strong><br \/>\nWir empfehlen eine Mindestschrifth\u00f6he von 1 mm. Bitte achten Sie darauf, dass Ihre Datei dies ber\u00fccksichtigt.<\/p>\n<p><strong>Kann man auf allen Materialien gut schreiben?<\/strong><br \/>\nNein, das Beschreiben ist nur auf ungestrichenen Papiersorten m\u00f6glich. Dies betrifft Sulfatkarton (R\u00fcckseite) und Naturkarton.<\/p>\n<p><strong>Warum ist eine Laminierung bei Naturkarton nicht m\u00f6glich?<\/strong><br \/>\nAufgrund der Struktur von Naturkarton ist eine Laminierung nicht anwendbar, zudem w\u00fcrde sie die Beschreibbarkeit des Papiers einschr\u00e4nken.<\/p>\n<p><strong>Mein Druckprodukt hat sich gew\u00f6lbt, woran liegt das?<\/strong><br \/>\nDies kann passieren, wenn Sie sich f\u00fcr eine einseitige Laminierung entscheiden. Das Laminat verh\u00e4lt sich anders als das Papier, was zu einer W\u00f6lbung f\u00fchren kann. Wir empfehlen, immer beidseitig zu laminieren, um dies zu vermeiden.<\/p>\n","protected":false},"excerpt":{"rendered":"<h3>Namensk\u00e4rtchen in verschiedenen Papiersorten<\/h3>\n<p>Hinterlassen Sie einen bleibenden Eindruck mit unseren hochwertigen Visitenkarten, standardm\u00e4\u00dfig im praktischen Format von 8,5 cm x 5,5 cm. W\u00e4hlen Sie aus vier sorgf\u00e4ltig ausgew\u00e4hlten Materialien, die jeweils ihre eigenen einzigartigen Eigenschaften haben, um Ihre Karten professionell und ansprechend zu gestalten.<\/p>\n","protected":false},"featured_media":15553,"template":"","meta":{"_et_pb_use_builder":"","_et_pb_old_content":"","_et_gb_content_width":""},"product_brand":[],"product_cat":[313,933],"product_tag":[],"class_list":{"0":"post-15551","1":"product","2":"type-product","3":"status-publish","4":"has-post-thumbnail","6":"product_cat-aufkleber-und-druck","7":"product_cat-drucken","9":"first","10":"instock","11":"taxable","12":"shipping-taxable","13":"purchasable","14":"product-type-simple"},"yoast_head":"<!-- This site is optimized with the Yoast SEO plugin v27.3 - https:\/\/yoast.com\/product\/yoast-seo-wordpress\/ -->\n<title>Visitenkarten bestellen \u2013 Lieferung innerhalb von 24 Stunden<\/title>\n<meta name=\"description\" content=\"Bestellen Sie Ihre Visitenkarten ganz einfach online und erhalten Sie diese bereits morgen! Ab 25 St\u00fcck, zu attraktiven Preisen und sofort einsatzbereit.\" \/>\n<meta name=\"robots\" content=\"index, follow, max-snippet:-1, max-image-preview:large, max-video-preview:-1\" \/>\n<link rel=\"canonical\" href=\"https:\/\/www.amstelprinting.nl\/de\/gesch\u00e4ft\/aufkleber-und-druck\/drucken\/visitenkarten\/\" \/>\n<meta property=\"og:locale\" content=\"de_DE\" \/>\n<meta property=\"og:type\" content=\"article\" \/>\n<meta property=\"og:title\" content=\"Visitenkarten bestellen \u2013 Lieferung innerhalb von 24 Stunden\" \/>\n<meta property=\"og:description\" content=\"Bestellen Sie Ihre Visitenkarten ganz einfach online und erhalten Sie diese bereits morgen! Ab 25 St\u00fcck, zu attraktiven Preisen und sofort einsatzbereit.\" \/>\n<meta property=\"og:url\" content=\"https:\/\/www.amstelprinting.nl\/de\/gesch\u00e4ft\/aufkleber-und-druck\/drucken\/visitenkarten\/\" \/>\n<meta property=\"og:site_name\" content=\"Amstel Printing\" \/>\n<meta property=\"article:modified_time\" content=\"2026-02-18T11:54:49+00:00\" \/>\n<meta property=\"og:image\" content=\"https:\/\/www.amstelprinting.nl\/wp-content\/uploads\/Visitekaartjes.jpg\" \/>\n\t<meta property=\"og:image:width\" content=\"700\" \/>\n\t<meta property=\"og:image:height\" content=\"700\" \/>\n\t<meta property=\"og:image:type\" content=\"image\/jpeg\" \/>\n<meta name=\"twitter:card\" content=\"summary_large_image\" \/>\n<meta name=\"twitter:label1\" content=\"Gesch\u00e4tzte Lesezeit\" \/>\n\t<meta name=\"twitter:data1\" content=\"2\u00a0Minuten\" \/>\n<script type=\"application\/ld+json\" class=\"yoast-schema-graph\">{\"@context\":\"https:\\\/\\\/schema.org\",\"@graph\":[{\"@type\":\"WebPage\",\"@id\":\"https:\\\/\\\/www.amstelprinting.nl\\\/de\\\/gesch\u00e4ft\\\/aufkleber-und-druck\\\/drucken\\\/visitenkarten\\\/\",\"url\":\"https:\\\/\\\/www.amstelprinting.nl\\\/de\\\/gesch\u00e4ft\\\/aufkleber-und-druck\\\/drucken\\\/visitenkarten\\\/\",\"name\":\"Visitenkarten bestellen \u2013 Lieferung innerhalb von 24 Stunden\",\"isPartOf\":{\"@id\":\"https:\\\/\\\/www.amstelprinting.nl\\\/de\\\/#website\"},\"primaryImageOfPage\":{\"@id\":\"https:\\\/\\\/www.amstelprinting.nl\\\/de\\\/gesch\u00e4ft\\\/aufkleber-und-druck\\\/drucken\\\/visitenkarten\\\/#primaryimage\"},\"image\":{\"@id\":\"https:\\\/\\\/www.amstelprinting.nl\\\/de\\\/gesch\u00e4ft\\\/aufkleber-und-druck\\\/drucken\\\/visitenkarten\\\/#primaryimage\"},\"thumbnailUrl\":\"https:\\\/\\\/www.amstelprinting.nl\\\/wp-content\\\/uploads\\\/Visitekaartjes.jpg\",\"datePublished\":\"2025-01-23T19:47:10+00:00\",\"dateModified\":\"2026-02-18T11:54:49+00:00\",\"description\":\"Bestellen Sie Ihre Visitenkarten ganz einfach online und erhalten Sie diese bereits morgen! Ab 25 St\u00fcck, zu attraktiven Preisen und sofort einsatzbereit.\",\"breadcrumb\":{\"@id\":\"https:\\\/\\\/www.amstelprinting.nl\\\/de\\\/gesch\u00e4ft\\\/aufkleber-und-druck\\\/drucken\\\/visitenkarten\\\/#breadcrumb\"},\"inLanguage\":\"de\",\"potentialAction\":[{\"@type\":\"ReadAction\",\"target\":[\"https:\\\/\\\/www.amstelprinting.nl\\\/de\\\/gesch\u00e4ft\\\/aufkleber-und-druck\\\/drucken\\\/visitenkarten\\\/\"]}]},{\"@type\":\"ImageObject\",\"inLanguage\":\"de\",\"@id\":\"https:\\\/\\\/www.amstelprinting.nl\\\/de\\\/gesch\u00e4ft\\\/aufkleber-und-druck\\\/drucken\\\/visitenkarten\\\/#primaryimage\",\"url\":\"https:\\\/\\\/www.amstelprinting.nl\\\/wp-content\\\/uploads\\\/Visitekaartjes.jpg\",\"contentUrl\":\"https:\\\/\\\/www.amstelprinting.nl\\\/wp-content\\\/uploads\\\/Visitekaartjes.jpg\",\"width\":700,\"height\":700},{\"@type\":\"BreadcrumbList\",\"@id\":\"https:\\\/\\\/www.amstelprinting.nl\\\/de\\\/gesch\u00e4ft\\\/aufkleber-und-druck\\\/drucken\\\/visitenkarten\\\/#breadcrumb\",\"itemListElement\":[{\"@type\":\"ListItem\",\"position\":1,\"name\":\"\",\"item\":\"https:\\\/\\\/www.amstelprinting.nl\\\/de\\\/\"},{\"@type\":\"ListItem\",\"position\":2,\"name\":\"Amstel Printing\",\"item\":\"https:\\\/\\\/www.amstelprinting.nl\\\/de\\\/geschaeft\\\/\"},{\"@type\":\"ListItem\",\"position\":3,\"name\":\"Aufkleber und Druck\",\"item\":\"https:\\\/\\\/www.amstelprinting.nl\\\/de\\\/kategorie\\\/aufkleber-und-druck\\\/\"},{\"@type\":\"ListItem\",\"position\":4,\"name\":\"Drucken\",\"item\":\"https:\\\/\\\/www.amstelprinting.nl\\\/de\\\/kategorie\\\/aufkleber-und-druck\\\/drucken\\\/\"},{\"@type\":\"ListItem\",\"position\":5,\"name\":\"Visitenkarten\"}]},{\"@type\":\"WebSite\",\"@id\":\"https:\\\/\\\/www.amstelprinting.nl\\\/de\\\/#website\",\"url\":\"https:\\\/\\\/www.amstelprinting.nl\\\/de\\\/\",\"name\":\"Amstel Printing\",\"description\":\"Creating Exposure\",\"publisher\":{\"@id\":\"https:\\\/\\\/www.amstelprinting.nl\\\/de\\\/#organization\"},\"potentialAction\":[{\"@type\":\"SearchAction\",\"target\":{\"@type\":\"EntryPoint\",\"urlTemplate\":\"https:\\\/\\\/www.amstelprinting.nl\\\/de\\\/?s={search_term_string}\"},\"query-input\":{\"@type\":\"PropertyValueSpecification\",\"valueRequired\":true,\"valueName\":\"search_term_string\"}}],\"inLanguage\":\"de\"},{\"@type\":\"Organization\",\"@id\":\"https:\\\/\\\/www.amstelprinting.nl\\\/de\\\/#organization\",\"name\":\"Amstel Printing\",\"url\":\"https:\\\/\\\/www.amstelprinting.nl\\\/de\\\/\",\"logo\":{\"@type\":\"ImageObject\",\"inLanguage\":\"de\",\"@id\":\"https:\\\/\\\/www.amstelprinting.nl\\\/de\\\/#\\\/schema\\\/logo\\\/image\\\/\",\"url\":\"https:\\\/\\\/www.amstelprinting.nl\\\/wp-content\\\/uploads\\\/amstel_printing_logo_clean.png\",\"contentUrl\":\"https:\\\/\\\/www.amstelprinting.nl\\\/wp-content\\\/uploads\\\/amstel_printing_logo_clean.png\",\"width\":324,\"height\":73,\"caption\":\"Amstel Printing\"},\"image\":{\"@id\":\"https:\\\/\\\/www.amstelprinting.nl\\\/de\\\/#\\\/schema\\\/logo\\\/image\\\/\"}}]}<\/script>\n<!-- \/ Yoast SEO plugin. -->","yoast_head_json":{"title":"Visitenkarten bestellen \u2013 Lieferung innerhalb von 24 Stunden","description":"Bestellen Sie Ihre Visitenkarten ganz einfach online und erhalten Sie diese bereits morgen! Ab 25 St\u00fcck, zu attraktiven Preisen und sofort einsatzbereit.","robots":{"index":"index","follow":"follow","max-snippet":"max-snippet:-1","max-image-preview":"max-image-preview:large","max-video-preview":"max-video-preview:-1"},"canonical":"https:\/\/www.amstelprinting.nl\/de\/gesch\u00e4ft\/aufkleber-und-druck\/drucken\/visitenkarten\/","og_locale":"de_DE","og_type":"article","og_title":"Visitenkarten bestellen \u2013 Lieferung innerhalb von 24 Stunden","og_description":"Bestellen Sie Ihre Visitenkarten ganz einfach online und erhalten Sie diese bereits morgen! Ab 25 St\u00fcck, zu attraktiven Preisen und sofort einsatzbereit.","og_url":"https:\/\/www.amstelprinting.nl\/de\/gesch\u00e4ft\/aufkleber-und-druck\/drucken\/visitenkarten\/","og_site_name":"Amstel Printing","article_modified_time":"2026-02-18T11:54:49+00:00","og_image":[{"width":700,"height":700,"url":"https:\/\/www.amstelprinting.nl\/wp-content\/uploads\/Visitekaartjes.jpg","type":"image\/jpeg"}],"twitter_card":"summary_large_image","twitter_misc":{"Gesch\u00e4tzte Lesezeit":"2\u00a0Minuten"},"schema":{"@context":"https:\/\/schema.org","@graph":[{"@type":"WebPage","@id":"https:\/\/www.amstelprinting.nl\/de\/gesch\u00e4ft\/aufkleber-und-druck\/drucken\/visitenkarten\/","url":"https:\/\/www.amstelprinting.nl\/de\/gesch\u00e4ft\/aufkleber-und-druck\/drucken\/visitenkarten\/","name":"Visitenkarten bestellen \u2013 Lieferung innerhalb von 24 Stunden","isPartOf":{"@id":"https:\/\/www.amstelprinting.nl\/de\/#website"},"primaryImageOfPage":{"@id":"https:\/\/www.amstelprinting.nl\/de\/gesch\u00e4ft\/aufkleber-und-druck\/drucken\/visitenkarten\/#primaryimage"},"image":{"@id":"https:\/\/www.amstelprinting.nl\/de\/gesch\u00e4ft\/aufkleber-und-druck\/drucken\/visitenkarten\/#primaryimage"},"thumbnailUrl":"https:\/\/www.amstelprinting.nl\/wp-content\/uploads\/Visitekaartjes.jpg","datePublished":"2025-01-23T19:47:10+00:00","dateModified":"2026-02-18T11:54:49+00:00","description":"Bestellen Sie Ihre Visitenkarten ganz einfach online und erhalten Sie diese bereits morgen! Ab 25 St\u00fcck, zu attraktiven Preisen und sofort einsatzbereit.","breadcrumb":{"@id":"https:\/\/www.amstelprinting.nl\/de\/gesch\u00e4ft\/aufkleber-und-druck\/drucken\/visitenkarten\/#breadcrumb"},"inLanguage":"de","potentialAction":[{"@type":"ReadAction","target":["https:\/\/www.amstelprinting.nl\/de\/gesch\u00e4ft\/aufkleber-und-druck\/drucken\/visitenkarten\/"]}]},{"@type":"ImageObject","inLanguage":"de","@id":"https:\/\/www.amstelprinting.nl\/de\/gesch\u00e4ft\/aufkleber-und-druck\/drucken\/visitenkarten\/#primaryimage","url":"https:\/\/www.amstelprinting.nl\/wp-content\/uploads\/Visitekaartjes.jpg","contentUrl":"https:\/\/www.amstelprinting.nl\/wp-content\/uploads\/Visitekaartjes.jpg","width":700,"height":700},{"@type":"BreadcrumbList","@id":"https:\/\/www.amstelprinting.nl\/de\/gesch\u00e4ft\/aufkleber-und-druck\/drucken\/visitenkarten\/#breadcrumb","itemListElement":[{"@type":"ListItem","position":1,"name":"","item":"https:\/\/www.amstelprinting.nl\/de\/"},{"@type":"ListItem","position":2,"name":"Amstel Printing","item":"https:\/\/www.amstelprinting.nl\/de\/geschaeft\/"},{"@type":"ListItem","position":3,"name":"Aufkleber und Druck","item":"https:\/\/www.amstelprinting.nl\/de\/kategorie\/aufkleber-und-druck\/"},{"@type":"ListItem","position":4,"name":"Drucken","item":"https:\/\/www.amstelprinting.nl\/de\/kategorie\/aufkleber-und-druck\/drucken\/"},{"@type":"ListItem","position":5,"name":"Visitenkarten"}]},{"@type":"WebSite","@id":"https:\/\/www.amstelprinting.nl\/de\/#website","url":"https:\/\/www.amstelprinting.nl\/de\/","name":"Amstel Printing","description":"Creating Exposure","publisher":{"@id":"https:\/\/www.amstelprinting.nl\/de\/#organization"},"potentialAction":[{"@type":"SearchAction","target":{"@type":"EntryPoint","urlTemplate":"https:\/\/www.amstelprinting.nl\/de\/?s={search_term_string}"},"query-input":{"@type":"PropertyValueSpecification","valueRequired":true,"valueName":"search_term_string"}}],"inLanguage":"de"},{"@type":"Organization","@id":"https:\/\/www.amstelprinting.nl\/de\/#organization","name":"Amstel Printing","url":"https:\/\/www.amstelprinting.nl\/de\/","logo":{"@type":"ImageObject","inLanguage":"de","@id":"https:\/\/www.amstelprinting.nl\/de\/#\/schema\/logo\/image\/","url":"https:\/\/www.amstelprinting.nl\/wp-content\/uploads\/amstel_printing_logo_clean.png","contentUrl":"https:\/\/www.amstelprinting.nl\/wp-content\/uploads\/amstel_printing_logo_clean.png","width":324,"height":73,"caption":"Amstel Printing"},"image":{"@id":"https:\/\/www.amstelprinting.nl\/de\/#\/schema\/logo\/image\/"}}]}},"_links":{"self":[{"href":"https:\/\/www.amstelprinting.nl\/de\/wp-json\/wp\/v2\/product\/15551","targetHints":{"allow":["GET"]}}],"collection":[{"href":"https:\/\/www.amstelprinting.nl\/de\/wp-json\/wp\/v2\/product"}],"about":[{"href":"https:\/\/www.amstelprinting.nl\/de\/wp-json\/wp\/v2\/types\/product"}],"wp:featuredmedia":[{"embeddable":true,"href":"https:\/\/www.amstelprinting.nl\/de\/wp-json\/wp\/v2\/media\/15553"}],"wp:attachment":[{"href":"https:\/\/www.amstelprinting.nl\/de\/wp-json\/wp\/v2\/media?parent=15551"}],"wp:term":[{"taxonomy":"product_brand","embeddable":true,"href":"https:\/\/www.amstelprinting.nl\/de\/wp-json\/wp\/v2\/product_brand?post=15551"},{"taxonomy":"product_cat","embeddable":true,"href":"https:\/\/www.amstelprinting.nl\/de\/wp-json\/wp\/v2\/product_cat?post=15551"},{"taxonomy":"product_tag","embeddable":true,"href":"https:\/\/www.amstelprinting.nl\/de\/wp-json\/wp\/v2\/product_tag?post=15551"}],"curies":[{"name":"wp","href":"https:\/\/api.w.org\/{rel}","templated":true}]}}