{"id":15566,"date":"2025-01-23T20:47:06","date_gmt":"2025-01-23T19:47:06","guid":{"rendered":"https:\/\/www.amstelprinting.nl\/winkel\/unkategorisiert\/ansichtkaarten\/"},"modified":"2026-02-18T12:54:50","modified_gmt":"2026-02-18T11:54:50","slug":"postkarten","status":"publish","type":"product","link":"https:\/\/www.amstelprinting.nl\/de\/gesch\u00e4ft\/aufkleber-und-druck\/drucken\/postkarten\/","title":{"rendered":"Postkarten"},"content":{"rendered":"<h3>Vorteile<\/h3>\n<ul>\n<li>Machen Sie Ihre Botschaft unvergesslich<\/li>\n<li>Erh\u00e4ltlich in verschiedenen Formaten und Papiersorten<\/li>\n<li>M\u00f6glichkeit, Ihre Postkarte zu laminieren<\/li>\n<li>W\u00e4hlen Sie eine einfache oder eine Klappkarte<\/li>\n<\/ul>\n<p>&nbsp;<\/p>\n<h3>Materialien<\/h3>\n<p>Wir bieten eine Auswahl von sieben hochwertigen Materialien an:<\/p>\n<ul>\n<li><strong>HV Gestrehenes MC (Glanz)<\/strong>: Dieses holzfrei gestrichene Material hat eine gl\u00e4nzende Beschichtung, erh\u00e4ltlich in 250, 300 und 400 g\/m\u00b2.<\/li>\n<li><strong>HV Halbmatt MC (Silk)<\/strong>: Mit einer matten Beschichtung ist dieses holzfreie Material in 250, 300 und 400 g\/m\u00b2 erh\u00e4ltlich.<\/li>\n<li><strong>Naturkarton<\/strong>: Holzfreier Naturkarton mit glatter Struktur, gut beschreib- und bestempelbar, erh\u00e4ltlich in 300 und 350 g\/m\u00b2.<\/li>\n<li><strong>Biotop Naturel<\/strong>: Ungestrichenes, cremefarbenes Papier, gut beschreib- und bestempelbar, erh\u00e4ltlich in 250 g\/m\u00b2.<\/li>\n<li><strong>Sulfatkarton<\/strong>: Vorderseite seidengl\u00e4nzend gestrichen, R\u00fcckseite ungestrichen, erh\u00e4ltlich in 260 und 300 g\/m\u00b2.<\/li>\n<li><strong>Synaps<\/strong>: Synthetisches, rei\u00dffestes und wasserbest\u00e4ndiges Material, erh\u00e4ltlich in 300 g\/m\u00b2.<\/li>\n<li><strong>YupoBlue<\/strong>: Reinwei\u00dfes, synthetisches Material mit einer gleichm\u00e4\u00dfigen matten Oberfl\u00e4che, erh\u00e4ltlich in 319 g\/m\u00b2.<\/li>\n<\/ul>\n<p>&nbsp;<\/p>\n<h3>Laminierung<\/h3>\n<p>Zus\u00e4tzlich haben Sie die M\u00f6glichkeit, Ihre Postkarten f\u00fcr zus\u00e4tzlichen Schutz und ein veredeltes Finish laminieren zu lassen. Wir bieten drei Laminieroptionen an: Glanzlaminat, das Ihren Karten ein gl\u00e4nzendes Finish verleiht und sie vor Besch\u00e4digungen sch\u00fctzt; Mattlaminat, das f\u00fcr ein stilvolles, nicht gl\u00e4nzendes Erscheinungsbild mit zus\u00e4tzlichem Schutz sorgt; und Soft-Touch-Mattlaminat, das eine luxuri\u00f6se, weiche Haptik hinzuf\u00fcgt und Ihren Karten ein Premium-Gef\u00fchl verleiht.<\/p>\n<h3>Einfache oder Klappkarte<\/h3>\n<p>W\u00e4hlen Sie zwischen einer einfachen Karte oder einer Klappvariante sowie zwischen einseitigem oder beidseitigem Druck. Bestellen Sie in der von Ihnen ben\u00f6tigten Auflage, mit B\u00fcndeloptionen von 100, 250 oder 500 St\u00fcck f\u00fcr zus\u00e4tzlichen Komfort. F\u00fcgen Sie auf Wunsch wei\u00dfe Umschl\u00e4ge f\u00fcr eine vollst\u00e4ndige und professionelle Pr\u00e4sentation hinzu.<\/p>\n<p>Mit unseren Postkarten hinterlassen Sie einen starken Eindruck. Heben Sie Ihre Botschaft mit einer Veredelung und Pr\u00e4sentation hervor, die genau zu Ihrem Stil passt. Wir sorgen f\u00fcr die Qualit\u00e4t und Ausstrahlung, die Ihre Kommunikation verdient.<\/p>\n<h3>H\u00e4ufig gestellte Fragen<\/h3>\n<p><strong>Wie gro\u00df m\u00fcssen die Buchstaben mindestens sein?<\/strong><br \/>\nWir empfehlen eine Mindesth\u00f6he von 1 mm. Achten Sie darauf, dass Ihre Datei dies ber\u00fccksichtigt.<\/p>\n<p><strong>Kann man auf allen Materialien gut schreiben?<\/strong><br \/>\nNein, das Schreiben ist nur auf ungestrichenen Papiersorten m\u00f6glich. Dies betrifft Sulfatkarton (R\u00fcckseite) und Naturkarton.<\/p>\n<p><strong>Warum ist eine Laminierung bei Naturkarton nicht m\u00f6glich?<\/strong><br \/>\nAufgrund der Struktur von Naturkarton ist eine Laminierung nicht anwendbar, zudem w\u00fcrde sie die Beschreibbarkeit des Papiers einschr\u00e4nken.<\/p>\n<p><strong>Meine Drucksachen haben sich gew\u00f6lbt, woran liegt das?<\/strong><br \/>\nDies kann die Folge einer einseitigen Laminierung sein. Das Laminat reagiert anders als das Papier, was zu einer W\u00f6lbung f\u00fchren kann. Wir empfehlen, immer beidseitig zu laminieren, um dies zu verhindern.<\/p>\n","protected":false},"excerpt":{"rendered":"<p>Egal, ob Sie einen besonderen Anlass feiern, eine pers\u00f6nliche Nachricht versenden oder Ihr Unternehmen bewerben m\u00f6chten \u2013 unsere preiswerten Postkarten bieten die perfekte L\u00f6sung. Erh\u00e4ltlich in neun vielseitigen Formaten, sind unsere Postkarten darauf ausgelegt, Ihre Botschaft stilvoll und professionell zu vermitteln.<\/p>\n","protected":false},"featured_media":15568,"template":"","meta":{"_et_pb_use_builder":"","_et_pb_old_content":"","_et_gb_content_width":""},"product_brand":[],"product_cat":[313,933],"product_tag":[],"class_list":{"0":"post-15566","1":"product","2":"type-product","3":"status-publish","4":"has-post-thumbnail","6":"product_cat-aufkleber-und-druck","7":"product_cat-drucken","9":"first","10":"instock","11":"taxable","12":"shipping-taxable","13":"purchasable","14":"product-type-simple"},"yoast_head":"<!-- This site is optimized with the Yoast SEO plugin v27.3 - https:\/\/yoast.com\/product\/yoast-seo-wordpress\/ -->\n<title>Postkarten Schnelle Lieferung - Professioneller &amp; stilvoller Druck<\/title>\n<meta name=\"description\" content=\"Bestellen Sie Postkarten in verschiedenen Formaten und luxuri\u00f6sen Papiersorten. W\u00e4hlen Sie zwischen Glanz-, Matt- oder Soft-Touch-Laminierung f\u00fcr einen Premium-Look.\" \/>\n<meta name=\"robots\" content=\"index, follow, max-snippet:-1, max-image-preview:large, max-video-preview:-1\" \/>\n<link rel=\"canonical\" href=\"https:\/\/www.amstelprinting.nl\/de\/gesch\u00e4ft\/aufkleber-und-druck\/drucken\/postkarten\/\" \/>\n<meta property=\"og:locale\" content=\"de_DE\" \/>\n<meta property=\"og:type\" content=\"article\" \/>\n<meta property=\"og:title\" content=\"Postkarten Schnelle Lieferung - Professioneller &amp; stilvoller Druck\" \/>\n<meta property=\"og:description\" content=\"Bestellen Sie Postkarten in verschiedenen Formaten und luxuri\u00f6sen Papiersorten. W\u00e4hlen Sie zwischen Glanz-, Matt- oder Soft-Touch-Laminierung f\u00fcr einen Premium-Look.\" \/>\n<meta property=\"og:url\" content=\"https:\/\/www.amstelprinting.nl\/de\/gesch\u00e4ft\/aufkleber-und-druck\/drucken\/postkarten\/\" \/>\n<meta property=\"og:site_name\" content=\"Amstel Printing\" \/>\n<meta property=\"article:modified_time\" content=\"2026-02-18T11:54:50+00:00\" \/>\n<meta property=\"og:image\" content=\"https:\/\/www.amstelprinting.nl\/wp-content\/uploads\/Ansichtkaarten.jpg\" \/>\n\t<meta property=\"og:image:width\" content=\"700\" \/>\n\t<meta property=\"og:image:height\" content=\"700\" \/>\n\t<meta property=\"og:image:type\" content=\"image\/jpeg\" \/>\n<meta name=\"twitter:card\" content=\"summary_large_image\" \/>\n<meta name=\"twitter:label1\" content=\"Gesch\u00e4tzte Lesezeit\" \/>\n\t<meta name=\"twitter:data1\" content=\"2\u00a0Minuten\" \/>\n<script type=\"application\/ld+json\" class=\"yoast-schema-graph\">{\"@context\":\"https:\\\/\\\/schema.org\",\"@graph\":[{\"@type\":\"WebPage\",\"@id\":\"https:\\\/\\\/www.amstelprinting.nl\\\/de\\\/gesch\u00e4ft\\\/aufkleber-und-druck\\\/drucken\\\/postkarten\\\/\",\"url\":\"https:\\\/\\\/www.amstelprinting.nl\\\/de\\\/gesch\u00e4ft\\\/aufkleber-und-druck\\\/drucken\\\/postkarten\\\/\",\"name\":\"Postkarten Schnelle Lieferung - Professioneller & stilvoller Druck\",\"isPartOf\":{\"@id\":\"https:\\\/\\\/www.amstelprinting.nl\\\/de\\\/#website\"},\"primaryImageOfPage\":{\"@id\":\"https:\\\/\\\/www.amstelprinting.nl\\\/de\\\/gesch\u00e4ft\\\/aufkleber-und-druck\\\/drucken\\\/postkarten\\\/#primaryimage\"},\"image\":{\"@id\":\"https:\\\/\\\/www.amstelprinting.nl\\\/de\\\/gesch\u00e4ft\\\/aufkleber-und-druck\\\/drucken\\\/postkarten\\\/#primaryimage\"},\"thumbnailUrl\":\"https:\\\/\\\/www.amstelprinting.nl\\\/wp-content\\\/uploads\\\/Ansichtkaarten.jpg\",\"datePublished\":\"2025-01-23T19:47:06+00:00\",\"dateModified\":\"2026-02-18T11:54:50+00:00\",\"description\":\"Bestellen Sie Postkarten in verschiedenen Formaten und luxuri\u00f6sen Papiersorten. W\u00e4hlen Sie zwischen Glanz-, Matt- oder Soft-Touch-Laminierung f\u00fcr einen Premium-Look.\",\"breadcrumb\":{\"@id\":\"https:\\\/\\\/www.amstelprinting.nl\\\/de\\\/gesch\u00e4ft\\\/aufkleber-und-druck\\\/drucken\\\/postkarten\\\/#breadcrumb\"},\"inLanguage\":\"de\",\"potentialAction\":[{\"@type\":\"ReadAction\",\"target\":[\"https:\\\/\\\/www.amstelprinting.nl\\\/de\\\/gesch\u00e4ft\\\/aufkleber-und-druck\\\/drucken\\\/postkarten\\\/\"]}]},{\"@type\":\"ImageObject\",\"inLanguage\":\"de\",\"@id\":\"https:\\\/\\\/www.amstelprinting.nl\\\/de\\\/gesch\u00e4ft\\\/aufkleber-und-druck\\\/drucken\\\/postkarten\\\/#primaryimage\",\"url\":\"https:\\\/\\\/www.amstelprinting.nl\\\/wp-content\\\/uploads\\\/Ansichtkaarten.jpg\",\"contentUrl\":\"https:\\\/\\\/www.amstelprinting.nl\\\/wp-content\\\/uploads\\\/Ansichtkaarten.jpg\",\"width\":700,\"height\":700},{\"@type\":\"BreadcrumbList\",\"@id\":\"https:\\\/\\\/www.amstelprinting.nl\\\/de\\\/gesch\u00e4ft\\\/aufkleber-und-druck\\\/drucken\\\/postkarten\\\/#breadcrumb\",\"itemListElement\":[{\"@type\":\"ListItem\",\"position\":1,\"name\":\"\",\"item\":\"https:\\\/\\\/www.amstelprinting.nl\\\/de\\\/\"},{\"@type\":\"ListItem\",\"position\":2,\"name\":\"Amstel Printing\",\"item\":\"https:\\\/\\\/www.amstelprinting.nl\\\/de\\\/geschaeft\\\/\"},{\"@type\":\"ListItem\",\"position\":3,\"name\":\"Aufkleber und Druck\",\"item\":\"https:\\\/\\\/www.amstelprinting.nl\\\/de\\\/kategorie\\\/aufkleber-und-druck\\\/\"},{\"@type\":\"ListItem\",\"position\":4,\"name\":\"Drucken\",\"item\":\"https:\\\/\\\/www.amstelprinting.nl\\\/de\\\/kategorie\\\/aufkleber-und-druck\\\/drucken\\\/\"},{\"@type\":\"ListItem\",\"position\":5,\"name\":\"Postkarten\"}]},{\"@type\":\"WebSite\",\"@id\":\"https:\\\/\\\/www.amstelprinting.nl\\\/de\\\/#website\",\"url\":\"https:\\\/\\\/www.amstelprinting.nl\\\/de\\\/\",\"name\":\"Amstel Printing\",\"description\":\"Creating Exposure\",\"publisher\":{\"@id\":\"https:\\\/\\\/www.amstelprinting.nl\\\/de\\\/#organization\"},\"potentialAction\":[{\"@type\":\"SearchAction\",\"target\":{\"@type\":\"EntryPoint\",\"urlTemplate\":\"https:\\\/\\\/www.amstelprinting.nl\\\/de\\\/?s={search_term_string}\"},\"query-input\":{\"@type\":\"PropertyValueSpecification\",\"valueRequired\":true,\"valueName\":\"search_term_string\"}}],\"inLanguage\":\"de\"},{\"@type\":\"Organization\",\"@id\":\"https:\\\/\\\/www.amstelprinting.nl\\\/de\\\/#organization\",\"name\":\"Amstel Printing\",\"url\":\"https:\\\/\\\/www.amstelprinting.nl\\\/de\\\/\",\"logo\":{\"@type\":\"ImageObject\",\"inLanguage\":\"de\",\"@id\":\"https:\\\/\\\/www.amstelprinting.nl\\\/de\\\/#\\\/schema\\\/logo\\\/image\\\/\",\"url\":\"https:\\\/\\\/www.amstelprinting.nl\\\/wp-content\\\/uploads\\\/amstel_printing_logo_clean.png\",\"contentUrl\":\"https:\\\/\\\/www.amstelprinting.nl\\\/wp-content\\\/uploads\\\/amstel_printing_logo_clean.png\",\"width\":324,\"height\":73,\"caption\":\"Amstel Printing\"},\"image\":{\"@id\":\"https:\\\/\\\/www.amstelprinting.nl\\\/de\\\/#\\\/schema\\\/logo\\\/image\\\/\"}}]}<\/script>\n<!-- \/ Yoast SEO plugin. -->","yoast_head_json":{"title":"Postkarten Schnelle Lieferung - Professioneller & stilvoller Druck","description":"Bestellen Sie Postkarten in verschiedenen Formaten und luxuri\u00f6sen Papiersorten. W\u00e4hlen Sie zwischen Glanz-, Matt- oder Soft-Touch-Laminierung f\u00fcr einen Premium-Look.","robots":{"index":"index","follow":"follow","max-snippet":"max-snippet:-1","max-image-preview":"max-image-preview:large","max-video-preview":"max-video-preview:-1"},"canonical":"https:\/\/www.amstelprinting.nl\/de\/gesch\u00e4ft\/aufkleber-und-druck\/drucken\/postkarten\/","og_locale":"de_DE","og_type":"article","og_title":"Postkarten Schnelle Lieferung - Professioneller & stilvoller Druck","og_description":"Bestellen Sie Postkarten in verschiedenen Formaten und luxuri\u00f6sen Papiersorten. W\u00e4hlen Sie zwischen Glanz-, Matt- oder Soft-Touch-Laminierung f\u00fcr einen Premium-Look.","og_url":"https:\/\/www.amstelprinting.nl\/de\/gesch\u00e4ft\/aufkleber-und-druck\/drucken\/postkarten\/","og_site_name":"Amstel Printing","article_modified_time":"2026-02-18T11:54:50+00:00","og_image":[{"width":700,"height":700,"url":"https:\/\/www.amstelprinting.nl\/wp-content\/uploads\/Ansichtkaarten.jpg","type":"image\/jpeg"}],"twitter_card":"summary_large_image","twitter_misc":{"Gesch\u00e4tzte Lesezeit":"2\u00a0Minuten"},"schema":{"@context":"https:\/\/schema.org","@graph":[{"@type":"WebPage","@id":"https:\/\/www.amstelprinting.nl\/de\/gesch\u00e4ft\/aufkleber-und-druck\/drucken\/postkarten\/","url":"https:\/\/www.amstelprinting.nl\/de\/gesch\u00e4ft\/aufkleber-und-druck\/drucken\/postkarten\/","name":"Postkarten Schnelle Lieferung - Professioneller & stilvoller Druck","isPartOf":{"@id":"https:\/\/www.amstelprinting.nl\/de\/#website"},"primaryImageOfPage":{"@id":"https:\/\/www.amstelprinting.nl\/de\/gesch\u00e4ft\/aufkleber-und-druck\/drucken\/postkarten\/#primaryimage"},"image":{"@id":"https:\/\/www.amstelprinting.nl\/de\/gesch\u00e4ft\/aufkleber-und-druck\/drucken\/postkarten\/#primaryimage"},"thumbnailUrl":"https:\/\/www.amstelprinting.nl\/wp-content\/uploads\/Ansichtkaarten.jpg","datePublished":"2025-01-23T19:47:06+00:00","dateModified":"2026-02-18T11:54:50+00:00","description":"Bestellen Sie Postkarten in verschiedenen Formaten und luxuri\u00f6sen Papiersorten. W\u00e4hlen Sie zwischen Glanz-, Matt- oder Soft-Touch-Laminierung f\u00fcr einen Premium-Look.","breadcrumb":{"@id":"https:\/\/www.amstelprinting.nl\/de\/gesch\u00e4ft\/aufkleber-und-druck\/drucken\/postkarten\/#breadcrumb"},"inLanguage":"de","potentialAction":[{"@type":"ReadAction","target":["https:\/\/www.amstelprinting.nl\/de\/gesch\u00e4ft\/aufkleber-und-druck\/drucken\/postkarten\/"]}]},{"@type":"ImageObject","inLanguage":"de","@id":"https:\/\/www.amstelprinting.nl\/de\/gesch\u00e4ft\/aufkleber-und-druck\/drucken\/postkarten\/#primaryimage","url":"https:\/\/www.amstelprinting.nl\/wp-content\/uploads\/Ansichtkaarten.jpg","contentUrl":"https:\/\/www.amstelprinting.nl\/wp-content\/uploads\/Ansichtkaarten.jpg","width":700,"height":700},{"@type":"BreadcrumbList","@id":"https:\/\/www.amstelprinting.nl\/de\/gesch\u00e4ft\/aufkleber-und-druck\/drucken\/postkarten\/#breadcrumb","itemListElement":[{"@type":"ListItem","position":1,"name":"","item":"https:\/\/www.amstelprinting.nl\/de\/"},{"@type":"ListItem","position":2,"name":"Amstel Printing","item":"https:\/\/www.amstelprinting.nl\/de\/geschaeft\/"},{"@type":"ListItem","position":3,"name":"Aufkleber und Druck","item":"https:\/\/www.amstelprinting.nl\/de\/kategorie\/aufkleber-und-druck\/"},{"@type":"ListItem","position":4,"name":"Drucken","item":"https:\/\/www.amstelprinting.nl\/de\/kategorie\/aufkleber-und-druck\/drucken\/"},{"@type":"ListItem","position":5,"name":"Postkarten"}]},{"@type":"WebSite","@id":"https:\/\/www.amstelprinting.nl\/de\/#website","url":"https:\/\/www.amstelprinting.nl\/de\/","name":"Amstel Printing","description":"Creating Exposure","publisher":{"@id":"https:\/\/www.amstelprinting.nl\/de\/#organization"},"potentialAction":[{"@type":"SearchAction","target":{"@type":"EntryPoint","urlTemplate":"https:\/\/www.amstelprinting.nl\/de\/?s={search_term_string}"},"query-input":{"@type":"PropertyValueSpecification","valueRequired":true,"valueName":"search_term_string"}}],"inLanguage":"de"},{"@type":"Organization","@id":"https:\/\/www.amstelprinting.nl\/de\/#organization","name":"Amstel Printing","url":"https:\/\/www.amstelprinting.nl\/de\/","logo":{"@type":"ImageObject","inLanguage":"de","@id":"https:\/\/www.amstelprinting.nl\/de\/#\/schema\/logo\/image\/","url":"https:\/\/www.amstelprinting.nl\/wp-content\/uploads\/amstel_printing_logo_clean.png","contentUrl":"https:\/\/www.amstelprinting.nl\/wp-content\/uploads\/amstel_printing_logo_clean.png","width":324,"height":73,"caption":"Amstel Printing"},"image":{"@id":"https:\/\/www.amstelprinting.nl\/de\/#\/schema\/logo\/image\/"}}]}},"_links":{"self":[{"href":"https:\/\/www.amstelprinting.nl\/de\/wp-json\/wp\/v2\/product\/15566","targetHints":{"allow":["GET"]}}],"collection":[{"href":"https:\/\/www.amstelprinting.nl\/de\/wp-json\/wp\/v2\/product"}],"about":[{"href":"https:\/\/www.amstelprinting.nl\/de\/wp-json\/wp\/v2\/types\/product"}],"wp:featuredmedia":[{"embeddable":true,"href":"https:\/\/www.amstelprinting.nl\/de\/wp-json\/wp\/v2\/media\/15568"}],"wp:attachment":[{"href":"https:\/\/www.amstelprinting.nl\/de\/wp-json\/wp\/v2\/media?parent=15566"}],"wp:term":[{"taxonomy":"product_brand","embeddable":true,"href":"https:\/\/www.amstelprinting.nl\/de\/wp-json\/wp\/v2\/product_brand?post=15566"},{"taxonomy":"product_cat","embeddable":true,"href":"https:\/\/www.amstelprinting.nl\/de\/wp-json\/wp\/v2\/product_cat?post=15566"},{"taxonomy":"product_tag","embeddable":true,"href":"https:\/\/www.amstelprinting.nl\/de\/wp-json\/wp\/v2\/product_tag?post=15566"}],"curies":[{"name":"wp","href":"https:\/\/api.w.org\/{rel}","templated":true}]}}