{"id":15579,"date":"2025-01-23T20:46:43","date_gmt":"2025-01-23T19:46:43","guid":{"rendered":"https:\/\/www.amstelprinting.nl\/winkel\/unkategorisiert\/plano-drukvellen\/"},"modified":"2026-02-18T12:54:51","modified_gmt":"2026-02-18T11:54:51","slug":"plano-druckbogen","status":"publish","type":"product","link":"https:\/\/www.amstelprinting.nl\/de\/gesch\u00e4ft\/aufkleber-und-druck\/drucken\/plano-druckbogen\/","title":{"rendered":"Plano-Druckb\u00f6gen"},"content":{"rendered":"<h3>Plano-Druckb\u00f6gen bestellen<\/h3>\n<p>Mit unseren Plano-Druckb\u00f6gen erhalten Sie die Flexibilit\u00e4t und Kontrolle, die Sie ben\u00f6tigen, um Ihre Drucksachen genau nach Ihren W\u00fcnschen zu veredeln. Sie k\u00f6nnen Ihre Plano-Druckb\u00f6gen in der von Ihnen ben\u00f6tigten Auflage bestellen. Dies gibt Ihnen die Flexibilit\u00e4t, genau die Anzahl zu ordern, die Ihr Projekt erfordert.<\/p>\n<h3>Vorteile<\/h3>\n<ul>\n<li>Freiheit, Ihren Druckbogen selbst zu bearbeiten<\/li>\n<li>Unbearbeiteter Plano-Druckbogen oder fertig zugeschnittene Option im Halbformat<\/li>\n<li>In neun Papiersorten erh\u00e4ltlich<\/li>\n<li>Bedruckt mit einer Schicht Full-Color-Tinte<\/li>\n<\/ul>\n<p>&nbsp;<\/p>\n<h3>Materialien<\/h3>\n<p>Unsere Plano-Druckb\u00f6gen sind in einer Auswahl von neun hochwertigen Materialien erh\u00e4ltlich, von denen jedes \u00fcber einzigartige Eigenschaften verf\u00fcgt:<\/p>\n<ul>\n<li><strong>Holzfrei satiniertes MC (Gl\u00e4nzend)<\/strong>: Dieses holzfrei satinierte Material bietet ein gl\u00e4nzendes Finish, das Ihre Designs zum Strahlen bringt. Erh\u00e4ltlich in Grammaturen von 135, 170, 250, 300 und 400 g\/m\u00b2.<\/li>\n<li><strong>Holzfrei halbmatt MC (Silk)<\/strong>: F\u00fcr ein dezentes, mattes Erscheinungsbild ist dieses holzfreie Material die perfekte Wahl. Verf\u00fcgbar in 135, 170, 250, 300 und 400 g\/m\u00b2.<\/li>\n<li><strong>Naturkarton<\/strong>: Dieser glatte holzfreie Karton ist ideal zum Beschreiben und Bestempeln, mit einem Gewicht von 300 und 350 g\/m\u00b2.<\/li>\n<li><strong>HVO Wei\u00df<\/strong>: Dieses holzfreie Offsetpapier eignet sich hervorragend f\u00fcr Schreib- und Stempelarbeiten und ist in 90 und 170 g\/m\u00b2 erh\u00e4ltlich.<\/li>\n<li><strong>Biotop Naturell<\/strong>: Ungestrichen und cremefarben bietet dieses Papier eine elegante Ausstrahlung und ist gut beschreib- und bestempelbar, mit einem Gewicht von 250 g\/m\u00b2.<\/li>\n<li><strong>Sulfatkarton<\/strong>: Mit einer gestrichenen Vorderseite f\u00fcr einen sch\u00f6nen Seidenglanz und einer ungestrichenen R\u00fcckseite f\u00fcr Schreib- und Stempelarbeiten. Erh\u00e4ltlich in 260 und 300 g\/m\u00b2.<\/li>\n<li><strong>Synaps<\/strong>: Dieses synthetische Material ist rei\u00dffest und wasserbest\u00e4ndig, ideal f\u00fcr Langlebigkeit. Erh\u00e4ltlich in 300 g\/m\u00b2.<\/li>\n<li><strong>YupoBlue<\/strong>: Ein strahlend wei\u00dfes synthetisches Material mit einer gleichm\u00e4\u00dfig matten Oberfl\u00e4che f\u00fcr brillante Farbwiedergabe. Verf\u00fcgbar in 319 g\/m\u00b2.<\/li>\n<li><strong>Holzfrei Lasergeeignet Wei\u00df<\/strong>: Holzfreies Offsetpapier, geeignet f\u00fcr das Laserbedrucken, mit einem Gewicht von 90 und 100 g\/m\u00b2.<\/li>\n<\/ul>\n<p>&nbsp;<\/p>\n<h3>Veredelungen<\/h3>\n<p>Unsere Plano-Druckb\u00f6gen sind in zwei Verarbeitungsoptionen erh\u00e4ltlich. Sie k\u00f6nnen einen unbearbeiteten Planobogen w\u00e4hlen, dies ist ein Bogen von 75 x 53 cm. Alternativ k\u00f6nnen Sie die verarbeitete Option w\u00e4hlen, bei der der Planobogen auf ein Format von 37,5 x 53 cm zugeschnitten wird, ideal f\u00fcr spezifische Anwendungen und einfacher in der Handhabung. Die B\u00f6gen werden mit einer Schicht Full-Color-Tinte bedruckt (Hinweis: ohne Wei\u00df). Sie k\u00f6nnen zwischen dem Druck auf der Vorderseite oder sowohl auf der Vorder- als auch auf der R\u00fcckseite des Bogens w\u00e4hlen.<\/p>\n<h3>H\u00e4ufig gestellte Fragen<\/h3>\n<p><strong>Wie gro\u00df m\u00fcssen die Buchstaben mindestens sein?<\/strong><br \/>\nWir empfehlen eine Mindesth\u00f6he der Buchstaben von 1 mm. Stellen Sie sicher, dass Ihre Datei diese Anforderung erf\u00fcllt.<\/p>\n<p><strong>Kann auf allen Materialien geschrieben werden?<\/strong><br \/>\nSchreiben ist ausschlie\u00dflich auf ungestrichenen Papiersorten m\u00f6glich, wie Sulfatkarton (R\u00fcckseite) und Naturkarton.<\/p>\n<p><strong>Warum ist eine Laminierung bei Naturkarton nicht m\u00f6glich?<\/strong><br \/>\nAufgrund der Struktur von Naturkarton kann keine Laminierung aufgebracht werden. Zudem w\u00fcrde eine Laminierung die Beschreibbarkeit des Papiers einschr\u00e4nken.<\/p>\n<p><strong>Mein Druckerzeugnis hat sich gew\u00f6lbt, woran liegt das?<\/strong><br \/>\nDieses Problem kann durch die Verwendung von einseitiger Laminierung entstehen. Da Laminat und Papier unterschiedliche Eigenschaften haben, kann dies zu einer W\u00f6lbung f\u00fchren. Wir empfehlen, immer beidseitig zu laminieren, um diesen Effekt zu vermeiden.<\/p>\n","protected":false},"excerpt":{"rendered":"<p>Suchen Sie nach der ultimativen Kontrolle \u00fcber die Veredelung Ihrer Drucksachen? Unsere Plano-Druckb\u00f6gen geben Ihnen die Freiheit, mehrere Designs auf einem Bogen zu kombinieren und selbst zu bearbeiten. Perfekt, wenn Sie den letzten Schliff selbst vornehmen oder Ihre eigenen Druckprojekte optimieren m\u00f6chten.<\/p>\n","protected":false},"featured_media":15580,"template":"","meta":{"_et_pb_use_builder":"","_et_pb_old_content":"","_et_gb_content_width":""},"product_brand":[],"product_cat":[313,933],"product_tag":[],"class_list":{"0":"post-15579","1":"product","2":"type-product","3":"status-publish","4":"has-post-thumbnail","6":"product_cat-aufkleber-und-druck","7":"product_cat-drucken","9":"first","10":"instock","11":"taxable","12":"shipping-taxable","13":"purchasable","14":"product-type-simple"},"yoast_head":"<!-- This site is optimized with the Yoast SEO plugin v27.3 - https:\/\/yoast.com\/product\/yoast-seo-wordpress\/ -->\n<title>Plano-Druckb\u00f6gen bestellen \u2013 schnell geliefert und flexibel anpassbar<\/title>\n<meta name=\"description\" content=\"Bestellen Sie Ihre Plano-Druckb\u00f6gen einfach und schnell mit flexibler Veredelung und einer Auswahl aus 9 Papiersorten. Schnell geliefert, direkt einsetzbar.\" \/>\n<meta name=\"robots\" content=\"index, follow, max-snippet:-1, max-image-preview:large, max-video-preview:-1\" \/>\n<link rel=\"canonical\" href=\"https:\/\/www.amstelprinting.nl\/de\/gesch\u00e4ft\/aufkleber-und-druck\/drucken\/plano-druckbogen\/\" \/>\n<meta property=\"og:locale\" content=\"de_DE\" \/>\n<meta property=\"og:type\" content=\"article\" \/>\n<meta property=\"og:title\" content=\"Plano-Druckb\u00f6gen bestellen \u2013 schnell geliefert und flexibel anpassbar\" \/>\n<meta property=\"og:description\" content=\"Bestellen Sie Ihre Plano-Druckb\u00f6gen einfach und schnell mit flexibler Veredelung und einer Auswahl aus 9 Papiersorten. Schnell geliefert, direkt einsetzbar.\" \/>\n<meta property=\"og:url\" content=\"https:\/\/www.amstelprinting.nl\/de\/gesch\u00e4ft\/aufkleber-und-druck\/drucken\/plano-druckbogen\/\" \/>\n<meta property=\"og:site_name\" content=\"Amstel Printing\" \/>\n<meta property=\"article:modified_time\" content=\"2026-02-18T11:54:51+00:00\" \/>\n<meta property=\"og:image\" content=\"https:\/\/www.amstelprinting.nl\/wp-content\/uploads\/Plano-drukvellen.jpg\" \/>\n\t<meta property=\"og:image:width\" content=\"700\" \/>\n\t<meta property=\"og:image:height\" content=\"700\" \/>\n\t<meta property=\"og:image:type\" content=\"image\/jpeg\" \/>\n<meta name=\"twitter:card\" content=\"summary_large_image\" \/>\n<meta name=\"twitter:label1\" content=\"Gesch\u00e4tzte Lesezeit\" \/>\n\t<meta name=\"twitter:data1\" content=\"3\u00a0Minuten\" \/>\n<script type=\"application\/ld+json\" class=\"yoast-schema-graph\">{\"@context\":\"https:\\\/\\\/schema.org\",\"@graph\":[{\"@type\":\"WebPage\",\"@id\":\"https:\\\/\\\/www.amstelprinting.nl\\\/de\\\/gesch\u00e4ft\\\/aufkleber-und-druck\\\/drucken\\\/plano-druckbogen\\\/\",\"url\":\"https:\\\/\\\/www.amstelprinting.nl\\\/de\\\/gesch\u00e4ft\\\/aufkleber-und-druck\\\/drucken\\\/plano-druckbogen\\\/\",\"name\":\"Plano-Druckb\u00f6gen bestellen \u2013 schnell geliefert und flexibel anpassbar\",\"isPartOf\":{\"@id\":\"https:\\\/\\\/www.amstelprinting.nl\\\/de\\\/#website\"},\"primaryImageOfPage\":{\"@id\":\"https:\\\/\\\/www.amstelprinting.nl\\\/de\\\/gesch\u00e4ft\\\/aufkleber-und-druck\\\/drucken\\\/plano-druckbogen\\\/#primaryimage\"},\"image\":{\"@id\":\"https:\\\/\\\/www.amstelprinting.nl\\\/de\\\/gesch\u00e4ft\\\/aufkleber-und-druck\\\/drucken\\\/plano-druckbogen\\\/#primaryimage\"},\"thumbnailUrl\":\"https:\\\/\\\/www.amstelprinting.nl\\\/wp-content\\\/uploads\\\/Plano-drukvellen.jpg\",\"datePublished\":\"2025-01-23T19:46:43+00:00\",\"dateModified\":\"2026-02-18T11:54:51+00:00\",\"description\":\"Bestellen Sie Ihre Plano-Druckb\u00f6gen einfach und schnell mit flexibler Veredelung und einer Auswahl aus 9 Papiersorten. Schnell geliefert, direkt einsetzbar.\",\"breadcrumb\":{\"@id\":\"https:\\\/\\\/www.amstelprinting.nl\\\/de\\\/gesch\u00e4ft\\\/aufkleber-und-druck\\\/drucken\\\/plano-druckbogen\\\/#breadcrumb\"},\"inLanguage\":\"de\",\"potentialAction\":[{\"@type\":\"ReadAction\",\"target\":[\"https:\\\/\\\/www.amstelprinting.nl\\\/de\\\/gesch\u00e4ft\\\/aufkleber-und-druck\\\/drucken\\\/plano-druckbogen\\\/\"]}]},{\"@type\":\"ImageObject\",\"inLanguage\":\"de\",\"@id\":\"https:\\\/\\\/www.amstelprinting.nl\\\/de\\\/gesch\u00e4ft\\\/aufkleber-und-druck\\\/drucken\\\/plano-druckbogen\\\/#primaryimage\",\"url\":\"https:\\\/\\\/www.amstelprinting.nl\\\/wp-content\\\/uploads\\\/Plano-drukvellen.jpg\",\"contentUrl\":\"https:\\\/\\\/www.amstelprinting.nl\\\/wp-content\\\/uploads\\\/Plano-drukvellen.jpg\",\"width\":700,\"height\":700},{\"@type\":\"BreadcrumbList\",\"@id\":\"https:\\\/\\\/www.amstelprinting.nl\\\/de\\\/gesch\u00e4ft\\\/aufkleber-und-druck\\\/drucken\\\/plano-druckbogen\\\/#breadcrumb\",\"itemListElement\":[{\"@type\":\"ListItem\",\"position\":1,\"name\":\"\",\"item\":\"https:\\\/\\\/www.amstelprinting.nl\\\/de\\\/\"},{\"@type\":\"ListItem\",\"position\":2,\"name\":\"Amstel Printing\",\"item\":\"https:\\\/\\\/www.amstelprinting.nl\\\/de\\\/geschaeft\\\/\"},{\"@type\":\"ListItem\",\"position\":3,\"name\":\"Aufkleber und Druck\",\"item\":\"https:\\\/\\\/www.amstelprinting.nl\\\/de\\\/kategorie\\\/aufkleber-und-druck\\\/\"},{\"@type\":\"ListItem\",\"position\":4,\"name\":\"Drucken\",\"item\":\"https:\\\/\\\/www.amstelprinting.nl\\\/de\\\/kategorie\\\/aufkleber-und-druck\\\/drucken\\\/\"},{\"@type\":\"ListItem\",\"position\":5,\"name\":\"Plano-Druckb\u00f6gen\"}]},{\"@type\":\"WebSite\",\"@id\":\"https:\\\/\\\/www.amstelprinting.nl\\\/de\\\/#website\",\"url\":\"https:\\\/\\\/www.amstelprinting.nl\\\/de\\\/\",\"name\":\"Amstel Printing\",\"description\":\"Creating Exposure\",\"publisher\":{\"@id\":\"https:\\\/\\\/www.amstelprinting.nl\\\/de\\\/#organization\"},\"potentialAction\":[{\"@type\":\"SearchAction\",\"target\":{\"@type\":\"EntryPoint\",\"urlTemplate\":\"https:\\\/\\\/www.amstelprinting.nl\\\/de\\\/?s={search_term_string}\"},\"query-input\":{\"@type\":\"PropertyValueSpecification\",\"valueRequired\":true,\"valueName\":\"search_term_string\"}}],\"inLanguage\":\"de\"},{\"@type\":\"Organization\",\"@id\":\"https:\\\/\\\/www.amstelprinting.nl\\\/de\\\/#organization\",\"name\":\"Amstel Printing\",\"url\":\"https:\\\/\\\/www.amstelprinting.nl\\\/de\\\/\",\"logo\":{\"@type\":\"ImageObject\",\"inLanguage\":\"de\",\"@id\":\"https:\\\/\\\/www.amstelprinting.nl\\\/de\\\/#\\\/schema\\\/logo\\\/image\\\/\",\"url\":\"https:\\\/\\\/www.amstelprinting.nl\\\/wp-content\\\/uploads\\\/amstel_printing_logo_clean.png\",\"contentUrl\":\"https:\\\/\\\/www.amstelprinting.nl\\\/wp-content\\\/uploads\\\/amstel_printing_logo_clean.png\",\"width\":324,\"height\":73,\"caption\":\"Amstel Printing\"},\"image\":{\"@id\":\"https:\\\/\\\/www.amstelprinting.nl\\\/de\\\/#\\\/schema\\\/logo\\\/image\\\/\"}}]}<\/script>\n<!-- \/ Yoast SEO plugin. -->","yoast_head_json":{"title":"Plano-Druckb\u00f6gen bestellen \u2013 schnell geliefert und flexibel anpassbar","description":"Bestellen Sie Ihre Plano-Druckb\u00f6gen einfach und schnell mit flexibler Veredelung und einer Auswahl aus 9 Papiersorten. Schnell geliefert, direkt einsetzbar.","robots":{"index":"index","follow":"follow","max-snippet":"max-snippet:-1","max-image-preview":"max-image-preview:large","max-video-preview":"max-video-preview:-1"},"canonical":"https:\/\/www.amstelprinting.nl\/de\/gesch\u00e4ft\/aufkleber-und-druck\/drucken\/plano-druckbogen\/","og_locale":"de_DE","og_type":"article","og_title":"Plano-Druckb\u00f6gen bestellen \u2013 schnell geliefert und flexibel anpassbar","og_description":"Bestellen Sie Ihre Plano-Druckb\u00f6gen einfach und schnell mit flexibler Veredelung und einer Auswahl aus 9 Papiersorten. Schnell geliefert, direkt einsetzbar.","og_url":"https:\/\/www.amstelprinting.nl\/de\/gesch\u00e4ft\/aufkleber-und-druck\/drucken\/plano-druckbogen\/","og_site_name":"Amstel Printing","article_modified_time":"2026-02-18T11:54:51+00:00","og_image":[{"width":700,"height":700,"url":"https:\/\/www.amstelprinting.nl\/wp-content\/uploads\/Plano-drukvellen.jpg","type":"image\/jpeg"}],"twitter_card":"summary_large_image","twitter_misc":{"Gesch\u00e4tzte Lesezeit":"3\u00a0Minuten"},"schema":{"@context":"https:\/\/schema.org","@graph":[{"@type":"WebPage","@id":"https:\/\/www.amstelprinting.nl\/de\/gesch\u00e4ft\/aufkleber-und-druck\/drucken\/plano-druckbogen\/","url":"https:\/\/www.amstelprinting.nl\/de\/gesch\u00e4ft\/aufkleber-und-druck\/drucken\/plano-druckbogen\/","name":"Plano-Druckb\u00f6gen bestellen \u2013 schnell geliefert und flexibel anpassbar","isPartOf":{"@id":"https:\/\/www.amstelprinting.nl\/de\/#website"},"primaryImageOfPage":{"@id":"https:\/\/www.amstelprinting.nl\/de\/gesch\u00e4ft\/aufkleber-und-druck\/drucken\/plano-druckbogen\/#primaryimage"},"image":{"@id":"https:\/\/www.amstelprinting.nl\/de\/gesch\u00e4ft\/aufkleber-und-druck\/drucken\/plano-druckbogen\/#primaryimage"},"thumbnailUrl":"https:\/\/www.amstelprinting.nl\/wp-content\/uploads\/Plano-drukvellen.jpg","datePublished":"2025-01-23T19:46:43+00:00","dateModified":"2026-02-18T11:54:51+00:00","description":"Bestellen Sie Ihre Plano-Druckb\u00f6gen einfach und schnell mit flexibler Veredelung und einer Auswahl aus 9 Papiersorten. Schnell geliefert, direkt einsetzbar.","breadcrumb":{"@id":"https:\/\/www.amstelprinting.nl\/de\/gesch\u00e4ft\/aufkleber-und-druck\/drucken\/plano-druckbogen\/#breadcrumb"},"inLanguage":"de","potentialAction":[{"@type":"ReadAction","target":["https:\/\/www.amstelprinting.nl\/de\/gesch\u00e4ft\/aufkleber-und-druck\/drucken\/plano-druckbogen\/"]}]},{"@type":"ImageObject","inLanguage":"de","@id":"https:\/\/www.amstelprinting.nl\/de\/gesch\u00e4ft\/aufkleber-und-druck\/drucken\/plano-druckbogen\/#primaryimage","url":"https:\/\/www.amstelprinting.nl\/wp-content\/uploads\/Plano-drukvellen.jpg","contentUrl":"https:\/\/www.amstelprinting.nl\/wp-content\/uploads\/Plano-drukvellen.jpg","width":700,"height":700},{"@type":"BreadcrumbList","@id":"https:\/\/www.amstelprinting.nl\/de\/gesch\u00e4ft\/aufkleber-und-druck\/drucken\/plano-druckbogen\/#breadcrumb","itemListElement":[{"@type":"ListItem","position":1,"name":"","item":"https:\/\/www.amstelprinting.nl\/de\/"},{"@type":"ListItem","position":2,"name":"Amstel Printing","item":"https:\/\/www.amstelprinting.nl\/de\/geschaeft\/"},{"@type":"ListItem","position":3,"name":"Aufkleber und Druck","item":"https:\/\/www.amstelprinting.nl\/de\/kategorie\/aufkleber-und-druck\/"},{"@type":"ListItem","position":4,"name":"Drucken","item":"https:\/\/www.amstelprinting.nl\/de\/kategorie\/aufkleber-und-druck\/drucken\/"},{"@type":"ListItem","position":5,"name":"Plano-Druckb\u00f6gen"}]},{"@type":"WebSite","@id":"https:\/\/www.amstelprinting.nl\/de\/#website","url":"https:\/\/www.amstelprinting.nl\/de\/","name":"Amstel Printing","description":"Creating Exposure","publisher":{"@id":"https:\/\/www.amstelprinting.nl\/de\/#organization"},"potentialAction":[{"@type":"SearchAction","target":{"@type":"EntryPoint","urlTemplate":"https:\/\/www.amstelprinting.nl\/de\/?s={search_term_string}"},"query-input":{"@type":"PropertyValueSpecification","valueRequired":true,"valueName":"search_term_string"}}],"inLanguage":"de"},{"@type":"Organization","@id":"https:\/\/www.amstelprinting.nl\/de\/#organization","name":"Amstel Printing","url":"https:\/\/www.amstelprinting.nl\/de\/","logo":{"@type":"ImageObject","inLanguage":"de","@id":"https:\/\/www.amstelprinting.nl\/de\/#\/schema\/logo\/image\/","url":"https:\/\/www.amstelprinting.nl\/wp-content\/uploads\/amstel_printing_logo_clean.png","contentUrl":"https:\/\/www.amstelprinting.nl\/wp-content\/uploads\/amstel_printing_logo_clean.png","width":324,"height":73,"caption":"Amstel Printing"},"image":{"@id":"https:\/\/www.amstelprinting.nl\/de\/#\/schema\/logo\/image\/"}}]}},"_links":{"self":[{"href":"https:\/\/www.amstelprinting.nl\/de\/wp-json\/wp\/v2\/product\/15579","targetHints":{"allow":["GET"]}}],"collection":[{"href":"https:\/\/www.amstelprinting.nl\/de\/wp-json\/wp\/v2\/product"}],"about":[{"href":"https:\/\/www.amstelprinting.nl\/de\/wp-json\/wp\/v2\/types\/product"}],"wp:featuredmedia":[{"embeddable":true,"href":"https:\/\/www.amstelprinting.nl\/de\/wp-json\/wp\/v2\/media\/15580"}],"wp:attachment":[{"href":"https:\/\/www.amstelprinting.nl\/de\/wp-json\/wp\/v2\/media?parent=15579"}],"wp:term":[{"taxonomy":"product_brand","embeddable":true,"href":"https:\/\/www.amstelprinting.nl\/de\/wp-json\/wp\/v2\/product_brand?post=15579"},{"taxonomy":"product_cat","embeddable":true,"href":"https:\/\/www.amstelprinting.nl\/de\/wp-json\/wp\/v2\/product_cat?post=15579"},{"taxonomy":"product_tag","embeddable":true,"href":"https:\/\/www.amstelprinting.nl\/de\/wp-json\/wp\/v2\/product_tag?post=15579"}],"curies":[{"name":"wp","href":"https:\/\/api.w.org\/{rel}","templated":true}]}}