{"id":15591,"date":"2025-01-23T20:46:10","date_gmt":"2025-01-23T19:46:10","guid":{"rendered":"https:\/\/www.amstelprinting.nl\/winkel\/unkategorisiert\/brochures\/"},"modified":"2026-02-18T12:54:51","modified_gmt":"2026-02-18T11:54:51","slug":"broschuren","status":"publish","type":"product","link":"https:\/\/www.amstelprinting.nl\/de\/gesch\u00e4ft\/aufkleber-und-druck\/drucken\/broschuren\/","title":{"rendered":"Brosch\u00fcren"},"content":{"rendered":"<h3>G\u00fcnstig und schnell Brosch\u00fcren bestellen<\/h3>\n<p>\\nUnsere Brosch\u00fcren k\u00f6nnen in verschiedenen Auflagen bestellt werden, sodass Sie genau die Menge w\u00e4hlen k\u00f6nnen, die Sie ben\u00f6tigen. Transformieren Sie Ihre Kommunikation mit unseren ma\u00dfgeschneiderten Brosch\u00fcren. Mit einer Vielzahl an Formaten, Materialien und Auflagen bieten wir die ideale L\u00f6sung f\u00fcr Ihre Druckanforderungen. Ihre n\u00e4chste erfolgreiche Pr\u00e4sentation beginnt hier.\\n<\/p>\n<h3>Warum Brosch\u00fcren drucken?<\/h3>\n<p>\\n<\/p>\n<ul>\\n  <\/p>\n<li>W\u00e4hlen Sie aus 6 Standardformaten<\/li>\n<p>\\n  <\/p>\n<li>Erh\u00e4ltlich von 8 bis 64 Seiten<\/li>\n<p>\\n  <\/p>\n<li>R\u00fcckendrahtheftung mit zwei Klammern<\/li>\n<p>\\n  <\/p>\n<li>Option f\u00fcr 2 Papiersorten und 3 Grammaturen<\/li>\n<p>\\n  <\/p>\n<li>Hochaufl\u00f6sende Druckqualit\u00e4t mit HP Indigo 12000<\/li>\n<p>\\n  <\/p>\n<li>Bestellung ab 1 St\u00fcck, ohne Einrichtungskosten dank Digitaldruck<\/li>\n<p>\\n<\/ul>\n<p>\\n&nbsp;\\n<\/p>\n<h3>Formate und Materialien<\/h3>\n<p>\\nUnsere Brosch\u00fcren sind in sechs verschiedenen Formaten erh\u00e4ltlich, was Ihnen die Freiheit gibt, ein Format zu w\u00e4hlen, das am besten zu Ihrem Inhalt und Ihrer Pr\u00e4sentation passt. Sie k\u00f6nnen zwischen Brosch\u00fcren mit 8, 12, 16, 20, 24 oder 28 Seiten inklusive Umschlag w\u00e4hlen. Wir bieten drei Premium-Papiersorten f\u00fcr Ihre Brosch\u00fcren an:\\n<\/p>\n<ul>\\n  <\/p>\n<li><strong>Holzfrei halbmatt gestrichen (Silk)<\/strong>: Dieses holzfreie, halbmatt maschinengestrichene Papier hat ein elegantes mattes Finish, das f\u00fcr eine raffinierte Ausstrahlung sorgt. Es ist in den Grammaturen 135 g\/m\u00b2, 170 g\/m\u00b2 und 250 g\/m\u00b2 erh\u00e4ltlich. Dieses Papier ist ideal f\u00fcr Drucksachen, bei denen ein subtiler, professioneller Look gew\u00fcnscht ist, ist jedoch weniger geeignet zum Beschreiben und Bestempeln.<\/li>\n<p>\\n  <\/p>\n<li><strong>Holzfrei gl\u00e4nzend gestrichen (Glanz)<\/strong>: F\u00fcr ein auff\u00e4lliges und gl\u00e4nzendes Finish w\u00e4hlen Sie unser holzfreies, gl\u00e4nzend maschinengestrichenes Papier. Dieses Material hat eine gl\u00e4nzende Beschichtung und ist in 135 g\/m\u00b2, 170 g\/m\u00b2 und 250 g\/m\u00b2 erh\u00e4ltlich. Perfekt f\u00fcr die Erstellung lebendiger und auff\u00e4lliger Brosch\u00fcren, obwohl es ebenfalls weniger zum Beschreiben und Bestempeln geeignet ist.<\/li>\n<p>\\n  <\/p>\n<li><strong>HVO Wei\u00df<\/strong>: Dieses holzfreie Offsetpapier bietet ein ungestrichenes Finish, wodurch es hervorragend zum Beschreiben und Bestempeln geeignet ist. Erh\u00e4ltlich in 170 g\/m\u00b2, ist dieses Papier ideal f\u00fcr Brosch\u00fcren, bei denen die M\u00f6glichkeit f\u00fcr Notizen oder Stempel gew\u00fcnscht wird, w\u00e4hrend es dennoch ein professionelles Erscheinungsbild bewahrt.<\/li>\n<p>\\n<\/ul>\n<p>\\n&nbsp;\\n<\/p>\n<h3>H\u00e4ufig gestellte Fragen<\/h3>\n<p>\\n<strong>Sind auch abweichende Formate m\u00f6glich?<\/strong>\\nLeider sind Brosch\u00fcren nur in festen Formaten verf\u00fcgbar. Wenn Sie ein anderes, abweichendes Format ben\u00f6tigen, k\u00f6nnen Sie sich f\u00fcr Plano-Druckb\u00f6gen entscheiden. Bitte beachten Sie, dass diese B\u00f6gen nach Erhalt noch weiterverarbeitet werden m\u00fcssen.<\/p>\n","protected":false},"excerpt":{"rendered":"<h3>Brosch\u00fcren (Magazine) drucken. Genau so, wie Sie es w\u00fcnschen.<\/h3>\n<p>\\nOb Sie eine Unternehmenspr\u00e4sentation, einen Produktkatalog oder einen informativen Leitfaden ben\u00f6tigen, unsere Brosch\u00fcren bieten die perfekte L\u00f6sung, um Ihre Botschaft auf attraktive und professionelle Weise zu kommunizieren. Mit einer Vielzahl von Formaten und Materialien k\u00f6nnen Sie Brosch\u00fcren erstellen, die genau Ihren W\u00fcnschen und Bed\u00fcrfnissen entsprechen.<\/p>\n","protected":false},"featured_media":15593,"template":"","meta":{"_et_pb_use_builder":"","_et_pb_old_content":"","_et_gb_content_width":""},"product_brand":[],"product_cat":[313,933],"product_tag":[],"class_list":{"0":"post-15591","1":"product","2":"type-product","3":"status-publish","4":"has-post-thumbnail","6":"product_cat-aufkleber-und-druck","7":"product_cat-drucken","9":"first","10":"instock","11":"taxable","12":"shipping-taxable","13":"purchasable","14":"product-type-simple"},"yoast_head":"<!-- This site is optimized with the Yoast SEO plugin v27.3 - https:\/\/yoast.com\/product\/yoast-seo-wordpress\/ -->\n<title>Brosch\u00fcren nach Ma\u00df - Gestochen scharfe Qualit\u00e4t &amp; schnell lieferbar<\/title>\n<meta name=\"description\" content=\"Entwerfen Sie Ihre perfekten Brosch\u00fcren mit verschiedenen Formaten, Premium-Papiersorten und hoher Druckqualit\u00e4t. Hinterlassen Sie mit Ihrer Kommunikation einen bleibenden Eindruck.\" \/>\n<meta name=\"robots\" content=\"index, follow, max-snippet:-1, max-image-preview:large, max-video-preview:-1\" \/>\n<link rel=\"canonical\" href=\"https:\/\/www.amstelprinting.nl\/de\/gesch\u00e4ft\/aufkleber-und-druck\/drucken\/broschuren\/\" \/>\n<meta property=\"og:locale\" content=\"de_DE\" \/>\n<meta property=\"og:type\" content=\"article\" \/>\n<meta property=\"og:title\" content=\"Brosch\u00fcren nach Ma\u00df - Gestochen scharfe Qualit\u00e4t &amp; schnell lieferbar\" \/>\n<meta property=\"og:description\" content=\"Entwerfen Sie Ihre perfekten Brosch\u00fcren mit verschiedenen Formaten, Premium-Papiersorten und hoher Druckqualit\u00e4t. Hinterlassen Sie mit Ihrer Kommunikation einen bleibenden Eindruck.\" \/>\n<meta property=\"og:url\" content=\"https:\/\/www.amstelprinting.nl\/de\/gesch\u00e4ft\/aufkleber-und-druck\/drucken\/broschuren\/\" \/>\n<meta property=\"og:site_name\" content=\"Amstel Printing\" \/>\n<meta property=\"article:modified_time\" content=\"2026-02-18T11:54:51+00:00\" \/>\n<meta property=\"og:image\" content=\"https:\/\/www.amstelprinting.nl\/wp-content\/uploads\/Brochures.jpg\" \/>\n\t<meta property=\"og:image:width\" content=\"700\" \/>\n\t<meta property=\"og:image:height\" content=\"700\" \/>\n\t<meta property=\"og:image:type\" content=\"image\/jpeg\" \/>\n<meta name=\"twitter:card\" content=\"summary_large_image\" \/>\n<meta name=\"twitter:label1\" content=\"Gesch\u00e4tzte Lesezeit\" \/>\n\t<meta name=\"twitter:data1\" content=\"2\u00a0Minuten\" \/>\n<script type=\"application\/ld+json\" class=\"yoast-schema-graph\">{\"@context\":\"https:\\\/\\\/schema.org\",\"@graph\":[{\"@type\":\"WebPage\",\"@id\":\"https:\\\/\\\/www.amstelprinting.nl\\\/de\\\/gesch\u00e4ft\\\/aufkleber-und-druck\\\/drucken\\\/broschuren\\\/\",\"url\":\"https:\\\/\\\/www.amstelprinting.nl\\\/de\\\/gesch\u00e4ft\\\/aufkleber-und-druck\\\/drucken\\\/broschuren\\\/\",\"name\":\"Brosch\u00fcren nach Ma\u00df - Gestochen scharfe Qualit\u00e4t & schnell lieferbar\",\"isPartOf\":{\"@id\":\"https:\\\/\\\/www.amstelprinting.nl\\\/de\\\/#website\"},\"primaryImageOfPage\":{\"@id\":\"https:\\\/\\\/www.amstelprinting.nl\\\/de\\\/gesch\u00e4ft\\\/aufkleber-und-druck\\\/drucken\\\/broschuren\\\/#primaryimage\"},\"image\":{\"@id\":\"https:\\\/\\\/www.amstelprinting.nl\\\/de\\\/gesch\u00e4ft\\\/aufkleber-und-druck\\\/drucken\\\/broschuren\\\/#primaryimage\"},\"thumbnailUrl\":\"https:\\\/\\\/www.amstelprinting.nl\\\/wp-content\\\/uploads\\\/Brochures.jpg\",\"datePublished\":\"2025-01-23T19:46:10+00:00\",\"dateModified\":\"2026-02-18T11:54:51+00:00\",\"description\":\"Entwerfen Sie Ihre perfekten Brosch\u00fcren mit verschiedenen Formaten, Premium-Papiersorten und hoher Druckqualit\u00e4t. Hinterlassen Sie mit Ihrer Kommunikation einen bleibenden Eindruck.\",\"breadcrumb\":{\"@id\":\"https:\\\/\\\/www.amstelprinting.nl\\\/de\\\/gesch\u00e4ft\\\/aufkleber-und-druck\\\/drucken\\\/broschuren\\\/#breadcrumb\"},\"inLanguage\":\"de\",\"potentialAction\":[{\"@type\":\"ReadAction\",\"target\":[\"https:\\\/\\\/www.amstelprinting.nl\\\/de\\\/gesch\u00e4ft\\\/aufkleber-und-druck\\\/drucken\\\/broschuren\\\/\"]}]},{\"@type\":\"ImageObject\",\"inLanguage\":\"de\",\"@id\":\"https:\\\/\\\/www.amstelprinting.nl\\\/de\\\/gesch\u00e4ft\\\/aufkleber-und-druck\\\/drucken\\\/broschuren\\\/#primaryimage\",\"url\":\"https:\\\/\\\/www.amstelprinting.nl\\\/wp-content\\\/uploads\\\/Brochures.jpg\",\"contentUrl\":\"https:\\\/\\\/www.amstelprinting.nl\\\/wp-content\\\/uploads\\\/Brochures.jpg\",\"width\":700,\"height\":700},{\"@type\":\"BreadcrumbList\",\"@id\":\"https:\\\/\\\/www.amstelprinting.nl\\\/de\\\/gesch\u00e4ft\\\/aufkleber-und-druck\\\/drucken\\\/broschuren\\\/#breadcrumb\",\"itemListElement\":[{\"@type\":\"ListItem\",\"position\":1,\"name\":\"\",\"item\":\"https:\\\/\\\/www.amstelprinting.nl\\\/de\\\/\"},{\"@type\":\"ListItem\",\"position\":2,\"name\":\"Amstel Printing\",\"item\":\"https:\\\/\\\/www.amstelprinting.nl\\\/de\\\/geschaeft\\\/\"},{\"@type\":\"ListItem\",\"position\":3,\"name\":\"Aufkleber und Druck\",\"item\":\"https:\\\/\\\/www.amstelprinting.nl\\\/de\\\/kategorie\\\/aufkleber-und-druck\\\/\"},{\"@type\":\"ListItem\",\"position\":4,\"name\":\"Drucken\",\"item\":\"https:\\\/\\\/www.amstelprinting.nl\\\/de\\\/kategorie\\\/aufkleber-und-druck\\\/drucken\\\/\"},{\"@type\":\"ListItem\",\"position\":5,\"name\":\"Brosch\u00fcren\"}]},{\"@type\":\"WebSite\",\"@id\":\"https:\\\/\\\/www.amstelprinting.nl\\\/de\\\/#website\",\"url\":\"https:\\\/\\\/www.amstelprinting.nl\\\/de\\\/\",\"name\":\"Amstel Printing\",\"description\":\"Creating Exposure\",\"publisher\":{\"@id\":\"https:\\\/\\\/www.amstelprinting.nl\\\/de\\\/#organization\"},\"potentialAction\":[{\"@type\":\"SearchAction\",\"target\":{\"@type\":\"EntryPoint\",\"urlTemplate\":\"https:\\\/\\\/www.amstelprinting.nl\\\/de\\\/?s={search_term_string}\"},\"query-input\":{\"@type\":\"PropertyValueSpecification\",\"valueRequired\":true,\"valueName\":\"search_term_string\"}}],\"inLanguage\":\"de\"},{\"@type\":\"Organization\",\"@id\":\"https:\\\/\\\/www.amstelprinting.nl\\\/de\\\/#organization\",\"name\":\"Amstel Printing\",\"url\":\"https:\\\/\\\/www.amstelprinting.nl\\\/de\\\/\",\"logo\":{\"@type\":\"ImageObject\",\"inLanguage\":\"de\",\"@id\":\"https:\\\/\\\/www.amstelprinting.nl\\\/de\\\/#\\\/schema\\\/logo\\\/image\\\/\",\"url\":\"https:\\\/\\\/www.amstelprinting.nl\\\/wp-content\\\/uploads\\\/amstel_printing_logo_clean.png\",\"contentUrl\":\"https:\\\/\\\/www.amstelprinting.nl\\\/wp-content\\\/uploads\\\/amstel_printing_logo_clean.png\",\"width\":324,\"height\":73,\"caption\":\"Amstel Printing\"},\"image\":{\"@id\":\"https:\\\/\\\/www.amstelprinting.nl\\\/de\\\/#\\\/schema\\\/logo\\\/image\\\/\"}}]}<\/script>\n<!-- \/ Yoast SEO plugin. -->","yoast_head_json":{"title":"Brosch\u00fcren nach Ma\u00df - Gestochen scharfe Qualit\u00e4t & schnell lieferbar","description":"Entwerfen Sie Ihre perfekten Brosch\u00fcren mit verschiedenen Formaten, Premium-Papiersorten und hoher Druckqualit\u00e4t. Hinterlassen Sie mit Ihrer Kommunikation einen bleibenden Eindruck.","robots":{"index":"index","follow":"follow","max-snippet":"max-snippet:-1","max-image-preview":"max-image-preview:large","max-video-preview":"max-video-preview:-1"},"canonical":"https:\/\/www.amstelprinting.nl\/de\/gesch\u00e4ft\/aufkleber-und-druck\/drucken\/broschuren\/","og_locale":"de_DE","og_type":"article","og_title":"Brosch\u00fcren nach Ma\u00df - Gestochen scharfe Qualit\u00e4t & schnell lieferbar","og_description":"Entwerfen Sie Ihre perfekten Brosch\u00fcren mit verschiedenen Formaten, Premium-Papiersorten und hoher Druckqualit\u00e4t. Hinterlassen Sie mit Ihrer Kommunikation einen bleibenden Eindruck.","og_url":"https:\/\/www.amstelprinting.nl\/de\/gesch\u00e4ft\/aufkleber-und-druck\/drucken\/broschuren\/","og_site_name":"Amstel Printing","article_modified_time":"2026-02-18T11:54:51+00:00","og_image":[{"width":700,"height":700,"url":"https:\/\/www.amstelprinting.nl\/wp-content\/uploads\/Brochures.jpg","type":"image\/jpeg"}],"twitter_card":"summary_large_image","twitter_misc":{"Gesch\u00e4tzte Lesezeit":"2\u00a0Minuten"},"schema":{"@context":"https:\/\/schema.org","@graph":[{"@type":"WebPage","@id":"https:\/\/www.amstelprinting.nl\/de\/gesch\u00e4ft\/aufkleber-und-druck\/drucken\/broschuren\/","url":"https:\/\/www.amstelprinting.nl\/de\/gesch\u00e4ft\/aufkleber-und-druck\/drucken\/broschuren\/","name":"Brosch\u00fcren nach Ma\u00df - Gestochen scharfe Qualit\u00e4t & schnell lieferbar","isPartOf":{"@id":"https:\/\/www.amstelprinting.nl\/de\/#website"},"primaryImageOfPage":{"@id":"https:\/\/www.amstelprinting.nl\/de\/gesch\u00e4ft\/aufkleber-und-druck\/drucken\/broschuren\/#primaryimage"},"image":{"@id":"https:\/\/www.amstelprinting.nl\/de\/gesch\u00e4ft\/aufkleber-und-druck\/drucken\/broschuren\/#primaryimage"},"thumbnailUrl":"https:\/\/www.amstelprinting.nl\/wp-content\/uploads\/Brochures.jpg","datePublished":"2025-01-23T19:46:10+00:00","dateModified":"2026-02-18T11:54:51+00:00","description":"Entwerfen Sie Ihre perfekten Brosch\u00fcren mit verschiedenen Formaten, Premium-Papiersorten und hoher Druckqualit\u00e4t. Hinterlassen Sie mit Ihrer Kommunikation einen bleibenden Eindruck.","breadcrumb":{"@id":"https:\/\/www.amstelprinting.nl\/de\/gesch\u00e4ft\/aufkleber-und-druck\/drucken\/broschuren\/#breadcrumb"},"inLanguage":"de","potentialAction":[{"@type":"ReadAction","target":["https:\/\/www.amstelprinting.nl\/de\/gesch\u00e4ft\/aufkleber-und-druck\/drucken\/broschuren\/"]}]},{"@type":"ImageObject","inLanguage":"de","@id":"https:\/\/www.amstelprinting.nl\/de\/gesch\u00e4ft\/aufkleber-und-druck\/drucken\/broschuren\/#primaryimage","url":"https:\/\/www.amstelprinting.nl\/wp-content\/uploads\/Brochures.jpg","contentUrl":"https:\/\/www.amstelprinting.nl\/wp-content\/uploads\/Brochures.jpg","width":700,"height":700},{"@type":"BreadcrumbList","@id":"https:\/\/www.amstelprinting.nl\/de\/gesch\u00e4ft\/aufkleber-und-druck\/drucken\/broschuren\/#breadcrumb","itemListElement":[{"@type":"ListItem","position":1,"name":"","item":"https:\/\/www.amstelprinting.nl\/de\/"},{"@type":"ListItem","position":2,"name":"Amstel Printing","item":"https:\/\/www.amstelprinting.nl\/de\/geschaeft\/"},{"@type":"ListItem","position":3,"name":"Aufkleber und Druck","item":"https:\/\/www.amstelprinting.nl\/de\/kategorie\/aufkleber-und-druck\/"},{"@type":"ListItem","position":4,"name":"Drucken","item":"https:\/\/www.amstelprinting.nl\/de\/kategorie\/aufkleber-und-druck\/drucken\/"},{"@type":"ListItem","position":5,"name":"Brosch\u00fcren"}]},{"@type":"WebSite","@id":"https:\/\/www.amstelprinting.nl\/de\/#website","url":"https:\/\/www.amstelprinting.nl\/de\/","name":"Amstel Printing","description":"Creating Exposure","publisher":{"@id":"https:\/\/www.amstelprinting.nl\/de\/#organization"},"potentialAction":[{"@type":"SearchAction","target":{"@type":"EntryPoint","urlTemplate":"https:\/\/www.amstelprinting.nl\/de\/?s={search_term_string}"},"query-input":{"@type":"PropertyValueSpecification","valueRequired":true,"valueName":"search_term_string"}}],"inLanguage":"de"},{"@type":"Organization","@id":"https:\/\/www.amstelprinting.nl\/de\/#organization","name":"Amstel Printing","url":"https:\/\/www.amstelprinting.nl\/de\/","logo":{"@type":"ImageObject","inLanguage":"de","@id":"https:\/\/www.amstelprinting.nl\/de\/#\/schema\/logo\/image\/","url":"https:\/\/www.amstelprinting.nl\/wp-content\/uploads\/amstel_printing_logo_clean.png","contentUrl":"https:\/\/www.amstelprinting.nl\/wp-content\/uploads\/amstel_printing_logo_clean.png","width":324,"height":73,"caption":"Amstel Printing"},"image":{"@id":"https:\/\/www.amstelprinting.nl\/de\/#\/schema\/logo\/image\/"}}]}},"_links":{"self":[{"href":"https:\/\/www.amstelprinting.nl\/de\/wp-json\/wp\/v2\/product\/15591","targetHints":{"allow":["GET"]}}],"collection":[{"href":"https:\/\/www.amstelprinting.nl\/de\/wp-json\/wp\/v2\/product"}],"about":[{"href":"https:\/\/www.amstelprinting.nl\/de\/wp-json\/wp\/v2\/types\/product"}],"wp:featuredmedia":[{"embeddable":true,"href":"https:\/\/www.amstelprinting.nl\/de\/wp-json\/wp\/v2\/media\/15593"}],"wp:attachment":[{"href":"https:\/\/www.amstelprinting.nl\/de\/wp-json\/wp\/v2\/media?parent=15591"}],"wp:term":[{"taxonomy":"product_brand","embeddable":true,"href":"https:\/\/www.amstelprinting.nl\/de\/wp-json\/wp\/v2\/product_brand?post=15591"},{"taxonomy":"product_cat","embeddable":true,"href":"https:\/\/www.amstelprinting.nl\/de\/wp-json\/wp\/v2\/product_cat?post=15591"},{"taxonomy":"product_tag","embeddable":true,"href":"https:\/\/www.amstelprinting.nl\/de\/wp-json\/wp\/v2\/product_tag?post=15591"}],"curies":[{"name":"wp","href":"https:\/\/api.w.org\/{rel}","templated":true}]}}