{"id":15606,"date":"2025-01-23T20:45:52","date_gmt":"2025-01-23T19:45:52","guid":{"rendered":"https:\/\/www.amstelprinting.nl\/winkel\/unkategorisiert\/folders\/"},"modified":"2026-02-18T12:54:52","modified_gmt":"2026-02-18T11:54:52","slug":"faltblatter","status":"publish","type":"product","link":"https:\/\/www.amstelprinting.nl\/de\/gesch\u00e4ft\/aufkleber-und-druck\/drucken\/faltblatter\/","title":{"rendered":"Faltbl\u00e4tter"},"content":{"rendered":"<h3>Faltbl\u00e4tter mit eigenem Druck bestellen<\/h3>\n<p>Lassen Sie Ihre Faltbl\u00e4tter professionell in h\u00f6chster Qualit\u00e4t drucken. W\u00e4hlen Sie aus 11 Standardformaten, 3 Papiersorten und 4 Grammaturen. Bestimmen Sie die Falzart selbst, wobei Sie die Wahl aus 7 verschiedenen Optionen haben. Ob Sie 10 oder mehr St\u00fcck ben\u00f6tigen: Dank der digitalen Drucktechnik betr\u00e4gt die Mindestmenge nur 10 St\u00fcck. Dabei werden auch keine Einrichtungskosten berechnet. Der Druck ist zudem von gestochen scharfer Qualit\u00e4t!<\/p>\n<h3>Materialien<\/h3>\n<p>Wir bieten eine Auswahl von 6 hochwertigen Materialien an:<\/p>\n<ul>\n<li><strong>Holzfrei satiniertes MC (Gl\u00e4nzend)<\/strong>: Dieses holzfrei satinierte Material bietet ein gl\u00e4nzendes Finish, das Ihre Designs erstrahlen l\u00e4sst. Erh\u00e4ltlich in Gewichten von 175, 250, 300 und 400 g\/m\u00b2.<\/li>\n<li><strong>Holzfrei halbmattes MC (Silk)<\/strong>: F\u00fcr eine subtile, matte Ausstrahlung ist dieses holzfreie Material die perfekte Wahl. Verf\u00fcgbar in 135, 170, 250, 300 und 400 g\/m\u00b2.<\/li>\n<li><strong>Naturkarton<\/strong>: Dieser glatte holzfreie Karton ist ideal zum Beschreiben und Bestempeln geeignet, mit einem Gewicht von 300 und 350 g\/m\u00b2.<br \/>\n<strong>Biotop Naturel<\/strong>: Ungestrichen und cremefarben bietet dieses Papier eine elegante Ausstrahlung und ist gut beschreib- und bestempelbar, mit einem Gewicht von 250 g\/m\u00b2.<\/li>\n<li><strong>Synaps<\/strong>: Dieses synthetische Material ist rei\u00dffest und wasserbest\u00e4ndig, ideal f\u00fcr Langlebigkeit. Erh\u00e4ltlich in 300 g\/m\u00b2.<\/li>\n<li><strong>YupoBlue<\/strong>: Ein strahlend wei\u00dfes synthetisches Material mit einer gleichm\u00e4\u00dfig matten Oberfl\u00e4che f\u00fcr brillante Farbwiedergabe. Verf\u00fcgbar in 319 g\/m\u00b2.<\/li>\n<\/ul>\n<p>&nbsp;<\/p>\n<h3>Veredelung<\/h3>\n<p>Zudem haben Sie die M\u00f6glichkeit, Ihre Faltbl\u00e4tter f\u00fcr zus\u00e4tzlichen Schutz und ein veredeltes Finish laminieren zu lassen. Wir bieten drei Laminatoptionen an: Glanzlaminat, das Ihren Karten ein brillantes Finish verleiht und vor Besch\u00e4digungen sch\u00fctzt; Mattlaminat, das f\u00fcr ein stilvolles, nicht gl\u00e4nzendes Aussehen mit zus\u00e4tzlichem Schutz sorgt; und Soft-Touch-Mattlaminat, das eine luxuri\u00f6se, weiche Haptik verleiht und Ihren Faltbl\u00e4ttern ein Premium-Gef\u00fchl gibt.<\/p>\n<h3>Beidseitiger Druck<\/h3>\n<p>Unsere Faltbl\u00e4tter k\u00f6nnen beidseitig bedruckt werden, und Sie k\u00f6nnen die Auflage ab 10 St\u00fcck w\u00e4hlen. Dies bietet Ihnen die Flexibilit\u00e4t, genau die Anzahl an Faltbl\u00e4ttern zu bestellen, die Sie ben\u00f6tigen, sei es eine kleine Auflage f\u00fcr eine exklusive Kampagne oder eine gr\u00f6\u00dfere Auflage f\u00fcr ein breites Publikum.<\/p>\n<h3>H\u00e4ufig gestellte Fragen<\/h3>\n<p><strong>K\u00f6nnen alle Materialien beschrieben werden?<\/strong><br \/>\nNein, das Beschreiben ist nur auf ungestrichenen Papiersorten m\u00f6glich. Geeignete ungestrichene Papiersorten sind Sulfatkarton (R\u00fcckseite), HVO wei\u00df, Biotop Naturel und Naturkarton.<\/p>\n<p><strong>Warum ist eine Laminierung bei HVO wei\u00df, Biotop Naturel und Naturkarton nicht m\u00f6glich?<\/strong><br \/>\nAufgrund der Struktur dieser Materialien ist eine Laminierung nicht anwendbar. Zudem w\u00fcrde das Laminat die Eigenschaft, das Papier zu beschreiben, beeintr\u00e4chtigen.<\/p>\n<p><strong>Warum hat sich mein Druckgut gew\u00f6lbt?<\/strong><br \/>\nDies kann die Folge einer einseitigen Laminierung sein. Das Laminat reagiert anders als das Papier, was zu einer W\u00f6lbung f\u00fchren kann. Wir empfehlen, immer beidseitig zu laminieren, um dieses Problem zu vermeiden.<\/p>\n<p><strong>Welche Papiersorten sind f\u00fcr den Au\u00dfenbereich geeignet?<\/strong><br \/>\nUnsere synthetischen Papiersorten wie Synaps und YupoBlue sind besonders f\u00fcr den Au\u00dfeneinsatz geeignet. Diese Materialien sind wasserbest\u00e4ndig und behalten ihre Qualit\u00e4t auch bei Feuchtigkeitseinwirkung bei. Sie sind ideal f\u00fcr Anwendungen wie Speisekarten. Dar\u00fcber hinaus k\u00f6nnen Sie Drucksachen mit einer beidseitigen Laminierung auch vor\u00fcbergehend im Freien verwenden.<\/p>\n","protected":false},"excerpt":{"rendered":"<h3>G\u00fcnstig und schnell Faltbl\u00e4tter drucken<\/h3>\n<p>Lassen Sie Ihre Faltbl\u00e4tter professionell in h\u00f6chster Qualit\u00e4t drucken. W\u00e4hlen Sie aus 11 Standardformaten, 3 Papiersorten und 4 Grammaturen. Bestimmen Sie die Falzart selbst, wobei Sie die Wahl aus 7 verschiedenen Optionen haben. Ob Sie 10 oder mehr St\u00fcck ben\u00f6tigen: Dank der digitalen Drucktechnik betr\u00e4gt die Mindestmenge nur 10 St\u00fcck.<\/p>\n","protected":false},"featured_media":15608,"template":"","meta":{"_et_pb_use_builder":"","_et_pb_old_content":"","_et_gb_content_width":""},"product_brand":[],"product_cat":[313,933],"product_tag":[],"class_list":{"0":"post-15606","1":"product","2":"type-product","3":"status-publish","4":"has-post-thumbnail","6":"product_cat-aufkleber-und-druck","7":"product_cat-drucken","9":"first","10":"instock","11":"taxable","12":"shipping-taxable","13":"purchasable","14":"product-type-simple"},"yoast_head":"<!-- This site is optimized with the Yoast SEO plugin v27.3 - https:\/\/yoast.com\/product\/yoast-seo-wordpress\/ -->\n<title>Professionelle Faltbl\u00e4tter bestellen | Schnelle Lieferung &amp; hohe Qualit\u00e4t<\/title>\n<meta name=\"description\" content=\"Gestalten und bestellen Sie Ihre Faltbl\u00e4tter nach Ma\u00df mit gestochen scharfer Druckqualit\u00e4t ab 10 St\u00fcck ohne Einrichtungskosten. Verschiedene Formate, Papiersorten und luxuri\u00f6se Laminate.\" \/>\n<meta name=\"robots\" content=\"index, follow, max-snippet:-1, max-image-preview:large, max-video-preview:-1\" \/>\n<link rel=\"canonical\" href=\"https:\/\/www.amstelprinting.nl\/de\/gesch\u00e4ft\/aufkleber-und-druck\/drucken\/faltblatter\/\" \/>\n<meta property=\"og:locale\" content=\"de_DE\" \/>\n<meta property=\"og:type\" content=\"article\" \/>\n<meta property=\"og:title\" content=\"Professionelle Faltbl\u00e4tter bestellen | Schnelle Lieferung &amp; hohe Qualit\u00e4t\" \/>\n<meta property=\"og:description\" content=\"Gestalten und bestellen Sie Ihre Faltbl\u00e4tter nach Ma\u00df mit gestochen scharfer Druckqualit\u00e4t ab 10 St\u00fcck ohne Einrichtungskosten. Verschiedene Formate, Papiersorten und luxuri\u00f6se Laminate.\" \/>\n<meta property=\"og:url\" content=\"https:\/\/www.amstelprinting.nl\/de\/gesch\u00e4ft\/aufkleber-und-druck\/drucken\/faltblatter\/\" \/>\n<meta property=\"og:site_name\" content=\"Amstel Printing\" \/>\n<meta property=\"article:modified_time\" content=\"2026-02-18T11:54:52+00:00\" \/>\n<meta property=\"og:image\" content=\"https:\/\/www.amstelprinting.nl\/wp-content\/uploads\/Folders.jpg\" \/>\n\t<meta property=\"og:image:width\" content=\"700\" \/>\n\t<meta property=\"og:image:height\" content=\"700\" \/>\n\t<meta property=\"og:image:type\" content=\"image\/jpeg\" \/>\n<meta name=\"twitter:card\" content=\"summary_large_image\" \/>\n<meta name=\"twitter:label1\" content=\"Gesch\u00e4tzte Lesezeit\" \/>\n\t<meta name=\"twitter:data1\" content=\"3\u00a0Minuten\" \/>\n<script type=\"application\/ld+json\" class=\"yoast-schema-graph\">{\"@context\":\"https:\\\/\\\/schema.org\",\"@graph\":[{\"@type\":\"WebPage\",\"@id\":\"https:\\\/\\\/www.amstelprinting.nl\\\/de\\\/gesch\u00e4ft\\\/aufkleber-und-druck\\\/drucken\\\/faltblatter\\\/\",\"url\":\"https:\\\/\\\/www.amstelprinting.nl\\\/de\\\/gesch\u00e4ft\\\/aufkleber-und-druck\\\/drucken\\\/faltblatter\\\/\",\"name\":\"Professionelle Faltbl\u00e4tter bestellen | Schnelle Lieferung & hohe Qualit\u00e4t\",\"isPartOf\":{\"@id\":\"https:\\\/\\\/www.amstelprinting.nl\\\/de\\\/#website\"},\"primaryImageOfPage\":{\"@id\":\"https:\\\/\\\/www.amstelprinting.nl\\\/de\\\/gesch\u00e4ft\\\/aufkleber-und-druck\\\/drucken\\\/faltblatter\\\/#primaryimage\"},\"image\":{\"@id\":\"https:\\\/\\\/www.amstelprinting.nl\\\/de\\\/gesch\u00e4ft\\\/aufkleber-und-druck\\\/drucken\\\/faltblatter\\\/#primaryimage\"},\"thumbnailUrl\":\"https:\\\/\\\/www.amstelprinting.nl\\\/wp-content\\\/uploads\\\/Folders.jpg\",\"datePublished\":\"2025-01-23T19:45:52+00:00\",\"dateModified\":\"2026-02-18T11:54:52+00:00\",\"description\":\"Gestalten und bestellen Sie Ihre Faltbl\u00e4tter nach Ma\u00df mit gestochen scharfer Druckqualit\u00e4t ab 10 St\u00fcck ohne Einrichtungskosten. Verschiedene Formate, Papiersorten und luxuri\u00f6se Laminate.\",\"breadcrumb\":{\"@id\":\"https:\\\/\\\/www.amstelprinting.nl\\\/de\\\/gesch\u00e4ft\\\/aufkleber-und-druck\\\/drucken\\\/faltblatter\\\/#breadcrumb\"},\"inLanguage\":\"de\",\"potentialAction\":[{\"@type\":\"ReadAction\",\"target\":[\"https:\\\/\\\/www.amstelprinting.nl\\\/de\\\/gesch\u00e4ft\\\/aufkleber-und-druck\\\/drucken\\\/faltblatter\\\/\"]}]},{\"@type\":\"ImageObject\",\"inLanguage\":\"de\",\"@id\":\"https:\\\/\\\/www.amstelprinting.nl\\\/de\\\/gesch\u00e4ft\\\/aufkleber-und-druck\\\/drucken\\\/faltblatter\\\/#primaryimage\",\"url\":\"https:\\\/\\\/www.amstelprinting.nl\\\/wp-content\\\/uploads\\\/Folders.jpg\",\"contentUrl\":\"https:\\\/\\\/www.amstelprinting.nl\\\/wp-content\\\/uploads\\\/Folders.jpg\",\"width\":700,\"height\":700},{\"@type\":\"BreadcrumbList\",\"@id\":\"https:\\\/\\\/www.amstelprinting.nl\\\/de\\\/gesch\u00e4ft\\\/aufkleber-und-druck\\\/drucken\\\/faltblatter\\\/#breadcrumb\",\"itemListElement\":[{\"@type\":\"ListItem\",\"position\":1,\"name\":\"\",\"item\":\"https:\\\/\\\/www.amstelprinting.nl\\\/de\\\/\"},{\"@type\":\"ListItem\",\"position\":2,\"name\":\"Amstel Printing\",\"item\":\"https:\\\/\\\/www.amstelprinting.nl\\\/de\\\/geschaeft\\\/\"},{\"@type\":\"ListItem\",\"position\":3,\"name\":\"Aufkleber und Druck\",\"item\":\"https:\\\/\\\/www.amstelprinting.nl\\\/de\\\/kategorie\\\/aufkleber-und-druck\\\/\"},{\"@type\":\"ListItem\",\"position\":4,\"name\":\"Drucken\",\"item\":\"https:\\\/\\\/www.amstelprinting.nl\\\/de\\\/kategorie\\\/aufkleber-und-druck\\\/drucken\\\/\"},{\"@type\":\"ListItem\",\"position\":5,\"name\":\"Faltbl\u00e4tter\"}]},{\"@type\":\"WebSite\",\"@id\":\"https:\\\/\\\/www.amstelprinting.nl\\\/de\\\/#website\",\"url\":\"https:\\\/\\\/www.amstelprinting.nl\\\/de\\\/\",\"name\":\"Amstel Printing\",\"description\":\"Creating Exposure\",\"publisher\":{\"@id\":\"https:\\\/\\\/www.amstelprinting.nl\\\/de\\\/#organization\"},\"potentialAction\":[{\"@type\":\"SearchAction\",\"target\":{\"@type\":\"EntryPoint\",\"urlTemplate\":\"https:\\\/\\\/www.amstelprinting.nl\\\/de\\\/?s={search_term_string}\"},\"query-input\":{\"@type\":\"PropertyValueSpecification\",\"valueRequired\":true,\"valueName\":\"search_term_string\"}}],\"inLanguage\":\"de\"},{\"@type\":\"Organization\",\"@id\":\"https:\\\/\\\/www.amstelprinting.nl\\\/de\\\/#organization\",\"name\":\"Amstel Printing\",\"url\":\"https:\\\/\\\/www.amstelprinting.nl\\\/de\\\/\",\"logo\":{\"@type\":\"ImageObject\",\"inLanguage\":\"de\",\"@id\":\"https:\\\/\\\/www.amstelprinting.nl\\\/de\\\/#\\\/schema\\\/logo\\\/image\\\/\",\"url\":\"https:\\\/\\\/www.amstelprinting.nl\\\/wp-content\\\/uploads\\\/amstel_printing_logo_clean.png\",\"contentUrl\":\"https:\\\/\\\/www.amstelprinting.nl\\\/wp-content\\\/uploads\\\/amstel_printing_logo_clean.png\",\"width\":324,\"height\":73,\"caption\":\"Amstel Printing\"},\"image\":{\"@id\":\"https:\\\/\\\/www.amstelprinting.nl\\\/de\\\/#\\\/schema\\\/logo\\\/image\\\/\"}}]}<\/script>\n<!-- \/ Yoast SEO plugin. -->","yoast_head_json":{"title":"Professionelle Faltbl\u00e4tter bestellen | Schnelle Lieferung & hohe Qualit\u00e4t","description":"Gestalten und bestellen Sie Ihre Faltbl\u00e4tter nach Ma\u00df mit gestochen scharfer Druckqualit\u00e4t ab 10 St\u00fcck ohne Einrichtungskosten. Verschiedene Formate, Papiersorten und luxuri\u00f6se Laminate.","robots":{"index":"index","follow":"follow","max-snippet":"max-snippet:-1","max-image-preview":"max-image-preview:large","max-video-preview":"max-video-preview:-1"},"canonical":"https:\/\/www.amstelprinting.nl\/de\/gesch\u00e4ft\/aufkleber-und-druck\/drucken\/faltblatter\/","og_locale":"de_DE","og_type":"article","og_title":"Professionelle Faltbl\u00e4tter bestellen | Schnelle Lieferung & hohe Qualit\u00e4t","og_description":"Gestalten und bestellen Sie Ihre Faltbl\u00e4tter nach Ma\u00df mit gestochen scharfer Druckqualit\u00e4t ab 10 St\u00fcck ohne Einrichtungskosten. Verschiedene Formate, Papiersorten und luxuri\u00f6se Laminate.","og_url":"https:\/\/www.amstelprinting.nl\/de\/gesch\u00e4ft\/aufkleber-und-druck\/drucken\/faltblatter\/","og_site_name":"Amstel Printing","article_modified_time":"2026-02-18T11:54:52+00:00","og_image":[{"width":700,"height":700,"url":"https:\/\/www.amstelprinting.nl\/wp-content\/uploads\/Folders.jpg","type":"image\/jpeg"}],"twitter_card":"summary_large_image","twitter_misc":{"Gesch\u00e4tzte Lesezeit":"3\u00a0Minuten"},"schema":{"@context":"https:\/\/schema.org","@graph":[{"@type":"WebPage","@id":"https:\/\/www.amstelprinting.nl\/de\/gesch\u00e4ft\/aufkleber-und-druck\/drucken\/faltblatter\/","url":"https:\/\/www.amstelprinting.nl\/de\/gesch\u00e4ft\/aufkleber-und-druck\/drucken\/faltblatter\/","name":"Professionelle Faltbl\u00e4tter bestellen | Schnelle Lieferung & hohe Qualit\u00e4t","isPartOf":{"@id":"https:\/\/www.amstelprinting.nl\/de\/#website"},"primaryImageOfPage":{"@id":"https:\/\/www.amstelprinting.nl\/de\/gesch\u00e4ft\/aufkleber-und-druck\/drucken\/faltblatter\/#primaryimage"},"image":{"@id":"https:\/\/www.amstelprinting.nl\/de\/gesch\u00e4ft\/aufkleber-und-druck\/drucken\/faltblatter\/#primaryimage"},"thumbnailUrl":"https:\/\/www.amstelprinting.nl\/wp-content\/uploads\/Folders.jpg","datePublished":"2025-01-23T19:45:52+00:00","dateModified":"2026-02-18T11:54:52+00:00","description":"Gestalten und bestellen Sie Ihre Faltbl\u00e4tter nach Ma\u00df mit gestochen scharfer Druckqualit\u00e4t ab 10 St\u00fcck ohne Einrichtungskosten. Verschiedene Formate, Papiersorten und luxuri\u00f6se Laminate.","breadcrumb":{"@id":"https:\/\/www.amstelprinting.nl\/de\/gesch\u00e4ft\/aufkleber-und-druck\/drucken\/faltblatter\/#breadcrumb"},"inLanguage":"de","potentialAction":[{"@type":"ReadAction","target":["https:\/\/www.amstelprinting.nl\/de\/gesch\u00e4ft\/aufkleber-und-druck\/drucken\/faltblatter\/"]}]},{"@type":"ImageObject","inLanguage":"de","@id":"https:\/\/www.amstelprinting.nl\/de\/gesch\u00e4ft\/aufkleber-und-druck\/drucken\/faltblatter\/#primaryimage","url":"https:\/\/www.amstelprinting.nl\/wp-content\/uploads\/Folders.jpg","contentUrl":"https:\/\/www.amstelprinting.nl\/wp-content\/uploads\/Folders.jpg","width":700,"height":700},{"@type":"BreadcrumbList","@id":"https:\/\/www.amstelprinting.nl\/de\/gesch\u00e4ft\/aufkleber-und-druck\/drucken\/faltblatter\/#breadcrumb","itemListElement":[{"@type":"ListItem","position":1,"name":"","item":"https:\/\/www.amstelprinting.nl\/de\/"},{"@type":"ListItem","position":2,"name":"Amstel Printing","item":"https:\/\/www.amstelprinting.nl\/de\/geschaeft\/"},{"@type":"ListItem","position":3,"name":"Aufkleber und Druck","item":"https:\/\/www.amstelprinting.nl\/de\/kategorie\/aufkleber-und-druck\/"},{"@type":"ListItem","position":4,"name":"Drucken","item":"https:\/\/www.amstelprinting.nl\/de\/kategorie\/aufkleber-und-druck\/drucken\/"},{"@type":"ListItem","position":5,"name":"Faltbl\u00e4tter"}]},{"@type":"WebSite","@id":"https:\/\/www.amstelprinting.nl\/de\/#website","url":"https:\/\/www.amstelprinting.nl\/de\/","name":"Amstel Printing","description":"Creating Exposure","publisher":{"@id":"https:\/\/www.amstelprinting.nl\/de\/#organization"},"potentialAction":[{"@type":"SearchAction","target":{"@type":"EntryPoint","urlTemplate":"https:\/\/www.amstelprinting.nl\/de\/?s={search_term_string}"},"query-input":{"@type":"PropertyValueSpecification","valueRequired":true,"valueName":"search_term_string"}}],"inLanguage":"de"},{"@type":"Organization","@id":"https:\/\/www.amstelprinting.nl\/de\/#organization","name":"Amstel Printing","url":"https:\/\/www.amstelprinting.nl\/de\/","logo":{"@type":"ImageObject","inLanguage":"de","@id":"https:\/\/www.amstelprinting.nl\/de\/#\/schema\/logo\/image\/","url":"https:\/\/www.amstelprinting.nl\/wp-content\/uploads\/amstel_printing_logo_clean.png","contentUrl":"https:\/\/www.amstelprinting.nl\/wp-content\/uploads\/amstel_printing_logo_clean.png","width":324,"height":73,"caption":"Amstel Printing"},"image":{"@id":"https:\/\/www.amstelprinting.nl\/de\/#\/schema\/logo\/image\/"}}]}},"_links":{"self":[{"href":"https:\/\/www.amstelprinting.nl\/de\/wp-json\/wp\/v2\/product\/15606","targetHints":{"allow":["GET"]}}],"collection":[{"href":"https:\/\/www.amstelprinting.nl\/de\/wp-json\/wp\/v2\/product"}],"about":[{"href":"https:\/\/www.amstelprinting.nl\/de\/wp-json\/wp\/v2\/types\/product"}],"wp:featuredmedia":[{"embeddable":true,"href":"https:\/\/www.amstelprinting.nl\/de\/wp-json\/wp\/v2\/media\/15608"}],"wp:attachment":[{"href":"https:\/\/www.amstelprinting.nl\/de\/wp-json\/wp\/v2\/media?parent=15606"}],"wp:term":[{"taxonomy":"product_brand","embeddable":true,"href":"https:\/\/www.amstelprinting.nl\/de\/wp-json\/wp\/v2\/product_brand?post=15606"},{"taxonomy":"product_cat","embeddable":true,"href":"https:\/\/www.amstelprinting.nl\/de\/wp-json\/wp\/v2\/product_cat?post=15606"},{"taxonomy":"product_tag","embeddable":true,"href":"https:\/\/www.amstelprinting.nl\/de\/wp-json\/wp\/v2\/product_tag?post=15606"}],"curies":[{"name":"wp","href":"https:\/\/api.w.org\/{rel}","templated":true}]}}