{"id":15621,"date":"2025-01-23T20:45:41","date_gmt":"2025-01-23T19:45:41","guid":{"rendered":"https:\/\/www.amstelprinting.nl\/winkel\/unkategorisiert\/menukaarten\/"},"modified":"2026-02-18T12:54:52","modified_gmt":"2026-02-18T11:54:52","slug":"speisekarten","status":"publish","type":"product","link":"https:\/\/www.amstelprinting.nl\/de\/gesch\u00e4ft\/aufkleber-und-druck\/drucken\/speisekarten\/","title":{"rendered":"Speisekarten"},"content":{"rendered":"<h2>Speisekarten drucken<\/h2>\n<p>F\u00fcr zum Mitnehmen, zum Essen vor Ort oder eine \u00dcbersicht der verf\u00fcgbaren Getr\u00e4nke und Snacks. Speisekarten sind das effektive Mittel, um hungrige (oder durstige) Kunden zu verf\u00fchren. Ob es darum geht, Passanten in einer belebten Stra\u00dfe anzuziehen, oder ob Sie zwischen den Abholmen\u00fcs auf dem K\u00fcchentisch auffallen m\u00f6chten, unsere bedruckten Speisekarten sorgen daf\u00fcr, dass Kunden Appetit bekommen.<\/p>\n<h3>Formate und Materialien<\/h3>\n<p>Wir bieten Speisekarten in sieben Formaten an und Sie haben die Wahl zwischen einer einfach gefalteten oder ungefalteten Karte. Sie haben die Wahl aus einer Selektion von sechs hochwertigen Materialien:<\/p>\n<ul>\n<li><strong>HV satiniertes MC (Glanz)<\/strong>: Dieses holzfrei satinierte Material bietet ein gl\u00e4nzendes Finish, das Ihre Designs zum Strahlen bringt. Erh\u00e4ltlich in Grammaturen von 250, 300 und 400 g\/m\u00b2.<\/li>\n<li><strong>HV halbmatt MC (Silk)<\/strong>: F\u00fcr eine subtile, matte Ausstrahlung ist dieses holzfreie Material die perfekte Wahl. Verf\u00fcgbar in 250, 300 und 400 g\/m\u00b2.<\/li>\n<li><strong>Naturkarton<\/strong>: Dieser glatte, holzfreie Karton ist ideal zum Beschreiben und Bestempeln, mit einem Gewicht von 300 und 350 g\/m\u00b2.<\/li>\n<li><strong>Biotop Naturel<\/strong>: Ungestrichen und cremefarben, dieses Papier bietet eine elegante Ausstrahlung und l\u00e4sst sich gut beschreiben und bestempeln, mit einem Gewicht von 250 g\/m\u00b2.<\/li>\n<li><strong>Synaps<\/strong>: Dieses synthetische Material ist rei\u00dffest und wasserbest\u00e4ndig, ideal f\u00fcr die Langlebigkeit. Erh\u00e4ltlich in 300 g\/m\u00b2.<\/li>\n<li><strong>YupoBlue<\/strong>: Ein strahlend wei\u00dfes synthetisches Material mit einer gleichm\u00e4\u00dfig matten Oberfl\u00e4che f\u00fcr brillante Farbwiedergabe. Verf\u00fcgbar in 319 g\/m\u00b2.<\/li>\n<\/ul>\n<p>&nbsp;<\/p>\n<h3>Laminieren: f\u00fcr zus\u00e4tzlichen Schutz<\/h3>\n<p>Zudem haben Sie die M\u00f6glichkeit, Ihre Speisekarten laminieren zu lassen, was f\u00fcr zus\u00e4tzlichen Schutz und ein veredeltes Finish sorgt. Wir bieten drei Laminieroptionen an: Glanzlaminat verleiht Ihren Speisekarten ein brillantes Finish und sch\u00fctzt vor Besch\u00e4digungen. Mattlaminat sorgt f\u00fcr eine stilvolle, nicht gl\u00e4nzende Optik und bietet zus\u00e4tzlichen Schutz gegen Verschlei\u00df. Soft-Touch-Mattlaminat f\u00fcgt eine luxuri\u00f6se, weiche Textur hinzu und verleiht Ihren Speisekarten ein Premium-Gef\u00fchl, w\u00e4hrend sie gegen den t\u00e4glichen Gebrauch gut gesch\u00fctzt bleiben.<\/p>\n<h3>Doppelseitiger Druck<\/h3>\n<p>Unsere Speisekarten werden doppelseitig gedruckt, sodass Sie den Platz optimal nutzen k\u00f6nnen. Sie k\u00f6nnen die Auflage ab 10 St\u00fcck w\u00e4hlen, was Ihnen die Flexibilit\u00e4t gibt, genau die Menge zu bestellen, die Sie ben\u00f6tigen, egal ob es sich um eine kleine Menge f\u00fcr einen besonderen Anlass oder eine gr\u00f6\u00dfere Auflage f\u00fcr den t\u00e4glichen Gebrauch handelt.<br \/>\nVerwandeln Sie Ihre Men\u00fcpr\u00e4sentation mit unseren ma\u00dfgeschneiderten Speisekarten. Wir helfen Ihnen gerne dabei, ein Men\u00fc zu kreieren, das Eindruck hinterl\u00e4sst und Ihren G\u00e4sten ein unvergessliches Erlebnis bietet.<\/p>\n<h3>H\u00e4ufig gestellte Fragen<\/h3>\n<p><strong>K\u00f6nnen alle Materialien beschrieben werden?<\/strong><br \/>\nNein, das Beschreiben ist nur auf ungestrichenen Papiersorten m\u00f6glich. Geeignete ungestrichene Papiersorten sind Biotop Naturel und Naturkarton.<\/p>\n<p><strong>Warum ist Laminierung bei Biotop Naturel und Naturkarton nicht m\u00f6glich?<\/strong><br \/>\nAufgrund der Struktur dieser Materialien ist eine Laminierung nicht anwendbar. Zudem w\u00fcrde die Laminierung die Eigenschaft, auf dem Papier zu schreiben, beeintr\u00e4chtigen.<\/p>\n<p><strong>Warum hat sich meine Drucksache gew\u00f6lbt?<\/strong><br \/>\nDies kann die Folge sein, wenn man sich f\u00fcr ein einseitiges Laminat entscheidet. Das Laminat reagiert anders als das Papier, was zu einer W\u00f6lbung f\u00fchren kann. Wir empfehlen, immer beidseitig zu laminieren, um dieses Problem zu vermeiden.<\/p>\n<p><strong>Welche Papiersorten sind f\u00fcr den Au\u00dfenbereich geeignet?<\/strong><br \/>\nUnsere synthetischen Papiersorten wie Synaps und YupoBlue sind besonders f\u00fcr den Au\u00dfenbereich geeignet. Diese Materialien sind wasserbest\u00e4ndig und behalten ihre Qualit\u00e4t auch bei Feuchtigkeit. Sie sind ideal f\u00fcr Anwendungen wie Speisekarten. Zudem k\u00f6nnen Sie Drucksachen mit einer beidseitigen Laminierung auch vor\u00fcbergehend im Freien verwenden.<\/p>\n","protected":false},"excerpt":{"rendered":"<h3>Speisekarten drucken. Ihr Design messerscharf gedruckt.<\/h3>\n<p>Der perfekte Weg, um Ihr Men\u00fc zu pr\u00e4sentieren. Egal, ob Sie ein Restaurant, ein Caf\u00e9 oder ein Catering-Unternehmen f\u00fchren: G\u00fcnstige Speisekarten drucken Sie bei Amstel Printing. Ganz im eigenen Format. Bereits ab 10 St\u00fcck lieferbar. Stellen Sie unten Ihre Speisekarten in wenigen Schritten zusammen.<\/p>\n","protected":false},"featured_media":15623,"template":"","meta":{"_et_pb_use_builder":"","_et_pb_old_content":"","_et_gb_content_width":""},"product_brand":[],"product_cat":[313,933],"product_tag":[],"class_list":{"0":"post-15621","1":"product","2":"type-product","3":"status-publish","4":"has-post-thumbnail","6":"product_cat-aufkleber-und-druck","7":"product_cat-drucken","9":"first","10":"instock","11":"taxable","12":"shipping-taxable","13":"purchasable","14":"product-type-simple"},"yoast_head":"<!-- This site is optimized with the Yoast SEO plugin v27.3 - https:\/\/yoast.com\/product\/yoast-seo-wordpress\/ -->\n<title>Speisekarten nach Ma\u00df \u2013 Schnelle Lieferung und Premium-Qualit\u00e4t<\/title>\n<meta name=\"description\" content=\"Ma\u00dfgeschneiderte Speisekarten ab 10 St\u00fcck. W\u00e4hlen Sie aus verschiedenen hochwertigen Materialien und schneller Lieferung. Perfekt f\u00fcr Gastronomie, Events und Catering.\" \/>\n<meta name=\"robots\" content=\"index, follow, max-snippet:-1, max-image-preview:large, max-video-preview:-1\" \/>\n<link rel=\"canonical\" href=\"https:\/\/www.amstelprinting.nl\/de\/gesch\u00e4ft\/aufkleber-und-druck\/drucken\/speisekarten\/\" \/>\n<meta property=\"og:locale\" content=\"de_DE\" \/>\n<meta property=\"og:type\" content=\"article\" \/>\n<meta property=\"og:title\" content=\"Speisekarten nach Ma\u00df \u2013 Schnelle Lieferung und Premium-Qualit\u00e4t\" \/>\n<meta property=\"og:description\" content=\"Ma\u00dfgeschneiderte Speisekarten ab 10 St\u00fcck. W\u00e4hlen Sie aus verschiedenen hochwertigen Materialien und schneller Lieferung. Perfekt f\u00fcr Gastronomie, Events und Catering.\" \/>\n<meta property=\"og:url\" content=\"https:\/\/www.amstelprinting.nl\/de\/gesch\u00e4ft\/aufkleber-und-druck\/drucken\/speisekarten\/\" \/>\n<meta property=\"og:site_name\" content=\"Amstel Printing\" \/>\n<meta property=\"article:modified_time\" content=\"2026-02-18T11:54:52+00:00\" \/>\n<meta property=\"og:image\" content=\"https:\/\/www.amstelprinting.nl\/wp-content\/uploads\/menukaarten-bedrukken4.jpg\" \/>\n\t<meta property=\"og:image:width\" content=\"1000\" \/>\n\t<meta property=\"og:image:height\" content=\"759\" \/>\n\t<meta property=\"og:image:type\" content=\"image\/jpeg\" \/>\n<meta name=\"twitter:card\" content=\"summary_large_image\" \/>\n<meta name=\"twitter:label1\" content=\"Gesch\u00e4tzte Lesezeit\" \/>\n\t<meta name=\"twitter:data1\" content=\"3\u00a0Minuten\" \/>\n<script type=\"application\/ld+json\" class=\"yoast-schema-graph\">{\"@context\":\"https:\\\/\\\/schema.org\",\"@graph\":[{\"@type\":\"WebPage\",\"@id\":\"https:\\\/\\\/www.amstelprinting.nl\\\/de\\\/gesch\u00e4ft\\\/aufkleber-und-druck\\\/drucken\\\/speisekarten\\\/\",\"url\":\"https:\\\/\\\/www.amstelprinting.nl\\\/de\\\/gesch\u00e4ft\\\/aufkleber-und-druck\\\/drucken\\\/speisekarten\\\/\",\"name\":\"Speisekarten nach Ma\u00df \u2013 Schnelle Lieferung und Premium-Qualit\u00e4t\",\"isPartOf\":{\"@id\":\"https:\\\/\\\/www.amstelprinting.nl\\\/de\\\/#website\"},\"primaryImageOfPage\":{\"@id\":\"https:\\\/\\\/www.amstelprinting.nl\\\/de\\\/gesch\u00e4ft\\\/aufkleber-und-druck\\\/drucken\\\/speisekarten\\\/#primaryimage\"},\"image\":{\"@id\":\"https:\\\/\\\/www.amstelprinting.nl\\\/de\\\/gesch\u00e4ft\\\/aufkleber-und-druck\\\/drucken\\\/speisekarten\\\/#primaryimage\"},\"thumbnailUrl\":\"https:\\\/\\\/www.amstelprinting.nl\\\/wp-content\\\/uploads\\\/menukaarten-bedrukken4.jpg\",\"datePublished\":\"2025-01-23T19:45:41+00:00\",\"dateModified\":\"2026-02-18T11:54:52+00:00\",\"description\":\"Ma\u00dfgeschneiderte Speisekarten ab 10 St\u00fcck. W\u00e4hlen Sie aus verschiedenen hochwertigen Materialien und schneller Lieferung. Perfekt f\u00fcr Gastronomie, Events und Catering.\",\"breadcrumb\":{\"@id\":\"https:\\\/\\\/www.amstelprinting.nl\\\/de\\\/gesch\u00e4ft\\\/aufkleber-und-druck\\\/drucken\\\/speisekarten\\\/#breadcrumb\"},\"inLanguage\":\"de\",\"potentialAction\":[{\"@type\":\"ReadAction\",\"target\":[\"https:\\\/\\\/www.amstelprinting.nl\\\/de\\\/gesch\u00e4ft\\\/aufkleber-und-druck\\\/drucken\\\/speisekarten\\\/\"]}]},{\"@type\":\"ImageObject\",\"inLanguage\":\"de\",\"@id\":\"https:\\\/\\\/www.amstelprinting.nl\\\/de\\\/gesch\u00e4ft\\\/aufkleber-und-druck\\\/drucken\\\/speisekarten\\\/#primaryimage\",\"url\":\"https:\\\/\\\/www.amstelprinting.nl\\\/wp-content\\\/uploads\\\/menukaarten-bedrukken4.jpg\",\"contentUrl\":\"https:\\\/\\\/www.amstelprinting.nl\\\/wp-content\\\/uploads\\\/menukaarten-bedrukken4.jpg\",\"width\":1000,\"height\":759},{\"@type\":\"BreadcrumbList\",\"@id\":\"https:\\\/\\\/www.amstelprinting.nl\\\/de\\\/gesch\u00e4ft\\\/aufkleber-und-druck\\\/drucken\\\/speisekarten\\\/#breadcrumb\",\"itemListElement\":[{\"@type\":\"ListItem\",\"position\":1,\"name\":\"\",\"item\":\"https:\\\/\\\/www.amstelprinting.nl\\\/de\\\/\"},{\"@type\":\"ListItem\",\"position\":2,\"name\":\"Amstel Printing\",\"item\":\"https:\\\/\\\/www.amstelprinting.nl\\\/de\\\/geschaeft\\\/\"},{\"@type\":\"ListItem\",\"position\":3,\"name\":\"Aufkleber und Druck\",\"item\":\"https:\\\/\\\/www.amstelprinting.nl\\\/de\\\/kategorie\\\/aufkleber-und-druck\\\/\"},{\"@type\":\"ListItem\",\"position\":4,\"name\":\"Drucken\",\"item\":\"https:\\\/\\\/www.amstelprinting.nl\\\/de\\\/kategorie\\\/aufkleber-und-druck\\\/drucken\\\/\"},{\"@type\":\"ListItem\",\"position\":5,\"name\":\"Speisekarten\"}]},{\"@type\":\"WebSite\",\"@id\":\"https:\\\/\\\/www.amstelprinting.nl\\\/de\\\/#website\",\"url\":\"https:\\\/\\\/www.amstelprinting.nl\\\/de\\\/\",\"name\":\"Amstel Printing\",\"description\":\"Creating Exposure\",\"publisher\":{\"@id\":\"https:\\\/\\\/www.amstelprinting.nl\\\/de\\\/#organization\"},\"potentialAction\":[{\"@type\":\"SearchAction\",\"target\":{\"@type\":\"EntryPoint\",\"urlTemplate\":\"https:\\\/\\\/www.amstelprinting.nl\\\/de\\\/?s={search_term_string}\"},\"query-input\":{\"@type\":\"PropertyValueSpecification\",\"valueRequired\":true,\"valueName\":\"search_term_string\"}}],\"inLanguage\":\"de\"},{\"@type\":\"Organization\",\"@id\":\"https:\\\/\\\/www.amstelprinting.nl\\\/de\\\/#organization\",\"name\":\"Amstel Printing\",\"url\":\"https:\\\/\\\/www.amstelprinting.nl\\\/de\\\/\",\"logo\":{\"@type\":\"ImageObject\",\"inLanguage\":\"de\",\"@id\":\"https:\\\/\\\/www.amstelprinting.nl\\\/de\\\/#\\\/schema\\\/logo\\\/image\\\/\",\"url\":\"https:\\\/\\\/www.amstelprinting.nl\\\/wp-content\\\/uploads\\\/amstel_printing_logo_clean.png\",\"contentUrl\":\"https:\\\/\\\/www.amstelprinting.nl\\\/wp-content\\\/uploads\\\/amstel_printing_logo_clean.png\",\"width\":324,\"height\":73,\"caption\":\"Amstel Printing\"},\"image\":{\"@id\":\"https:\\\/\\\/www.amstelprinting.nl\\\/de\\\/#\\\/schema\\\/logo\\\/image\\\/\"}}]}<\/script>\n<!-- \/ Yoast SEO plugin. -->","yoast_head_json":{"title":"Speisekarten nach Ma\u00df \u2013 Schnelle Lieferung und Premium-Qualit\u00e4t","description":"Ma\u00dfgeschneiderte Speisekarten ab 10 St\u00fcck. W\u00e4hlen Sie aus verschiedenen hochwertigen Materialien und schneller Lieferung. Perfekt f\u00fcr Gastronomie, Events und Catering.","robots":{"index":"index","follow":"follow","max-snippet":"max-snippet:-1","max-image-preview":"max-image-preview:large","max-video-preview":"max-video-preview:-1"},"canonical":"https:\/\/www.amstelprinting.nl\/de\/gesch\u00e4ft\/aufkleber-und-druck\/drucken\/speisekarten\/","og_locale":"de_DE","og_type":"article","og_title":"Speisekarten nach Ma\u00df \u2013 Schnelle Lieferung und Premium-Qualit\u00e4t","og_description":"Ma\u00dfgeschneiderte Speisekarten ab 10 St\u00fcck. W\u00e4hlen Sie aus verschiedenen hochwertigen Materialien und schneller Lieferung. Perfekt f\u00fcr Gastronomie, Events und Catering.","og_url":"https:\/\/www.amstelprinting.nl\/de\/gesch\u00e4ft\/aufkleber-und-druck\/drucken\/speisekarten\/","og_site_name":"Amstel Printing","article_modified_time":"2026-02-18T11:54:52+00:00","og_image":[{"width":1000,"height":759,"url":"https:\/\/www.amstelprinting.nl\/wp-content\/uploads\/menukaarten-bedrukken4.jpg","type":"image\/jpeg"}],"twitter_card":"summary_large_image","twitter_misc":{"Gesch\u00e4tzte Lesezeit":"3\u00a0Minuten"},"schema":{"@context":"https:\/\/schema.org","@graph":[{"@type":"WebPage","@id":"https:\/\/www.amstelprinting.nl\/de\/gesch\u00e4ft\/aufkleber-und-druck\/drucken\/speisekarten\/","url":"https:\/\/www.amstelprinting.nl\/de\/gesch\u00e4ft\/aufkleber-und-druck\/drucken\/speisekarten\/","name":"Speisekarten nach Ma\u00df \u2013 Schnelle Lieferung und Premium-Qualit\u00e4t","isPartOf":{"@id":"https:\/\/www.amstelprinting.nl\/de\/#website"},"primaryImageOfPage":{"@id":"https:\/\/www.amstelprinting.nl\/de\/gesch\u00e4ft\/aufkleber-und-druck\/drucken\/speisekarten\/#primaryimage"},"image":{"@id":"https:\/\/www.amstelprinting.nl\/de\/gesch\u00e4ft\/aufkleber-und-druck\/drucken\/speisekarten\/#primaryimage"},"thumbnailUrl":"https:\/\/www.amstelprinting.nl\/wp-content\/uploads\/menukaarten-bedrukken4.jpg","datePublished":"2025-01-23T19:45:41+00:00","dateModified":"2026-02-18T11:54:52+00:00","description":"Ma\u00dfgeschneiderte Speisekarten ab 10 St\u00fcck. W\u00e4hlen Sie aus verschiedenen hochwertigen Materialien und schneller Lieferung. Perfekt f\u00fcr Gastronomie, Events und Catering.","breadcrumb":{"@id":"https:\/\/www.amstelprinting.nl\/de\/gesch\u00e4ft\/aufkleber-und-druck\/drucken\/speisekarten\/#breadcrumb"},"inLanguage":"de","potentialAction":[{"@type":"ReadAction","target":["https:\/\/www.amstelprinting.nl\/de\/gesch\u00e4ft\/aufkleber-und-druck\/drucken\/speisekarten\/"]}]},{"@type":"ImageObject","inLanguage":"de","@id":"https:\/\/www.amstelprinting.nl\/de\/gesch\u00e4ft\/aufkleber-und-druck\/drucken\/speisekarten\/#primaryimage","url":"https:\/\/www.amstelprinting.nl\/wp-content\/uploads\/menukaarten-bedrukken4.jpg","contentUrl":"https:\/\/www.amstelprinting.nl\/wp-content\/uploads\/menukaarten-bedrukken4.jpg","width":1000,"height":759},{"@type":"BreadcrumbList","@id":"https:\/\/www.amstelprinting.nl\/de\/gesch\u00e4ft\/aufkleber-und-druck\/drucken\/speisekarten\/#breadcrumb","itemListElement":[{"@type":"ListItem","position":1,"name":"","item":"https:\/\/www.amstelprinting.nl\/de\/"},{"@type":"ListItem","position":2,"name":"Amstel Printing","item":"https:\/\/www.amstelprinting.nl\/de\/geschaeft\/"},{"@type":"ListItem","position":3,"name":"Aufkleber und Druck","item":"https:\/\/www.amstelprinting.nl\/de\/kategorie\/aufkleber-und-druck\/"},{"@type":"ListItem","position":4,"name":"Drucken","item":"https:\/\/www.amstelprinting.nl\/de\/kategorie\/aufkleber-und-druck\/drucken\/"},{"@type":"ListItem","position":5,"name":"Speisekarten"}]},{"@type":"WebSite","@id":"https:\/\/www.amstelprinting.nl\/de\/#website","url":"https:\/\/www.amstelprinting.nl\/de\/","name":"Amstel Printing","description":"Creating Exposure","publisher":{"@id":"https:\/\/www.amstelprinting.nl\/de\/#organization"},"potentialAction":[{"@type":"SearchAction","target":{"@type":"EntryPoint","urlTemplate":"https:\/\/www.amstelprinting.nl\/de\/?s={search_term_string}"},"query-input":{"@type":"PropertyValueSpecification","valueRequired":true,"valueName":"search_term_string"}}],"inLanguage":"de"},{"@type":"Organization","@id":"https:\/\/www.amstelprinting.nl\/de\/#organization","name":"Amstel Printing","url":"https:\/\/www.amstelprinting.nl\/de\/","logo":{"@type":"ImageObject","inLanguage":"de","@id":"https:\/\/www.amstelprinting.nl\/de\/#\/schema\/logo\/image\/","url":"https:\/\/www.amstelprinting.nl\/wp-content\/uploads\/amstel_printing_logo_clean.png","contentUrl":"https:\/\/www.amstelprinting.nl\/wp-content\/uploads\/amstel_printing_logo_clean.png","width":324,"height":73,"caption":"Amstel Printing"},"image":{"@id":"https:\/\/www.amstelprinting.nl\/de\/#\/schema\/logo\/image\/"}}]}},"_links":{"self":[{"href":"https:\/\/www.amstelprinting.nl\/de\/wp-json\/wp\/v2\/product\/15621","targetHints":{"allow":["GET"]}}],"collection":[{"href":"https:\/\/www.amstelprinting.nl\/de\/wp-json\/wp\/v2\/product"}],"about":[{"href":"https:\/\/www.amstelprinting.nl\/de\/wp-json\/wp\/v2\/types\/product"}],"wp:featuredmedia":[{"embeddable":true,"href":"https:\/\/www.amstelprinting.nl\/de\/wp-json\/wp\/v2\/media\/15623"}],"wp:attachment":[{"href":"https:\/\/www.amstelprinting.nl\/de\/wp-json\/wp\/v2\/media?parent=15621"}],"wp:term":[{"taxonomy":"product_brand","embeddable":true,"href":"https:\/\/www.amstelprinting.nl\/de\/wp-json\/wp\/v2\/product_brand?post=15621"},{"taxonomy":"product_cat","embeddable":true,"href":"https:\/\/www.amstelprinting.nl\/de\/wp-json\/wp\/v2\/product_cat?post=15621"},{"taxonomy":"product_tag","embeddable":true,"href":"https:\/\/www.amstelprinting.nl\/de\/wp-json\/wp\/v2\/product_tag?post=15621"}],"curies":[{"name":"wp","href":"https:\/\/api.w.org\/{rel}","templated":true}]}}