{"id":15634,"date":"2025-01-23T20:45:25","date_gmt":"2025-01-23T19:45:25","guid":{"rendered":"https:\/\/www.amstelprinting.nl\/winkel\/unkategorisiert\/kerstkaarten-2\/"},"modified":"2026-02-18T12:54:53","modified_gmt":"2026-02-18T11:54:53","slug":"weihnachtskarten","status":"publish","type":"product","link":"https:\/\/www.amstelprinting.nl\/de\/gesch\u00e4ft\/aufkleber-und-druck\/drucken\/weihnachtskarten\/","title":{"rendered":"Weihnachtskarten"},"content":{"rendered":"<h3>Weihnachtskarten drucken<\/h3>\n<p>Machen Sie Ihre Weihnachtsw\u00fcnsche mit unseren ma\u00dfgeschneiderten Weihnachtskarten zu etwas ganz Besonderem. Erh\u00e4ltlich in nicht weniger als neun Formaten und sowohl in einer einfach gefalteten Variante als auch in einer ungefalteten Option, bieten wir eine gro\u00dfe Auswahl, um all Ihren W\u00fcnschen gerecht zu werden.<\/p>\n<h3>Vorteile<\/h3>\n<ul>\n<li>Einseitiger oder doppelseitiger Druck<\/li>\n<li>Erh\u00e4ltlich in verschiedenen Formaten und Papiersorten<\/li>\n<li>Option zur Laminierung f\u00fcr zus\u00e4tzlichen Schutz<\/li>\n<\/ul>\n<p>&nbsp;<\/p>\n<h3>Materialien<\/h3>\n<p>Unsere Weihnachtskarten sind in sieben Materialien erh\u00e4ltlich:<\/p>\n<ul>\n<li><strong>Hfr. satiniertes MC (Gl\u00e4nzend)<\/strong>: Dieses holzfrei satinierte Material bietet ein gl\u00e4nzendes Finish, das Ihre Designs zum Strahlen bringt. Erh\u00e4ltlich in Grammaturen von 250, 300 und 400 g\/m\u00b2.<\/li>\n<li><strong>Hfr. halbmatt MC (Silk)<\/strong>: F\u00fcr ein dezentes, mattes Erscheinungsbild ist dieses holzfreie Material die perfekte Wahl. Verf\u00fcgbar in 250, 300 und 400 g\/m\u00b2.<\/li>\n<li><strong>Naturkarton<\/strong>: Dieser glatte, holzfreie Karton ist ideal zum Beschreiben und Bestempeln geeignet, mit einem Gewicht von 300 und 350 g\/m\u00b2.<\/li>\n<li><strong>Biotop Naturel<\/strong>: Ungestrichen und cremefarben bietet dieses Papier eine elegante Ausstrahlung und l\u00e4sst sich gut beschreiben und bestempeln, mit einem Gewicht von 250 g\/m\u00b2.<\/li>\n<li><strong>Sulfatkarton<\/strong>: Mit einer gestrichenen Vorderseite f\u00fcr einen sch\u00f6nen Seidenglanz und einer ungestrichenen R\u00fcckseite zum Schreiben und Stempeln. Erh\u00e4ltlich in 260 und 300 g\/m\u00b2.<\/li>\n<li><strong>Synaps<\/strong>: Dieses synthetische Material ist rei\u00dffest und wasserbest\u00e4ndig, ideal f\u00fcr Langlebigkeit. Erh\u00e4ltlich in 300 g\/m\u00b2.<\/li>\n<li><strong>YupoBlue<\/strong>: Ein strahlend wei\u00dfes synthetisches Material mit einer ebenm\u00e4\u00dfigen, matten Oberfl\u00e4che f\u00fcr brillante Farbwiedergabe. Verf\u00fcgbar in 319 g\/m\u00b2.<\/li>\n<\/ul>\n<p>Sie k\u00f6nnen zwischen dem Druck auf der Vorderseite oder auf der Vorder- und R\u00fcckseite Ihrer Weihnachtskarten w\u00e4hlen, sodass Sie ausreichend Platz haben, um Ihre Botschaft perfekt zu \u00fcbermitteln.<\/p>\n<h3>Veredelung (Laminierung)<\/h3>\n<p>Dar\u00fcber hinaus haben Sie die M\u00f6glichkeit, Ihre Weihnachtskarten laminieren zu lassen, was f\u00fcr zus\u00e4tzlichen Schutz und ein edles Finish sorgt. Wir bieten drei Laminieroptionen an: Glanzlaminat verleiht Ihren Weihnachtskarten ein gl\u00e4nzendes Finish und sch\u00fctzt vor Besch\u00e4digungen. Mattlaminat sorgt f\u00fcr ein stilvolles, nicht gl\u00e4nzendes Aussehen und bietet zus\u00e4tzlichen Schutz gegen Abnutzung. Soft-Touch-Mattlaminat f\u00fcgt eine luxuri\u00f6se, weiche Textur hinzu und verleiht Ihren Weihnachtskarten ein erstklassiges Gef\u00fchl, w\u00e4hrend sie gleichzeitig gut gegen den t\u00e4glichen Gebrauch gesch\u00fctzt bleiben.<\/p>\n<h3>Verf\u00fcgbare Optionen<\/h3>\n<p>Bestellen Sie in der von Ihnen ben\u00f6tigten Auflage, mit B\u00fcndeloptionen von 100, 250 oder 500 St\u00fcck f\u00fcr zus\u00e4tzlichen Komfort. Optional k\u00f6nnen Sie auch Briefumschl\u00e4ge hinzuf\u00fcgen, die in zehn verschiedenen Farben erh\u00e4ltlich sind, f\u00fcr eine vollst\u00e4ndige und professionelle Pr\u00e4sentation Ihrer Weihnachtskarten.<\/p>\n<p>Machen Sie Ihre Weihnachtsw\u00fcnsche mit unseren hochwertigen Weihnachtskarten zu einem besonderen Erlebnis!<\/p>\n<h3>H\u00e4ufig gestellte Fragen<\/h3>\n<p><strong>K\u00f6nnen alle Materialien beschrieben werden?<\/strong><br \/>\nNein, das Beschreiben ist nur auf ungestrichenen Papiersorten m\u00f6glich. Geeignete ungestrichene Papiersorten sind Biotop Naturel und Naturkarton.<\/p>\n<p><strong>Warum ist eine Laminierung bei Biotop Naturel und Naturkarton nicht m\u00f6glich?<\/strong><br \/>\nAufgrund der Struktur dieser Materialien ist eine Laminierung nicht anwendbar. Zudem w\u00fcrde das Laminat die Beschreibbarkeit des Papiers einschr\u00e4nken.<\/p>\n<p><strong>Warum ist mein Druckgut gew\u00f6lbt?<\/strong><br \/>\nDies kann die Folge einer einseitigen Laminierung sein. Das Laminat verh\u00e4lt sich anders als das Papier, was zu einer W\u00f6lbung f\u00fchren kann. Wir empfehlen, immer beidseitig zu laminieren, um dieses Problem zu vermeiden.<\/p>\n<p><strong>Welche Papiersorten sind f\u00fcr den Au\u00dfenbereich geeignet?<\/strong><br \/>\nUnsere synthetischen Papiersorten wie Synaps und YupoBlue sind besonders f\u00fcr den Au\u00dfenbereich geeignet. Diese Materialien sind wasserbest\u00e4ndig und behalten ihre Qualit\u00e4t auch bei Feuchtigkeit. Sie sind ideal f\u00fcr Anwendungen wie Speisekarten. Dar\u00fcber hinaus k\u00f6nnen Sie Drucksachen mit einer beidseitigen Laminierung auch vor\u00fcbergehend im Freien verwenden.<\/p>\n","protected":false},"excerpt":{"rendered":"<p>Machen Sie Ihre Weihnachtsw\u00fcnsche mit unseren ma\u00dfgeschneiderten Weihnachtskarten zu etwas ganz Besonderem. Erh\u00e4ltlich in nicht weniger als neun Formaten und sowohl in einer einfach gefalteten Variante als auch in einer ungefalteten Option, bieten wir eine gro\u00dfe Auswahl, um Ihren Weihnachtsw\u00fcnschen gerecht zu werden.<\/p>\n","protected":false},"featured_media":15635,"template":"","meta":{"_et_pb_use_builder":"","_et_pb_old_content":"","_et_gb_content_width":""},"product_brand":[],"product_cat":[313,933],"product_tag":[],"class_list":{"0":"post-15634","1":"product","2":"type-product","3":"status-publish","4":"has-post-thumbnail","6":"product_cat-aufkleber-und-druck","7":"product_cat-drucken","9":"first","10":"instock","11":"taxable","12":"shipping-taxable","13":"purchasable","14":"product-type-simple"},"yoast_head":"<!-- This site is optimized with the Yoast SEO plugin v27.3 - https:\/\/yoast.com\/product\/yoast-seo-wordpress\/ -->\n<title>Weihnachtskarten bestellen mit pers\u00f6nlicher Note - Schnelle Lieferung<\/title>\n<meta name=\"description\" content=\"Bestellen Sie noch heute Ihre vollst\u00e4ndig personalisierten gesch\u00e4ftlichen Weihnachtskarten mit einer Auswahl aus 9 Formaten, verschiedenen Papiersorten und luxuri\u00f6ser Laminierung.\" \/>\n<meta name=\"robots\" content=\"index, follow, max-snippet:-1, max-image-preview:large, max-video-preview:-1\" \/>\n<link rel=\"canonical\" href=\"https:\/\/www.amstelprinting.nl\/de\/gesch\u00e4ft\/aufkleber-und-druck\/drucken\/weihnachtskarten\/\" \/>\n<meta property=\"og:locale\" content=\"de_DE\" \/>\n<meta property=\"og:type\" content=\"article\" \/>\n<meta property=\"og:title\" content=\"Weihnachtskarten bestellen mit pers\u00f6nlicher Note - Schnelle Lieferung\" \/>\n<meta property=\"og:description\" content=\"Bestellen Sie noch heute Ihre vollst\u00e4ndig personalisierten gesch\u00e4ftlichen Weihnachtskarten mit einer Auswahl aus 9 Formaten, verschiedenen Papiersorten und luxuri\u00f6ser Laminierung.\" \/>\n<meta property=\"og:url\" content=\"https:\/\/www.amstelprinting.nl\/de\/gesch\u00e4ft\/aufkleber-und-druck\/drucken\/weihnachtskarten\/\" \/>\n<meta property=\"og:site_name\" content=\"Amstel Printing\" \/>\n<meta property=\"article:modified_time\" content=\"2026-02-18T11:54:53+00:00\" \/>\n<meta property=\"og:image\" content=\"https:\/\/www.amstelprinting.nl\/wp-content\/uploads\/Kerstkaarten4.jpg\" \/>\n\t<meta property=\"og:image:width\" content=\"700\" \/>\n\t<meta property=\"og:image:height\" content=\"700\" \/>\n\t<meta property=\"og:image:type\" content=\"image\/jpeg\" \/>\n<meta name=\"twitter:card\" content=\"summary_large_image\" \/>\n<meta name=\"twitter:label1\" content=\"Gesch\u00e4tzte Lesezeit\" \/>\n\t<meta name=\"twitter:data1\" content=\"3\u00a0Minuten\" \/>\n<script type=\"application\/ld+json\" class=\"yoast-schema-graph\">{\"@context\":\"https:\\\/\\\/schema.org\",\"@graph\":[{\"@type\":\"WebPage\",\"@id\":\"https:\\\/\\\/www.amstelprinting.nl\\\/de\\\/gesch\u00e4ft\\\/aufkleber-und-druck\\\/drucken\\\/weihnachtskarten\\\/\",\"url\":\"https:\\\/\\\/www.amstelprinting.nl\\\/de\\\/gesch\u00e4ft\\\/aufkleber-und-druck\\\/drucken\\\/weihnachtskarten\\\/\",\"name\":\"Weihnachtskarten bestellen mit pers\u00f6nlicher Note - Schnelle Lieferung\",\"isPartOf\":{\"@id\":\"https:\\\/\\\/www.amstelprinting.nl\\\/de\\\/#website\"},\"primaryImageOfPage\":{\"@id\":\"https:\\\/\\\/www.amstelprinting.nl\\\/de\\\/gesch\u00e4ft\\\/aufkleber-und-druck\\\/drucken\\\/weihnachtskarten\\\/#primaryimage\"},\"image\":{\"@id\":\"https:\\\/\\\/www.amstelprinting.nl\\\/de\\\/gesch\u00e4ft\\\/aufkleber-und-druck\\\/drucken\\\/weihnachtskarten\\\/#primaryimage\"},\"thumbnailUrl\":\"https:\\\/\\\/www.amstelprinting.nl\\\/wp-content\\\/uploads\\\/Kerstkaarten4.jpg\",\"datePublished\":\"2025-01-23T19:45:25+00:00\",\"dateModified\":\"2026-02-18T11:54:53+00:00\",\"description\":\"Bestellen Sie noch heute Ihre vollst\u00e4ndig personalisierten gesch\u00e4ftlichen Weihnachtskarten mit einer Auswahl aus 9 Formaten, verschiedenen Papiersorten und luxuri\u00f6ser Laminierung.\",\"breadcrumb\":{\"@id\":\"https:\\\/\\\/www.amstelprinting.nl\\\/de\\\/gesch\u00e4ft\\\/aufkleber-und-druck\\\/drucken\\\/weihnachtskarten\\\/#breadcrumb\"},\"inLanguage\":\"de\",\"potentialAction\":[{\"@type\":\"ReadAction\",\"target\":[\"https:\\\/\\\/www.amstelprinting.nl\\\/de\\\/gesch\u00e4ft\\\/aufkleber-und-druck\\\/drucken\\\/weihnachtskarten\\\/\"]}]},{\"@type\":\"ImageObject\",\"inLanguage\":\"de\",\"@id\":\"https:\\\/\\\/www.amstelprinting.nl\\\/de\\\/gesch\u00e4ft\\\/aufkleber-und-druck\\\/drucken\\\/weihnachtskarten\\\/#primaryimage\",\"url\":\"https:\\\/\\\/www.amstelprinting.nl\\\/wp-content\\\/uploads\\\/Kerstkaarten4.jpg\",\"contentUrl\":\"https:\\\/\\\/www.amstelprinting.nl\\\/wp-content\\\/uploads\\\/Kerstkaarten4.jpg\",\"width\":700,\"height\":700},{\"@type\":\"BreadcrumbList\",\"@id\":\"https:\\\/\\\/www.amstelprinting.nl\\\/de\\\/gesch\u00e4ft\\\/aufkleber-und-druck\\\/drucken\\\/weihnachtskarten\\\/#breadcrumb\",\"itemListElement\":[{\"@type\":\"ListItem\",\"position\":1,\"name\":\"\",\"item\":\"https:\\\/\\\/www.amstelprinting.nl\\\/de\\\/\"},{\"@type\":\"ListItem\",\"position\":2,\"name\":\"Amstel Printing\",\"item\":\"https:\\\/\\\/www.amstelprinting.nl\\\/de\\\/geschaeft\\\/\"},{\"@type\":\"ListItem\",\"position\":3,\"name\":\"Aufkleber und Druck\",\"item\":\"https:\\\/\\\/www.amstelprinting.nl\\\/de\\\/kategorie\\\/aufkleber-und-druck\\\/\"},{\"@type\":\"ListItem\",\"position\":4,\"name\":\"Drucken\",\"item\":\"https:\\\/\\\/www.amstelprinting.nl\\\/de\\\/kategorie\\\/aufkleber-und-druck\\\/drucken\\\/\"},{\"@type\":\"ListItem\",\"position\":5,\"name\":\"Weihnachtskarten\"}]},{\"@type\":\"WebSite\",\"@id\":\"https:\\\/\\\/www.amstelprinting.nl\\\/de\\\/#website\",\"url\":\"https:\\\/\\\/www.amstelprinting.nl\\\/de\\\/\",\"name\":\"Amstel Printing\",\"description\":\"Creating Exposure\",\"publisher\":{\"@id\":\"https:\\\/\\\/www.amstelprinting.nl\\\/de\\\/#organization\"},\"potentialAction\":[{\"@type\":\"SearchAction\",\"target\":{\"@type\":\"EntryPoint\",\"urlTemplate\":\"https:\\\/\\\/www.amstelprinting.nl\\\/de\\\/?s={search_term_string}\"},\"query-input\":{\"@type\":\"PropertyValueSpecification\",\"valueRequired\":true,\"valueName\":\"search_term_string\"}}],\"inLanguage\":\"de\"},{\"@type\":\"Organization\",\"@id\":\"https:\\\/\\\/www.amstelprinting.nl\\\/de\\\/#organization\",\"name\":\"Amstel Printing\",\"url\":\"https:\\\/\\\/www.amstelprinting.nl\\\/de\\\/\",\"logo\":{\"@type\":\"ImageObject\",\"inLanguage\":\"de\",\"@id\":\"https:\\\/\\\/www.amstelprinting.nl\\\/de\\\/#\\\/schema\\\/logo\\\/image\\\/\",\"url\":\"https:\\\/\\\/www.amstelprinting.nl\\\/wp-content\\\/uploads\\\/amstel_printing_logo_clean.png\",\"contentUrl\":\"https:\\\/\\\/www.amstelprinting.nl\\\/wp-content\\\/uploads\\\/amstel_printing_logo_clean.png\",\"width\":324,\"height\":73,\"caption\":\"Amstel Printing\"},\"image\":{\"@id\":\"https:\\\/\\\/www.amstelprinting.nl\\\/de\\\/#\\\/schema\\\/logo\\\/image\\\/\"}}]}<\/script>\n<!-- \/ Yoast SEO plugin. -->","yoast_head_json":{"title":"Weihnachtskarten bestellen mit pers\u00f6nlicher Note - Schnelle Lieferung","description":"Bestellen Sie noch heute Ihre vollst\u00e4ndig personalisierten gesch\u00e4ftlichen Weihnachtskarten mit einer Auswahl aus 9 Formaten, verschiedenen Papiersorten und luxuri\u00f6ser Laminierung.","robots":{"index":"index","follow":"follow","max-snippet":"max-snippet:-1","max-image-preview":"max-image-preview:large","max-video-preview":"max-video-preview:-1"},"canonical":"https:\/\/www.amstelprinting.nl\/de\/gesch\u00e4ft\/aufkleber-und-druck\/drucken\/weihnachtskarten\/","og_locale":"de_DE","og_type":"article","og_title":"Weihnachtskarten bestellen mit pers\u00f6nlicher Note - Schnelle Lieferung","og_description":"Bestellen Sie noch heute Ihre vollst\u00e4ndig personalisierten gesch\u00e4ftlichen Weihnachtskarten mit einer Auswahl aus 9 Formaten, verschiedenen Papiersorten und luxuri\u00f6ser Laminierung.","og_url":"https:\/\/www.amstelprinting.nl\/de\/gesch\u00e4ft\/aufkleber-und-druck\/drucken\/weihnachtskarten\/","og_site_name":"Amstel Printing","article_modified_time":"2026-02-18T11:54:53+00:00","og_image":[{"width":700,"height":700,"url":"https:\/\/www.amstelprinting.nl\/wp-content\/uploads\/Kerstkaarten4.jpg","type":"image\/jpeg"}],"twitter_card":"summary_large_image","twitter_misc":{"Gesch\u00e4tzte Lesezeit":"3\u00a0Minuten"},"schema":{"@context":"https:\/\/schema.org","@graph":[{"@type":"WebPage","@id":"https:\/\/www.amstelprinting.nl\/de\/gesch\u00e4ft\/aufkleber-und-druck\/drucken\/weihnachtskarten\/","url":"https:\/\/www.amstelprinting.nl\/de\/gesch\u00e4ft\/aufkleber-und-druck\/drucken\/weihnachtskarten\/","name":"Weihnachtskarten bestellen mit pers\u00f6nlicher Note - Schnelle Lieferung","isPartOf":{"@id":"https:\/\/www.amstelprinting.nl\/de\/#website"},"primaryImageOfPage":{"@id":"https:\/\/www.amstelprinting.nl\/de\/gesch\u00e4ft\/aufkleber-und-druck\/drucken\/weihnachtskarten\/#primaryimage"},"image":{"@id":"https:\/\/www.amstelprinting.nl\/de\/gesch\u00e4ft\/aufkleber-und-druck\/drucken\/weihnachtskarten\/#primaryimage"},"thumbnailUrl":"https:\/\/www.amstelprinting.nl\/wp-content\/uploads\/Kerstkaarten4.jpg","datePublished":"2025-01-23T19:45:25+00:00","dateModified":"2026-02-18T11:54:53+00:00","description":"Bestellen Sie noch heute Ihre vollst\u00e4ndig personalisierten gesch\u00e4ftlichen Weihnachtskarten mit einer Auswahl aus 9 Formaten, verschiedenen Papiersorten und luxuri\u00f6ser Laminierung.","breadcrumb":{"@id":"https:\/\/www.amstelprinting.nl\/de\/gesch\u00e4ft\/aufkleber-und-druck\/drucken\/weihnachtskarten\/#breadcrumb"},"inLanguage":"de","potentialAction":[{"@type":"ReadAction","target":["https:\/\/www.amstelprinting.nl\/de\/gesch\u00e4ft\/aufkleber-und-druck\/drucken\/weihnachtskarten\/"]}]},{"@type":"ImageObject","inLanguage":"de","@id":"https:\/\/www.amstelprinting.nl\/de\/gesch\u00e4ft\/aufkleber-und-druck\/drucken\/weihnachtskarten\/#primaryimage","url":"https:\/\/www.amstelprinting.nl\/wp-content\/uploads\/Kerstkaarten4.jpg","contentUrl":"https:\/\/www.amstelprinting.nl\/wp-content\/uploads\/Kerstkaarten4.jpg","width":700,"height":700},{"@type":"BreadcrumbList","@id":"https:\/\/www.amstelprinting.nl\/de\/gesch\u00e4ft\/aufkleber-und-druck\/drucken\/weihnachtskarten\/#breadcrumb","itemListElement":[{"@type":"ListItem","position":1,"name":"","item":"https:\/\/www.amstelprinting.nl\/de\/"},{"@type":"ListItem","position":2,"name":"Amstel Printing","item":"https:\/\/www.amstelprinting.nl\/de\/geschaeft\/"},{"@type":"ListItem","position":3,"name":"Aufkleber und Druck","item":"https:\/\/www.amstelprinting.nl\/de\/kategorie\/aufkleber-und-druck\/"},{"@type":"ListItem","position":4,"name":"Drucken","item":"https:\/\/www.amstelprinting.nl\/de\/kategorie\/aufkleber-und-druck\/drucken\/"},{"@type":"ListItem","position":5,"name":"Weihnachtskarten"}]},{"@type":"WebSite","@id":"https:\/\/www.amstelprinting.nl\/de\/#website","url":"https:\/\/www.amstelprinting.nl\/de\/","name":"Amstel Printing","description":"Creating Exposure","publisher":{"@id":"https:\/\/www.amstelprinting.nl\/de\/#organization"},"potentialAction":[{"@type":"SearchAction","target":{"@type":"EntryPoint","urlTemplate":"https:\/\/www.amstelprinting.nl\/de\/?s={search_term_string}"},"query-input":{"@type":"PropertyValueSpecification","valueRequired":true,"valueName":"search_term_string"}}],"inLanguage":"de"},{"@type":"Organization","@id":"https:\/\/www.amstelprinting.nl\/de\/#organization","name":"Amstel Printing","url":"https:\/\/www.amstelprinting.nl\/de\/","logo":{"@type":"ImageObject","inLanguage":"de","@id":"https:\/\/www.amstelprinting.nl\/de\/#\/schema\/logo\/image\/","url":"https:\/\/www.amstelprinting.nl\/wp-content\/uploads\/amstel_printing_logo_clean.png","contentUrl":"https:\/\/www.amstelprinting.nl\/wp-content\/uploads\/amstel_printing_logo_clean.png","width":324,"height":73,"caption":"Amstel Printing"},"image":{"@id":"https:\/\/www.amstelprinting.nl\/de\/#\/schema\/logo\/image\/"}}]}},"_links":{"self":[{"href":"https:\/\/www.amstelprinting.nl\/de\/wp-json\/wp\/v2\/product\/15634","targetHints":{"allow":["GET"]}}],"collection":[{"href":"https:\/\/www.amstelprinting.nl\/de\/wp-json\/wp\/v2\/product"}],"about":[{"href":"https:\/\/www.amstelprinting.nl\/de\/wp-json\/wp\/v2\/types\/product"}],"wp:featuredmedia":[{"embeddable":true,"href":"https:\/\/www.amstelprinting.nl\/de\/wp-json\/wp\/v2\/media\/15635"}],"wp:attachment":[{"href":"https:\/\/www.amstelprinting.nl\/de\/wp-json\/wp\/v2\/media?parent=15634"}],"wp:term":[{"taxonomy":"product_brand","embeddable":true,"href":"https:\/\/www.amstelprinting.nl\/de\/wp-json\/wp\/v2\/product_brand?post=15634"},{"taxonomy":"product_cat","embeddable":true,"href":"https:\/\/www.amstelprinting.nl\/de\/wp-json\/wp\/v2\/product_cat?post=15634"},{"taxonomy":"product_tag","embeddable":true,"href":"https:\/\/www.amstelprinting.nl\/de\/wp-json\/wp\/v2\/product_tag?post=15634"}],"curies":[{"name":"wp","href":"https:\/\/api.w.org\/{rel}","templated":true}]}}