{"id":15646,"date":"2025-01-23T20:45:01","date_gmt":"2025-01-23T19:45:01","guid":{"rendered":"https:\/\/www.amstelprinting.nl\/winkel\/unkategorisiert\/briefpapier\/"},"modified":"2026-02-10T12:32:20","modified_gmt":"2026-02-10T11:32:20","slug":"briefpapier","status":"publish","type":"product","link":"https:\/\/www.amstelprinting.nl\/de\/gesch\u00e4ft\/aufkleber-und-druck\/drucken\/briefpapier\/","title":{"rendered":"Briefpapier"},"content":{"rendered":"<h3>Warum Briefpapier drucken?<\/h3>\n<p>Egal, ob Sie nach einem klassischen Design oder einem modernen Look suchen, unser Briefpapier bietet die perfekte Basis f\u00fcr Ihre gesamte gesch\u00e4ftliche Kommunikation. Die Vorteile unseres Briefpapiers:<\/p>\n<ul>\n<li>Wahl zwischen A4- oder A5-Format<\/li>\n<li>Erstellen Sie Ihr eigenes einzigartiges und professionelles Corporate Design<\/li>\n<li>HVO-Naturpapier wei\u00df<\/li>\n<li>Bereits ab 25 St\u00fcck lieferbar<\/li>\n<li>Praktische Vorlage f\u00fcr einen einfachen Gestaltungsprozess<\/li>\n<\/ul>\n<p>&nbsp;<\/p>\n<h3>HVO-Naturpapier wei\u00df<\/h3>\n<p>Bankpost, auch HVO wei\u00df genannt, ist die Standardwahl f\u00fcr professionelles Briefpapier. Dieses ungestrichene Papier ist hochwei\u00df, was f\u00fcr ein sauberes und raffiniertes Erscheinungsbild sorgt. Das Papier ist hervorragend f\u00fcr Laserdruck und zum Beschreiben geeignet und in zwei Grammaturen erh\u00e4ltlich: 90 g\/m\u00b2 f\u00fcr eine leichte, aber feste Struktur und 170 g\/m\u00b2 f\u00fcr zus\u00e4tzliche Haltbarkeit und ein luxuri\u00f6ses Look-and-Feel. W\u00e4hlen Sie zwischen einseitigem oder beidseitigem Druck.<\/p>\n<h3>Bereits ab 25 St\u00fcck lieferbar<\/h3>\n<p>Sie k\u00f6nnen das Briefpapier in der von Ihnen ben\u00f6tigten Auflage bestellen, mit einer Mindestbestellmenge von nur 25 St\u00fcck. F\u00fcr zus\u00e4tzlichen Komfort bieten wir B\u00fcndeloptionen von 100, 250 oder 500 St\u00fcck an.<\/p>\n<h3>Briefpapier gestalten<\/h3>\n<p>Die Gestaltung Ihres Briefpapiers ist einfach und schnell. Nutzen Sie unsere praktischen Vorlagen, die unter Downloads verf\u00fcgbar sind, und erstellen Sie im Handumdrehen ein Design, das Ihre Marke perfekt widerspiegelt.<\/p>\n<h3>\nH\u00e4ufig gestellte Fragen<\/h3>\n<p><strong>Ist das Briefpapier auch in anderen Formaten m\u00f6glich?<\/strong><br \/>\nNein, Briefpapier ist nur in Standardformaten verf\u00fcgbar. Ben\u00f6tigen Sie ein anderes, abweichendes Format? Bestellen Sie dann \u00fcber Plano-Druckbogen. Bitte beachten Sie, dass diese noch weiterverarbeitet werden m\u00fcssen.<\/p>\n","protected":false},"excerpt":{"rendered":"<h3>Auch als Rechnungspapier geeignet<\/h3>\n<p>Beeindrucken Sie mit professionellem Briefpapier, das sich auch hervorragend als Rechnungspapier eignet. Verf\u00fcgbar sowohl im A4- als auch im A5-Format. Briefpapier mit dem Aufdruck Ihres Logos oder Designs sorgt f\u00fcr ein professionelles Erscheinungsbild.<\/p>\n","protected":false},"featured_media":15648,"template":"","meta":{"_et_pb_use_builder":"","_et_pb_old_content":"","_et_gb_content_width":""},"product_brand":[],"product_cat":[313,933],"product_tag":[],"class_list":{"0":"post-15646","1":"product","2":"type-product","3":"status-publish","4":"has-post-thumbnail","6":"product_cat-aufkleber-und-druck","7":"product_cat-drucken","9":"first","10":"instock","11":"taxable","12":"shipping-taxable","13":"purchasable","14":"product-type-simple"},"yoast_head":"<!-- This site is optimized with the Yoast SEO plugin v27.3 - https:\/\/yoast.com\/product\/yoast-seo-wordpress\/ -->\n<title>Briefpapier bestellen - Schnelle Lieferung &amp; Hohe Qualit\u00e4t<\/title>\n<meta name=\"description\" content=\"Briefpapier in A4 oder A5, bedruckt auf hochwertigem HVO-Naturpapier wei\u00df. Flexible Auflagen ab 25 St\u00fcck, schnelle Produktion innerhalb von 1 Werktag.\" \/>\n<meta name=\"robots\" content=\"index, follow, max-snippet:-1, max-image-preview:large, max-video-preview:-1\" \/>\n<link rel=\"canonical\" href=\"https:\/\/www.amstelprinting.nl\/de\/gesch\u00e4ft\/aufkleber-und-druck\/drucken\/briefpapier\/\" \/>\n<meta property=\"og:locale\" content=\"de_DE\" \/>\n<meta property=\"og:type\" content=\"article\" \/>\n<meta property=\"og:title\" content=\"Briefpapier bestellen - Schnelle Lieferung &amp; Hohe Qualit\u00e4t\" \/>\n<meta property=\"og:description\" content=\"Briefpapier in A4 oder A5, bedruckt auf hochwertigem HVO-Naturpapier wei\u00df. Flexible Auflagen ab 25 St\u00fcck, schnelle Produktion innerhalb von 1 Werktag.\" \/>\n<meta property=\"og:url\" content=\"https:\/\/www.amstelprinting.nl\/de\/gesch\u00e4ft\/aufkleber-und-druck\/drucken\/briefpapier\/\" \/>\n<meta property=\"og:site_name\" content=\"Amstel Printing\" \/>\n<meta property=\"article:modified_time\" content=\"2026-02-10T11:32:20+00:00\" \/>\n<meta property=\"og:image\" content=\"https:\/\/www.amstelprinting.nl\/wp-content\/uploads\/Briefpapier.jpg\" \/>\n\t<meta property=\"og:image:width\" content=\"700\" \/>\n\t<meta property=\"og:image:height\" content=\"700\" \/>\n\t<meta property=\"og:image:type\" content=\"image\/jpeg\" \/>\n<meta name=\"twitter:card\" content=\"summary_large_image\" \/>\n<meta name=\"twitter:label1\" content=\"Gesch\u00e4tzte Lesezeit\" \/>\n\t<meta name=\"twitter:data1\" content=\"1\u00a0Minute\" \/>\n<script type=\"application\/ld+json\" class=\"yoast-schema-graph\">{\"@context\":\"https:\\\/\\\/schema.org\",\"@graph\":[{\"@type\":\"WebPage\",\"@id\":\"https:\\\/\\\/www.amstelprinting.nl\\\/de\\\/gesch\u00e4ft\\\/aufkleber-und-druck\\\/drucken\\\/briefpapier\\\/\",\"url\":\"https:\\\/\\\/www.amstelprinting.nl\\\/de\\\/gesch\u00e4ft\\\/aufkleber-und-druck\\\/drucken\\\/briefpapier\\\/\",\"name\":\"Briefpapier bestellen - Schnelle Lieferung & Hohe Qualit\u00e4t\",\"isPartOf\":{\"@id\":\"https:\\\/\\\/www.amstelprinting.nl\\\/de\\\/#website\"},\"primaryImageOfPage\":{\"@id\":\"https:\\\/\\\/www.amstelprinting.nl\\\/de\\\/gesch\u00e4ft\\\/aufkleber-und-druck\\\/drucken\\\/briefpapier\\\/#primaryimage\"},\"image\":{\"@id\":\"https:\\\/\\\/www.amstelprinting.nl\\\/de\\\/gesch\u00e4ft\\\/aufkleber-und-druck\\\/drucken\\\/briefpapier\\\/#primaryimage\"},\"thumbnailUrl\":\"https:\\\/\\\/www.amstelprinting.nl\\\/wp-content\\\/uploads\\\/Briefpapier.jpg\",\"datePublished\":\"2025-01-23T19:45:01+00:00\",\"dateModified\":\"2026-02-10T11:32:20+00:00\",\"description\":\"Briefpapier in A4 oder A5, bedruckt auf hochwertigem HVO-Naturpapier wei\u00df. Flexible Auflagen ab 25 St\u00fcck, schnelle Produktion innerhalb von 1 Werktag.\",\"breadcrumb\":{\"@id\":\"https:\\\/\\\/www.amstelprinting.nl\\\/de\\\/gesch\u00e4ft\\\/aufkleber-und-druck\\\/drucken\\\/briefpapier\\\/#breadcrumb\"},\"inLanguage\":\"de\",\"potentialAction\":[{\"@type\":\"ReadAction\",\"target\":[\"https:\\\/\\\/www.amstelprinting.nl\\\/de\\\/gesch\u00e4ft\\\/aufkleber-und-druck\\\/drucken\\\/briefpapier\\\/\"]}]},{\"@type\":\"ImageObject\",\"inLanguage\":\"de\",\"@id\":\"https:\\\/\\\/www.amstelprinting.nl\\\/de\\\/gesch\u00e4ft\\\/aufkleber-und-druck\\\/drucken\\\/briefpapier\\\/#primaryimage\",\"url\":\"https:\\\/\\\/www.amstelprinting.nl\\\/wp-content\\\/uploads\\\/Briefpapier.jpg\",\"contentUrl\":\"https:\\\/\\\/www.amstelprinting.nl\\\/wp-content\\\/uploads\\\/Briefpapier.jpg\",\"width\":700,\"height\":700},{\"@type\":\"BreadcrumbList\",\"@id\":\"https:\\\/\\\/www.amstelprinting.nl\\\/de\\\/gesch\u00e4ft\\\/aufkleber-und-druck\\\/drucken\\\/briefpapier\\\/#breadcrumb\",\"itemListElement\":[{\"@type\":\"ListItem\",\"position\":1,\"name\":\"\",\"item\":\"https:\\\/\\\/www.amstelprinting.nl\\\/de\\\/\"},{\"@type\":\"ListItem\",\"position\":2,\"name\":\"Amstel Printing\",\"item\":\"https:\\\/\\\/www.amstelprinting.nl\\\/de\\\/geschaeft\\\/\"},{\"@type\":\"ListItem\",\"position\":3,\"name\":\"Aufkleber und Druck\",\"item\":\"https:\\\/\\\/www.amstelprinting.nl\\\/de\\\/kategorie\\\/aufkleber-und-druck\\\/\"},{\"@type\":\"ListItem\",\"position\":4,\"name\":\"Drucken\",\"item\":\"https:\\\/\\\/www.amstelprinting.nl\\\/de\\\/kategorie\\\/aufkleber-und-druck\\\/drucken\\\/\"},{\"@type\":\"ListItem\",\"position\":5,\"name\":\"Briefpapier\"}]},{\"@type\":\"WebSite\",\"@id\":\"https:\\\/\\\/www.amstelprinting.nl\\\/de\\\/#website\",\"url\":\"https:\\\/\\\/www.amstelprinting.nl\\\/de\\\/\",\"name\":\"Amstel Printing\",\"description\":\"Creating Exposure\",\"publisher\":{\"@id\":\"https:\\\/\\\/www.amstelprinting.nl\\\/de\\\/#organization\"},\"potentialAction\":[{\"@type\":\"SearchAction\",\"target\":{\"@type\":\"EntryPoint\",\"urlTemplate\":\"https:\\\/\\\/www.amstelprinting.nl\\\/de\\\/?s={search_term_string}\"},\"query-input\":{\"@type\":\"PropertyValueSpecification\",\"valueRequired\":true,\"valueName\":\"search_term_string\"}}],\"inLanguage\":\"de\"},{\"@type\":\"Organization\",\"@id\":\"https:\\\/\\\/www.amstelprinting.nl\\\/de\\\/#organization\",\"name\":\"Amstel Printing\",\"url\":\"https:\\\/\\\/www.amstelprinting.nl\\\/de\\\/\",\"logo\":{\"@type\":\"ImageObject\",\"inLanguage\":\"de\",\"@id\":\"https:\\\/\\\/www.amstelprinting.nl\\\/de\\\/#\\\/schema\\\/logo\\\/image\\\/\",\"url\":\"https:\\\/\\\/www.amstelprinting.nl\\\/wp-content\\\/uploads\\\/amstel_printing_logo_clean.png\",\"contentUrl\":\"https:\\\/\\\/www.amstelprinting.nl\\\/wp-content\\\/uploads\\\/amstel_printing_logo_clean.png\",\"width\":324,\"height\":73,\"caption\":\"Amstel Printing\"},\"image\":{\"@id\":\"https:\\\/\\\/www.amstelprinting.nl\\\/de\\\/#\\\/schema\\\/logo\\\/image\\\/\"}}]}<\/script>\n<!-- \/ Yoast SEO plugin. -->","yoast_head_json":{"title":"Briefpapier bestellen - Schnelle Lieferung & Hohe Qualit\u00e4t","description":"Briefpapier in A4 oder A5, bedruckt auf hochwertigem HVO-Naturpapier wei\u00df. Flexible Auflagen ab 25 St\u00fcck, schnelle Produktion innerhalb von 1 Werktag.","robots":{"index":"index","follow":"follow","max-snippet":"max-snippet:-1","max-image-preview":"max-image-preview:large","max-video-preview":"max-video-preview:-1"},"canonical":"https:\/\/www.amstelprinting.nl\/de\/gesch\u00e4ft\/aufkleber-und-druck\/drucken\/briefpapier\/","og_locale":"de_DE","og_type":"article","og_title":"Briefpapier bestellen - Schnelle Lieferung & Hohe Qualit\u00e4t","og_description":"Briefpapier in A4 oder A5, bedruckt auf hochwertigem HVO-Naturpapier wei\u00df. Flexible Auflagen ab 25 St\u00fcck, schnelle Produktion innerhalb von 1 Werktag.","og_url":"https:\/\/www.amstelprinting.nl\/de\/gesch\u00e4ft\/aufkleber-und-druck\/drucken\/briefpapier\/","og_site_name":"Amstel Printing","article_modified_time":"2026-02-10T11:32:20+00:00","og_image":[{"width":700,"height":700,"url":"https:\/\/www.amstelprinting.nl\/wp-content\/uploads\/Briefpapier.jpg","type":"image\/jpeg"}],"twitter_card":"summary_large_image","twitter_misc":{"Gesch\u00e4tzte Lesezeit":"1\u00a0Minute"},"schema":{"@context":"https:\/\/schema.org","@graph":[{"@type":"WebPage","@id":"https:\/\/www.amstelprinting.nl\/de\/gesch\u00e4ft\/aufkleber-und-druck\/drucken\/briefpapier\/","url":"https:\/\/www.amstelprinting.nl\/de\/gesch\u00e4ft\/aufkleber-und-druck\/drucken\/briefpapier\/","name":"Briefpapier bestellen - Schnelle Lieferung & Hohe Qualit\u00e4t","isPartOf":{"@id":"https:\/\/www.amstelprinting.nl\/de\/#website"},"primaryImageOfPage":{"@id":"https:\/\/www.amstelprinting.nl\/de\/gesch\u00e4ft\/aufkleber-und-druck\/drucken\/briefpapier\/#primaryimage"},"image":{"@id":"https:\/\/www.amstelprinting.nl\/de\/gesch\u00e4ft\/aufkleber-und-druck\/drucken\/briefpapier\/#primaryimage"},"thumbnailUrl":"https:\/\/www.amstelprinting.nl\/wp-content\/uploads\/Briefpapier.jpg","datePublished":"2025-01-23T19:45:01+00:00","dateModified":"2026-02-10T11:32:20+00:00","description":"Briefpapier in A4 oder A5, bedruckt auf hochwertigem HVO-Naturpapier wei\u00df. Flexible Auflagen ab 25 St\u00fcck, schnelle Produktion innerhalb von 1 Werktag.","breadcrumb":{"@id":"https:\/\/www.amstelprinting.nl\/de\/gesch\u00e4ft\/aufkleber-und-druck\/drucken\/briefpapier\/#breadcrumb"},"inLanguage":"de","potentialAction":[{"@type":"ReadAction","target":["https:\/\/www.amstelprinting.nl\/de\/gesch\u00e4ft\/aufkleber-und-druck\/drucken\/briefpapier\/"]}]},{"@type":"ImageObject","inLanguage":"de","@id":"https:\/\/www.amstelprinting.nl\/de\/gesch\u00e4ft\/aufkleber-und-druck\/drucken\/briefpapier\/#primaryimage","url":"https:\/\/www.amstelprinting.nl\/wp-content\/uploads\/Briefpapier.jpg","contentUrl":"https:\/\/www.amstelprinting.nl\/wp-content\/uploads\/Briefpapier.jpg","width":700,"height":700},{"@type":"BreadcrumbList","@id":"https:\/\/www.amstelprinting.nl\/de\/gesch\u00e4ft\/aufkleber-und-druck\/drucken\/briefpapier\/#breadcrumb","itemListElement":[{"@type":"ListItem","position":1,"name":"","item":"https:\/\/www.amstelprinting.nl\/de\/"},{"@type":"ListItem","position":2,"name":"Amstel Printing","item":"https:\/\/www.amstelprinting.nl\/de\/geschaeft\/"},{"@type":"ListItem","position":3,"name":"Aufkleber und Druck","item":"https:\/\/www.amstelprinting.nl\/de\/kategorie\/aufkleber-und-druck\/"},{"@type":"ListItem","position":4,"name":"Drucken","item":"https:\/\/www.amstelprinting.nl\/de\/kategorie\/aufkleber-und-druck\/drucken\/"},{"@type":"ListItem","position":5,"name":"Briefpapier"}]},{"@type":"WebSite","@id":"https:\/\/www.amstelprinting.nl\/de\/#website","url":"https:\/\/www.amstelprinting.nl\/de\/","name":"Amstel Printing","description":"Creating Exposure","publisher":{"@id":"https:\/\/www.amstelprinting.nl\/de\/#organization"},"potentialAction":[{"@type":"SearchAction","target":{"@type":"EntryPoint","urlTemplate":"https:\/\/www.amstelprinting.nl\/de\/?s={search_term_string}"},"query-input":{"@type":"PropertyValueSpecification","valueRequired":true,"valueName":"search_term_string"}}],"inLanguage":"de"},{"@type":"Organization","@id":"https:\/\/www.amstelprinting.nl\/de\/#organization","name":"Amstel Printing","url":"https:\/\/www.amstelprinting.nl\/de\/","logo":{"@type":"ImageObject","inLanguage":"de","@id":"https:\/\/www.amstelprinting.nl\/de\/#\/schema\/logo\/image\/","url":"https:\/\/www.amstelprinting.nl\/wp-content\/uploads\/amstel_printing_logo_clean.png","contentUrl":"https:\/\/www.amstelprinting.nl\/wp-content\/uploads\/amstel_printing_logo_clean.png","width":324,"height":73,"caption":"Amstel Printing"},"image":{"@id":"https:\/\/www.amstelprinting.nl\/de\/#\/schema\/logo\/image\/"}}]}},"_links":{"self":[{"href":"https:\/\/www.amstelprinting.nl\/de\/wp-json\/wp\/v2\/product\/15646","targetHints":{"allow":["GET"]}}],"collection":[{"href":"https:\/\/www.amstelprinting.nl\/de\/wp-json\/wp\/v2\/product"}],"about":[{"href":"https:\/\/www.amstelprinting.nl\/de\/wp-json\/wp\/v2\/types\/product"}],"wp:featuredmedia":[{"embeddable":true,"href":"https:\/\/www.amstelprinting.nl\/de\/wp-json\/wp\/v2\/media\/15648"}],"wp:attachment":[{"href":"https:\/\/www.amstelprinting.nl\/de\/wp-json\/wp\/v2\/media?parent=15646"}],"wp:term":[{"taxonomy":"product_brand","embeddable":true,"href":"https:\/\/www.amstelprinting.nl\/de\/wp-json\/wp\/v2\/product_brand?post=15646"},{"taxonomy":"product_cat","embeddable":true,"href":"https:\/\/www.amstelprinting.nl\/de\/wp-json\/wp\/v2\/product_cat?post=15646"},{"taxonomy":"product_tag","embeddable":true,"href":"https:\/\/www.amstelprinting.nl\/de\/wp-json\/wp\/v2\/product_tag?post=15646"}],"curies":[{"name":"wp","href":"https:\/\/api.w.org\/{rel}","templated":true}]}}