{"id":15669,"date":"2025-01-23T20:44:46","date_gmt":"2025-01-23T19:44:46","guid":{"rendered":"https:\/\/www.amstelprinting.nl\/winkel\/unkategorisiert\/vinyl-sticker\/"},"modified":"2026-02-18T12:55:18","modified_gmt":"2026-02-18T11:55:18","slug":"vinylaufkleber","status":"publish","type":"product","link":"https:\/\/www.amstelprinting.nl\/de\/geschaeft\/aufkleber-und-druck\/grose-aufkleber\/vinylaufkleber\/","title":{"rendered":"Vinylaufkleber"},"content":{"rendered":"<p>[et_pb_section fb_built=&#8220;1&#8243; _builder_version=&#8220;4.16&#8243; custom_padding=&#8220;0px||||false|false&#8220; global_colors_info=&#8220;{}&#8220;][et_pb_row _builder_version=&#8220;4.16&#8243; background_size=&#8220;initial&#8220; background_position=&#8220;top_left&#8220; background_repeat=&#8220;repeat&#8220; width=&#8220;100%&#8220; custom_padding=&#8220;0px||0px||false|false&#8220; global_colors_info=&#8220;{}&#8220;][et_pb_column type=&#8220;4_4&#8243; _builder_version=&#8220;4.16&#8243; custom_padding=&#8220;|||&#8220; global_colors_info=&#8220;{}&#8220; custom_padding__hover=&#8220;|||&#8220;][et_pb_wc_breadcrumb _builder_version=&#8220;4.16&#8243; global_colors_info=&#8220;{}&#8220;][\/et_pb_wc_breadcrumb][et_pb_wc_cart_notice _builder_version=&#8220;4.16&#8243; global_colors_info=&#8220;{}&#8220;][\/et_pb_wc_cart_notice][\/et_pb_column][\/et_pb_row][et_pb_row _builder_version=&#8220;4.16&#8243; background_size=&#8220;initial&#8220; background_position=&#8220;top_left&#8220; background_repeat=&#8220;repeat&#8220; width=&#8220;100%&#8220; custom_padding=&#8220;0px||||false|false&#8220; global_colors_info=&#8220;{}&#8220; column_structure=&#8220;1_2,1_2&#8243;][et_pb_column type=&#8220;1_2&#8243; _builder_version=&#8220;4.16&#8243; custom_padding=&#8220;|||&#8220; global_colors_info=&#8220;{}&#8220; custom_padding__hover=&#8220;|||&#8220;][et_pb_wc_images _builder_version=&#8220;4.16&#8243; global_colors_info=&#8220;{}&#8220;][\/et_pb_wc_images][\/et_pb_column][et_pb_column type=&#8220;1_2&#8243; _builder_version=&#8220;4.16&#8243; custom_padding=&#8220;|||&#8220; global_colors_info=&#8220;{}&#8220; custom_padding__hover=&#8220;|||&#8220;][et_pb_wc_title _builder_version=&#8220;4.16&#8243; global_colors_info=&#8220;{}&#8220;][\/et_pb_wc_title][et_pb_wc_rating _builder_version=&#8220;4.16&#8243; global_colors_info=&#8220;{}&#8220;][\/et_pb_wc_rating][et_pb_wc_price _builder_version=&#8220;4.16&#8243; global_colors_info=&#8220;{}&#8220;][\/et_pb_wc_price][et_pb_wc_description _builder_version=&#8220;4.16&#8243; global_colors_info=&#8220;{}&#8220;][\/et_pb_wc_description][et_pb_wc_add_to_cart _builder_version=&#8220;4.16&#8243; global_colors_info=&#8220;{}&#8220;][\/et_pb_wc_add_to_cart][et_pb_wc_meta _builder_version=&#8220;4.16&#8243; global_colors_info=&#8220;{}&#8220;][\/et_pb_wc_meta][\/et_pb_column][\/et_pb_row][et_pb_row _builder_version=&#8220;4.16&#8243; background_size=&#8220;initial&#8220; background_position=&#8220;top_left&#8220; background_repeat=&#8220;repeat&#8220; width=&#8220;100%&#8220; global_colors_info=&#8220;{}&#8220;][et_pb_column type=&#8220;4_4&#8243; _builder_version=&#8220;4.16&#8243; custom_padding=&#8220;|||&#8220; global_colors_info=&#8220;{}&#8220; custom_padding__hover=&#8220;|||&#8220;][et_pb_wc_tabs _builder_version=&#8220;4.16&#8243; global_colors_info=&#8220;{}&#8220;]     [\/et_pb_wc_tabs][et_pb_wc_upsells columns_number=&#8220;3&#8243; _builder_version=&#8220;4.16&#8243; global_colors_info=&#8220;{}&#8220;][\/et_pb_wc_upsells][et_pb_wc_related_products columns_number=&#8220;3&#8243; _builder_version=&#8220;4.16&#8243; global_colors_info=&#8220;{}&#8220;][\/et_pb_wc_related_products][\/et_pb_column][\/et_pb_row][\/et_pb_section]<\/p>\n","protected":false},"excerpt":{"rendered":"<h3>Wasserfeste Aufkleber f\u00fcr ebene Untergr\u00fcnde<\/h3>\n<p>Unsere Vinylaufkleber bieten eine hervorragende L\u00f6sung f\u00fcr den Innen- und Au\u00dfenbereich. W\u00e4hlen Sie aus 11 beliebten Materialien. Sie k\u00f6nnen unsere Vinylaufkleber in jeder Gr\u00f6\u00dfe und Form bestellen. Besonders gro\u00df? Das ist m\u00f6glich; unsere Vinylaufkleber k\u00f6nnen bis zu einem Format von sage und schreibe 148 x 750 cm bestellt werden.<\/p>\n","protected":false},"featured_media":15670,"template":"","meta":{"_et_pb_use_builder":"off","_et_pb_old_content":"<h3>Vinylaufkleber drucken<\/h3>\nVerwandeln Sie Ihre Vision in die Realit\u00e4t mit unseren Vinylaufklebern, die f\u00fcr maximale Wirkung und langfristige Leistung entwickelt wurden. Ob Sie eine auff\u00e4llige Werbung erstellen, Ihren Raum versch\u00f6nern oder ein pers\u00f6nliches Statement setzen m\u00f6chten, unsere Aufkleber bieten die ideale L\u00f6sung mit einer hervorragenden Mischung aus Qualit\u00e4t und Vielseitigkeit.\n<h3>Vorteile<\/h3>\n<ul>\n  <li>Hergestellt aus selbstklebendem, wasserfestem PVC<\/li>\n  <li>Wahl zwischen Topmarken: 3M oder Orajet<\/li>\n  <li>Optionale Laminatveredelung (zus\u00e4tzlicher Schutz)<\/li>\n<\/ul>\n\u00a0\n<h3>Material<\/h3>\nUnsere Vinylaufkleber werden aus selbstklebendem, wasserfestem PVC gefertigt, was eine langfristige Haftung und Best\u00e4ndigkeit gegen verschiedene Umwelteinfl\u00fcsse gew\u00e4hrleistet. Sie k\u00f6nnen je nach gew\u00fcnschtem visuellem Effekt und Anwendung zwischen transparenter oder wei\u00dfer Folie w\u00e4hlen. Unsere Vinylaufkleber sind in zwei Marken erh\u00e4ltlich: 3M und Orajet.\n\n<strong>3M<\/strong>\nW\u00e4hlen Sie die unvergleichliche Qualit\u00e4t und Garantie von 3M. Mit der 3M\u2122 IJ20-114 erhalten Sie eine Garantie von 1 Jahr und mit der 3M\u2122 IJ40-114 sogar bis zu 7 Jahre. Diese Aufkleber sind in zwei Varianten erh\u00e4ltlich. Einlagiger Full-Color-Druck: Der Druck besteht aus einer Schicht Full-Color-Tinte f\u00fcr lebendige, dauerhafte Farben. Full-Color mit Wei\u00df \/ nur Wei\u00df: Der Druck besteht aus Full-Color-Tinte mit zwei Schichten wei\u00dfer Tinte, die Sie f\u00fcr einen besonders auff\u00e4lligen Effekt selbst positionieren k\u00f6nnen.\n\n<strong>Orajet<\/strong>\nF\u00fcr eine kosteneffiziente Option k\u00f6nnen Sie Orajet w\u00e4hlen, das eine erwartete Lebensdauer von bis zu 2 Jahren mit der Orajet\u00ae 3162 Transparent und bis zu 5 Jahren mit der Orajet\u00ae 3651 Transparent bietet. Diese Aufkleber sind im einlagigen Full-Color-Druck erh\u00e4ltlich.\n<h3>Veredelung<\/h3>\nUnsere Vinylaufkleber k\u00f6nnen mit einem Laminat in matt oder gl\u00e4nzend veredelt werden, was zus\u00e4tzlichen Schutz und ein individuelles Erscheinungsbild bietet. Dieses Laminat verl\u00e4ngert die Lebensdauer des Aufklebers. Sie k\u00f6nnen Ihren Vinylaufkleber in dem von Ihnen ben\u00f6tigten Format anfertigen lassen oder passgenau nach den Konturen Ihres Designs zuschneiden lassen. F\u00fcr das Design k\u00f6nnen Sie aus einem unserer bestehenden Muster w\u00e4hlen oder Ihren Vinylaufkleber mit Ihrem eigenen Design personalisieren.\n\nHinweis: Es kann eine kleine Abweichung von bis zu 3 mm von der Mitte der Datei auftreten. Dies kann minimiert werden, indem keine unn\u00f6tig d\u00fcnnen Rahmen um Ihr Design platziert werden.\n<h3>Zubeh\u00f6r<\/h3>\nUm das Anbringen Ihres Aufklebers so einfach wie m\u00f6glich zu gestalten, bieten wir eine breite Palette an Zubeh\u00f6r an. Diese Hilfsmittel sorgen f\u00fcr ein professionelles und sauberes Ergebnis, unabh\u00e4ngig von der Gr\u00f6\u00dfe oder Komplexit\u00e4t Ihres Aufklebers.","_et_gb_content_width":""},"product_brand":[],"product_cat":[313,932],"product_tag":[],"class_list":{"0":"post-15669","1":"product","2":"type-product","3":"status-publish","4":"has-post-thumbnail","6":"product_cat-aufkleber-und-druck","7":"product_cat-grose-aufkleber","9":"first","10":"instock","11":"taxable","12":"shipping-taxable","13":"purchasable","14":"product-type-simple"},"yoast_head":"<!-- This site is optimized with the Yoast SEO plugin v27.3 - https:\/\/yoast.com\/product\/yoast-seo-wordpress\/ -->\n<title>Langlebige Vinylaufkleber nach Ma\u00df | Schnelle Lieferung<\/title>\n<meta name=\"description\" content=\"Wasserfeste Vinylaufkleber, perfekt f\u00fcr den Innen- und Au\u00dfenbereich. In Gr\u00f6\u00dfe, Form und Ausf\u00fchrung personalisierbar. Lieferung in ganz Europa\" \/>\n<meta name=\"robots\" content=\"index, follow, max-snippet:-1, max-image-preview:large, max-video-preview:-1\" \/>\n<link rel=\"canonical\" href=\"https:\/\/www.amstelprinting.nl\/de\/geschaeft\/aufkleber-und-druck\/grose-aufkleber\/vinylaufkleber\/\" \/>\n<meta property=\"og:locale\" content=\"de_DE\" \/>\n<meta property=\"og:type\" content=\"article\" \/>\n<meta property=\"og:title\" content=\"Langlebige Vinylaufkleber nach Ma\u00df | Schnelle Lieferung\" \/>\n<meta property=\"og:description\" content=\"Wasserfeste Vinylaufkleber, perfekt f\u00fcr den Innen- und Au\u00dfenbereich. In Gr\u00f6\u00dfe, Form und Ausf\u00fchrung personalisierbar. Lieferung in ganz Europa\" \/>\n<meta property=\"og:url\" content=\"https:\/\/www.amstelprinting.nl\/de\/geschaeft\/aufkleber-und-druck\/grose-aufkleber\/vinylaufkleber\/\" \/>\n<meta property=\"og:site_name\" content=\"Amstel Printing\" \/>\n<meta property=\"article:modified_time\" content=\"2026-02-18T11:55:18+00:00\" \/>\n<meta property=\"og:image\" content=\"https:\/\/www.amstelprinting.nl\/wp-content\/uploads\/Vinyl-sticker.jpg\" \/>\n\t<meta property=\"og:image:width\" content=\"700\" \/>\n\t<meta property=\"og:image:height\" content=\"700\" \/>\n\t<meta property=\"og:image:type\" content=\"image\/jpeg\" \/>\n<meta name=\"twitter:card\" content=\"summary_large_image\" \/>\n<meta name=\"twitter:label1\" content=\"Gesch\u00e4tzte Lesezeit\" \/>\n\t<meta name=\"twitter:data1\" content=\"2\u00a0Minuten\" \/>\n<script type=\"application\/ld+json\" class=\"yoast-schema-graph\">{\"@context\":\"https:\\\/\\\/schema.org\",\"@graph\":[{\"@type\":\"WebPage\",\"@id\":\"https:\\\/\\\/www.amstelprinting.nl\\\/de\\\/geschaeft\\\/aufkleber-und-druck\\\/grose-aufkleber\\\/vinylaufkleber\\\/\",\"url\":\"https:\\\/\\\/www.amstelprinting.nl\\\/de\\\/geschaeft\\\/aufkleber-und-druck\\\/grose-aufkleber\\\/vinylaufkleber\\\/\",\"name\":\"Langlebige Vinylaufkleber nach Ma\u00df | Schnelle Lieferung\",\"isPartOf\":{\"@id\":\"https:\\\/\\\/www.amstelprinting.nl\\\/de\\\/#website\"},\"primaryImageOfPage\":{\"@id\":\"https:\\\/\\\/www.amstelprinting.nl\\\/de\\\/geschaeft\\\/aufkleber-und-druck\\\/grose-aufkleber\\\/vinylaufkleber\\\/#primaryimage\"},\"image\":{\"@id\":\"https:\\\/\\\/www.amstelprinting.nl\\\/de\\\/geschaeft\\\/aufkleber-und-druck\\\/grose-aufkleber\\\/vinylaufkleber\\\/#primaryimage\"},\"thumbnailUrl\":\"https:\\\/\\\/www.amstelprinting.nl\\\/wp-content\\\/uploads\\\/Vinyl-sticker.jpg\",\"datePublished\":\"2025-01-23T19:44:46+00:00\",\"dateModified\":\"2026-02-18T11:55:18+00:00\",\"description\":\"Wasserfeste Vinylaufkleber, perfekt f\u00fcr den Innen- und Au\u00dfenbereich. In Gr\u00f6\u00dfe, Form und Ausf\u00fchrung personalisierbar. Lieferung in ganz Europa\",\"breadcrumb\":{\"@id\":\"https:\\\/\\\/www.amstelprinting.nl\\\/de\\\/geschaeft\\\/aufkleber-und-druck\\\/grose-aufkleber\\\/vinylaufkleber\\\/#breadcrumb\"},\"inLanguage\":\"de\",\"potentialAction\":[{\"@type\":\"ReadAction\",\"target\":[\"https:\\\/\\\/www.amstelprinting.nl\\\/de\\\/geschaeft\\\/aufkleber-und-druck\\\/grose-aufkleber\\\/vinylaufkleber\\\/\"]}]},{\"@type\":\"ImageObject\",\"inLanguage\":\"de\",\"@id\":\"https:\\\/\\\/www.amstelprinting.nl\\\/de\\\/geschaeft\\\/aufkleber-und-druck\\\/grose-aufkleber\\\/vinylaufkleber\\\/#primaryimage\",\"url\":\"https:\\\/\\\/www.amstelprinting.nl\\\/wp-content\\\/uploads\\\/Vinyl-sticker.jpg\",\"contentUrl\":\"https:\\\/\\\/www.amstelprinting.nl\\\/wp-content\\\/uploads\\\/Vinyl-sticker.jpg\",\"width\":700,\"height\":700},{\"@type\":\"BreadcrumbList\",\"@id\":\"https:\\\/\\\/www.amstelprinting.nl\\\/de\\\/geschaeft\\\/aufkleber-und-druck\\\/grose-aufkleber\\\/vinylaufkleber\\\/#breadcrumb\",\"itemListElement\":[{\"@type\":\"ListItem\",\"position\":1,\"name\":\"\",\"item\":\"https:\\\/\\\/www.amstelprinting.nl\\\/de\\\/\"},{\"@type\":\"ListItem\",\"position\":2,\"name\":\"Amstel Printing\",\"item\":\"https:\\\/\\\/www.amstelprinting.nl\\\/de\\\/geschaeft\\\/\"},{\"@type\":\"ListItem\",\"position\":3,\"name\":\"Vinylaufkleber\"}]},{\"@type\":\"WebSite\",\"@id\":\"https:\\\/\\\/www.amstelprinting.nl\\\/de\\\/#website\",\"url\":\"https:\\\/\\\/www.amstelprinting.nl\\\/de\\\/\",\"name\":\"Amstel Printing\",\"description\":\"Creating Exposure\",\"publisher\":{\"@id\":\"https:\\\/\\\/www.amstelprinting.nl\\\/de\\\/#organization\"},\"potentialAction\":[{\"@type\":\"SearchAction\",\"target\":{\"@type\":\"EntryPoint\",\"urlTemplate\":\"https:\\\/\\\/www.amstelprinting.nl\\\/de\\\/?s={search_term_string}\"},\"query-input\":{\"@type\":\"PropertyValueSpecification\",\"valueRequired\":true,\"valueName\":\"search_term_string\"}}],\"inLanguage\":\"de\"},{\"@type\":\"Organization\",\"@id\":\"https:\\\/\\\/www.amstelprinting.nl\\\/de\\\/#organization\",\"name\":\"Amstel Printing\",\"url\":\"https:\\\/\\\/www.amstelprinting.nl\\\/de\\\/\",\"logo\":{\"@type\":\"ImageObject\",\"inLanguage\":\"de\",\"@id\":\"https:\\\/\\\/www.amstelprinting.nl\\\/de\\\/#\\\/schema\\\/logo\\\/image\\\/\",\"url\":\"https:\\\/\\\/www.amstelprinting.nl\\\/wp-content\\\/uploads\\\/amstel_printing_logo_clean.png\",\"contentUrl\":\"https:\\\/\\\/www.amstelprinting.nl\\\/wp-content\\\/uploads\\\/amstel_printing_logo_clean.png\",\"width\":324,\"height\":73,\"caption\":\"Amstel Printing\"},\"image\":{\"@id\":\"https:\\\/\\\/www.amstelprinting.nl\\\/de\\\/#\\\/schema\\\/logo\\\/image\\\/\"}}]}<\/script>\n<!-- \/ Yoast SEO plugin. -->","yoast_head_json":{"title":"Langlebige Vinylaufkleber nach Ma\u00df | Schnelle Lieferung","description":"Wasserfeste Vinylaufkleber, perfekt f\u00fcr den Innen- und Au\u00dfenbereich. In Gr\u00f6\u00dfe, Form und Ausf\u00fchrung personalisierbar. Lieferung in ganz Europa","robots":{"index":"index","follow":"follow","max-snippet":"max-snippet:-1","max-image-preview":"max-image-preview:large","max-video-preview":"max-video-preview:-1"},"canonical":"https:\/\/www.amstelprinting.nl\/de\/geschaeft\/aufkleber-und-druck\/grose-aufkleber\/vinylaufkleber\/","og_locale":"de_DE","og_type":"article","og_title":"Langlebige Vinylaufkleber nach Ma\u00df | Schnelle Lieferung","og_description":"Wasserfeste Vinylaufkleber, perfekt f\u00fcr den Innen- und Au\u00dfenbereich. In Gr\u00f6\u00dfe, Form und Ausf\u00fchrung personalisierbar. Lieferung in ganz Europa","og_url":"https:\/\/www.amstelprinting.nl\/de\/geschaeft\/aufkleber-und-druck\/grose-aufkleber\/vinylaufkleber\/","og_site_name":"Amstel Printing","article_modified_time":"2026-02-18T11:55:18+00:00","og_image":[{"width":700,"height":700,"url":"https:\/\/www.amstelprinting.nl\/wp-content\/uploads\/Vinyl-sticker.jpg","type":"image\/jpeg"}],"twitter_card":"summary_large_image","twitter_misc":{"Gesch\u00e4tzte Lesezeit":"2\u00a0Minuten"},"schema":{"@context":"https:\/\/schema.org","@graph":[{"@type":"WebPage","@id":"https:\/\/www.amstelprinting.nl\/de\/geschaeft\/aufkleber-und-druck\/grose-aufkleber\/vinylaufkleber\/","url":"https:\/\/www.amstelprinting.nl\/de\/geschaeft\/aufkleber-und-druck\/grose-aufkleber\/vinylaufkleber\/","name":"Langlebige Vinylaufkleber nach Ma\u00df | Schnelle Lieferung","isPartOf":{"@id":"https:\/\/www.amstelprinting.nl\/de\/#website"},"primaryImageOfPage":{"@id":"https:\/\/www.amstelprinting.nl\/de\/geschaeft\/aufkleber-und-druck\/grose-aufkleber\/vinylaufkleber\/#primaryimage"},"image":{"@id":"https:\/\/www.amstelprinting.nl\/de\/geschaeft\/aufkleber-und-druck\/grose-aufkleber\/vinylaufkleber\/#primaryimage"},"thumbnailUrl":"https:\/\/www.amstelprinting.nl\/wp-content\/uploads\/Vinyl-sticker.jpg","datePublished":"2025-01-23T19:44:46+00:00","dateModified":"2026-02-18T11:55:18+00:00","description":"Wasserfeste Vinylaufkleber, perfekt f\u00fcr den Innen- und Au\u00dfenbereich. In Gr\u00f6\u00dfe, Form und Ausf\u00fchrung personalisierbar. Lieferung in ganz Europa","breadcrumb":{"@id":"https:\/\/www.amstelprinting.nl\/de\/geschaeft\/aufkleber-und-druck\/grose-aufkleber\/vinylaufkleber\/#breadcrumb"},"inLanguage":"de","potentialAction":[{"@type":"ReadAction","target":["https:\/\/www.amstelprinting.nl\/de\/geschaeft\/aufkleber-und-druck\/grose-aufkleber\/vinylaufkleber\/"]}]},{"@type":"ImageObject","inLanguage":"de","@id":"https:\/\/www.amstelprinting.nl\/de\/geschaeft\/aufkleber-und-druck\/grose-aufkleber\/vinylaufkleber\/#primaryimage","url":"https:\/\/www.amstelprinting.nl\/wp-content\/uploads\/Vinyl-sticker.jpg","contentUrl":"https:\/\/www.amstelprinting.nl\/wp-content\/uploads\/Vinyl-sticker.jpg","width":700,"height":700},{"@type":"BreadcrumbList","@id":"https:\/\/www.amstelprinting.nl\/de\/geschaeft\/aufkleber-und-druck\/grose-aufkleber\/vinylaufkleber\/#breadcrumb","itemListElement":[{"@type":"ListItem","position":1,"name":"","item":"https:\/\/www.amstelprinting.nl\/de\/"},{"@type":"ListItem","position":2,"name":"Amstel Printing","item":"https:\/\/www.amstelprinting.nl\/de\/geschaeft\/"},{"@type":"ListItem","position":3,"name":"Vinylaufkleber"}]},{"@type":"WebSite","@id":"https:\/\/www.amstelprinting.nl\/de\/#website","url":"https:\/\/www.amstelprinting.nl\/de\/","name":"Amstel Printing","description":"Creating Exposure","publisher":{"@id":"https:\/\/www.amstelprinting.nl\/de\/#organization"},"potentialAction":[{"@type":"SearchAction","target":{"@type":"EntryPoint","urlTemplate":"https:\/\/www.amstelprinting.nl\/de\/?s={search_term_string}"},"query-input":{"@type":"PropertyValueSpecification","valueRequired":true,"valueName":"search_term_string"}}],"inLanguage":"de"},{"@type":"Organization","@id":"https:\/\/www.amstelprinting.nl\/de\/#organization","name":"Amstel Printing","url":"https:\/\/www.amstelprinting.nl\/de\/","logo":{"@type":"ImageObject","inLanguage":"de","@id":"https:\/\/www.amstelprinting.nl\/de\/#\/schema\/logo\/image\/","url":"https:\/\/www.amstelprinting.nl\/wp-content\/uploads\/amstel_printing_logo_clean.png","contentUrl":"https:\/\/www.amstelprinting.nl\/wp-content\/uploads\/amstel_printing_logo_clean.png","width":324,"height":73,"caption":"Amstel Printing"},"image":{"@id":"https:\/\/www.amstelprinting.nl\/de\/#\/schema\/logo\/image\/"}}]}},"_links":{"self":[{"href":"https:\/\/www.amstelprinting.nl\/de\/wp-json\/wp\/v2\/product\/15669","targetHints":{"allow":["GET"]}}],"collection":[{"href":"https:\/\/www.amstelprinting.nl\/de\/wp-json\/wp\/v2\/product"}],"about":[{"href":"https:\/\/www.amstelprinting.nl\/de\/wp-json\/wp\/v2\/types\/product"}],"wp:featuredmedia":[{"embeddable":true,"href":"https:\/\/www.amstelprinting.nl\/de\/wp-json\/wp\/v2\/media\/15670"}],"wp:attachment":[{"href":"https:\/\/www.amstelprinting.nl\/de\/wp-json\/wp\/v2\/media?parent=15669"}],"wp:term":[{"taxonomy":"product_brand","embeddable":true,"href":"https:\/\/www.amstelprinting.nl\/de\/wp-json\/wp\/v2\/product_brand?post=15669"},{"taxonomy":"product_cat","embeddable":true,"href":"https:\/\/www.amstelprinting.nl\/de\/wp-json\/wp\/v2\/product_cat?post=15669"},{"taxonomy":"product_tag","embeddable":true,"href":"https:\/\/www.amstelprinting.nl\/de\/wp-json\/wp\/v2\/product_tag?post=15669"}],"curies":[{"name":"wp","href":"https:\/\/api.w.org\/{rel}","templated":true}]}}