{"id":15696,"date":"2025-01-23T20:44:29","date_gmt":"2025-01-23T19:44:29","guid":{"rendered":"https:\/\/www.amstelprinting.nl\/winkel\/unkategorisiert\/magneetsticker-2\/"},"modified":"2026-02-18T12:54:56","modified_gmt":"2026-02-18T11:54:56","slug":"magnetsticker","status":"publish","type":"product","link":"https:\/\/www.amstelprinting.nl\/de\/geschaeft\/aufkleber-und-druck\/grose-aufkleber\/magnetsticker\/","title":{"rendered":"Magnetsticker"},"content":{"rendered":"<h3>Magnetsticker bedruckken<\/h3>\n<p>Unsere Magnetsticker bieten eine hervorragende Kombination aus Vielseitigkeit, Langlebigkeit und visueller Wirkung. Ganz gleich, ob Sie eine auff\u00e4llige Werbekampagne starten, Ihre Gesch\u00e4ftsr\u00e4ume versch\u00f6nern oder einfach Ihrem Interieur eine pers\u00f6nliche Note verleihen m\u00f6chten, diese Aufkleber sind die ideale Wahl. Nutzen Sie das Mock-up (siehe Downloads), um Ihr Design ganz einfach zu erstellen.<\/p>\n<h3>Format und Material<\/h3>\n<p>Unsere Magnetsticker sind in zwei St\u00e4rken erh\u00e4ltlich: 0,5 mm und 0,85 mm. Wenn Sie den Aufkleber im Innenbereich verwenden m\u00f6chten, empfehlen wir die St\u00e4rke von 0,5 mm. F\u00fcr Fahrzeuge und andere Au\u00dfenanwendungen bieten wir unsere Magnetsticker in einer St\u00e4rke von 0,85 mm an.<\/p>\n<h3>Verarbeitung<\/h3>\n<p>Jeder Magnetsticker wird mit einer 100 % Full-Color-UV-Drucktechnik bedruckt. Diese fortschrittliche Technologie sorgt daf\u00fcr, dass Ihr Design mit beeindruckender Klarheit und Detailtreue wiedergegeben wird, und garantiert eine lang anhaltende Farbechtheit, selbst bei direkter Sonneneinstrahlung und anderen Umwelteinfl\u00fcssen. Unsere Magnetsticker k\u00f6nnen nach Ihrem Wunschformat oder den Konturen Ihres Designs zugeschnitten werden.<\/p>\n<h3>Zubeh\u00f6r<\/h3>\n<p>Um die Montage Ihrer Magnetsticker so reibungslos wie m\u00f6glich zu gestalten, bieten wir praktisches Zubeh\u00f6r wie Entfetter und Stoffhandschuhe an. Der Entfetter sorgt f\u00fcr eine saubere, fettfreie Oberfl\u00e4che, wodurch die Haftung des Magnetstickers optimal ist.<\/p>\n","protected":false},"excerpt":{"rendered":"<h3>Bestimmen Sie Format und Form selbst. Versehen mit Ihrem eigenen Druck.<\/h3>\n<p>Entdecken Sie die Vielseitigkeit von Magnetstickern. Verwandeln Sie jede Metalloberfl\u00e4che wie Whiteboards oder Fahrzeuge mit unseren Magnetstickern. Bedruckte Magnetsticker kombinieren Funktionalit\u00e4t und Werbung in einem leistungsstarken Produkt. W\u00e4hlen Sie eine rechteckige Form oder einen Magnetsticker in Ihrer ganz eigenen Form.<\/p>\n","protected":false},"featured_media":15698,"template":"","meta":{"_et_pb_use_builder":"","_et_pb_old_content":"","_et_gb_content_width":""},"product_brand":[],"product_cat":[313,932],"product_tag":[],"class_list":{"0":"post-15696","1":"product","2":"type-product","3":"status-publish","4":"has-post-thumbnail","6":"product_cat-aufkleber-und-druck","7":"product_cat-grose-aufkleber","9":"first","10":"instock","11":"taxable","12":"shipping-taxable","13":"purchasable","14":"product-type-simple"},"yoast_head":"<!-- This site is optimized with the Yoast SEO plugin v27.3 - https:\/\/yoast.com\/product\/yoast-seo-wordpress\/ -->\n<title>Magnetsticker nach Ma\u00df bestellen \u2013 Langlebig &amp; Flexibel<\/title>\n<meta name=\"description\" content=\"Bestellen Sie hochwertige Magnetsticker nach Ma\u00df, ideal f\u00fcr den Innen- und Au\u00dfenbereich. W\u00e4hlen Sie Format und Form. Scharfer Full-Color-Druck und schnelle Online-Konfiguration.\" \/>\n<meta name=\"robots\" content=\"index, follow, max-snippet:-1, max-image-preview:large, max-video-preview:-1\" \/>\n<link rel=\"canonical\" href=\"https:\/\/www.amstelprinting.nl\/de\/geschaeft\/aufkleber-und-druck\/grose-aufkleber\/magnetsticker\/\" \/>\n<meta property=\"og:locale\" content=\"de_DE\" \/>\n<meta property=\"og:type\" content=\"article\" \/>\n<meta property=\"og:title\" content=\"Magnetsticker nach Ma\u00df bestellen \u2013 Langlebig &amp; Flexibel\" \/>\n<meta property=\"og:description\" content=\"Bestellen Sie hochwertige Magnetsticker nach Ma\u00df, ideal f\u00fcr den Innen- und Au\u00dfenbereich. W\u00e4hlen Sie Format und Form. Scharfer Full-Color-Druck und schnelle Online-Konfiguration.\" \/>\n<meta property=\"og:url\" content=\"https:\/\/www.amstelprinting.nl\/de\/geschaeft\/aufkleber-und-druck\/grose-aufkleber\/magnetsticker\/\" \/>\n<meta property=\"og:site_name\" content=\"Amstel Printing\" \/>\n<meta property=\"article:modified_time\" content=\"2026-02-18T11:54:56+00:00\" \/>\n<meta property=\"og:image\" content=\"https:\/\/www.amstelprinting.nl\/wp-content\/uploads\/Magneetsticker.jpg\" \/>\n\t<meta property=\"og:image:width\" content=\"700\" \/>\n\t<meta property=\"og:image:height\" content=\"700\" \/>\n\t<meta property=\"og:image:type\" content=\"image\/jpeg\" \/>\n<meta name=\"twitter:card\" content=\"summary_large_image\" \/>\n<meta name=\"twitter:label1\" content=\"Gesch\u00e4tzte Lesezeit\" \/>\n\t<meta name=\"twitter:data1\" content=\"1\u00a0Minute\" \/>\n<script type=\"application\/ld+json\" class=\"yoast-schema-graph\">{\"@context\":\"https:\\\/\\\/schema.org\",\"@graph\":[{\"@type\":\"WebPage\",\"@id\":\"https:\\\/\\\/www.amstelprinting.nl\\\/de\\\/geschaeft\\\/aufkleber-und-druck\\\/grose-aufkleber\\\/magnetsticker\\\/\",\"url\":\"https:\\\/\\\/www.amstelprinting.nl\\\/de\\\/geschaeft\\\/aufkleber-und-druck\\\/grose-aufkleber\\\/magnetsticker\\\/\",\"name\":\"Magnetsticker nach Ma\u00df bestellen \u2013 Langlebig & Flexibel\",\"isPartOf\":{\"@id\":\"https:\\\/\\\/www.amstelprinting.nl\\\/de\\\/#website\"},\"primaryImageOfPage\":{\"@id\":\"https:\\\/\\\/www.amstelprinting.nl\\\/de\\\/geschaeft\\\/aufkleber-und-druck\\\/grose-aufkleber\\\/magnetsticker\\\/#primaryimage\"},\"image\":{\"@id\":\"https:\\\/\\\/www.amstelprinting.nl\\\/de\\\/geschaeft\\\/aufkleber-und-druck\\\/grose-aufkleber\\\/magnetsticker\\\/#primaryimage\"},\"thumbnailUrl\":\"https:\\\/\\\/www.amstelprinting.nl\\\/wp-content\\\/uploads\\\/Magneetsticker.jpg\",\"datePublished\":\"2025-01-23T19:44:29+00:00\",\"dateModified\":\"2026-02-18T11:54:56+00:00\",\"description\":\"Bestellen Sie hochwertige Magnetsticker nach Ma\u00df, ideal f\u00fcr den Innen- und Au\u00dfenbereich. W\u00e4hlen Sie Format und Form. Scharfer Full-Color-Druck und schnelle Online-Konfiguration.\",\"breadcrumb\":{\"@id\":\"https:\\\/\\\/www.amstelprinting.nl\\\/de\\\/geschaeft\\\/aufkleber-und-druck\\\/grose-aufkleber\\\/magnetsticker\\\/#breadcrumb\"},\"inLanguage\":\"de\",\"potentialAction\":[{\"@type\":\"ReadAction\",\"target\":[\"https:\\\/\\\/www.amstelprinting.nl\\\/de\\\/geschaeft\\\/aufkleber-und-druck\\\/grose-aufkleber\\\/magnetsticker\\\/\"]}]},{\"@type\":\"ImageObject\",\"inLanguage\":\"de\",\"@id\":\"https:\\\/\\\/www.amstelprinting.nl\\\/de\\\/geschaeft\\\/aufkleber-und-druck\\\/grose-aufkleber\\\/magnetsticker\\\/#primaryimage\",\"url\":\"https:\\\/\\\/www.amstelprinting.nl\\\/wp-content\\\/uploads\\\/Magneetsticker.jpg\",\"contentUrl\":\"https:\\\/\\\/www.amstelprinting.nl\\\/wp-content\\\/uploads\\\/Magneetsticker.jpg\",\"width\":700,\"height\":700},{\"@type\":\"BreadcrumbList\",\"@id\":\"https:\\\/\\\/www.amstelprinting.nl\\\/de\\\/geschaeft\\\/aufkleber-und-druck\\\/grose-aufkleber\\\/magnetsticker\\\/#breadcrumb\",\"itemListElement\":[{\"@type\":\"ListItem\",\"position\":1,\"name\":\"\",\"item\":\"https:\\\/\\\/www.amstelprinting.nl\\\/de\\\/\"},{\"@type\":\"ListItem\",\"position\":2,\"name\":\"Amstel Printing\",\"item\":\"https:\\\/\\\/www.amstelprinting.nl\\\/de\\\/geschaeft\\\/\"},{\"@type\":\"ListItem\",\"position\":3,\"name\":\"Aufkleber und Druck\",\"item\":\"https:\\\/\\\/www.amstelprinting.nl\\\/de\\\/kategorie\\\/aufkleber-und-druck\\\/\"},{\"@type\":\"ListItem\",\"position\":4,\"name\":\"Gro\u00dfe Aufkleber\",\"item\":\"https:\\\/\\\/www.amstelprinting.nl\\\/de\\\/kategorie\\\/aufkleber-und-druck\\\/grose-aufkleber\\\/\"},{\"@type\":\"ListItem\",\"position\":5,\"name\":\"Magnetsticker\"}]},{\"@type\":\"WebSite\",\"@id\":\"https:\\\/\\\/www.amstelprinting.nl\\\/de\\\/#website\",\"url\":\"https:\\\/\\\/www.amstelprinting.nl\\\/de\\\/\",\"name\":\"Amstel Printing\",\"description\":\"Creating Exposure\",\"publisher\":{\"@id\":\"https:\\\/\\\/www.amstelprinting.nl\\\/de\\\/#organization\"},\"potentialAction\":[{\"@type\":\"SearchAction\",\"target\":{\"@type\":\"EntryPoint\",\"urlTemplate\":\"https:\\\/\\\/www.amstelprinting.nl\\\/de\\\/?s={search_term_string}\"},\"query-input\":{\"@type\":\"PropertyValueSpecification\",\"valueRequired\":true,\"valueName\":\"search_term_string\"}}],\"inLanguage\":\"de\"},{\"@type\":\"Organization\",\"@id\":\"https:\\\/\\\/www.amstelprinting.nl\\\/de\\\/#organization\",\"name\":\"Amstel Printing\",\"url\":\"https:\\\/\\\/www.amstelprinting.nl\\\/de\\\/\",\"logo\":{\"@type\":\"ImageObject\",\"inLanguage\":\"de\",\"@id\":\"https:\\\/\\\/www.amstelprinting.nl\\\/de\\\/#\\\/schema\\\/logo\\\/image\\\/\",\"url\":\"https:\\\/\\\/www.amstelprinting.nl\\\/wp-content\\\/uploads\\\/amstel_printing_logo_clean.png\",\"contentUrl\":\"https:\\\/\\\/www.amstelprinting.nl\\\/wp-content\\\/uploads\\\/amstel_printing_logo_clean.png\",\"width\":324,\"height\":73,\"caption\":\"Amstel Printing\"},\"image\":{\"@id\":\"https:\\\/\\\/www.amstelprinting.nl\\\/de\\\/#\\\/schema\\\/logo\\\/image\\\/\"}}]}<\/script>\n<!-- \/ Yoast SEO plugin. -->","yoast_head_json":{"title":"Magnetsticker nach Ma\u00df bestellen \u2013 Langlebig & Flexibel","description":"Bestellen Sie hochwertige Magnetsticker nach Ma\u00df, ideal f\u00fcr den Innen- und Au\u00dfenbereich. W\u00e4hlen Sie Format und Form. Scharfer Full-Color-Druck und schnelle Online-Konfiguration.","robots":{"index":"index","follow":"follow","max-snippet":"max-snippet:-1","max-image-preview":"max-image-preview:large","max-video-preview":"max-video-preview:-1"},"canonical":"https:\/\/www.amstelprinting.nl\/de\/geschaeft\/aufkleber-und-druck\/grose-aufkleber\/magnetsticker\/","og_locale":"de_DE","og_type":"article","og_title":"Magnetsticker nach Ma\u00df bestellen \u2013 Langlebig & Flexibel","og_description":"Bestellen Sie hochwertige Magnetsticker nach Ma\u00df, ideal f\u00fcr den Innen- und Au\u00dfenbereich. W\u00e4hlen Sie Format und Form. Scharfer Full-Color-Druck und schnelle Online-Konfiguration.","og_url":"https:\/\/www.amstelprinting.nl\/de\/geschaeft\/aufkleber-und-druck\/grose-aufkleber\/magnetsticker\/","og_site_name":"Amstel Printing","article_modified_time":"2026-02-18T11:54:56+00:00","og_image":[{"width":700,"height":700,"url":"https:\/\/www.amstelprinting.nl\/wp-content\/uploads\/Magneetsticker.jpg","type":"image\/jpeg"}],"twitter_card":"summary_large_image","twitter_misc":{"Gesch\u00e4tzte Lesezeit":"1\u00a0Minute"},"schema":{"@context":"https:\/\/schema.org","@graph":[{"@type":"WebPage","@id":"https:\/\/www.amstelprinting.nl\/de\/geschaeft\/aufkleber-und-druck\/grose-aufkleber\/magnetsticker\/","url":"https:\/\/www.amstelprinting.nl\/de\/geschaeft\/aufkleber-und-druck\/grose-aufkleber\/magnetsticker\/","name":"Magnetsticker nach Ma\u00df bestellen \u2013 Langlebig & Flexibel","isPartOf":{"@id":"https:\/\/www.amstelprinting.nl\/de\/#website"},"primaryImageOfPage":{"@id":"https:\/\/www.amstelprinting.nl\/de\/geschaeft\/aufkleber-und-druck\/grose-aufkleber\/magnetsticker\/#primaryimage"},"image":{"@id":"https:\/\/www.amstelprinting.nl\/de\/geschaeft\/aufkleber-und-druck\/grose-aufkleber\/magnetsticker\/#primaryimage"},"thumbnailUrl":"https:\/\/www.amstelprinting.nl\/wp-content\/uploads\/Magneetsticker.jpg","datePublished":"2025-01-23T19:44:29+00:00","dateModified":"2026-02-18T11:54:56+00:00","description":"Bestellen Sie hochwertige Magnetsticker nach Ma\u00df, ideal f\u00fcr den Innen- und Au\u00dfenbereich. W\u00e4hlen Sie Format und Form. Scharfer Full-Color-Druck und schnelle Online-Konfiguration.","breadcrumb":{"@id":"https:\/\/www.amstelprinting.nl\/de\/geschaeft\/aufkleber-und-druck\/grose-aufkleber\/magnetsticker\/#breadcrumb"},"inLanguage":"de","potentialAction":[{"@type":"ReadAction","target":["https:\/\/www.amstelprinting.nl\/de\/geschaeft\/aufkleber-und-druck\/grose-aufkleber\/magnetsticker\/"]}]},{"@type":"ImageObject","inLanguage":"de","@id":"https:\/\/www.amstelprinting.nl\/de\/geschaeft\/aufkleber-und-druck\/grose-aufkleber\/magnetsticker\/#primaryimage","url":"https:\/\/www.amstelprinting.nl\/wp-content\/uploads\/Magneetsticker.jpg","contentUrl":"https:\/\/www.amstelprinting.nl\/wp-content\/uploads\/Magneetsticker.jpg","width":700,"height":700},{"@type":"BreadcrumbList","@id":"https:\/\/www.amstelprinting.nl\/de\/geschaeft\/aufkleber-und-druck\/grose-aufkleber\/magnetsticker\/#breadcrumb","itemListElement":[{"@type":"ListItem","position":1,"name":"","item":"https:\/\/www.amstelprinting.nl\/de\/"},{"@type":"ListItem","position":2,"name":"Amstel Printing","item":"https:\/\/www.amstelprinting.nl\/de\/geschaeft\/"},{"@type":"ListItem","position":3,"name":"Aufkleber und Druck","item":"https:\/\/www.amstelprinting.nl\/de\/kategorie\/aufkleber-und-druck\/"},{"@type":"ListItem","position":4,"name":"Gro\u00dfe Aufkleber","item":"https:\/\/www.amstelprinting.nl\/de\/kategorie\/aufkleber-und-druck\/grose-aufkleber\/"},{"@type":"ListItem","position":5,"name":"Magnetsticker"}]},{"@type":"WebSite","@id":"https:\/\/www.amstelprinting.nl\/de\/#website","url":"https:\/\/www.amstelprinting.nl\/de\/","name":"Amstel Printing","description":"Creating Exposure","publisher":{"@id":"https:\/\/www.amstelprinting.nl\/de\/#organization"},"potentialAction":[{"@type":"SearchAction","target":{"@type":"EntryPoint","urlTemplate":"https:\/\/www.amstelprinting.nl\/de\/?s={search_term_string}"},"query-input":{"@type":"PropertyValueSpecification","valueRequired":true,"valueName":"search_term_string"}}],"inLanguage":"de"},{"@type":"Organization","@id":"https:\/\/www.amstelprinting.nl\/de\/#organization","name":"Amstel Printing","url":"https:\/\/www.amstelprinting.nl\/de\/","logo":{"@type":"ImageObject","inLanguage":"de","@id":"https:\/\/www.amstelprinting.nl\/de\/#\/schema\/logo\/image\/","url":"https:\/\/www.amstelprinting.nl\/wp-content\/uploads\/amstel_printing_logo_clean.png","contentUrl":"https:\/\/www.amstelprinting.nl\/wp-content\/uploads\/amstel_printing_logo_clean.png","width":324,"height":73,"caption":"Amstel Printing"},"image":{"@id":"https:\/\/www.amstelprinting.nl\/de\/#\/schema\/logo\/image\/"}}]}},"_links":{"self":[{"href":"https:\/\/www.amstelprinting.nl\/de\/wp-json\/wp\/v2\/product\/15696","targetHints":{"allow":["GET"]}}],"collection":[{"href":"https:\/\/www.amstelprinting.nl\/de\/wp-json\/wp\/v2\/product"}],"about":[{"href":"https:\/\/www.amstelprinting.nl\/de\/wp-json\/wp\/v2\/types\/product"}],"wp:featuredmedia":[{"embeddable":true,"href":"https:\/\/www.amstelprinting.nl\/de\/wp-json\/wp\/v2\/media\/15698"}],"wp:attachment":[{"href":"https:\/\/www.amstelprinting.nl\/de\/wp-json\/wp\/v2\/media?parent=15696"}],"wp:term":[{"taxonomy":"product_brand","embeddable":true,"href":"https:\/\/www.amstelprinting.nl\/de\/wp-json\/wp\/v2\/product_brand?post=15696"},{"taxonomy":"product_cat","embeddable":true,"href":"https:\/\/www.amstelprinting.nl\/de\/wp-json\/wp\/v2\/product_cat?post=15696"},{"taxonomy":"product_tag","embeddable":true,"href":"https:\/\/www.amstelprinting.nl\/de\/wp-json\/wp\/v2\/product_tag?post=15696"}],"curies":[{"name":"wp","href":"https:\/\/api.w.org\/{rel}","templated":true}]}}