{"id":15721,"date":"2025-01-23T20:44:19","date_gmt":"2025-01-23T19:44:19","guid":{"rendered":"https:\/\/www.amstelprinting.nl\/winkel\/unkategorisiert\/asfaltsticker\/"},"modified":"2026-02-18T12:54:56","modified_gmt":"2026-02-18T11:54:56","slug":"asphaltaufkleber-2","status":"publish","type":"product","link":"https:\/\/www.amstelprinting.nl\/de\/gesch\u00e4ft\/aufkleber-und-druck\/grose-aufkleber\/asphaltaufkleber-2\/","title":{"rendered":"Asphaltaufkleber"},"content":{"rendered":"<h3>Asphaltaufkleber bedrucken<\/h3>\n<p>Unser Outdoor-Asphaltaufkleber bietet die perfekte L\u00f6sung f\u00fcr tempor\u00e4re Au\u00dfenanwendungen auf ebenen Untergr\u00fcnden. Mit dem h\u00f6chsten Anti-Rutsch-Wert sorgt er f\u00fcr Sicherheit, selbst bei regnerischem Wetter. Der Asphaltaufkleber hat eine erwartete Lebensdauer von mindestens 3 Monaten (abh\u00e4ngig von Witterungseinfl\u00fcssen und Verkehrsintensit\u00e4t). Der Asphaltaufkleber l\u00e4sst sich nach Gebrauch wieder leicht entfernen. Es bleiben keine Kleber\u00fcckst\u00e4nde zur\u00fcck. Die Aluminiumr\u00fcckseite garantiert eine hervorragende Deckkraft, auch auf farbigen Untergr\u00fcnden. Das Anbringen (Anpassen an den Untergrund) erfolgt m\u00fchelos und kann ohne Werkzeug oder W\u00e4rmezufuhr (F\u00f6hn) durchgef\u00fchrt werden. Zudem ist der Bodenaufkleber komplett PVC-frei, also eine umweltfreundliche Wahl.<\/p>\n<h3>Material<\/h3>\n<p>Unsere Asphaltaufkleber bestehen aus wei\u00dfer Druckfolie mit einer Aluminiumr\u00fcckseite, die f\u00fcr eine hervorragende Deckkraft auf farbigen Oberfl\u00e4chen sorgt. Dank der rutschfesten und kratzfesten Eigenschaften sind diese Aufkleber besonders f\u00fcr verschiedene Untergr\u00fcnde geeignet. Um die optimale Anti-Rutsch-Leistung zu gew\u00e4hrleisten, wird die Folie nicht laminiert. Mit einem R-Wert von 12 erf\u00fcllt dieser Aufkleber die h\u00f6chsten Anti-Rutsch-Standards, was f\u00fcr Sicherheit und Effektivit\u00e4t bei Outdoor-Events und anderen intensiven Anwendungen entscheidend ist.<\/p>\n<h3>Verarbeitung<\/h3>\n<p>Unsere Asphaltaufkleber k\u00f6nnen in Ihrem Wunschformat oder nach den Konturen Ihres Designs zugeschnitten werden. Dies bietet Ihnen die Flexibilit\u00e4t, einen Aufkleber zu erstellen, der genau auf die Fl\u00e4che passt, die Sie abdecken m\u00f6chten.<\/p>\n<h3>Zubeh\u00f6r<\/h3>\n<p>Um die Installation Ihres Asphaltaufklebers so einfach wie m\u00f6glich zu gestalten, bieten wir eine breite Palette an Zubeh\u00f6r an. Diese Hilfsmittel unterst\u00fctzen eine reibungslose und professionelle Anwendung, damit Sie problemlos das beste Ergebnis erzielen. Entwickelt f\u00fcr exzellente Leistung auf verschiedenen rauen Oberfl\u00e4chen, bieten unsere Asphaltaufkleber die perfekte Kombination aus Haltbarkeit und Sichtbarkeit f\u00fcr jede Umgebung.<\/p>\n","protected":false},"excerpt":{"rendered":"<h3>Verschlei\u00dffester Outdoor-Bodenaufkleber.<\/h3>\n<p>Verwandeln Sie Stra\u00dfen, Wege und Parkpl\u00e4tze mit unseren hochwertigen Asphaltaufklebern. Entwickelt f\u00fcr optimale Leistung und langfristige Sichtbarkeit. Unsere Asphaltaufkleber (Stra\u00dfenaufkleber) sind speziell daf\u00fcr konzipiert, auf rauen Untergr\u00fcnden wie Pflastersteinen, Asphalt, glattem Beton und rauem Beton eine gute Leistung zu erbringen. Format und Form bestimmen Sie selbst.<\/h3>\n","protected":false},"featured_media":15723,"template":"","meta":{"_et_pb_use_builder":"","_et_pb_old_content":"","_et_gb_content_width":""},"product_brand":[],"product_cat":[313,932],"product_tag":[],"class_list":{"0":"post-15721","1":"product","2":"type-product","3":"status-publish","4":"has-post-thumbnail","6":"product_cat-aufkleber-und-druck","7":"product_cat-grose-aufkleber","9":"first","10":"instock","11":"taxable","12":"shipping-taxable","13":"purchasable","14":"product-type-simple"},"yoast_head":"<!-- This site is optimized with the Yoast SEO plugin v27.3 - https:\/\/yoast.com\/product\/yoast-seo-wordpress\/ -->\n<title>Asphaltaufkleber mit Anti-Rutsch | Langlebig &amp; Sicher im Au\u00dfenbereich<\/title>\n<meta name=\"description\" content=\"Bestellen Sie verschlei\u00dffeste Asphaltaufkleber mit h\u00f6chster R12-Rutschfestigkeitsgarantie. Einfach anzubringen und zu entfernen, perfekt f\u00fcr langfristige Au\u00dfenkampagnen.\" \/>\n<meta name=\"robots\" content=\"index, follow, max-snippet:-1, max-image-preview:large, max-video-preview:-1\" \/>\n<link rel=\"canonical\" href=\"https:\/\/www.amstelprinting.nl\/de\/gesch\u00e4ft\/aufkleber-und-druck\/grose-aufkleber\/asphaltaufkleber-2\/\" \/>\n<meta property=\"og:locale\" content=\"de_DE\" \/>\n<meta property=\"og:type\" content=\"article\" \/>\n<meta property=\"og:title\" content=\"Asphaltaufkleber mit Anti-Rutsch | Langlebig &amp; Sicher im Au\u00dfenbereich\" \/>\n<meta property=\"og:description\" content=\"Bestellen Sie verschlei\u00dffeste Asphaltaufkleber mit h\u00f6chster R12-Rutschfestigkeitsgarantie. Einfach anzubringen und zu entfernen, perfekt f\u00fcr langfristige Au\u00dfenkampagnen.\" \/>\n<meta property=\"og:url\" content=\"https:\/\/www.amstelprinting.nl\/de\/gesch\u00e4ft\/aufkleber-und-druck\/grose-aufkleber\/asphaltaufkleber-2\/\" \/>\n<meta property=\"og:site_name\" content=\"Amstel Printing\" \/>\n<meta property=\"article:modified_time\" content=\"2026-02-18T11:54:56+00:00\" \/>\n<meta property=\"og:image\" content=\"https:\/\/www.amstelprinting.nl\/wp-content\/uploads\/asfalt-sticker-bedrukken5.png\" \/>\n\t<meta property=\"og:image:width\" content=\"900\" \/>\n\t<meta property=\"og:image:height\" content=\"900\" \/>\n\t<meta property=\"og:image:type\" content=\"image\/png\" \/>\n<meta name=\"twitter:card\" content=\"summary_large_image\" \/>\n<meta name=\"twitter:label1\" content=\"Gesch\u00e4tzte Lesezeit\" \/>\n\t<meta name=\"twitter:data1\" content=\"1\u00a0Minute\" \/>\n<script type=\"application\/ld+json\" class=\"yoast-schema-graph\">{\"@context\":\"https:\\\/\\\/schema.org\",\"@graph\":[{\"@type\":\"WebPage\",\"@id\":\"https:\\\/\\\/www.amstelprinting.nl\\\/de\\\/gesch\u00e4ft\\\/aufkleber-und-druck\\\/grose-aufkleber\\\/asphaltaufkleber-2\\\/\",\"url\":\"https:\\\/\\\/www.amstelprinting.nl\\\/de\\\/gesch\u00e4ft\\\/aufkleber-und-druck\\\/grose-aufkleber\\\/asphaltaufkleber-2\\\/\",\"name\":\"Asphaltaufkleber mit Anti-Rutsch | Langlebig & Sicher im Au\u00dfenbereich\",\"isPartOf\":{\"@id\":\"https:\\\/\\\/www.amstelprinting.nl\\\/de\\\/#website\"},\"primaryImageOfPage\":{\"@id\":\"https:\\\/\\\/www.amstelprinting.nl\\\/de\\\/gesch\u00e4ft\\\/aufkleber-und-druck\\\/grose-aufkleber\\\/asphaltaufkleber-2\\\/#primaryimage\"},\"image\":{\"@id\":\"https:\\\/\\\/www.amstelprinting.nl\\\/de\\\/gesch\u00e4ft\\\/aufkleber-und-druck\\\/grose-aufkleber\\\/asphaltaufkleber-2\\\/#primaryimage\"},\"thumbnailUrl\":\"https:\\\/\\\/www.amstelprinting.nl\\\/wp-content\\\/uploads\\\/asfalt-sticker-bedrukken5.png\",\"datePublished\":\"2025-01-23T19:44:19+00:00\",\"dateModified\":\"2026-02-18T11:54:56+00:00\",\"description\":\"Bestellen Sie verschlei\u00dffeste Asphaltaufkleber mit h\u00f6chster R12-Rutschfestigkeitsgarantie. Einfach anzubringen und zu entfernen, perfekt f\u00fcr langfristige Au\u00dfenkampagnen.\",\"breadcrumb\":{\"@id\":\"https:\\\/\\\/www.amstelprinting.nl\\\/de\\\/gesch\u00e4ft\\\/aufkleber-und-druck\\\/grose-aufkleber\\\/asphaltaufkleber-2\\\/#breadcrumb\"},\"inLanguage\":\"de\",\"potentialAction\":[{\"@type\":\"ReadAction\",\"target\":[\"https:\\\/\\\/www.amstelprinting.nl\\\/de\\\/gesch\u00e4ft\\\/aufkleber-und-druck\\\/grose-aufkleber\\\/asphaltaufkleber-2\\\/\"]}]},{\"@type\":\"ImageObject\",\"inLanguage\":\"de\",\"@id\":\"https:\\\/\\\/www.amstelprinting.nl\\\/de\\\/gesch\u00e4ft\\\/aufkleber-und-druck\\\/grose-aufkleber\\\/asphaltaufkleber-2\\\/#primaryimage\",\"url\":\"https:\\\/\\\/www.amstelprinting.nl\\\/wp-content\\\/uploads\\\/asfalt-sticker-bedrukken5.png\",\"contentUrl\":\"https:\\\/\\\/www.amstelprinting.nl\\\/wp-content\\\/uploads\\\/asfalt-sticker-bedrukken5.png\",\"width\":900,\"height\":900},{\"@type\":\"BreadcrumbList\",\"@id\":\"https:\\\/\\\/www.amstelprinting.nl\\\/de\\\/gesch\u00e4ft\\\/aufkleber-und-druck\\\/grose-aufkleber\\\/asphaltaufkleber-2\\\/#breadcrumb\",\"itemListElement\":[{\"@type\":\"ListItem\",\"position\":1,\"name\":\"\",\"item\":\"https:\\\/\\\/www.amstelprinting.nl\\\/de\\\/\"},{\"@type\":\"ListItem\",\"position\":2,\"name\":\"Amstel Printing\",\"item\":\"https:\\\/\\\/www.amstelprinting.nl\\\/de\\\/geschaeft\\\/\"},{\"@type\":\"ListItem\",\"position\":3,\"name\":\"Aufkleber und Druck\",\"item\":\"https:\\\/\\\/www.amstelprinting.nl\\\/de\\\/kategorie\\\/aufkleber-und-druck\\\/\"},{\"@type\":\"ListItem\",\"position\":4,\"name\":\"Gro\u00dfe Aufkleber\",\"item\":\"https:\\\/\\\/www.amstelprinting.nl\\\/de\\\/kategorie\\\/aufkleber-und-druck\\\/grose-aufkleber\\\/\"},{\"@type\":\"ListItem\",\"position\":5,\"name\":\"Asphaltaufkleber\"}]},{\"@type\":\"WebSite\",\"@id\":\"https:\\\/\\\/www.amstelprinting.nl\\\/de\\\/#website\",\"url\":\"https:\\\/\\\/www.amstelprinting.nl\\\/de\\\/\",\"name\":\"Amstel Printing\",\"description\":\"Creating Exposure\",\"publisher\":{\"@id\":\"https:\\\/\\\/www.amstelprinting.nl\\\/de\\\/#organization\"},\"potentialAction\":[{\"@type\":\"SearchAction\",\"target\":{\"@type\":\"EntryPoint\",\"urlTemplate\":\"https:\\\/\\\/www.amstelprinting.nl\\\/de\\\/?s={search_term_string}\"},\"query-input\":{\"@type\":\"PropertyValueSpecification\",\"valueRequired\":true,\"valueName\":\"search_term_string\"}}],\"inLanguage\":\"de\"},{\"@type\":\"Organization\",\"@id\":\"https:\\\/\\\/www.amstelprinting.nl\\\/de\\\/#organization\",\"name\":\"Amstel Printing\",\"url\":\"https:\\\/\\\/www.amstelprinting.nl\\\/de\\\/\",\"logo\":{\"@type\":\"ImageObject\",\"inLanguage\":\"de\",\"@id\":\"https:\\\/\\\/www.amstelprinting.nl\\\/de\\\/#\\\/schema\\\/logo\\\/image\\\/\",\"url\":\"https:\\\/\\\/www.amstelprinting.nl\\\/wp-content\\\/uploads\\\/amstel_printing_logo_clean.png\",\"contentUrl\":\"https:\\\/\\\/www.amstelprinting.nl\\\/wp-content\\\/uploads\\\/amstel_printing_logo_clean.png\",\"width\":324,\"height\":73,\"caption\":\"Amstel Printing\"},\"image\":{\"@id\":\"https:\\\/\\\/www.amstelprinting.nl\\\/de\\\/#\\\/schema\\\/logo\\\/image\\\/\"}}]}<\/script>\n<!-- \/ Yoast SEO plugin. -->","yoast_head_json":{"title":"Asphaltaufkleber mit Anti-Rutsch | Langlebig & Sicher im Au\u00dfenbereich","description":"Bestellen Sie verschlei\u00dffeste Asphaltaufkleber mit h\u00f6chster R12-Rutschfestigkeitsgarantie. Einfach anzubringen und zu entfernen, perfekt f\u00fcr langfristige Au\u00dfenkampagnen.","robots":{"index":"index","follow":"follow","max-snippet":"max-snippet:-1","max-image-preview":"max-image-preview:large","max-video-preview":"max-video-preview:-1"},"canonical":"https:\/\/www.amstelprinting.nl\/de\/gesch\u00e4ft\/aufkleber-und-druck\/grose-aufkleber\/asphaltaufkleber-2\/","og_locale":"de_DE","og_type":"article","og_title":"Asphaltaufkleber mit Anti-Rutsch | Langlebig & Sicher im Au\u00dfenbereich","og_description":"Bestellen Sie verschlei\u00dffeste Asphaltaufkleber mit h\u00f6chster R12-Rutschfestigkeitsgarantie. Einfach anzubringen und zu entfernen, perfekt f\u00fcr langfristige Au\u00dfenkampagnen.","og_url":"https:\/\/www.amstelprinting.nl\/de\/gesch\u00e4ft\/aufkleber-und-druck\/grose-aufkleber\/asphaltaufkleber-2\/","og_site_name":"Amstel Printing","article_modified_time":"2026-02-18T11:54:56+00:00","og_image":[{"width":900,"height":900,"url":"https:\/\/www.amstelprinting.nl\/wp-content\/uploads\/asfalt-sticker-bedrukken5.png","type":"image\/png"}],"twitter_card":"summary_large_image","twitter_misc":{"Gesch\u00e4tzte Lesezeit":"1\u00a0Minute"},"schema":{"@context":"https:\/\/schema.org","@graph":[{"@type":"WebPage","@id":"https:\/\/www.amstelprinting.nl\/de\/gesch\u00e4ft\/aufkleber-und-druck\/grose-aufkleber\/asphaltaufkleber-2\/","url":"https:\/\/www.amstelprinting.nl\/de\/gesch\u00e4ft\/aufkleber-und-druck\/grose-aufkleber\/asphaltaufkleber-2\/","name":"Asphaltaufkleber mit Anti-Rutsch | Langlebig & Sicher im Au\u00dfenbereich","isPartOf":{"@id":"https:\/\/www.amstelprinting.nl\/de\/#website"},"primaryImageOfPage":{"@id":"https:\/\/www.amstelprinting.nl\/de\/gesch\u00e4ft\/aufkleber-und-druck\/grose-aufkleber\/asphaltaufkleber-2\/#primaryimage"},"image":{"@id":"https:\/\/www.amstelprinting.nl\/de\/gesch\u00e4ft\/aufkleber-und-druck\/grose-aufkleber\/asphaltaufkleber-2\/#primaryimage"},"thumbnailUrl":"https:\/\/www.amstelprinting.nl\/wp-content\/uploads\/asfalt-sticker-bedrukken5.png","datePublished":"2025-01-23T19:44:19+00:00","dateModified":"2026-02-18T11:54:56+00:00","description":"Bestellen Sie verschlei\u00dffeste Asphaltaufkleber mit h\u00f6chster R12-Rutschfestigkeitsgarantie. Einfach anzubringen und zu entfernen, perfekt f\u00fcr langfristige Au\u00dfenkampagnen.","breadcrumb":{"@id":"https:\/\/www.amstelprinting.nl\/de\/gesch\u00e4ft\/aufkleber-und-druck\/grose-aufkleber\/asphaltaufkleber-2\/#breadcrumb"},"inLanguage":"de","potentialAction":[{"@type":"ReadAction","target":["https:\/\/www.amstelprinting.nl\/de\/gesch\u00e4ft\/aufkleber-und-druck\/grose-aufkleber\/asphaltaufkleber-2\/"]}]},{"@type":"ImageObject","inLanguage":"de","@id":"https:\/\/www.amstelprinting.nl\/de\/gesch\u00e4ft\/aufkleber-und-druck\/grose-aufkleber\/asphaltaufkleber-2\/#primaryimage","url":"https:\/\/www.amstelprinting.nl\/wp-content\/uploads\/asfalt-sticker-bedrukken5.png","contentUrl":"https:\/\/www.amstelprinting.nl\/wp-content\/uploads\/asfalt-sticker-bedrukken5.png","width":900,"height":900},{"@type":"BreadcrumbList","@id":"https:\/\/www.amstelprinting.nl\/de\/gesch\u00e4ft\/aufkleber-und-druck\/grose-aufkleber\/asphaltaufkleber-2\/#breadcrumb","itemListElement":[{"@type":"ListItem","position":1,"name":"","item":"https:\/\/www.amstelprinting.nl\/de\/"},{"@type":"ListItem","position":2,"name":"Amstel Printing","item":"https:\/\/www.amstelprinting.nl\/de\/geschaeft\/"},{"@type":"ListItem","position":3,"name":"Aufkleber und Druck","item":"https:\/\/www.amstelprinting.nl\/de\/kategorie\/aufkleber-und-druck\/"},{"@type":"ListItem","position":4,"name":"Gro\u00dfe Aufkleber","item":"https:\/\/www.amstelprinting.nl\/de\/kategorie\/aufkleber-und-druck\/grose-aufkleber\/"},{"@type":"ListItem","position":5,"name":"Asphaltaufkleber"}]},{"@type":"WebSite","@id":"https:\/\/www.amstelprinting.nl\/de\/#website","url":"https:\/\/www.amstelprinting.nl\/de\/","name":"Amstel Printing","description":"Creating Exposure","publisher":{"@id":"https:\/\/www.amstelprinting.nl\/de\/#organization"},"potentialAction":[{"@type":"SearchAction","target":{"@type":"EntryPoint","urlTemplate":"https:\/\/www.amstelprinting.nl\/de\/?s={search_term_string}"},"query-input":{"@type":"PropertyValueSpecification","valueRequired":true,"valueName":"search_term_string"}}],"inLanguage":"de"},{"@type":"Organization","@id":"https:\/\/www.amstelprinting.nl\/de\/#organization","name":"Amstel Printing","url":"https:\/\/www.amstelprinting.nl\/de\/","logo":{"@type":"ImageObject","inLanguage":"de","@id":"https:\/\/www.amstelprinting.nl\/de\/#\/schema\/logo\/image\/","url":"https:\/\/www.amstelprinting.nl\/wp-content\/uploads\/amstel_printing_logo_clean.png","contentUrl":"https:\/\/www.amstelprinting.nl\/wp-content\/uploads\/amstel_printing_logo_clean.png","width":324,"height":73,"caption":"Amstel Printing"},"image":{"@id":"https:\/\/www.amstelprinting.nl\/de\/#\/schema\/logo\/image\/"}}]}},"_links":{"self":[{"href":"https:\/\/www.amstelprinting.nl\/de\/wp-json\/wp\/v2\/product\/15721","targetHints":{"allow":["GET"]}}],"collection":[{"href":"https:\/\/www.amstelprinting.nl\/de\/wp-json\/wp\/v2\/product"}],"about":[{"href":"https:\/\/www.amstelprinting.nl\/de\/wp-json\/wp\/v2\/types\/product"}],"wp:featuredmedia":[{"embeddable":true,"href":"https:\/\/www.amstelprinting.nl\/de\/wp-json\/wp\/v2\/media\/15723"}],"wp:attachment":[{"href":"https:\/\/www.amstelprinting.nl\/de\/wp-json\/wp\/v2\/media?parent=15721"}],"wp:term":[{"taxonomy":"product_brand","embeddable":true,"href":"https:\/\/www.amstelprinting.nl\/de\/wp-json\/wp\/v2\/product_brand?post=15721"},{"taxonomy":"product_cat","embeddable":true,"href":"https:\/\/www.amstelprinting.nl\/de\/wp-json\/wp\/v2\/product_cat?post=15721"},{"taxonomy":"product_tag","embeddable":true,"href":"https:\/\/www.amstelprinting.nl\/de\/wp-json\/wp\/v2\/product_tag?post=15721"}],"curies":[{"name":"wp","href":"https:\/\/api.w.org\/{rel}","templated":true}]}}