{"id":15736,"date":"2025-01-23T20:44:01","date_gmt":"2025-01-23T19:44:01","guid":{"rendered":"https:\/\/www.amstelprinting.nl\/winkel\/unkategorisiert\/stickers-op-rol\/"},"modified":"2026-02-18T12:54:57","modified_gmt":"2026-02-18T11:54:57","slug":"aufkleber-auf-rolle","status":"publish","type":"product","link":"https:\/\/www.amstelprinting.nl\/de\/gesch\u00e4ft\/aufkleber-und-druck\/kleine-aufkleber\/aufkleber-auf-rolle\/","title":{"rendered":"Aufkleber auf Rolle"},"content":{"rendered":"<h3>Aufkleber auf Rolle bestellen<\/h3>\n<p>Unsere Aufkleber auf Rolle bieten eine maximale Druckbreite von 30 cm und eine maximale Druckh\u00f6he von 47 cm. Dies gibt Ihnen den Raum, bei Ihren Entw\u00fcrfen kreativ zu sein, egal ob Sie sich f\u00fcr kleine, detaillierte Aufkleber oder gr\u00f6\u00dfere visuelle Statements entscheiden. Passen Sie die Rollenwicklung nach Ihren W\u00fcnschen mit Optionen f\u00fcr 0, 90, 180 oder 270 Grad Drehung an.<\/p>\n<h3>Warum Aufkleber auf Rolle drucken?<\/h3>\n<ul>\n<li>Keine Einrichtungskosten<\/li>\n<li>Bestellung bereits ab 1 Rolle (5 Meter)<\/li>\n<li>Verf\u00fcgbar in gro\u00dfen Formaten bis zu 47 x 30 cm<\/li>\n<li>Wahl aus 6 beliebten Materialien und 3 Laminaten (zus\u00e4tzlicher Schutz)<\/li>\n<li>UV-Tinten: f\u00fcr eine l\u00e4ngere Lebensdauer und besseren Schutz<\/li>\n<li>Messerscharfe Aufl\u00f6sung dank des Durst Tau 330 Druckers<\/li>\n<li>Verf\u00fcgbar in jeder gew\u00fcnschten Form (Laserschneiden)<\/li>\n<li>Vervollst\u00e4ndigen Sie Ihre Bestellung mit einem praktischen Etikettenspender<\/li>\n<\/ul>\n<p>&nbsp;<\/p>\n<h3>Materialien<\/h3>\n<ul>\n<li><strong>Wei\u00dfe Folie (PP) &#8211; Promotionell<\/strong>: Diese wei\u00dfe, PVC-freie Folie ist ideal f\u00fcr tempor\u00e4re Anwendungen im Innen- und Au\u00dfenbereich. Perfekt f\u00fcr Werbeaufkleber, die nur kurze Zeit halten, aber dennoch professionell wirken m\u00fcssen.<\/li>\n<li><strong>Wei\u00dfe Folie (PP) &#8211; Permanent<\/strong>: F\u00fcr eine dauerhaftere L\u00f6sung eignet sich diese wei\u00dfe, PVC-freie Folie sowohl f\u00fcr Anwendungen im Innen- als auch im Au\u00dfenbereich. Die permanente Klebeschicht sorgt f\u00fcr eine langanhaltende Haftung.<\/li>\n<li><strong>Wei\u00dfe Folie (PP) &#8211; Stark haftend<\/strong>: Diese wei\u00dfe Folie hat eine extra starke Klebeschicht und ist ideal f\u00fcr Situationen, in denen maximale Haftung erforderlich ist. Geeignet f\u00fcr anspruchsvolle Bedingungen im Innen- und Au\u00dfenbereich.<\/li>\n<li><strong>Papier<\/strong>: Erh\u00e4ltlich in matt oder gl\u00e4nzend mit einer permanenten Klebeschicht. Dieses FSC-zertifizierte selbstklebende Papier bietet ein elegantes Aussehen und ist ideal f\u00fcr Aufkleber, die eine langfristige Haftung ben\u00f6tigen.<\/li>\n<li><strong>Transparente Folie &#8211; Permanent<\/strong>: Diese transparente, PVC-freie Folie bietet eine unauff\u00e4llige Option f\u00fcr Innen- und Au\u00dfenanwendungen. Perfekt f\u00fcr Aufkleber, die auf subtile Weise pr\u00e4sentiert werden sollen.<\/li>\n<li><strong>Silberfolie (PP) &#8211; Permanent<\/strong>: Diese silberne, PVC-freie Folie bietet eine Metallic-Optik mit einer permanenten Klebeschicht. Ideal f\u00fcr ein luxuri\u00f6ses Finish und sowohl f\u00fcr Innen- als auch Au\u00dfenanwendungen geeignet.<\/li>\n<li><strong>Nachhaltige transparente Folie<\/strong>: Diese Folie aus recyceltem Kunststoff bietet eine umweltfreundliche Wahl mit einer permanenten Klebeschicht. Das Material ist gut recycelbar und eine hervorragende Option f\u00fcr nachhaltige Aufkleber.<\/li>\n<\/ul>\n<p>&nbsp;<\/p>\n<h3>Veredelung<\/h3>\n<p>Bei transparenter Folie haben Sie die Wahl, ob das Bild normal oder spiegelverkehrt dargestellt werden soll. Dar\u00fcber hinaus k\u00f6nnen Sie sowohl bei diesem Material als auch bei Silberfolie zwischen einer Schicht Full Color oder einer Schicht Full Color mit einer Schicht Wei\u00df w\u00e4hlen. Optional k\u00f6nnen Sie bei allen Materialien ein Laminat in Glanz, UV-best\u00e4ndig oder Matt w\u00e4hlen.<\/p>\n<p>W\u00e4hlen Sie zwischen gleichm\u00e4\u00dfig, 3 cm, 4 cm oder 5 cm, um den richtigen Abstand zwischen den Aufklebern auf der Rolle zu bestimmen. Die Aufkleber auf Rolle sind in quadratischen\/rechteckigen Formen oder Freiformen erh\u00e4ltlich, um Ihren spezifischen Designw\u00fcnschen zu entsprechen.<\/p>\n<h3>H\u00e4ufig gestellte Fragen<\/h3>\n<p><strong>Kann ich mehrere Dateien mit verschiedenen Bildern hochladen?<\/strong><br \/>\nDerzeit ist es leider nicht m\u00f6glich, mehrere Dateien hochzuladen. Sie k\u00f6nnen momentan nur eine Datei pro Rolle anliefern.<\/p>\n<p><strong>Gibt es auch goldene Aufkleber verf\u00fcgbar?<\/strong><br \/>\nWir bieten nur silberfarbene Folie in unserem Sortiment an. Durch die Verwendung der Farbeinstellung C 20 &#8211; M 25 &#8211; Y 60 &#8211; K 25 beim Drucken erh\u00e4lt Ihr Aufkleber ein goldenes Aussehen mit dem Glanz der Silberfolie.<\/p>\n<p><strong>Was ist die Mindestschriftgr\u00f6\u00dfe f\u00fcr meinen Entwurf?<\/strong><br \/>\nF\u00fcr eine optimale Lesbarkeit empfehlen wir eine Schrifth\u00f6he von mindestens 2 mm. Bitte ber\u00fccksichtigen Sie dies bei der Erstellung Ihrer Datei.<\/p>\n<p><strong>Wie kann ich meinen Aufkleber entfernen?<\/strong><br \/>\nUnsere Werbeaufkleber haben eine abl\u00f6sbare Klebeschicht, sodass sie meist leicht und ohne Klebereste zu entfernen sind. Sollten dennoch Reste zur\u00fcckbleiben, k\u00f6nnen Sie diese einfach mit Allzweckreiniger oder Sp\u00fclmittel entfernen. Aufkleber mit permanenter Haftung haben eine st\u00e4rkere Klebekraft und k\u00f6nnen schwieriger zu entfernen sein. In diesem Fall k\u00f6nnen Sie einen Klebstoffentferner verwenden, um die R\u00fcckst\u00e4nde zu beseitigen.<\/p>\n","protected":false},"excerpt":{"rendered":"<h3>Aufkleber bis 30 cm, optional mit praktischem Spender<\/h3>\n<p>Entdecken Sie unsere Aufkleber auf Rolle, perfekt f\u00fcr jede Anwendung von tempor\u00e4ren Werbeaktionen bis hin zu langfristigen Beschriftungen. Mit verschiedenen Materialien und Veredelungsoptionen erstellen Sie m\u00fchelos Aufkleber, die all Ihren W\u00fcnschen entsprechen. Verleihen Sie Ihren Projekten ein professionelles Aussehen und erzielen Sie Wirkung mit unseren hochwertigen Aufklebern auf Rolle. Bereits ab 1 Rolle bestellbar.<\/p>\n","protected":false},"featured_media":15738,"template":"","meta":{"_et_pb_use_builder":"","_et_pb_old_content":"","_et_gb_content_width":""},"product_brand":[],"product_cat":[953,313,951],"product_tag":[],"class_list":{"0":"post-15736","1":"product","2":"type-product","3":"status-publish","4":"has-post-thumbnail","6":"product_cat-aufkleber-auf-rolle","7":"product_cat-aufkleber-und-druck","8":"product_cat-kleine-aufkleber","10":"first","11":"instock","12":"taxable","13":"shipping-taxable","14":"purchasable","15":"product-type-simple"},"yoast_head":"<!-- This site is optimized with the Yoast SEO plugin v27.3 - https:\/\/yoast.com\/product\/yoast-seo-wordpress\/ -->\n<title>Aufkleber auf Rolle - Hochwertige, langlebige Aufkleber nach Ma\u00df<\/title>\n<meta name=\"description\" content=\"Bestellen Sie Ihre Aufkleber auf Rolle ab 1 Rolle mit verschiedenen Materialien und Laminaten. Schnell geliefert, perfekt f\u00fcr Promotion und Branding.\" \/>\n<meta name=\"robots\" content=\"index, follow, max-snippet:-1, max-image-preview:large, max-video-preview:-1\" \/>\n<link rel=\"canonical\" href=\"https:\/\/www.amstelprinting.nl\/de\/gesch\u00e4ft\/aufkleber-und-druck\/kleine-aufkleber\/aufkleber-auf-rolle\/\" \/>\n<meta property=\"og:locale\" content=\"de_DE\" \/>\n<meta property=\"og:type\" content=\"article\" \/>\n<meta property=\"og:title\" content=\"Aufkleber auf Rolle - Hochwertige, langlebige Aufkleber nach Ma\u00df\" \/>\n<meta property=\"og:description\" content=\"Bestellen Sie Ihre Aufkleber auf Rolle ab 1 Rolle mit verschiedenen Materialien und Laminaten. Schnell geliefert, perfekt f\u00fcr Promotion und Branding.\" \/>\n<meta property=\"og:url\" content=\"https:\/\/www.amstelprinting.nl\/de\/gesch\u00e4ft\/aufkleber-und-druck\/kleine-aufkleber\/aufkleber-auf-rolle\/\" \/>\n<meta property=\"og:site_name\" content=\"Amstel Printing\" \/>\n<meta property=\"article:modified_time\" content=\"2026-02-18T11:54:57+00:00\" \/>\n<meta property=\"og:image\" content=\"https:\/\/www.amstelprinting.nl\/wp-content\/uploads\/Stickers-op-rol.jpg\" \/>\n\t<meta property=\"og:image:width\" content=\"700\" \/>\n\t<meta property=\"og:image:height\" content=\"700\" \/>\n\t<meta property=\"og:image:type\" content=\"image\/jpeg\" \/>\n<meta name=\"twitter:card\" content=\"summary_large_image\" \/>\n<meta name=\"twitter:label1\" content=\"Gesch\u00e4tzte Lesezeit\" \/>\n\t<meta name=\"twitter:data1\" content=\"3\u00a0Minuten\" \/>\n<script type=\"application\/ld+json\" class=\"yoast-schema-graph\">{\"@context\":\"https:\\\/\\\/schema.org\",\"@graph\":[{\"@type\":\"WebPage\",\"@id\":\"https:\\\/\\\/www.amstelprinting.nl\\\/de\\\/gesch\u00e4ft\\\/aufkleber-und-druck\\\/kleine-aufkleber\\\/aufkleber-auf-rolle\\\/\",\"url\":\"https:\\\/\\\/www.amstelprinting.nl\\\/de\\\/gesch\u00e4ft\\\/aufkleber-und-druck\\\/kleine-aufkleber\\\/aufkleber-auf-rolle\\\/\",\"name\":\"Aufkleber auf Rolle - Hochwertige, langlebige Aufkleber nach Ma\u00df\",\"isPartOf\":{\"@id\":\"https:\\\/\\\/www.amstelprinting.nl\\\/de\\\/#website\"},\"primaryImageOfPage\":{\"@id\":\"https:\\\/\\\/www.amstelprinting.nl\\\/de\\\/gesch\u00e4ft\\\/aufkleber-und-druck\\\/kleine-aufkleber\\\/aufkleber-auf-rolle\\\/#primaryimage\"},\"image\":{\"@id\":\"https:\\\/\\\/www.amstelprinting.nl\\\/de\\\/gesch\u00e4ft\\\/aufkleber-und-druck\\\/kleine-aufkleber\\\/aufkleber-auf-rolle\\\/#primaryimage\"},\"thumbnailUrl\":\"https:\\\/\\\/www.amstelprinting.nl\\\/wp-content\\\/uploads\\\/Stickers-op-rol.jpg\",\"datePublished\":\"2025-01-23T19:44:01+00:00\",\"dateModified\":\"2026-02-18T11:54:57+00:00\",\"description\":\"Bestellen Sie Ihre Aufkleber auf Rolle ab 1 Rolle mit verschiedenen Materialien und Laminaten. Schnell geliefert, perfekt f\u00fcr Promotion und Branding.\",\"breadcrumb\":{\"@id\":\"https:\\\/\\\/www.amstelprinting.nl\\\/de\\\/gesch\u00e4ft\\\/aufkleber-und-druck\\\/kleine-aufkleber\\\/aufkleber-auf-rolle\\\/#breadcrumb\"},\"inLanguage\":\"de\",\"potentialAction\":[{\"@type\":\"ReadAction\",\"target\":[\"https:\\\/\\\/www.amstelprinting.nl\\\/de\\\/gesch\u00e4ft\\\/aufkleber-und-druck\\\/kleine-aufkleber\\\/aufkleber-auf-rolle\\\/\"]}]},{\"@type\":\"ImageObject\",\"inLanguage\":\"de\",\"@id\":\"https:\\\/\\\/www.amstelprinting.nl\\\/de\\\/gesch\u00e4ft\\\/aufkleber-und-druck\\\/kleine-aufkleber\\\/aufkleber-auf-rolle\\\/#primaryimage\",\"url\":\"https:\\\/\\\/www.amstelprinting.nl\\\/wp-content\\\/uploads\\\/Stickers-op-rol.jpg\",\"contentUrl\":\"https:\\\/\\\/www.amstelprinting.nl\\\/wp-content\\\/uploads\\\/Stickers-op-rol.jpg\",\"width\":700,\"height\":700},{\"@type\":\"BreadcrumbList\",\"@id\":\"https:\\\/\\\/www.amstelprinting.nl\\\/de\\\/gesch\u00e4ft\\\/aufkleber-und-druck\\\/kleine-aufkleber\\\/aufkleber-auf-rolle\\\/#breadcrumb\",\"itemListElement\":[{\"@type\":\"ListItem\",\"position\":1,\"name\":\"\",\"item\":\"https:\\\/\\\/www.amstelprinting.nl\\\/de\\\/\"},{\"@type\":\"ListItem\",\"position\":2,\"name\":\"Amstel Printing\",\"item\":\"https:\\\/\\\/www.amstelprinting.nl\\\/de\\\/geschaeft\\\/\"},{\"@type\":\"ListItem\",\"position\":3,\"name\":\"Aufkleber und Druck\",\"item\":\"https:\\\/\\\/www.amstelprinting.nl\\\/de\\\/kategorie\\\/aufkleber-und-druck\\\/\"},{\"@type\":\"ListItem\",\"position\":4,\"name\":\"Kleine Aufkleber\",\"item\":\"https:\\\/\\\/www.amstelprinting.nl\\\/de\\\/kategorie\\\/aufkleber-und-druck\\\/kleine-aufkleber\\\/\"},{\"@type\":\"ListItem\",\"position\":5,\"name\":\"Aufkleber auf Rolle\"}]},{\"@type\":\"WebSite\",\"@id\":\"https:\\\/\\\/www.amstelprinting.nl\\\/de\\\/#website\",\"url\":\"https:\\\/\\\/www.amstelprinting.nl\\\/de\\\/\",\"name\":\"Amstel Printing\",\"description\":\"Creating Exposure\",\"publisher\":{\"@id\":\"https:\\\/\\\/www.amstelprinting.nl\\\/de\\\/#organization\"},\"potentialAction\":[{\"@type\":\"SearchAction\",\"target\":{\"@type\":\"EntryPoint\",\"urlTemplate\":\"https:\\\/\\\/www.amstelprinting.nl\\\/de\\\/?s={search_term_string}\"},\"query-input\":{\"@type\":\"PropertyValueSpecification\",\"valueRequired\":true,\"valueName\":\"search_term_string\"}}],\"inLanguage\":\"de\"},{\"@type\":\"Organization\",\"@id\":\"https:\\\/\\\/www.amstelprinting.nl\\\/de\\\/#organization\",\"name\":\"Amstel Printing\",\"url\":\"https:\\\/\\\/www.amstelprinting.nl\\\/de\\\/\",\"logo\":{\"@type\":\"ImageObject\",\"inLanguage\":\"de\",\"@id\":\"https:\\\/\\\/www.amstelprinting.nl\\\/de\\\/#\\\/schema\\\/logo\\\/image\\\/\",\"url\":\"https:\\\/\\\/www.amstelprinting.nl\\\/wp-content\\\/uploads\\\/amstel_printing_logo_clean.png\",\"contentUrl\":\"https:\\\/\\\/www.amstelprinting.nl\\\/wp-content\\\/uploads\\\/amstel_printing_logo_clean.png\",\"width\":324,\"height\":73,\"caption\":\"Amstel Printing\"},\"image\":{\"@id\":\"https:\\\/\\\/www.amstelprinting.nl\\\/de\\\/#\\\/schema\\\/logo\\\/image\\\/\"}}]}<\/script>\n<!-- \/ Yoast SEO plugin. -->","yoast_head_json":{"title":"Aufkleber auf Rolle - Hochwertige, langlebige Aufkleber nach Ma\u00df","description":"Bestellen Sie Ihre Aufkleber auf Rolle ab 1 Rolle mit verschiedenen Materialien und Laminaten. Schnell geliefert, perfekt f\u00fcr Promotion und Branding.","robots":{"index":"index","follow":"follow","max-snippet":"max-snippet:-1","max-image-preview":"max-image-preview:large","max-video-preview":"max-video-preview:-1"},"canonical":"https:\/\/www.amstelprinting.nl\/de\/gesch\u00e4ft\/aufkleber-und-druck\/kleine-aufkleber\/aufkleber-auf-rolle\/","og_locale":"de_DE","og_type":"article","og_title":"Aufkleber auf Rolle - Hochwertige, langlebige Aufkleber nach Ma\u00df","og_description":"Bestellen Sie Ihre Aufkleber auf Rolle ab 1 Rolle mit verschiedenen Materialien und Laminaten. Schnell geliefert, perfekt f\u00fcr Promotion und Branding.","og_url":"https:\/\/www.amstelprinting.nl\/de\/gesch\u00e4ft\/aufkleber-und-druck\/kleine-aufkleber\/aufkleber-auf-rolle\/","og_site_name":"Amstel Printing","article_modified_time":"2026-02-18T11:54:57+00:00","og_image":[{"width":700,"height":700,"url":"https:\/\/www.amstelprinting.nl\/wp-content\/uploads\/Stickers-op-rol.jpg","type":"image\/jpeg"}],"twitter_card":"summary_large_image","twitter_misc":{"Gesch\u00e4tzte Lesezeit":"3\u00a0Minuten"},"schema":{"@context":"https:\/\/schema.org","@graph":[{"@type":"WebPage","@id":"https:\/\/www.amstelprinting.nl\/de\/gesch\u00e4ft\/aufkleber-und-druck\/kleine-aufkleber\/aufkleber-auf-rolle\/","url":"https:\/\/www.amstelprinting.nl\/de\/gesch\u00e4ft\/aufkleber-und-druck\/kleine-aufkleber\/aufkleber-auf-rolle\/","name":"Aufkleber auf Rolle - Hochwertige, langlebige Aufkleber nach Ma\u00df","isPartOf":{"@id":"https:\/\/www.amstelprinting.nl\/de\/#website"},"primaryImageOfPage":{"@id":"https:\/\/www.amstelprinting.nl\/de\/gesch\u00e4ft\/aufkleber-und-druck\/kleine-aufkleber\/aufkleber-auf-rolle\/#primaryimage"},"image":{"@id":"https:\/\/www.amstelprinting.nl\/de\/gesch\u00e4ft\/aufkleber-und-druck\/kleine-aufkleber\/aufkleber-auf-rolle\/#primaryimage"},"thumbnailUrl":"https:\/\/www.amstelprinting.nl\/wp-content\/uploads\/Stickers-op-rol.jpg","datePublished":"2025-01-23T19:44:01+00:00","dateModified":"2026-02-18T11:54:57+00:00","description":"Bestellen Sie Ihre Aufkleber auf Rolle ab 1 Rolle mit verschiedenen Materialien und Laminaten. Schnell geliefert, perfekt f\u00fcr Promotion und Branding.","breadcrumb":{"@id":"https:\/\/www.amstelprinting.nl\/de\/gesch\u00e4ft\/aufkleber-und-druck\/kleine-aufkleber\/aufkleber-auf-rolle\/#breadcrumb"},"inLanguage":"de","potentialAction":[{"@type":"ReadAction","target":["https:\/\/www.amstelprinting.nl\/de\/gesch\u00e4ft\/aufkleber-und-druck\/kleine-aufkleber\/aufkleber-auf-rolle\/"]}]},{"@type":"ImageObject","inLanguage":"de","@id":"https:\/\/www.amstelprinting.nl\/de\/gesch\u00e4ft\/aufkleber-und-druck\/kleine-aufkleber\/aufkleber-auf-rolle\/#primaryimage","url":"https:\/\/www.amstelprinting.nl\/wp-content\/uploads\/Stickers-op-rol.jpg","contentUrl":"https:\/\/www.amstelprinting.nl\/wp-content\/uploads\/Stickers-op-rol.jpg","width":700,"height":700},{"@type":"BreadcrumbList","@id":"https:\/\/www.amstelprinting.nl\/de\/gesch\u00e4ft\/aufkleber-und-druck\/kleine-aufkleber\/aufkleber-auf-rolle\/#breadcrumb","itemListElement":[{"@type":"ListItem","position":1,"name":"","item":"https:\/\/www.amstelprinting.nl\/de\/"},{"@type":"ListItem","position":2,"name":"Amstel Printing","item":"https:\/\/www.amstelprinting.nl\/de\/geschaeft\/"},{"@type":"ListItem","position":3,"name":"Aufkleber und Druck","item":"https:\/\/www.amstelprinting.nl\/de\/kategorie\/aufkleber-und-druck\/"},{"@type":"ListItem","position":4,"name":"Kleine Aufkleber","item":"https:\/\/www.amstelprinting.nl\/de\/kategorie\/aufkleber-und-druck\/kleine-aufkleber\/"},{"@type":"ListItem","position":5,"name":"Aufkleber auf Rolle"}]},{"@type":"WebSite","@id":"https:\/\/www.amstelprinting.nl\/de\/#website","url":"https:\/\/www.amstelprinting.nl\/de\/","name":"Amstel Printing","description":"Creating Exposure","publisher":{"@id":"https:\/\/www.amstelprinting.nl\/de\/#organization"},"potentialAction":[{"@type":"SearchAction","target":{"@type":"EntryPoint","urlTemplate":"https:\/\/www.amstelprinting.nl\/de\/?s={search_term_string}"},"query-input":{"@type":"PropertyValueSpecification","valueRequired":true,"valueName":"search_term_string"}}],"inLanguage":"de"},{"@type":"Organization","@id":"https:\/\/www.amstelprinting.nl\/de\/#organization","name":"Amstel Printing","url":"https:\/\/www.amstelprinting.nl\/de\/","logo":{"@type":"ImageObject","inLanguage":"de","@id":"https:\/\/www.amstelprinting.nl\/de\/#\/schema\/logo\/image\/","url":"https:\/\/www.amstelprinting.nl\/wp-content\/uploads\/amstel_printing_logo_clean.png","contentUrl":"https:\/\/www.amstelprinting.nl\/wp-content\/uploads\/amstel_printing_logo_clean.png","width":324,"height":73,"caption":"Amstel Printing"},"image":{"@id":"https:\/\/www.amstelprinting.nl\/de\/#\/schema\/logo\/image\/"}}]}},"_links":{"self":[{"href":"https:\/\/www.amstelprinting.nl\/de\/wp-json\/wp\/v2\/product\/15736","targetHints":{"allow":["GET"]}}],"collection":[{"href":"https:\/\/www.amstelprinting.nl\/de\/wp-json\/wp\/v2\/product"}],"about":[{"href":"https:\/\/www.amstelprinting.nl\/de\/wp-json\/wp\/v2\/types\/product"}],"wp:featuredmedia":[{"embeddable":true,"href":"https:\/\/www.amstelprinting.nl\/de\/wp-json\/wp\/v2\/media\/15738"}],"wp:attachment":[{"href":"https:\/\/www.amstelprinting.nl\/de\/wp-json\/wp\/v2\/media?parent=15736"}],"wp:term":[{"taxonomy":"product_brand","embeddable":true,"href":"https:\/\/www.amstelprinting.nl\/de\/wp-json\/wp\/v2\/product_brand?post=15736"},{"taxonomy":"product_cat","embeddable":true,"href":"https:\/\/www.amstelprinting.nl\/de\/wp-json\/wp\/v2\/product_cat?post=15736"},{"taxonomy":"product_tag","embeddable":true,"href":"https:\/\/www.amstelprinting.nl\/de\/wp-json\/wp\/v2\/product_tag?post=15736"}],"curies":[{"name":"wp","href":"https:\/\/api.w.org\/{rel}","templated":true}]}}