{"id":15751,"date":"2025-01-23T20:43:55","date_gmt":"2025-01-23T19:43:55","guid":{"rendered":"https:\/\/www.amstelprinting.nl\/winkel\/unkategorisiert\/etiketten-gestanst\/"},"modified":"2026-02-18T12:54:58","modified_gmt":"2026-02-18T11:54:58","slug":"etiketten-gestanzt","status":"publish","type":"product","link":"https:\/\/www.amstelprinting.nl\/de\/gesch\u00e4ft\/aufkleber-und-druck\/kleine-aufkleber\/etiketten-gestanzt\/","title":{"rendered":"Etiketten &#8211; gestanzt"},"content":{"rendered":"<h3>Gestanzte Etiketten bestellen &#8211; Besonders g\u00fcnstig (ab 10.000 St\u00fcck)<\/h3>\n<p>Nutzen Sie eine Etikettiermaschine? Dann sind gestanzte Etiketten die ideale Wahl. Der Unterschied zwischen Lasern und Stanzen? Beim Lasern brennen wir die Kanten der Etiketten, was zu Klebstoffansammlungen an den R\u00e4ndern f\u00fchren kann. Dies ist bei manueller Anwendung kein Problem, aber Maschinen k\u00f6nnen dadurch stecken bleiben. Stanzen bietet eine L\u00f6sung: Mit einem ma\u00dfgefertigten Stanzblech schneiden wir die Etiketten unter Luftdruck aus, ohne Ansammlungen. Unsere gestanzten Etiketten sind ab einer Mindestbestellmenge von 10.000 St\u00fcck erh\u00e4ltlich.<\/p>\n<h3>Geringere Abnahme?<\/h3>\n<p>F\u00fcr kleinere Bestellungen k\u00f6nnen Sie auf der<a href=\"https:\/\/www.amstelprinting.nl\/de\/gesch\u00e4ft\/aufkleber-und-druck\/kleine-aufkleber\/etiketten\/\"> Etiketten-Produktseite<\/a> nachsehen (die Mindestbestellmenge dort betr\u00e4gt 1,5 m\u00b2).<\/p>\n<h3>Vorteile<\/h3>\n<ul>\n<li>Ultrahohe Aufl\u00f6sung dank Durst Tau 330<\/li>\n<li>Erh\u00e4ltlich in gro\u00dfen Formaten bis zu 47 x 30 cm<\/li>\n<li>Wahl aus 6 beliebten Materialien und 3 Laminaten<\/li>\n<li>UV-Tinten: besserer Schutz und eine l\u00e4ngere Lebensdauer Ihres Drucks<\/li>\n<li>Erh\u00e4ltlich in rechteckigen und runden Formen<\/li>\n<li>Bestellung bereits ab 10.000 St\u00fcck<\/li>\n<li>Wahl zwischen festen Zwischenabst\u00e4nden von 3, 4, 5 oder 6 mm<\/li>\n<li>Bestellen Sie kleine Mengen an Etiketten \u00fcber <a href=\"https:\/\/www.amstelprinting.nl\/de\/gesch\u00e4ft\/aufkleber-und-druck\/kleine-aufkleber\/etiketten\/\">Etiketten<\/a><\/li>\n<\/ul>\n<p>&nbsp;<\/p>\n<h3>Materialien<\/h3>\n<ul>\n<li><strong>Wei\u00dfe Folie (PP) &#8211; Permanent<\/strong>: Eine PVC-freie Folie, geeignet f\u00fcr Anwendungen im Innen- und Au\u00dfenbereich.<\/li>\n<li><strong>Papier<\/strong>: Erh\u00e4ltlich in matt oder gl\u00e4nzend mit einer permanenten Klebeschicht. Dieses selbstklebende, FSC-zertifizierte Papier bietet eine elegante Optik und ist ideal f\u00fcr langlebige Anwendungen.<\/li>\n<li><strong>Nachhaltige transparente Folie<\/strong>: Hergestellt aus recycelbarem Kunststoff, mit einer permanenten Klebeschicht, perfekt f\u00fcr umweltbewusste Anwendungen.<\/li>\n<li><strong>Transparente Folie &#8211; Permanent<\/strong>: Diese PVC-freie Folie ist f\u00fcr Innen- und Au\u00dfenanwendungen geeignet und bietet ein dezentes Erscheinungsbild.<\/li>\n<\/ul>\n<p>&nbsp;<\/p>\n<h3>Veredelung<\/h3>\n<p>Unsere gestanzten Etiketten bieten vielseitige Optionen, um Ihren spezifischen Anforderungen gerecht zu werden. Die Rollenwicklung kann nach innen oder au\u00dfen gerichtet sein und kann um 0, 90, 180 oder 270 Grad gedreht werden. W\u00e4hlen Sie eine transparente Folie mit der Option f\u00fcr eine normale oder spiegelverkehrte Darstellung. F\u00fcr zus\u00e4tzliche Klarheit k\u00f6nnen Sie zwischen einer Schicht Vollfarbe oder Vollfarbe mit einer Schicht Wei\u00df w\u00e4hlen.<\/p>\n<p>Sch\u00fctzen Sie Ihre Etiketten mit einem Laminat in Glanz, UV-Schutz oder Matt, das f\u00fcr alle Materialien verf\u00fcgbar ist. Die Etiketten werden mit einem Zwischenabstand von 3 cm auf der Rolle platziert, was eine einfache Trennung und Benutzerfreundlichkeit gew\u00e4hrleistet. Dar\u00fcber hinaus sind die Etiketten in quadratischen, rechteckigen oder runden Formen erh\u00e4ltlich, angepasst an Ihre spezifischen Designw\u00fcnsche. Entscheiden Sie sich f\u00fcr gestanzte Etiketten und erleben Sie die Vorteile einer reibungslosen Verarbeitung in Ihrer Etikettiermaschine.<\/p>\n","protected":false},"excerpt":{"rendered":"<h3>In rechteckiger oder runder Form, g\u00fcnstig ab 10.000 St\u00fcck.<\/h3>\n<p>Nutzen Sie eine Etikettiermaschine? Dann sind gestanzte Etiketten die ideale Wahl. Der Unterschied zwischen Lasern und Stanzen? Beim Lasern brennen wir die Kanten der Etiketten, was zu Klebstoffansammlungen an den R\u00e4ndern f\u00fchren kann. Dies ist bei manueller Anwendung kein Problem, aber Maschinen k\u00f6nnen dadurch stecken bleiben. Stanzen bietet eine L\u00f6sung: Mit einem ma\u00dfgefertigten Stanzblech schneiden wir die Etiketten unter Luftdruck aus, ohne Ansammlungen. Unsere gestanzten Etiketten sind ab einer Mindestbestellmenge von 10.000 St\u00fcck erh\u00e4ltlich.<\/p>\n","protected":false},"featured_media":15753,"template":"","meta":{"_et_pb_use_builder":"","_et_pb_old_content":"","_et_gb_content_width":""},"product_brand":[],"product_cat":[953,313,951],"product_tag":[],"class_list":{"0":"post-15751","1":"product","2":"type-product","3":"status-publish","4":"has-post-thumbnail","6":"product_cat-aufkleber-auf-rolle","7":"product_cat-aufkleber-und-druck","8":"product_cat-kleine-aufkleber","10":"first","11":"instock","12":"taxable","13":"shipping-taxable","14":"purchasable","15":"product-type-simple"},"yoast_head":"<!-- This site is optimized with the Yoast SEO plugin v27.3 - https:\/\/yoast.com\/product\/yoast-seo-wordpress\/ -->\n<title>Gestanzte Etiketten ab 10.000 St\u00fcck - Nachhaltig und Hochwertig<\/title>\n<meta name=\"description\" content=\"Pr\u00e4zise gestanzte Etiketten. Vermeiden Sie Maschinenstillst\u00e4nde und Klebstoffansammlungen. W\u00e4hlen Sie aus verschiedenen Materialien, Formaten und Veredelungen.\" \/>\n<meta name=\"robots\" content=\"index, follow, max-snippet:-1, max-image-preview:large, max-video-preview:-1\" \/>\n<link rel=\"canonical\" href=\"https:\/\/www.amstelprinting.nl\/de\/gesch\u00e4ft\/aufkleber-und-druck\/kleine-aufkleber\/etiketten-gestanzt\/\" \/>\n<meta property=\"og:locale\" content=\"de_DE\" \/>\n<meta property=\"og:type\" content=\"article\" \/>\n<meta property=\"og:title\" content=\"Gestanzte Etiketten ab 10.000 St\u00fcck - Nachhaltig und Hochwertig\" \/>\n<meta property=\"og:description\" content=\"Pr\u00e4zise gestanzte Etiketten. Vermeiden Sie Maschinenstillst\u00e4nde und Klebstoffansammlungen. W\u00e4hlen Sie aus verschiedenen Materialien, Formaten und Veredelungen.\" \/>\n<meta property=\"og:url\" content=\"https:\/\/www.amstelprinting.nl\/de\/gesch\u00e4ft\/aufkleber-und-druck\/kleine-aufkleber\/etiketten-gestanzt\/\" \/>\n<meta property=\"og:site_name\" content=\"Amstel Printing\" \/>\n<meta property=\"article:modified_time\" content=\"2026-02-18T11:54:58+00:00\" \/>\n<meta property=\"og:image\" content=\"https:\/\/www.amstelprinting.nl\/wp-content\/uploads\/Etiketten-gestanst.jpg\" \/>\n\t<meta property=\"og:image:width\" content=\"700\" \/>\n\t<meta property=\"og:image:height\" content=\"700\" \/>\n\t<meta property=\"og:image:type\" content=\"image\/jpeg\" \/>\n<meta name=\"twitter:card\" content=\"summary_large_image\" \/>\n<meta name=\"twitter:label1\" content=\"Gesch\u00e4tzte Lesezeit\" \/>\n\t<meta name=\"twitter:data1\" content=\"2\u00a0Minuten\" \/>\n<script type=\"application\/ld+json\" class=\"yoast-schema-graph\">{\"@context\":\"https:\\\/\\\/schema.org\",\"@graph\":[{\"@type\":\"WebPage\",\"@id\":\"https:\\\/\\\/www.amstelprinting.nl\\\/de\\\/gesch\u00e4ft\\\/aufkleber-und-druck\\\/kleine-aufkleber\\\/etiketten-gestanzt\\\/\",\"url\":\"https:\\\/\\\/www.amstelprinting.nl\\\/de\\\/gesch\u00e4ft\\\/aufkleber-und-druck\\\/kleine-aufkleber\\\/etiketten-gestanzt\\\/\",\"name\":\"Gestanzte Etiketten ab 10.000 St\u00fcck - Nachhaltig und Hochwertig\",\"isPartOf\":{\"@id\":\"https:\\\/\\\/www.amstelprinting.nl\\\/de\\\/#website\"},\"primaryImageOfPage\":{\"@id\":\"https:\\\/\\\/www.amstelprinting.nl\\\/de\\\/gesch\u00e4ft\\\/aufkleber-und-druck\\\/kleine-aufkleber\\\/etiketten-gestanzt\\\/#primaryimage\"},\"image\":{\"@id\":\"https:\\\/\\\/www.amstelprinting.nl\\\/de\\\/gesch\u00e4ft\\\/aufkleber-und-druck\\\/kleine-aufkleber\\\/etiketten-gestanzt\\\/#primaryimage\"},\"thumbnailUrl\":\"https:\\\/\\\/www.amstelprinting.nl\\\/wp-content\\\/uploads\\\/Etiketten-gestanst.jpg\",\"datePublished\":\"2025-01-23T19:43:55+00:00\",\"dateModified\":\"2026-02-18T11:54:58+00:00\",\"description\":\"Pr\u00e4zise gestanzte Etiketten. Vermeiden Sie Maschinenstillst\u00e4nde und Klebstoffansammlungen. W\u00e4hlen Sie aus verschiedenen Materialien, Formaten und Veredelungen.\",\"breadcrumb\":{\"@id\":\"https:\\\/\\\/www.amstelprinting.nl\\\/de\\\/gesch\u00e4ft\\\/aufkleber-und-druck\\\/kleine-aufkleber\\\/etiketten-gestanzt\\\/#breadcrumb\"},\"inLanguage\":\"de\",\"potentialAction\":[{\"@type\":\"ReadAction\",\"target\":[\"https:\\\/\\\/www.amstelprinting.nl\\\/de\\\/gesch\u00e4ft\\\/aufkleber-und-druck\\\/kleine-aufkleber\\\/etiketten-gestanzt\\\/\"]}]},{\"@type\":\"ImageObject\",\"inLanguage\":\"de\",\"@id\":\"https:\\\/\\\/www.amstelprinting.nl\\\/de\\\/gesch\u00e4ft\\\/aufkleber-und-druck\\\/kleine-aufkleber\\\/etiketten-gestanzt\\\/#primaryimage\",\"url\":\"https:\\\/\\\/www.amstelprinting.nl\\\/wp-content\\\/uploads\\\/Etiketten-gestanst.jpg\",\"contentUrl\":\"https:\\\/\\\/www.amstelprinting.nl\\\/wp-content\\\/uploads\\\/Etiketten-gestanst.jpg\",\"width\":700,\"height\":700},{\"@type\":\"BreadcrumbList\",\"@id\":\"https:\\\/\\\/www.amstelprinting.nl\\\/de\\\/gesch\u00e4ft\\\/aufkleber-und-druck\\\/kleine-aufkleber\\\/etiketten-gestanzt\\\/#breadcrumb\",\"itemListElement\":[{\"@type\":\"ListItem\",\"position\":1,\"name\":\"\",\"item\":\"https:\\\/\\\/www.amstelprinting.nl\\\/de\\\/\"},{\"@type\":\"ListItem\",\"position\":2,\"name\":\"Amstel Printing\",\"item\":\"https:\\\/\\\/www.amstelprinting.nl\\\/de\\\/geschaeft\\\/\"},{\"@type\":\"ListItem\",\"position\":3,\"name\":\"Aufkleber und Druck\",\"item\":\"https:\\\/\\\/www.amstelprinting.nl\\\/de\\\/kategorie\\\/aufkleber-und-druck\\\/\"},{\"@type\":\"ListItem\",\"position\":4,\"name\":\"Kleine Aufkleber\",\"item\":\"https:\\\/\\\/www.amstelprinting.nl\\\/de\\\/kategorie\\\/aufkleber-und-druck\\\/kleine-aufkleber\\\/\"},{\"@type\":\"ListItem\",\"position\":5,\"name\":\"Etiketten &#8211; gestanzt\"}]},{\"@type\":\"WebSite\",\"@id\":\"https:\\\/\\\/www.amstelprinting.nl\\\/de\\\/#website\",\"url\":\"https:\\\/\\\/www.amstelprinting.nl\\\/de\\\/\",\"name\":\"Amstel Printing\",\"description\":\"Creating Exposure\",\"publisher\":{\"@id\":\"https:\\\/\\\/www.amstelprinting.nl\\\/de\\\/#organization\"},\"potentialAction\":[{\"@type\":\"SearchAction\",\"target\":{\"@type\":\"EntryPoint\",\"urlTemplate\":\"https:\\\/\\\/www.amstelprinting.nl\\\/de\\\/?s={search_term_string}\"},\"query-input\":{\"@type\":\"PropertyValueSpecification\",\"valueRequired\":true,\"valueName\":\"search_term_string\"}}],\"inLanguage\":\"de\"},{\"@type\":\"Organization\",\"@id\":\"https:\\\/\\\/www.amstelprinting.nl\\\/de\\\/#organization\",\"name\":\"Amstel Printing\",\"url\":\"https:\\\/\\\/www.amstelprinting.nl\\\/de\\\/\",\"logo\":{\"@type\":\"ImageObject\",\"inLanguage\":\"de\",\"@id\":\"https:\\\/\\\/www.amstelprinting.nl\\\/de\\\/#\\\/schema\\\/logo\\\/image\\\/\",\"url\":\"https:\\\/\\\/www.amstelprinting.nl\\\/wp-content\\\/uploads\\\/amstel_printing_logo_clean.png\",\"contentUrl\":\"https:\\\/\\\/www.amstelprinting.nl\\\/wp-content\\\/uploads\\\/amstel_printing_logo_clean.png\",\"width\":324,\"height\":73,\"caption\":\"Amstel Printing\"},\"image\":{\"@id\":\"https:\\\/\\\/www.amstelprinting.nl\\\/de\\\/#\\\/schema\\\/logo\\\/image\\\/\"}}]}<\/script>\n<!-- \/ Yoast SEO plugin. -->","yoast_head_json":{"title":"Gestanzte Etiketten ab 10.000 St\u00fcck - Nachhaltig und Hochwertig","description":"Pr\u00e4zise gestanzte Etiketten. Vermeiden Sie Maschinenstillst\u00e4nde und Klebstoffansammlungen. W\u00e4hlen Sie aus verschiedenen Materialien, Formaten und Veredelungen.","robots":{"index":"index","follow":"follow","max-snippet":"max-snippet:-1","max-image-preview":"max-image-preview:large","max-video-preview":"max-video-preview:-1"},"canonical":"https:\/\/www.amstelprinting.nl\/de\/gesch\u00e4ft\/aufkleber-und-druck\/kleine-aufkleber\/etiketten-gestanzt\/","og_locale":"de_DE","og_type":"article","og_title":"Gestanzte Etiketten ab 10.000 St\u00fcck - Nachhaltig und Hochwertig","og_description":"Pr\u00e4zise gestanzte Etiketten. Vermeiden Sie Maschinenstillst\u00e4nde und Klebstoffansammlungen. W\u00e4hlen Sie aus verschiedenen Materialien, Formaten und Veredelungen.","og_url":"https:\/\/www.amstelprinting.nl\/de\/gesch\u00e4ft\/aufkleber-und-druck\/kleine-aufkleber\/etiketten-gestanzt\/","og_site_name":"Amstel Printing","article_modified_time":"2026-02-18T11:54:58+00:00","og_image":[{"width":700,"height":700,"url":"https:\/\/www.amstelprinting.nl\/wp-content\/uploads\/Etiketten-gestanst.jpg","type":"image\/jpeg"}],"twitter_card":"summary_large_image","twitter_misc":{"Gesch\u00e4tzte Lesezeit":"2\u00a0Minuten"},"schema":{"@context":"https:\/\/schema.org","@graph":[{"@type":"WebPage","@id":"https:\/\/www.amstelprinting.nl\/de\/gesch\u00e4ft\/aufkleber-und-druck\/kleine-aufkleber\/etiketten-gestanzt\/","url":"https:\/\/www.amstelprinting.nl\/de\/gesch\u00e4ft\/aufkleber-und-druck\/kleine-aufkleber\/etiketten-gestanzt\/","name":"Gestanzte Etiketten ab 10.000 St\u00fcck - Nachhaltig und Hochwertig","isPartOf":{"@id":"https:\/\/www.amstelprinting.nl\/de\/#website"},"primaryImageOfPage":{"@id":"https:\/\/www.amstelprinting.nl\/de\/gesch\u00e4ft\/aufkleber-und-druck\/kleine-aufkleber\/etiketten-gestanzt\/#primaryimage"},"image":{"@id":"https:\/\/www.amstelprinting.nl\/de\/gesch\u00e4ft\/aufkleber-und-druck\/kleine-aufkleber\/etiketten-gestanzt\/#primaryimage"},"thumbnailUrl":"https:\/\/www.amstelprinting.nl\/wp-content\/uploads\/Etiketten-gestanst.jpg","datePublished":"2025-01-23T19:43:55+00:00","dateModified":"2026-02-18T11:54:58+00:00","description":"Pr\u00e4zise gestanzte Etiketten. Vermeiden Sie Maschinenstillst\u00e4nde und Klebstoffansammlungen. W\u00e4hlen Sie aus verschiedenen Materialien, Formaten und Veredelungen.","breadcrumb":{"@id":"https:\/\/www.amstelprinting.nl\/de\/gesch\u00e4ft\/aufkleber-und-druck\/kleine-aufkleber\/etiketten-gestanzt\/#breadcrumb"},"inLanguage":"de","potentialAction":[{"@type":"ReadAction","target":["https:\/\/www.amstelprinting.nl\/de\/gesch\u00e4ft\/aufkleber-und-druck\/kleine-aufkleber\/etiketten-gestanzt\/"]}]},{"@type":"ImageObject","inLanguage":"de","@id":"https:\/\/www.amstelprinting.nl\/de\/gesch\u00e4ft\/aufkleber-und-druck\/kleine-aufkleber\/etiketten-gestanzt\/#primaryimage","url":"https:\/\/www.amstelprinting.nl\/wp-content\/uploads\/Etiketten-gestanst.jpg","contentUrl":"https:\/\/www.amstelprinting.nl\/wp-content\/uploads\/Etiketten-gestanst.jpg","width":700,"height":700},{"@type":"BreadcrumbList","@id":"https:\/\/www.amstelprinting.nl\/de\/gesch\u00e4ft\/aufkleber-und-druck\/kleine-aufkleber\/etiketten-gestanzt\/#breadcrumb","itemListElement":[{"@type":"ListItem","position":1,"name":"","item":"https:\/\/www.amstelprinting.nl\/de\/"},{"@type":"ListItem","position":2,"name":"Amstel Printing","item":"https:\/\/www.amstelprinting.nl\/de\/geschaeft\/"},{"@type":"ListItem","position":3,"name":"Aufkleber und Druck","item":"https:\/\/www.amstelprinting.nl\/de\/kategorie\/aufkleber-und-druck\/"},{"@type":"ListItem","position":4,"name":"Kleine Aufkleber","item":"https:\/\/www.amstelprinting.nl\/de\/kategorie\/aufkleber-und-druck\/kleine-aufkleber\/"},{"@type":"ListItem","position":5,"name":"Etiketten &#8211; gestanzt"}]},{"@type":"WebSite","@id":"https:\/\/www.amstelprinting.nl\/de\/#website","url":"https:\/\/www.amstelprinting.nl\/de\/","name":"Amstel Printing","description":"Creating Exposure","publisher":{"@id":"https:\/\/www.amstelprinting.nl\/de\/#organization"},"potentialAction":[{"@type":"SearchAction","target":{"@type":"EntryPoint","urlTemplate":"https:\/\/www.amstelprinting.nl\/de\/?s={search_term_string}"},"query-input":{"@type":"PropertyValueSpecification","valueRequired":true,"valueName":"search_term_string"}}],"inLanguage":"de"},{"@type":"Organization","@id":"https:\/\/www.amstelprinting.nl\/de\/#organization","name":"Amstel Printing","url":"https:\/\/www.amstelprinting.nl\/de\/","logo":{"@type":"ImageObject","inLanguage":"de","@id":"https:\/\/www.amstelprinting.nl\/de\/#\/schema\/logo\/image\/","url":"https:\/\/www.amstelprinting.nl\/wp-content\/uploads\/amstel_printing_logo_clean.png","contentUrl":"https:\/\/www.amstelprinting.nl\/wp-content\/uploads\/amstel_printing_logo_clean.png","width":324,"height":73,"caption":"Amstel Printing"},"image":{"@id":"https:\/\/www.amstelprinting.nl\/de\/#\/schema\/logo\/image\/"}}]}},"_links":{"self":[{"href":"https:\/\/www.amstelprinting.nl\/de\/wp-json\/wp\/v2\/product\/15751","targetHints":{"allow":["GET"]}}],"collection":[{"href":"https:\/\/www.amstelprinting.nl\/de\/wp-json\/wp\/v2\/product"}],"about":[{"href":"https:\/\/www.amstelprinting.nl\/de\/wp-json\/wp\/v2\/types\/product"}],"wp:featuredmedia":[{"embeddable":true,"href":"https:\/\/www.amstelprinting.nl\/de\/wp-json\/wp\/v2\/media\/15753"}],"wp:attachment":[{"href":"https:\/\/www.amstelprinting.nl\/de\/wp-json\/wp\/v2\/media?parent=15751"}],"wp:term":[{"taxonomy":"product_brand","embeddable":true,"href":"https:\/\/www.amstelprinting.nl\/de\/wp-json\/wp\/v2\/product_brand?post=15751"},{"taxonomy":"product_cat","embeddable":true,"href":"https:\/\/www.amstelprinting.nl\/de\/wp-json\/wp\/v2\/product_cat?post=15751"},{"taxonomy":"product_tag","embeddable":true,"href":"https:\/\/www.amstelprinting.nl\/de\/wp-json\/wp\/v2\/product_tag?post=15751"}],"curies":[{"name":"wp","href":"https:\/\/api.w.org\/{rel}","templated":true}]}}