{"id":15766,"date":"2025-01-23T20:43:48","date_gmt":"2025-01-23T19:43:48","guid":{"rendered":"https:\/\/www.amstelprinting.nl\/winkel\/unkategorisiert\/etiketten\/"},"modified":"2026-02-10T12:32:25","modified_gmt":"2026-02-10T11:32:25","slug":"etiketten","status":"publish","type":"product","link":"https:\/\/www.amstelprinting.nl\/de\/gesch\u00e4ft\/aufkleber-und-druck\/kleine-aufkleber\/etiketten\/","title":{"rendered":"Etiketten"},"content":{"rendered":"<h3>Etiketten bestellen<\/h3>\n<p>Unsere Etiketten bieten eine hervorragende Qualit\u00e4t dank der ultrahohen Aufl\u00f6sung des Durst Tau 330 Druckers. Sie sind in gro\u00dfen Formaten bis zu 97 x 30 cm erh\u00e4ltlich. Unsere Etiketten k\u00f6nnen dank der Auswahl aus 6 g\u00e4ngigen Materialien und 3 Laminaten an Ihre W\u00fcnsche angepasst werden. Die UV-Tinten sorgen f\u00fcr langanhaltenden Schutz und eine l\u00e4ngere Lebensdauer Ihres Drucks. Dank Laserschneiden k\u00f6nnen wir Etiketten in jeder gew\u00fcnschten Form liefern. Dabei fallen keine Einrichtungskosten an und Sie k\u00f6nnen bereits ab 1,5 m\u00b2 bestellen.<\/p>\n<h3>Warum Etiketten drucken?<\/h3>\n<ul>\n<li>Ultrahohe Aufl\u00f6sung dank des Durst Tau 330<\/li>\n<li>Verf\u00fcgbar in gro\u00dfen Formaten bis zu 97 x 30 cm<\/li>\n<li>Auswahl aus 6 g\u00e4ngigen Materialien und 3 Laminaten<\/li>\n<li>UV-Tinten sorgen f\u00fcr besseren Schutz und eine l\u00e4ngere Lebensdauer Ihres Drucks<\/li>\n<li>In jeder gew\u00fcnschten Form erh\u00e4ltlich dank Laserschneiden<\/li>\n<li>Keine Einrichtungskosten durch den Einsatz von Laserschneiden<\/li>\n<li>Bestellen Sie schon ab 1,5 m\u00b2<\/li>\n<li>Auswahl an festen Zwischenabst\u00e4nden von 3, 4, 5 oder 6 mm<\/li>\n<li>Bestellen Sie preiswerte gestanzte Etiketten \u00fcber Etiketten &#8211; gestanzt<\/li>\n<\/ul>\n<p>&nbsp;<\/p>\n<h3>TIPP: Sparen mit gestanzten Etiketten<\/h3>\n<p>F\u00fcr eine kosteng\u00fcnstige Option k\u00f6nnen Sie auch <a href=\"https:\/\/www.amstelprinting.nl\/de\/gesch\u00e4ft\/aufkleber-und-druck\/kleine-aufkleber\/etiketten-gestanzt\/\">gestanzte Etiketten bestellen<\/a>.<\/p>\n<h3>Materialien<\/h3>\n<p>Die Rollenwicklung kann nach innen oder au\u00dfen gerichtet sein und in 0, 90, 180 oder 270 Grad gedreht werden. Wir bieten eine breite Palette an Materialien f\u00fcr unsere Etiketten an.<\/p>\n<ul>\n<li><strong>Wei\u00dfe Folie (PP) &#8211; Werbezwecke<\/strong>: Diese PVC-freie Folie ist ideal f\u00fcr tempor\u00e4re Anwendungen im Innen- und Au\u00dfenbereich. Perfekt f\u00fcr Werbeaufkleber, die eine kurze Zeit halten, aber dennoch professionell wirken.<\/li>\n<li><strong>Wei\u00dfe Folie (PP) &#8211; Permanent<\/strong>: F\u00fcr eine dauerhafte L\u00f6sung ist diese PVC-freie Folie ideal f\u00fcr Anwendungen im Innen- und Au\u00dfenbereich. Die permanente Klebeschicht sorgt f\u00fcr langanhaltende Haftung.<\/li>\n<li><strong>Wei\u00dfe Folie (PP) &#8211; Stark haftend<\/strong>: Diese Folie hat eine extra starke Klebeschicht, geeignet f\u00fcr anspruchsvolle Bedingungen im Innen- und Au\u00dfenbereich, wo maximale Haftung erforderlich ist.<\/li>\n<li><strong>Papier<\/strong>: W\u00e4hlen Sie aus matt oder gl\u00e4nzend mit einer permanenten Klebeschicht. Unser FSC-zertifiziertes selbstklebendes Papier bietet ein elegantes Aussehen und ist ideal f\u00fcr Aufkleber, die eine langanhaltende Haftung erfordern.<\/li>\n<li><strong>Transparente Folie &#8211; Permanent<\/strong>: Diese PVC-freie Folie ist perfekt f\u00fcr Aufkleber, die dezent wirken sollen, geeignet f\u00fcr Anwendungen im Innen- und Au\u00dfenbereich.<\/li>\n<li><strong>Silberfolie (PP) &#8211; Permanent<\/strong>: Diese silberne, PVC-freie Folie bietet einen Metallic-Look mit einer permanenten Klebeschicht. Ideal f\u00fcr ein luxuri\u00f6ses Finish, geeignet f\u00fcr Anwendungen im Innen- und Au\u00dfenbereich.<\/li>\n<li><strong>Nachhaltige transparente Folie<\/strong>: Hergestellt aus recyceltem Kunststoff, bietet diese umweltfreundliche Folie eine permanente Klebeschicht. Das Material ist gut recycelbar, perfekt f\u00fcr nachhaltige Aufkleber.<\/li>\n<li><strong>Transparente Folie &#8211; Werbezwecke<\/strong>: Diese PVC-freie Folie ist ideal f\u00fcr tempor\u00e4re Anwendungen im Innen- und Au\u00dfenbereich.<\/li>\n<\/ul>\n<p>&nbsp;<\/p>\n<h3>Veredelung<\/h3>\n<p>Bei transparenter Folie haben Sie die Wahl, ob das Bild normal oder spiegelverkehrt dargestellt werden soll. Dar\u00fcber hinaus k\u00f6nnen Sie bei diesem Material sowie bei Silberfolie zwischen einer Schicht Vollfarbe oder einer Schicht Vollfarbe mit einer Schicht Wei\u00df w\u00e4hlen. Optional k\u00f6nnen Sie bei allen Materialien ein Laminat in gl\u00e4nzend, UV-best\u00e4ndig oder matt w\u00e4hlen, um Ihre Etiketten zu sch\u00fctzen. W\u00e4hlen Sie zwischen 3 cm, 4 cm oder 5 cm, um den richtigen Abstand zwischen den Aufklebern auf der Rolle zu bestimmen. Die Aufkleber auf Rolle sind in quadratischen\/rechteckigen Formen oder freien Formen erh\u00e4ltlich, um Ihren spezifischen Designw\u00fcnschen gerecht zu werden.<\/p>\n<h3>Zubeh\u00f6r<\/h3>\n<p>Um die Verwendung und Lagerung zu vereinfachen, k\u00f6nnen Sie die Label Dispenser Box &#8211; S zu Ihrer Bestellung hinzuf\u00fcgen. Diese Label Dispenser Box ist f\u00fcr Aufkleber zwischen 1,5 und 5 cm Breite, einer H\u00f6he von 10 cm mit einer maximalen Rollenl\u00e4nge von 25 Metern geeignet.<\/p>\n<p>Bitte beachten Sie: In der Mitte Ihrer Datei kann es zu einer kleinen Abweichung von maximal 1,5 mm kommen. Minimieren Sie diesen Effekt, indem Sie keine unn\u00f6tig d\u00fcnnen Rahmen um Ihre Datei legen.<\/p>\n<p>Lassen Sie Ihrer Kreativit\u00e4t freien Lauf und entdecken Sie, wie unsere Etiketten auf Rolle Ihre Ideen in auff\u00e4llige und funktionale Etikettierung verwandeln k\u00f6nnen.<\/p>\n<h3>H\u00e4ufig gestellte Fragen<\/h3>\n<p><strong>Kann ich mehrere Dateien mit unterschiedlichen Bildern hochladen?<\/strong><br \/>\nLeider ist es derzeit nicht m\u00f6glich, mehrere Dateien pro Rolle hochzuladen. Sie k\u00f6nnen nur eine Datei pro Rolle anliefern.<\/p>\n<p><strong>Was ist der Kerndurchmesser der Rolle?<\/strong><br \/>\nWir arbeiten standardm\u00e4\u00dfig mit einem Kerndurchmesser von 7,6 cm.<\/p>\n<p><strong>Kann ich goldene Aufkleber bei Ihnen bestellen?<\/strong><br \/>\nIn unserem Sortiment Specials bieten wir nur silberfarbene Folie an. Durch das Drucken der Farbkombination C 20 &#8211; M 25 &#8211; Y 60 &#8211; K 25 auf die Silberfolie erh\u00e4lt Ihr Aufkleber ein goldenes Aussehen mit dem gl\u00e4nzenden Effekt der Silberfolie.<\/p>\n<p><strong>Wie entferne ich meinen Aufkleber?<\/strong><br \/>\nWerbeaufkleber haben eine abl\u00f6sbare Klebeschicht und lassen sich normalerweise einfach und ohne Kleber\u00fcckst\u00e4nde entfernen. Sollten dennoch Kleber\u00fcckst\u00e4nde zur\u00fcckbleiben, k\u00f6nnen Sie diese einfach mit Allzweckreiniger oder Sp\u00fclmittel entfernen. Aufkleber mit permanenter Haftung haben eine h\u00f6here Klebekraft und sind daher schwieriger zu entfernen. Diese Aufkleber hinterlassen oft Kleber\u00fcckst\u00e4nde, die Sie mit einem Kleberentferner beseitigen k\u00f6nnen.<\/p>\n","protected":false},"excerpt":{"rendered":"<h3>Etiketten auf Rolle. Mit Aufdruck oder Design nach Wunsch.<\/h3>\n<p>Entdecken Sie unsere Etiketten auf Rolle; mit einer maximalen Druckbreite von 30 cm bieten wir Vielseitigkeit und Qualit\u00e4t. Unsere Etiketten sind in verschiedenen Materialien und Ausf\u00fchrungen erh\u00e4ltlich.<\/p>\n","protected":false},"featured_media":15768,"template":"","meta":{"_et_pb_use_builder":"","_et_pb_old_content":"","_et_gb_content_width":""},"product_brand":[],"product_cat":[953,313,951],"product_tag":[],"class_list":{"0":"post-15766","1":"product","2":"type-product","3":"status-publish","4":"has-post-thumbnail","6":"product_cat-aufkleber-auf-rolle","7":"product_cat-aufkleber-und-druck","8":"product_cat-kleine-aufkleber","10":"first","11":"instock","12":"taxable","13":"shipping-taxable","14":"purchasable","15":"product-type-simple"},"yoast_head":"<!-- This site is optimized with the Yoast SEO plugin v27.3 - https:\/\/yoast.com\/product\/yoast-seo-wordpress\/ -->\n<title>Etiketten auf Rolle \u2013 Gestochen scharf, Langlebig &amp; Schnelle Lieferung<\/title>\n<meta name=\"description\" content=\"Etiketten auf Rolle mit gestochen scharfen Details, langlebigen UV-Tinten und perfektem Finish. Ideal f\u00fcr Branding und Werbung. Lieferung in ganz Europa.\" \/>\n<meta name=\"robots\" content=\"index, follow, max-snippet:-1, max-image-preview:large, max-video-preview:-1\" \/>\n<link rel=\"canonical\" href=\"https:\/\/www.amstelprinting.nl\/de\/gesch\u00e4ft\/aufkleber-und-druck\/kleine-aufkleber\/etiketten\/\" \/>\n<meta property=\"og:locale\" content=\"de_DE\" \/>\n<meta property=\"og:type\" content=\"article\" \/>\n<meta property=\"og:title\" content=\"Etiketten auf Rolle \u2013 Gestochen scharf, Langlebig &amp; Schnelle Lieferung\" \/>\n<meta property=\"og:description\" content=\"Etiketten auf Rolle mit gestochen scharfen Details, langlebigen UV-Tinten und perfektem Finish. Ideal f\u00fcr Branding und Werbung. Lieferung in ganz Europa.\" \/>\n<meta property=\"og:url\" content=\"https:\/\/www.amstelprinting.nl\/de\/gesch\u00e4ft\/aufkleber-und-druck\/kleine-aufkleber\/etiketten\/\" \/>\n<meta property=\"og:site_name\" content=\"Amstel Printing\" \/>\n<meta property=\"article:modified_time\" content=\"2026-02-10T11:32:25+00:00\" \/>\n<meta property=\"og:image\" content=\"https:\/\/www.amstelprinting.nl\/wp-content\/uploads\/Etiketten.jpg\" \/>\n\t<meta property=\"og:image:width\" content=\"700\" \/>\n\t<meta property=\"og:image:height\" content=\"700\" \/>\n\t<meta property=\"og:image:type\" content=\"image\/jpeg\" \/>\n<meta name=\"twitter:card\" content=\"summary_large_image\" \/>\n<meta name=\"twitter:label1\" content=\"Gesch\u00e4tzte Lesezeit\" \/>\n\t<meta name=\"twitter:data1\" content=\"4\u00a0Minuten\" \/>\n<script type=\"application\/ld+json\" class=\"yoast-schema-graph\">{\"@context\":\"https:\\\/\\\/schema.org\",\"@graph\":[{\"@type\":\"WebPage\",\"@id\":\"https:\\\/\\\/www.amstelprinting.nl\\\/de\\\/gesch\u00e4ft\\\/aufkleber-und-druck\\\/kleine-aufkleber\\\/etiketten\\\/\",\"url\":\"https:\\\/\\\/www.amstelprinting.nl\\\/de\\\/gesch\u00e4ft\\\/aufkleber-und-druck\\\/kleine-aufkleber\\\/etiketten\\\/\",\"name\":\"Etiketten auf Rolle \u2013 Gestochen scharf, Langlebig & Schnelle Lieferung\",\"isPartOf\":{\"@id\":\"https:\\\/\\\/www.amstelprinting.nl\\\/de\\\/#website\"},\"primaryImageOfPage\":{\"@id\":\"https:\\\/\\\/www.amstelprinting.nl\\\/de\\\/gesch\u00e4ft\\\/aufkleber-und-druck\\\/kleine-aufkleber\\\/etiketten\\\/#primaryimage\"},\"image\":{\"@id\":\"https:\\\/\\\/www.amstelprinting.nl\\\/de\\\/gesch\u00e4ft\\\/aufkleber-und-druck\\\/kleine-aufkleber\\\/etiketten\\\/#primaryimage\"},\"thumbnailUrl\":\"https:\\\/\\\/www.amstelprinting.nl\\\/wp-content\\\/uploads\\\/Etiketten.jpg\",\"datePublished\":\"2025-01-23T19:43:48+00:00\",\"dateModified\":\"2026-02-10T11:32:25+00:00\",\"description\":\"Etiketten auf Rolle mit gestochen scharfen Details, langlebigen UV-Tinten und perfektem Finish. Ideal f\u00fcr Branding und Werbung. Lieferung in ganz Europa.\",\"breadcrumb\":{\"@id\":\"https:\\\/\\\/www.amstelprinting.nl\\\/de\\\/gesch\u00e4ft\\\/aufkleber-und-druck\\\/kleine-aufkleber\\\/etiketten\\\/#breadcrumb\"},\"inLanguage\":\"de\",\"potentialAction\":[{\"@type\":\"ReadAction\",\"target\":[\"https:\\\/\\\/www.amstelprinting.nl\\\/de\\\/gesch\u00e4ft\\\/aufkleber-und-druck\\\/kleine-aufkleber\\\/etiketten\\\/\"]}]},{\"@type\":\"ImageObject\",\"inLanguage\":\"de\",\"@id\":\"https:\\\/\\\/www.amstelprinting.nl\\\/de\\\/gesch\u00e4ft\\\/aufkleber-und-druck\\\/kleine-aufkleber\\\/etiketten\\\/#primaryimage\",\"url\":\"https:\\\/\\\/www.amstelprinting.nl\\\/wp-content\\\/uploads\\\/Etiketten.jpg\",\"contentUrl\":\"https:\\\/\\\/www.amstelprinting.nl\\\/wp-content\\\/uploads\\\/Etiketten.jpg\",\"width\":700,\"height\":700},{\"@type\":\"BreadcrumbList\",\"@id\":\"https:\\\/\\\/www.amstelprinting.nl\\\/de\\\/gesch\u00e4ft\\\/aufkleber-und-druck\\\/kleine-aufkleber\\\/etiketten\\\/#breadcrumb\",\"itemListElement\":[{\"@type\":\"ListItem\",\"position\":1,\"name\":\"\",\"item\":\"https:\\\/\\\/www.amstelprinting.nl\\\/de\\\/\"},{\"@type\":\"ListItem\",\"position\":2,\"name\":\"Amstel Printing\",\"item\":\"https:\\\/\\\/www.amstelprinting.nl\\\/de\\\/geschaeft\\\/\"},{\"@type\":\"ListItem\",\"position\":3,\"name\":\"Aufkleber und Druck\",\"item\":\"https:\\\/\\\/www.amstelprinting.nl\\\/de\\\/kategorie\\\/aufkleber-und-druck\\\/\"},{\"@type\":\"ListItem\",\"position\":4,\"name\":\"Kleine Aufkleber\",\"item\":\"https:\\\/\\\/www.amstelprinting.nl\\\/de\\\/kategorie\\\/aufkleber-und-druck\\\/kleine-aufkleber\\\/\"},{\"@type\":\"ListItem\",\"position\":5,\"name\":\"Etiketten\"}]},{\"@type\":\"WebSite\",\"@id\":\"https:\\\/\\\/www.amstelprinting.nl\\\/de\\\/#website\",\"url\":\"https:\\\/\\\/www.amstelprinting.nl\\\/de\\\/\",\"name\":\"Amstel Printing\",\"description\":\"Creating Exposure\",\"publisher\":{\"@id\":\"https:\\\/\\\/www.amstelprinting.nl\\\/de\\\/#organization\"},\"potentialAction\":[{\"@type\":\"SearchAction\",\"target\":{\"@type\":\"EntryPoint\",\"urlTemplate\":\"https:\\\/\\\/www.amstelprinting.nl\\\/de\\\/?s={search_term_string}\"},\"query-input\":{\"@type\":\"PropertyValueSpecification\",\"valueRequired\":true,\"valueName\":\"search_term_string\"}}],\"inLanguage\":\"de\"},{\"@type\":\"Organization\",\"@id\":\"https:\\\/\\\/www.amstelprinting.nl\\\/de\\\/#organization\",\"name\":\"Amstel Printing\",\"url\":\"https:\\\/\\\/www.amstelprinting.nl\\\/de\\\/\",\"logo\":{\"@type\":\"ImageObject\",\"inLanguage\":\"de\",\"@id\":\"https:\\\/\\\/www.amstelprinting.nl\\\/de\\\/#\\\/schema\\\/logo\\\/image\\\/\",\"url\":\"https:\\\/\\\/www.amstelprinting.nl\\\/wp-content\\\/uploads\\\/amstel_printing_logo_clean.png\",\"contentUrl\":\"https:\\\/\\\/www.amstelprinting.nl\\\/wp-content\\\/uploads\\\/amstel_printing_logo_clean.png\",\"width\":324,\"height\":73,\"caption\":\"Amstel Printing\"},\"image\":{\"@id\":\"https:\\\/\\\/www.amstelprinting.nl\\\/de\\\/#\\\/schema\\\/logo\\\/image\\\/\"}}]}<\/script>\n<!-- \/ Yoast SEO plugin. -->","yoast_head_json":{"title":"Etiketten auf Rolle \u2013 Gestochen scharf, Langlebig & Schnelle Lieferung","description":"Etiketten auf Rolle mit gestochen scharfen Details, langlebigen UV-Tinten und perfektem Finish. Ideal f\u00fcr Branding und Werbung. Lieferung in ganz Europa.","robots":{"index":"index","follow":"follow","max-snippet":"max-snippet:-1","max-image-preview":"max-image-preview:large","max-video-preview":"max-video-preview:-1"},"canonical":"https:\/\/www.amstelprinting.nl\/de\/gesch\u00e4ft\/aufkleber-und-druck\/kleine-aufkleber\/etiketten\/","og_locale":"de_DE","og_type":"article","og_title":"Etiketten auf Rolle \u2013 Gestochen scharf, Langlebig & Schnelle Lieferung","og_description":"Etiketten auf Rolle mit gestochen scharfen Details, langlebigen UV-Tinten und perfektem Finish. Ideal f\u00fcr Branding und Werbung. Lieferung in ganz Europa.","og_url":"https:\/\/www.amstelprinting.nl\/de\/gesch\u00e4ft\/aufkleber-und-druck\/kleine-aufkleber\/etiketten\/","og_site_name":"Amstel Printing","article_modified_time":"2026-02-10T11:32:25+00:00","og_image":[{"width":700,"height":700,"url":"https:\/\/www.amstelprinting.nl\/wp-content\/uploads\/Etiketten.jpg","type":"image\/jpeg"}],"twitter_card":"summary_large_image","twitter_misc":{"Gesch\u00e4tzte Lesezeit":"4\u00a0Minuten"},"schema":{"@context":"https:\/\/schema.org","@graph":[{"@type":"WebPage","@id":"https:\/\/www.amstelprinting.nl\/de\/gesch\u00e4ft\/aufkleber-und-druck\/kleine-aufkleber\/etiketten\/","url":"https:\/\/www.amstelprinting.nl\/de\/gesch\u00e4ft\/aufkleber-und-druck\/kleine-aufkleber\/etiketten\/","name":"Etiketten auf Rolle \u2013 Gestochen scharf, Langlebig & Schnelle Lieferung","isPartOf":{"@id":"https:\/\/www.amstelprinting.nl\/de\/#website"},"primaryImageOfPage":{"@id":"https:\/\/www.amstelprinting.nl\/de\/gesch\u00e4ft\/aufkleber-und-druck\/kleine-aufkleber\/etiketten\/#primaryimage"},"image":{"@id":"https:\/\/www.amstelprinting.nl\/de\/gesch\u00e4ft\/aufkleber-und-druck\/kleine-aufkleber\/etiketten\/#primaryimage"},"thumbnailUrl":"https:\/\/www.amstelprinting.nl\/wp-content\/uploads\/Etiketten.jpg","datePublished":"2025-01-23T19:43:48+00:00","dateModified":"2026-02-10T11:32:25+00:00","description":"Etiketten auf Rolle mit gestochen scharfen Details, langlebigen UV-Tinten und perfektem Finish. Ideal f\u00fcr Branding und Werbung. Lieferung in ganz Europa.","breadcrumb":{"@id":"https:\/\/www.amstelprinting.nl\/de\/gesch\u00e4ft\/aufkleber-und-druck\/kleine-aufkleber\/etiketten\/#breadcrumb"},"inLanguage":"de","potentialAction":[{"@type":"ReadAction","target":["https:\/\/www.amstelprinting.nl\/de\/gesch\u00e4ft\/aufkleber-und-druck\/kleine-aufkleber\/etiketten\/"]}]},{"@type":"ImageObject","inLanguage":"de","@id":"https:\/\/www.amstelprinting.nl\/de\/gesch\u00e4ft\/aufkleber-und-druck\/kleine-aufkleber\/etiketten\/#primaryimage","url":"https:\/\/www.amstelprinting.nl\/wp-content\/uploads\/Etiketten.jpg","contentUrl":"https:\/\/www.amstelprinting.nl\/wp-content\/uploads\/Etiketten.jpg","width":700,"height":700},{"@type":"BreadcrumbList","@id":"https:\/\/www.amstelprinting.nl\/de\/gesch\u00e4ft\/aufkleber-und-druck\/kleine-aufkleber\/etiketten\/#breadcrumb","itemListElement":[{"@type":"ListItem","position":1,"name":"","item":"https:\/\/www.amstelprinting.nl\/de\/"},{"@type":"ListItem","position":2,"name":"Amstel Printing","item":"https:\/\/www.amstelprinting.nl\/de\/geschaeft\/"},{"@type":"ListItem","position":3,"name":"Aufkleber und Druck","item":"https:\/\/www.amstelprinting.nl\/de\/kategorie\/aufkleber-und-druck\/"},{"@type":"ListItem","position":4,"name":"Kleine Aufkleber","item":"https:\/\/www.amstelprinting.nl\/de\/kategorie\/aufkleber-und-druck\/kleine-aufkleber\/"},{"@type":"ListItem","position":5,"name":"Etiketten"}]},{"@type":"WebSite","@id":"https:\/\/www.amstelprinting.nl\/de\/#website","url":"https:\/\/www.amstelprinting.nl\/de\/","name":"Amstel Printing","description":"Creating Exposure","publisher":{"@id":"https:\/\/www.amstelprinting.nl\/de\/#organization"},"potentialAction":[{"@type":"SearchAction","target":{"@type":"EntryPoint","urlTemplate":"https:\/\/www.amstelprinting.nl\/de\/?s={search_term_string}"},"query-input":{"@type":"PropertyValueSpecification","valueRequired":true,"valueName":"search_term_string"}}],"inLanguage":"de"},{"@type":"Organization","@id":"https:\/\/www.amstelprinting.nl\/de\/#organization","name":"Amstel Printing","url":"https:\/\/www.amstelprinting.nl\/de\/","logo":{"@type":"ImageObject","inLanguage":"de","@id":"https:\/\/www.amstelprinting.nl\/de\/#\/schema\/logo\/image\/","url":"https:\/\/www.amstelprinting.nl\/wp-content\/uploads\/amstel_printing_logo_clean.png","contentUrl":"https:\/\/www.amstelprinting.nl\/wp-content\/uploads\/amstel_printing_logo_clean.png","width":324,"height":73,"caption":"Amstel Printing"},"image":{"@id":"https:\/\/www.amstelprinting.nl\/de\/#\/schema\/logo\/image\/"}}]}},"_links":{"self":[{"href":"https:\/\/www.amstelprinting.nl\/de\/wp-json\/wp\/v2\/product\/15766","targetHints":{"allow":["GET"]}}],"collection":[{"href":"https:\/\/www.amstelprinting.nl\/de\/wp-json\/wp\/v2\/product"}],"about":[{"href":"https:\/\/www.amstelprinting.nl\/de\/wp-json\/wp\/v2\/types\/product"}],"wp:featuredmedia":[{"embeddable":true,"href":"https:\/\/www.amstelprinting.nl\/de\/wp-json\/wp\/v2\/media\/15768"}],"wp:attachment":[{"href":"https:\/\/www.amstelprinting.nl\/de\/wp-json\/wp\/v2\/media?parent=15766"}],"wp:term":[{"taxonomy":"product_brand","embeddable":true,"href":"https:\/\/www.amstelprinting.nl\/de\/wp-json\/wp\/v2\/product_brand?post=15766"},{"taxonomy":"product_cat","embeddable":true,"href":"https:\/\/www.amstelprinting.nl\/de\/wp-json\/wp\/v2\/product_cat?post=15766"},{"taxonomy":"product_tag","embeddable":true,"href":"https:\/\/www.amstelprinting.nl\/de\/wp-json\/wp\/v2\/product_tag?post=15766"}],"curies":[{"name":"wp","href":"https:\/\/api.w.org\/{rel}","templated":true}]}}