{"id":15781,"date":"2025-01-23T20:43:38","date_gmt":"2025-01-23T19:43:38","guid":{"rendered":"https:\/\/www.amstelprinting.nl\/winkel\/unkategorisiert\/stickervellen\/"},"modified":"2026-02-18T12:54:58","modified_gmt":"2026-02-18T11:54:58","slug":"stickerbogen","status":"publish","type":"product","link":"https:\/\/www.amstelprinting.nl\/de\/gesch\u00e4ft\/aufkleber-und-druck\/kleine-aufkleber\/stickerbogen\/","title":{"rendered":"Stickerb\u00f6gen"},"content":{"rendered":"<h3>Art des Stickerbogens<\/h3>\n<ul>\n<li><strong>Bogen mit festem Format<\/strong>: Ideal, wenn Sie ein einzelnes Design auf einem Bogen wiederholen m\u00f6chten. Ihr Design wird optimal auf einem Standardbogen von 30 x 26 cm platziert, sodass Sie den Platz bestm\u00f6glich nutzen und Ihr Design effizient dargestellt wird.<\/li>\n<li><strong>Bogen mit variablem Format<\/strong>: Wenn Sie mehr Kontrolle \u00fcber die Abmessungen Ihres Stickerbogens w\u00fcnschen, w\u00e4hlen Sie unser variables Format. Sie k\u00f6nnen Ihr Design bis zu einer maximalen Gr\u00f6\u00dfe von 25 x 25 cm anpassen. Diese Bogenart wird mit einem etwas dickeren Tr\u00e4gerpapier geliefert, um ein W\u00f6lben zu verhindern, und bietet Ihnen die Flexibilit\u00e4t, die Datei ganz nach Ihren W\u00fcnschen zu gestalten.<\/li>\n<\/ul>\n<p>&nbsp;<\/p>\n<h3>Materialien<\/h3>\n<p>Unsere Stickerb\u00f6gen sind in verschiedenen Materialien erh\u00e4ltlich:<\/p>\n<ul>\n<li><strong>Ultra Destructable<\/strong>: Diese wei\u00dfe Folie mit permanenter Klebeschicht zerbricht in kleine St\u00fccke, wenn versucht wird, sie zu entfernen. Ideal f\u00fcr Sicherheitsetiketten und Anwendungen, bei denen eine Entfernung nicht erw\u00fcnscht ist.<\/li>\n<li><strong>Wei\u00dfe Folie (PP) &#8211; Promotion<\/strong>: Eine wei\u00dfe, PVC-freie Folie, die sich hervorragend f\u00fcr tempor\u00e4re Anwendungen im Innen- und Au\u00dfenbereich eignet. Perfekt f\u00fcr Werbezwecke, bei denen ein vor\u00fcbergehendes, aber professionelles Erscheinungsbild gew\u00fcnscht ist.<\/li>\n<li><strong>Wei\u00dfe Folie (PP) &#8211; Permanent<\/strong>: Diese wei\u00dfe, PVC-freie Folie bietet lang anhaltende Haftung f\u00fcr Anwendungen im Innen- und Au\u00dfenbereich. Ideal f\u00fcr Etiketten, die lange halten m\u00fcssen.<\/li>\n<li><strong>Wei\u00dfe Folie (PP) &#8211; Stark haftend<\/strong>: Mit einer extra starken Klebeschicht ist diese Folie f\u00fcr Situationen konzipiert, in denen maximale Haftung erforderlich ist. Geeignet f\u00fcr anspruchsvolle Bedingungen im Innen- und Au\u00dfenbereich.<\/li>\n<li><strong>Papier<\/strong>: Erh\u00e4ltlich in matt oder gl\u00e4nzend mit einer permanenten Klebeschicht. Dieses FSC-zertifizierte, selbstklebende Papier bietet ein elegantes Erscheinungsbild und ist ideal f\u00fcr langfristige Anwendungen.<\/li>\n<li><strong>Transparente Folie &#8211; Permanent<\/strong>: Diese transparente, PVC-freie Folie ist perfekt f\u00fcr eine dezente Darstellung und kann sowohl im Innen- als auch im Au\u00dfenbereich verwendet werden, ohne das Erscheinungsbild Ihres Untergrunds zu beeintr\u00e4chtigen.<\/li>\n<\/ul>\n<p>&nbsp;<\/p>\n<h3>Veredelung<\/h3>\n<p>Bei transparenter Folie k\u00f6nnen Sie zwischen einer Schicht Full Color oder Full Color mit einer Schicht Wei\u00df f\u00fcr zus\u00e4tzliche Helligkeit w\u00e4hlen. Sch\u00fctzen Sie Ihre Aufkleber mit einem optionalen Laminat in gl\u00e4nzend, UV-best\u00e4ndig oder matt, das sowohl f\u00fcr wei\u00dfe als auch f\u00fcr transparente Folie erh\u00e4ltlich ist. Dar\u00fcber hinaus sind die Aufkleber in quadratischen\/rechteckigen oder runden Formen erh\u00e4ltlich.<\/p>\n<p>Unsere Stickerb\u00f6gen sind darauf ausgelegt, Ihnen maximale Flexibilit\u00e4t und Qualit\u00e4t zu bieten, unabh\u00e4ngig von Ihren Projektanforderungen. Beginnen Sie noch heute und erleben Sie, wie unsere ma\u00dfgeschneiderten Stickerb\u00f6gen Ihre Designideen auf die n\u00e4chste Stufe heben!<\/p>\n<p>Hinweis: Es kann vorkommen, dass Ihr Produkt eine kleine Abweichung von bis zu 1,5 mm von der Mitte der Datei aufweist. Sie k\u00f6nnen diesen Effekt minimieren, indem Sie keine unn\u00f6tig d\u00fcnnen Rahmen um Ihre Datei setzen.<\/p>\n<h3>H\u00e4ufig gestellte Fragen<\/h3>\n<p><strong>Was ist der Unterschied zwischen Stickerb\u00f6gen und Aufklebern auf Bogen?<\/strong><br \/>\nAufkleber auf Bogen werden standardm\u00e4\u00dfig auf B\u00f6gen von 30 x 26 cm geliefert. Bei Stickerb\u00f6gen haben Sie die Flexibilit\u00e4t, das Format Ihres Bogens selbst zu bestimmen.<\/p>\n","protected":false},"excerpt":{"rendered":"<h3>Bestellen Sie ganz einfach Stickerb\u00f6gen im gew\u00fcnschten Format<\/h3>\n<p>Erwecken Sie Ihre Ideen mit unseren vielseitigen Stickerb\u00f6gen zum Leben. Mit einer gro\u00dfen Auswahl an Materialien und Veredelungsoptionen k\u00f6nnen Sie Ihre Aufkleber f\u00fcr jede Anwendung anpassen, von tempor\u00e4ren Werbeaktionen bis hin zur dauerhaften Kennzeichnung. Entdecken Sie, wie unsere Stickerb\u00f6gen Ihre Designs aufwerten k\u00f6nnen und lassen Sie Ihrer Kreativit\u00e4t freien Lauf!<\/p>\n","protected":false},"featured_media":15783,"template":"","meta":{"_et_pb_use_builder":"","_et_pb_old_content":"","_et_gb_content_width":""},"product_brand":[],"product_cat":[313,954,951],"product_tag":[],"class_list":{"0":"post-15781","1":"product","2":"type-product","3":"status-publish","4":"has-post-thumbnail","6":"product_cat-aufkleber-und-druck","7":"product_cat-aufkleberbogen","8":"product_cat-kleine-aufkleber","10":"first","11":"instock","12":"taxable","13":"shipping-taxable","14":"purchasable","15":"product-type-simple"},"yoast_head":"<!-- This site is optimized with the Yoast SEO plugin v27.3 - https:\/\/yoast.com\/product\/yoast-seo-wordpress\/ -->\n<title>Stickerb\u00f6gen nach Ma\u00df \u2013 Nachhaltig &amp; Vielseitig<\/title>\n<meta name=\"description\" content=\"Bestellen Sie hochwertige Stickerb\u00f6gen nach Ma\u00df in verschiedenen Materialien und Formaten, perfekt f\u00fcr Promotionen, Produktetiketten und Sicherheit.\" \/>\n<meta name=\"robots\" content=\"index, follow, max-snippet:-1, max-image-preview:large, max-video-preview:-1\" \/>\n<link rel=\"canonical\" href=\"https:\/\/www.amstelprinting.nl\/de\/gesch\u00e4ft\/aufkleber-und-druck\/kleine-aufkleber\/stickerbogen\/\" \/>\n<meta property=\"og:locale\" content=\"de_DE\" \/>\n<meta property=\"og:type\" content=\"article\" \/>\n<meta property=\"og:title\" content=\"Stickerb\u00f6gen nach Ma\u00df \u2013 Nachhaltig &amp; Vielseitig\" \/>\n<meta property=\"og:description\" content=\"Bestellen Sie hochwertige Stickerb\u00f6gen nach Ma\u00df in verschiedenen Materialien und Formaten, perfekt f\u00fcr Promotionen, Produktetiketten und Sicherheit.\" \/>\n<meta property=\"og:url\" content=\"https:\/\/www.amstelprinting.nl\/de\/gesch\u00e4ft\/aufkleber-und-druck\/kleine-aufkleber\/stickerbogen\/\" \/>\n<meta property=\"og:site_name\" content=\"Amstel Printing\" \/>\n<meta property=\"article:modified_time\" content=\"2026-02-18T11:54:58+00:00\" \/>\n<meta property=\"og:image\" content=\"https:\/\/www.amstelprinting.nl\/wp-content\/uploads\/Stickervellen.jpg\" \/>\n\t<meta property=\"og:image:width\" content=\"700\" \/>\n\t<meta property=\"og:image:height\" content=\"700\" \/>\n\t<meta property=\"og:image:type\" content=\"image\/jpeg\" \/>\n<meta name=\"twitter:card\" content=\"summary_large_image\" \/>\n<meta name=\"twitter:label1\" content=\"Gesch\u00e4tzte Lesezeit\" \/>\n\t<meta name=\"twitter:data1\" content=\"3\u00a0Minuten\" \/>\n<script type=\"application\/ld+json\" class=\"yoast-schema-graph\">{\"@context\":\"https:\\\/\\\/schema.org\",\"@graph\":[{\"@type\":\"WebPage\",\"@id\":\"https:\\\/\\\/www.amstelprinting.nl\\\/de\\\/gesch\u00e4ft\\\/aufkleber-und-druck\\\/kleine-aufkleber\\\/stickerbogen\\\/\",\"url\":\"https:\\\/\\\/www.amstelprinting.nl\\\/de\\\/gesch\u00e4ft\\\/aufkleber-und-druck\\\/kleine-aufkleber\\\/stickerbogen\\\/\",\"name\":\"Stickerb\u00f6gen nach Ma\u00df \u2013 Nachhaltig & Vielseitig\",\"isPartOf\":{\"@id\":\"https:\\\/\\\/www.amstelprinting.nl\\\/de\\\/#website\"},\"primaryImageOfPage\":{\"@id\":\"https:\\\/\\\/www.amstelprinting.nl\\\/de\\\/gesch\u00e4ft\\\/aufkleber-und-druck\\\/kleine-aufkleber\\\/stickerbogen\\\/#primaryimage\"},\"image\":{\"@id\":\"https:\\\/\\\/www.amstelprinting.nl\\\/de\\\/gesch\u00e4ft\\\/aufkleber-und-druck\\\/kleine-aufkleber\\\/stickerbogen\\\/#primaryimage\"},\"thumbnailUrl\":\"https:\\\/\\\/www.amstelprinting.nl\\\/wp-content\\\/uploads\\\/Stickervellen.jpg\",\"datePublished\":\"2025-01-23T19:43:38+00:00\",\"dateModified\":\"2026-02-18T11:54:58+00:00\",\"description\":\"Bestellen Sie hochwertige Stickerb\u00f6gen nach Ma\u00df in verschiedenen Materialien und Formaten, perfekt f\u00fcr Promotionen, Produktetiketten und Sicherheit.\",\"breadcrumb\":{\"@id\":\"https:\\\/\\\/www.amstelprinting.nl\\\/de\\\/gesch\u00e4ft\\\/aufkleber-und-druck\\\/kleine-aufkleber\\\/stickerbogen\\\/#breadcrumb\"},\"inLanguage\":\"de\",\"potentialAction\":[{\"@type\":\"ReadAction\",\"target\":[\"https:\\\/\\\/www.amstelprinting.nl\\\/de\\\/gesch\u00e4ft\\\/aufkleber-und-druck\\\/kleine-aufkleber\\\/stickerbogen\\\/\"]}]},{\"@type\":\"ImageObject\",\"inLanguage\":\"de\",\"@id\":\"https:\\\/\\\/www.amstelprinting.nl\\\/de\\\/gesch\u00e4ft\\\/aufkleber-und-druck\\\/kleine-aufkleber\\\/stickerbogen\\\/#primaryimage\",\"url\":\"https:\\\/\\\/www.amstelprinting.nl\\\/wp-content\\\/uploads\\\/Stickervellen.jpg\",\"contentUrl\":\"https:\\\/\\\/www.amstelprinting.nl\\\/wp-content\\\/uploads\\\/Stickervellen.jpg\",\"width\":700,\"height\":700},{\"@type\":\"BreadcrumbList\",\"@id\":\"https:\\\/\\\/www.amstelprinting.nl\\\/de\\\/gesch\u00e4ft\\\/aufkleber-und-druck\\\/kleine-aufkleber\\\/stickerbogen\\\/#breadcrumb\",\"itemListElement\":[{\"@type\":\"ListItem\",\"position\":1,\"name\":\"\",\"item\":\"https:\\\/\\\/www.amstelprinting.nl\\\/de\\\/\"},{\"@type\":\"ListItem\",\"position\":2,\"name\":\"Amstel Printing\",\"item\":\"https:\\\/\\\/www.amstelprinting.nl\\\/de\\\/geschaeft\\\/\"},{\"@type\":\"ListItem\",\"position\":3,\"name\":\"Aufkleber und Druck\",\"item\":\"https:\\\/\\\/www.amstelprinting.nl\\\/de\\\/kategorie\\\/aufkleber-und-druck\\\/\"},{\"@type\":\"ListItem\",\"position\":4,\"name\":\"Kleine Aufkleber\",\"item\":\"https:\\\/\\\/www.amstelprinting.nl\\\/de\\\/kategorie\\\/aufkleber-und-druck\\\/kleine-aufkleber\\\/\"},{\"@type\":\"ListItem\",\"position\":5,\"name\":\"Stickerb\u00f6gen\"}]},{\"@type\":\"WebSite\",\"@id\":\"https:\\\/\\\/www.amstelprinting.nl\\\/de\\\/#website\",\"url\":\"https:\\\/\\\/www.amstelprinting.nl\\\/de\\\/\",\"name\":\"Amstel Printing\",\"description\":\"Creating Exposure\",\"publisher\":{\"@id\":\"https:\\\/\\\/www.amstelprinting.nl\\\/de\\\/#organization\"},\"potentialAction\":[{\"@type\":\"SearchAction\",\"target\":{\"@type\":\"EntryPoint\",\"urlTemplate\":\"https:\\\/\\\/www.amstelprinting.nl\\\/de\\\/?s={search_term_string}\"},\"query-input\":{\"@type\":\"PropertyValueSpecification\",\"valueRequired\":true,\"valueName\":\"search_term_string\"}}],\"inLanguage\":\"de\"},{\"@type\":\"Organization\",\"@id\":\"https:\\\/\\\/www.amstelprinting.nl\\\/de\\\/#organization\",\"name\":\"Amstel Printing\",\"url\":\"https:\\\/\\\/www.amstelprinting.nl\\\/de\\\/\",\"logo\":{\"@type\":\"ImageObject\",\"inLanguage\":\"de\",\"@id\":\"https:\\\/\\\/www.amstelprinting.nl\\\/de\\\/#\\\/schema\\\/logo\\\/image\\\/\",\"url\":\"https:\\\/\\\/www.amstelprinting.nl\\\/wp-content\\\/uploads\\\/amstel_printing_logo_clean.png\",\"contentUrl\":\"https:\\\/\\\/www.amstelprinting.nl\\\/wp-content\\\/uploads\\\/amstel_printing_logo_clean.png\",\"width\":324,\"height\":73,\"caption\":\"Amstel Printing\"},\"image\":{\"@id\":\"https:\\\/\\\/www.amstelprinting.nl\\\/de\\\/#\\\/schema\\\/logo\\\/image\\\/\"}}]}<\/script>\n<!-- \/ Yoast SEO plugin. -->","yoast_head_json":{"title":"Stickerb\u00f6gen nach Ma\u00df \u2013 Nachhaltig & Vielseitig","description":"Bestellen Sie hochwertige Stickerb\u00f6gen nach Ma\u00df in verschiedenen Materialien und Formaten, perfekt f\u00fcr Promotionen, Produktetiketten und Sicherheit.","robots":{"index":"index","follow":"follow","max-snippet":"max-snippet:-1","max-image-preview":"max-image-preview:large","max-video-preview":"max-video-preview:-1"},"canonical":"https:\/\/www.amstelprinting.nl\/de\/gesch\u00e4ft\/aufkleber-und-druck\/kleine-aufkleber\/stickerbogen\/","og_locale":"de_DE","og_type":"article","og_title":"Stickerb\u00f6gen nach Ma\u00df \u2013 Nachhaltig & Vielseitig","og_description":"Bestellen Sie hochwertige Stickerb\u00f6gen nach Ma\u00df in verschiedenen Materialien und Formaten, perfekt f\u00fcr Promotionen, Produktetiketten und Sicherheit.","og_url":"https:\/\/www.amstelprinting.nl\/de\/gesch\u00e4ft\/aufkleber-und-druck\/kleine-aufkleber\/stickerbogen\/","og_site_name":"Amstel Printing","article_modified_time":"2026-02-18T11:54:58+00:00","og_image":[{"width":700,"height":700,"url":"https:\/\/www.amstelprinting.nl\/wp-content\/uploads\/Stickervellen.jpg","type":"image\/jpeg"}],"twitter_card":"summary_large_image","twitter_misc":{"Gesch\u00e4tzte Lesezeit":"3\u00a0Minuten"},"schema":{"@context":"https:\/\/schema.org","@graph":[{"@type":"WebPage","@id":"https:\/\/www.amstelprinting.nl\/de\/gesch\u00e4ft\/aufkleber-und-druck\/kleine-aufkleber\/stickerbogen\/","url":"https:\/\/www.amstelprinting.nl\/de\/gesch\u00e4ft\/aufkleber-und-druck\/kleine-aufkleber\/stickerbogen\/","name":"Stickerb\u00f6gen nach Ma\u00df \u2013 Nachhaltig & Vielseitig","isPartOf":{"@id":"https:\/\/www.amstelprinting.nl\/de\/#website"},"primaryImageOfPage":{"@id":"https:\/\/www.amstelprinting.nl\/de\/gesch\u00e4ft\/aufkleber-und-druck\/kleine-aufkleber\/stickerbogen\/#primaryimage"},"image":{"@id":"https:\/\/www.amstelprinting.nl\/de\/gesch\u00e4ft\/aufkleber-und-druck\/kleine-aufkleber\/stickerbogen\/#primaryimage"},"thumbnailUrl":"https:\/\/www.amstelprinting.nl\/wp-content\/uploads\/Stickervellen.jpg","datePublished":"2025-01-23T19:43:38+00:00","dateModified":"2026-02-18T11:54:58+00:00","description":"Bestellen Sie hochwertige Stickerb\u00f6gen nach Ma\u00df in verschiedenen Materialien und Formaten, perfekt f\u00fcr Promotionen, Produktetiketten und Sicherheit.","breadcrumb":{"@id":"https:\/\/www.amstelprinting.nl\/de\/gesch\u00e4ft\/aufkleber-und-druck\/kleine-aufkleber\/stickerbogen\/#breadcrumb"},"inLanguage":"de","potentialAction":[{"@type":"ReadAction","target":["https:\/\/www.amstelprinting.nl\/de\/gesch\u00e4ft\/aufkleber-und-druck\/kleine-aufkleber\/stickerbogen\/"]}]},{"@type":"ImageObject","inLanguage":"de","@id":"https:\/\/www.amstelprinting.nl\/de\/gesch\u00e4ft\/aufkleber-und-druck\/kleine-aufkleber\/stickerbogen\/#primaryimage","url":"https:\/\/www.amstelprinting.nl\/wp-content\/uploads\/Stickervellen.jpg","contentUrl":"https:\/\/www.amstelprinting.nl\/wp-content\/uploads\/Stickervellen.jpg","width":700,"height":700},{"@type":"BreadcrumbList","@id":"https:\/\/www.amstelprinting.nl\/de\/gesch\u00e4ft\/aufkleber-und-druck\/kleine-aufkleber\/stickerbogen\/#breadcrumb","itemListElement":[{"@type":"ListItem","position":1,"name":"","item":"https:\/\/www.amstelprinting.nl\/de\/"},{"@type":"ListItem","position":2,"name":"Amstel Printing","item":"https:\/\/www.amstelprinting.nl\/de\/geschaeft\/"},{"@type":"ListItem","position":3,"name":"Aufkleber und Druck","item":"https:\/\/www.amstelprinting.nl\/de\/kategorie\/aufkleber-und-druck\/"},{"@type":"ListItem","position":4,"name":"Kleine Aufkleber","item":"https:\/\/www.amstelprinting.nl\/de\/kategorie\/aufkleber-und-druck\/kleine-aufkleber\/"},{"@type":"ListItem","position":5,"name":"Stickerb\u00f6gen"}]},{"@type":"WebSite","@id":"https:\/\/www.amstelprinting.nl\/de\/#website","url":"https:\/\/www.amstelprinting.nl\/de\/","name":"Amstel Printing","description":"Creating Exposure","publisher":{"@id":"https:\/\/www.amstelprinting.nl\/de\/#organization"},"potentialAction":[{"@type":"SearchAction","target":{"@type":"EntryPoint","urlTemplate":"https:\/\/www.amstelprinting.nl\/de\/?s={search_term_string}"},"query-input":{"@type":"PropertyValueSpecification","valueRequired":true,"valueName":"search_term_string"}}],"inLanguage":"de"},{"@type":"Organization","@id":"https:\/\/www.amstelprinting.nl\/de\/#organization","name":"Amstel Printing","url":"https:\/\/www.amstelprinting.nl\/de\/","logo":{"@type":"ImageObject","inLanguage":"de","@id":"https:\/\/www.amstelprinting.nl\/de\/#\/schema\/logo\/image\/","url":"https:\/\/www.amstelprinting.nl\/wp-content\/uploads\/amstel_printing_logo_clean.png","contentUrl":"https:\/\/www.amstelprinting.nl\/wp-content\/uploads\/amstel_printing_logo_clean.png","width":324,"height":73,"caption":"Amstel Printing"},"image":{"@id":"https:\/\/www.amstelprinting.nl\/de\/#\/schema\/logo\/image\/"}}]}},"_links":{"self":[{"href":"https:\/\/www.amstelprinting.nl\/de\/wp-json\/wp\/v2\/product\/15781","targetHints":{"allow":["GET"]}}],"collection":[{"href":"https:\/\/www.amstelprinting.nl\/de\/wp-json\/wp\/v2\/product"}],"about":[{"href":"https:\/\/www.amstelprinting.nl\/de\/wp-json\/wp\/v2\/types\/product"}],"wp:featuredmedia":[{"embeddable":true,"href":"https:\/\/www.amstelprinting.nl\/de\/wp-json\/wp\/v2\/media\/15783"}],"wp:attachment":[{"href":"https:\/\/www.amstelprinting.nl\/de\/wp-json\/wp\/v2\/media?parent=15781"}],"wp:term":[{"taxonomy":"product_brand","embeddable":true,"href":"https:\/\/www.amstelprinting.nl\/de\/wp-json\/wp\/v2\/product_brand?post=15781"},{"taxonomy":"product_cat","embeddable":true,"href":"https:\/\/www.amstelprinting.nl\/de\/wp-json\/wp\/v2\/product_cat?post=15781"},{"taxonomy":"product_tag","embeddable":true,"href":"https:\/\/www.amstelprinting.nl\/de\/wp-json\/wp\/v2\/product_tag?post=15781"}],"curies":[{"name":"wp","href":"https:\/\/api.w.org\/{rel}","templated":true}]}}