{"id":15796,"date":"2025-01-23T20:40:58","date_gmt":"2025-01-23T19:40:58","guid":{"rendered":"https:\/\/www.amstelprinting.nl\/winkel\/unkategorisiert\/stickers\/"},"modified":"2026-02-18T12:54:59","modified_gmt":"2026-02-18T11:54:59","slug":"aufkleber","status":"publish","type":"product","link":"https:\/\/www.amstelprinting.nl\/de\/gesch\u00e4ft\/aufkleber-und-druck\/kleine-aufkleber\/aufkleber\/","title":{"rendered":"Aufkleber"},"content":{"rendered":"<h3>Aufkleber bestellen &#8211; wie funktioniert es?<\/h3>\n<p>Wenn Sie ein straffes und nahtloses Design w\u00fcnschen, w\u00e4hlen Sie Aufkleber ohne Abziehkante; diese werden einzeln zugeschnitten geliefert und sind ideal f\u00fcr Anwendungen, bei denen ein professionelles Erscheinungsbild erw\u00fcnscht ist. F\u00fcr eine einfachere Anwendung und ein besonders professionelles Finish k\u00f6nnen Sie Aufkleber mit einer Abziehkante von 2 mm rundum w\u00e4hlen; diese Abziehkante erleichtert das Abl\u00f6sen der Aufkleber vom Bogen. Dar\u00fcber hinaus k\u00f6nnen Sie von einer effizienten Platzierung mit Aufklebern auf B\u00f6gen profitieren. Ihr Design wird so oft wie m\u00f6glich auf einem Bogen von 26,5 x 33,3 cm platziert, was f\u00fcr maximale Benutzerfreundlichkeit und einen wirtschaftlichen Materialeinsatz sorgt.<\/p>\n<h3>Warum Aufkleber bedrucken?<\/h3>\n<ul>\n<li>Erh\u00e4ltlich in Formaten bis zu 30 x 25 cm<\/li>\n<li>Leicht zu entfernen durch die Abziehkante-Option<\/li>\n<li>Keine Einrichtungskosten durch Laserschneiden<\/li>\n<li>Wahl aus 6 beliebten Materialien und 3 Laminaten<\/li>\n<li>Erh\u00e4ltlich in jeder gew\u00fcnschten Form durch Laserschneiden<\/li>\n<li>Ultrahohe Aufl\u00f6sung dank des Durst Tau 330 Druckers<\/li>\n<li>UV-Tinten: f\u00fcr besseren Schutz und eine l\u00e4ngere Lebensdauer<\/li>\n<\/ul>\n<p>&nbsp;<\/p>\n<h3>Materialien<\/h3>\n<p>Wir bieten eine breite Palette an Materialien an:<\/p>\n<ul>\n<li><strong>Ultra Destructable<\/strong>: Diese wei\u00dfe Folie mit permanenter Klebeschicht bricht beim Versuch der Entfernung in kleine St\u00fccke, was sie ideal f\u00fcr Sicherheitsetiketten und Anwendungen macht, bei denen eine Entfernung unerw\u00fcnscht ist.<\/li>\n<li><strong>Wei\u00dfe Folie (PP) &#8211; Promotionell<\/strong>: Eine wei\u00dfe, PVC-freie Folie, die perfekt f\u00fcr tempor\u00e4re Anwendungen im Innen- und Au\u00dfenbereich geeignet ist. Ideal f\u00fcr Werbeaufkleber, die ein professionelles Erscheinungsbild haben m\u00fcssen, aber nur vor\u00fcbergehend verwendet werden.<\/li>\n<li><strong>Wei\u00dfe Folie (PP) &#8211; Permanent<\/strong>: Diese wei\u00dfe, PVC-freie Folie bietet lang anhaltende Haftung und ist sowohl f\u00fcr den Innen- als auch f\u00fcr den Au\u00dfenbereich geeignet. Perfekt f\u00fcr Etiketten, die eine lange Lebensdauer erfordern.<\/li>\n<li><strong>Wei\u00dfe Folie (PP) &#8211; Stark haftend<\/strong>: Mit einer extra starken Klebeschicht ist diese Folie f\u00fcr Situationen konzipiert, in denen eine maximale Haftung erforderlich ist, selbst unter anspruchsvollen Bedingungen im Innen- und Au\u00dfenbereich.<\/li>\n<li><strong>Papier<\/strong>: Erh\u00e4ltlich in matt oder gl\u00e4nzend mit einer permanenten Klebeschicht, bietet dieses FSC-zertifizierte Papier ein elegantes Erscheinungsbild f\u00fcr langlebige Anwendungen.<\/li>\n<li><strong>Transparente Folie &#8211; Permanent<\/strong>: Diese transparente, PVC-freie Folie ist ideal f\u00fcr eine dezente Pr\u00e4sentation und kann sowohl im Innen- als auch im Au\u00dfenbereich verwendet werden, ohne das Erscheinungsbild des Untergrunds zu beeintr\u00e4chtigen.<\/li>\n<\/ul>\n<p>&nbsp;<\/p>\n<h3>Veredelung<\/h3>\n<p>F\u00fcr transparente Folie k\u00f6nnen Sie zwischen einer Schicht Full Color oder Full Color mit einer zus\u00e4tzlichen wei\u00dfen Schicht f\u00fcr verbesserte Helligkeit w\u00e4hlen. Optional k\u00f6nnen Sie Ihre Aufkleber mit einem Laminat in Glanz, UV-best\u00e4ndig oder Matt sch\u00fctzen, verf\u00fcgbar f\u00fcr sowohl wei\u00dfe als auch transparente Folien. Unsere Aufkleber sind in quadratischen\/rechteckigen oder runden Formen erh\u00e4ltlich und k\u00f6nnen an Ihre spezifischen Designw\u00fcnsche angepasst werden.<\/p>\n<p>Bitte beachten Sie: Es kann vorkommen, dass Ihr Produkt eine kleine Abweichung von maximal 1,5 mm von der Mitte der Datei aufweist. Diesen Effekt k\u00f6nnen Sie minimieren, indem Sie keine unn\u00f6tig d\u00fcnnen Rahmen um Ihre Datei setzen.<\/p>\n<h3>H\u00e4ufig gestellte Fragen zum Drucken von Aufklebern<\/h3>\n<p><strong>Welche Untergr\u00fcnde sind f\u00fcr das Anbringen dieser Aufkleber geeignet?<\/strong><br \/>\nDiese Aufkleber haften am besten auf flachen und glatten Oberfl\u00e4chen.<\/p>\n<p><strong>Was ist die erwartete Lebensdauer der Aufkleber?<\/strong><br \/>\nDie Aufkleber sind so konzipiert, dass sie etwa ein Jahr lang halten.<\/p>\n","protected":false},"excerpt":{"rendered":"<h3>Aufkleber bedrucken &#8211; Bis zu 30 x 25 cm. Einzeln oder auf Bogen geliefert.<\/h3>\n<p>Verwandeln Sie Ihre Ideen mit unseren vielseitigen Aufklebern. Erh\u00e4ltlich in quadratischen, rechteckigen oder freien Formen. W\u00e4hlen Sie aus 6 beliebten Materialien und 3 Laminaten (f\u00fcr zus\u00e4tzlichen Schutz). Keine Einrichtungskosten und bereits ab 1 St\u00fcck lieferbar.<\/p>\n","protected":false},"featured_media":15798,"template":"","meta":{"_et_pb_use_builder":"","_et_pb_old_content":"","_et_gb_content_width":""},"product_brand":[],"product_cat":[313,951],"product_tag":[],"class_list":{"0":"post-15796","1":"product","2":"type-product","3":"status-publish","4":"has-post-thumbnail","6":"product_cat-aufkleber-und-druck","7":"product_cat-kleine-aufkleber","9":"first","10":"instock","11":"taxable","12":"shipping-taxable","13":"purchasable","14":"product-type-simple"},"yoast_head":"<!-- This site is optimized with the Yoast SEO plugin v27.3 - https:\/\/yoast.com\/product\/yoast-seo-wordpress\/ -->\n<title>Individuelle Aufkleber bedrucken - Hohe Qualit\u00e4t und keine Einrichtungskosten<\/title>\n<meta name=\"description\" content=\"Entdecken Sie unser breites Aufkleber-Sortiment. Ihr Druck gestochen scharf auf einem Aufkleber in Format oder Form nach Wunsch. Keine Einrichtungskosten. Ab 1 St\u00fcck erh\u00e4ltlich!\" \/>\n<meta name=\"robots\" content=\"index, follow, max-snippet:-1, max-image-preview:large, max-video-preview:-1\" \/>\n<link rel=\"canonical\" href=\"https:\/\/www.amstelprinting.nl\/de\/gesch\u00e4ft\/aufkleber-und-druck\/kleine-aufkleber\/aufkleber\/\" \/>\n<meta property=\"og:locale\" content=\"de_DE\" \/>\n<meta property=\"og:type\" content=\"article\" \/>\n<meta property=\"og:title\" content=\"Individuelle Aufkleber bedrucken - Hohe Qualit\u00e4t und keine Einrichtungskosten\" \/>\n<meta property=\"og:description\" content=\"Entdecken Sie unser breites Aufkleber-Sortiment. Ihr Druck gestochen scharf auf einem Aufkleber in Format oder Form nach Wunsch. Keine Einrichtungskosten. Ab 1 St\u00fcck erh\u00e4ltlich!\" \/>\n<meta property=\"og:url\" content=\"https:\/\/www.amstelprinting.nl\/de\/gesch\u00e4ft\/aufkleber-und-druck\/kleine-aufkleber\/aufkleber\/\" \/>\n<meta property=\"og:site_name\" content=\"Amstel Printing\" \/>\n<meta property=\"article:modified_time\" content=\"2026-02-18T11:54:59+00:00\" \/>\n<meta property=\"og:image\" content=\"https:\/\/www.amstelprinting.nl\/wp-content\/uploads\/Stickers.jpg\" \/>\n\t<meta property=\"og:image:width\" content=\"700\" \/>\n\t<meta property=\"og:image:height\" content=\"700\" \/>\n\t<meta property=\"og:image:type\" content=\"image\/jpeg\" \/>\n<meta name=\"twitter:card\" content=\"summary_large_image\" \/>\n<meta name=\"twitter:label1\" content=\"Gesch\u00e4tzte Lesezeit\" \/>\n\t<meta name=\"twitter:data1\" content=\"3\u00a0Minuten\" \/>\n<script type=\"application\/ld+json\" class=\"yoast-schema-graph\">{\"@context\":\"https:\\\/\\\/schema.org\",\"@graph\":[{\"@type\":\"WebPage\",\"@id\":\"https:\\\/\\\/www.amstelprinting.nl\\\/de\\\/gesch\u00e4ft\\\/aufkleber-und-druck\\\/kleine-aufkleber\\\/aufkleber\\\/\",\"url\":\"https:\\\/\\\/www.amstelprinting.nl\\\/de\\\/gesch\u00e4ft\\\/aufkleber-und-druck\\\/kleine-aufkleber\\\/aufkleber\\\/\",\"name\":\"Individuelle Aufkleber bedrucken - Hohe Qualit\u00e4t und keine Einrichtungskosten\",\"isPartOf\":{\"@id\":\"https:\\\/\\\/www.amstelprinting.nl\\\/de\\\/#website\"},\"primaryImageOfPage\":{\"@id\":\"https:\\\/\\\/www.amstelprinting.nl\\\/de\\\/gesch\u00e4ft\\\/aufkleber-und-druck\\\/kleine-aufkleber\\\/aufkleber\\\/#primaryimage\"},\"image\":{\"@id\":\"https:\\\/\\\/www.amstelprinting.nl\\\/de\\\/gesch\u00e4ft\\\/aufkleber-und-druck\\\/kleine-aufkleber\\\/aufkleber\\\/#primaryimage\"},\"thumbnailUrl\":\"https:\\\/\\\/www.amstelprinting.nl\\\/wp-content\\\/uploads\\\/Stickers.jpg\",\"datePublished\":\"2025-01-23T19:40:58+00:00\",\"dateModified\":\"2026-02-18T11:54:59+00:00\",\"description\":\"Entdecken Sie unser breites Aufkleber-Sortiment. Ihr Druck gestochen scharf auf einem Aufkleber in Format oder Form nach Wunsch. Keine Einrichtungskosten. Ab 1 St\u00fcck erh\u00e4ltlich!\",\"breadcrumb\":{\"@id\":\"https:\\\/\\\/www.amstelprinting.nl\\\/de\\\/gesch\u00e4ft\\\/aufkleber-und-druck\\\/kleine-aufkleber\\\/aufkleber\\\/#breadcrumb\"},\"inLanguage\":\"de\",\"potentialAction\":[{\"@type\":\"ReadAction\",\"target\":[\"https:\\\/\\\/www.amstelprinting.nl\\\/de\\\/gesch\u00e4ft\\\/aufkleber-und-druck\\\/kleine-aufkleber\\\/aufkleber\\\/\"]}]},{\"@type\":\"ImageObject\",\"inLanguage\":\"de\",\"@id\":\"https:\\\/\\\/www.amstelprinting.nl\\\/de\\\/gesch\u00e4ft\\\/aufkleber-und-druck\\\/kleine-aufkleber\\\/aufkleber\\\/#primaryimage\",\"url\":\"https:\\\/\\\/www.amstelprinting.nl\\\/wp-content\\\/uploads\\\/Stickers.jpg\",\"contentUrl\":\"https:\\\/\\\/www.amstelprinting.nl\\\/wp-content\\\/uploads\\\/Stickers.jpg\",\"width\":700,\"height\":700},{\"@type\":\"BreadcrumbList\",\"@id\":\"https:\\\/\\\/www.amstelprinting.nl\\\/de\\\/gesch\u00e4ft\\\/aufkleber-und-druck\\\/kleine-aufkleber\\\/aufkleber\\\/#breadcrumb\",\"itemListElement\":[{\"@type\":\"ListItem\",\"position\":1,\"name\":\"\",\"item\":\"https:\\\/\\\/www.amstelprinting.nl\\\/de\\\/\"},{\"@type\":\"ListItem\",\"position\":2,\"name\":\"Amstel Printing\",\"item\":\"https:\\\/\\\/www.amstelprinting.nl\\\/de\\\/geschaeft\\\/\"},{\"@type\":\"ListItem\",\"position\":3,\"name\":\"Aufkleber und Druck\",\"item\":\"https:\\\/\\\/www.amstelprinting.nl\\\/de\\\/kategorie\\\/aufkleber-und-druck\\\/\"},{\"@type\":\"ListItem\",\"position\":4,\"name\":\"Kleine Aufkleber\",\"item\":\"https:\\\/\\\/www.amstelprinting.nl\\\/de\\\/kategorie\\\/aufkleber-und-druck\\\/kleine-aufkleber\\\/\"},{\"@type\":\"ListItem\",\"position\":5,\"name\":\"Aufkleber\"}]},{\"@type\":\"WebSite\",\"@id\":\"https:\\\/\\\/www.amstelprinting.nl\\\/de\\\/#website\",\"url\":\"https:\\\/\\\/www.amstelprinting.nl\\\/de\\\/\",\"name\":\"Amstel Printing\",\"description\":\"Creating Exposure\",\"publisher\":{\"@id\":\"https:\\\/\\\/www.amstelprinting.nl\\\/de\\\/#organization\"},\"potentialAction\":[{\"@type\":\"SearchAction\",\"target\":{\"@type\":\"EntryPoint\",\"urlTemplate\":\"https:\\\/\\\/www.amstelprinting.nl\\\/de\\\/?s={search_term_string}\"},\"query-input\":{\"@type\":\"PropertyValueSpecification\",\"valueRequired\":true,\"valueName\":\"search_term_string\"}}],\"inLanguage\":\"de\"},{\"@type\":\"Organization\",\"@id\":\"https:\\\/\\\/www.amstelprinting.nl\\\/de\\\/#organization\",\"name\":\"Amstel Printing\",\"url\":\"https:\\\/\\\/www.amstelprinting.nl\\\/de\\\/\",\"logo\":{\"@type\":\"ImageObject\",\"inLanguage\":\"de\",\"@id\":\"https:\\\/\\\/www.amstelprinting.nl\\\/de\\\/#\\\/schema\\\/logo\\\/image\\\/\",\"url\":\"https:\\\/\\\/www.amstelprinting.nl\\\/wp-content\\\/uploads\\\/amstel_printing_logo_clean.png\",\"contentUrl\":\"https:\\\/\\\/www.amstelprinting.nl\\\/wp-content\\\/uploads\\\/amstel_printing_logo_clean.png\",\"width\":324,\"height\":73,\"caption\":\"Amstel Printing\"},\"image\":{\"@id\":\"https:\\\/\\\/www.amstelprinting.nl\\\/de\\\/#\\\/schema\\\/logo\\\/image\\\/\"}}]}<\/script>\n<!-- \/ Yoast SEO plugin. -->","yoast_head_json":{"title":"Individuelle Aufkleber bedrucken - Hohe Qualit\u00e4t und keine Einrichtungskosten","description":"Entdecken Sie unser breites Aufkleber-Sortiment. Ihr Druck gestochen scharf auf einem Aufkleber in Format oder Form nach Wunsch. Keine Einrichtungskosten. Ab 1 St\u00fcck erh\u00e4ltlich!","robots":{"index":"index","follow":"follow","max-snippet":"max-snippet:-1","max-image-preview":"max-image-preview:large","max-video-preview":"max-video-preview:-1"},"canonical":"https:\/\/www.amstelprinting.nl\/de\/gesch\u00e4ft\/aufkleber-und-druck\/kleine-aufkleber\/aufkleber\/","og_locale":"de_DE","og_type":"article","og_title":"Individuelle Aufkleber bedrucken - Hohe Qualit\u00e4t und keine Einrichtungskosten","og_description":"Entdecken Sie unser breites Aufkleber-Sortiment. Ihr Druck gestochen scharf auf einem Aufkleber in Format oder Form nach Wunsch. Keine Einrichtungskosten. Ab 1 St\u00fcck erh\u00e4ltlich!","og_url":"https:\/\/www.amstelprinting.nl\/de\/gesch\u00e4ft\/aufkleber-und-druck\/kleine-aufkleber\/aufkleber\/","og_site_name":"Amstel Printing","article_modified_time":"2026-02-18T11:54:59+00:00","og_image":[{"width":700,"height":700,"url":"https:\/\/www.amstelprinting.nl\/wp-content\/uploads\/Stickers.jpg","type":"image\/jpeg"}],"twitter_card":"summary_large_image","twitter_misc":{"Gesch\u00e4tzte Lesezeit":"3\u00a0Minuten"},"schema":{"@context":"https:\/\/schema.org","@graph":[{"@type":"WebPage","@id":"https:\/\/www.amstelprinting.nl\/de\/gesch\u00e4ft\/aufkleber-und-druck\/kleine-aufkleber\/aufkleber\/","url":"https:\/\/www.amstelprinting.nl\/de\/gesch\u00e4ft\/aufkleber-und-druck\/kleine-aufkleber\/aufkleber\/","name":"Individuelle Aufkleber bedrucken - Hohe Qualit\u00e4t und keine Einrichtungskosten","isPartOf":{"@id":"https:\/\/www.amstelprinting.nl\/de\/#website"},"primaryImageOfPage":{"@id":"https:\/\/www.amstelprinting.nl\/de\/gesch\u00e4ft\/aufkleber-und-druck\/kleine-aufkleber\/aufkleber\/#primaryimage"},"image":{"@id":"https:\/\/www.amstelprinting.nl\/de\/gesch\u00e4ft\/aufkleber-und-druck\/kleine-aufkleber\/aufkleber\/#primaryimage"},"thumbnailUrl":"https:\/\/www.amstelprinting.nl\/wp-content\/uploads\/Stickers.jpg","datePublished":"2025-01-23T19:40:58+00:00","dateModified":"2026-02-18T11:54:59+00:00","description":"Entdecken Sie unser breites Aufkleber-Sortiment. Ihr Druck gestochen scharf auf einem Aufkleber in Format oder Form nach Wunsch. Keine Einrichtungskosten. Ab 1 St\u00fcck erh\u00e4ltlich!","breadcrumb":{"@id":"https:\/\/www.amstelprinting.nl\/de\/gesch\u00e4ft\/aufkleber-und-druck\/kleine-aufkleber\/aufkleber\/#breadcrumb"},"inLanguage":"de","potentialAction":[{"@type":"ReadAction","target":["https:\/\/www.amstelprinting.nl\/de\/gesch\u00e4ft\/aufkleber-und-druck\/kleine-aufkleber\/aufkleber\/"]}]},{"@type":"ImageObject","inLanguage":"de","@id":"https:\/\/www.amstelprinting.nl\/de\/gesch\u00e4ft\/aufkleber-und-druck\/kleine-aufkleber\/aufkleber\/#primaryimage","url":"https:\/\/www.amstelprinting.nl\/wp-content\/uploads\/Stickers.jpg","contentUrl":"https:\/\/www.amstelprinting.nl\/wp-content\/uploads\/Stickers.jpg","width":700,"height":700},{"@type":"BreadcrumbList","@id":"https:\/\/www.amstelprinting.nl\/de\/gesch\u00e4ft\/aufkleber-und-druck\/kleine-aufkleber\/aufkleber\/#breadcrumb","itemListElement":[{"@type":"ListItem","position":1,"name":"","item":"https:\/\/www.amstelprinting.nl\/de\/"},{"@type":"ListItem","position":2,"name":"Amstel Printing","item":"https:\/\/www.amstelprinting.nl\/de\/geschaeft\/"},{"@type":"ListItem","position":3,"name":"Aufkleber und Druck","item":"https:\/\/www.amstelprinting.nl\/de\/kategorie\/aufkleber-und-druck\/"},{"@type":"ListItem","position":4,"name":"Kleine Aufkleber","item":"https:\/\/www.amstelprinting.nl\/de\/kategorie\/aufkleber-und-druck\/kleine-aufkleber\/"},{"@type":"ListItem","position":5,"name":"Aufkleber"}]},{"@type":"WebSite","@id":"https:\/\/www.amstelprinting.nl\/de\/#website","url":"https:\/\/www.amstelprinting.nl\/de\/","name":"Amstel Printing","description":"Creating Exposure","publisher":{"@id":"https:\/\/www.amstelprinting.nl\/de\/#organization"},"potentialAction":[{"@type":"SearchAction","target":{"@type":"EntryPoint","urlTemplate":"https:\/\/www.amstelprinting.nl\/de\/?s={search_term_string}"},"query-input":{"@type":"PropertyValueSpecification","valueRequired":true,"valueName":"search_term_string"}}],"inLanguage":"de"},{"@type":"Organization","@id":"https:\/\/www.amstelprinting.nl\/de\/#organization","name":"Amstel Printing","url":"https:\/\/www.amstelprinting.nl\/de\/","logo":{"@type":"ImageObject","inLanguage":"de","@id":"https:\/\/www.amstelprinting.nl\/de\/#\/schema\/logo\/image\/","url":"https:\/\/www.amstelprinting.nl\/wp-content\/uploads\/amstel_printing_logo_clean.png","contentUrl":"https:\/\/www.amstelprinting.nl\/wp-content\/uploads\/amstel_printing_logo_clean.png","width":324,"height":73,"caption":"Amstel Printing"},"image":{"@id":"https:\/\/www.amstelprinting.nl\/de\/#\/schema\/logo\/image\/"}}]}},"_links":{"self":[{"href":"https:\/\/www.amstelprinting.nl\/de\/wp-json\/wp\/v2\/product\/15796","targetHints":{"allow":["GET"]}}],"collection":[{"href":"https:\/\/www.amstelprinting.nl\/de\/wp-json\/wp\/v2\/product"}],"about":[{"href":"https:\/\/www.amstelprinting.nl\/de\/wp-json\/wp\/v2\/types\/product"}],"wp:featuredmedia":[{"embeddable":true,"href":"https:\/\/www.amstelprinting.nl\/de\/wp-json\/wp\/v2\/media\/15798"}],"wp:attachment":[{"href":"https:\/\/www.amstelprinting.nl\/de\/wp-json\/wp\/v2\/media?parent=15796"}],"wp:term":[{"taxonomy":"product_brand","embeddable":true,"href":"https:\/\/www.amstelprinting.nl\/de\/wp-json\/wp\/v2\/product_brand?post=15796"},{"taxonomy":"product_cat","embeddable":true,"href":"https:\/\/www.amstelprinting.nl\/de\/wp-json\/wp\/v2\/product_cat?post=15796"},{"taxonomy":"product_tag","embeddable":true,"href":"https:\/\/www.amstelprinting.nl\/de\/wp-json\/wp\/v2\/product_tag?post=15796"}],"curies":[{"name":"wp","href":"https:\/\/api.w.org\/{rel}","templated":true}]}}