{"id":15809,"date":"2025-01-23T20:38:21","date_gmt":"2025-01-23T19:38:21","guid":{"rendered":"https:\/\/www.amstelprinting.nl\/winkel\/unkategorisiert\/reclamebord\/"},"modified":"2026-02-18T12:55:00","modified_gmt":"2026-02-18T11:55:00","slug":"werbeschild","status":"publish","type":"product","link":"https:\/\/www.amstelprinting.nl\/de\/gesch\u00e4ft\/ausenwerbung\/werbetafeln\/werbeschild\/","title":{"rendered":"Werbeschild"},"content":{"rendered":"<p>Werbeschilder bringen Ihre Botschaft im Maximalformat zur Geltung. Bei Amstel Printing finden Sie f\u00fcr jede Anwendung das passende Werbeschild.<\/p>\n<h2>Plattenmaterial<\/h2>\n<p>W\u00e4hlen Sie aus einem der f\u00fcnf verschiedenen Materialtypen. Nachfolgend erl\u00e4utern wir kurz die Eigenschaften der jeweiligen Materialart.<\/p>\n<p><strong>Forex<\/strong><br \/>\nForex ist eine leichte Platte aus gesch\u00e4umtem PVC, ideal f\u00fcr den Innenbereich.<\/p>\n<p><strong>Dibond\u00ae<\/strong><br \/>\nDibond\u00ae ist einer der meistverkauften Plattentypen. Das Dibond-Werbeschild hat einen Aluminiumkern und eine wei\u00dfe Deckschicht. Es ist formstabil und f\u00fcr den Innen- und Au\u00dfenbereich geeignet.<\/p>\n<p><strong>Easyprint<\/strong><br \/>\nEasyprint ist ein leichtes und stabiles Plattenmaterial aus Polypropylen.<\/p>\n<p><strong>HPL<\/strong><br \/>\nBen\u00f6tigen Sie ein robustes Werbeschild f\u00fcr schwere Anwendungen? Dann w\u00e4hlen Sie ein Werbeschild aus HPL. Die starke HPL-Platte mit braunem Kern und wei\u00dfer Deckschicht ist f\u00fcr den Innen- und Au\u00dfenbereich geeignet.<\/p>\n<p><strong>Hohlkammerplatte<\/strong><br \/>\nHohlkammerplatte aus Kunststoff f\u00fcr den Innen- und Au\u00dfenbereich. Die flexible Zusammensetzung dieses Materials macht es ideal zum Falten des Werbeschilds.<\/p>\n<p><strong>Akylite<\/strong><br \/>\nAkylite ist f\u00fcr seine leichten und stabilen Eigenschaften bekannt. Ein Akylite-Werbeschild ist eines (mit einem Wabenkern), das zudem PVC-frei ist. Geeignet f\u00fcr den Innen- und Au\u00dfenbereich.<\/p>\n<p><strong>Sign Again\u00ae<\/strong><br \/>\nSuchen Sie nach einer nachhaltigen Variante? Dann w\u00e4hlen Sie zirkul\u00e4res Material aus gebrauchten Bannern und Schnittabf\u00e4llen. Geeignet f\u00fcr innen und au\u00dfen, schlagfest und biegbar.<\/p>\n<h3>Einseitiger oder beidseitiger Druck<\/h3>\n<p>Bei der Bestellung Ihres Werbeschilds k\u00f6nnen Sie im Konfigurator zwischen einseitigem oder beidseitigem Druck w\u00e4hlen. Ideal, wenn Sie den Druck auf dem Werbeschild von beiden Seiten zeigen m\u00f6chten. Bitte beachten Sie: F\u00fcr beidseitig bedruckte Werbeschilder ist nicht jeder oben beschriebene Plattenmaterialtyp verf\u00fcgbar.<\/p>\n<h3>H\u00e4ufig gestellte Fragen<\/h3>\n<p><strong>Warum eine Beschichtung w\u00e4hlen?<\/strong><br \/>\nDurch die optionale Beschichtung wird eine maximale Lebensdauer garantiert. Dank der Beschichtung wird nicht nur die Farbintensit\u00e4t erh\u00f6ht, sondern der Druck ist auch widerstandsf\u00e4higer gegen verschiedene Umwelteinfl\u00fcsse.<\/p>\n<p><strong>Welche Arten von Beschichtungen sind lieferbar?<\/strong><br \/>\nAmstel Printing liefert Werbeschilder mit matter oder gl\u00e4nzender Beschichtung.<\/p>\n<p><strong>Welchen Effekt hat die Art der Beschichtung auf den Druck?<\/strong><br \/>\nBei einer matten Beschichtung wirkt der Druck etwas matter, aber der Text ist besser lesbar. Der Effekt einer gl\u00e4nzenden Beschichtung ist, dass sie leicht gl\u00e4nzen kann. Im Gegenzug sind die Farben jedoch heller und kr\u00e4ftiger als bei einer matten Beschichtung.<\/p>\n<p><strong>Was ist der Unterschied in der Ausstrahlung zwischen einer gl\u00e4nzenden und einer matten Beschichtung?<\/strong><br \/>\nBei einer gl\u00e4nzenden Beschichtung erhalten Sie klare und kr\u00e4ftige Farben, aber die Oberfl\u00e4che weist einen leichten Glanz auf. Eine matte Beschichtung ergibt ein etwas matteres Bild, aber die Texte sind wiederum besser lesbar.<\/p>\n","protected":false},"excerpt":{"rendered":"<h3>F\u00fcr den Innen- und Au\u00dfenbereich geeignet<\/h3>\n<p>Bringen Sie Ihren Firmennamen oder Informationen mit diesem Werbeschild zur Geltung. Geeignet f\u00fcr den Innen- und Au\u00dfenbereich. In verschiedenen Formaten und Ausf\u00fchrungen lieferbar. Stellen Sie unten Ihr Werbeschild nach Ihren W\u00fcnschen zusammen.<\/p>\n","protected":false},"featured_media":15810,"template":"","meta":{"_et_pb_use_builder":"","_et_pb_old_content":"","_et_gb_content_width":""},"product_brand":[],"product_cat":[929,925],"product_tag":[],"class_list":{"0":"post-15809","1":"product","2":"type-product","3":"status-publish","4":"has-post-thumbnail","6":"product_cat-ausenwerbung","7":"product_cat-werbetafeln","9":"first","10":"instock","11":"taxable","12":"shipping-taxable","13":"purchasable","14":"product-type-simple"},"yoast_head":"<!-- This site is optimized with the Yoast SEO plugin v27.3 - https:\/\/yoast.com\/product\/yoast-seo-wordpress\/ -->\n<title>Werbeschilder bedrucken | Amstel Printing<\/title>\n<meta name=\"description\" content=\"Morgen Ihr Werbeschild mit Druck geliefert? Bestellen Sie vor 21:30 Uhr. Auch ein beidseitiger Druck dieses Werbeschilds ist m\u00f6glich! Entwerfen &amp; berechnen Sie hier Ihr Werbeschild!\" \/>\n<meta name=\"robots\" content=\"index, follow, max-snippet:-1, max-image-preview:large, max-video-preview:-1\" \/>\n<link rel=\"canonical\" href=\"https:\/\/www.amstelprinting.nl\/de\/gesch\u00e4ft\/ausenwerbung\/werbetafeln\/werbeschild\/\" \/>\n<meta property=\"og:locale\" content=\"de_DE\" \/>\n<meta property=\"og:type\" content=\"article\" \/>\n<meta property=\"og:title\" content=\"Werbeschilder bedrucken | Amstel Printing\" \/>\n<meta property=\"og:description\" content=\"Morgen Ihr Werbeschild mit Druck geliefert? Bestellen Sie vor 21:30 Uhr. Auch ein beidseitiger Druck dieses Werbeschilds ist m\u00f6glich! Entwerfen &amp; berechnen Sie hier Ihr Werbeschild!\" \/>\n<meta property=\"og:url\" content=\"https:\/\/www.amstelprinting.nl\/de\/gesch\u00e4ft\/ausenwerbung\/werbetafeln\/werbeschild\/\" \/>\n<meta property=\"og:site_name\" content=\"Amstel Printing\" \/>\n<meta property=\"article:modified_time\" content=\"2026-02-18T11:55:00+00:00\" \/>\n<meta property=\"og:image\" content=\"https:\/\/www.amstelprinting.nl\/wp-content\/uploads\/reclamebord-bedrukken-2.png\" \/>\n\t<meta property=\"og:image:width\" content=\"900\" \/>\n\t<meta property=\"og:image:height\" content=\"900\" \/>\n\t<meta property=\"og:image:type\" content=\"image\/png\" \/>\n<meta name=\"twitter:card\" content=\"summary_large_image\" \/>\n<meta name=\"twitter:label1\" content=\"Gesch\u00e4tzte Lesezeit\" \/>\n\t<meta name=\"twitter:data1\" content=\"2\u00a0Minuten\" \/>\n<script type=\"application\/ld+json\" class=\"yoast-schema-graph\">{\"@context\":\"https:\\\/\\\/schema.org\",\"@graph\":[{\"@type\":\"WebPage\",\"@id\":\"https:\\\/\\\/www.amstelprinting.nl\\\/de\\\/gesch\u00e4ft\\\/ausenwerbung\\\/werbetafeln\\\/werbeschild\\\/\",\"url\":\"https:\\\/\\\/www.amstelprinting.nl\\\/de\\\/gesch\u00e4ft\\\/ausenwerbung\\\/werbetafeln\\\/werbeschild\\\/\",\"name\":\"Werbeschilder bedrucken | Amstel Printing\",\"isPartOf\":{\"@id\":\"https:\\\/\\\/www.amstelprinting.nl\\\/de\\\/#website\"},\"primaryImageOfPage\":{\"@id\":\"https:\\\/\\\/www.amstelprinting.nl\\\/de\\\/gesch\u00e4ft\\\/ausenwerbung\\\/werbetafeln\\\/werbeschild\\\/#primaryimage\"},\"image\":{\"@id\":\"https:\\\/\\\/www.amstelprinting.nl\\\/de\\\/gesch\u00e4ft\\\/ausenwerbung\\\/werbetafeln\\\/werbeschild\\\/#primaryimage\"},\"thumbnailUrl\":\"https:\\\/\\\/www.amstelprinting.nl\\\/wp-content\\\/uploads\\\/reclamebord-bedrukken-2.png\",\"datePublished\":\"2025-01-23T19:38:21+00:00\",\"dateModified\":\"2026-02-18T11:55:00+00:00\",\"description\":\"Morgen Ihr Werbeschild mit Druck geliefert? Bestellen Sie vor 21:30 Uhr. Auch ein beidseitiger Druck dieses Werbeschilds ist m\u00f6glich! Entwerfen & berechnen Sie hier Ihr Werbeschild!\",\"breadcrumb\":{\"@id\":\"https:\\\/\\\/www.amstelprinting.nl\\\/de\\\/gesch\u00e4ft\\\/ausenwerbung\\\/werbetafeln\\\/werbeschild\\\/#breadcrumb\"},\"inLanguage\":\"de\",\"potentialAction\":[{\"@type\":\"ReadAction\",\"target\":[\"https:\\\/\\\/www.amstelprinting.nl\\\/de\\\/gesch\u00e4ft\\\/ausenwerbung\\\/werbetafeln\\\/werbeschild\\\/\"]}]},{\"@type\":\"ImageObject\",\"inLanguage\":\"de\",\"@id\":\"https:\\\/\\\/www.amstelprinting.nl\\\/de\\\/gesch\u00e4ft\\\/ausenwerbung\\\/werbetafeln\\\/werbeschild\\\/#primaryimage\",\"url\":\"https:\\\/\\\/www.amstelprinting.nl\\\/wp-content\\\/uploads\\\/reclamebord-bedrukken-2.png\",\"contentUrl\":\"https:\\\/\\\/www.amstelprinting.nl\\\/wp-content\\\/uploads\\\/reclamebord-bedrukken-2.png\",\"width\":900,\"height\":900},{\"@type\":\"BreadcrumbList\",\"@id\":\"https:\\\/\\\/www.amstelprinting.nl\\\/de\\\/gesch\u00e4ft\\\/ausenwerbung\\\/werbetafeln\\\/werbeschild\\\/#breadcrumb\",\"itemListElement\":[{\"@type\":\"ListItem\",\"position\":1,\"name\":\"\",\"item\":\"https:\\\/\\\/www.amstelprinting.nl\\\/de\\\/\"},{\"@type\":\"ListItem\",\"position\":2,\"name\":\"Amstel Printing\",\"item\":\"https:\\\/\\\/www.amstelprinting.nl\\\/de\\\/geschaeft\\\/\"},{\"@type\":\"ListItem\",\"position\":3,\"name\":\"Au\u00dfenwerbung\",\"item\":\"https:\\\/\\\/www.amstelprinting.nl\\\/de\\\/kategorie\\\/ausenwerbung\\\/\"},{\"@type\":\"ListItem\",\"position\":4,\"name\":\"Werbetafeln\",\"item\":\"https:\\\/\\\/www.amstelprinting.nl\\\/de\\\/kategorie\\\/ausenwerbung\\\/werbetafeln\\\/\"},{\"@type\":\"ListItem\",\"position\":5,\"name\":\"Werbeschild\"}]},{\"@type\":\"WebSite\",\"@id\":\"https:\\\/\\\/www.amstelprinting.nl\\\/de\\\/#website\",\"url\":\"https:\\\/\\\/www.amstelprinting.nl\\\/de\\\/\",\"name\":\"Amstel Printing\",\"description\":\"Creating Exposure\",\"publisher\":{\"@id\":\"https:\\\/\\\/www.amstelprinting.nl\\\/de\\\/#organization\"},\"potentialAction\":[{\"@type\":\"SearchAction\",\"target\":{\"@type\":\"EntryPoint\",\"urlTemplate\":\"https:\\\/\\\/www.amstelprinting.nl\\\/de\\\/?s={search_term_string}\"},\"query-input\":{\"@type\":\"PropertyValueSpecification\",\"valueRequired\":true,\"valueName\":\"search_term_string\"}}],\"inLanguage\":\"de\"},{\"@type\":\"Organization\",\"@id\":\"https:\\\/\\\/www.amstelprinting.nl\\\/de\\\/#organization\",\"name\":\"Amstel Printing\",\"url\":\"https:\\\/\\\/www.amstelprinting.nl\\\/de\\\/\",\"logo\":{\"@type\":\"ImageObject\",\"inLanguage\":\"de\",\"@id\":\"https:\\\/\\\/www.amstelprinting.nl\\\/de\\\/#\\\/schema\\\/logo\\\/image\\\/\",\"url\":\"https:\\\/\\\/www.amstelprinting.nl\\\/wp-content\\\/uploads\\\/amstel_printing_logo_clean.png\",\"contentUrl\":\"https:\\\/\\\/www.amstelprinting.nl\\\/wp-content\\\/uploads\\\/amstel_printing_logo_clean.png\",\"width\":324,\"height\":73,\"caption\":\"Amstel Printing\"},\"image\":{\"@id\":\"https:\\\/\\\/www.amstelprinting.nl\\\/de\\\/#\\\/schema\\\/logo\\\/image\\\/\"}}]}<\/script>\n<!-- \/ Yoast SEO plugin. -->","yoast_head_json":{"title":"Werbeschilder bedrucken | Amstel Printing","description":"Morgen Ihr Werbeschild mit Druck geliefert? Bestellen Sie vor 21:30 Uhr. Auch ein beidseitiger Druck dieses Werbeschilds ist m\u00f6glich! Entwerfen & berechnen Sie hier Ihr Werbeschild!","robots":{"index":"index","follow":"follow","max-snippet":"max-snippet:-1","max-image-preview":"max-image-preview:large","max-video-preview":"max-video-preview:-1"},"canonical":"https:\/\/www.amstelprinting.nl\/de\/gesch\u00e4ft\/ausenwerbung\/werbetafeln\/werbeschild\/","og_locale":"de_DE","og_type":"article","og_title":"Werbeschilder bedrucken | Amstel Printing","og_description":"Morgen Ihr Werbeschild mit Druck geliefert? Bestellen Sie vor 21:30 Uhr. Auch ein beidseitiger Druck dieses Werbeschilds ist m\u00f6glich! Entwerfen & berechnen Sie hier Ihr Werbeschild!","og_url":"https:\/\/www.amstelprinting.nl\/de\/gesch\u00e4ft\/ausenwerbung\/werbetafeln\/werbeschild\/","og_site_name":"Amstel Printing","article_modified_time":"2026-02-18T11:55:00+00:00","og_image":[{"width":900,"height":900,"url":"https:\/\/www.amstelprinting.nl\/wp-content\/uploads\/reclamebord-bedrukken-2.png","type":"image\/png"}],"twitter_card":"summary_large_image","twitter_misc":{"Gesch\u00e4tzte Lesezeit":"2\u00a0Minuten"},"schema":{"@context":"https:\/\/schema.org","@graph":[{"@type":"WebPage","@id":"https:\/\/www.amstelprinting.nl\/de\/gesch\u00e4ft\/ausenwerbung\/werbetafeln\/werbeschild\/","url":"https:\/\/www.amstelprinting.nl\/de\/gesch\u00e4ft\/ausenwerbung\/werbetafeln\/werbeschild\/","name":"Werbeschilder bedrucken | Amstel Printing","isPartOf":{"@id":"https:\/\/www.amstelprinting.nl\/de\/#website"},"primaryImageOfPage":{"@id":"https:\/\/www.amstelprinting.nl\/de\/gesch\u00e4ft\/ausenwerbung\/werbetafeln\/werbeschild\/#primaryimage"},"image":{"@id":"https:\/\/www.amstelprinting.nl\/de\/gesch\u00e4ft\/ausenwerbung\/werbetafeln\/werbeschild\/#primaryimage"},"thumbnailUrl":"https:\/\/www.amstelprinting.nl\/wp-content\/uploads\/reclamebord-bedrukken-2.png","datePublished":"2025-01-23T19:38:21+00:00","dateModified":"2026-02-18T11:55:00+00:00","description":"Morgen Ihr Werbeschild mit Druck geliefert? Bestellen Sie vor 21:30 Uhr. Auch ein beidseitiger Druck dieses Werbeschilds ist m\u00f6glich! Entwerfen & berechnen Sie hier Ihr Werbeschild!","breadcrumb":{"@id":"https:\/\/www.amstelprinting.nl\/de\/gesch\u00e4ft\/ausenwerbung\/werbetafeln\/werbeschild\/#breadcrumb"},"inLanguage":"de","potentialAction":[{"@type":"ReadAction","target":["https:\/\/www.amstelprinting.nl\/de\/gesch\u00e4ft\/ausenwerbung\/werbetafeln\/werbeschild\/"]}]},{"@type":"ImageObject","inLanguage":"de","@id":"https:\/\/www.amstelprinting.nl\/de\/gesch\u00e4ft\/ausenwerbung\/werbetafeln\/werbeschild\/#primaryimage","url":"https:\/\/www.amstelprinting.nl\/wp-content\/uploads\/reclamebord-bedrukken-2.png","contentUrl":"https:\/\/www.amstelprinting.nl\/wp-content\/uploads\/reclamebord-bedrukken-2.png","width":900,"height":900},{"@type":"BreadcrumbList","@id":"https:\/\/www.amstelprinting.nl\/de\/gesch\u00e4ft\/ausenwerbung\/werbetafeln\/werbeschild\/#breadcrumb","itemListElement":[{"@type":"ListItem","position":1,"name":"","item":"https:\/\/www.amstelprinting.nl\/de\/"},{"@type":"ListItem","position":2,"name":"Amstel Printing","item":"https:\/\/www.amstelprinting.nl\/de\/geschaeft\/"},{"@type":"ListItem","position":3,"name":"Au\u00dfenwerbung","item":"https:\/\/www.amstelprinting.nl\/de\/kategorie\/ausenwerbung\/"},{"@type":"ListItem","position":4,"name":"Werbetafeln","item":"https:\/\/www.amstelprinting.nl\/de\/kategorie\/ausenwerbung\/werbetafeln\/"},{"@type":"ListItem","position":5,"name":"Werbeschild"}]},{"@type":"WebSite","@id":"https:\/\/www.amstelprinting.nl\/de\/#website","url":"https:\/\/www.amstelprinting.nl\/de\/","name":"Amstel Printing","description":"Creating Exposure","publisher":{"@id":"https:\/\/www.amstelprinting.nl\/de\/#organization"},"potentialAction":[{"@type":"SearchAction","target":{"@type":"EntryPoint","urlTemplate":"https:\/\/www.amstelprinting.nl\/de\/?s={search_term_string}"},"query-input":{"@type":"PropertyValueSpecification","valueRequired":true,"valueName":"search_term_string"}}],"inLanguage":"de"},{"@type":"Organization","@id":"https:\/\/www.amstelprinting.nl\/de\/#organization","name":"Amstel Printing","url":"https:\/\/www.amstelprinting.nl\/de\/","logo":{"@type":"ImageObject","inLanguage":"de","@id":"https:\/\/www.amstelprinting.nl\/de\/#\/schema\/logo\/image\/","url":"https:\/\/www.amstelprinting.nl\/wp-content\/uploads\/amstel_printing_logo_clean.png","contentUrl":"https:\/\/www.amstelprinting.nl\/wp-content\/uploads\/amstel_printing_logo_clean.png","width":324,"height":73,"caption":"Amstel Printing"},"image":{"@id":"https:\/\/www.amstelprinting.nl\/de\/#\/schema\/logo\/image\/"}}]}},"_links":{"self":[{"href":"https:\/\/www.amstelprinting.nl\/de\/wp-json\/wp\/v2\/product\/15809","targetHints":{"allow":["GET"]}}],"collection":[{"href":"https:\/\/www.amstelprinting.nl\/de\/wp-json\/wp\/v2\/product"}],"about":[{"href":"https:\/\/www.amstelprinting.nl\/de\/wp-json\/wp\/v2\/types\/product"}],"wp:featuredmedia":[{"embeddable":true,"href":"https:\/\/www.amstelprinting.nl\/de\/wp-json\/wp\/v2\/media\/15810"}],"wp:attachment":[{"href":"https:\/\/www.amstelprinting.nl\/de\/wp-json\/wp\/v2\/media?parent=15809"}],"wp:term":[{"taxonomy":"product_brand","embeddable":true,"href":"https:\/\/www.amstelprinting.nl\/de\/wp-json\/wp\/v2\/product_brand?post=15809"},{"taxonomy":"product_cat","embeddable":true,"href":"https:\/\/www.amstelprinting.nl\/de\/wp-json\/wp\/v2\/product_cat?post=15809"},{"taxonomy":"product_tag","embeddable":true,"href":"https:\/\/www.amstelprinting.nl\/de\/wp-json\/wp\/v2\/product_tag?post=15809"}],"curies":[{"name":"wp","href":"https:\/\/api.w.org\/{rel}","templated":true}]}}