{"id":15874,"date":"2025-01-21T20:06:51","date_gmt":"2025-01-21T19:06:51","guid":{"rendered":"https:\/\/www.amstelprinting.nl\/winkel\/unkategorisiert\/reclamebord-met-beschermlak\/"},"modified":"2026-02-18T12:55:00","modified_gmt":"2026-02-18T11:55:00","slug":"werbeschild-mit-schutzlack","status":"publish","type":"product","link":"https:\/\/www.amstelprinting.nl\/de\/geschaeft\/ausenwerbung\/werbetafeln\/werbeschild-mit-schutzlack\/","title":{"rendered":"Werbeschild mit Schutzlack"},"content":{"rendered":"<h3>Werbeschilder bedrucken<\/h3>\n<p>Werbeschilder haben viele Anwendungen und werden (bedruckt mit Firmenlogo oder Werbebotschaft) oft als Werbemittel f\u00fcr Firmengeb\u00e4ude, Veranstaltungen, Ladenfronten, B\u00fcros, aber auch f\u00fcr den Einsatz an Autobahnen, Baustellen und \u00f6ffentlichen R\u00e4umen verwendet.<\/p>\n<h3>Material &amp; Qualit\u00e4t<\/h3>\n<p>Das Werbeschild ist in drei verschiedenen Dibond\u00ae-Materialien erh\u00e4ltlich. Dibond\u00ae ist eine Premium-Sandwichplatte mit schwarzem Kern, die sowohl f\u00fcr den Innen- als auch f\u00fcr den Au\u00dfenbereich geeignet ist. Im Folgenden erl\u00e4utern wir kurz die Eigenschaften der einzelnen Dibond\u00ae-Plattentypen.<\/p>\n<p><strong>Dibond\u00ae Digital (3mm)<\/strong><br \/>\nUnsere Standardoption, ideal f\u00fcr hochwertige Digitaldrucke. Dieses 3 mm dicke Material kombiniert Stabilit\u00e4t mit einer leichten Struktur und ist sowohl f\u00fcr den Innen- als auch f\u00fcr den Au\u00dfenbereich geeignet.<\/p>\n<p><strong>Dibond\u00ae Budget (6mm)<\/strong><br \/>\nDie budgetfreundliche Option mit einer Dicke von 6 mm bietet zus\u00e4tzliche Stabilit\u00e4t, ohne an Qualit\u00e4t einzub\u00fc\u00dfen. Ideal f\u00fcr gr\u00f6\u00dfere Werbeschilder, die zus\u00e4tzliche Unterst\u00fctzung ben\u00f6tigen.<\/p>\n<p><strong>Dibond\u00ae Premium (3mm)<\/strong><br \/>\nDiese hochwertige (Premium-)Variante bietet die gleiche Dicke wie die digitale Variante, ist aber dank einer Premium-Veredelung besonders langlebig und f\u00fcr anspruchsvollste Anwendungen geeignet.<\/p>\n<h3>Abmessungen<\/h3>\n<p>Unsere Werbeschilder k\u00f6nnen in einer Reihe von Standardabmessungen bestellt werden. Falls Ihr bedrucktes Werbeschild eine bestimmte Abmessung haben muss, ist dies nat\u00fcrlich ebenfalls m\u00f6glich. Geben Sie in diesem Fall im ersten Schritt des Produktkonfigurators die gew\u00fcnschte Abmessung an.<\/p>\n<h3>Schutzlack<\/h3>\n<p>Alle Werbeschilder auf dieser Produktseite sind mit einer Schutzlackschicht versehen, die nicht nur die Lebensdauer verl\u00e4ngert, sondern auch die Farben l\u00e4nger brillant h\u00e4lt. Dar\u00fcber hinaus bietet der Schutzlack Schutz vor Kratzern und Witterungseinfl\u00fcssen. Suchen Sie nach einer budgetfreundlicheren Alternative ohne Schutzlack? Dann schauen Sie sich hier unser <strong>Standard-Werbeschild<\/strong> an.<\/p>\n<h3>H\u00e4ufig gestellte Fragen<\/h3>\n<p><strong>Warum eine Beschichtung w\u00e4hlen?<\/strong><br \/>\nDurch die optionale Beschichtung wird eine maximale Lebensdauer garantiert. Dank der Beschichtung wird nicht nur die Farbintensit\u00e4t erh\u00f6ht, sondern der Druck ist auch l\u00e4nger gegen verschiedene Umwelteinfl\u00fcsse best\u00e4ndig.<\/p>\n<p><strong>Welche Arten von Beschichtungen sind lieferbar?<\/strong><br \/>\nAmstel Printing liefert Werbeschilder mit einer matten oder gl\u00e4nzenden Beschichtung.<\/p>\n<p><strong>Welchen Effekt hat die Art der Beschichtung auf den Druck?<\/strong><br \/>\nBei einer matten Beschichtung wirkt der Druck etwas matter, aber der Text ist wiederum besser lesbar. Der Effekt einer gl\u00e4nzenden Beschichtung ist, dass sie leicht gl\u00e4nzen kann. Daf\u00fcr sind die Farben jedoch brillanter und kr\u00e4ftiger als bei einer matten Beschichtung.<\/p>\n<p><strong>Was ist der Unterschied im Erscheinungsbild zwischen einer gl\u00e4nzenden und einer matten Beschichtung?<\/strong><br \/>\nBei einer gl\u00e4nzenden Beschichtung erhalten Sie brillante und kr\u00e4ftige Farben, aber mit einem minimalen Glanz. Eine matte Beschichtung ergibt ein etwas matteres Bild, aber die Texte sind dann wiederum besser lesbar.<\/p>\n","protected":false},"excerpt":{"rendered":"<h3>Mit einer Schutzbeschichtung versehen<\/h3>\n<p>Bewerben Sie Ihr Unternehmen oder Ihre Veranstaltung mit unseren hochwertigen Werbeschildern, die f\u00fcr zus\u00e4tzliche Haltbarkeit mit Schutzlack versehen sind. Unsere Werbeschilder k\u00f6nnen auch beidseitig bedruckt werden. W\u00e4hlen Sie unten im Konfigurator die Qualit\u00e4t und Ausf\u00fchrung, die zu Ihnen passt.<\/p>\n","protected":false},"featured_media":15875,"template":"","meta":{"_et_pb_use_builder":"","_et_pb_old_content":"","_et_gb_content_width":""},"product_brand":[],"product_cat":[929,925],"product_tag":[],"class_list":{"0":"post-15874","1":"product","2":"type-product","3":"status-publish","4":"has-post-thumbnail","6":"product_cat-ausenwerbung","7":"product_cat-werbetafeln","9":"first","10":"instock","11":"taxable","12":"shipping-taxable","13":"purchasable","14":"product-type-simple"},"yoast_head":"<!-- This site is optimized with the Yoast SEO plugin v27.3 - https:\/\/yoast.com\/product\/yoast-seo-wordpress\/ -->\n<title>Ihr eigenes Werbeschild mit Schutzlack gestalten | Amstel Printing<\/title>\n<meta name=\"description\" content=\"Ihr Druck extra lange sch\u00f6n? W\u00e4hlen Sie dann das Werbeschild mit Schutzlack. Lassen Sie dieses Werbeschild mit einem messerscharfen Druck nach Wunsch bedrucken. Hier bestellen!\" \/>\n<meta name=\"robots\" content=\"index, follow, max-snippet:-1, max-image-preview:large, max-video-preview:-1\" \/>\n<link rel=\"canonical\" href=\"https:\/\/www.amstelprinting.nl\/de\/geschaeft\/ausenwerbung\/werbetafeln\/werbeschild-mit-schutzlack\/\" \/>\n<meta property=\"og:locale\" content=\"de_DE\" \/>\n<meta property=\"og:type\" content=\"article\" \/>\n<meta property=\"og:title\" content=\"Ihr eigenes Werbeschild mit Schutzlack gestalten | Amstel Printing\" \/>\n<meta property=\"og:description\" content=\"Ihr Druck extra lange sch\u00f6n? W\u00e4hlen Sie dann das Werbeschild mit Schutzlack. Lassen Sie dieses Werbeschild mit einem messerscharfen Druck nach Wunsch bedrucken. Hier bestellen!\" \/>\n<meta property=\"og:url\" content=\"https:\/\/www.amstelprinting.nl\/de\/geschaeft\/ausenwerbung\/werbetafeln\/werbeschild-mit-schutzlack\/\" \/>\n<meta property=\"og:site_name\" content=\"Amstel Printing\" \/>\n<meta property=\"article:modified_time\" content=\"2026-02-18T11:55:00+00:00\" \/>\n<meta property=\"og:image\" content=\"https:\/\/www.amstelprinting.nl\/wp-content\/uploads\/reclamebord-bedrukken-optimized.jpg\" \/>\n\t<meta property=\"og:image:width\" content=\"900\" \/>\n\t<meta property=\"og:image:height\" content=\"900\" \/>\n\t<meta property=\"og:image:type\" content=\"image\/jpeg\" \/>\n<meta name=\"twitter:card\" content=\"summary_large_image\" \/>\n<meta name=\"twitter:label1\" content=\"Gesch\u00e4tzte Lesezeit\" \/>\n\t<meta name=\"twitter:data1\" content=\"2\u00a0Minuten\" \/>\n<script type=\"application\/ld+json\" class=\"yoast-schema-graph\">{\"@context\":\"https:\\\/\\\/schema.org\",\"@graph\":[{\"@type\":\"WebPage\",\"@id\":\"https:\\\/\\\/www.amstelprinting.nl\\\/de\\\/geschaeft\\\/ausenwerbung\\\/werbetafeln\\\/werbeschild-mit-schutzlack\\\/\",\"url\":\"https:\\\/\\\/www.amstelprinting.nl\\\/de\\\/geschaeft\\\/ausenwerbung\\\/werbetafeln\\\/werbeschild-mit-schutzlack\\\/\",\"name\":\"Ihr eigenes Werbeschild mit Schutzlack gestalten | Amstel Printing\",\"isPartOf\":{\"@id\":\"https:\\\/\\\/www.amstelprinting.nl\\\/de\\\/#website\"},\"primaryImageOfPage\":{\"@id\":\"https:\\\/\\\/www.amstelprinting.nl\\\/de\\\/geschaeft\\\/ausenwerbung\\\/werbetafeln\\\/werbeschild-mit-schutzlack\\\/#primaryimage\"},\"image\":{\"@id\":\"https:\\\/\\\/www.amstelprinting.nl\\\/de\\\/geschaeft\\\/ausenwerbung\\\/werbetafeln\\\/werbeschild-mit-schutzlack\\\/#primaryimage\"},\"thumbnailUrl\":\"https:\\\/\\\/www.amstelprinting.nl\\\/wp-content\\\/uploads\\\/reclamebord-bedrukken-optimized.jpg\",\"datePublished\":\"2025-01-21T19:06:51+00:00\",\"dateModified\":\"2026-02-18T11:55:00+00:00\",\"description\":\"Ihr Druck extra lange sch\u00f6n? W\u00e4hlen Sie dann das Werbeschild mit Schutzlack. Lassen Sie dieses Werbeschild mit einem messerscharfen Druck nach Wunsch bedrucken. Hier bestellen!\",\"breadcrumb\":{\"@id\":\"https:\\\/\\\/www.amstelprinting.nl\\\/de\\\/geschaeft\\\/ausenwerbung\\\/werbetafeln\\\/werbeschild-mit-schutzlack\\\/#breadcrumb\"},\"inLanguage\":\"de\",\"potentialAction\":[{\"@type\":\"ReadAction\",\"target\":[\"https:\\\/\\\/www.amstelprinting.nl\\\/de\\\/geschaeft\\\/ausenwerbung\\\/werbetafeln\\\/werbeschild-mit-schutzlack\\\/\"]}]},{\"@type\":\"ImageObject\",\"inLanguage\":\"de\",\"@id\":\"https:\\\/\\\/www.amstelprinting.nl\\\/de\\\/geschaeft\\\/ausenwerbung\\\/werbetafeln\\\/werbeschild-mit-schutzlack\\\/#primaryimage\",\"url\":\"https:\\\/\\\/www.amstelprinting.nl\\\/wp-content\\\/uploads\\\/reclamebord-bedrukken-optimized.jpg\",\"contentUrl\":\"https:\\\/\\\/www.amstelprinting.nl\\\/wp-content\\\/uploads\\\/reclamebord-bedrukken-optimized.jpg\",\"width\":900,\"height\":900,\"caption\":\"reclamebord-bedrukken.png\"},{\"@type\":\"BreadcrumbList\",\"@id\":\"https:\\\/\\\/www.amstelprinting.nl\\\/de\\\/geschaeft\\\/ausenwerbung\\\/werbetafeln\\\/werbeschild-mit-schutzlack\\\/#breadcrumb\",\"itemListElement\":[{\"@type\":\"ListItem\",\"position\":1,\"name\":\"\",\"item\":\"https:\\\/\\\/www.amstelprinting.nl\\\/de\\\/\"},{\"@type\":\"ListItem\",\"position\":2,\"name\":\"Amstel Printing\",\"item\":\"https:\\\/\\\/www.amstelprinting.nl\\\/de\\\/geschaeft\\\/\"},{\"@type\":\"ListItem\",\"position\":3,\"name\":\"Werbeschild mit Schutzlack\"}]},{\"@type\":\"WebSite\",\"@id\":\"https:\\\/\\\/www.amstelprinting.nl\\\/de\\\/#website\",\"url\":\"https:\\\/\\\/www.amstelprinting.nl\\\/de\\\/\",\"name\":\"Amstel Printing\",\"description\":\"Creating Exposure\",\"publisher\":{\"@id\":\"https:\\\/\\\/www.amstelprinting.nl\\\/de\\\/#organization\"},\"potentialAction\":[{\"@type\":\"SearchAction\",\"target\":{\"@type\":\"EntryPoint\",\"urlTemplate\":\"https:\\\/\\\/www.amstelprinting.nl\\\/de\\\/?s={search_term_string}\"},\"query-input\":{\"@type\":\"PropertyValueSpecification\",\"valueRequired\":true,\"valueName\":\"search_term_string\"}}],\"inLanguage\":\"de\"},{\"@type\":\"Organization\",\"@id\":\"https:\\\/\\\/www.amstelprinting.nl\\\/de\\\/#organization\",\"name\":\"Amstel Printing\",\"url\":\"https:\\\/\\\/www.amstelprinting.nl\\\/de\\\/\",\"logo\":{\"@type\":\"ImageObject\",\"inLanguage\":\"de\",\"@id\":\"https:\\\/\\\/www.amstelprinting.nl\\\/de\\\/#\\\/schema\\\/logo\\\/image\\\/\",\"url\":\"https:\\\/\\\/www.amstelprinting.nl\\\/wp-content\\\/uploads\\\/amstel_printing_logo_clean.png\",\"contentUrl\":\"https:\\\/\\\/www.amstelprinting.nl\\\/wp-content\\\/uploads\\\/amstel_printing_logo_clean.png\",\"width\":324,\"height\":73,\"caption\":\"Amstel Printing\"},\"image\":{\"@id\":\"https:\\\/\\\/www.amstelprinting.nl\\\/de\\\/#\\\/schema\\\/logo\\\/image\\\/\"}}]}<\/script>\n<!-- \/ Yoast SEO plugin. -->","yoast_head_json":{"title":"Ihr eigenes Werbeschild mit Schutzlack gestalten | Amstel Printing","description":"Ihr Druck extra lange sch\u00f6n? W\u00e4hlen Sie dann das Werbeschild mit Schutzlack. Lassen Sie dieses Werbeschild mit einem messerscharfen Druck nach Wunsch bedrucken. Hier bestellen!","robots":{"index":"index","follow":"follow","max-snippet":"max-snippet:-1","max-image-preview":"max-image-preview:large","max-video-preview":"max-video-preview:-1"},"canonical":"https:\/\/www.amstelprinting.nl\/de\/geschaeft\/ausenwerbung\/werbetafeln\/werbeschild-mit-schutzlack\/","og_locale":"de_DE","og_type":"article","og_title":"Ihr eigenes Werbeschild mit Schutzlack gestalten | Amstel Printing","og_description":"Ihr Druck extra lange sch\u00f6n? W\u00e4hlen Sie dann das Werbeschild mit Schutzlack. Lassen Sie dieses Werbeschild mit einem messerscharfen Druck nach Wunsch bedrucken. Hier bestellen!","og_url":"https:\/\/www.amstelprinting.nl\/de\/geschaeft\/ausenwerbung\/werbetafeln\/werbeschild-mit-schutzlack\/","og_site_name":"Amstel Printing","article_modified_time":"2026-02-18T11:55:00+00:00","og_image":[{"width":900,"height":900,"url":"https:\/\/www.amstelprinting.nl\/wp-content\/uploads\/reclamebord-bedrukken-optimized.jpg","type":"image\/jpeg"}],"twitter_card":"summary_large_image","twitter_misc":{"Gesch\u00e4tzte Lesezeit":"2\u00a0Minuten"},"schema":{"@context":"https:\/\/schema.org","@graph":[{"@type":"WebPage","@id":"https:\/\/www.amstelprinting.nl\/de\/geschaeft\/ausenwerbung\/werbetafeln\/werbeschild-mit-schutzlack\/","url":"https:\/\/www.amstelprinting.nl\/de\/geschaeft\/ausenwerbung\/werbetafeln\/werbeschild-mit-schutzlack\/","name":"Ihr eigenes Werbeschild mit Schutzlack gestalten | Amstel Printing","isPartOf":{"@id":"https:\/\/www.amstelprinting.nl\/de\/#website"},"primaryImageOfPage":{"@id":"https:\/\/www.amstelprinting.nl\/de\/geschaeft\/ausenwerbung\/werbetafeln\/werbeschild-mit-schutzlack\/#primaryimage"},"image":{"@id":"https:\/\/www.amstelprinting.nl\/de\/geschaeft\/ausenwerbung\/werbetafeln\/werbeschild-mit-schutzlack\/#primaryimage"},"thumbnailUrl":"https:\/\/www.amstelprinting.nl\/wp-content\/uploads\/reclamebord-bedrukken-optimized.jpg","datePublished":"2025-01-21T19:06:51+00:00","dateModified":"2026-02-18T11:55:00+00:00","description":"Ihr Druck extra lange sch\u00f6n? W\u00e4hlen Sie dann das Werbeschild mit Schutzlack. Lassen Sie dieses Werbeschild mit einem messerscharfen Druck nach Wunsch bedrucken. Hier bestellen!","breadcrumb":{"@id":"https:\/\/www.amstelprinting.nl\/de\/geschaeft\/ausenwerbung\/werbetafeln\/werbeschild-mit-schutzlack\/#breadcrumb"},"inLanguage":"de","potentialAction":[{"@type":"ReadAction","target":["https:\/\/www.amstelprinting.nl\/de\/geschaeft\/ausenwerbung\/werbetafeln\/werbeschild-mit-schutzlack\/"]}]},{"@type":"ImageObject","inLanguage":"de","@id":"https:\/\/www.amstelprinting.nl\/de\/geschaeft\/ausenwerbung\/werbetafeln\/werbeschild-mit-schutzlack\/#primaryimage","url":"https:\/\/www.amstelprinting.nl\/wp-content\/uploads\/reclamebord-bedrukken-optimized.jpg","contentUrl":"https:\/\/www.amstelprinting.nl\/wp-content\/uploads\/reclamebord-bedrukken-optimized.jpg","width":900,"height":900,"caption":"reclamebord-bedrukken.png"},{"@type":"BreadcrumbList","@id":"https:\/\/www.amstelprinting.nl\/de\/geschaeft\/ausenwerbung\/werbetafeln\/werbeschild-mit-schutzlack\/#breadcrumb","itemListElement":[{"@type":"ListItem","position":1,"name":"","item":"https:\/\/www.amstelprinting.nl\/de\/"},{"@type":"ListItem","position":2,"name":"Amstel Printing","item":"https:\/\/www.amstelprinting.nl\/de\/geschaeft\/"},{"@type":"ListItem","position":3,"name":"Werbeschild mit Schutzlack"}]},{"@type":"WebSite","@id":"https:\/\/www.amstelprinting.nl\/de\/#website","url":"https:\/\/www.amstelprinting.nl\/de\/","name":"Amstel Printing","description":"Creating Exposure","publisher":{"@id":"https:\/\/www.amstelprinting.nl\/de\/#organization"},"potentialAction":[{"@type":"SearchAction","target":{"@type":"EntryPoint","urlTemplate":"https:\/\/www.amstelprinting.nl\/de\/?s={search_term_string}"},"query-input":{"@type":"PropertyValueSpecification","valueRequired":true,"valueName":"search_term_string"}}],"inLanguage":"de"},{"@type":"Organization","@id":"https:\/\/www.amstelprinting.nl\/de\/#organization","name":"Amstel Printing","url":"https:\/\/www.amstelprinting.nl\/de\/","logo":{"@type":"ImageObject","inLanguage":"de","@id":"https:\/\/www.amstelprinting.nl\/de\/#\/schema\/logo\/image\/","url":"https:\/\/www.amstelprinting.nl\/wp-content\/uploads\/amstel_printing_logo_clean.png","contentUrl":"https:\/\/www.amstelprinting.nl\/wp-content\/uploads\/amstel_printing_logo_clean.png","width":324,"height":73,"caption":"Amstel Printing"},"image":{"@id":"https:\/\/www.amstelprinting.nl\/de\/#\/schema\/logo\/image\/"}}]}},"_links":{"self":[{"href":"https:\/\/www.amstelprinting.nl\/de\/wp-json\/wp\/v2\/product\/15874","targetHints":{"allow":["GET"]}}],"collection":[{"href":"https:\/\/www.amstelprinting.nl\/de\/wp-json\/wp\/v2\/product"}],"about":[{"href":"https:\/\/www.amstelprinting.nl\/de\/wp-json\/wp\/v2\/types\/product"}],"wp:featuredmedia":[{"embeddable":true,"href":"https:\/\/www.amstelprinting.nl\/de\/wp-json\/wp\/v2\/media\/15875"}],"wp:attachment":[{"href":"https:\/\/www.amstelprinting.nl\/de\/wp-json\/wp\/v2\/media?parent=15874"}],"wp:term":[{"taxonomy":"product_brand","embeddable":true,"href":"https:\/\/www.amstelprinting.nl\/de\/wp-json\/wp\/v2\/product_brand?post=15874"},{"taxonomy":"product_cat","embeddable":true,"href":"https:\/\/www.amstelprinting.nl\/de\/wp-json\/wp\/v2\/product_cat?post=15874"},{"taxonomy":"product_tag","embeddable":true,"href":"https:\/\/www.amstelprinting.nl\/de\/wp-json\/wp\/v2\/product_tag?post=15874"}],"curies":[{"name":"wp","href":"https:\/\/api.w.org\/{rel}","templated":true}]}}