{"id":15886,"date":"2025-01-21T19:57:31","date_gmt":"2025-01-21T18:57:31","guid":{"rendered":"https:\/\/www.amstelprinting.nl\/winkel\/unkategorisiert\/bewegwijzering\/"},"modified":"2026-02-18T12:55:01","modified_gmt":"2026-02-18T11:55:01","slug":"beschilderung","status":"publish","type":"product","link":"https:\/\/www.amstelprinting.nl\/de\/gesch\u00e4ft\/ausenwerbung\/werbetafeln\/beschilderung\/","title":{"rendered":"Beschilderung"},"content":{"rendered":"<h3><strong>Beschilderung bestellen<\/strong><\/h3>\n<p>Auf der Suche nach professioneller und stilvoller Beschilderung? Unser Beschilderungssystem besteht aus einem bedruckten Dibond-Werbeboard, das fest in einem robusten Aluminiumrahmen eingefasst ist.<\/p>\n<h3>Material<\/h3>\n<p><strong>Paneel<\/strong> &#8211; Das Beschilderungspaneel besteht aus 3 mm starkem Premium-Dibond\u00ae-Material. Dibond ist ein starkes und leichtes Verbundmaterial, das aus zwei Aluminiumschichten mit einem Polyethylenkern besteht. Ein langlebiges und professionelles Finish wird hiermee garantiert.<\/p>\n<p><strong>Aluminiumrahmen<\/strong> &#8211; Das Dibond-Paneel ist fest in einen robusten Aluminiumrahmen (7 mm Durchmesser) eingefasst, der nicht nur f\u00fcr zus\u00e4tzliche Stabilit\u00e4t sorgt, sondern auch ein modernes und schlichtes Aussehen verleiht. Der Rahmen ist rostbest\u00e4ndig und daher f\u00fcr alle Wetterbedingungen geeignet.<\/p>\n<h2>Au\u00dfenbereich<\/h2>\n<p>Sowohl das Dibond-Paneel als auch der Aluminiumrahmen sind gegen alle Arten von Witterungseinfl\u00fcssen (Regen, Wind und UV-Strahlung) best\u00e4ndig. Dadurch bleibt Ihre Beschilderung \u00fcber Jahre hinweg ansprechend.<\/p>\n<h3>Formate<\/h3>\n<p>Das Leitsystem ist als Set in den folgenden Standardformaten bestellbar:<\/p>\n<ul>\n<li>100 x 100<\/li>\n<li>150 x 75<\/li>\n<li>120 x 80<\/li>\n<li>75 x 150<\/li>\n<li>80 x 120<\/li>\n<\/ul>\n<p>&nbsp;<\/p>\n<h3>Bedruckung<\/h3>\n<p>Das Dibond-Paneel kann sowohl einseitig als auch beidseitig bedruckt werden (vollfl\u00e4chig in Full Colour). Hat sich Ihr Firmenname ge\u00e4ndert? Keine Sorge, Sie k\u00f6nnen das Dibond-Paneel auch einfach einzeln bei uns nachbestellen.<\/p>\n<h3>Installation<\/h3>\n<p>Die Beschilderung wird als Bausatz geliefert, sodass Sie die Installation einfach selbst durchf\u00fchren k\u00f6nnen. Den Aluminiumrahmen verankern Sie mittels eines Sacks Schnellbeton (nicht im Lieferumfang enthalten) im Boden.<\/p>\n","protected":false},"excerpt":{"rendered":"<h3>Beschilderung mit Dibond-Paneel in einem wundersch\u00f6nen, soliden Aluminiumrahmen.<\/h3>\n<p>Auf der Suche nach professioneller und stilvoller Beschilderung? Unser Beschilderungssystem besteht aus einem bedruckten Dibond-Werbeboard, das fest in einem robusten Aluminiumrahmen eingefasst ist. Stellen Sie unten Ihr bedrucktes Beschilderungssystem zusammen.<\/p>\n","protected":false},"featured_media":15888,"template":"","meta":{"_et_pb_use_builder":"","_et_pb_old_content":"","_et_gb_content_width":""},"product_brand":[],"product_cat":[929,928,925],"product_tag":[],"class_list":{"0":"post-15886","1":"product","2":"type-product","3":"status-publish","4":"has-post-thumbnail","6":"product_cat-ausenwerbung","7":"product_cat-bau-eigentum","8":"product_cat-werbetafeln","10":"first","11":"instock","12":"taxable","13":"shipping-taxable","14":"purchasable","15":"product-type-simple"},"yoast_head":"<!-- This site is optimized with the Yoast SEO plugin v27.3 - https:\/\/yoast.com\/product\/yoast-seo-wordpress\/ -->\n<title>Professionelle Beschilderung. Mit eigenem Druck versehen<\/title>\n<meta name=\"description\" content=\"Beschilderung einfach bestellen. Das Schildersystem besteht aus einem bedruckten Werbeboard in einem robusten Aluminiumrahmen. Konfigurieren &amp; berechnen!\" \/>\n<meta name=\"robots\" content=\"index, follow, max-snippet:-1, max-image-preview:large, max-video-preview:-1\" \/>\n<link rel=\"canonical\" href=\"https:\/\/www.amstelprinting.nl\/de\/gesch\u00e4ft\/ausenwerbung\/werbetafeln\/beschilderung\/\" \/>\n<meta property=\"og:locale\" content=\"de_DE\" \/>\n<meta property=\"og:type\" content=\"article\" \/>\n<meta property=\"og:title\" content=\"Professionelle Beschilderung. Mit eigenem Druck versehen\" \/>\n<meta property=\"og:description\" content=\"Beschilderung einfach bestellen. Das Schildersystem besteht aus einem bedruckten Werbeboard in einem robusten Aluminiumrahmen. Konfigurieren &amp; berechnen!\" \/>\n<meta property=\"og:url\" content=\"https:\/\/www.amstelprinting.nl\/de\/gesch\u00e4ft\/ausenwerbung\/werbetafeln\/beschilderung\/\" \/>\n<meta property=\"og:site_name\" content=\"Amstel Printing\" \/>\n<meta property=\"article:modified_time\" content=\"2026-02-18T11:55:01+00:00\" \/>\n<meta property=\"og:image\" content=\"https:\/\/www.amstelprinting.nl\/wp-content\/uploads\/Bewegwijzering-bedrukken-optimized.jpg\" \/>\n\t<meta property=\"og:image:width\" content=\"700\" \/>\n\t<meta property=\"og:image:height\" content=\"700\" \/>\n\t<meta property=\"og:image:type\" content=\"image\/jpeg\" \/>\n<meta name=\"twitter:card\" content=\"summary_large_image\" \/>\n<meta name=\"twitter:label1\" content=\"Gesch\u00e4tzte Lesezeit\" \/>\n\t<meta name=\"twitter:data1\" content=\"1\u00a0Minute\" \/>\n<script type=\"application\/ld+json\" class=\"yoast-schema-graph\">{\"@context\":\"https:\\\/\\\/schema.org\",\"@graph\":[{\"@type\":\"WebPage\",\"@id\":\"https:\\\/\\\/www.amstelprinting.nl\\\/de\\\/gesch\u00e4ft\\\/ausenwerbung\\\/werbetafeln\\\/beschilderung\\\/\",\"url\":\"https:\\\/\\\/www.amstelprinting.nl\\\/de\\\/gesch\u00e4ft\\\/ausenwerbung\\\/werbetafeln\\\/beschilderung\\\/\",\"name\":\"Professionelle Beschilderung. Mit eigenem Druck versehen\",\"isPartOf\":{\"@id\":\"https:\\\/\\\/www.amstelprinting.nl\\\/de\\\/#website\"},\"primaryImageOfPage\":{\"@id\":\"https:\\\/\\\/www.amstelprinting.nl\\\/de\\\/gesch\u00e4ft\\\/ausenwerbung\\\/werbetafeln\\\/beschilderung\\\/#primaryimage\"},\"image\":{\"@id\":\"https:\\\/\\\/www.amstelprinting.nl\\\/de\\\/gesch\u00e4ft\\\/ausenwerbung\\\/werbetafeln\\\/beschilderung\\\/#primaryimage\"},\"thumbnailUrl\":\"https:\\\/\\\/www.amstelprinting.nl\\\/wp-content\\\/uploads\\\/Bewegwijzering-bedrukken-optimized.jpg\",\"datePublished\":\"2025-01-21T18:57:31+00:00\",\"dateModified\":\"2026-02-18T11:55:01+00:00\",\"description\":\"Beschilderung einfach bestellen. Das Schildersystem besteht aus einem bedruckten Werbeboard in einem robusten Aluminiumrahmen. Konfigurieren & berechnen!\",\"breadcrumb\":{\"@id\":\"https:\\\/\\\/www.amstelprinting.nl\\\/de\\\/gesch\u00e4ft\\\/ausenwerbung\\\/werbetafeln\\\/beschilderung\\\/#breadcrumb\"},\"inLanguage\":\"de\",\"potentialAction\":[{\"@type\":\"ReadAction\",\"target\":[\"https:\\\/\\\/www.amstelprinting.nl\\\/de\\\/gesch\u00e4ft\\\/ausenwerbung\\\/werbetafeln\\\/beschilderung\\\/\"]}]},{\"@type\":\"ImageObject\",\"inLanguage\":\"de\",\"@id\":\"https:\\\/\\\/www.amstelprinting.nl\\\/de\\\/gesch\u00e4ft\\\/ausenwerbung\\\/werbetafeln\\\/beschilderung\\\/#primaryimage\",\"url\":\"https:\\\/\\\/www.amstelprinting.nl\\\/wp-content\\\/uploads\\\/Bewegwijzering-bedrukken-optimized.jpg\",\"contentUrl\":\"https:\\\/\\\/www.amstelprinting.nl\\\/wp-content\\\/uploads\\\/Bewegwijzering-bedrukken-optimized.jpg\",\"width\":700,\"height\":700,\"caption\":\"Bewegwijzering-bedrukken.png\"},{\"@type\":\"BreadcrumbList\",\"@id\":\"https:\\\/\\\/www.amstelprinting.nl\\\/de\\\/gesch\u00e4ft\\\/ausenwerbung\\\/werbetafeln\\\/beschilderung\\\/#breadcrumb\",\"itemListElement\":[{\"@type\":\"ListItem\",\"position\":1,\"name\":\"\",\"item\":\"https:\\\/\\\/www.amstelprinting.nl\\\/de\\\/\"},{\"@type\":\"ListItem\",\"position\":2,\"name\":\"Amstel Printing\",\"item\":\"https:\\\/\\\/www.amstelprinting.nl\\\/de\\\/geschaeft\\\/\"},{\"@type\":\"ListItem\",\"position\":3,\"name\":\"Au\u00dfenwerbung\",\"item\":\"https:\\\/\\\/www.amstelprinting.nl\\\/de\\\/kategorie\\\/ausenwerbung\\\/\"},{\"@type\":\"ListItem\",\"position\":4,\"name\":\"Bau &amp; Eigentum\",\"item\":\"https:\\\/\\\/www.amstelprinting.nl\\\/de\\\/kategorie\\\/ausenwerbung\\\/bau-eigentum\\\/\"},{\"@type\":\"ListItem\",\"position\":5,\"name\":\"Beschilderung\"}]},{\"@type\":\"WebSite\",\"@id\":\"https:\\\/\\\/www.amstelprinting.nl\\\/de\\\/#website\",\"url\":\"https:\\\/\\\/www.amstelprinting.nl\\\/de\\\/\",\"name\":\"Amstel Printing\",\"description\":\"Creating Exposure\",\"publisher\":{\"@id\":\"https:\\\/\\\/www.amstelprinting.nl\\\/de\\\/#organization\"},\"potentialAction\":[{\"@type\":\"SearchAction\",\"target\":{\"@type\":\"EntryPoint\",\"urlTemplate\":\"https:\\\/\\\/www.amstelprinting.nl\\\/de\\\/?s={search_term_string}\"},\"query-input\":{\"@type\":\"PropertyValueSpecification\",\"valueRequired\":true,\"valueName\":\"search_term_string\"}}],\"inLanguage\":\"de\"},{\"@type\":\"Organization\",\"@id\":\"https:\\\/\\\/www.amstelprinting.nl\\\/de\\\/#organization\",\"name\":\"Amstel Printing\",\"url\":\"https:\\\/\\\/www.amstelprinting.nl\\\/de\\\/\",\"logo\":{\"@type\":\"ImageObject\",\"inLanguage\":\"de\",\"@id\":\"https:\\\/\\\/www.amstelprinting.nl\\\/de\\\/#\\\/schema\\\/logo\\\/image\\\/\",\"url\":\"https:\\\/\\\/www.amstelprinting.nl\\\/wp-content\\\/uploads\\\/amstel_printing_logo_clean.png\",\"contentUrl\":\"https:\\\/\\\/www.amstelprinting.nl\\\/wp-content\\\/uploads\\\/amstel_printing_logo_clean.png\",\"width\":324,\"height\":73,\"caption\":\"Amstel Printing\"},\"image\":{\"@id\":\"https:\\\/\\\/www.amstelprinting.nl\\\/de\\\/#\\\/schema\\\/logo\\\/image\\\/\"}}]}<\/script>\n<!-- \/ Yoast SEO plugin. -->","yoast_head_json":{"title":"Professionelle Beschilderung. Mit eigenem Druck versehen","description":"Beschilderung einfach bestellen. Das Schildersystem besteht aus einem bedruckten Werbeboard in einem robusten Aluminiumrahmen. Konfigurieren & berechnen!","robots":{"index":"index","follow":"follow","max-snippet":"max-snippet:-1","max-image-preview":"max-image-preview:large","max-video-preview":"max-video-preview:-1"},"canonical":"https:\/\/www.amstelprinting.nl\/de\/gesch\u00e4ft\/ausenwerbung\/werbetafeln\/beschilderung\/","og_locale":"de_DE","og_type":"article","og_title":"Professionelle Beschilderung. Mit eigenem Druck versehen","og_description":"Beschilderung einfach bestellen. Das Schildersystem besteht aus einem bedruckten Werbeboard in einem robusten Aluminiumrahmen. Konfigurieren & berechnen!","og_url":"https:\/\/www.amstelprinting.nl\/de\/gesch\u00e4ft\/ausenwerbung\/werbetafeln\/beschilderung\/","og_site_name":"Amstel Printing","article_modified_time":"2026-02-18T11:55:01+00:00","og_image":[{"width":700,"height":700,"url":"https:\/\/www.amstelprinting.nl\/wp-content\/uploads\/Bewegwijzering-bedrukken-optimized.jpg","type":"image\/jpeg"}],"twitter_card":"summary_large_image","twitter_misc":{"Gesch\u00e4tzte Lesezeit":"1\u00a0Minute"},"schema":{"@context":"https:\/\/schema.org","@graph":[{"@type":"WebPage","@id":"https:\/\/www.amstelprinting.nl\/de\/gesch\u00e4ft\/ausenwerbung\/werbetafeln\/beschilderung\/","url":"https:\/\/www.amstelprinting.nl\/de\/gesch\u00e4ft\/ausenwerbung\/werbetafeln\/beschilderung\/","name":"Professionelle Beschilderung. Mit eigenem Druck versehen","isPartOf":{"@id":"https:\/\/www.amstelprinting.nl\/de\/#website"},"primaryImageOfPage":{"@id":"https:\/\/www.amstelprinting.nl\/de\/gesch\u00e4ft\/ausenwerbung\/werbetafeln\/beschilderung\/#primaryimage"},"image":{"@id":"https:\/\/www.amstelprinting.nl\/de\/gesch\u00e4ft\/ausenwerbung\/werbetafeln\/beschilderung\/#primaryimage"},"thumbnailUrl":"https:\/\/www.amstelprinting.nl\/wp-content\/uploads\/Bewegwijzering-bedrukken-optimized.jpg","datePublished":"2025-01-21T18:57:31+00:00","dateModified":"2026-02-18T11:55:01+00:00","description":"Beschilderung einfach bestellen. Das Schildersystem besteht aus einem bedruckten Werbeboard in einem robusten Aluminiumrahmen. Konfigurieren & berechnen!","breadcrumb":{"@id":"https:\/\/www.amstelprinting.nl\/de\/gesch\u00e4ft\/ausenwerbung\/werbetafeln\/beschilderung\/#breadcrumb"},"inLanguage":"de","potentialAction":[{"@type":"ReadAction","target":["https:\/\/www.amstelprinting.nl\/de\/gesch\u00e4ft\/ausenwerbung\/werbetafeln\/beschilderung\/"]}]},{"@type":"ImageObject","inLanguage":"de","@id":"https:\/\/www.amstelprinting.nl\/de\/gesch\u00e4ft\/ausenwerbung\/werbetafeln\/beschilderung\/#primaryimage","url":"https:\/\/www.amstelprinting.nl\/wp-content\/uploads\/Bewegwijzering-bedrukken-optimized.jpg","contentUrl":"https:\/\/www.amstelprinting.nl\/wp-content\/uploads\/Bewegwijzering-bedrukken-optimized.jpg","width":700,"height":700,"caption":"Bewegwijzering-bedrukken.png"},{"@type":"BreadcrumbList","@id":"https:\/\/www.amstelprinting.nl\/de\/gesch\u00e4ft\/ausenwerbung\/werbetafeln\/beschilderung\/#breadcrumb","itemListElement":[{"@type":"ListItem","position":1,"name":"","item":"https:\/\/www.amstelprinting.nl\/de\/"},{"@type":"ListItem","position":2,"name":"Amstel Printing","item":"https:\/\/www.amstelprinting.nl\/de\/geschaeft\/"},{"@type":"ListItem","position":3,"name":"Au\u00dfenwerbung","item":"https:\/\/www.amstelprinting.nl\/de\/kategorie\/ausenwerbung\/"},{"@type":"ListItem","position":4,"name":"Bau &amp; Eigentum","item":"https:\/\/www.amstelprinting.nl\/de\/kategorie\/ausenwerbung\/bau-eigentum\/"},{"@type":"ListItem","position":5,"name":"Beschilderung"}]},{"@type":"WebSite","@id":"https:\/\/www.amstelprinting.nl\/de\/#website","url":"https:\/\/www.amstelprinting.nl\/de\/","name":"Amstel Printing","description":"Creating Exposure","publisher":{"@id":"https:\/\/www.amstelprinting.nl\/de\/#organization"},"potentialAction":[{"@type":"SearchAction","target":{"@type":"EntryPoint","urlTemplate":"https:\/\/www.amstelprinting.nl\/de\/?s={search_term_string}"},"query-input":{"@type":"PropertyValueSpecification","valueRequired":true,"valueName":"search_term_string"}}],"inLanguage":"de"},{"@type":"Organization","@id":"https:\/\/www.amstelprinting.nl\/de\/#organization","name":"Amstel Printing","url":"https:\/\/www.amstelprinting.nl\/de\/","logo":{"@type":"ImageObject","inLanguage":"de","@id":"https:\/\/www.amstelprinting.nl\/de\/#\/schema\/logo\/image\/","url":"https:\/\/www.amstelprinting.nl\/wp-content\/uploads\/amstel_printing_logo_clean.png","contentUrl":"https:\/\/www.amstelprinting.nl\/wp-content\/uploads\/amstel_printing_logo_clean.png","width":324,"height":73,"caption":"Amstel Printing"},"image":{"@id":"https:\/\/www.amstelprinting.nl\/de\/#\/schema\/logo\/image\/"}}]}},"_links":{"self":[{"href":"https:\/\/www.amstelprinting.nl\/de\/wp-json\/wp\/v2\/product\/15886","targetHints":{"allow":["GET"]}}],"collection":[{"href":"https:\/\/www.amstelprinting.nl\/de\/wp-json\/wp\/v2\/product"}],"about":[{"href":"https:\/\/www.amstelprinting.nl\/de\/wp-json\/wp\/v2\/types\/product"}],"wp:featuredmedia":[{"embeddable":true,"href":"https:\/\/www.amstelprinting.nl\/de\/wp-json\/wp\/v2\/media\/15888"}],"wp:attachment":[{"href":"https:\/\/www.amstelprinting.nl\/de\/wp-json\/wp\/v2\/media?parent=15886"}],"wp:term":[{"taxonomy":"product_brand","embeddable":true,"href":"https:\/\/www.amstelprinting.nl\/de\/wp-json\/wp\/v2\/product_brand?post=15886"},{"taxonomy":"product_cat","embeddable":true,"href":"https:\/\/www.amstelprinting.nl\/de\/wp-json\/wp\/v2\/product_cat?post=15886"},{"taxonomy":"product_tag","embeddable":true,"href":"https:\/\/www.amstelprinting.nl\/de\/wp-json\/wp\/v2\/product_tag?post=15886"}],"curies":[{"name":"wp","href":"https:\/\/api.w.org\/{rel}","templated":true}]}}