{"id":15899,"date":"2025-01-21T19:53:22","date_gmt":"2025-01-21T18:53:22","guid":{"rendered":"https:\/\/www.amstelprinting.nl\/winkel\/unkategorisiert\/makelaarsbordsticker\/"},"modified":"2026-02-18T12:55:02","modified_gmt":"2026-02-18T11:55:02","slug":"maklerschild-aufkleber","status":"publish","type":"product","link":"https:\/\/www.amstelprinting.nl\/de\/gesch\u00e4ft\/ausenwerbung\/werbetafeln\/maklerschild-aufkleber\/","title":{"rendered":"Maklerschild-Aufkleber"},"content":{"rendered":"<h2>Maklerschild-Aufkleber bestellen: wie funktioniert es?<\/h2>\n<p>Unsere Maklerschild-Aufkleber sind aus selbstklebender und wasserbest\u00e4ndiger Monomerfolie gefertigt. Sie sind in vier Sprachen f\u00fcr Kauf- und Mietobjekte erh\u00e4ltlich, mit vier bis sechs Aufklebern pro Sprache, alle entworpen, um die Aufmerksamkeit auf das Maklerschild zu lenken. Diese Aufkleber sind das perfekte Mittel f\u00fcr Makler, um zus\u00e4tzlich aufzufallen.<\/p>\n<h2>Vier verschiedene Varianten<\/h2>\n<p>Ob f\u00fcr den Innen- oder Au\u00dfenbereich, ein Maklerschild-Aufkleber kann \u00fcberall eingesetzt werden und kommuniziert effektiv mit Texten wie \u201eZu verkaufen\u201c, \u201eVerkauft\u201c, \u201eZu vermieten\u201c und \u201eVermietet\u201c. Diese Aufkleber haben eine Gr\u00f6\u00dfe von 10 x 40 cm, ein mattes Finish mit einer leichten Struktur und werden im Latexdruck bedruckt.<\/p>\n<h2>Standarddesigns Makleraufkleber;<\/h2>\n<ul>\n<li>Tag der offenen T\u00fcr<\/li>\n<li>Vermietet<\/li>\n<li>Verkauft<\/li>\n<li>Zu verkaufen \/ Zu vermieten<\/li>\n<li>A Vendre<\/li>\n<li>Rented out<\/li>\n<\/ul>\n<p>&nbsp;<\/p>\n<h2>Wiederverwendbar<\/h2>\n<p>Das selbstklebende Vinyl hat eine abl\u00f6sbare Klebeschicht, sodass die darunter liegende Schicht nicht besch\u00e4digt wird und keine Klebereste zur\u00fcckbleiben. Dadurch kann das Maklerschild immer wieder verwendet werden.<\/p>\n","protected":false},"excerpt":{"rendered":"<h3>Makleraufkleber: Vermietet- und Verkauft-Aufkleber<\/h3>\n<p>Bringen Sie demn\u00e4chst ein Haus zum Verkauf oder zur Vermietung? Nutzen Sie den Maklerschild-Aufkleber. Unsere Maklerschild-Aufkleber sind aus selbstklebender, wasserdichter Monomerfolie gefertigt und bereits ab 1 St\u00fcck bestellbar.<\/p>\n<p>Das Design haben wir bereits f\u00fcr Sie erstellt, wobei Sie die Wahl aus sage und schreibe vier verschiedenen Sprachen haben, sowohl f\u00fcr Kauf- als auch f\u00fcr Mietobjekte. Je nach Sprache stehen vier bis sechs Aufkleber zur Verf\u00fcgung.<\/p>\n<p>Der Maklerschild-Aufkleber sorgt f\u00fcr zus\u00e4tzliche Aufmerksamkeit bei Passanten. Eine g\u00fcnstige und effektive Art aufzufallen!<\/p>\n","protected":false},"featured_media":15900,"template":"","meta":{"_et_pb_use_builder":"","_et_pb_old_content":"","_et_gb_content_width":""},"product_brand":[],"product_cat":[929,928,925],"product_tag":[],"class_list":{"0":"post-15899","1":"product","2":"type-product","3":"status-publish","4":"has-post-thumbnail","6":"product_cat-ausenwerbung","7":"product_cat-bau-eigentum","8":"product_cat-werbetafeln","10":"first","11":"instock","12":"taxable","13":"shipping-taxable","14":"purchasable","15":"product-type-simple"},"yoast_head":"<!-- This site is optimized with the Yoast SEO plugin v27.3 - https:\/\/yoast.com\/product\/yoast-seo-wordpress\/ -->\n<title>Maklerschild-Aufkleber Bedrucken | Zu verkaufen, Verkauft, Zu vermieten etc.<\/title>\n<meta name=\"description\" content=\"Maklerschild-Aufkleber bestellen? W\u00e4hlen Sie ein Standarddesign wie Zu verkaufen, Vermietet, Verkauft etc. Der Makleraufkleber ist wasserbest\u00e4ndig und bereits ab 1 St\u00fcck bestellbar!\" \/>\n<meta name=\"robots\" content=\"index, follow, max-snippet:-1, max-image-preview:large, max-video-preview:-1\" \/>\n<link rel=\"canonical\" href=\"https:\/\/www.amstelprinting.nl\/de\/gesch\u00e4ft\/ausenwerbung\/werbetafeln\/maklerschild-aufkleber\/\" \/>\n<meta property=\"og:locale\" content=\"de_DE\" \/>\n<meta property=\"og:type\" content=\"article\" \/>\n<meta property=\"og:title\" content=\"Maklerschild-Aufkleber Bedrucken | Zu verkaufen, Verkauft, Zu vermieten etc.\" \/>\n<meta property=\"og:description\" content=\"Maklerschild-Aufkleber bestellen? W\u00e4hlen Sie ein Standarddesign wie Zu verkaufen, Vermietet, Verkauft etc. Der Makleraufkleber ist wasserbest\u00e4ndig und bereits ab 1 St\u00fcck bestellbar!\" \/>\n<meta property=\"og:url\" content=\"https:\/\/www.amstelprinting.nl\/de\/gesch\u00e4ft\/ausenwerbung\/werbetafeln\/maklerschild-aufkleber\/\" \/>\n<meta property=\"og:site_name\" content=\"Amstel Printing\" \/>\n<meta property=\"article:modified_time\" content=\"2026-02-18T11:55:02+00:00\" \/>\n<meta property=\"og:image\" content=\"https:\/\/www.amstelprinting.nl\/wp-content\/uploads\/Makelaarsbordsticker2-optimized.jpg\" \/>\n\t<meta property=\"og:image:width\" content=\"700\" \/>\n\t<meta property=\"og:image:height\" content=\"700\" \/>\n\t<meta property=\"og:image:type\" content=\"image\/jpeg\" \/>\n<meta name=\"twitter:card\" content=\"summary_large_image\" \/>\n<meta name=\"twitter:label1\" content=\"Gesch\u00e4tzte Lesezeit\" \/>\n\t<meta name=\"twitter:data1\" content=\"1\u00a0Minute\" \/>\n<script type=\"application\/ld+json\" class=\"yoast-schema-graph\">{\"@context\":\"https:\\\/\\\/schema.org\",\"@graph\":[{\"@type\":\"WebPage\",\"@id\":\"https:\\\/\\\/www.amstelprinting.nl\\\/de\\\/gesch\u00e4ft\\\/ausenwerbung\\\/werbetafeln\\\/maklerschild-aufkleber\\\/\",\"url\":\"https:\\\/\\\/www.amstelprinting.nl\\\/de\\\/gesch\u00e4ft\\\/ausenwerbung\\\/werbetafeln\\\/maklerschild-aufkleber\\\/\",\"name\":\"Maklerschild-Aufkleber Bedrucken | Zu verkaufen, Verkauft, Zu vermieten etc.\",\"isPartOf\":{\"@id\":\"https:\\\/\\\/www.amstelprinting.nl\\\/de\\\/#website\"},\"primaryImageOfPage\":{\"@id\":\"https:\\\/\\\/www.amstelprinting.nl\\\/de\\\/gesch\u00e4ft\\\/ausenwerbung\\\/werbetafeln\\\/maklerschild-aufkleber\\\/#primaryimage\"},\"image\":{\"@id\":\"https:\\\/\\\/www.amstelprinting.nl\\\/de\\\/gesch\u00e4ft\\\/ausenwerbung\\\/werbetafeln\\\/maklerschild-aufkleber\\\/#primaryimage\"},\"thumbnailUrl\":\"https:\\\/\\\/www.amstelprinting.nl\\\/wp-content\\\/uploads\\\/Makelaarsbordsticker2-optimized.jpg\",\"datePublished\":\"2025-01-21T18:53:22+00:00\",\"dateModified\":\"2026-02-18T11:55:02+00:00\",\"description\":\"Maklerschild-Aufkleber bestellen? W\u00e4hlen Sie ein Standarddesign wie Zu verkaufen, Vermietet, Verkauft etc. Der Makleraufkleber ist wasserbest\u00e4ndig und bereits ab 1 St\u00fcck bestellbar!\",\"breadcrumb\":{\"@id\":\"https:\\\/\\\/www.amstelprinting.nl\\\/de\\\/gesch\u00e4ft\\\/ausenwerbung\\\/werbetafeln\\\/maklerschild-aufkleber\\\/#breadcrumb\"},\"inLanguage\":\"de\",\"potentialAction\":[{\"@type\":\"ReadAction\",\"target\":[\"https:\\\/\\\/www.amstelprinting.nl\\\/de\\\/gesch\u00e4ft\\\/ausenwerbung\\\/werbetafeln\\\/maklerschild-aufkleber\\\/\"]}]},{\"@type\":\"ImageObject\",\"inLanguage\":\"de\",\"@id\":\"https:\\\/\\\/www.amstelprinting.nl\\\/de\\\/gesch\u00e4ft\\\/ausenwerbung\\\/werbetafeln\\\/maklerschild-aufkleber\\\/#primaryimage\",\"url\":\"https:\\\/\\\/www.amstelprinting.nl\\\/wp-content\\\/uploads\\\/Makelaarsbordsticker2-optimized.jpg\",\"contentUrl\":\"https:\\\/\\\/www.amstelprinting.nl\\\/wp-content\\\/uploads\\\/Makelaarsbordsticker2-optimized.jpg\",\"width\":700,\"height\":700,\"caption\":\"Makelaarsbordsticker2.jpg\"},{\"@type\":\"BreadcrumbList\",\"@id\":\"https:\\\/\\\/www.amstelprinting.nl\\\/de\\\/gesch\u00e4ft\\\/ausenwerbung\\\/werbetafeln\\\/maklerschild-aufkleber\\\/#breadcrumb\",\"itemListElement\":[{\"@type\":\"ListItem\",\"position\":1,\"name\":\"\",\"item\":\"https:\\\/\\\/www.amstelprinting.nl\\\/de\\\/\"},{\"@type\":\"ListItem\",\"position\":2,\"name\":\"Amstel Printing\",\"item\":\"https:\\\/\\\/www.amstelprinting.nl\\\/de\\\/geschaeft\\\/\"},{\"@type\":\"ListItem\",\"position\":3,\"name\":\"Au\u00dfenwerbung\",\"item\":\"https:\\\/\\\/www.amstelprinting.nl\\\/de\\\/kategorie\\\/ausenwerbung\\\/\"},{\"@type\":\"ListItem\",\"position\":4,\"name\":\"Bau &amp; Eigentum\",\"item\":\"https:\\\/\\\/www.amstelprinting.nl\\\/de\\\/kategorie\\\/ausenwerbung\\\/bau-eigentum\\\/\"},{\"@type\":\"ListItem\",\"position\":5,\"name\":\"Maklerschild-Aufkleber\"}]},{\"@type\":\"WebSite\",\"@id\":\"https:\\\/\\\/www.amstelprinting.nl\\\/de\\\/#website\",\"url\":\"https:\\\/\\\/www.amstelprinting.nl\\\/de\\\/\",\"name\":\"Amstel Printing\",\"description\":\"Creating Exposure\",\"publisher\":{\"@id\":\"https:\\\/\\\/www.amstelprinting.nl\\\/de\\\/#organization\"},\"potentialAction\":[{\"@type\":\"SearchAction\",\"target\":{\"@type\":\"EntryPoint\",\"urlTemplate\":\"https:\\\/\\\/www.amstelprinting.nl\\\/de\\\/?s={search_term_string}\"},\"query-input\":{\"@type\":\"PropertyValueSpecification\",\"valueRequired\":true,\"valueName\":\"search_term_string\"}}],\"inLanguage\":\"de\"},{\"@type\":\"Organization\",\"@id\":\"https:\\\/\\\/www.amstelprinting.nl\\\/de\\\/#organization\",\"name\":\"Amstel Printing\",\"url\":\"https:\\\/\\\/www.amstelprinting.nl\\\/de\\\/\",\"logo\":{\"@type\":\"ImageObject\",\"inLanguage\":\"de\",\"@id\":\"https:\\\/\\\/www.amstelprinting.nl\\\/de\\\/#\\\/schema\\\/logo\\\/image\\\/\",\"url\":\"https:\\\/\\\/www.amstelprinting.nl\\\/wp-content\\\/uploads\\\/amstel_printing_logo_clean.png\",\"contentUrl\":\"https:\\\/\\\/www.amstelprinting.nl\\\/wp-content\\\/uploads\\\/amstel_printing_logo_clean.png\",\"width\":324,\"height\":73,\"caption\":\"Amstel Printing\"},\"image\":{\"@id\":\"https:\\\/\\\/www.amstelprinting.nl\\\/de\\\/#\\\/schema\\\/logo\\\/image\\\/\"}}]}<\/script>\n<!-- \/ Yoast SEO plugin. -->","yoast_head_json":{"title":"Maklerschild-Aufkleber Bedrucken | Zu verkaufen, Verkauft, Zu vermieten etc.","description":"Maklerschild-Aufkleber bestellen? W\u00e4hlen Sie ein Standarddesign wie Zu verkaufen, Vermietet, Verkauft etc. Der Makleraufkleber ist wasserbest\u00e4ndig und bereits ab 1 St\u00fcck bestellbar!","robots":{"index":"index","follow":"follow","max-snippet":"max-snippet:-1","max-image-preview":"max-image-preview:large","max-video-preview":"max-video-preview:-1"},"canonical":"https:\/\/www.amstelprinting.nl\/de\/gesch\u00e4ft\/ausenwerbung\/werbetafeln\/maklerschild-aufkleber\/","og_locale":"de_DE","og_type":"article","og_title":"Maklerschild-Aufkleber Bedrucken | Zu verkaufen, Verkauft, Zu vermieten etc.","og_description":"Maklerschild-Aufkleber bestellen? W\u00e4hlen Sie ein Standarddesign wie Zu verkaufen, Vermietet, Verkauft etc. Der Makleraufkleber ist wasserbest\u00e4ndig und bereits ab 1 St\u00fcck bestellbar!","og_url":"https:\/\/www.amstelprinting.nl\/de\/gesch\u00e4ft\/ausenwerbung\/werbetafeln\/maklerschild-aufkleber\/","og_site_name":"Amstel Printing","article_modified_time":"2026-02-18T11:55:02+00:00","og_image":[{"width":700,"height":700,"url":"https:\/\/www.amstelprinting.nl\/wp-content\/uploads\/Makelaarsbordsticker2-optimized.jpg","type":"image\/jpeg"}],"twitter_card":"summary_large_image","twitter_misc":{"Gesch\u00e4tzte Lesezeit":"1\u00a0Minute"},"schema":{"@context":"https:\/\/schema.org","@graph":[{"@type":"WebPage","@id":"https:\/\/www.amstelprinting.nl\/de\/gesch\u00e4ft\/ausenwerbung\/werbetafeln\/maklerschild-aufkleber\/","url":"https:\/\/www.amstelprinting.nl\/de\/gesch\u00e4ft\/ausenwerbung\/werbetafeln\/maklerschild-aufkleber\/","name":"Maklerschild-Aufkleber Bedrucken | Zu verkaufen, Verkauft, Zu vermieten etc.","isPartOf":{"@id":"https:\/\/www.amstelprinting.nl\/de\/#website"},"primaryImageOfPage":{"@id":"https:\/\/www.amstelprinting.nl\/de\/gesch\u00e4ft\/ausenwerbung\/werbetafeln\/maklerschild-aufkleber\/#primaryimage"},"image":{"@id":"https:\/\/www.amstelprinting.nl\/de\/gesch\u00e4ft\/ausenwerbung\/werbetafeln\/maklerschild-aufkleber\/#primaryimage"},"thumbnailUrl":"https:\/\/www.amstelprinting.nl\/wp-content\/uploads\/Makelaarsbordsticker2-optimized.jpg","datePublished":"2025-01-21T18:53:22+00:00","dateModified":"2026-02-18T11:55:02+00:00","description":"Maklerschild-Aufkleber bestellen? W\u00e4hlen Sie ein Standarddesign wie Zu verkaufen, Vermietet, Verkauft etc. Der Makleraufkleber ist wasserbest\u00e4ndig und bereits ab 1 St\u00fcck bestellbar!","breadcrumb":{"@id":"https:\/\/www.amstelprinting.nl\/de\/gesch\u00e4ft\/ausenwerbung\/werbetafeln\/maklerschild-aufkleber\/#breadcrumb"},"inLanguage":"de","potentialAction":[{"@type":"ReadAction","target":["https:\/\/www.amstelprinting.nl\/de\/gesch\u00e4ft\/ausenwerbung\/werbetafeln\/maklerschild-aufkleber\/"]}]},{"@type":"ImageObject","inLanguage":"de","@id":"https:\/\/www.amstelprinting.nl\/de\/gesch\u00e4ft\/ausenwerbung\/werbetafeln\/maklerschild-aufkleber\/#primaryimage","url":"https:\/\/www.amstelprinting.nl\/wp-content\/uploads\/Makelaarsbordsticker2-optimized.jpg","contentUrl":"https:\/\/www.amstelprinting.nl\/wp-content\/uploads\/Makelaarsbordsticker2-optimized.jpg","width":700,"height":700,"caption":"Makelaarsbordsticker2.jpg"},{"@type":"BreadcrumbList","@id":"https:\/\/www.amstelprinting.nl\/de\/gesch\u00e4ft\/ausenwerbung\/werbetafeln\/maklerschild-aufkleber\/#breadcrumb","itemListElement":[{"@type":"ListItem","position":1,"name":"","item":"https:\/\/www.amstelprinting.nl\/de\/"},{"@type":"ListItem","position":2,"name":"Amstel Printing","item":"https:\/\/www.amstelprinting.nl\/de\/geschaeft\/"},{"@type":"ListItem","position":3,"name":"Au\u00dfenwerbung","item":"https:\/\/www.amstelprinting.nl\/de\/kategorie\/ausenwerbung\/"},{"@type":"ListItem","position":4,"name":"Bau &amp; Eigentum","item":"https:\/\/www.amstelprinting.nl\/de\/kategorie\/ausenwerbung\/bau-eigentum\/"},{"@type":"ListItem","position":5,"name":"Maklerschild-Aufkleber"}]},{"@type":"WebSite","@id":"https:\/\/www.amstelprinting.nl\/de\/#website","url":"https:\/\/www.amstelprinting.nl\/de\/","name":"Amstel Printing","description":"Creating Exposure","publisher":{"@id":"https:\/\/www.amstelprinting.nl\/de\/#organization"},"potentialAction":[{"@type":"SearchAction","target":{"@type":"EntryPoint","urlTemplate":"https:\/\/www.amstelprinting.nl\/de\/?s={search_term_string}"},"query-input":{"@type":"PropertyValueSpecification","valueRequired":true,"valueName":"search_term_string"}}],"inLanguage":"de"},{"@type":"Organization","@id":"https:\/\/www.amstelprinting.nl\/de\/#organization","name":"Amstel Printing","url":"https:\/\/www.amstelprinting.nl\/de\/","logo":{"@type":"ImageObject","inLanguage":"de","@id":"https:\/\/www.amstelprinting.nl\/de\/#\/schema\/logo\/image\/","url":"https:\/\/www.amstelprinting.nl\/wp-content\/uploads\/amstel_printing_logo_clean.png","contentUrl":"https:\/\/www.amstelprinting.nl\/wp-content\/uploads\/amstel_printing_logo_clean.png","width":324,"height":73,"caption":"Amstel Printing"},"image":{"@id":"https:\/\/www.amstelprinting.nl\/de\/#\/schema\/logo\/image\/"}}]}},"_links":{"self":[{"href":"https:\/\/www.amstelprinting.nl\/de\/wp-json\/wp\/v2\/product\/15899","targetHints":{"allow":["GET"]}}],"collection":[{"href":"https:\/\/www.amstelprinting.nl\/de\/wp-json\/wp\/v2\/product"}],"about":[{"href":"https:\/\/www.amstelprinting.nl\/de\/wp-json\/wp\/v2\/types\/product"}],"wp:featuredmedia":[{"embeddable":true,"href":"https:\/\/www.amstelprinting.nl\/de\/wp-json\/wp\/v2\/media\/15900"}],"wp:attachment":[{"href":"https:\/\/www.amstelprinting.nl\/de\/wp-json\/wp\/v2\/media?parent=15899"}],"wp:term":[{"taxonomy":"product_brand","embeddable":true,"href":"https:\/\/www.amstelprinting.nl\/de\/wp-json\/wp\/v2\/product_brand?post=15899"},{"taxonomy":"product_cat","embeddable":true,"href":"https:\/\/www.amstelprinting.nl\/de\/wp-json\/wp\/v2\/product_cat?post=15899"},{"taxonomy":"product_tag","embeddable":true,"href":"https:\/\/www.amstelprinting.nl\/de\/wp-json\/wp\/v2\/product_tag?post=15899"}],"curies":[{"name":"wp","href":"https:\/\/api.w.org\/{rel}","templated":true}]}}