{"id":15909,"date":"2025-01-21T19:46:17","date_gmt":"2025-01-21T18:46:17","guid":{"rendered":"https:\/\/www.amstelprinting.nl\/winkel\/unkategorisiert\/sportveldbord\/"},"modified":"2026-02-18T12:55:02","modified_gmt":"2026-02-18T11:55:02","slug":"sportplatz-werbeschild","status":"publish","type":"product","link":"https:\/\/www.amstelprinting.nl\/de\/gesch\u00e4ft\/ausenwerbung\/werbetafeln\/sportplatz-werbeschild\/","title":{"rendered":"Sportplatz-Werbeschild"},"content":{"rendered":"<h2>Sportplatz-Werbeschilder bedrucken<\/h2>\n<p>Sportplatz-Werbeschilder werden auch Pr\u00e4sentationsschilder, Au\u00dfenschilder oder Fu\u00dfballschilder genannt. Ein bedrucktes Sportplatz-Werbeschild ist ein sehr beliebtes und \u00e4u\u00dferst effektives Werbemittel. Bei Amstel Printing k\u00f6nnen Sie Ihr bedrucktes Sportplatz-Werbeschild sehr g\u00fcnstig und einfach zusammenstellen und bestellen.<\/p>\n<h2><\/h2>\n<h2>Material<\/h2>\n<p>Unsere Sportplatz-Werbeschilder sind in zwei verschiedenen Qualit\u00e4ten lieferbar;<\/p>\n<p><strong>Dibond<\/strong><\/p>\n<ul>\n<li>Material: Aluminium und Polyethylen<\/li>\n<li>Relativ leichtes Sandwichpaneel<\/li>\n<li>Kratzfest und witterungsbest\u00e4ndig<\/li>\n<li>F\u00fcr den Innen- und Au\u00dfenbereich geeignet<\/li>\n<li>Nur einseitig bedruckbar<\/li>\n<\/ul>\n<p>&nbsp;<\/p>\n<p><strong>HPL<\/strong><\/p>\n<ul>\n<li>Material: Kunstharz-Deckschicht mit einem Kern aus gepressten Papierschichten<\/li>\n<li>Schwerere Qualit\u00e4t (8,5 kg\/m2 &#8211; 25% schwerer als Dibond)<\/li>\n<li>Kratzfest und witterungsbest\u00e4ndig<\/li>\n<li>F\u00fcr den Innen- und Au\u00dfenbereich geeignet<\/li>\n<li>Sowohl einseitig als auch beidseitig bedruckbar<\/li>\n<\/ul>\n<p>&nbsp;<\/p>\n<h2>Verarbeitung<\/h2>\n<div>W\u00e4hlen Sie die Verarbeitung nach Wunsch. Je nach gew\u00e4hltem Material (Dibond oder HPL) k\u00f6nnen verschiedene Ausf\u00fchrungen gew\u00e4hlt werden.<\/div>\n<p><strong>Dibond<\/strong><\/p>\n<ul>\n<li>keine Beschichtung<\/li>\n<li>Schutzlaminat matt<\/li>\n<li>Schutzlaminat gl\u00e4nzend<\/li>\n<\/ul>\n<p><strong>HPL<\/strong><br \/>\nEin HPL-Sportplatzschild kann mit einer gl\u00e4nzenden oder matten Folie veredelt werden. Hinweis: Bei HPL kann sich die Platte verziehen, wenn nur eine Seite mit Folie versehen ist.<\/p>\n<h2><\/h2>\n<h2>Befestigung des Sportplatz-Werbeschilds<\/h2>\n<p>Zur Befestigung des Sportplatz-Werbeschilds k\u00f6nnen Sie Bohrl\u00f6cher anbringen lassen. Der minimale Bohrdurchmesser betr\u00e4gt 5 mm. Wenn Sie gr\u00f6\u00dfere Bohrl\u00f6cher w\u00fcnschen, k\u00f6nnen Sie uns dies in der Konfiguration mitteilen. Die Bohrl\u00f6cher m\u00fcssen Sie nicht in der Datei angeben, das \u00fcbernehmen wir f\u00fcr Sie.<\/p>\n","protected":false},"excerpt":{"rendered":"<div>\n<p>Lassen Sie einen sportlichen Eindruck hinterlassen und bewerben Sie Ihr Unternehmen mit einem bedruckten Sportplatz-Werbeschild. Ideal f\u00fcr Werbung an Hockey- oder Fu\u00dfballfeldern.<\/p>\n<p>&nbsp;<\/p>\n<\/div>\n","protected":false},"featured_media":15910,"template":"","meta":{"_et_pb_use_builder":"","_et_pb_old_content":"","_et_gb_content_width":""},"product_brand":[],"product_cat":[929,925],"product_tag":[],"class_list":{"0":"post-15909","1":"product","2":"type-product","3":"status-publish","4":"has-post-thumbnail","6":"product_cat-ausenwerbung","7":"product_cat-werbetafeln","9":"first","10":"instock","11":"taxable","12":"shipping-taxable","13":"purchasable","14":"product-type-simple"},"yoast_head":"<!-- This site is optimized with the Yoast SEO plugin v27.3 - https:\/\/yoast.com\/product\/yoast-seo-wordpress\/ -->\n<title>Sportplatz-Werbeschild Entwerfen &amp; Bedrucken | Amstel Printing - G\u00fcnstig und schnell!<\/title>\n<meta name=\"description\" content=\"Sportplatz-Werbeschilder: ein sch\u00f6nes Werbeschild f\u00fcr den Sportplatz. Berechnen Sie direkt einen Preis f\u00fcr ein Sportplatz-Werbeschild mit Bedruckung nach Wunsch. Starten Sie hier mit dem Entwerfen!\" \/>\n<meta name=\"robots\" content=\"index, follow, max-snippet:-1, max-image-preview:large, max-video-preview:-1\" \/>\n<link rel=\"canonical\" href=\"https:\/\/www.amstelprinting.nl\/de\/gesch\u00e4ft\/ausenwerbung\/werbetafeln\/sportplatz-werbeschild\/\" \/>\n<meta property=\"og:locale\" content=\"de_DE\" \/>\n<meta property=\"og:type\" content=\"article\" \/>\n<meta property=\"og:title\" content=\"Sportplatz-Werbeschild Entwerfen &amp; Bedrucken | Amstel Printing - G\u00fcnstig und schnell!\" \/>\n<meta property=\"og:description\" content=\"Sportplatz-Werbeschilder: ein sch\u00f6nes Werbeschild f\u00fcr den Sportplatz. Berechnen Sie direkt einen Preis f\u00fcr ein Sportplatz-Werbeschild mit Bedruckung nach Wunsch. Starten Sie hier mit dem Entwerfen!\" \/>\n<meta property=\"og:url\" content=\"https:\/\/www.amstelprinting.nl\/de\/gesch\u00e4ft\/ausenwerbung\/werbetafeln\/sportplatz-werbeschild\/\" \/>\n<meta property=\"og:site_name\" content=\"Amstel Printing\" \/>\n<meta property=\"article:modified_time\" content=\"2026-02-18T11:55:02+00:00\" \/>\n<meta property=\"og:image\" content=\"https:\/\/www.amstelprinting.nl\/wp-content\/uploads\/Sportveldbord-optimized.jpg\" \/>\n\t<meta property=\"og:image:width\" content=\"700\" \/>\n\t<meta property=\"og:image:height\" content=\"700\" \/>\n\t<meta property=\"og:image:type\" content=\"image\/jpeg\" \/>\n<meta name=\"twitter:card\" content=\"summary_large_image\" \/>\n<meta name=\"twitter:label1\" content=\"Gesch\u00e4tzte Lesezeit\" \/>\n\t<meta name=\"twitter:data1\" content=\"1\u00a0Minute\" \/>\n<script type=\"application\/ld+json\" class=\"yoast-schema-graph\">{\"@context\":\"https:\\\/\\\/schema.org\",\"@graph\":[{\"@type\":\"WebPage\",\"@id\":\"https:\\\/\\\/www.amstelprinting.nl\\\/de\\\/gesch\u00e4ft\\\/ausenwerbung\\\/werbetafeln\\\/sportplatz-werbeschild\\\/\",\"url\":\"https:\\\/\\\/www.amstelprinting.nl\\\/de\\\/gesch\u00e4ft\\\/ausenwerbung\\\/werbetafeln\\\/sportplatz-werbeschild\\\/\",\"name\":\"Sportplatz-Werbeschild Entwerfen & Bedrucken | Amstel Printing - G\u00fcnstig und schnell!\",\"isPartOf\":{\"@id\":\"https:\\\/\\\/www.amstelprinting.nl\\\/de\\\/#website\"},\"primaryImageOfPage\":{\"@id\":\"https:\\\/\\\/www.amstelprinting.nl\\\/de\\\/gesch\u00e4ft\\\/ausenwerbung\\\/werbetafeln\\\/sportplatz-werbeschild\\\/#primaryimage\"},\"image\":{\"@id\":\"https:\\\/\\\/www.amstelprinting.nl\\\/de\\\/gesch\u00e4ft\\\/ausenwerbung\\\/werbetafeln\\\/sportplatz-werbeschild\\\/#primaryimage\"},\"thumbnailUrl\":\"https:\\\/\\\/www.amstelprinting.nl\\\/wp-content\\\/uploads\\\/Sportveldbord-optimized.jpg\",\"datePublished\":\"2025-01-21T18:46:17+00:00\",\"dateModified\":\"2026-02-18T11:55:02+00:00\",\"description\":\"Sportplatz-Werbeschilder: ein sch\u00f6nes Werbeschild f\u00fcr den Sportplatz. Berechnen Sie direkt einen Preis f\u00fcr ein Sportplatz-Werbeschild mit Bedruckung nach Wunsch. Starten Sie hier mit dem Entwerfen!\",\"breadcrumb\":{\"@id\":\"https:\\\/\\\/www.amstelprinting.nl\\\/de\\\/gesch\u00e4ft\\\/ausenwerbung\\\/werbetafeln\\\/sportplatz-werbeschild\\\/#breadcrumb\"},\"inLanguage\":\"de\",\"potentialAction\":[{\"@type\":\"ReadAction\",\"target\":[\"https:\\\/\\\/www.amstelprinting.nl\\\/de\\\/gesch\u00e4ft\\\/ausenwerbung\\\/werbetafeln\\\/sportplatz-werbeschild\\\/\"]}]},{\"@type\":\"ImageObject\",\"inLanguage\":\"de\",\"@id\":\"https:\\\/\\\/www.amstelprinting.nl\\\/de\\\/gesch\u00e4ft\\\/ausenwerbung\\\/werbetafeln\\\/sportplatz-werbeschild\\\/#primaryimage\",\"url\":\"https:\\\/\\\/www.amstelprinting.nl\\\/wp-content\\\/uploads\\\/Sportveldbord-optimized.jpg\",\"contentUrl\":\"https:\\\/\\\/www.amstelprinting.nl\\\/wp-content\\\/uploads\\\/Sportveldbord-optimized.jpg\",\"width\":700,\"height\":700,\"caption\":\"Sportveldbord.png\"},{\"@type\":\"BreadcrumbList\",\"@id\":\"https:\\\/\\\/www.amstelprinting.nl\\\/de\\\/gesch\u00e4ft\\\/ausenwerbung\\\/werbetafeln\\\/sportplatz-werbeschild\\\/#breadcrumb\",\"itemListElement\":[{\"@type\":\"ListItem\",\"position\":1,\"name\":\"\",\"item\":\"https:\\\/\\\/www.amstelprinting.nl\\\/de\\\/\"},{\"@type\":\"ListItem\",\"position\":2,\"name\":\"Amstel Printing\",\"item\":\"https:\\\/\\\/www.amstelprinting.nl\\\/de\\\/geschaeft\\\/\"},{\"@type\":\"ListItem\",\"position\":3,\"name\":\"Au\u00dfenwerbung\",\"item\":\"https:\\\/\\\/www.amstelprinting.nl\\\/de\\\/kategorie\\\/ausenwerbung\\\/\"},{\"@type\":\"ListItem\",\"position\":4,\"name\":\"Werbetafeln\",\"item\":\"https:\\\/\\\/www.amstelprinting.nl\\\/de\\\/kategorie\\\/ausenwerbung\\\/werbetafeln\\\/\"},{\"@type\":\"ListItem\",\"position\":5,\"name\":\"Sportplatz-Werbeschild\"}]},{\"@type\":\"WebSite\",\"@id\":\"https:\\\/\\\/www.amstelprinting.nl\\\/de\\\/#website\",\"url\":\"https:\\\/\\\/www.amstelprinting.nl\\\/de\\\/\",\"name\":\"Amstel Printing\",\"description\":\"Creating Exposure\",\"publisher\":{\"@id\":\"https:\\\/\\\/www.amstelprinting.nl\\\/de\\\/#organization\"},\"potentialAction\":[{\"@type\":\"SearchAction\",\"target\":{\"@type\":\"EntryPoint\",\"urlTemplate\":\"https:\\\/\\\/www.amstelprinting.nl\\\/de\\\/?s={search_term_string}\"},\"query-input\":{\"@type\":\"PropertyValueSpecification\",\"valueRequired\":true,\"valueName\":\"search_term_string\"}}],\"inLanguage\":\"de\"},{\"@type\":\"Organization\",\"@id\":\"https:\\\/\\\/www.amstelprinting.nl\\\/de\\\/#organization\",\"name\":\"Amstel Printing\",\"url\":\"https:\\\/\\\/www.amstelprinting.nl\\\/de\\\/\",\"logo\":{\"@type\":\"ImageObject\",\"inLanguage\":\"de\",\"@id\":\"https:\\\/\\\/www.amstelprinting.nl\\\/de\\\/#\\\/schema\\\/logo\\\/image\\\/\",\"url\":\"https:\\\/\\\/www.amstelprinting.nl\\\/wp-content\\\/uploads\\\/amstel_printing_logo_clean.png\",\"contentUrl\":\"https:\\\/\\\/www.amstelprinting.nl\\\/wp-content\\\/uploads\\\/amstel_printing_logo_clean.png\",\"width\":324,\"height\":73,\"caption\":\"Amstel Printing\"},\"image\":{\"@id\":\"https:\\\/\\\/www.amstelprinting.nl\\\/de\\\/#\\\/schema\\\/logo\\\/image\\\/\"}}]}<\/script>\n<!-- \/ Yoast SEO plugin. -->","yoast_head_json":{"title":"Sportplatz-Werbeschild Entwerfen & Bedrucken | Amstel Printing - G\u00fcnstig und schnell!","description":"Sportplatz-Werbeschilder: ein sch\u00f6nes Werbeschild f\u00fcr den Sportplatz. Berechnen Sie direkt einen Preis f\u00fcr ein Sportplatz-Werbeschild mit Bedruckung nach Wunsch. Starten Sie hier mit dem Entwerfen!","robots":{"index":"index","follow":"follow","max-snippet":"max-snippet:-1","max-image-preview":"max-image-preview:large","max-video-preview":"max-video-preview:-1"},"canonical":"https:\/\/www.amstelprinting.nl\/de\/gesch\u00e4ft\/ausenwerbung\/werbetafeln\/sportplatz-werbeschild\/","og_locale":"de_DE","og_type":"article","og_title":"Sportplatz-Werbeschild Entwerfen & Bedrucken | Amstel Printing - G\u00fcnstig und schnell!","og_description":"Sportplatz-Werbeschilder: ein sch\u00f6nes Werbeschild f\u00fcr den Sportplatz. Berechnen Sie direkt einen Preis f\u00fcr ein Sportplatz-Werbeschild mit Bedruckung nach Wunsch. Starten Sie hier mit dem Entwerfen!","og_url":"https:\/\/www.amstelprinting.nl\/de\/gesch\u00e4ft\/ausenwerbung\/werbetafeln\/sportplatz-werbeschild\/","og_site_name":"Amstel Printing","article_modified_time":"2026-02-18T11:55:02+00:00","og_image":[{"width":700,"height":700,"url":"https:\/\/www.amstelprinting.nl\/wp-content\/uploads\/Sportveldbord-optimized.jpg","type":"image\/jpeg"}],"twitter_card":"summary_large_image","twitter_misc":{"Gesch\u00e4tzte Lesezeit":"1\u00a0Minute"},"schema":{"@context":"https:\/\/schema.org","@graph":[{"@type":"WebPage","@id":"https:\/\/www.amstelprinting.nl\/de\/gesch\u00e4ft\/ausenwerbung\/werbetafeln\/sportplatz-werbeschild\/","url":"https:\/\/www.amstelprinting.nl\/de\/gesch\u00e4ft\/ausenwerbung\/werbetafeln\/sportplatz-werbeschild\/","name":"Sportplatz-Werbeschild Entwerfen & Bedrucken | Amstel Printing - G\u00fcnstig und schnell!","isPartOf":{"@id":"https:\/\/www.amstelprinting.nl\/de\/#website"},"primaryImageOfPage":{"@id":"https:\/\/www.amstelprinting.nl\/de\/gesch\u00e4ft\/ausenwerbung\/werbetafeln\/sportplatz-werbeschild\/#primaryimage"},"image":{"@id":"https:\/\/www.amstelprinting.nl\/de\/gesch\u00e4ft\/ausenwerbung\/werbetafeln\/sportplatz-werbeschild\/#primaryimage"},"thumbnailUrl":"https:\/\/www.amstelprinting.nl\/wp-content\/uploads\/Sportveldbord-optimized.jpg","datePublished":"2025-01-21T18:46:17+00:00","dateModified":"2026-02-18T11:55:02+00:00","description":"Sportplatz-Werbeschilder: ein sch\u00f6nes Werbeschild f\u00fcr den Sportplatz. Berechnen Sie direkt einen Preis f\u00fcr ein Sportplatz-Werbeschild mit Bedruckung nach Wunsch. Starten Sie hier mit dem Entwerfen!","breadcrumb":{"@id":"https:\/\/www.amstelprinting.nl\/de\/gesch\u00e4ft\/ausenwerbung\/werbetafeln\/sportplatz-werbeschild\/#breadcrumb"},"inLanguage":"de","potentialAction":[{"@type":"ReadAction","target":["https:\/\/www.amstelprinting.nl\/de\/gesch\u00e4ft\/ausenwerbung\/werbetafeln\/sportplatz-werbeschild\/"]}]},{"@type":"ImageObject","inLanguage":"de","@id":"https:\/\/www.amstelprinting.nl\/de\/gesch\u00e4ft\/ausenwerbung\/werbetafeln\/sportplatz-werbeschild\/#primaryimage","url":"https:\/\/www.amstelprinting.nl\/wp-content\/uploads\/Sportveldbord-optimized.jpg","contentUrl":"https:\/\/www.amstelprinting.nl\/wp-content\/uploads\/Sportveldbord-optimized.jpg","width":700,"height":700,"caption":"Sportveldbord.png"},{"@type":"BreadcrumbList","@id":"https:\/\/www.amstelprinting.nl\/de\/gesch\u00e4ft\/ausenwerbung\/werbetafeln\/sportplatz-werbeschild\/#breadcrumb","itemListElement":[{"@type":"ListItem","position":1,"name":"","item":"https:\/\/www.amstelprinting.nl\/de\/"},{"@type":"ListItem","position":2,"name":"Amstel Printing","item":"https:\/\/www.amstelprinting.nl\/de\/geschaeft\/"},{"@type":"ListItem","position":3,"name":"Au\u00dfenwerbung","item":"https:\/\/www.amstelprinting.nl\/de\/kategorie\/ausenwerbung\/"},{"@type":"ListItem","position":4,"name":"Werbetafeln","item":"https:\/\/www.amstelprinting.nl\/de\/kategorie\/ausenwerbung\/werbetafeln\/"},{"@type":"ListItem","position":5,"name":"Sportplatz-Werbeschild"}]},{"@type":"WebSite","@id":"https:\/\/www.amstelprinting.nl\/de\/#website","url":"https:\/\/www.amstelprinting.nl\/de\/","name":"Amstel Printing","description":"Creating Exposure","publisher":{"@id":"https:\/\/www.amstelprinting.nl\/de\/#organization"},"potentialAction":[{"@type":"SearchAction","target":{"@type":"EntryPoint","urlTemplate":"https:\/\/www.amstelprinting.nl\/de\/?s={search_term_string}"},"query-input":{"@type":"PropertyValueSpecification","valueRequired":true,"valueName":"search_term_string"}}],"inLanguage":"de"},{"@type":"Organization","@id":"https:\/\/www.amstelprinting.nl\/de\/#organization","name":"Amstel Printing","url":"https:\/\/www.amstelprinting.nl\/de\/","logo":{"@type":"ImageObject","inLanguage":"de","@id":"https:\/\/www.amstelprinting.nl\/de\/#\/schema\/logo\/image\/","url":"https:\/\/www.amstelprinting.nl\/wp-content\/uploads\/amstel_printing_logo_clean.png","contentUrl":"https:\/\/www.amstelprinting.nl\/wp-content\/uploads\/amstel_printing_logo_clean.png","width":324,"height":73,"caption":"Amstel Printing"},"image":{"@id":"https:\/\/www.amstelprinting.nl\/de\/#\/schema\/logo\/image\/"}}]}},"_links":{"self":[{"href":"https:\/\/www.amstelprinting.nl\/de\/wp-json\/wp\/v2\/product\/15909","targetHints":{"allow":["GET"]}}],"collection":[{"href":"https:\/\/www.amstelprinting.nl\/de\/wp-json\/wp\/v2\/product"}],"about":[{"href":"https:\/\/www.amstelprinting.nl\/de\/wp-json\/wp\/v2\/types\/product"}],"wp:featuredmedia":[{"embeddable":true,"href":"https:\/\/www.amstelprinting.nl\/de\/wp-json\/wp\/v2\/media\/15910"}],"wp:attachment":[{"href":"https:\/\/www.amstelprinting.nl\/de\/wp-json\/wp\/v2\/media?parent=15909"}],"wp:term":[{"taxonomy":"product_brand","embeddable":true,"href":"https:\/\/www.amstelprinting.nl\/de\/wp-json\/wp\/v2\/product_brand?post=15909"},{"taxonomy":"product_cat","embeddable":true,"href":"https:\/\/www.amstelprinting.nl\/de\/wp-json\/wp\/v2\/product_cat?post=15909"},{"taxonomy":"product_tag","embeddable":true,"href":"https:\/\/www.amstelprinting.nl\/de\/wp-json\/wp\/v2\/product_tag?post=15909"}],"curies":[{"name":"wp","href":"https:\/\/api.w.org\/{rel}","templated":true}]}}