{"id":9419,"date":"2025-07-15T12:53:44","date_gmt":"2025-07-15T10:53:44","guid":{"rendered":"https:\/\/www.amstelprinting.nl\/winkel\/unkategorisiert\/handdoek-en-strandlaken\/"},"modified":"2026-02-18T12:52:21","modified_gmt":"2026-02-18T11:52:21","slug":"handtuch-und-strandlaken","status":"publish","type":"product","link":"https:\/\/www.amstelprinting.nl\/de\/gesch\u00e4ft\/innere\/haus-gastronomie\/handtuch-und-strandlaken\/","title":{"rendered":"Handtuch und Strandlaken"},"content":{"rendered":"<h2>Strandtuch bedrucken<\/h2>\n<ul>\n<li>Leicht und kompakt, einfach mitzunehmen<\/li>\n<li>Schnelltrocknendes Material aus hochwertigem Mikrofaser-Polyester<\/li>\n<li>In zwei beliebten Formaten erh\u00e4ltlich<\/li>\n<li>Einfach bei 30 Grad waschbar, unter Beibehaltung der Druckqualit\u00e4t<\/li>\n<li>Ab 1 St\u00fcck bestellbar \u2013 perfekt als pers\u00f6nliches Werbegeschenk<\/li>\n<\/ul>\n<h2><\/h2>\n<h2>Praktisch und langlebig<\/h2>\n<p>Diese Handt\u00fccher und Strandlaken sind aus weicher Mikrofaser gefertigt, die sich nicht nur angenehm anf\u00fchlt, sondern auch schnell trocknet. Dank des kompakten Formats lassen sie sich m\u00fchelos in der Tasche mitnehmen, ideal f\u00fcr unterwegs oder im Urlaub. Der Druck bleibt hell und farbenfroh dank einer nachhaltigen Sublimationstechnik, die auch nach h\u00e4ufigem Waschen ihre Qualit\u00e4t beh\u00e4lt.<\/p>\n<h2>Vielseitig einsetbar<\/h2>\n<p>Ob als Werbegeschenk, f\u00fcr einen Sportverein, ein Wellness-Center oder als luxuri\u00f6ses Kundengeschenk \u2013 diese Mikrofaserhandt\u00fccher kombinieren Funktionalit\u00e4t mit auff\u00e4lligem Branding. So bleibt Ihre Marke immer gut sichtbar, wo auch immer Ihr Kunde ist.<\/p>\n<p>Suchen Sie ein auff\u00e4lliges Werbemittel, das praktisch und langlebig ist? Fordern Sie noch heute ein Muster an oder bestellen Sie direkt Ihr personalisiertes Mikrofaserhandtuch!<\/p>\n","protected":false},"excerpt":{"rendered":"<h2>Mikrofaser-Handtuch \u2013 weich, schnelltrocknend und absolut einzigartig<\/h2>\n<p>Suchen Sie ein praktisches und auff\u00e4lliges Handtuch, um Ihre Marke zu bewerben? Unsere weichen Mikrofaser-Handt\u00fccher mit einem einzigartigen Full-Color-Druck sind die ideale Wahl f\u00fcr Werbeaktionen, aber auch perfekt f\u00fcr den t\u00e4glichen Gebrauch im Badezimmer, in der Sauna, im Schwimmbad oder am Strand.<\/p>\n","protected":false},"featured_media":9420,"template":"","meta":{"_et_pb_use_builder":"","_et_pb_old_content":"","_et_gb_content_width":""},"product_brand":[],"product_cat":[949,900,909,945,921],"product_tag":[],"class_list":{"0":"post-9419","1":"product","2":"type-product","3":"status-publish","4":"has-post-thumbnail","6":"product_cat-ausen","7":"product_cat-dekoration","8":"product_cat-gastfreundschaft","9":"product_cat-haus-gastronomie","10":"product_cat-terrasse-garten","12":"first","13":"instock","14":"taxable","15":"shipping-taxable","16":"purchasable","17":"product-type-simple"},"yoast_head":"<!-- This site is optimized with the Yoast SEO plugin v27.3 - https:\/\/yoast.com\/product\/yoast-seo-wordpress\/ -->\n<title>Handtuch und Strandlaken | Amstel Printing<\/title>\n<meta name=\"robots\" content=\"index, follow, max-snippet:-1, max-image-preview:large, max-video-preview:-1\" \/>\n<link rel=\"canonical\" href=\"https:\/\/www.amstelprinting.nl\/de\/gesch\u00e4ft\/innere\/haus-gastronomie\/handtuch-und-strandlaken\/\" \/>\n<meta property=\"og:locale\" content=\"de_DE\" \/>\n<meta property=\"og:type\" content=\"article\" \/>\n<meta property=\"og:title\" content=\"Handtuch und Strandlaken | Amstel Printing\" \/>\n<meta property=\"og:description\" content=\"Mikrofaser-Handtuch \u2013 weich, schnelltrocknend und absolut einzigartig Suchen Sie ein praktisches und auff\u00e4lliges Handtuch, um Ihre Marke zu bewerben? Unsere weichen Mikrofaser-Handt\u00fccher mit einem einzigartigen Full-Color-Druck sind die ideale Wahl f\u00fcr Werbeaktionen, aber auch perfekt f\u00fcr den t\u00e4glichen Gebrauch im Badezimmer, in der Sauna, im Schwimmbad oder am Strand.\" \/>\n<meta property=\"og:url\" content=\"https:\/\/www.amstelprinting.nl\/de\/gesch\u00e4ft\/innere\/haus-gastronomie\/handtuch-und-strandlaken\/\" \/>\n<meta property=\"og:site_name\" content=\"Amstel Printing\" \/>\n<meta property=\"article:modified_time\" content=\"2026-02-18T11:52:21+00:00\" \/>\n<meta property=\"og:image\" content=\"https:\/\/www.amstelprinting.nl\/wp-content\/uploads\/Handdoek-en-strandlaken4.jpg\" \/>\n\t<meta property=\"og:image:width\" content=\"700\" \/>\n\t<meta property=\"og:image:height\" content=\"700\" \/>\n\t<meta property=\"og:image:type\" content=\"image\/jpeg\" \/>\n<meta name=\"twitter:card\" content=\"summary_large_image\" \/>\n<meta name=\"twitter:label1\" content=\"Gesch\u00e4tzte Lesezeit\" \/>\n\t<meta name=\"twitter:data1\" content=\"1\u00a0Minute\" \/>\n<script type=\"application\/ld+json\" class=\"yoast-schema-graph\">{\"@context\":\"https:\\\/\\\/schema.org\",\"@graph\":[{\"@type\":\"WebPage\",\"@id\":\"https:\\\/\\\/www.amstelprinting.nl\\\/de\\\/gesch\u00e4ft\\\/innere\\\/haus-gastronomie\\\/handtuch-und-strandlaken\\\/\",\"url\":\"https:\\\/\\\/www.amstelprinting.nl\\\/de\\\/gesch\u00e4ft\\\/innere\\\/haus-gastronomie\\\/handtuch-und-strandlaken\\\/\",\"name\":\"Handtuch und Strandlaken | Amstel Printing\",\"isPartOf\":{\"@id\":\"https:\\\/\\\/www.amstelprinting.nl\\\/de\\\/#website\"},\"primaryImageOfPage\":{\"@id\":\"https:\\\/\\\/www.amstelprinting.nl\\\/de\\\/gesch\u00e4ft\\\/innere\\\/haus-gastronomie\\\/handtuch-und-strandlaken\\\/#primaryimage\"},\"image\":{\"@id\":\"https:\\\/\\\/www.amstelprinting.nl\\\/de\\\/gesch\u00e4ft\\\/innere\\\/haus-gastronomie\\\/handtuch-und-strandlaken\\\/#primaryimage\"},\"thumbnailUrl\":\"https:\\\/\\\/www.amstelprinting.nl\\\/wp-content\\\/uploads\\\/Handdoek-en-strandlaken4.jpg\",\"datePublished\":\"2025-07-15T10:53:44+00:00\",\"dateModified\":\"2026-02-18T11:52:21+00:00\",\"breadcrumb\":{\"@id\":\"https:\\\/\\\/www.amstelprinting.nl\\\/de\\\/gesch\u00e4ft\\\/innere\\\/haus-gastronomie\\\/handtuch-und-strandlaken\\\/#breadcrumb\"},\"inLanguage\":\"de\",\"potentialAction\":[{\"@type\":\"ReadAction\",\"target\":[\"https:\\\/\\\/www.amstelprinting.nl\\\/de\\\/gesch\u00e4ft\\\/innere\\\/haus-gastronomie\\\/handtuch-und-strandlaken\\\/\"]}]},{\"@type\":\"ImageObject\",\"inLanguage\":\"de\",\"@id\":\"https:\\\/\\\/www.amstelprinting.nl\\\/de\\\/gesch\u00e4ft\\\/innere\\\/haus-gastronomie\\\/handtuch-und-strandlaken\\\/#primaryimage\",\"url\":\"https:\\\/\\\/www.amstelprinting.nl\\\/wp-content\\\/uploads\\\/Handdoek-en-strandlaken4.jpg\",\"contentUrl\":\"https:\\\/\\\/www.amstelprinting.nl\\\/wp-content\\\/uploads\\\/Handdoek-en-strandlaken4.jpg\",\"width\":700,\"height\":700},{\"@type\":\"BreadcrumbList\",\"@id\":\"https:\\\/\\\/www.amstelprinting.nl\\\/de\\\/gesch\u00e4ft\\\/innere\\\/haus-gastronomie\\\/handtuch-und-strandlaken\\\/#breadcrumb\",\"itemListElement\":[{\"@type\":\"ListItem\",\"position\":1,\"name\":\"\",\"item\":\"https:\\\/\\\/www.amstelprinting.nl\\\/de\\\/\"},{\"@type\":\"ListItem\",\"position\":2,\"name\":\"Amstel Printing\",\"item\":\"https:\\\/\\\/www.amstelprinting.nl\\\/de\\\/geschaeft\\\/\"},{\"@type\":\"ListItem\",\"position\":3,\"name\":\"Innere\",\"item\":\"https:\\\/\\\/www.amstelprinting.nl\\\/de\\\/kategorie\\\/innere\\\/\"},{\"@type\":\"ListItem\",\"position\":4,\"name\":\"Haus &amp; Gastronomie\",\"item\":\"https:\\\/\\\/www.amstelprinting.nl\\\/de\\\/kategorie\\\/innere\\\/haus-gastronomie\\\/\"},{\"@type\":\"ListItem\",\"position\":5,\"name\":\"Handtuch und Strandlaken\"}]},{\"@type\":\"WebSite\",\"@id\":\"https:\\\/\\\/www.amstelprinting.nl\\\/de\\\/#website\",\"url\":\"https:\\\/\\\/www.amstelprinting.nl\\\/de\\\/\",\"name\":\"Amstel Printing\",\"description\":\"Creating Exposure\",\"publisher\":{\"@id\":\"https:\\\/\\\/www.amstelprinting.nl\\\/de\\\/#organization\"},\"potentialAction\":[{\"@type\":\"SearchAction\",\"target\":{\"@type\":\"EntryPoint\",\"urlTemplate\":\"https:\\\/\\\/www.amstelprinting.nl\\\/de\\\/?s={search_term_string}\"},\"query-input\":{\"@type\":\"PropertyValueSpecification\",\"valueRequired\":true,\"valueName\":\"search_term_string\"}}],\"inLanguage\":\"de\"},{\"@type\":\"Organization\",\"@id\":\"https:\\\/\\\/www.amstelprinting.nl\\\/de\\\/#organization\",\"name\":\"Amstel Printing\",\"url\":\"https:\\\/\\\/www.amstelprinting.nl\\\/de\\\/\",\"logo\":{\"@type\":\"ImageObject\",\"inLanguage\":\"de\",\"@id\":\"https:\\\/\\\/www.amstelprinting.nl\\\/de\\\/#\\\/schema\\\/logo\\\/image\\\/\",\"url\":\"https:\\\/\\\/www.amstelprinting.nl\\\/wp-content\\\/uploads\\\/amstel_printing_logo_clean.png\",\"contentUrl\":\"https:\\\/\\\/www.amstelprinting.nl\\\/wp-content\\\/uploads\\\/amstel_printing_logo_clean.png\",\"width\":324,\"height\":73,\"caption\":\"Amstel Printing\"},\"image\":{\"@id\":\"https:\\\/\\\/www.amstelprinting.nl\\\/de\\\/#\\\/schema\\\/logo\\\/image\\\/\"}}]}<\/script>\n<!-- \/ Yoast SEO plugin. -->","yoast_head_json":{"title":"Handtuch und Strandlaken | Amstel Printing","robots":{"index":"index","follow":"follow","max-snippet":"max-snippet:-1","max-image-preview":"max-image-preview:large","max-video-preview":"max-video-preview:-1"},"canonical":"https:\/\/www.amstelprinting.nl\/de\/gesch\u00e4ft\/innere\/haus-gastronomie\/handtuch-und-strandlaken\/","og_locale":"de_DE","og_type":"article","og_title":"Handtuch und Strandlaken | Amstel Printing","og_description":"Mikrofaser-Handtuch \u2013 weich, schnelltrocknend und absolut einzigartig Suchen Sie ein praktisches und auff\u00e4lliges Handtuch, um Ihre Marke zu bewerben? Unsere weichen Mikrofaser-Handt\u00fccher mit einem einzigartigen Full-Color-Druck sind die ideale Wahl f\u00fcr Werbeaktionen, aber auch perfekt f\u00fcr den t\u00e4glichen Gebrauch im Badezimmer, in der Sauna, im Schwimmbad oder am Strand.","og_url":"https:\/\/www.amstelprinting.nl\/de\/gesch\u00e4ft\/innere\/haus-gastronomie\/handtuch-und-strandlaken\/","og_site_name":"Amstel Printing","article_modified_time":"2026-02-18T11:52:21+00:00","og_image":[{"width":700,"height":700,"url":"https:\/\/www.amstelprinting.nl\/wp-content\/uploads\/Handdoek-en-strandlaken4.jpg","type":"image\/jpeg"}],"twitter_card":"summary_large_image","twitter_misc":{"Gesch\u00e4tzte Lesezeit":"1\u00a0Minute"},"schema":{"@context":"https:\/\/schema.org","@graph":[{"@type":"WebPage","@id":"https:\/\/www.amstelprinting.nl\/de\/gesch\u00e4ft\/innere\/haus-gastronomie\/handtuch-und-strandlaken\/","url":"https:\/\/www.amstelprinting.nl\/de\/gesch\u00e4ft\/innere\/haus-gastronomie\/handtuch-und-strandlaken\/","name":"Handtuch und Strandlaken | Amstel Printing","isPartOf":{"@id":"https:\/\/www.amstelprinting.nl\/de\/#website"},"primaryImageOfPage":{"@id":"https:\/\/www.amstelprinting.nl\/de\/gesch\u00e4ft\/innere\/haus-gastronomie\/handtuch-und-strandlaken\/#primaryimage"},"image":{"@id":"https:\/\/www.amstelprinting.nl\/de\/gesch\u00e4ft\/innere\/haus-gastronomie\/handtuch-und-strandlaken\/#primaryimage"},"thumbnailUrl":"https:\/\/www.amstelprinting.nl\/wp-content\/uploads\/Handdoek-en-strandlaken4.jpg","datePublished":"2025-07-15T10:53:44+00:00","dateModified":"2026-02-18T11:52:21+00:00","breadcrumb":{"@id":"https:\/\/www.amstelprinting.nl\/de\/gesch\u00e4ft\/innere\/haus-gastronomie\/handtuch-und-strandlaken\/#breadcrumb"},"inLanguage":"de","potentialAction":[{"@type":"ReadAction","target":["https:\/\/www.amstelprinting.nl\/de\/gesch\u00e4ft\/innere\/haus-gastronomie\/handtuch-und-strandlaken\/"]}]},{"@type":"ImageObject","inLanguage":"de","@id":"https:\/\/www.amstelprinting.nl\/de\/gesch\u00e4ft\/innere\/haus-gastronomie\/handtuch-und-strandlaken\/#primaryimage","url":"https:\/\/www.amstelprinting.nl\/wp-content\/uploads\/Handdoek-en-strandlaken4.jpg","contentUrl":"https:\/\/www.amstelprinting.nl\/wp-content\/uploads\/Handdoek-en-strandlaken4.jpg","width":700,"height":700},{"@type":"BreadcrumbList","@id":"https:\/\/www.amstelprinting.nl\/de\/gesch\u00e4ft\/innere\/haus-gastronomie\/handtuch-und-strandlaken\/#breadcrumb","itemListElement":[{"@type":"ListItem","position":1,"name":"","item":"https:\/\/www.amstelprinting.nl\/de\/"},{"@type":"ListItem","position":2,"name":"Amstel Printing","item":"https:\/\/www.amstelprinting.nl\/de\/geschaeft\/"},{"@type":"ListItem","position":3,"name":"Innere","item":"https:\/\/www.amstelprinting.nl\/de\/kategorie\/innere\/"},{"@type":"ListItem","position":4,"name":"Haus &amp; Gastronomie","item":"https:\/\/www.amstelprinting.nl\/de\/kategorie\/innere\/haus-gastronomie\/"},{"@type":"ListItem","position":5,"name":"Handtuch und Strandlaken"}]},{"@type":"WebSite","@id":"https:\/\/www.amstelprinting.nl\/de\/#website","url":"https:\/\/www.amstelprinting.nl\/de\/","name":"Amstel Printing","description":"Creating Exposure","publisher":{"@id":"https:\/\/www.amstelprinting.nl\/de\/#organization"},"potentialAction":[{"@type":"SearchAction","target":{"@type":"EntryPoint","urlTemplate":"https:\/\/www.amstelprinting.nl\/de\/?s={search_term_string}"},"query-input":{"@type":"PropertyValueSpecification","valueRequired":true,"valueName":"search_term_string"}}],"inLanguage":"de"},{"@type":"Organization","@id":"https:\/\/www.amstelprinting.nl\/de\/#organization","name":"Amstel Printing","url":"https:\/\/www.amstelprinting.nl\/de\/","logo":{"@type":"ImageObject","inLanguage":"de","@id":"https:\/\/www.amstelprinting.nl\/de\/#\/schema\/logo\/image\/","url":"https:\/\/www.amstelprinting.nl\/wp-content\/uploads\/amstel_printing_logo_clean.png","contentUrl":"https:\/\/www.amstelprinting.nl\/wp-content\/uploads\/amstel_printing_logo_clean.png","width":324,"height":73,"caption":"Amstel Printing"},"image":{"@id":"https:\/\/www.amstelprinting.nl\/de\/#\/schema\/logo\/image\/"}}]}},"_links":{"self":[{"href":"https:\/\/www.amstelprinting.nl\/de\/wp-json\/wp\/v2\/product\/9419","targetHints":{"allow":["GET"]}}],"collection":[{"href":"https:\/\/www.amstelprinting.nl\/de\/wp-json\/wp\/v2\/product"}],"about":[{"href":"https:\/\/www.amstelprinting.nl\/de\/wp-json\/wp\/v2\/types\/product"}],"wp:featuredmedia":[{"embeddable":true,"href":"https:\/\/www.amstelprinting.nl\/de\/wp-json\/wp\/v2\/media\/9420"}],"wp:attachment":[{"href":"https:\/\/www.amstelprinting.nl\/de\/wp-json\/wp\/v2\/media?parent=9419"}],"wp:term":[{"taxonomy":"product_brand","embeddable":true,"href":"https:\/\/www.amstelprinting.nl\/de\/wp-json\/wp\/v2\/product_brand?post=9419"},{"taxonomy":"product_cat","embeddable":true,"href":"https:\/\/www.amstelprinting.nl\/de\/wp-json\/wp\/v2\/product_cat?post=9419"},{"taxonomy":"product_tag","embeddable":true,"href":"https:\/\/www.amstelprinting.nl\/de\/wp-json\/wp\/v2\/product_tag?post=9419"}],"curies":[{"name":"wp","href":"https:\/\/api.w.org\/{rel}","templated":true}]}}