{"id":9431,"date":"2025-07-15T12:53:35","date_gmt":"2025-07-15T10:53:35","guid":{"rendered":"https:\/\/www.amstelprinting.nl\/winkel\/unkategorisiert\/beursbalie-kidney\/"},"modified":"2026-02-18T12:52:21","modified_gmt":"2026-02-18T11:52:21","slug":"messetheke-kidney","status":"publish","type":"product","link":"https:\/\/www.amstelprinting.nl\/de\/gesch\u00e4ft\/innenwerbung\/prasentation\/messetheke-kidney\/","title":{"rendered":"Messetheke Kidney"},"content":{"rendered":"<h2>Die Vorteile der Messetheke Kidney<\/h2>\n<ul>\n<li>Robuste Ober- und Unterplatte aus 16 mm laminiertem MDF<\/li>\n<li>Rollbarer Korpus f\u00fcr einfachen Transport und schnellen Aufbau<\/li>\n<li>Schnelle und werkzeuglose Montage dank Klettverschlusssystem<\/li>\n<li>Leichtes Design, das Sie m\u00fchelos mitnehmen k\u00f6nnen<\/li>\n<li>Austauschbare Druckpaneele f\u00fcr ein flexibles Erscheinungsbild<\/li>\n<li>Wird in einer gepolsterten Transporttasche f\u00fcr optimalen Schutz geliefert<\/li>\n<\/ul>\n<p>&nbsp;<\/p>\n<h2>Benutzerfreundlichkeit und Design kombiniert<\/h2>\n<p>Die nierenf\u00f6rmige Theke verf\u00fcgt \u00fcber eine stabile Lamellenstruktur, die Sie in wenigen Minuten auf- und abbauen k\u00f6nnen. Das clevere Klettverschlusssystem sorgt daf\u00fcr, dass Sie kein Werkzeug ben\u00f6tigen, sodass Sie schnell bereit f\u00fcr Ihre Pr\u00e4sentation sind. Danach rollen Sie die Theke einfach auf und nehmen sie kompakt mit.<\/p>\n<h2>Druckoptionen, die zu Ihren W\u00fcnschen passen<\/h2>\n<p>Sie w\u00e4hlen selbst das Druckmaterial, das am besten zu Ihrer Anwendung passt:<\/p>\n<ul>\n<li><strong>Flexibles PVC<\/strong> (0,4 mm dick) \u2013 leicht, mattwei\u00df und einfach zu wechseln, ideal f\u00fcr den h\u00e4ufigen Gebrauch<\/li>\n<li><strong>Blackback Soft<\/strong> \u2013 faltbar, geruchlos und mit einer Blockout-Schicht gegen Lichteinfall ausgestattet<\/li>\n<\/ul>\n<p>&nbsp;<\/p>\n<p>Beide Optionen sind flammhemmend und f\u00fcr den Einsatz in \u00f6ffentlichen R\u00e4umen geeignet. Ihre Drucke werden in einem stabilen K\u00f6cher geliefert, sodass sie immer in perfektem Zustand bleiben.<\/p>\n<p>Tipp: Bei der Wahl von flexiblem PVC erhalten Sie selbstklebendes Klettband zur eigenen Befestigung an der R\u00fcckseite des Drucks.<\/p>\n<h2>Vervollst\u00e4ndigen Sie es mit Zubeh\u00f6r<\/h2>\n<p>M\u00f6chten Sie Ihre Messetheke vervollst\u00e4ndigen? W\u00e4hlen Sie dann einen praktischen Prospekthalter im A4- oder A5-Format, perfekt um Flyer und Brosch\u00fcren \u00fcbersichtlich anzubieten.<\/p>\n<h2>Anwendungen<\/h2>\n<p>Die Messetheke Kidney ist ideal f\u00fcr:<\/p>\n<ul>\n<li>Messen und Fachpr\u00e4sentationen<\/li>\n<li>Ladenpromotions und Produkteinf\u00fchrungen<\/li>\n<\/ul>\n<p>&nbsp;<\/p>\n<h2>Veranstaltungen und Tage der offenen T\u00fcr<\/h2>\n<p>Mit der Kidney Messetheke erhalten Sie eine kompakte, leichte und repr\u00e4sentative L\u00f6sung, mit der Sie schnell und professionell auftreten. Kontaktieren Sie uns f\u00fcr eine Beratung oder ein Angebot.<\/p>\n","protected":false},"excerpt":{"rendered":"<h2>Messetheke Kidney \u2013 kompakt, leichtgewichtig und professionell<\/h2>\n<p>Suchen Sie eine kompakte und leicht zu transportierende Messetheke, die Eindruck macht? Die Kidney Messetheke bietet Ihnen eine stilvolle und robuste L\u00f6sung f\u00fcr Pr\u00e4sentationen, Promotionen und Veranstaltungen. Dank des durchdachten Designs und der langlebigen Materialien ist Ihnen ein professioneller Auftritt auf jeder Messefl\u00e4che gewiss.<\/p>\n","protected":false},"featured_media":9433,"template":"","meta":{"_et_pb_use_builder":"","_et_pb_old_content":"","_et_gb_content_width":""},"product_brand":[],"product_cat":[911,900,931,907,899,910],"product_tag":[],"class_list":{"0":"post-9431","1":"product","2":"type-product","3":"status-publish","4":"has-post-thumbnail","6":"product_cat-ausstellungswande","7":"product_cat-dekoration","8":"product_cat-einzelhandel","9":"product_cat-innenwerbung","10":"product_cat-messe-event","11":"product_cat-prasentation","13":"first","14":"instock","15":"taxable","16":"shipping-taxable","17":"purchasable","18":"product-type-simple"},"yoast_head":"<!-- This site is optimized with the Yoast SEO plugin v27.3 - https:\/\/yoast.com\/product\/yoast-seo-wordpress\/ -->\n<title>Messetheke Kidney | Amstel Printing<\/title>\n<meta name=\"robots\" content=\"index, follow, max-snippet:-1, max-image-preview:large, max-video-preview:-1\" \/>\n<link rel=\"canonical\" href=\"https:\/\/www.amstelprinting.nl\/de\/gesch\u00e4ft\/innenwerbung\/prasentation\/messetheke-kidney\/\" \/>\n<meta property=\"og:locale\" content=\"de_DE\" \/>\n<meta property=\"og:type\" content=\"article\" \/>\n<meta property=\"og:title\" content=\"Messetheke Kidney | Amstel Printing\" \/>\n<meta property=\"og:description\" content=\"Messetheke Kidney \u2013 kompakt, leichtgewichtig und professionell Suchen Sie eine kompakte und leicht zu transportierende Messetheke, die Eindruck macht? Die Kidney Messetheke bietet Ihnen eine stilvolle und robuste L\u00f6sung f\u00fcr Pr\u00e4sentationen, Promotionen und Veranstaltungen. Dank des durchdachten Designs und der langlebigen Materialien ist Ihnen ein professioneller Auftritt auf jeder Messefl\u00e4che gewiss.\" \/>\n<meta property=\"og:url\" content=\"https:\/\/www.amstelprinting.nl\/de\/gesch\u00e4ft\/innenwerbung\/prasentation\/messetheke-kidney\/\" \/>\n<meta property=\"og:site_name\" content=\"Amstel Printing\" \/>\n<meta property=\"article:modified_time\" content=\"2026-02-18T11:52:21+00:00\" \/>\n<meta property=\"og:image\" content=\"https:\/\/www.amstelprinting.nl\/wp-content\/uploads\/Beursbalie-Kidney.jpg\" \/>\n\t<meta property=\"og:image:width\" content=\"700\" \/>\n\t<meta property=\"og:image:height\" content=\"700\" \/>\n\t<meta property=\"og:image:type\" content=\"image\/jpeg\" \/>\n<meta name=\"twitter:card\" content=\"summary_large_image\" \/>\n<meta name=\"twitter:label1\" content=\"Gesch\u00e4tzte Lesezeit\" \/>\n\t<meta name=\"twitter:data1\" content=\"2\u00a0Minuten\" \/>\n<script type=\"application\/ld+json\" class=\"yoast-schema-graph\">{\"@context\":\"https:\\\/\\\/schema.org\",\"@graph\":[{\"@type\":\"WebPage\",\"@id\":\"https:\\\/\\\/www.amstelprinting.nl\\\/de\\\/gesch\u00e4ft\\\/innenwerbung\\\/prasentation\\\/messetheke-kidney\\\/\",\"url\":\"https:\\\/\\\/www.amstelprinting.nl\\\/de\\\/gesch\u00e4ft\\\/innenwerbung\\\/prasentation\\\/messetheke-kidney\\\/\",\"name\":\"Messetheke Kidney | Amstel Printing\",\"isPartOf\":{\"@id\":\"https:\\\/\\\/www.amstelprinting.nl\\\/de\\\/#website\"},\"primaryImageOfPage\":{\"@id\":\"https:\\\/\\\/www.amstelprinting.nl\\\/de\\\/gesch\u00e4ft\\\/innenwerbung\\\/prasentation\\\/messetheke-kidney\\\/#primaryimage\"},\"image\":{\"@id\":\"https:\\\/\\\/www.amstelprinting.nl\\\/de\\\/gesch\u00e4ft\\\/innenwerbung\\\/prasentation\\\/messetheke-kidney\\\/#primaryimage\"},\"thumbnailUrl\":\"https:\\\/\\\/www.amstelprinting.nl\\\/wp-content\\\/uploads\\\/Beursbalie-Kidney.jpg\",\"datePublished\":\"2025-07-15T10:53:35+00:00\",\"dateModified\":\"2026-02-18T11:52:21+00:00\",\"breadcrumb\":{\"@id\":\"https:\\\/\\\/www.amstelprinting.nl\\\/de\\\/gesch\u00e4ft\\\/innenwerbung\\\/prasentation\\\/messetheke-kidney\\\/#breadcrumb\"},\"inLanguage\":\"de\",\"potentialAction\":[{\"@type\":\"ReadAction\",\"target\":[\"https:\\\/\\\/www.amstelprinting.nl\\\/de\\\/gesch\u00e4ft\\\/innenwerbung\\\/prasentation\\\/messetheke-kidney\\\/\"]}]},{\"@type\":\"ImageObject\",\"inLanguage\":\"de\",\"@id\":\"https:\\\/\\\/www.amstelprinting.nl\\\/de\\\/gesch\u00e4ft\\\/innenwerbung\\\/prasentation\\\/messetheke-kidney\\\/#primaryimage\",\"url\":\"https:\\\/\\\/www.amstelprinting.nl\\\/wp-content\\\/uploads\\\/Beursbalie-Kidney.jpg\",\"contentUrl\":\"https:\\\/\\\/www.amstelprinting.nl\\\/wp-content\\\/uploads\\\/Beursbalie-Kidney.jpg\",\"width\":700,\"height\":700},{\"@type\":\"BreadcrumbList\",\"@id\":\"https:\\\/\\\/www.amstelprinting.nl\\\/de\\\/gesch\u00e4ft\\\/innenwerbung\\\/prasentation\\\/messetheke-kidney\\\/#breadcrumb\",\"itemListElement\":[{\"@type\":\"ListItem\",\"position\":1,\"name\":\"\",\"item\":\"https:\\\/\\\/www.amstelprinting.nl\\\/de\\\/\"},{\"@type\":\"ListItem\",\"position\":2,\"name\":\"Amstel Printing\",\"item\":\"https:\\\/\\\/www.amstelprinting.nl\\\/de\\\/geschaeft\\\/\"},{\"@type\":\"ListItem\",\"position\":3,\"name\":\"Messe &amp; Event\",\"item\":\"https:\\\/\\\/www.amstelprinting.nl\\\/de\\\/kategorie\\\/messe-event\\\/\"},{\"@type\":\"ListItem\",\"position\":4,\"name\":\"Messetheke Kidney\"}]},{\"@type\":\"WebSite\",\"@id\":\"https:\\\/\\\/www.amstelprinting.nl\\\/de\\\/#website\",\"url\":\"https:\\\/\\\/www.amstelprinting.nl\\\/de\\\/\",\"name\":\"Amstel Printing\",\"description\":\"Creating Exposure\",\"publisher\":{\"@id\":\"https:\\\/\\\/www.amstelprinting.nl\\\/de\\\/#organization\"},\"potentialAction\":[{\"@type\":\"SearchAction\",\"target\":{\"@type\":\"EntryPoint\",\"urlTemplate\":\"https:\\\/\\\/www.amstelprinting.nl\\\/de\\\/?s={search_term_string}\"},\"query-input\":{\"@type\":\"PropertyValueSpecification\",\"valueRequired\":true,\"valueName\":\"search_term_string\"}}],\"inLanguage\":\"de\"},{\"@type\":\"Organization\",\"@id\":\"https:\\\/\\\/www.amstelprinting.nl\\\/de\\\/#organization\",\"name\":\"Amstel Printing\",\"url\":\"https:\\\/\\\/www.amstelprinting.nl\\\/de\\\/\",\"logo\":{\"@type\":\"ImageObject\",\"inLanguage\":\"de\",\"@id\":\"https:\\\/\\\/www.amstelprinting.nl\\\/de\\\/#\\\/schema\\\/logo\\\/image\\\/\",\"url\":\"https:\\\/\\\/www.amstelprinting.nl\\\/wp-content\\\/uploads\\\/amstel_printing_logo_clean.png\",\"contentUrl\":\"https:\\\/\\\/www.amstelprinting.nl\\\/wp-content\\\/uploads\\\/amstel_printing_logo_clean.png\",\"width\":324,\"height\":73,\"caption\":\"Amstel Printing\"},\"image\":{\"@id\":\"https:\\\/\\\/www.amstelprinting.nl\\\/de\\\/#\\\/schema\\\/logo\\\/image\\\/\"}}]}<\/script>\n<!-- \/ Yoast SEO plugin. -->","yoast_head_json":{"title":"Messetheke Kidney | Amstel Printing","robots":{"index":"index","follow":"follow","max-snippet":"max-snippet:-1","max-image-preview":"max-image-preview:large","max-video-preview":"max-video-preview:-1"},"canonical":"https:\/\/www.amstelprinting.nl\/de\/gesch\u00e4ft\/innenwerbung\/prasentation\/messetheke-kidney\/","og_locale":"de_DE","og_type":"article","og_title":"Messetheke Kidney | Amstel Printing","og_description":"Messetheke Kidney \u2013 kompakt, leichtgewichtig und professionell Suchen Sie eine kompakte und leicht zu transportierende Messetheke, die Eindruck macht? Die Kidney Messetheke bietet Ihnen eine stilvolle und robuste L\u00f6sung f\u00fcr Pr\u00e4sentationen, Promotionen und Veranstaltungen. Dank des durchdachten Designs und der langlebigen Materialien ist Ihnen ein professioneller Auftritt auf jeder Messefl\u00e4che gewiss.","og_url":"https:\/\/www.amstelprinting.nl\/de\/gesch\u00e4ft\/innenwerbung\/prasentation\/messetheke-kidney\/","og_site_name":"Amstel Printing","article_modified_time":"2026-02-18T11:52:21+00:00","og_image":[{"width":700,"height":700,"url":"https:\/\/www.amstelprinting.nl\/wp-content\/uploads\/Beursbalie-Kidney.jpg","type":"image\/jpeg"}],"twitter_card":"summary_large_image","twitter_misc":{"Gesch\u00e4tzte Lesezeit":"2\u00a0Minuten"},"schema":{"@context":"https:\/\/schema.org","@graph":[{"@type":"WebPage","@id":"https:\/\/www.amstelprinting.nl\/de\/gesch\u00e4ft\/innenwerbung\/prasentation\/messetheke-kidney\/","url":"https:\/\/www.amstelprinting.nl\/de\/gesch\u00e4ft\/innenwerbung\/prasentation\/messetheke-kidney\/","name":"Messetheke Kidney | Amstel Printing","isPartOf":{"@id":"https:\/\/www.amstelprinting.nl\/de\/#website"},"primaryImageOfPage":{"@id":"https:\/\/www.amstelprinting.nl\/de\/gesch\u00e4ft\/innenwerbung\/prasentation\/messetheke-kidney\/#primaryimage"},"image":{"@id":"https:\/\/www.amstelprinting.nl\/de\/gesch\u00e4ft\/innenwerbung\/prasentation\/messetheke-kidney\/#primaryimage"},"thumbnailUrl":"https:\/\/www.amstelprinting.nl\/wp-content\/uploads\/Beursbalie-Kidney.jpg","datePublished":"2025-07-15T10:53:35+00:00","dateModified":"2026-02-18T11:52:21+00:00","breadcrumb":{"@id":"https:\/\/www.amstelprinting.nl\/de\/gesch\u00e4ft\/innenwerbung\/prasentation\/messetheke-kidney\/#breadcrumb"},"inLanguage":"de","potentialAction":[{"@type":"ReadAction","target":["https:\/\/www.amstelprinting.nl\/de\/gesch\u00e4ft\/innenwerbung\/prasentation\/messetheke-kidney\/"]}]},{"@type":"ImageObject","inLanguage":"de","@id":"https:\/\/www.amstelprinting.nl\/de\/gesch\u00e4ft\/innenwerbung\/prasentation\/messetheke-kidney\/#primaryimage","url":"https:\/\/www.amstelprinting.nl\/wp-content\/uploads\/Beursbalie-Kidney.jpg","contentUrl":"https:\/\/www.amstelprinting.nl\/wp-content\/uploads\/Beursbalie-Kidney.jpg","width":700,"height":700},{"@type":"BreadcrumbList","@id":"https:\/\/www.amstelprinting.nl\/de\/gesch\u00e4ft\/innenwerbung\/prasentation\/messetheke-kidney\/#breadcrumb","itemListElement":[{"@type":"ListItem","position":1,"name":"","item":"https:\/\/www.amstelprinting.nl\/de\/"},{"@type":"ListItem","position":2,"name":"Amstel Printing","item":"https:\/\/www.amstelprinting.nl\/de\/geschaeft\/"},{"@type":"ListItem","position":3,"name":"Messe &amp; Event","item":"https:\/\/www.amstelprinting.nl\/de\/kategorie\/messe-event\/"},{"@type":"ListItem","position":4,"name":"Messetheke Kidney"}]},{"@type":"WebSite","@id":"https:\/\/www.amstelprinting.nl\/de\/#website","url":"https:\/\/www.amstelprinting.nl\/de\/","name":"Amstel Printing","description":"Creating Exposure","publisher":{"@id":"https:\/\/www.amstelprinting.nl\/de\/#organization"},"potentialAction":[{"@type":"SearchAction","target":{"@type":"EntryPoint","urlTemplate":"https:\/\/www.amstelprinting.nl\/de\/?s={search_term_string}"},"query-input":{"@type":"PropertyValueSpecification","valueRequired":true,"valueName":"search_term_string"}}],"inLanguage":"de"},{"@type":"Organization","@id":"https:\/\/www.amstelprinting.nl\/de\/#organization","name":"Amstel Printing","url":"https:\/\/www.amstelprinting.nl\/de\/","logo":{"@type":"ImageObject","inLanguage":"de","@id":"https:\/\/www.amstelprinting.nl\/de\/#\/schema\/logo\/image\/","url":"https:\/\/www.amstelprinting.nl\/wp-content\/uploads\/amstel_printing_logo_clean.png","contentUrl":"https:\/\/www.amstelprinting.nl\/wp-content\/uploads\/amstel_printing_logo_clean.png","width":324,"height":73,"caption":"Amstel Printing"},"image":{"@id":"https:\/\/www.amstelprinting.nl\/de\/#\/schema\/logo\/image\/"}}]}},"_links":{"self":[{"href":"https:\/\/www.amstelprinting.nl\/de\/wp-json\/wp\/v2\/product\/9431","targetHints":{"allow":["GET"]}}],"collection":[{"href":"https:\/\/www.amstelprinting.nl\/de\/wp-json\/wp\/v2\/product"}],"about":[{"href":"https:\/\/www.amstelprinting.nl\/de\/wp-json\/wp\/v2\/types\/product"}],"wp:featuredmedia":[{"embeddable":true,"href":"https:\/\/www.amstelprinting.nl\/de\/wp-json\/wp\/v2\/media\/9433"}],"wp:attachment":[{"href":"https:\/\/www.amstelprinting.nl\/de\/wp-json\/wp\/v2\/media?parent=9431"}],"wp:term":[{"taxonomy":"product_brand","embeddable":true,"href":"https:\/\/www.amstelprinting.nl\/de\/wp-json\/wp\/v2\/product_brand?post=9431"},{"taxonomy":"product_cat","embeddable":true,"href":"https:\/\/www.amstelprinting.nl\/de\/wp-json\/wp\/v2\/product_cat?post=9431"},{"taxonomy":"product_tag","embeddable":true,"href":"https:\/\/www.amstelprinting.nl\/de\/wp-json\/wp\/v2\/product_tag?post=9431"}],"curies":[{"name":"wp","href":"https:\/\/api.w.org\/{rel}","templated":true}]}}