{"id":9491,"date":"2025-07-15T12:52:49","date_gmt":"2025-07-15T10:52:49","guid":{"rendered":"https:\/\/www.amstelprinting.nl\/winkel\/unkategorisiert\/sign-again-2\/"},"modified":"2026-02-18T12:52:23","modified_gmt":"2026-02-18T11:52:23","slug":"sign-again","status":"publish","type":"product","link":"https:\/\/www.amstelprinting.nl\/de\/gesch\u00e4ft\/innere\/wanddekoration\/sign-again\/","title":{"rendered":"Sign Again\u00ae"},"content":{"rendered":"<h2>Die Vorteile von Sign Again auf einen Blick<\/h2>\n<p>\\n<\/p>\n<ul>\\n  <\/p>\n<li>Hergestellt aus 100 % recyceltem Bannermaterial (Banner 510)<\/li>\n<p>\\n  <\/p>\n<li>Robust, schlagfest und leicht biegsam<\/li>\n<p>\\n  <\/p>\n<li>Feuerhemmend (B1) \u2013 geeignet f\u00fcr \u00f6ffentliche R\u00e4ume<\/li>\n<p>\\n  <\/p>\n<li>Sowohl unbehandelt als auch mit wei\u00dfer Beschichtung lieferbar<\/li>\n<p>\\n  <\/p>\n<li>Wiederverwendbar und vollst\u00e4ndig recycelbar<\/li>\n<p>\\n<\/ul>\n<p>\\n&nbsp;\\n<\/p>\n<h2>Zirkul\u00e4r und vielseitig<\/h2>\n<p>\\nSign Again bietet eine zirkul\u00e4re L\u00f6sung innerhalb der visuellen Kommunikationsbranche. Dank seiner St\u00e4rke, Kratzfestigkeit und Flexibilit\u00e4t ist es hervorragend f\u00fcr Anwendungen geeignet wie:\\n<\/p>\n<ul>\\n  <\/p>\n<li>Messew\u00e4nde und Displays<\/li>\n<p>\\n  <\/p>\n<li>Beschilderung<\/li>\n<p>\\n  <\/p>\n<li>Festivaldekoration<\/li>\n<p>\\n  <\/p>\n<li>Innenanwendungen (wie Wandfliesen oder Bodendekoration)<\/li>\n<p>\\n  <\/p>\n<li>Da das Material auch in gr\u00f6\u00dferen Formaten verf\u00fcgbar ist, sparen Sie zudem Zeit bei der Montage.<\/li>\n<p>\\n<\/ul>\n<p>\\n&nbsp;\\n<\/p>\n<h2>Technische Spezifikationen<\/h2>\n<p>\\n<\/p>\n<ul>\\n  <\/p>\n<li>Dicke: 2 mm oder 4 mm<\/li>\n<p>\\n  <\/p>\n<li>Maximale Druckgr\u00f6\u00dfe: 136 \u00d7 116 cm pro Platte<\/li>\n<p>\\n  <\/p>\n<li>Bedruckung: einseitig, mit oder ohne Beschichtung<\/li>\n<p>\\n  <\/p>\n<li>Wahlweise im nat\u00fcrlichen Recycling-Look oder mit einer glatten, wei\u00df beschichteten Oberfl\u00e4che<\/li>\n<p>\\n  <\/p>\n<li>Die Beschichtung sorgt f\u00fcr einen gleichm\u00e4\u00dfigeren Druck, w\u00e4hrend der Charakter des recycelten Materials weitgehend erhalten bleibt.<\/li>\n<p>\\n  <\/p>\n<li>Nachhaltiges Produzieren ohne Kompromisse<\/li>\n<p>\\n<\/ul>\n<p>\\n&nbsp;\\n<\/p>\n<h2>Sign Again\u00ae erkl\u00e4rt<\/h2>\n<p>\\nViele Materialien im Drucksektor landen nach dem Gebrauch auf dem M\u00fcllberg. Sign Again verhindert dies, indem Restmaterialien zu hochwertigem Plattenmaterial weiterverarbeitet werden. So tragen Sie aktiv zur Reduzierung des Rohstoffverbrauchs und der CO\u2082-Emissionen bei.\\nDank des zirkul\u00e4ren Ansatzes bleibt Druck zug\u00e4nglich, zuverl\u00e4ssig und verantwortungsbewusst \u2013 heute und in der Zukunft.\\n<\/p>\n<h2>Praktischer Tipp<\/h2>\n<p>\\nBei Bestellungen mit Bohrl\u00f6chern k\u00f6nnen gelegentlich Materialreste im Loch zur\u00fcckbleiben. Diese lassen sich einfach mit leichtem Druck entfernen.\\n<\/p>\n<h2>Sind Sie bereit f\u00fcr eine zukunftssichere Druckl\u00f6sung?<\/h2>\n<p>\\nEntscheiden Sie sich f\u00fcr Sign Again \u2013 zirkul\u00e4r, stark und professionell. Fordern Sie ein Angebot an oder bestellen Sie direkt online.<\/p>\n","protected":false},"excerpt":{"rendered":"<h2>Sign Again \u2013 Zirkul\u00e4res Plattenmaterial aus recycelten Druckabf\u00e4llen<\/h2>\n<p>\\nSuchen Sie nach nachhaltigem Plattenmaterial mit einer professionellen Ausstrahlung? Sign Again ist das erste vollst\u00e4ndig recycelte Druckplattenmaterial, das aus Reststr\u00f6men wie gebrauchten Bannern und Schnittabf\u00e4llen entsteht. Eine clevere und umweltfreundliche L\u00f6sung f\u00fcr all Ihre Innen- und Au\u00dfenanwendungen.<\/p>\n","protected":false},"featured_media":9493,"template":"","meta":{"_et_pb_use_builder":"","_et_pb_old_content":"","_et_gb_content_width":""},"product_brand":[],"product_cat":[949,929,944,928,943,931,926,909,947,899,910,942,930,925],"product_tag":[],"class_list":{"0":"post-9491","1":"product","2":"type-product","3":"status-publish","4":"has-post-thumbnail","6":"product_cat-ausen","7":"product_cat-ausenwerbung","8":"product_cat-buro","9":"product_cat-bau-eigentum","10":"product_cat-bodendekoration","11":"product_cat-einzelhandel","12":"product_cat-fassadenwerbung","13":"product_cat-gastfreundschaft","14":"product_cat-innere","15":"product_cat-messe-event","16":"product_cat-prasentation","17":"product_cat-wanddekoration","18":"product_cat-wandwerbung","19":"product_cat-werbetafeln","21":"first","22":"instock","23":"taxable","24":"shipping-taxable","25":"purchasable","26":"product-type-simple"},"yoast_head":"<!-- This site is optimized with the Yoast SEO plugin v27.3 - https:\/\/yoast.com\/product\/yoast-seo-wordpress\/ -->\n<title>Sign Again\u00ae | Amstel Printing<\/title>\n<meta name=\"robots\" content=\"index, follow, max-snippet:-1, max-image-preview:large, max-video-preview:-1\" \/>\n<link rel=\"canonical\" href=\"https:\/\/www.amstelprinting.nl\/de\/gesch\u00e4ft\/innere\/wanddekoration\/sign-again\/\" \/>\n<meta property=\"og:locale\" content=\"de_DE\" \/>\n<meta property=\"og:type\" content=\"article\" \/>\n<meta property=\"og:title\" content=\"Sign Again\u00ae | Amstel Printing\" \/>\n<meta property=\"og:description\" content=\"Sign Again \u2013 Zirkul\u00e4res Plattenmaterial aus recycelten Druckabf\u00e4llennSuchen Sie nach nachhaltigem Plattenmaterial mit einer professionellen Ausstrahlung? Sign Again ist das erste vollst\u00e4ndig recycelte Druckplattenmaterial, das aus Reststr\u00f6men wie gebrauchten Bannern und Schnittabf\u00e4llen entsteht. Eine clevere und umweltfreundliche L\u00f6sung f\u00fcr all Ihre Innen- und Au\u00dfenanwendungen.\" \/>\n<meta property=\"og:url\" content=\"https:\/\/www.amstelprinting.nl\/de\/gesch\u00e4ft\/innere\/wanddekoration\/sign-again\/\" \/>\n<meta property=\"og:site_name\" content=\"Amstel Printing\" \/>\n<meta property=\"article:modified_time\" content=\"2026-02-18T11:52:23+00:00\" \/>\n<meta property=\"og:image\" content=\"https:\/\/www.amstelprinting.nl\/wp-content\/uploads\/Sign-Again.jpg\" \/>\n\t<meta property=\"og:image:width\" content=\"700\" \/>\n\t<meta property=\"og:image:height\" content=\"700\" \/>\n\t<meta property=\"og:image:type\" content=\"image\/jpeg\" \/>\n<meta name=\"twitter:card\" content=\"summary_large_image\" \/>\n<meta name=\"twitter:label1\" content=\"Gesch\u00e4tzte Lesezeit\" \/>\n\t<meta name=\"twitter:data1\" content=\"1\u00a0Minute\" \/>\n<script type=\"application\/ld+json\" class=\"yoast-schema-graph\">{\"@context\":\"https:\\\/\\\/schema.org\",\"@graph\":[{\"@type\":\"WebPage\",\"@id\":\"https:\\\/\\\/www.amstelprinting.nl\\\/de\\\/gesch\u00e4ft\\\/innere\\\/wanddekoration\\\/sign-again\\\/\",\"url\":\"https:\\\/\\\/www.amstelprinting.nl\\\/de\\\/gesch\u00e4ft\\\/innere\\\/wanddekoration\\\/sign-again\\\/\",\"name\":\"Sign Again\u00ae | Amstel Printing\",\"isPartOf\":{\"@id\":\"https:\\\/\\\/www.amstelprinting.nl\\\/de\\\/#website\"},\"primaryImageOfPage\":{\"@id\":\"https:\\\/\\\/www.amstelprinting.nl\\\/de\\\/gesch\u00e4ft\\\/innere\\\/wanddekoration\\\/sign-again\\\/#primaryimage\"},\"image\":{\"@id\":\"https:\\\/\\\/www.amstelprinting.nl\\\/de\\\/gesch\u00e4ft\\\/innere\\\/wanddekoration\\\/sign-again\\\/#primaryimage\"},\"thumbnailUrl\":\"https:\\\/\\\/www.amstelprinting.nl\\\/wp-content\\\/uploads\\\/Sign-Again.jpg\",\"datePublished\":\"2025-07-15T10:52:49+00:00\",\"dateModified\":\"2026-02-18T11:52:23+00:00\",\"breadcrumb\":{\"@id\":\"https:\\\/\\\/www.amstelprinting.nl\\\/de\\\/gesch\u00e4ft\\\/innere\\\/wanddekoration\\\/sign-again\\\/#breadcrumb\"},\"inLanguage\":\"de\",\"potentialAction\":[{\"@type\":\"ReadAction\",\"target\":[\"https:\\\/\\\/www.amstelprinting.nl\\\/de\\\/gesch\u00e4ft\\\/innere\\\/wanddekoration\\\/sign-again\\\/\"]}]},{\"@type\":\"ImageObject\",\"inLanguage\":\"de\",\"@id\":\"https:\\\/\\\/www.amstelprinting.nl\\\/de\\\/gesch\u00e4ft\\\/innere\\\/wanddekoration\\\/sign-again\\\/#primaryimage\",\"url\":\"https:\\\/\\\/www.amstelprinting.nl\\\/wp-content\\\/uploads\\\/Sign-Again.jpg\",\"contentUrl\":\"https:\\\/\\\/www.amstelprinting.nl\\\/wp-content\\\/uploads\\\/Sign-Again.jpg\",\"width\":700,\"height\":700},{\"@type\":\"BreadcrumbList\",\"@id\":\"https:\\\/\\\/www.amstelprinting.nl\\\/de\\\/gesch\u00e4ft\\\/innere\\\/wanddekoration\\\/sign-again\\\/#breadcrumb\",\"itemListElement\":[{\"@type\":\"ListItem\",\"position\":1,\"name\":\"\",\"item\":\"https:\\\/\\\/www.amstelprinting.nl\\\/de\\\/\"},{\"@type\":\"ListItem\",\"position\":2,\"name\":\"Amstel Printing\",\"item\":\"https:\\\/\\\/www.amstelprinting.nl\\\/de\\\/geschaeft\\\/\"},{\"@type\":\"ListItem\",\"position\":3,\"name\":\"Innere\",\"item\":\"https:\\\/\\\/www.amstelprinting.nl\\\/de\\\/kategorie\\\/innere\\\/\"},{\"@type\":\"ListItem\",\"position\":4,\"name\":\"Sign Again\u00ae\"}]},{\"@type\":\"WebSite\",\"@id\":\"https:\\\/\\\/www.amstelprinting.nl\\\/de\\\/#website\",\"url\":\"https:\\\/\\\/www.amstelprinting.nl\\\/de\\\/\",\"name\":\"Amstel Printing\",\"description\":\"Creating Exposure\",\"publisher\":{\"@id\":\"https:\\\/\\\/www.amstelprinting.nl\\\/de\\\/#organization\"},\"potentialAction\":[{\"@type\":\"SearchAction\",\"target\":{\"@type\":\"EntryPoint\",\"urlTemplate\":\"https:\\\/\\\/www.amstelprinting.nl\\\/de\\\/?s={search_term_string}\"},\"query-input\":{\"@type\":\"PropertyValueSpecification\",\"valueRequired\":true,\"valueName\":\"search_term_string\"}}],\"inLanguage\":\"de\"},{\"@type\":\"Organization\",\"@id\":\"https:\\\/\\\/www.amstelprinting.nl\\\/de\\\/#organization\",\"name\":\"Amstel Printing\",\"url\":\"https:\\\/\\\/www.amstelprinting.nl\\\/de\\\/\",\"logo\":{\"@type\":\"ImageObject\",\"inLanguage\":\"de\",\"@id\":\"https:\\\/\\\/www.amstelprinting.nl\\\/de\\\/#\\\/schema\\\/logo\\\/image\\\/\",\"url\":\"https:\\\/\\\/www.amstelprinting.nl\\\/wp-content\\\/uploads\\\/amstel_printing_logo_clean.png\",\"contentUrl\":\"https:\\\/\\\/www.amstelprinting.nl\\\/wp-content\\\/uploads\\\/amstel_printing_logo_clean.png\",\"width\":324,\"height\":73,\"caption\":\"Amstel Printing\"},\"image\":{\"@id\":\"https:\\\/\\\/www.amstelprinting.nl\\\/de\\\/#\\\/schema\\\/logo\\\/image\\\/\"}}]}<\/script>\n<!-- \/ Yoast SEO plugin. -->","yoast_head_json":{"title":"Sign Again\u00ae | Amstel Printing","robots":{"index":"index","follow":"follow","max-snippet":"max-snippet:-1","max-image-preview":"max-image-preview:large","max-video-preview":"max-video-preview:-1"},"canonical":"https:\/\/www.amstelprinting.nl\/de\/gesch\u00e4ft\/innere\/wanddekoration\/sign-again\/","og_locale":"de_DE","og_type":"article","og_title":"Sign Again\u00ae | Amstel Printing","og_description":"Sign Again \u2013 Zirkul\u00e4res Plattenmaterial aus recycelten Druckabf\u00e4llennSuchen Sie nach nachhaltigem Plattenmaterial mit einer professionellen Ausstrahlung? Sign Again ist das erste vollst\u00e4ndig recycelte Druckplattenmaterial, das aus Reststr\u00f6men wie gebrauchten Bannern und Schnittabf\u00e4llen entsteht. Eine clevere und umweltfreundliche L\u00f6sung f\u00fcr all Ihre Innen- und Au\u00dfenanwendungen.","og_url":"https:\/\/www.amstelprinting.nl\/de\/gesch\u00e4ft\/innere\/wanddekoration\/sign-again\/","og_site_name":"Amstel Printing","article_modified_time":"2026-02-18T11:52:23+00:00","og_image":[{"width":700,"height":700,"url":"https:\/\/www.amstelprinting.nl\/wp-content\/uploads\/Sign-Again.jpg","type":"image\/jpeg"}],"twitter_card":"summary_large_image","twitter_misc":{"Gesch\u00e4tzte Lesezeit":"1\u00a0Minute"},"schema":{"@context":"https:\/\/schema.org","@graph":[{"@type":"WebPage","@id":"https:\/\/www.amstelprinting.nl\/de\/gesch\u00e4ft\/innere\/wanddekoration\/sign-again\/","url":"https:\/\/www.amstelprinting.nl\/de\/gesch\u00e4ft\/innere\/wanddekoration\/sign-again\/","name":"Sign Again\u00ae | Amstel Printing","isPartOf":{"@id":"https:\/\/www.amstelprinting.nl\/de\/#website"},"primaryImageOfPage":{"@id":"https:\/\/www.amstelprinting.nl\/de\/gesch\u00e4ft\/innere\/wanddekoration\/sign-again\/#primaryimage"},"image":{"@id":"https:\/\/www.amstelprinting.nl\/de\/gesch\u00e4ft\/innere\/wanddekoration\/sign-again\/#primaryimage"},"thumbnailUrl":"https:\/\/www.amstelprinting.nl\/wp-content\/uploads\/Sign-Again.jpg","datePublished":"2025-07-15T10:52:49+00:00","dateModified":"2026-02-18T11:52:23+00:00","breadcrumb":{"@id":"https:\/\/www.amstelprinting.nl\/de\/gesch\u00e4ft\/innere\/wanddekoration\/sign-again\/#breadcrumb"},"inLanguage":"de","potentialAction":[{"@type":"ReadAction","target":["https:\/\/www.amstelprinting.nl\/de\/gesch\u00e4ft\/innere\/wanddekoration\/sign-again\/"]}]},{"@type":"ImageObject","inLanguage":"de","@id":"https:\/\/www.amstelprinting.nl\/de\/gesch\u00e4ft\/innere\/wanddekoration\/sign-again\/#primaryimage","url":"https:\/\/www.amstelprinting.nl\/wp-content\/uploads\/Sign-Again.jpg","contentUrl":"https:\/\/www.amstelprinting.nl\/wp-content\/uploads\/Sign-Again.jpg","width":700,"height":700},{"@type":"BreadcrumbList","@id":"https:\/\/www.amstelprinting.nl\/de\/gesch\u00e4ft\/innere\/wanddekoration\/sign-again\/#breadcrumb","itemListElement":[{"@type":"ListItem","position":1,"name":"","item":"https:\/\/www.amstelprinting.nl\/de\/"},{"@type":"ListItem","position":2,"name":"Amstel Printing","item":"https:\/\/www.amstelprinting.nl\/de\/geschaeft\/"},{"@type":"ListItem","position":3,"name":"Innere","item":"https:\/\/www.amstelprinting.nl\/de\/kategorie\/innere\/"},{"@type":"ListItem","position":4,"name":"Sign Again\u00ae"}]},{"@type":"WebSite","@id":"https:\/\/www.amstelprinting.nl\/de\/#website","url":"https:\/\/www.amstelprinting.nl\/de\/","name":"Amstel Printing","description":"Creating Exposure","publisher":{"@id":"https:\/\/www.amstelprinting.nl\/de\/#organization"},"potentialAction":[{"@type":"SearchAction","target":{"@type":"EntryPoint","urlTemplate":"https:\/\/www.amstelprinting.nl\/de\/?s={search_term_string}"},"query-input":{"@type":"PropertyValueSpecification","valueRequired":true,"valueName":"search_term_string"}}],"inLanguage":"de"},{"@type":"Organization","@id":"https:\/\/www.amstelprinting.nl\/de\/#organization","name":"Amstel Printing","url":"https:\/\/www.amstelprinting.nl\/de\/","logo":{"@type":"ImageObject","inLanguage":"de","@id":"https:\/\/www.amstelprinting.nl\/de\/#\/schema\/logo\/image\/","url":"https:\/\/www.amstelprinting.nl\/wp-content\/uploads\/amstel_printing_logo_clean.png","contentUrl":"https:\/\/www.amstelprinting.nl\/wp-content\/uploads\/amstel_printing_logo_clean.png","width":324,"height":73,"caption":"Amstel Printing"},"image":{"@id":"https:\/\/www.amstelprinting.nl\/de\/#\/schema\/logo\/image\/"}}]}},"_links":{"self":[{"href":"https:\/\/www.amstelprinting.nl\/de\/wp-json\/wp\/v2\/product\/9491","targetHints":{"allow":["GET"]}}],"collection":[{"href":"https:\/\/www.amstelprinting.nl\/de\/wp-json\/wp\/v2\/product"}],"about":[{"href":"https:\/\/www.amstelprinting.nl\/de\/wp-json\/wp\/v2\/types\/product"}],"wp:featuredmedia":[{"embeddable":true,"href":"https:\/\/www.amstelprinting.nl\/de\/wp-json\/wp\/v2\/media\/9493"}],"wp:attachment":[{"href":"https:\/\/www.amstelprinting.nl\/de\/wp-json\/wp\/v2\/media?parent=9491"}],"wp:term":[{"taxonomy":"product_brand","embeddable":true,"href":"https:\/\/www.amstelprinting.nl\/de\/wp-json\/wp\/v2\/product_brand?post=9491"},{"taxonomy":"product_cat","embeddable":true,"href":"https:\/\/www.amstelprinting.nl\/de\/wp-json\/wp\/v2\/product_cat?post=9491"},{"taxonomy":"product_tag","embeddable":true,"href":"https:\/\/www.amstelprinting.nl\/de\/wp-json\/wp\/v2\/product_tag?post=9491"}],"curies":[{"name":"wp","href":"https:\/\/api.w.org\/{rel}","templated":true}]}}