{"id":9504,"date":"2025-07-15T12:52:32","date_gmt":"2025-07-15T10:52:32","guid":{"rendered":"https:\/\/www.amstelprinting.nl\/winkel\/unkategorisiert\/dode-hoek-sticker\/"},"modified":"2026-02-18T12:52:24","modified_gmt":"2026-02-18T11:52:24","slug":"toter-winkel-aufkleber","status":"publish","type":"product","link":"https:\/\/www.amstelprinting.nl\/de\/gesch\u00e4ft\/aufkleber-und-druck\/grose-aufkleber\/toter-winkel-aufkleber\/","title":{"rendered":"Toter-Winkel-Aufkleber"},"content":{"rendered":"<h2><strong>Warum Toter-Winkel-Aufkleber bedrucken<\/strong><\/h2>\n<ul>\n<li>Wahlweise in selbstklebender oder magnetischer Ausf\u00fchrung<\/li>\n<li>Hergestellt aus langlebigen, wetterbest\u00e4ndigen Materialien<\/li>\n<li>Feste Abmessungen und Aufdruck gem\u00e4\u00df franz\u00f6sischer Gesetzgebung<\/li>\n<li>Einfach anzubringen und zu entfernen bei wechselnden Einsatzgebieten<\/li>\n<\/ul>\n<p>&nbsp;<\/p>\n<h2>Gesetzliche Verpflichtung in Frankreich<\/h2>\n<p>Fahren Sie mit Ihrem Fahrzeug regelm\u00e4\u00dfig in Frankreich? Dann sind Sie gesetzlich verpflichtet, an drei Stellen einen Toter-Winkel-Aufkleber anzubringen: am Heck sowie an beiden Seiten des Fahrzeugs. Der Aufkleber muss korrekt in einer H\u00f6he zwischen 90 und 150 cm \u00fcber dem Boden und an den Seiten etwa 1 Meter hinter der Fahrzeugfront angebracht werden.<\/p>\n<h2>Zwei Varianten: immer passend<\/h2>\n<ol>\n<li>Selbstklebend: f\u00fcr fast jeden Untergrund geeignet<\/li>\n<li>Magnetisch: ideal f\u00fcr Metalloberfl\u00e4chen und wiederverwendbar<\/li>\n<\/ol>\n<p>Beide Varianten sind best\u00e4ndig gegen Regen, Wind, UV und Schmutz \u2013 so ist eine dauerhaft gut sichtbare Warnung gew\u00e4hrleistet.<\/p>\n<h2>Produktdetails<\/h2>\n<ul>\n<li>Abmessungen: 17 \u00d7 25 cm<\/li>\n<li>Aufdruck: fester Text \u201eAttention \u2013 Angles Morts\u201c<\/li>\n<\/ul>\n<p>Geeignet f\u00fcr LKW, Busse, Reisebusse, Baufahrzeuge und andere Fahrzeuge &gt; 3.500 kg<\/p>\n<h2>Bestellen ist einfach<\/h2>\n<ul>\n<li>W\u00e4hlen Sie die gew\u00fcnschte Ausf\u00fchrung<\/li>\n<li>Geben Sie die Anzahl der Aufkleber an \u2013 Empfehlung: 3 pro Fahrzeug<\/li>\n<li>Erhalten Sie Ihre Bestellung schnell und professionell verpackt<\/li>\n<\/ul>\n<p>Fahren Sie mit einem Fahrzeug \u00fcber 3.500 kg in Frankreich? Sorgen Sie daf\u00fcr, dass Sie die Vorschriften einhalten. Bestellen Sie noch heute Ihre Toter-Winkel-Aufkleber und vermeiden Sie unangenehme \u00dcberraschungen unterwegs.<\/p>\n<p>W\u00fcnschen Sie Unterst\u00fctzung bei der Kombination dieser Aufkleber mit anderen vorgeschriebenen Fahrzeugmarkierungen oder Beschilderungen? Wir beraten Sie gerne.<\/p>\n","protected":false},"excerpt":{"rendered":"<p><strong>Toter-Winkel-Aufkleber f\u00fcr LKW und Nutzfahrzeuge \u2013 Sicher und gesetzeskonform<\/strong><br \/>\nSch\u00fctzen Sie andere Verkehrsteilnehmer und vermeiden Sie Bu\u00dfgelder mit Toter-Winkel-Aufklebern, die der franz\u00f6sischen Gesetzgebung entsprechen. F\u00fcr Fahrzeuge \u00fcber 3.500 kg ist es in Frankreich Pflicht, sichtbar vor dem toten Winkel zu warnen. Unsere Aufkleber sind speziell f\u00fcr diesen Zweck konzipiert und tragen zur Verkehrssicherheit bei.<\/p>\n","protected":false},"featured_media":9505,"template":"","meta":{"_et_pb_use_builder":"","_et_pb_old_content":"","_et_gb_content_width":""},"product_brand":[],"product_cat":[313,932,951],"product_tag":[],"class_list":{"0":"post-9504","1":"product","2":"type-product","3":"status-publish","4":"has-post-thumbnail","6":"product_cat-aufkleber-und-druck","7":"product_cat-grose-aufkleber","8":"product_cat-kleine-aufkleber","10":"first","11":"instock","12":"taxable","13":"shipping-taxable","14":"purchasable","15":"product-type-simple"},"yoast_head":"<!-- This site is optimized with the Yoast SEO plugin v27.3 - https:\/\/yoast.com\/product\/yoast-seo-wordpress\/ -->\n<title>Toter-Winkel-Aufkleber | Amstel Printing<\/title>\n<meta name=\"robots\" content=\"index, follow, max-snippet:-1, max-image-preview:large, max-video-preview:-1\" \/>\n<link rel=\"canonical\" href=\"https:\/\/www.amstelprinting.nl\/de\/gesch\u00e4ft\/aufkleber-und-druck\/grose-aufkleber\/toter-winkel-aufkleber\/\" \/>\n<meta property=\"og:locale\" content=\"de_DE\" \/>\n<meta property=\"og:type\" content=\"article\" \/>\n<meta property=\"og:title\" content=\"Toter-Winkel-Aufkleber | Amstel Printing\" \/>\n<meta property=\"og:description\" content=\"Toter-Winkel-Aufkleber f\u00fcr LKW und Nutzfahrzeuge \u2013 Sicher und gesetzeskonform Sch\u00fctzen Sie andere Verkehrsteilnehmer und vermeiden Sie Bu\u00dfgelder mit Toter-Winkel-Aufklebern, die der franz\u00f6sischen Gesetzgebung entsprechen. F\u00fcr Fahrzeuge \u00fcber 3.500 kg ist es in Frankreich Pflicht, sichtbar vor dem toten Winkel zu warnen. Unsere Aufkleber sind speziell f\u00fcr diesen Zweck konzipiert und tragen zur Verkehrssicherheit bei.\" \/>\n<meta property=\"og:url\" content=\"https:\/\/www.amstelprinting.nl\/de\/gesch\u00e4ft\/aufkleber-und-druck\/grose-aufkleber\/toter-winkel-aufkleber\/\" \/>\n<meta property=\"og:site_name\" content=\"Amstel Printing\" \/>\n<meta property=\"article:modified_time\" content=\"2026-02-18T11:52:24+00:00\" \/>\n<meta property=\"og:image\" content=\"https:\/\/www.amstelprinting.nl\/wp-content\/uploads\/Dode-hoek-sticker.png\" \/>\n\t<meta property=\"og:image:width\" content=\"700\" \/>\n\t<meta property=\"og:image:height\" content=\"700\" \/>\n\t<meta property=\"og:image:type\" content=\"image\/png\" \/>\n<meta name=\"twitter:card\" content=\"summary_large_image\" \/>\n<meta name=\"twitter:label1\" content=\"Gesch\u00e4tzte Lesezeit\" \/>\n\t<meta name=\"twitter:data1\" content=\"1\u00a0Minute\" \/>\n<script type=\"application\/ld+json\" class=\"yoast-schema-graph\">{\"@context\":\"https:\\\/\\\/schema.org\",\"@graph\":[{\"@type\":\"WebPage\",\"@id\":\"https:\\\/\\\/www.amstelprinting.nl\\\/de\\\/gesch\u00e4ft\\\/aufkleber-und-druck\\\/grose-aufkleber\\\/toter-winkel-aufkleber\\\/\",\"url\":\"https:\\\/\\\/www.amstelprinting.nl\\\/de\\\/gesch\u00e4ft\\\/aufkleber-und-druck\\\/grose-aufkleber\\\/toter-winkel-aufkleber\\\/\",\"name\":\"Toter-Winkel-Aufkleber | Amstel Printing\",\"isPartOf\":{\"@id\":\"https:\\\/\\\/www.amstelprinting.nl\\\/de\\\/#website\"},\"primaryImageOfPage\":{\"@id\":\"https:\\\/\\\/www.amstelprinting.nl\\\/de\\\/gesch\u00e4ft\\\/aufkleber-und-druck\\\/grose-aufkleber\\\/toter-winkel-aufkleber\\\/#primaryimage\"},\"image\":{\"@id\":\"https:\\\/\\\/www.amstelprinting.nl\\\/de\\\/gesch\u00e4ft\\\/aufkleber-und-druck\\\/grose-aufkleber\\\/toter-winkel-aufkleber\\\/#primaryimage\"},\"thumbnailUrl\":\"https:\\\/\\\/www.amstelprinting.nl\\\/wp-content\\\/uploads\\\/Dode-hoek-sticker.png\",\"datePublished\":\"2025-07-15T10:52:32+00:00\",\"dateModified\":\"2026-02-18T11:52:24+00:00\",\"breadcrumb\":{\"@id\":\"https:\\\/\\\/www.amstelprinting.nl\\\/de\\\/gesch\u00e4ft\\\/aufkleber-und-druck\\\/grose-aufkleber\\\/toter-winkel-aufkleber\\\/#breadcrumb\"},\"inLanguage\":\"de\",\"potentialAction\":[{\"@type\":\"ReadAction\",\"target\":[\"https:\\\/\\\/www.amstelprinting.nl\\\/de\\\/gesch\u00e4ft\\\/aufkleber-und-druck\\\/grose-aufkleber\\\/toter-winkel-aufkleber\\\/\"]}]},{\"@type\":\"ImageObject\",\"inLanguage\":\"de\",\"@id\":\"https:\\\/\\\/www.amstelprinting.nl\\\/de\\\/gesch\u00e4ft\\\/aufkleber-und-druck\\\/grose-aufkleber\\\/toter-winkel-aufkleber\\\/#primaryimage\",\"url\":\"https:\\\/\\\/www.amstelprinting.nl\\\/wp-content\\\/uploads\\\/Dode-hoek-sticker.png\",\"contentUrl\":\"https:\\\/\\\/www.amstelprinting.nl\\\/wp-content\\\/uploads\\\/Dode-hoek-sticker.png\",\"width\":700,\"height\":700},{\"@type\":\"BreadcrumbList\",\"@id\":\"https:\\\/\\\/www.amstelprinting.nl\\\/de\\\/gesch\u00e4ft\\\/aufkleber-und-druck\\\/grose-aufkleber\\\/toter-winkel-aufkleber\\\/#breadcrumb\",\"itemListElement\":[{\"@type\":\"ListItem\",\"position\":1,\"name\":\"\",\"item\":\"https:\\\/\\\/www.amstelprinting.nl\\\/de\\\/\"},{\"@type\":\"ListItem\",\"position\":2,\"name\":\"Amstel Printing\",\"item\":\"https:\\\/\\\/www.amstelprinting.nl\\\/de\\\/geschaeft\\\/\"},{\"@type\":\"ListItem\",\"position\":3,\"name\":\"Aufkleber und Druck\",\"item\":\"https:\\\/\\\/www.amstelprinting.nl\\\/de\\\/kategorie\\\/aufkleber-und-druck\\\/\"},{\"@type\":\"ListItem\",\"position\":4,\"name\":\"Toter-Winkel-Aufkleber\"}]},{\"@type\":\"WebSite\",\"@id\":\"https:\\\/\\\/www.amstelprinting.nl\\\/de\\\/#website\",\"url\":\"https:\\\/\\\/www.amstelprinting.nl\\\/de\\\/\",\"name\":\"Amstel Printing\",\"description\":\"Creating Exposure\",\"publisher\":{\"@id\":\"https:\\\/\\\/www.amstelprinting.nl\\\/de\\\/#organization\"},\"potentialAction\":[{\"@type\":\"SearchAction\",\"target\":{\"@type\":\"EntryPoint\",\"urlTemplate\":\"https:\\\/\\\/www.amstelprinting.nl\\\/de\\\/?s={search_term_string}\"},\"query-input\":{\"@type\":\"PropertyValueSpecification\",\"valueRequired\":true,\"valueName\":\"search_term_string\"}}],\"inLanguage\":\"de\"},{\"@type\":\"Organization\",\"@id\":\"https:\\\/\\\/www.amstelprinting.nl\\\/de\\\/#organization\",\"name\":\"Amstel Printing\",\"url\":\"https:\\\/\\\/www.amstelprinting.nl\\\/de\\\/\",\"logo\":{\"@type\":\"ImageObject\",\"inLanguage\":\"de\",\"@id\":\"https:\\\/\\\/www.amstelprinting.nl\\\/de\\\/#\\\/schema\\\/logo\\\/image\\\/\",\"url\":\"https:\\\/\\\/www.amstelprinting.nl\\\/wp-content\\\/uploads\\\/amstel_printing_logo_clean.png\",\"contentUrl\":\"https:\\\/\\\/www.amstelprinting.nl\\\/wp-content\\\/uploads\\\/amstel_printing_logo_clean.png\",\"width\":324,\"height\":73,\"caption\":\"Amstel Printing\"},\"image\":{\"@id\":\"https:\\\/\\\/www.amstelprinting.nl\\\/de\\\/#\\\/schema\\\/logo\\\/image\\\/\"}}]}<\/script>\n<!-- \/ Yoast SEO plugin. -->","yoast_head_json":{"title":"Toter-Winkel-Aufkleber | Amstel Printing","robots":{"index":"index","follow":"follow","max-snippet":"max-snippet:-1","max-image-preview":"max-image-preview:large","max-video-preview":"max-video-preview:-1"},"canonical":"https:\/\/www.amstelprinting.nl\/de\/gesch\u00e4ft\/aufkleber-und-druck\/grose-aufkleber\/toter-winkel-aufkleber\/","og_locale":"de_DE","og_type":"article","og_title":"Toter-Winkel-Aufkleber | Amstel Printing","og_description":"Toter-Winkel-Aufkleber f\u00fcr LKW und Nutzfahrzeuge \u2013 Sicher und gesetzeskonform Sch\u00fctzen Sie andere Verkehrsteilnehmer und vermeiden Sie Bu\u00dfgelder mit Toter-Winkel-Aufklebern, die der franz\u00f6sischen Gesetzgebung entsprechen. F\u00fcr Fahrzeuge \u00fcber 3.500 kg ist es in Frankreich Pflicht, sichtbar vor dem toten Winkel zu warnen. Unsere Aufkleber sind speziell f\u00fcr diesen Zweck konzipiert und tragen zur Verkehrssicherheit bei.","og_url":"https:\/\/www.amstelprinting.nl\/de\/gesch\u00e4ft\/aufkleber-und-druck\/grose-aufkleber\/toter-winkel-aufkleber\/","og_site_name":"Amstel Printing","article_modified_time":"2026-02-18T11:52:24+00:00","og_image":[{"width":700,"height":700,"url":"https:\/\/www.amstelprinting.nl\/wp-content\/uploads\/Dode-hoek-sticker.png","type":"image\/png"}],"twitter_card":"summary_large_image","twitter_misc":{"Gesch\u00e4tzte Lesezeit":"1\u00a0Minute"},"schema":{"@context":"https:\/\/schema.org","@graph":[{"@type":"WebPage","@id":"https:\/\/www.amstelprinting.nl\/de\/gesch\u00e4ft\/aufkleber-und-druck\/grose-aufkleber\/toter-winkel-aufkleber\/","url":"https:\/\/www.amstelprinting.nl\/de\/gesch\u00e4ft\/aufkleber-und-druck\/grose-aufkleber\/toter-winkel-aufkleber\/","name":"Toter-Winkel-Aufkleber | Amstel Printing","isPartOf":{"@id":"https:\/\/www.amstelprinting.nl\/de\/#website"},"primaryImageOfPage":{"@id":"https:\/\/www.amstelprinting.nl\/de\/gesch\u00e4ft\/aufkleber-und-druck\/grose-aufkleber\/toter-winkel-aufkleber\/#primaryimage"},"image":{"@id":"https:\/\/www.amstelprinting.nl\/de\/gesch\u00e4ft\/aufkleber-und-druck\/grose-aufkleber\/toter-winkel-aufkleber\/#primaryimage"},"thumbnailUrl":"https:\/\/www.amstelprinting.nl\/wp-content\/uploads\/Dode-hoek-sticker.png","datePublished":"2025-07-15T10:52:32+00:00","dateModified":"2026-02-18T11:52:24+00:00","breadcrumb":{"@id":"https:\/\/www.amstelprinting.nl\/de\/gesch\u00e4ft\/aufkleber-und-druck\/grose-aufkleber\/toter-winkel-aufkleber\/#breadcrumb"},"inLanguage":"de","potentialAction":[{"@type":"ReadAction","target":["https:\/\/www.amstelprinting.nl\/de\/gesch\u00e4ft\/aufkleber-und-druck\/grose-aufkleber\/toter-winkel-aufkleber\/"]}]},{"@type":"ImageObject","inLanguage":"de","@id":"https:\/\/www.amstelprinting.nl\/de\/gesch\u00e4ft\/aufkleber-und-druck\/grose-aufkleber\/toter-winkel-aufkleber\/#primaryimage","url":"https:\/\/www.amstelprinting.nl\/wp-content\/uploads\/Dode-hoek-sticker.png","contentUrl":"https:\/\/www.amstelprinting.nl\/wp-content\/uploads\/Dode-hoek-sticker.png","width":700,"height":700},{"@type":"BreadcrumbList","@id":"https:\/\/www.amstelprinting.nl\/de\/gesch\u00e4ft\/aufkleber-und-druck\/grose-aufkleber\/toter-winkel-aufkleber\/#breadcrumb","itemListElement":[{"@type":"ListItem","position":1,"name":"","item":"https:\/\/www.amstelprinting.nl\/de\/"},{"@type":"ListItem","position":2,"name":"Amstel Printing","item":"https:\/\/www.amstelprinting.nl\/de\/geschaeft\/"},{"@type":"ListItem","position":3,"name":"Aufkleber und Druck","item":"https:\/\/www.amstelprinting.nl\/de\/kategorie\/aufkleber-und-druck\/"},{"@type":"ListItem","position":4,"name":"Toter-Winkel-Aufkleber"}]},{"@type":"WebSite","@id":"https:\/\/www.amstelprinting.nl\/de\/#website","url":"https:\/\/www.amstelprinting.nl\/de\/","name":"Amstel Printing","description":"Creating Exposure","publisher":{"@id":"https:\/\/www.amstelprinting.nl\/de\/#organization"},"potentialAction":[{"@type":"SearchAction","target":{"@type":"EntryPoint","urlTemplate":"https:\/\/www.amstelprinting.nl\/de\/?s={search_term_string}"},"query-input":{"@type":"PropertyValueSpecification","valueRequired":true,"valueName":"search_term_string"}}],"inLanguage":"de"},{"@type":"Organization","@id":"https:\/\/www.amstelprinting.nl\/de\/#organization","name":"Amstel Printing","url":"https:\/\/www.amstelprinting.nl\/de\/","logo":{"@type":"ImageObject","inLanguage":"de","@id":"https:\/\/www.amstelprinting.nl\/de\/#\/schema\/logo\/image\/","url":"https:\/\/www.amstelprinting.nl\/wp-content\/uploads\/amstel_printing_logo_clean.png","contentUrl":"https:\/\/www.amstelprinting.nl\/wp-content\/uploads\/amstel_printing_logo_clean.png","width":324,"height":73,"caption":"Amstel Printing"},"image":{"@id":"https:\/\/www.amstelprinting.nl\/de\/#\/schema\/logo\/image\/"}}]}},"_links":{"self":[{"href":"https:\/\/www.amstelprinting.nl\/de\/wp-json\/wp\/v2\/product\/9504","targetHints":{"allow":["GET"]}}],"collection":[{"href":"https:\/\/www.amstelprinting.nl\/de\/wp-json\/wp\/v2\/product"}],"about":[{"href":"https:\/\/www.amstelprinting.nl\/de\/wp-json\/wp\/v2\/types\/product"}],"wp:featuredmedia":[{"embeddable":true,"href":"https:\/\/www.amstelprinting.nl\/de\/wp-json\/wp\/v2\/media\/9505"}],"wp:attachment":[{"href":"https:\/\/www.amstelprinting.nl\/de\/wp-json\/wp\/v2\/media?parent=9504"}],"wp:term":[{"taxonomy":"product_brand","embeddable":true,"href":"https:\/\/www.amstelprinting.nl\/de\/wp-json\/wp\/v2\/product_brand?post=9504"},{"taxonomy":"product_cat","embeddable":true,"href":"https:\/\/www.amstelprinting.nl\/de\/wp-json\/wp\/v2\/product_cat?post=9504"},{"taxonomy":"product_tag","embeddable":true,"href":"https:\/\/www.amstelprinting.nl\/de\/wp-json\/wp\/v2\/product_tag?post=9504"}],"curies":[{"name":"wp","href":"https:\/\/api.w.org\/{rel}","templated":true}]}}