{"id":9519,"date":"2025-07-15T12:51:59","date_gmt":"2025-07-15T10:51:59","guid":{"rendered":"https:\/\/www.amstelprinting.nl\/winkel\/unkategorisiert\/ijskrabber\/"},"modified":"2026-02-18T12:52:25","modified_gmt":"2026-02-18T11:52:25","slug":"eiskratzer","status":"publish","type":"product","link":"https:\/\/www.amstelprinting.nl\/de\/gesch\u00e4ft\/messe-event\/dekoration\/eiskratzer\/","title":{"rendered":"Eiskratzer"},"content":{"rendered":"<h2>Nachhaltiges und stilvolles Werbemittel<\/h2>\n<p>Der Eiskratzer wird aus Polystyrol hergestellt: ein stabiler, leichter Kunststoff mit glatter Oberfl\u00e4che. Dieses Material ist 100% recycelbar und bietet eine hervorragende Druckqualit\u00e4t. Perfekt f\u00fcr Saisonkampagnen, Werbegeschenke oder Winteraktionen.<\/p>\n<h2>Ganz nach Ihren W\u00fcnschen personalisierbar<\/h2>\n<p>Ob Sie ein schlichtes Logo, ein farbenfrohes Design oder eine winterliche Illustration drucken lassen m\u00f6chten \u2013 unsere Eiskratzer lassen sich einfach personalisieren. W\u00e4hlen Sie zwischen ein- oder beidseitigem Druck und verleihen Sie dem Eiskratzer genau den Look, der zu Ihrer Marke passt.<br \/>\nM\u00f6chten Sie schnell loslegen? Wir stellen unter dem Reiter Downloads kostenlose Designvorlagen zur Verf\u00fcgung. Damit laden Sie innerhalb weniger Minuten eine druckreife Datei hoch.<\/p>\n<h2>Eiskratzer bestellen in wenigen Schritten<\/h2>\n<ul>\n<li>W\u00e4hlen Sie die gew\u00fcnschte Anzahl \u2013 lieferbar ab <strong>einem St\u00fcck<\/strong><\/li>\n<li>Laden Sie <strong>Ihr Design<\/strong> hoch oder nutzen Sie unsere Vorlagen<\/li>\n<li>Wir sorgen f\u00fcr eine <strong>hochwertige Verarbeitung<\/strong> und schnelle <strong>Lieferung<\/strong><\/li>\n<\/ul>\n<p><strong>Sind Sie bereit, Ihre Kunden, Mitarbeiter oder Gesch\u00e4ftspartner im Winter herzlich willkommen zu hei\u00dfen?<\/strong><\/p>\n<p>Fordern Sie unverbindlich ein Angebot an oder bestellen Sie direkt \u2013 und lassen Sie Ihre Marke strahlen, selbst an den k\u00e4ltesten Tagen des Jahres.<\/p>\n","protected":false},"excerpt":{"rendered":"<p><strong>Personalisierte Eiskratzer \u2013 Unverzichtbar an kalten Morgen<\/strong><br \/>\nVereiste Autoscheiben? Mit einem personalisierten Eiskratzer entfernen Sie Schnee und Eis im Handumdrehen. Ganz in Ihrem eigenen Corporate Design. Dieser kompakte und robuste Winterhelfer ist nicht nur funktional, sondern auch ein wirkungsvolles Werbemittel w\u00e4hrend der Wintermonate. Bestellen Sie noch heute Eiskratzer, bedruckt mit Ihrem Logo, Design oder Ihrer Botschaft.<\/p>\n","protected":false},"featured_media":9520,"template":"","meta":{"_et_pb_use_builder":"","_et_pb_old_content":"","_et_gb_content_width":""},"product_brand":[],"product_cat":[313,900,933,899],"product_tag":[],"class_list":{"0":"post-9519","1":"product","2":"type-product","3":"status-publish","4":"has-post-thumbnail","6":"product_cat-aufkleber-und-druck","7":"product_cat-dekoration","8":"product_cat-drucken","9":"product_cat-messe-event","11":"first","12":"instock","13":"taxable","14":"shipping-taxable","15":"purchasable","16":"product-type-simple"},"yoast_head":"<!-- This site is optimized with the Yoast SEO plugin v27.3 - https:\/\/yoast.com\/product\/yoast-seo-wordpress\/ -->\n<title>Eiskratzer | Amstel Printing<\/title>\n<meta name=\"robots\" content=\"index, follow, max-snippet:-1, max-image-preview:large, max-video-preview:-1\" \/>\n<link rel=\"canonical\" href=\"https:\/\/www.amstelprinting.nl\/de\/gesch\u00e4ft\/messe-event\/dekoration\/eiskratzer\/\" \/>\n<meta property=\"og:locale\" content=\"de_DE\" \/>\n<meta property=\"og:type\" content=\"article\" \/>\n<meta property=\"og:title\" content=\"Eiskratzer | Amstel Printing\" \/>\n<meta property=\"og:description\" content=\"Personalisierte Eiskratzer \u2013 Unverzichtbar an kalten Morgen Vereiste Autoscheiben? Mit einem personalisierten Eiskratzer entfernen Sie Schnee und Eis im Handumdrehen. Ganz in Ihrem eigenen Corporate Design. Dieser kompakte und robuste Winterhelfer ist nicht nur funktional, sondern auch ein wirkungsvolles Werbemittel w\u00e4hrend der Wintermonate. Bestellen Sie noch heute Eiskratzer, bedruckt mit Ihrem Logo, Design oder Ihrer Botschaft.\" \/>\n<meta property=\"og:url\" content=\"https:\/\/www.amstelprinting.nl\/de\/gesch\u00e4ft\/messe-event\/dekoration\/eiskratzer\/\" \/>\n<meta property=\"og:site_name\" content=\"Amstel Printing\" \/>\n<meta property=\"article:modified_time\" content=\"2026-02-18T11:52:25+00:00\" \/>\n<meta property=\"og:image\" content=\"https:\/\/www.amstelprinting.nl\/wp-content\/uploads\/IJskrabber.jpg\" \/>\n\t<meta property=\"og:image:width\" content=\"700\" \/>\n\t<meta property=\"og:image:height\" content=\"700\" \/>\n\t<meta property=\"og:image:type\" content=\"image\/jpeg\" \/>\n<meta name=\"twitter:card\" content=\"summary_large_image\" \/>\n<meta name=\"twitter:label1\" content=\"Gesch\u00e4tzte Lesezeit\" \/>\n\t<meta name=\"twitter:data1\" content=\"1\u00a0Minute\" \/>\n<script type=\"application\/ld+json\" class=\"yoast-schema-graph\">{\"@context\":\"https:\\\/\\\/schema.org\",\"@graph\":[{\"@type\":\"WebPage\",\"@id\":\"https:\\\/\\\/www.amstelprinting.nl\\\/de\\\/gesch\u00e4ft\\\/messe-event\\\/dekoration\\\/eiskratzer\\\/\",\"url\":\"https:\\\/\\\/www.amstelprinting.nl\\\/de\\\/gesch\u00e4ft\\\/messe-event\\\/dekoration\\\/eiskratzer\\\/\",\"name\":\"Eiskratzer | Amstel Printing\",\"isPartOf\":{\"@id\":\"https:\\\/\\\/www.amstelprinting.nl\\\/de\\\/#website\"},\"primaryImageOfPage\":{\"@id\":\"https:\\\/\\\/www.amstelprinting.nl\\\/de\\\/gesch\u00e4ft\\\/messe-event\\\/dekoration\\\/eiskratzer\\\/#primaryimage\"},\"image\":{\"@id\":\"https:\\\/\\\/www.amstelprinting.nl\\\/de\\\/gesch\u00e4ft\\\/messe-event\\\/dekoration\\\/eiskratzer\\\/#primaryimage\"},\"thumbnailUrl\":\"https:\\\/\\\/www.amstelprinting.nl\\\/wp-content\\\/uploads\\\/IJskrabber.jpg\",\"datePublished\":\"2025-07-15T10:51:59+00:00\",\"dateModified\":\"2026-02-18T11:52:25+00:00\",\"breadcrumb\":{\"@id\":\"https:\\\/\\\/www.amstelprinting.nl\\\/de\\\/gesch\u00e4ft\\\/messe-event\\\/dekoration\\\/eiskratzer\\\/#breadcrumb\"},\"inLanguage\":\"de\",\"potentialAction\":[{\"@type\":\"ReadAction\",\"target\":[\"https:\\\/\\\/www.amstelprinting.nl\\\/de\\\/gesch\u00e4ft\\\/messe-event\\\/dekoration\\\/eiskratzer\\\/\"]}]},{\"@type\":\"ImageObject\",\"inLanguage\":\"de\",\"@id\":\"https:\\\/\\\/www.amstelprinting.nl\\\/de\\\/gesch\u00e4ft\\\/messe-event\\\/dekoration\\\/eiskratzer\\\/#primaryimage\",\"url\":\"https:\\\/\\\/www.amstelprinting.nl\\\/wp-content\\\/uploads\\\/IJskrabber.jpg\",\"contentUrl\":\"https:\\\/\\\/www.amstelprinting.nl\\\/wp-content\\\/uploads\\\/IJskrabber.jpg\",\"width\":700,\"height\":700},{\"@type\":\"BreadcrumbList\",\"@id\":\"https:\\\/\\\/www.amstelprinting.nl\\\/de\\\/gesch\u00e4ft\\\/messe-event\\\/dekoration\\\/eiskratzer\\\/#breadcrumb\",\"itemListElement\":[{\"@type\":\"ListItem\",\"position\":1,\"name\":\"\",\"item\":\"https:\\\/\\\/www.amstelprinting.nl\\\/de\\\/\"},{\"@type\":\"ListItem\",\"position\":2,\"name\":\"Amstel Printing\",\"item\":\"https:\\\/\\\/www.amstelprinting.nl\\\/de\\\/geschaeft\\\/\"},{\"@type\":\"ListItem\",\"position\":3,\"name\":\"Messe &amp; Event\",\"item\":\"https:\\\/\\\/www.amstelprinting.nl\\\/de\\\/kategorie\\\/messe-event\\\/\"},{\"@type\":\"ListItem\",\"position\":4,\"name\":\"Eiskratzer\"}]},{\"@type\":\"WebSite\",\"@id\":\"https:\\\/\\\/www.amstelprinting.nl\\\/de\\\/#website\",\"url\":\"https:\\\/\\\/www.amstelprinting.nl\\\/de\\\/\",\"name\":\"Amstel Printing\",\"description\":\"Creating Exposure\",\"publisher\":{\"@id\":\"https:\\\/\\\/www.amstelprinting.nl\\\/de\\\/#organization\"},\"potentialAction\":[{\"@type\":\"SearchAction\",\"target\":{\"@type\":\"EntryPoint\",\"urlTemplate\":\"https:\\\/\\\/www.amstelprinting.nl\\\/de\\\/?s={search_term_string}\"},\"query-input\":{\"@type\":\"PropertyValueSpecification\",\"valueRequired\":true,\"valueName\":\"search_term_string\"}}],\"inLanguage\":\"de\"},{\"@type\":\"Organization\",\"@id\":\"https:\\\/\\\/www.amstelprinting.nl\\\/de\\\/#organization\",\"name\":\"Amstel Printing\",\"url\":\"https:\\\/\\\/www.amstelprinting.nl\\\/de\\\/\",\"logo\":{\"@type\":\"ImageObject\",\"inLanguage\":\"de\",\"@id\":\"https:\\\/\\\/www.amstelprinting.nl\\\/de\\\/#\\\/schema\\\/logo\\\/image\\\/\",\"url\":\"https:\\\/\\\/www.amstelprinting.nl\\\/wp-content\\\/uploads\\\/amstel_printing_logo_clean.png\",\"contentUrl\":\"https:\\\/\\\/www.amstelprinting.nl\\\/wp-content\\\/uploads\\\/amstel_printing_logo_clean.png\",\"width\":324,\"height\":73,\"caption\":\"Amstel Printing\"},\"image\":{\"@id\":\"https:\\\/\\\/www.amstelprinting.nl\\\/de\\\/#\\\/schema\\\/logo\\\/image\\\/\"}}]}<\/script>\n<!-- \/ Yoast SEO plugin. -->","yoast_head_json":{"title":"Eiskratzer | Amstel Printing","robots":{"index":"index","follow":"follow","max-snippet":"max-snippet:-1","max-image-preview":"max-image-preview:large","max-video-preview":"max-video-preview:-1"},"canonical":"https:\/\/www.amstelprinting.nl\/de\/gesch\u00e4ft\/messe-event\/dekoration\/eiskratzer\/","og_locale":"de_DE","og_type":"article","og_title":"Eiskratzer | Amstel Printing","og_description":"Personalisierte Eiskratzer \u2013 Unverzichtbar an kalten Morgen Vereiste Autoscheiben? Mit einem personalisierten Eiskratzer entfernen Sie Schnee und Eis im Handumdrehen. Ganz in Ihrem eigenen Corporate Design. Dieser kompakte und robuste Winterhelfer ist nicht nur funktional, sondern auch ein wirkungsvolles Werbemittel w\u00e4hrend der Wintermonate. Bestellen Sie noch heute Eiskratzer, bedruckt mit Ihrem Logo, Design oder Ihrer Botschaft.","og_url":"https:\/\/www.amstelprinting.nl\/de\/gesch\u00e4ft\/messe-event\/dekoration\/eiskratzer\/","og_site_name":"Amstel Printing","article_modified_time":"2026-02-18T11:52:25+00:00","og_image":[{"width":700,"height":700,"url":"https:\/\/www.amstelprinting.nl\/wp-content\/uploads\/IJskrabber.jpg","type":"image\/jpeg"}],"twitter_card":"summary_large_image","twitter_misc":{"Gesch\u00e4tzte Lesezeit":"1\u00a0Minute"},"schema":{"@context":"https:\/\/schema.org","@graph":[{"@type":"WebPage","@id":"https:\/\/www.amstelprinting.nl\/de\/gesch\u00e4ft\/messe-event\/dekoration\/eiskratzer\/","url":"https:\/\/www.amstelprinting.nl\/de\/gesch\u00e4ft\/messe-event\/dekoration\/eiskratzer\/","name":"Eiskratzer | Amstel Printing","isPartOf":{"@id":"https:\/\/www.amstelprinting.nl\/de\/#website"},"primaryImageOfPage":{"@id":"https:\/\/www.amstelprinting.nl\/de\/gesch\u00e4ft\/messe-event\/dekoration\/eiskratzer\/#primaryimage"},"image":{"@id":"https:\/\/www.amstelprinting.nl\/de\/gesch\u00e4ft\/messe-event\/dekoration\/eiskratzer\/#primaryimage"},"thumbnailUrl":"https:\/\/www.amstelprinting.nl\/wp-content\/uploads\/IJskrabber.jpg","datePublished":"2025-07-15T10:51:59+00:00","dateModified":"2026-02-18T11:52:25+00:00","breadcrumb":{"@id":"https:\/\/www.amstelprinting.nl\/de\/gesch\u00e4ft\/messe-event\/dekoration\/eiskratzer\/#breadcrumb"},"inLanguage":"de","potentialAction":[{"@type":"ReadAction","target":["https:\/\/www.amstelprinting.nl\/de\/gesch\u00e4ft\/messe-event\/dekoration\/eiskratzer\/"]}]},{"@type":"ImageObject","inLanguage":"de","@id":"https:\/\/www.amstelprinting.nl\/de\/gesch\u00e4ft\/messe-event\/dekoration\/eiskratzer\/#primaryimage","url":"https:\/\/www.amstelprinting.nl\/wp-content\/uploads\/IJskrabber.jpg","contentUrl":"https:\/\/www.amstelprinting.nl\/wp-content\/uploads\/IJskrabber.jpg","width":700,"height":700},{"@type":"BreadcrumbList","@id":"https:\/\/www.amstelprinting.nl\/de\/gesch\u00e4ft\/messe-event\/dekoration\/eiskratzer\/#breadcrumb","itemListElement":[{"@type":"ListItem","position":1,"name":"","item":"https:\/\/www.amstelprinting.nl\/de\/"},{"@type":"ListItem","position":2,"name":"Amstel Printing","item":"https:\/\/www.amstelprinting.nl\/de\/geschaeft\/"},{"@type":"ListItem","position":3,"name":"Messe &amp; Event","item":"https:\/\/www.amstelprinting.nl\/de\/kategorie\/messe-event\/"},{"@type":"ListItem","position":4,"name":"Eiskratzer"}]},{"@type":"WebSite","@id":"https:\/\/www.amstelprinting.nl\/de\/#website","url":"https:\/\/www.amstelprinting.nl\/de\/","name":"Amstel Printing","description":"Creating Exposure","publisher":{"@id":"https:\/\/www.amstelprinting.nl\/de\/#organization"},"potentialAction":[{"@type":"SearchAction","target":{"@type":"EntryPoint","urlTemplate":"https:\/\/www.amstelprinting.nl\/de\/?s={search_term_string}"},"query-input":{"@type":"PropertyValueSpecification","valueRequired":true,"valueName":"search_term_string"}}],"inLanguage":"de"},{"@type":"Organization","@id":"https:\/\/www.amstelprinting.nl\/de\/#organization","name":"Amstel Printing","url":"https:\/\/www.amstelprinting.nl\/de\/","logo":{"@type":"ImageObject","inLanguage":"de","@id":"https:\/\/www.amstelprinting.nl\/de\/#\/schema\/logo\/image\/","url":"https:\/\/www.amstelprinting.nl\/wp-content\/uploads\/amstel_printing_logo_clean.png","contentUrl":"https:\/\/www.amstelprinting.nl\/wp-content\/uploads\/amstel_printing_logo_clean.png","width":324,"height":73,"caption":"Amstel Printing"},"image":{"@id":"https:\/\/www.amstelprinting.nl\/de\/#\/schema\/logo\/image\/"}}]}},"_links":{"self":[{"href":"https:\/\/www.amstelprinting.nl\/de\/wp-json\/wp\/v2\/product\/9519","targetHints":{"allow":["GET"]}}],"collection":[{"href":"https:\/\/www.amstelprinting.nl\/de\/wp-json\/wp\/v2\/product"}],"about":[{"href":"https:\/\/www.amstelprinting.nl\/de\/wp-json\/wp\/v2\/types\/product"}],"wp:featuredmedia":[{"embeddable":true,"href":"https:\/\/www.amstelprinting.nl\/de\/wp-json\/wp\/v2\/media\/9520"}],"wp:attachment":[{"href":"https:\/\/www.amstelprinting.nl\/de\/wp-json\/wp\/v2\/media?parent=9519"}],"wp:term":[{"taxonomy":"product_brand","embeddable":true,"href":"https:\/\/www.amstelprinting.nl\/de\/wp-json\/wp\/v2\/product_brand?post=9519"},{"taxonomy":"product_cat","embeddable":true,"href":"https:\/\/www.amstelprinting.nl\/de\/wp-json\/wp\/v2\/product_cat?post=9519"},{"taxonomy":"product_tag","embeddable":true,"href":"https:\/\/www.amstelprinting.nl\/de\/wp-json\/wp\/v2\/product_tag?post=9519"}],"curies":[{"name":"wp","href":"https:\/\/api.w.org\/{rel}","templated":true}]}}