{"id":9531,"date":"2025-07-15T12:51:09","date_gmt":"2025-07-15T10:51:09","guid":{"rendered":"https:\/\/www.amstelprinting.nl\/winkel\/unkategorisiert\/keuringsstickers\/"},"modified":"2026-02-18T12:52:26","modified_gmt":"2026-02-18T11:52:26","slug":"prufplaketten","status":"publish","type":"product","link":"https:\/\/www.amstelprinting.nl\/de\/gesch\u00e4ft\/aufkleber-und-druck\/kleine-aufkleber\/prufplaketten\/","title":{"rendered":"Pr\u00fcfplaketten"},"content":{"rendered":"<h2>Schnelle Lieferung und klarer Service<\/h2>\n<p>Bestellen Sie an einem Werktag vor 21:30 Uhr? Dann haben Sie die Aufkleber innerhalb von 4 Werktagen im Haus.<\/p>\n<p>&nbsp;<\/p>\n<h2>Hochwertige Qualit\u00e4t<\/h2>\n<ul>\n<li>Gedruckt auf selbstklebender, wei\u00dfer Folie \u2013 erh\u00e4ltlich in Durchmessern von 2, 3 oder 4 cm.<\/li>\n<li>Ausgestattet mit einem Glanzlaminat oder UV-Laminat zum Schutz vor Kratzern, Schmutz und Sonnenlicht.<\/li>\n<li>Ihre Aufkleber werden auf B\u00f6gen von 30 \u00d7 26 cm geliefert \u2013 handlich im Gebrauch und einfach zu lagern.<\/li>\n<\/ul>\n<p>&nbsp;<\/p>\n<h2>Pr\u00fcfplaketten drucken: die Vorteile<\/h2>\n<ul>\n<li>Klarer Druck &#8211; Gut lesbarer Text und deutliche Datumskreise.<\/li>\n<li>Praktische Lieferung &#8211; Aufkleber auf Bogen: schnell und effizient zu verwenden.<\/li>\n<li>Gebrauchsfertige Vorlagen &#8211; Direkt loslegen mit unseren kostenlosen Templates.<\/li>\n<\/ul>\n<p>&nbsp;<\/p>\n<h2>Selbst gestalten oder Vorlage verwenden<\/h2>\n<ul>\n<li>Sie k\u00f6nnen selbst ein Design einreichen oder unsere kostenlosen Vorlagen verwenden.<\/li>\n<li>Hinweis: Halten Sie einen Beschnitt von mindestens 1,5 mm ein, um Verschiebungen beim Schneiden zu vermeiden.<\/li>\n<\/ul>\n","protected":false},"excerpt":{"rendered":"<p><strong>Pr\u00fcfplaketten mit gestochen scharfem Aufdruck<\/strong><br \/>\nMit hoher Aufl\u00f6sung f\u00fcr optimale Lesbarkeit.<\/p>\n<p><strong>Handlich geliefert auf \u00fcbersichtlichen B\u00f6gen<\/strong><br \/>\nPraktisch im Gebrauch, einfach zu verarbeiten.<\/p>\n<p><strong>Wir unterst\u00fctzen Sie mit gebrauchsfertigen Vorlagen<\/strong><br \/>\nInklusive offizieller Symbole und Pr\u00fcfelemente \u2013 direkt in Ihrem Design anwendbar.<\/p>\n<p><strong>Immer Einblick in den Pr\u00fcfstatus Ihrer Ausr\u00fcstung<\/strong><br \/>\nMit unseren Pr\u00fcfplaketten zeigen Sie sofort, dass Ihre Maschinen, Werkzeuge oder Anlagen kontrolliert wurden und sicher in der Anwendung sind. Ob Feuerl\u00f6scher, Werkzeugkasten, Aufzug oder medizinische Ger\u00e4te: Mit einem deutlichen Pr\u00fcfaufkleber erf\u00fcllen Sie die Anforderungen und strahlen Professionalit\u00e4t aus.<\/p>\n","protected":false},"featured_media":9533,"template":"","meta":{"_et_pb_use_builder":"","_et_pb_old_content":"","_et_gb_content_width":""},"product_brand":[],"product_cat":[313,954,951],"product_tag":[],"class_list":{"0":"post-9531","1":"product","2":"type-product","3":"status-publish","4":"has-post-thumbnail","6":"product_cat-aufkleber-und-druck","7":"product_cat-aufkleberbogen","8":"product_cat-kleine-aufkleber","10":"first","11":"instock","12":"taxable","13":"shipping-taxable","14":"purchasable","15":"product-type-simple"},"yoast_head":"<!-- This site is optimized with the Yoast SEO plugin v27.3 - https:\/\/yoast.com\/product\/yoast-seo-wordpress\/ -->\n<title>Pr\u00fcfplaketten | Amstel Printing<\/title>\n<meta name=\"robots\" content=\"index, follow, max-snippet:-1, max-image-preview:large, max-video-preview:-1\" \/>\n<link rel=\"canonical\" href=\"https:\/\/www.amstelprinting.nl\/de\/gesch\u00e4ft\/aufkleber-und-druck\/kleine-aufkleber\/prufplaketten\/\" \/>\n<meta property=\"og:locale\" content=\"de_DE\" \/>\n<meta property=\"og:type\" content=\"article\" \/>\n<meta property=\"og:title\" content=\"Pr\u00fcfplaketten | Amstel Printing\" \/>\n<meta property=\"og:description\" content=\"Pr\u00fcfplaketten mit gestochen scharfem Aufdruck Mit hoher Aufl\u00f6sung f\u00fcr optimale Lesbarkeit. Handlich geliefert auf \u00fcbersichtlichen B\u00f6gen Praktisch im Gebrauch, einfach zu verarbeiten. Wir unterst\u00fctzen Sie mit gebrauchsfertigen Vorlagen Inklusive offizieller Symbole und Pr\u00fcfelemente \u2013 direkt in Ihrem Design anwendbar. Immer Einblick in den Pr\u00fcfstatus Ihrer Ausr\u00fcstung Mit unseren Pr\u00fcfplaketten zeigen Sie sofort, dass Ihre Maschinen, Werkzeuge oder Anlagen kontrolliert wurden und sicher in der Anwendung sind. Ob Feuerl\u00f6scher, Werkzeugkasten, Aufzug oder medizinische Ger\u00e4te: Mit einem deutlichen Pr\u00fcfaufkleber erf\u00fcllen Sie die Anforderungen und strahlen Professionalit\u00e4t aus.\" \/>\n<meta property=\"og:url\" content=\"https:\/\/www.amstelprinting.nl\/de\/gesch\u00e4ft\/aufkleber-und-druck\/kleine-aufkleber\/prufplaketten\/\" \/>\n<meta property=\"og:site_name\" content=\"Amstel Printing\" \/>\n<meta property=\"article:modified_time\" content=\"2026-02-18T11:52:26+00:00\" \/>\n<meta property=\"og:image\" content=\"https:\/\/www.amstelprinting.nl\/wp-content\/uploads\/Keuringsstickers.png\" \/>\n\t<meta property=\"og:image:width\" content=\"650\" \/>\n\t<meta property=\"og:image:height\" content=\"650\" \/>\n\t<meta property=\"og:image:type\" content=\"image\/png\" \/>\n<meta name=\"twitter:card\" content=\"summary_large_image\" \/>\n<meta name=\"twitter:label1\" content=\"Gesch\u00e4tzte Lesezeit\" \/>\n\t<meta name=\"twitter:data1\" content=\"1\u00a0Minute\" \/>\n<script type=\"application\/ld+json\" class=\"yoast-schema-graph\">{\"@context\":\"https:\\\/\\\/schema.org\",\"@graph\":[{\"@type\":\"WebPage\",\"@id\":\"https:\\\/\\\/www.amstelprinting.nl\\\/de\\\/gesch\u00e4ft\\\/aufkleber-und-druck\\\/kleine-aufkleber\\\/prufplaketten\\\/\",\"url\":\"https:\\\/\\\/www.amstelprinting.nl\\\/de\\\/gesch\u00e4ft\\\/aufkleber-und-druck\\\/kleine-aufkleber\\\/prufplaketten\\\/\",\"name\":\"Pr\u00fcfplaketten | Amstel Printing\",\"isPartOf\":{\"@id\":\"https:\\\/\\\/www.amstelprinting.nl\\\/de\\\/#website\"},\"primaryImageOfPage\":{\"@id\":\"https:\\\/\\\/www.amstelprinting.nl\\\/de\\\/gesch\u00e4ft\\\/aufkleber-und-druck\\\/kleine-aufkleber\\\/prufplaketten\\\/#primaryimage\"},\"image\":{\"@id\":\"https:\\\/\\\/www.amstelprinting.nl\\\/de\\\/gesch\u00e4ft\\\/aufkleber-und-druck\\\/kleine-aufkleber\\\/prufplaketten\\\/#primaryimage\"},\"thumbnailUrl\":\"https:\\\/\\\/www.amstelprinting.nl\\\/wp-content\\\/uploads\\\/Keuringsstickers.png\",\"datePublished\":\"2025-07-15T10:51:09+00:00\",\"dateModified\":\"2026-02-18T11:52:26+00:00\",\"breadcrumb\":{\"@id\":\"https:\\\/\\\/www.amstelprinting.nl\\\/de\\\/gesch\u00e4ft\\\/aufkleber-und-druck\\\/kleine-aufkleber\\\/prufplaketten\\\/#breadcrumb\"},\"inLanguage\":\"de\",\"potentialAction\":[{\"@type\":\"ReadAction\",\"target\":[\"https:\\\/\\\/www.amstelprinting.nl\\\/de\\\/gesch\u00e4ft\\\/aufkleber-und-druck\\\/kleine-aufkleber\\\/prufplaketten\\\/\"]}]},{\"@type\":\"ImageObject\",\"inLanguage\":\"de\",\"@id\":\"https:\\\/\\\/www.amstelprinting.nl\\\/de\\\/gesch\u00e4ft\\\/aufkleber-und-druck\\\/kleine-aufkleber\\\/prufplaketten\\\/#primaryimage\",\"url\":\"https:\\\/\\\/www.amstelprinting.nl\\\/wp-content\\\/uploads\\\/Keuringsstickers.png\",\"contentUrl\":\"https:\\\/\\\/www.amstelprinting.nl\\\/wp-content\\\/uploads\\\/Keuringsstickers.png\",\"width\":650,\"height\":650},{\"@type\":\"BreadcrumbList\",\"@id\":\"https:\\\/\\\/www.amstelprinting.nl\\\/de\\\/gesch\u00e4ft\\\/aufkleber-und-druck\\\/kleine-aufkleber\\\/prufplaketten\\\/#breadcrumb\",\"itemListElement\":[{\"@type\":\"ListItem\",\"position\":1,\"name\":\"\",\"item\":\"https:\\\/\\\/www.amstelprinting.nl\\\/de\\\/\"},{\"@type\":\"ListItem\",\"position\":2,\"name\":\"Amstel Printing\",\"item\":\"https:\\\/\\\/www.amstelprinting.nl\\\/de\\\/geschaeft\\\/\"},{\"@type\":\"ListItem\",\"position\":3,\"name\":\"Aufkleber und Druck\",\"item\":\"https:\\\/\\\/www.amstelprinting.nl\\\/de\\\/kategorie\\\/aufkleber-und-druck\\\/\"},{\"@type\":\"ListItem\",\"position\":4,\"name\":\"Pr\u00fcfplaketten\"}]},{\"@type\":\"WebSite\",\"@id\":\"https:\\\/\\\/www.amstelprinting.nl\\\/de\\\/#website\",\"url\":\"https:\\\/\\\/www.amstelprinting.nl\\\/de\\\/\",\"name\":\"Amstel Printing\",\"description\":\"Creating Exposure\",\"publisher\":{\"@id\":\"https:\\\/\\\/www.amstelprinting.nl\\\/de\\\/#organization\"},\"potentialAction\":[{\"@type\":\"SearchAction\",\"target\":{\"@type\":\"EntryPoint\",\"urlTemplate\":\"https:\\\/\\\/www.amstelprinting.nl\\\/de\\\/?s={search_term_string}\"},\"query-input\":{\"@type\":\"PropertyValueSpecification\",\"valueRequired\":true,\"valueName\":\"search_term_string\"}}],\"inLanguage\":\"de\"},{\"@type\":\"Organization\",\"@id\":\"https:\\\/\\\/www.amstelprinting.nl\\\/de\\\/#organization\",\"name\":\"Amstel Printing\",\"url\":\"https:\\\/\\\/www.amstelprinting.nl\\\/de\\\/\",\"logo\":{\"@type\":\"ImageObject\",\"inLanguage\":\"de\",\"@id\":\"https:\\\/\\\/www.amstelprinting.nl\\\/de\\\/#\\\/schema\\\/logo\\\/image\\\/\",\"url\":\"https:\\\/\\\/www.amstelprinting.nl\\\/wp-content\\\/uploads\\\/amstel_printing_logo_clean.png\",\"contentUrl\":\"https:\\\/\\\/www.amstelprinting.nl\\\/wp-content\\\/uploads\\\/amstel_printing_logo_clean.png\",\"width\":324,\"height\":73,\"caption\":\"Amstel Printing\"},\"image\":{\"@id\":\"https:\\\/\\\/www.amstelprinting.nl\\\/de\\\/#\\\/schema\\\/logo\\\/image\\\/\"}}]}<\/script>\n<!-- \/ Yoast SEO plugin. -->","yoast_head_json":{"title":"Pr\u00fcfplaketten | Amstel Printing","robots":{"index":"index","follow":"follow","max-snippet":"max-snippet:-1","max-image-preview":"max-image-preview:large","max-video-preview":"max-video-preview:-1"},"canonical":"https:\/\/www.amstelprinting.nl\/de\/gesch\u00e4ft\/aufkleber-und-druck\/kleine-aufkleber\/prufplaketten\/","og_locale":"de_DE","og_type":"article","og_title":"Pr\u00fcfplaketten | Amstel Printing","og_description":"Pr\u00fcfplaketten mit gestochen scharfem Aufdruck Mit hoher Aufl\u00f6sung f\u00fcr optimale Lesbarkeit. Handlich geliefert auf \u00fcbersichtlichen B\u00f6gen Praktisch im Gebrauch, einfach zu verarbeiten. Wir unterst\u00fctzen Sie mit gebrauchsfertigen Vorlagen Inklusive offizieller Symbole und Pr\u00fcfelemente \u2013 direkt in Ihrem Design anwendbar. Immer Einblick in den Pr\u00fcfstatus Ihrer Ausr\u00fcstung Mit unseren Pr\u00fcfplaketten zeigen Sie sofort, dass Ihre Maschinen, Werkzeuge oder Anlagen kontrolliert wurden und sicher in der Anwendung sind. Ob Feuerl\u00f6scher, Werkzeugkasten, Aufzug oder medizinische Ger\u00e4te: Mit einem deutlichen Pr\u00fcfaufkleber erf\u00fcllen Sie die Anforderungen und strahlen Professionalit\u00e4t aus.","og_url":"https:\/\/www.amstelprinting.nl\/de\/gesch\u00e4ft\/aufkleber-und-druck\/kleine-aufkleber\/prufplaketten\/","og_site_name":"Amstel Printing","article_modified_time":"2026-02-18T11:52:26+00:00","og_image":[{"width":650,"height":650,"url":"https:\/\/www.amstelprinting.nl\/wp-content\/uploads\/Keuringsstickers.png","type":"image\/png"}],"twitter_card":"summary_large_image","twitter_misc":{"Gesch\u00e4tzte Lesezeit":"1\u00a0Minute"},"schema":{"@context":"https:\/\/schema.org","@graph":[{"@type":"WebPage","@id":"https:\/\/www.amstelprinting.nl\/de\/gesch\u00e4ft\/aufkleber-und-druck\/kleine-aufkleber\/prufplaketten\/","url":"https:\/\/www.amstelprinting.nl\/de\/gesch\u00e4ft\/aufkleber-und-druck\/kleine-aufkleber\/prufplaketten\/","name":"Pr\u00fcfplaketten | Amstel Printing","isPartOf":{"@id":"https:\/\/www.amstelprinting.nl\/de\/#website"},"primaryImageOfPage":{"@id":"https:\/\/www.amstelprinting.nl\/de\/gesch\u00e4ft\/aufkleber-und-druck\/kleine-aufkleber\/prufplaketten\/#primaryimage"},"image":{"@id":"https:\/\/www.amstelprinting.nl\/de\/gesch\u00e4ft\/aufkleber-und-druck\/kleine-aufkleber\/prufplaketten\/#primaryimage"},"thumbnailUrl":"https:\/\/www.amstelprinting.nl\/wp-content\/uploads\/Keuringsstickers.png","datePublished":"2025-07-15T10:51:09+00:00","dateModified":"2026-02-18T11:52:26+00:00","breadcrumb":{"@id":"https:\/\/www.amstelprinting.nl\/de\/gesch\u00e4ft\/aufkleber-und-druck\/kleine-aufkleber\/prufplaketten\/#breadcrumb"},"inLanguage":"de","potentialAction":[{"@type":"ReadAction","target":["https:\/\/www.amstelprinting.nl\/de\/gesch\u00e4ft\/aufkleber-und-druck\/kleine-aufkleber\/prufplaketten\/"]}]},{"@type":"ImageObject","inLanguage":"de","@id":"https:\/\/www.amstelprinting.nl\/de\/gesch\u00e4ft\/aufkleber-und-druck\/kleine-aufkleber\/prufplaketten\/#primaryimage","url":"https:\/\/www.amstelprinting.nl\/wp-content\/uploads\/Keuringsstickers.png","contentUrl":"https:\/\/www.amstelprinting.nl\/wp-content\/uploads\/Keuringsstickers.png","width":650,"height":650},{"@type":"BreadcrumbList","@id":"https:\/\/www.amstelprinting.nl\/de\/gesch\u00e4ft\/aufkleber-und-druck\/kleine-aufkleber\/prufplaketten\/#breadcrumb","itemListElement":[{"@type":"ListItem","position":1,"name":"","item":"https:\/\/www.amstelprinting.nl\/de\/"},{"@type":"ListItem","position":2,"name":"Amstel Printing","item":"https:\/\/www.amstelprinting.nl\/de\/geschaeft\/"},{"@type":"ListItem","position":3,"name":"Aufkleber und Druck","item":"https:\/\/www.amstelprinting.nl\/de\/kategorie\/aufkleber-und-druck\/"},{"@type":"ListItem","position":4,"name":"Pr\u00fcfplaketten"}]},{"@type":"WebSite","@id":"https:\/\/www.amstelprinting.nl\/de\/#website","url":"https:\/\/www.amstelprinting.nl\/de\/","name":"Amstel Printing","description":"Creating Exposure","publisher":{"@id":"https:\/\/www.amstelprinting.nl\/de\/#organization"},"potentialAction":[{"@type":"SearchAction","target":{"@type":"EntryPoint","urlTemplate":"https:\/\/www.amstelprinting.nl\/de\/?s={search_term_string}"},"query-input":{"@type":"PropertyValueSpecification","valueRequired":true,"valueName":"search_term_string"}}],"inLanguage":"de"},{"@type":"Organization","@id":"https:\/\/www.amstelprinting.nl\/de\/#organization","name":"Amstel Printing","url":"https:\/\/www.amstelprinting.nl\/de\/","logo":{"@type":"ImageObject","inLanguage":"de","@id":"https:\/\/www.amstelprinting.nl\/de\/#\/schema\/logo\/image\/","url":"https:\/\/www.amstelprinting.nl\/wp-content\/uploads\/amstel_printing_logo_clean.png","contentUrl":"https:\/\/www.amstelprinting.nl\/wp-content\/uploads\/amstel_printing_logo_clean.png","width":324,"height":73,"caption":"Amstel Printing"},"image":{"@id":"https:\/\/www.amstelprinting.nl\/de\/#\/schema\/logo\/image\/"}}]}},"_links":{"self":[{"href":"https:\/\/www.amstelprinting.nl\/de\/wp-json\/wp\/v2\/product\/9531","targetHints":{"allow":["GET"]}}],"collection":[{"href":"https:\/\/www.amstelprinting.nl\/de\/wp-json\/wp\/v2\/product"}],"about":[{"href":"https:\/\/www.amstelprinting.nl\/de\/wp-json\/wp\/v2\/types\/product"}],"wp:featuredmedia":[{"embeddable":true,"href":"https:\/\/www.amstelprinting.nl\/de\/wp-json\/wp\/v2\/media\/9533"}],"wp:attachment":[{"href":"https:\/\/www.amstelprinting.nl\/de\/wp-json\/wp\/v2\/media?parent=9531"}],"wp:term":[{"taxonomy":"product_brand","embeddable":true,"href":"https:\/\/www.amstelprinting.nl\/de\/wp-json\/wp\/v2\/product_brand?post=9531"},{"taxonomy":"product_cat","embeddable":true,"href":"https:\/\/www.amstelprinting.nl\/de\/wp-json\/wp\/v2\/product_cat?post=9531"},{"taxonomy":"product_tag","embeddable":true,"href":"https:\/\/www.amstelprinting.nl\/de\/wp-json\/wp\/v2\/product_tag?post=9531"}],"curies":[{"name":"wp","href":"https:\/\/api.w.org\/{rel}","templated":true}]}}