{"id":27389,"date":"2023-03-17T18:03:47","date_gmt":"2023-03-17T17:03:47","guid":{"rendered":"https:\/\/www.amstelprinting.nl\/declaracion-de-privacidad\/"},"modified":"2026-03-03T22:28:07","modified_gmt":"2026-03-03T21:28:07","slug":"declaracion-de-privacidad","status":"publish","type":"page","link":"https:\/\/www.amstelprinting.nl\/es\/declaracion-de-privacidad\/","title":{"rendered":"Declaraci\u00f3n de privacidad"},"content":{"rendered":"<p>[et_pb_section fb_built=\u00bb1&#8243; _builder_version=\u00bb4.16&#8243; global_colors_info=\u00bb{}\u00bb][et_pb_row _builder_version=\u00bb4.16&#8243; background_size=\u00bbinitial\u00bb background_position=\u00bbtop_left\u00bb background_repeat=\u00bbrepeat\u00bb global_colors_info=\u00bb{}\u00bb][et_pb_column type=\u00bb4_4&#8243; _builder_version=\u00bb4.16&#8243; custom_padding=\u00bb|||\u00bb global_colors_info=\u00bb{}\u00bb custom_padding__hover=\u00bb|||\u00bb][et_pb_text _builder_version=\u00bb4.27.5&#8243; background_size=\u00bbinitial\u00bb background_position=\u00bbtop_left\u00bb background_repeat=\u00bbrepeat\u00bb hover_enabled=\u00bb0&#8243; global_colors_info=\u00bb{}\u00bb sticky_enabled=\u00bb0&#8243;]<\/p>\n<h1>Pol\u00edtica de Privacidad<\/h1>\n<p><strong>\u00daltima actualizaci\u00f3n:<\/strong> 1 de febrero de 2026<\/p>\n<p>\nSomos conscientes de que nos otorga su confianza. Por ello, consideramos nuestra responsabilidad proteger su privacidad.<br \/>\nEn esta pol\u00edtica de privacidad explicamos qu\u00e9 datos personales recopilamos, por qu\u00e9 los recopilamos y c\u00f3mo los utilizamos.\n<\/p>\n<p>\nAmstel Printing respeta la privacidad de todos los usuarios de su sitio web y garantiza que la informaci\u00f3n personal que nos proporcione se trate de manera confidencial.<br \/>\nLe recomendamos consultar esta p\u00e1gina con regularidad para mantenerse informado sobre cualquier actualizaci\u00f3n.\n<\/p>\n<hr>\n<h2>\u00c1mbito de aplicaci\u00f3n<\/h2>\n<p>\nEsta pol\u00edtica de privacidad se aplica a todos los datos personales que procesamos. Esto incluye, entre otros, los datos personales que nos proporcione cuando:\n<\/p>\n<ul>\n<li>se comunique con nosotros a trav\u00e9s de <a href=\"mailto:info@amstelprinting.nl\">info@amstelprinting.nl<\/a>;<\/li>\n<li>utilice nuestros servicios;<\/li>\n<li>visite nuestro sitio web.<\/li>\n<\/ul>\n<p>\nProcesamos los datos personales de clientes (potenciales), proveedores y visitantes del sitio web.\n<\/p>\n<hr>\n<h2>Uso de los datos recopilados<\/h2>\n<h3>Uso de nuestros servicios<\/h3>\n<p>\nCuando se registre en uno de nuestros servicios o env\u00ede una solicitud, le pediremos que proporcione informaci\u00f3n personal y\/o empresarial.<br \/>\nUtilizamos esta informaci\u00f3n \u00fanicamente para prestar nuestros servicios correctamente y cumplir con nuestro contrato con usted.\n<\/p>\n<p>\nLos datos se almacenan en servidores seguros de amstelprinting.nl o en servidores seguros de terceros seleccionados por nosotros.\n<\/p>\n<h3>Comunicaci\u00f3n<\/h3>\n<p>\nCuando nos env\u00ede correos electr\u00f3nicos u otros mensajes, es posible que los conservemos. Si es necesario, podemos solicitar datos personales adicionales pertinentes a la situaci\u00f3n espec\u00edfica.<br \/>\nEsto nos permite procesar sus consultas y responder a sus solicitudes de manera adecuada.\n<\/p>\n<p>\nEstos datos se almacenan en servidores seguros de amstelprinting.nl o de un tercero cuidadosamente seleccionado.<br \/>\nNo combinamos estos datos con otros datos personales en nuestra posesi\u00f3n, salvo que sea necesario para nuestros servicios.\n<\/p>\n<hr>\n<h2>Cookies<\/h2>\n<p>\nUtilizamos cookies para comprender mejor el uso de nuestro sitio web y mejorar nuestros servicios.\n<\/p>\n<p>\nUna cookie es un peque\u00f1o archivo de texto que se almacena en su ordenador, tableta o smartphone en su primera visita a este sitio web.<br \/>\nLa informaci\u00f3n generada por las cookies sobre su uso del sitio puede almacenarse en servidores seguros de amstelprinting.nl o de un tercero.\n<\/p>\n<p>Usamos esta informaci\u00f3n para:<\/p>\n<ul>\n<li>analizar el uso del sitio web;<\/li>\n<li>generar informes sobre la actividad del sitio web;<\/li>\n<li>optimizar nuestro sitio web y los servicios que ofrecemos.<\/li>\n<\/ul>\n<hr>\n<h2>Finalidad del tratamiento de datos<\/h2>\n<p>\nRecopilamos y usamos los datos personales \u00fanicamente para los fines descritos en esta pol\u00edtica de privacidad,<br \/>\na menos que hayamos obtenido previamente su consentimiento expl\u00edcito para otro prop\u00f3sito.\n<\/p>\n<hr>\n<h2>Qu\u00e9 datos personales procesamos<\/h2>\n<ul>\n<li>Nombre y apellidos<\/li>\n<li>Direcci\u00f3n (si la proporciona usted)<\/li>\n<li>Correo electr\u00f3nico<\/li>\n<li>N\u00famero de tel\u00e9fono<\/li>\n<\/ul>\n<hr>\n<h2>Per\u00edodo de conservaci\u00f3n<\/h2>\n<p>\nNo conservamos sus datos personales m\u00e1s tiempo del necesario para el fin para el que se recopilaron,<br \/>\nsalvo que estemos legalmente obligados a conservarlos por un per\u00edodo m\u00e1s largo.\n<\/p>\n<p>\nSi ha celebrado un contrato con Amstel Printing, aplicamos el per\u00edodo de conservaci\u00f3n fiscal legal de siete a\u00f1os.\n<\/p>\n<hr>\n<h2>Compartir con terceros<\/h2>\n<p>\nNo compartimos sus datos personales con terceros, salvo que sea necesario para la ejecuci\u00f3n de nuestro contrato con usted<br \/>\no para cumplir con una obligaci\u00f3n legal.\n<\/p>\n<p>\nEn algunos casos, los datos pueden compartirse internamente con empleados.<br \/>\nNuestros empleados est\u00e1n obligados a respetar la confidencialidad de sus datos.\n<\/p>\n<hr>\n<h2>Desactivaci\u00f3n de cookies<\/h2>\n<p>\nLa mayor\u00eda de los navegadores de Internet est\u00e1n configurados para aceptar cookies de forma predeterminada.<br \/>\nPuede configurar su navegador para rechazar las cookies o recibir una notificaci\u00f3n cuando se coloque una cookie.\n<\/p>\n<p>\nTenga en cuenta que algunas funciones del sitio web pueden no funcionar correctamente si las cookies est\u00e1n desactivadas.\n<\/p>\n<p>Utilizamos los siguientes tipos de cookies:<\/p>\n<ul>\n<li>Cookies funcionales<\/li>\n<li>Cookies anal\u00edticas<\/li>\n<li>Google Analytics<\/li>\n<\/ul>\n<hr>\n<h2>Sus derechos<\/h2>\n<p>Usted tiene derecho a:<\/p>\n<ul>\n<li>acceder a sus datos personales;<\/li>\n<li>solicitar la rectificaci\u00f3n o eliminaci\u00f3n de sus datos;<\/li>\n<li>oponerse al tratamiento de sus datos personales;<\/li>\n<li>retirar su consentimiento (si el tratamiento se basa en el mismo).<\/li>\n<\/ul>\n<p>\nPara preguntas sobre esta pol\u00edtica de privacidad o para ejercer sus derechos, puede contactarnos a trav\u00e9s de:\n<\/p>\n<p>\n<strong>Correo electr\u00f3nico:<\/strong> <a href=\"mailto:info@amstelprinting.nl\">info@amstelprinting.nl<\/a><\/p>\n<p>[\/et_pb_text][\/et_pb_column][\/et_pb_row][\/et_pb_section]<\/p>\n","protected":false},"excerpt":{"rendered":"<p>Pol\u00edtica de Privacidad \u00daltima actualizaci\u00f3n: 1 de&#8230;<\/p>\n","protected":false},"author":1,"featured_media":0,"parent":0,"menu_order":0,"comment_status":"closed","ping_status":"closed","template":"","meta":{"_et_pb_use_builder":"on","_et_pb_old_content":"","_et_gb_content_width":"","footnotes":""},"categories":[],"class_list":["post-27389","page","type-page","status-publish","hentry"],"yoast_head":"<!-- This site is optimized with the Yoast SEO plugin v27.3 - https:\/\/yoast.com\/product\/yoast-seo-wordpress\/ -->\n<title>Declaraci\u00f3n de privacidad | Amstel Printing<\/title>\n<meta name=\"robots\" content=\"index, follow, max-snippet:-1, max-image-preview:large, max-video-preview:-1\" \/>\n<link rel=\"canonical\" href=\"https:\/\/www.amstelprinting.nl\/es\/declaracion-de-privacidad\/\" \/>\n<meta property=\"og:locale\" content=\"es_ES\" \/>\n<meta property=\"og:type\" content=\"article\" \/>\n<meta property=\"og:title\" content=\"Declaraci\u00f3n de privacidad | Amstel Printing\" \/>\n<meta property=\"og:description\" content=\"Pol\u00edtica de Privacidad \u00daltima actualizaci\u00f3n: 1 de...\" \/>\n<meta property=\"og:url\" content=\"https:\/\/www.amstelprinting.nl\/es\/declaracion-de-privacidad\/\" \/>\n<meta property=\"og:site_name\" content=\"Amstel Printing\" \/>\n<meta property=\"article:modified_time\" content=\"2026-03-03T21:28:07+00:00\" \/>\n<meta property=\"og:image\" content=\"https:\/\/www.amstelprinting.nl\/wp-content\/uploads\/amstel_printing_logo_clean.png\" \/>\n\t<meta property=\"og:image:width\" content=\"324\" \/>\n\t<meta property=\"og:image:height\" content=\"73\" \/>\n\t<meta property=\"og:image:type\" content=\"image\/png\" \/>\n<meta name=\"twitter:card\" content=\"summary_large_image\" \/>\n<meta name=\"twitter:label1\" content=\"Tiempo de lectura\" \/>\n\t<meta name=\"twitter:data1\" content=\"3 minutos\" \/>\n<script type=\"application\/ld+json\" class=\"yoast-schema-graph\">{\"@context\":\"https:\\\/\\\/schema.org\",\"@graph\":[{\"@type\":\"WebPage\",\"@id\":\"https:\\\/\\\/www.amstelprinting.nl\\\/es\\\/declaracion-de-privacidad\\\/\",\"url\":\"https:\\\/\\\/www.amstelprinting.nl\\\/es\\\/declaracion-de-privacidad\\\/\",\"name\":\"Declaraci\u00f3n de privacidad | Amstel Printing\",\"isPartOf\":{\"@id\":\"https:\\\/\\\/www.amstelprinting.nl\\\/es\\\/#website\"},\"datePublished\":\"2023-03-17T17:03:47+00:00\",\"dateModified\":\"2026-03-03T21:28:07+00:00\",\"breadcrumb\":{\"@id\":\"https:\\\/\\\/www.amstelprinting.nl\\\/es\\\/declaracion-de-privacidad\\\/#breadcrumb\"},\"inLanguage\":\"es\",\"potentialAction\":[{\"@type\":\"ReadAction\",\"target\":[\"https:\\\/\\\/www.amstelprinting.nl\\\/es\\\/declaracion-de-privacidad\\\/\"]}]},{\"@type\":\"BreadcrumbList\",\"@id\":\"https:\\\/\\\/www.amstelprinting.nl\\\/es\\\/declaracion-de-privacidad\\\/#breadcrumb\",\"itemListElement\":[{\"@type\":\"ListItem\",\"position\":1,\"name\":\"\",\"item\":\"https:\\\/\\\/www.amstelprinting.nl\\\/es\\\/\"},{\"@type\":\"ListItem\",\"position\":2,\"name\":\"Declaraci\u00f3n de privacidad\"}]},{\"@type\":\"WebSite\",\"@id\":\"https:\\\/\\\/www.amstelprinting.nl\\\/es\\\/#website\",\"url\":\"https:\\\/\\\/www.amstelprinting.nl\\\/es\\\/\",\"name\":\"Amstel Printing\",\"description\":\"Creating Exposure\",\"publisher\":{\"@id\":\"https:\\\/\\\/www.amstelprinting.nl\\\/es\\\/#organization\"},\"potentialAction\":[{\"@type\":\"SearchAction\",\"target\":{\"@type\":\"EntryPoint\",\"urlTemplate\":\"https:\\\/\\\/www.amstelprinting.nl\\\/es\\\/?s={search_term_string}\"},\"query-input\":{\"@type\":\"PropertyValueSpecification\",\"valueRequired\":true,\"valueName\":\"search_term_string\"}}],\"inLanguage\":\"es\"},{\"@type\":\"Organization\",\"@id\":\"https:\\\/\\\/www.amstelprinting.nl\\\/es\\\/#organization\",\"name\":\"Amstel Printing\",\"url\":\"https:\\\/\\\/www.amstelprinting.nl\\\/es\\\/\",\"logo\":{\"@type\":\"ImageObject\",\"inLanguage\":\"es\",\"@id\":\"https:\\\/\\\/www.amstelprinting.nl\\\/es\\\/#\\\/schema\\\/logo\\\/image\\\/\",\"url\":\"https:\\\/\\\/www.amstelprinting.nl\\\/wp-content\\\/uploads\\\/amstel_printing_logo_clean.png\",\"contentUrl\":\"https:\\\/\\\/www.amstelprinting.nl\\\/wp-content\\\/uploads\\\/amstel_printing_logo_clean.png\",\"width\":324,\"height\":73,\"caption\":\"Amstel Printing\"},\"image\":{\"@id\":\"https:\\\/\\\/www.amstelprinting.nl\\\/es\\\/#\\\/schema\\\/logo\\\/image\\\/\"}}]}<\/script>\n<!-- \/ Yoast SEO plugin. -->","yoast_head_json":{"title":"Declaraci\u00f3n de privacidad | Amstel Printing","robots":{"index":"index","follow":"follow","max-snippet":"max-snippet:-1","max-image-preview":"max-image-preview:large","max-video-preview":"max-video-preview:-1"},"canonical":"https:\/\/www.amstelprinting.nl\/es\/declaracion-de-privacidad\/","og_locale":"es_ES","og_type":"article","og_title":"Declaraci\u00f3n de privacidad | Amstel Printing","og_description":"Pol\u00edtica de Privacidad \u00daltima actualizaci\u00f3n: 1 de...","og_url":"https:\/\/www.amstelprinting.nl\/es\/declaracion-de-privacidad\/","og_site_name":"Amstel Printing","article_modified_time":"2026-03-03T21:28:07+00:00","og_image":[{"width":324,"height":73,"url":"https:\/\/www.amstelprinting.nl\/wp-content\/uploads\/amstel_printing_logo_clean.png","type":"image\/png"}],"twitter_card":"summary_large_image","twitter_misc":{"Tiempo de lectura":"3 minutos"},"schema":{"@context":"https:\/\/schema.org","@graph":[{"@type":"WebPage","@id":"https:\/\/www.amstelprinting.nl\/es\/declaracion-de-privacidad\/","url":"https:\/\/www.amstelprinting.nl\/es\/declaracion-de-privacidad\/","name":"Declaraci\u00f3n de privacidad | Amstel Printing","isPartOf":{"@id":"https:\/\/www.amstelprinting.nl\/es\/#website"},"datePublished":"2023-03-17T17:03:47+00:00","dateModified":"2026-03-03T21:28:07+00:00","breadcrumb":{"@id":"https:\/\/www.amstelprinting.nl\/es\/declaracion-de-privacidad\/#breadcrumb"},"inLanguage":"es","potentialAction":[{"@type":"ReadAction","target":["https:\/\/www.amstelprinting.nl\/es\/declaracion-de-privacidad\/"]}]},{"@type":"BreadcrumbList","@id":"https:\/\/www.amstelprinting.nl\/es\/declaracion-de-privacidad\/#breadcrumb","itemListElement":[{"@type":"ListItem","position":1,"name":"","item":"https:\/\/www.amstelprinting.nl\/es\/"},{"@type":"ListItem","position":2,"name":"Declaraci\u00f3n de privacidad"}]},{"@type":"WebSite","@id":"https:\/\/www.amstelprinting.nl\/es\/#website","url":"https:\/\/www.amstelprinting.nl\/es\/","name":"Amstel Printing","description":"Creating Exposure","publisher":{"@id":"https:\/\/www.amstelprinting.nl\/es\/#organization"},"potentialAction":[{"@type":"SearchAction","target":{"@type":"EntryPoint","urlTemplate":"https:\/\/www.amstelprinting.nl\/es\/?s={search_term_string}"},"query-input":{"@type":"PropertyValueSpecification","valueRequired":true,"valueName":"search_term_string"}}],"inLanguage":"es"},{"@type":"Organization","@id":"https:\/\/www.amstelprinting.nl\/es\/#organization","name":"Amstel Printing","url":"https:\/\/www.amstelprinting.nl\/es\/","logo":{"@type":"ImageObject","inLanguage":"es","@id":"https:\/\/www.amstelprinting.nl\/es\/#\/schema\/logo\/image\/","url":"https:\/\/www.amstelprinting.nl\/wp-content\/uploads\/amstel_printing_logo_clean.png","contentUrl":"https:\/\/www.amstelprinting.nl\/wp-content\/uploads\/amstel_printing_logo_clean.png","width":324,"height":73,"caption":"Amstel Printing"},"image":{"@id":"https:\/\/www.amstelprinting.nl\/es\/#\/schema\/logo\/image\/"}}]}},"_links":{"self":[{"href":"https:\/\/www.amstelprinting.nl\/es\/wp-json\/wp\/v2\/pages\/27389","targetHints":{"allow":["GET"]}}],"collection":[{"href":"https:\/\/www.amstelprinting.nl\/es\/wp-json\/wp\/v2\/pages"}],"about":[{"href":"https:\/\/www.amstelprinting.nl\/es\/wp-json\/wp\/v2\/types\/page"}],"author":[{"embeddable":true,"href":"https:\/\/www.amstelprinting.nl\/es\/wp-json\/wp\/v2\/users\/1"}],"replies":[{"embeddable":true,"href":"https:\/\/www.amstelprinting.nl\/es\/wp-json\/wp\/v2\/comments?post=27389"}],"version-history":[{"count":2,"href":"https:\/\/www.amstelprinting.nl\/es\/wp-json\/wp\/v2\/pages\/27389\/revisions"}],"predecessor-version":[{"id":27417,"href":"https:\/\/www.amstelprinting.nl\/es\/wp-json\/wp\/v2\/pages\/27389\/revisions\/27417"}],"wp:attachment":[{"href":"https:\/\/www.amstelprinting.nl\/es\/wp-json\/wp\/v2\/media?parent=27389"}],"wp:term":[{"taxonomy":"category","embeddable":true,"href":"https:\/\/www.amstelprinting.nl\/es\/wp-json\/wp\/v2\/categories?post=27389"}],"curies":[{"name":"wp","href":"https:\/\/api.w.org\/{rel}","templated":true}]}}