{"id":27463,"date":"2023-03-17T18:03:47","date_gmt":"2023-03-17T17:03:47","guid":{"rendered":"https:\/\/www.amstelprinting.nl\/aviso-legal\/"},"modified":"2026-03-05T11:18:18","modified_gmt":"2026-03-05T10:18:18","slug":"aviso-legal","status":"publish","type":"page","link":"https:\/\/www.amstelprinting.nl\/es\/aviso-legal\/","title":{"rendered":"Aviso Legal"},"content":{"rendered":"<p>[et_pb_section fb_built=\u00bb1&#8243; _builder_version=\u00bb4.16&#8243; global_colors_info=\u00bb{}\u00bb][et_pb_row _builder_version=\u00bb4.16&#8243; background_size=\u00bbinitial\u00bb background_position=\u00bbtop_left\u00bb background_repeat=\u00bbrepeat\u00bb global_colors_info=\u00bb{}\u00bb][et_pb_column type=\u00bb4_4&#8243; _builder_version=\u00bb4.16&#8243; custom_padding=\u00bb|||\u00bb global_colors_info=\u00bb{}\u00bb custom_padding__hover=\u00bb|||\u00bb][et_pb_text _builder_version=\u00bb4.27.5&#8243; background_size=\u00bbinitial\u00bb background_position=\u00bbtop_left\u00bb background_repeat=\u00bbrepeat\u00bb hover_enabled=\u00bb0&#8243; global_colors_info=\u00bb{}\u00bb sticky_enabled=\u00bb0&#8243;]<\/p>\n<h2 data-start=\"224\" data-end=\"260\">Aviso Legal de Amstel Printing<\/h2>\n<p data-start=\"262\" data-end=\"477\">En esta p\u00e1gina encontrar\u00e1 el aviso legal de <strong data-start=\"303\" data-end=\"324\">amstelprinting.com, amstelprinting.nl, amstelprinting.de, amstelprinting.fr<\/strong>, <strong>amstelprinting.it<\/strong> y <strong>amstelprinting.es<\/strong>, tal como lo proporciona <strong data-start=\"357\" data-end=\"376\">Amstel Printing<\/strong>. En este aviso legal indicamos bajo qu\u00e9 reservas ofrecemos la informaci\u00f3n en nuestro sitio web.<\/p>\n<h3 data-start=\"479\" data-end=\"505\">Propiedad intelectual<\/h3>\n<p data-start=\"506\" data-end=\"665\">Todos los derechos de propiedad intelectual relacionados con este sitio web y la informaci\u00f3n publicada en \u00e9l pertenecen a Amstel Printing, salvo que se indique lo contrario.<\/p>\n<p data-start=\"667\" data-end=\"951\">El uso de la informaci\u00f3n de este sitio web est\u00e1 permitido de forma gratuita, siempre que no copie, distribuya ni utilice o haga un uso indebido de dicha informaci\u00f3n. La reutilizaci\u00f3n de la informaci\u00f3n de este sitio web solo est\u00e1 permitida en la medida en que lo permita la legislaci\u00f3n imperativa.<\/p>\n<p data-start=\"953\" data-end=\"1158\">Sin la autorizaci\u00f3n previa por escrito de Amstel Printing, no est\u00e1 permitido copiar, distribuir o utilizar de cualquier otra forma textos, im\u00e1genes u otros materiales de este sitio web.<\/p>\n<h3 data-start=\"1160\" data-end=\"1190\">Sin garant\u00eda de exactitud<\/h3>\n<p data-start=\"1191\" data-end=\"1453\">Nos esforzamos por presentar la informaci\u00f3n de nuestro sitio web de la forma m\u00e1s completa, correcta y actualizada posible. Con respecto a los precios y la informaci\u00f3n en este sitio web, procuramos ofrecer una representaci\u00f3n lo m\u00e1s fiel posible a la realidad y a los precios previstos.<\/p>\n<p data-start=\"1455\" data-end=\"1631\">Los errores evidentes o equivocaciones, como errores de programaci\u00f3n o tipogr\u00e1ficos, nunca constituir\u00e1n motivo para reclamar o asumir un acuerdo con Amstel Printing.<\/p>\n<p data-start=\"1633\" data-end=\"1797\">A pesar de nuestros esfuerzos, puede ocurrir que la informaci\u00f3n en este sitio web sea incompleta o incorrecta. Amstel Printing no puede aceptar ninguna responsabilidad al respecto.<\/p>\n<p data-start=\"1799\" data-end=\"2088\">La informaci\u00f3n y\/o los productos en este sitio web se ofrecen sin ning\u00fan tipo de garant\u00eda y sin derecho a reclamar su exactitud o integridad. Nos reservamos el derecho de modificar, eliminar o volver a publicar el contenido del sitio web sin previo aviso.<\/p>\n<p data-start=\"2090\" data-end=\"2206\">Amstel Printing no acepta ninguna responsabilidad por el contenido de los sitios web a los que se hace referencia mediante hiperv\u00ednculos.<\/p>\n<h3 data-start=\"2208\" data-end=\"2223\">Modificaciones<\/h3>\n<p data-start=\"2224\" data-end=\"2374\">Amstel Printing se reserva el derecho de modificar este aviso legal.<br \/>La versi\u00f3n m\u00e1s reciente del aviso legal estar\u00e1 siempre disponible en esta p\u00e1gina.<\/p>\n<p>[\/et_pb_text][\/et_pb_column][\/et_pb_row][\/et_pb_section]<\/p>\n","protected":false},"excerpt":{"rendered":"<p>Aviso Legal de Amstel Printing En esta p\u00e1gina&#8230;<\/p>\n","protected":false},"author":1,"featured_media":0,"parent":0,"menu_order":0,"comment_status":"closed","ping_status":"closed","template":"","meta":{"_et_pb_use_builder":"on","_et_pb_old_content":"","_et_gb_content_width":"","footnotes":""},"categories":[],"class_list":["post-27463","page","type-page","status-publish","hentry"],"yoast_head":"<!-- This site is optimized with the Yoast SEO plugin v27.3 - https:\/\/yoast.com\/product\/yoast-seo-wordpress\/ -->\n<title>Aviso Legal | Amstel Printing<\/title>\n<meta name=\"robots\" content=\"index, follow, max-snippet:-1, max-image-preview:large, max-video-preview:-1\" \/>\n<link rel=\"canonical\" href=\"https:\/\/www.amstelprinting.nl\/es\/aviso-legal\/\" \/>\n<meta property=\"og:locale\" content=\"es_ES\" \/>\n<meta property=\"og:type\" content=\"article\" \/>\n<meta property=\"og:title\" content=\"Aviso Legal | Amstel Printing\" \/>\n<meta property=\"og:description\" content=\"Aviso Legal de Amstel Printing En esta p\u00e1gina...\" \/>\n<meta property=\"og:url\" content=\"https:\/\/www.amstelprinting.nl\/es\/aviso-legal\/\" \/>\n<meta property=\"og:site_name\" content=\"Amstel Printing\" \/>\n<meta property=\"article:modified_time\" content=\"2026-03-05T10:18:18+00:00\" \/>\n<meta property=\"og:image\" content=\"https:\/\/www.amstelprinting.nl\/wp-content\/uploads\/amstel_printing_logo_clean.png\" \/>\n\t<meta property=\"og:image:width\" content=\"324\" \/>\n\t<meta property=\"og:image:height\" content=\"73\" \/>\n\t<meta property=\"og:image:type\" content=\"image\/png\" \/>\n<meta name=\"twitter:card\" content=\"summary_large_image\" \/>\n<meta name=\"twitter:label1\" content=\"Tiempo de lectura\" \/>\n\t<meta name=\"twitter:data1\" content=\"2 minutos\" \/>\n<script type=\"application\/ld+json\" class=\"yoast-schema-graph\">{\"@context\":\"https:\\\/\\\/schema.org\",\"@graph\":[{\"@type\":\"WebPage\",\"@id\":\"https:\\\/\\\/www.amstelprinting.nl\\\/es\\\/aviso-legal\\\/\",\"url\":\"https:\\\/\\\/www.amstelprinting.nl\\\/es\\\/aviso-legal\\\/\",\"name\":\"Aviso Legal | Amstel Printing\",\"isPartOf\":{\"@id\":\"https:\\\/\\\/www.amstelprinting.nl\\\/es\\\/#website\"},\"datePublished\":\"2023-03-17T17:03:47+00:00\",\"dateModified\":\"2026-03-05T10:18:18+00:00\",\"breadcrumb\":{\"@id\":\"https:\\\/\\\/www.amstelprinting.nl\\\/es\\\/aviso-legal\\\/#breadcrumb\"},\"inLanguage\":\"es\",\"potentialAction\":[{\"@type\":\"ReadAction\",\"target\":[\"https:\\\/\\\/www.amstelprinting.nl\\\/es\\\/aviso-legal\\\/\"]}]},{\"@type\":\"BreadcrumbList\",\"@id\":\"https:\\\/\\\/www.amstelprinting.nl\\\/es\\\/aviso-legal\\\/#breadcrumb\",\"itemListElement\":[{\"@type\":\"ListItem\",\"position\":1,\"name\":\"\",\"item\":\"https:\\\/\\\/www.amstelprinting.nl\\\/es\\\/\"},{\"@type\":\"ListItem\",\"position\":2,\"name\":\"Aviso Legal\"}]},{\"@type\":\"WebSite\",\"@id\":\"https:\\\/\\\/www.amstelprinting.nl\\\/es\\\/#website\",\"url\":\"https:\\\/\\\/www.amstelprinting.nl\\\/es\\\/\",\"name\":\"Amstel Printing\",\"description\":\"Creating Exposure\",\"publisher\":{\"@id\":\"https:\\\/\\\/www.amstelprinting.nl\\\/es\\\/#organization\"},\"potentialAction\":[{\"@type\":\"SearchAction\",\"target\":{\"@type\":\"EntryPoint\",\"urlTemplate\":\"https:\\\/\\\/www.amstelprinting.nl\\\/es\\\/?s={search_term_string}\"},\"query-input\":{\"@type\":\"PropertyValueSpecification\",\"valueRequired\":true,\"valueName\":\"search_term_string\"}}],\"inLanguage\":\"es\"},{\"@type\":\"Organization\",\"@id\":\"https:\\\/\\\/www.amstelprinting.nl\\\/es\\\/#organization\",\"name\":\"Amstel Printing\",\"url\":\"https:\\\/\\\/www.amstelprinting.nl\\\/es\\\/\",\"logo\":{\"@type\":\"ImageObject\",\"inLanguage\":\"es\",\"@id\":\"https:\\\/\\\/www.amstelprinting.nl\\\/es\\\/#\\\/schema\\\/logo\\\/image\\\/\",\"url\":\"https:\\\/\\\/www.amstelprinting.nl\\\/wp-content\\\/uploads\\\/amstel_printing_logo_clean.png\",\"contentUrl\":\"https:\\\/\\\/www.amstelprinting.nl\\\/wp-content\\\/uploads\\\/amstel_printing_logo_clean.png\",\"width\":324,\"height\":73,\"caption\":\"Amstel Printing\"},\"image\":{\"@id\":\"https:\\\/\\\/www.amstelprinting.nl\\\/es\\\/#\\\/schema\\\/logo\\\/image\\\/\"}}]}<\/script>\n<!-- \/ Yoast SEO plugin. -->","yoast_head_json":{"title":"Aviso Legal | Amstel Printing","robots":{"index":"index","follow":"follow","max-snippet":"max-snippet:-1","max-image-preview":"max-image-preview:large","max-video-preview":"max-video-preview:-1"},"canonical":"https:\/\/www.amstelprinting.nl\/es\/aviso-legal\/","og_locale":"es_ES","og_type":"article","og_title":"Aviso Legal | Amstel Printing","og_description":"Aviso Legal de Amstel Printing En esta p\u00e1gina...","og_url":"https:\/\/www.amstelprinting.nl\/es\/aviso-legal\/","og_site_name":"Amstel Printing","article_modified_time":"2026-03-05T10:18:18+00:00","og_image":[{"width":324,"height":73,"url":"https:\/\/www.amstelprinting.nl\/wp-content\/uploads\/amstel_printing_logo_clean.png","type":"image\/png"}],"twitter_card":"summary_large_image","twitter_misc":{"Tiempo de lectura":"2 minutos"},"schema":{"@context":"https:\/\/schema.org","@graph":[{"@type":"WebPage","@id":"https:\/\/www.amstelprinting.nl\/es\/aviso-legal\/","url":"https:\/\/www.amstelprinting.nl\/es\/aviso-legal\/","name":"Aviso Legal | Amstel Printing","isPartOf":{"@id":"https:\/\/www.amstelprinting.nl\/es\/#website"},"datePublished":"2023-03-17T17:03:47+00:00","dateModified":"2026-03-05T10:18:18+00:00","breadcrumb":{"@id":"https:\/\/www.amstelprinting.nl\/es\/aviso-legal\/#breadcrumb"},"inLanguage":"es","potentialAction":[{"@type":"ReadAction","target":["https:\/\/www.amstelprinting.nl\/es\/aviso-legal\/"]}]},{"@type":"BreadcrumbList","@id":"https:\/\/www.amstelprinting.nl\/es\/aviso-legal\/#breadcrumb","itemListElement":[{"@type":"ListItem","position":1,"name":"","item":"https:\/\/www.amstelprinting.nl\/es\/"},{"@type":"ListItem","position":2,"name":"Aviso Legal"}]},{"@type":"WebSite","@id":"https:\/\/www.amstelprinting.nl\/es\/#website","url":"https:\/\/www.amstelprinting.nl\/es\/","name":"Amstel Printing","description":"Creating Exposure","publisher":{"@id":"https:\/\/www.amstelprinting.nl\/es\/#organization"},"potentialAction":[{"@type":"SearchAction","target":{"@type":"EntryPoint","urlTemplate":"https:\/\/www.amstelprinting.nl\/es\/?s={search_term_string}"},"query-input":{"@type":"PropertyValueSpecification","valueRequired":true,"valueName":"search_term_string"}}],"inLanguage":"es"},{"@type":"Organization","@id":"https:\/\/www.amstelprinting.nl\/es\/#organization","name":"Amstel Printing","url":"https:\/\/www.amstelprinting.nl\/es\/","logo":{"@type":"ImageObject","inLanguage":"es","@id":"https:\/\/www.amstelprinting.nl\/es\/#\/schema\/logo\/image\/","url":"https:\/\/www.amstelprinting.nl\/wp-content\/uploads\/amstel_printing_logo_clean.png","contentUrl":"https:\/\/www.amstelprinting.nl\/wp-content\/uploads\/amstel_printing_logo_clean.png","width":324,"height":73,"caption":"Amstel Printing"},"image":{"@id":"https:\/\/www.amstelprinting.nl\/es\/#\/schema\/logo\/image\/"}}]}},"_links":{"self":[{"href":"https:\/\/www.amstelprinting.nl\/es\/wp-json\/wp\/v2\/pages\/27463","targetHints":{"allow":["GET"]}}],"collection":[{"href":"https:\/\/www.amstelprinting.nl\/es\/wp-json\/wp\/v2\/pages"}],"about":[{"href":"https:\/\/www.amstelprinting.nl\/es\/wp-json\/wp\/v2\/types\/page"}],"author":[{"embeddable":true,"href":"https:\/\/www.amstelprinting.nl\/es\/wp-json\/wp\/v2\/users\/1"}],"replies":[{"embeddable":true,"href":"https:\/\/www.amstelprinting.nl\/es\/wp-json\/wp\/v2\/comments?post=27463"}],"version-history":[{"count":3,"href":"https:\/\/www.amstelprinting.nl\/es\/wp-json\/wp\/v2\/pages\/27463\/revisions"}],"predecessor-version":[{"id":27496,"href":"https:\/\/www.amstelprinting.nl\/es\/wp-json\/wp\/v2\/pages\/27463\/revisions\/27496"}],"wp:attachment":[{"href":"https:\/\/www.amstelprinting.nl\/es\/wp-json\/wp\/v2\/media?parent=27463"}],"wp:term":[{"taxonomy":"category","embeddable":true,"href":"https:\/\/www.amstelprinting.nl\/es\/wp-json\/wp\/v2\/categories?post=27463"}],"curies":[{"name":"wp","href":"https:\/\/api.w.org\/{rel}","templated":true}]}}