{"id":27517,"date":"2023-03-17T18:03:47","date_gmt":"2023-03-17T17:03:47","guid":{"rendered":"https:\/\/www.amstelprinting.nl\/sitemap\/"},"modified":"2026-03-05T11:42:46","modified_gmt":"2026-03-05T10:42:46","slug":"sitemap","status":"publish","type":"page","link":"https:\/\/www.amstelprinting.nl\/es\/sitemap\/","title":{"rendered":"Sitemap"},"content":{"rendered":"<p>[et_pb_section fb_built=\u00bb1&#8243; _builder_version=\u00bb4.16&#8243; global_colors_info=\u00bb{}\u00bb][et_pb_row _builder_version=\u00bb4.16&#8243; background_size=\u00bbinitial\u00bb background_position=\u00bbtop_left\u00bb background_repeat=\u00bbrepeat\u00bb global_colors_info=\u00bb{}\u00bb][et_pb_column type=\u00bb4_4&#8243; _builder_version=\u00bb4.16&#8243; custom_padding=\u00bb|||\u00bb global_colors_info=\u00bb{}\u00bb custom_padding__hover=\u00bb|||\u00bb][et_pb_text _builder_version=\u00bb4.27.5&#8243; background_size=\u00bbinitial\u00bb background_position=\u00bbtop_left\u00bb background_repeat=\u00bbrepeat\u00bb hover_enabled=\u00bb0&#8243; global_colors_info=\u00bb{}\u00bb sticky_enabled=\u00bb0&#8243;]<\/p>\n<h2 data-start=\"0\" data-end=\"37\"><strong data-start=\"0\" data-end=\"37\">Mapa del sitio de Amstel Printing<\/strong><\/h2>\n<p><\/p>\n<p data-start=\"39\" data-end=\"466\">Bienvenido al mapa del sitio de Amstel Printing. En esta p\u00e1gina encontrar\u00e1 una visi\u00f3n general de las principales secciones de amstelprinting.nl, como nuestros servicios de impresi\u00f3n, p\u00e1ginas informativas y opciones de contacto. Con este mapa del sitio podr\u00e1 navegar r\u00e1pidamente a la p\u00e1gina correcta, por ejemplo, si desea obtener m\u00e1s informaci\u00f3n sobre trabajos de impresi\u00f3n, soluciones de impresi\u00f3n o nuestra forma de trabajar.<\/p>\n<p><\/p>\n<p data-start=\"468\" data-end=\"775\" data-is-last-node=\"\" data-is-only-node=\"\">\u00bfBusca directamente una p\u00e1gina espec\u00edfica? Utilice las categor\u00edas a continuaci\u00f3n para acceder r\u00e1pidamente a la secci\u00f3n adecuada. Si no encuentra lo que busca o tiene alguna pregunta sobre su material impreso, no dude en ponerse en contacto con nosotros \u2014 estaremos encantados de pensar con usted y ayudarle.<\/p>\n<p><\/p>\n\n\t\t<h2>P\u00e1ginas<\/h2>\n\t\t<ul class=\"sitemap-list\">\n\t\t\t<li class=\"page_item page-item-8627\"><a href=\"https:\/\/www.amstelprinting.nl\/es\/comercio\/\">Amstel Printing<\/a><\/li>\n<li class=\"page_item page-item-27463\"><a href=\"https:\/\/www.amstelprinting.nl\/es\/aviso-legal\/\">Aviso Legal<\/a><\/li>\n<li class=\"page_item page-item-24022 current_page_parent\"><a href=\"https:\/\/www.amstelprinting.nl\/es\/base-de-conocimientos\/\">Base de conocimientos<\/a><\/li>\n<li class=\"page_item page-item-8628\"><a href=\"https:\/\/www.amstelprinting.nl\/es\/carrito\/\">Carrito<\/a><\/li>\n<li class=\"page_item page-item-24435\"><a href=\"https:\/\/www.amstelprinting.nl\/es\/contacto\/\">Contacto<\/a><\/li>\n<li class=\"page_item page-item-27389\"><a href=\"https:\/\/www.amstelprinting.nl\/es\/declaracion-de-privacidad\/\">Declaraci\u00f3n de privacidad<\/a><\/li>\n<li class=\"page_item page-item-8629\"><a href=\"https:\/\/www.amstelprinting.nl\/es\/finalizar-compra\/\">Finalizar compra<\/a><\/li>\n<li class=\"page_item page-item-24154\"><a href=\"https:\/\/www.amstelprinting.nl\/es\/gestion-de-almacenes-y-ejecucion-de-pedidos\/\">Gesti\u00f3n de Almacenes y Ejecuci\u00f3n de Pedidos<\/a><\/li>\n<li class=\"page_item page-item-25849\"><a href=\"https:\/\/www.amstelprinting.nl\/es\/lista-de-deseos\/\">Lista de deseos<\/a><\/li>\n<li class=\"page_item page-item-27530\"><a href=\"https:\/\/www.amstelprinting.nl\/es\/metodos-de-pago\/\">M\u00e9todos de pago<\/a><\/li>\n<li class=\"page_item page-item-8630\"><a href=\"https:\/\/www.amstelprinting.nl\/es\/mi-cuenta\/\">Mi cuenta<\/a><\/li>\n<li class=\"page_item page-item-27442\"><a href=\"https:\/\/www.amstelprinting.nl\/es\/politica-de-cookies\/\">Pol\u00edtica de Cookies<\/a><\/li>\n<li class=\"page_item page-item-27659\"><a href=\"https:\/\/www.amstelprinting.nl\/es\/politica-de-devoluciones\/\">Pol\u00edtica de devoluciones<\/a><\/li>\n<li class=\"page_item page-item-27549\"><a href=\"https:\/\/www.amstelprinting.nl\/es\/politica-de-envio\/\">Pol\u00edtica de env\u00edo<\/a><\/li>\n<li class=\"page_item page-item-24364\"><a href=\"https:\/\/www.amstelprinting.nl\/es\/servicio-al-cliente\/\">Servicio al cliente<\/a><\/li>\n<li class=\"page_item page-item-27517\"><a href=\"https:\/\/www.amstelprinting.nl\/es\/sitemap\/\">Sitemap<\/a><\/li>\n<li class=\"page_item page-item-25812\"><a href=\"https:\/\/www.amstelprinting.nl\/es\/sobre-nosotros\/\">Sobre nosotros<\/a><\/li>\n<li class=\"page_item page-item-16105\"><a href=\"https:\/\/www.amstelprinting.nl\/es\/\">Socio de Impresi\u00f3n en Marketing y Compras &#8211; Amstel Printing<\/a><\/li>\n<li class=\"page_item page-item-24221\"><a href=\"https:\/\/www.amstelprinting.nl\/es\/soluciones-de-adquisicion-e-integraciones\/\">Soluciones e Integraciones de Procurement<\/a><\/li>\n\t\t<\/ul>\n\t\t\n<p>[\/et_pb_text][\/et_pb_column][\/et_pb_row][\/et_pb_section]<\/p>\n","protected":false},"excerpt":{"rendered":"<p>Mapa del sitio de Amstel Printing Bienvenido al mapa&#8230;<\/p>\n","protected":false},"author":1,"featured_media":0,"parent":0,"menu_order":0,"comment_status":"closed","ping_status":"closed","template":"","meta":{"_et_pb_use_builder":"on","_et_pb_old_content":"","_et_gb_content_width":"","footnotes":""},"categories":[],"class_list":["post-27517","page","type-page","status-publish","hentry"],"yoast_head":"<!-- This site is optimized with the Yoast SEO plugin v27.3 - https:\/\/yoast.com\/product\/yoast-seo-wordpress\/ -->\n<title>Sitemap | Amstel Printing<\/title>\n<meta name=\"robots\" content=\"index, follow, max-snippet:-1, max-image-preview:large, max-video-preview:-1\" \/>\n<link rel=\"canonical\" href=\"https:\/\/www.amstelprinting.nl\/es\/sitemap\/\" \/>\n<meta property=\"og:locale\" content=\"es_ES\" \/>\n<meta property=\"og:type\" content=\"article\" \/>\n<meta property=\"og:title\" content=\"Sitemap | Amstel Printing\" \/>\n<meta property=\"og:description\" content=\"Mapa del sitio de Amstel Printing Bienvenido al mapa...\" \/>\n<meta property=\"og:url\" content=\"https:\/\/www.amstelprinting.nl\/es\/sitemap\/\" \/>\n<meta property=\"og:site_name\" content=\"Amstel Printing\" \/>\n<meta property=\"article:modified_time\" content=\"2026-03-05T10:42:46+00:00\" \/>\n<meta property=\"og:image\" content=\"https:\/\/www.amstelprinting.nl\/wp-content\/uploads\/amstel_printing_logo_clean.png\" \/>\n\t<meta property=\"og:image:width\" content=\"324\" \/>\n\t<meta property=\"og:image:height\" content=\"73\" \/>\n\t<meta property=\"og:image:type\" content=\"image\/png\" \/>\n<meta name=\"twitter:card\" content=\"summary_large_image\" \/>\n<meta name=\"twitter:label1\" content=\"Tiempo de lectura\" \/>\n\t<meta name=\"twitter:data1\" content=\"1 minuto\" \/>\n<script type=\"application\/ld+json\" class=\"yoast-schema-graph\">{\"@context\":\"https:\\\/\\\/schema.org\",\"@graph\":[{\"@type\":\"WebPage\",\"@id\":\"https:\\\/\\\/www.amstelprinting.nl\\\/es\\\/sitemap\\\/\",\"url\":\"https:\\\/\\\/www.amstelprinting.nl\\\/es\\\/sitemap\\\/\",\"name\":\"Sitemap | Amstel Printing\",\"isPartOf\":{\"@id\":\"https:\\\/\\\/www.amstelprinting.nl\\\/es\\\/#website\"},\"datePublished\":\"2023-03-17T17:03:47+00:00\",\"dateModified\":\"2026-03-05T10:42:46+00:00\",\"breadcrumb\":{\"@id\":\"https:\\\/\\\/www.amstelprinting.nl\\\/es\\\/sitemap\\\/#breadcrumb\"},\"inLanguage\":\"es\",\"potentialAction\":[{\"@type\":\"ReadAction\",\"target\":[\"https:\\\/\\\/www.amstelprinting.nl\\\/es\\\/sitemap\\\/\"]}]},{\"@type\":\"BreadcrumbList\",\"@id\":\"https:\\\/\\\/www.amstelprinting.nl\\\/es\\\/sitemap\\\/#breadcrumb\",\"itemListElement\":[{\"@type\":\"ListItem\",\"position\":1,\"name\":\"\",\"item\":\"https:\\\/\\\/www.amstelprinting.nl\\\/es\\\/\"},{\"@type\":\"ListItem\",\"position\":2,\"name\":\"Sitemap\"}]},{\"@type\":\"WebSite\",\"@id\":\"https:\\\/\\\/www.amstelprinting.nl\\\/es\\\/#website\",\"url\":\"https:\\\/\\\/www.amstelprinting.nl\\\/es\\\/\",\"name\":\"Amstel Printing\",\"description\":\"Creating Exposure\",\"publisher\":{\"@id\":\"https:\\\/\\\/www.amstelprinting.nl\\\/es\\\/#organization\"},\"potentialAction\":[{\"@type\":\"SearchAction\",\"target\":{\"@type\":\"EntryPoint\",\"urlTemplate\":\"https:\\\/\\\/www.amstelprinting.nl\\\/es\\\/?s={search_term_string}\"},\"query-input\":{\"@type\":\"PropertyValueSpecification\",\"valueRequired\":true,\"valueName\":\"search_term_string\"}}],\"inLanguage\":\"es\"},{\"@type\":\"Organization\",\"@id\":\"https:\\\/\\\/www.amstelprinting.nl\\\/es\\\/#organization\",\"name\":\"Amstel Printing\",\"url\":\"https:\\\/\\\/www.amstelprinting.nl\\\/es\\\/\",\"logo\":{\"@type\":\"ImageObject\",\"inLanguage\":\"es\",\"@id\":\"https:\\\/\\\/www.amstelprinting.nl\\\/es\\\/#\\\/schema\\\/logo\\\/image\\\/\",\"url\":\"https:\\\/\\\/www.amstelprinting.nl\\\/wp-content\\\/uploads\\\/amstel_printing_logo_clean.png\",\"contentUrl\":\"https:\\\/\\\/www.amstelprinting.nl\\\/wp-content\\\/uploads\\\/amstel_printing_logo_clean.png\",\"width\":324,\"height\":73,\"caption\":\"Amstel Printing\"},\"image\":{\"@id\":\"https:\\\/\\\/www.amstelprinting.nl\\\/es\\\/#\\\/schema\\\/logo\\\/image\\\/\"}}]}<\/script>\n<!-- \/ Yoast SEO plugin. -->","yoast_head_json":{"title":"Sitemap | Amstel Printing","robots":{"index":"index","follow":"follow","max-snippet":"max-snippet:-1","max-image-preview":"max-image-preview:large","max-video-preview":"max-video-preview:-1"},"canonical":"https:\/\/www.amstelprinting.nl\/es\/sitemap\/","og_locale":"es_ES","og_type":"article","og_title":"Sitemap | Amstel Printing","og_description":"Mapa del sitio de Amstel Printing Bienvenido al mapa...","og_url":"https:\/\/www.amstelprinting.nl\/es\/sitemap\/","og_site_name":"Amstel Printing","article_modified_time":"2026-03-05T10:42:46+00:00","og_image":[{"width":324,"height":73,"url":"https:\/\/www.amstelprinting.nl\/wp-content\/uploads\/amstel_printing_logo_clean.png","type":"image\/png"}],"twitter_card":"summary_large_image","twitter_misc":{"Tiempo de lectura":"1 minuto"},"schema":{"@context":"https:\/\/schema.org","@graph":[{"@type":"WebPage","@id":"https:\/\/www.amstelprinting.nl\/es\/sitemap\/","url":"https:\/\/www.amstelprinting.nl\/es\/sitemap\/","name":"Sitemap | Amstel Printing","isPartOf":{"@id":"https:\/\/www.amstelprinting.nl\/es\/#website"},"datePublished":"2023-03-17T17:03:47+00:00","dateModified":"2026-03-05T10:42:46+00:00","breadcrumb":{"@id":"https:\/\/www.amstelprinting.nl\/es\/sitemap\/#breadcrumb"},"inLanguage":"es","potentialAction":[{"@type":"ReadAction","target":["https:\/\/www.amstelprinting.nl\/es\/sitemap\/"]}]},{"@type":"BreadcrumbList","@id":"https:\/\/www.amstelprinting.nl\/es\/sitemap\/#breadcrumb","itemListElement":[{"@type":"ListItem","position":1,"name":"","item":"https:\/\/www.amstelprinting.nl\/es\/"},{"@type":"ListItem","position":2,"name":"Sitemap"}]},{"@type":"WebSite","@id":"https:\/\/www.amstelprinting.nl\/es\/#website","url":"https:\/\/www.amstelprinting.nl\/es\/","name":"Amstel Printing","description":"Creating Exposure","publisher":{"@id":"https:\/\/www.amstelprinting.nl\/es\/#organization"},"potentialAction":[{"@type":"SearchAction","target":{"@type":"EntryPoint","urlTemplate":"https:\/\/www.amstelprinting.nl\/es\/?s={search_term_string}"},"query-input":{"@type":"PropertyValueSpecification","valueRequired":true,"valueName":"search_term_string"}}],"inLanguage":"es"},{"@type":"Organization","@id":"https:\/\/www.amstelprinting.nl\/es\/#organization","name":"Amstel Printing","url":"https:\/\/www.amstelprinting.nl\/es\/","logo":{"@type":"ImageObject","inLanguage":"es","@id":"https:\/\/www.amstelprinting.nl\/es\/#\/schema\/logo\/image\/","url":"https:\/\/www.amstelprinting.nl\/wp-content\/uploads\/amstel_printing_logo_clean.png","contentUrl":"https:\/\/www.amstelprinting.nl\/wp-content\/uploads\/amstel_printing_logo_clean.png","width":324,"height":73,"caption":"Amstel Printing"},"image":{"@id":"https:\/\/www.amstelprinting.nl\/es\/#\/schema\/logo\/image\/"}}]}},"_links":{"self":[{"href":"https:\/\/www.amstelprinting.nl\/es\/wp-json\/wp\/v2\/pages\/27517","targetHints":{"allow":["GET"]}}],"collection":[{"href":"https:\/\/www.amstelprinting.nl\/es\/wp-json\/wp\/v2\/pages"}],"about":[{"href":"https:\/\/www.amstelprinting.nl\/es\/wp-json\/wp\/v2\/types\/page"}],"author":[{"embeddable":true,"href":"https:\/\/www.amstelprinting.nl\/es\/wp-json\/wp\/v2\/users\/1"}],"replies":[{"embeddable":true,"href":"https:\/\/www.amstelprinting.nl\/es\/wp-json\/wp\/v2\/comments?post=27517"}],"version-history":[{"count":5,"href":"https:\/\/www.amstelprinting.nl\/es\/wp-json\/wp\/v2\/pages\/27517\/revisions"}],"predecessor-version":[{"id":27522,"href":"https:\/\/www.amstelprinting.nl\/es\/wp-json\/wp\/v2\/pages\/27517\/revisions\/27522"}],"wp:attachment":[{"href":"https:\/\/www.amstelprinting.nl\/es\/wp-json\/wp\/v2\/media?parent=27517"}],"wp:term":[{"taxonomy":"category","embeddable":true,"href":"https:\/\/www.amstelprinting.nl\/es\/wp-json\/wp\/v2\/categories?post=27517"}],"curies":[{"name":"wp","href":"https:\/\/api.w.org\/{rel}","templated":true}]}}