{"id":27530,"date":"2026-03-09T12:13:30","date_gmt":"2026-03-09T11:13:30","guid":{"rendered":"https:\/\/www.amstelprinting.nl\/?page_id=27530"},"modified":"2026-03-09T14:08:39","modified_gmt":"2026-03-09T13:08:39","slug":"metodos-de-pago","status":"publish","type":"page","link":"https:\/\/www.amstelprinting.nl\/es\/metodos-de-pago\/","title":{"rendered":"M\u00e9todos de pago"},"content":{"rendered":"<p>[et_pb_section fb_built=\u00bb1&#8243; _builder_version=\u00bb4.16&#8243; global_colors_info=\u00bb{}\u00bb][et_pb_row _builder_version=\u00bb4.16&#8243; background_size=\u00bbinitial\u00bb background_position=\u00bbtop_left\u00bb background_repeat=\u00bbrepeat\u00bb global_colors_info=\u00bb{}\u00bb][et_pb_column type=\u00bb4_4&#8243; _builder_version=\u00bb4.16&#8243; custom_padding=\u00bb|||\u00bb global_colors_info=\u00bb{}\u00bb custom_padding__hover=\u00bb|||\u00bb][et_pb_text _builder_version=\u00bb4.27.5&#8243; background_size=\u00bbinitial\u00bb background_position=\u00bbtop_left\u00bb background_repeat=\u00bbrepeat\u00bb hover_enabled=\u00bb0&#8243; global_colors_info=\u00bb{}\u00bb sticky_enabled=\u00bb0&#8243;]<\/p>\n<h1>M\u00e9todos de pago<\/h1>\n<p>En <strong>Amstel Printing<\/strong> puede pagar en l\u00ednea de forma segura, r\u00e1pida y sencilla con diferentes m\u00e9todos de pago nacionales e internacionales. Ya sea que desee <strong>imprimir banderas, pedir beachflags o imprimir banners<\/strong>, siempre puede elegir una opci\u00f3n de pago fiable.<\/p>\n<p>Todos los pagos se procesan a trav\u00e9s de una conexi\u00f3n SSL segura y un proveedor de pagos certificado. De esta manera, sus datos de pago se procesan de forma segura y est\u00e1n protegidos contra el uso indebido.<\/p>\n<h2>Pagar en l\u00ednea de forma segura<\/h2>\n<p>Cuando realiza un pedido en Amstel Printing, el pago se procesa a trav\u00e9s de un entorno de pago seguro. Esto significa que:<\/p>\n<ul>\n<li>todos los datos se transmiten cifrados mediante seguridad SSL<\/li>\n<li>los pagos se realizan a trav\u00e9s de un proveedor de pagos certificado<\/li>\n<li>Amstel Printing no almacena los datos completos de pago<\/li>\n<\/ul>\n<p>De esta manera puede pedir en l\u00ednea con confianza <strong>banderas, beachflags, banners y otros productos impresos<\/strong>.<\/p>\n<h2>M\u00e9todos de pago disponibles<\/h2>\n<h3>Pay by Bank<\/h3>\n<p>Con Pay by Bank puede pagar directamente a trav\u00e9s del entorno de banca en l\u00ednea de su propio banco. El pago se procesa inmediatamente, lo que permite iniciar r\u00e1pidamente la producci\u00f3n de su pedido.<\/p>\n<h3>Tarjeta de cr\u00e9dito<\/h3>\n<p>Aceptamos pagos con diferentes tarjetas de cr\u00e9dito, como Visa y Mastercard. Los pagos con tarjeta de cr\u00e9dito se procesan a trav\u00e9s de un entorno de pago seguro y a menudo ofrecen protecci\u00f3n adicional para el comprador.<\/p>\n<h3>PayPal<\/h3>\n<p>Con PayPal puede pagar f\u00e1cilmente a trav\u00e9s de su cuenta de PayPal. PayPal ofrece protecci\u00f3n adicional para el comprador y un procesamiento r\u00e1pido del pago.<\/p>\n<h3>Bancontact<\/h3>\n<p>Los clientes de B\u00e9lgica pueden pagar de forma segura a trav\u00e9s de Bancontact. Este m\u00e9todo de pago se procesa directamente a trav\u00e9s del entorno bancario de confianza.<\/p>\n<h3>Bot\u00f3n de pago KBC\/CBC<\/h3>\n<p>Los clientes de KBC y CBC pueden pagar f\u00e1cilmente en l\u00ednea mediante el bot\u00f3n de pago KBC\/CBC.<\/p>\n<h3>Belfius Pay Button<\/h3>\n<p>Con el Belfius Pay Button, los clientes de Belfius Bank pueden pagar en l\u00ednea de forma segura a trav\u00e9s de su propio entorno bancario.<\/p>\n<h3>EPS<\/h3>\n<p>EPS (Electronic Payment Standard) es un m\u00e9todo de pago popular en Austria y permite pagar directamente a trav\u00e9s de su banco.<\/p>\n<h3>Bancomat Pay<\/h3>\n<p>Bancomat Pay se utiliza ampliamente en Italia y permite realizar pagos en l\u00ednea a trav\u00e9s de una cuenta bancaria vinculada.<\/p>\n<h3>Satispay<\/h3>\n<p>Satispay es un m\u00e9todo de pago m\u00f3vil que permite realizar pagos en l\u00ednea de forma r\u00e1pida y sencilla.<\/p>\n<h3>Transferencia bancaria directa<\/h3>\n<p>Tambi\u00e9n puede optar por una transferencia bancaria directa. Despu\u00e9s de realizar su pedido recibir\u00e1 los datos de pago. Tenga en cuenta un tiempo de procesamiento de 1 a 3 d\u00edas laborables.<\/p>\n<h2>\u00bfCu\u00e1ndo se procesa un pedido?<\/h2>\n<p>La producci\u00f3n de su pedido comienza en cuanto:<\/p>\n<ul>\n<li>el pago se haya recibido correctamente<\/li>\n<li>los posibles archivos de impresi\u00f3n hayan sido revisados y aprobados<\/li>\n<\/ul>\n<p>Esto se aplica a todos los productos personalizados como <strong>banderas impresas, beachflags, banners y otros productos promocionales impresos<\/strong>.<\/p>\n<p>[\/et_pb_text][\/et_pb_column][\/et_pb_row][\/et_pb_section]<\/p>\n","protected":false},"excerpt":{"rendered":"<p>M\u00e9todos de pago En Amstel Printing puede pagar en&#8230;<\/p>\n","protected":false},"author":4,"featured_media":0,"parent":0,"menu_order":0,"comment_status":"closed","ping_status":"closed","template":"","meta":{"_et_pb_use_builder":"on","_et_pb_old_content":"","_et_gb_content_width":"","footnotes":""},"categories":[],"class_list":["post-27530","page","type-page","status-publish","hentry"],"yoast_head":"<!-- This site is optimized with the Yoast SEO plugin v27.3 - https:\/\/yoast.com\/product\/yoast-seo-wordpress\/ -->\n<title>M\u00e9todos de pago | Amstel Printing<\/title>\n<meta name=\"robots\" content=\"index, follow, max-snippet:-1, max-image-preview:large, max-video-preview:-1\" \/>\n<link rel=\"canonical\" href=\"https:\/\/www.amstelprinting.nl\/es\/metodos-de-pago\/\" \/>\n<meta property=\"og:locale\" content=\"es_ES\" \/>\n<meta property=\"og:type\" content=\"article\" \/>\n<meta property=\"og:title\" content=\"M\u00e9todos de pago | Amstel Printing\" \/>\n<meta property=\"og:description\" content=\"M\u00e9todos de pago En Amstel Printing puede pagar en...\" \/>\n<meta property=\"og:url\" content=\"https:\/\/www.amstelprinting.nl\/es\/metodos-de-pago\/\" \/>\n<meta property=\"og:site_name\" content=\"Amstel Printing\" \/>\n<meta property=\"article:modified_time\" content=\"2026-03-09T13:08:39+00:00\" \/>\n<meta property=\"og:image\" content=\"https:\/\/www.amstelprinting.nl\/wp-content\/uploads\/amstel_printing_logo_clean.png\" \/>\n\t<meta property=\"og:image:width\" content=\"324\" \/>\n\t<meta property=\"og:image:height\" content=\"73\" \/>\n\t<meta property=\"og:image:type\" content=\"image\/png\" \/>\n<meta name=\"twitter:card\" content=\"summary_large_image\" \/>\n<meta name=\"twitter:label1\" content=\"Tiempo de lectura\" \/>\n\t<meta name=\"twitter:data1\" content=\"3 minutos\" \/>\n<script type=\"application\/ld+json\" class=\"yoast-schema-graph\">{\"@context\":\"https:\\\/\\\/schema.org\",\"@graph\":[{\"@type\":\"WebPage\",\"@id\":\"https:\\\/\\\/www.amstelprinting.nl\\\/es\\\/metodos-de-pago\\\/\",\"url\":\"https:\\\/\\\/www.amstelprinting.nl\\\/es\\\/metodos-de-pago\\\/\",\"name\":\"M\u00e9todos de pago | Amstel Printing\",\"isPartOf\":{\"@id\":\"https:\\\/\\\/www.amstelprinting.nl\\\/es\\\/#website\"},\"datePublished\":\"2026-03-09T11:13:30+00:00\",\"dateModified\":\"2026-03-09T13:08:39+00:00\",\"breadcrumb\":{\"@id\":\"https:\\\/\\\/www.amstelprinting.nl\\\/es\\\/metodos-de-pago\\\/#breadcrumb\"},\"inLanguage\":\"es\",\"potentialAction\":[{\"@type\":\"ReadAction\",\"target\":[\"https:\\\/\\\/www.amstelprinting.nl\\\/es\\\/metodos-de-pago\\\/\"]}]},{\"@type\":\"BreadcrumbList\",\"@id\":\"https:\\\/\\\/www.amstelprinting.nl\\\/es\\\/metodos-de-pago\\\/#breadcrumb\",\"itemListElement\":[{\"@type\":\"ListItem\",\"position\":1,\"name\":\"\",\"item\":\"https:\\\/\\\/www.amstelprinting.nl\\\/es\\\/\"},{\"@type\":\"ListItem\",\"position\":2,\"name\":\"M\u00e9todos de pago\"}]},{\"@type\":\"WebSite\",\"@id\":\"https:\\\/\\\/www.amstelprinting.nl\\\/es\\\/#website\",\"url\":\"https:\\\/\\\/www.amstelprinting.nl\\\/es\\\/\",\"name\":\"Amstel Printing\",\"description\":\"Creating Exposure\",\"publisher\":{\"@id\":\"https:\\\/\\\/www.amstelprinting.nl\\\/es\\\/#organization\"},\"potentialAction\":[{\"@type\":\"SearchAction\",\"target\":{\"@type\":\"EntryPoint\",\"urlTemplate\":\"https:\\\/\\\/www.amstelprinting.nl\\\/es\\\/?s={search_term_string}\"},\"query-input\":{\"@type\":\"PropertyValueSpecification\",\"valueRequired\":true,\"valueName\":\"search_term_string\"}}],\"inLanguage\":\"es\"},{\"@type\":\"Organization\",\"@id\":\"https:\\\/\\\/www.amstelprinting.nl\\\/es\\\/#organization\",\"name\":\"Amstel Printing\",\"url\":\"https:\\\/\\\/www.amstelprinting.nl\\\/es\\\/\",\"logo\":{\"@type\":\"ImageObject\",\"inLanguage\":\"es\",\"@id\":\"https:\\\/\\\/www.amstelprinting.nl\\\/es\\\/#\\\/schema\\\/logo\\\/image\\\/\",\"url\":\"https:\\\/\\\/www.amstelprinting.nl\\\/wp-content\\\/uploads\\\/amstel_printing_logo_clean.png\",\"contentUrl\":\"https:\\\/\\\/www.amstelprinting.nl\\\/wp-content\\\/uploads\\\/amstel_printing_logo_clean.png\",\"width\":324,\"height\":73,\"caption\":\"Amstel Printing\"},\"image\":{\"@id\":\"https:\\\/\\\/www.amstelprinting.nl\\\/es\\\/#\\\/schema\\\/logo\\\/image\\\/\"}}]}<\/script>\n<!-- \/ Yoast SEO plugin. -->","yoast_head_json":{"title":"M\u00e9todos de pago | Amstel Printing","robots":{"index":"index","follow":"follow","max-snippet":"max-snippet:-1","max-image-preview":"max-image-preview:large","max-video-preview":"max-video-preview:-1"},"canonical":"https:\/\/www.amstelprinting.nl\/es\/metodos-de-pago\/","og_locale":"es_ES","og_type":"article","og_title":"M\u00e9todos de pago | Amstel Printing","og_description":"M\u00e9todos de pago En Amstel Printing puede pagar en...","og_url":"https:\/\/www.amstelprinting.nl\/es\/metodos-de-pago\/","og_site_name":"Amstel Printing","article_modified_time":"2026-03-09T13:08:39+00:00","og_image":[{"width":324,"height":73,"url":"https:\/\/www.amstelprinting.nl\/wp-content\/uploads\/amstel_printing_logo_clean.png","type":"image\/png"}],"twitter_card":"summary_large_image","twitter_misc":{"Tiempo de lectura":"3 minutos"},"schema":{"@context":"https:\/\/schema.org","@graph":[{"@type":"WebPage","@id":"https:\/\/www.amstelprinting.nl\/es\/metodos-de-pago\/","url":"https:\/\/www.amstelprinting.nl\/es\/metodos-de-pago\/","name":"M\u00e9todos de pago | Amstel Printing","isPartOf":{"@id":"https:\/\/www.amstelprinting.nl\/es\/#website"},"datePublished":"2026-03-09T11:13:30+00:00","dateModified":"2026-03-09T13:08:39+00:00","breadcrumb":{"@id":"https:\/\/www.amstelprinting.nl\/es\/metodos-de-pago\/#breadcrumb"},"inLanguage":"es","potentialAction":[{"@type":"ReadAction","target":["https:\/\/www.amstelprinting.nl\/es\/metodos-de-pago\/"]}]},{"@type":"BreadcrumbList","@id":"https:\/\/www.amstelprinting.nl\/es\/metodos-de-pago\/#breadcrumb","itemListElement":[{"@type":"ListItem","position":1,"name":"","item":"https:\/\/www.amstelprinting.nl\/es\/"},{"@type":"ListItem","position":2,"name":"M\u00e9todos de pago"}]},{"@type":"WebSite","@id":"https:\/\/www.amstelprinting.nl\/es\/#website","url":"https:\/\/www.amstelprinting.nl\/es\/","name":"Amstel Printing","description":"Creating Exposure","publisher":{"@id":"https:\/\/www.amstelprinting.nl\/es\/#organization"},"potentialAction":[{"@type":"SearchAction","target":{"@type":"EntryPoint","urlTemplate":"https:\/\/www.amstelprinting.nl\/es\/?s={search_term_string}"},"query-input":{"@type":"PropertyValueSpecification","valueRequired":true,"valueName":"search_term_string"}}],"inLanguage":"es"},{"@type":"Organization","@id":"https:\/\/www.amstelprinting.nl\/es\/#organization","name":"Amstel Printing","url":"https:\/\/www.amstelprinting.nl\/es\/","logo":{"@type":"ImageObject","inLanguage":"es","@id":"https:\/\/www.amstelprinting.nl\/es\/#\/schema\/logo\/image\/","url":"https:\/\/www.amstelprinting.nl\/wp-content\/uploads\/amstel_printing_logo_clean.png","contentUrl":"https:\/\/www.amstelprinting.nl\/wp-content\/uploads\/amstel_printing_logo_clean.png","width":324,"height":73,"caption":"Amstel Printing"},"image":{"@id":"https:\/\/www.amstelprinting.nl\/es\/#\/schema\/logo\/image\/"}}]}},"_links":{"self":[{"href":"https:\/\/www.amstelprinting.nl\/es\/wp-json\/wp\/v2\/pages\/27530","targetHints":{"allow":["GET"]}}],"collection":[{"href":"https:\/\/www.amstelprinting.nl\/es\/wp-json\/wp\/v2\/pages"}],"about":[{"href":"https:\/\/www.amstelprinting.nl\/es\/wp-json\/wp\/v2\/types\/page"}],"author":[{"embeddable":true,"href":"https:\/\/www.amstelprinting.nl\/es\/wp-json\/wp\/v2\/users\/4"}],"replies":[{"embeddable":true,"href":"https:\/\/www.amstelprinting.nl\/es\/wp-json\/wp\/v2\/comments?post=27530"}],"version-history":[{"count":3,"href":"https:\/\/www.amstelprinting.nl\/es\/wp-json\/wp\/v2\/pages\/27530\/revisions"}],"predecessor-version":[{"id":27611,"href":"https:\/\/www.amstelprinting.nl\/es\/wp-json\/wp\/v2\/pages\/27530\/revisions\/27611"}],"wp:attachment":[{"href":"https:\/\/www.amstelprinting.nl\/es\/wp-json\/wp\/v2\/media?parent=27530"}],"wp:term":[{"taxonomy":"category","embeddable":true,"href":"https:\/\/www.amstelprinting.nl\/es\/wp-json\/wp\/v2\/categories?post=27530"}],"curies":[{"name":"wp","href":"https:\/\/api.w.org\/{rel}","templated":true}]}}