{"id":27549,"date":"2026-03-09T12:51:18","date_gmt":"2026-03-09T11:51:18","guid":{"rendered":"https:\/\/www.amstelprinting.nl\/?page_id=27549"},"modified":"2026-03-09T14:51:28","modified_gmt":"2026-03-09T13:51:28","slug":"politica-de-envio","status":"publish","type":"page","link":"https:\/\/www.amstelprinting.nl\/es\/politica-de-envio\/","title":{"rendered":"Pol\u00edtica de env\u00edo"},"content":{"rendered":"<p>[et_pb_section fb_built=\u00bb1&#8243; _builder_version=\u00bb4.16&#8243; global_colors_info=\u00bb{}\u00bb][et_pb_row _builder_version=\u00bb4.16&#8243; background_size=\u00bbinitial\u00bb background_position=\u00bbtop_left\u00bb background_repeat=\u00bbrepeat\u00bb global_colors_info=\u00bb{}\u00bb][et_pb_column type=\u00bb4_4&#8243; _builder_version=\u00bb4.16&#8243; custom_padding=\u00bb|||\u00bb global_colors_info=\u00bb{}\u00bb custom_padding__hover=\u00bb|||\u00bb][et_pb_text _builder_version=\u00bb4.27.5&#8243; background_size=\u00bbinitial\u00bb background_position=\u00bbtop_left\u00bb background_repeat=\u00bbrepeat\u00bb hover_enabled=\u00bb0&#8243; global_colors_info=\u00bb{}\u00bb sticky_enabled=\u00bb0&#8243;]<\/p>\n<h1>Pol\u00edtica de env\u00edo<\/h1>\n<p>En <strong>Amstel Printing<\/strong> muchos productos se fabrican especialmente a medida. Por ejemplo, <strong>banderas personalizadas, beachflags, banners publicitarios y otros productos promocionales impresos<\/strong>.<\/p>\n<p>El plazo total de entrega consta de dos partes:<\/p>\n<ul>\n<li>tiempo de producci\u00f3n<\/li>\n<li>tiempo de env\u00edo<\/li>\n<\/ul>\n<h2>Producci\u00f3n de productos personalizados<\/h2>\n<p>Muchos productos de nuestra tienda online se fabrican especialmente despu\u00e9s de realizar el pedido, como por ejemplo:<\/p>\n<ul>\n<li>impresi\u00f3n de banderas<\/li>\n<li>pedido de beachflags<\/li>\n<li>impresi\u00f3n de banners publicitarios<\/li>\n<li>displays promocionales<\/li>\n<li>productos textiles impresos<\/li>\n<\/ul>\n<p>La producci\u00f3n comienza una vez que:<\/p>\n<ul>\n<li>se ha recibido el pago<\/li>\n<li>se han revisado los archivos de impresi\u00f3n<\/li>\n<li>se han aprobado las pruebas de impresi\u00f3n, si corresponde<\/li>\n<\/ul>\n<h2>Tiempo de producci\u00f3n<\/h2>\n<p>El tiempo medio de producci\u00f3n es de aproximadamente <strong>5 a 7 d\u00edas laborables<\/strong>. El tiempo exacto puede variar seg\u00fan:<\/p>\n<ul>\n<li>el tipo de producto<\/li>\n<li>el tama\u00f1o o formato<\/li>\n<li>la cantidad solicitada<\/li>\n<li>los acabados seleccionados<\/li>\n<\/ul>\n<h2>Producci\u00f3n urgente<\/h2>\n<p>Para algunos productos ofrecemos la opci\u00f3n de producci\u00f3n urgente. Esto permite producir y entregar su pedido con mayor rapidez.<\/p>\n<p>En muchos casos, la entrega puede realizarse en un plazo de <strong>2 a 3 d\u00edas laborables<\/strong> despu\u00e9s de la aprobaci\u00f3n del archivo de impresi\u00f3n.<\/p>\n<h2>Empresas de transporte<\/h2>\n<p>Amstel Printing trabaja con transportistas y socios log\u00edsticos fiables para entregar los pedidos de forma segura.<\/p>\n<p>Dependiendo del pedido, se utilizan:<\/p>\n<ul>\n<li>servicios de paqueter\u00eda<\/li>\n<li>empresas de transporte<\/li>\n<li>env\u00edos en pal\u00e9 para pedidos de gran volumen<\/li>\n<\/ul>\n<h2>Gastos de env\u00edo<\/h2>\n<p>Los gastos de env\u00edo se calculan autom\u00e1ticamente durante el proceso de compra. Estos dependen de:<\/p>\n<ul>\n<li>el tama\u00f1o del producto<\/li>\n<li>el peso del pedido<\/li>\n<li>la direcci\u00f3n de entrega<\/li>\n<li>el pa\u00eds de destino<\/li>\n<\/ul>\n<p>El importe exacto de los gastos de env\u00edo siempre se muestra antes de confirmar el pedido.<\/p>\n<h2>Zonas de entrega<\/h2>\n<p>Amstel Printing realiza env\u00edos a los Pa\u00edses Bajos, B\u00e9lgica y a diversos pa\u00edses de Europa.<\/p>\n<h2>Seguimiento del env\u00edo<\/h2>\n<p>Una vez que su pedido haya sido enviado, recibir\u00e1 \u2014si est\u00e1 disponible\u2014 un c\u00f3digo de seguimiento (track &amp; trace) que le permitir\u00e1 seguir el estado de su env\u00edo.<\/p>\n<h2>Comprobaci\u00f3n al recibir el pedido<\/h2>\n<p>Le recomendamos revisar su pedido inmediatamente despu\u00e9s de recibirlo y comunicar cualquier da\u00f1o o discrepancia lo antes posible a nuestro servicio de atenci\u00f3n al cliente.<\/p>\n<p>[\/et_pb_text][\/et_pb_column][\/et_pb_row][\/et_pb_section]<\/p>\n","protected":false},"excerpt":{"rendered":"<p>Pol\u00edtica de env\u00edo En Amstel Printing muchos productos&#8230;<\/p>\n","protected":false},"author":4,"featured_media":0,"parent":0,"menu_order":0,"comment_status":"closed","ping_status":"closed","template":"","meta":{"_et_pb_use_builder":"on","_et_pb_old_content":"","_et_gb_content_width":"","footnotes":""},"categories":[],"class_list":["post-27549","page","type-page","status-publish","hentry"],"yoast_head":"<!-- This site is optimized with the Yoast SEO plugin v27.3 - https:\/\/yoast.com\/product\/yoast-seo-wordpress\/ -->\n<title>Pol\u00edtica de env\u00edo | Amstel Printing<\/title>\n<meta name=\"robots\" content=\"index, follow, max-snippet:-1, max-image-preview:large, max-video-preview:-1\" \/>\n<link rel=\"canonical\" href=\"https:\/\/www.amstelprinting.nl\/es\/politica-de-envio\/\" \/>\n<meta property=\"og:locale\" content=\"es_ES\" \/>\n<meta property=\"og:type\" content=\"article\" \/>\n<meta property=\"og:title\" content=\"Pol\u00edtica de env\u00edo | Amstel Printing\" \/>\n<meta property=\"og:description\" content=\"Pol\u00edtica de env\u00edo En Amstel Printing muchos productos...\" \/>\n<meta property=\"og:url\" content=\"https:\/\/www.amstelprinting.nl\/es\/politica-de-envio\/\" \/>\n<meta property=\"og:site_name\" content=\"Amstel Printing\" \/>\n<meta property=\"article:modified_time\" content=\"2026-03-09T13:51:28+00:00\" \/>\n<meta property=\"og:image\" content=\"https:\/\/www.amstelprinting.nl\/wp-content\/uploads\/amstel_printing_logo_clean.png\" \/>\n\t<meta property=\"og:image:width\" content=\"324\" \/>\n\t<meta property=\"og:image:height\" content=\"73\" \/>\n\t<meta property=\"og:image:type\" content=\"image\/png\" \/>\n<meta name=\"twitter:card\" content=\"summary_large_image\" \/>\n<meta name=\"twitter:label1\" content=\"Tiempo de lectura\" \/>\n\t<meta name=\"twitter:data1\" content=\"2 minutos\" \/>\n<script type=\"application\/ld+json\" class=\"yoast-schema-graph\">{\"@context\":\"https:\\\/\\\/schema.org\",\"@graph\":[{\"@type\":\"WebPage\",\"@id\":\"https:\\\/\\\/www.amstelprinting.nl\\\/es\\\/politica-de-envio\\\/\",\"url\":\"https:\\\/\\\/www.amstelprinting.nl\\\/es\\\/politica-de-envio\\\/\",\"name\":\"Pol\u00edtica de env\u00edo | Amstel Printing\",\"isPartOf\":{\"@id\":\"https:\\\/\\\/www.amstelprinting.nl\\\/es\\\/#website\"},\"datePublished\":\"2026-03-09T11:51:18+00:00\",\"dateModified\":\"2026-03-09T13:51:28+00:00\",\"breadcrumb\":{\"@id\":\"https:\\\/\\\/www.amstelprinting.nl\\\/es\\\/politica-de-envio\\\/#breadcrumb\"},\"inLanguage\":\"es\",\"potentialAction\":[{\"@type\":\"ReadAction\",\"target\":[\"https:\\\/\\\/www.amstelprinting.nl\\\/es\\\/politica-de-envio\\\/\"]}]},{\"@type\":\"BreadcrumbList\",\"@id\":\"https:\\\/\\\/www.amstelprinting.nl\\\/es\\\/politica-de-envio\\\/#breadcrumb\",\"itemListElement\":[{\"@type\":\"ListItem\",\"position\":1,\"name\":\"\",\"item\":\"https:\\\/\\\/www.amstelprinting.nl\\\/es\\\/\"},{\"@type\":\"ListItem\",\"position\":2,\"name\":\"Pol\u00edtica de env\u00edo\"}]},{\"@type\":\"WebSite\",\"@id\":\"https:\\\/\\\/www.amstelprinting.nl\\\/es\\\/#website\",\"url\":\"https:\\\/\\\/www.amstelprinting.nl\\\/es\\\/\",\"name\":\"Amstel Printing\",\"description\":\"Creating Exposure\",\"publisher\":{\"@id\":\"https:\\\/\\\/www.amstelprinting.nl\\\/es\\\/#organization\"},\"potentialAction\":[{\"@type\":\"SearchAction\",\"target\":{\"@type\":\"EntryPoint\",\"urlTemplate\":\"https:\\\/\\\/www.amstelprinting.nl\\\/es\\\/?s={search_term_string}\"},\"query-input\":{\"@type\":\"PropertyValueSpecification\",\"valueRequired\":true,\"valueName\":\"search_term_string\"}}],\"inLanguage\":\"es\"},{\"@type\":\"Organization\",\"@id\":\"https:\\\/\\\/www.amstelprinting.nl\\\/es\\\/#organization\",\"name\":\"Amstel Printing\",\"url\":\"https:\\\/\\\/www.amstelprinting.nl\\\/es\\\/\",\"logo\":{\"@type\":\"ImageObject\",\"inLanguage\":\"es\",\"@id\":\"https:\\\/\\\/www.amstelprinting.nl\\\/es\\\/#\\\/schema\\\/logo\\\/image\\\/\",\"url\":\"https:\\\/\\\/www.amstelprinting.nl\\\/wp-content\\\/uploads\\\/amstel_printing_logo_clean.png\",\"contentUrl\":\"https:\\\/\\\/www.amstelprinting.nl\\\/wp-content\\\/uploads\\\/amstel_printing_logo_clean.png\",\"width\":324,\"height\":73,\"caption\":\"Amstel Printing\"},\"image\":{\"@id\":\"https:\\\/\\\/www.amstelprinting.nl\\\/es\\\/#\\\/schema\\\/logo\\\/image\\\/\"}}]}<\/script>\n<!-- \/ Yoast SEO plugin. -->","yoast_head_json":{"title":"Pol\u00edtica de env\u00edo | Amstel Printing","robots":{"index":"index","follow":"follow","max-snippet":"max-snippet:-1","max-image-preview":"max-image-preview:large","max-video-preview":"max-video-preview:-1"},"canonical":"https:\/\/www.amstelprinting.nl\/es\/politica-de-envio\/","og_locale":"es_ES","og_type":"article","og_title":"Pol\u00edtica de env\u00edo | Amstel Printing","og_description":"Pol\u00edtica de env\u00edo En Amstel Printing muchos productos...","og_url":"https:\/\/www.amstelprinting.nl\/es\/politica-de-envio\/","og_site_name":"Amstel Printing","article_modified_time":"2026-03-09T13:51:28+00:00","og_image":[{"width":324,"height":73,"url":"https:\/\/www.amstelprinting.nl\/wp-content\/uploads\/amstel_printing_logo_clean.png","type":"image\/png"}],"twitter_card":"summary_large_image","twitter_misc":{"Tiempo de lectura":"2 minutos"},"schema":{"@context":"https:\/\/schema.org","@graph":[{"@type":"WebPage","@id":"https:\/\/www.amstelprinting.nl\/es\/politica-de-envio\/","url":"https:\/\/www.amstelprinting.nl\/es\/politica-de-envio\/","name":"Pol\u00edtica de env\u00edo | Amstel Printing","isPartOf":{"@id":"https:\/\/www.amstelprinting.nl\/es\/#website"},"datePublished":"2026-03-09T11:51:18+00:00","dateModified":"2026-03-09T13:51:28+00:00","breadcrumb":{"@id":"https:\/\/www.amstelprinting.nl\/es\/politica-de-envio\/#breadcrumb"},"inLanguage":"es","potentialAction":[{"@type":"ReadAction","target":["https:\/\/www.amstelprinting.nl\/es\/politica-de-envio\/"]}]},{"@type":"BreadcrumbList","@id":"https:\/\/www.amstelprinting.nl\/es\/politica-de-envio\/#breadcrumb","itemListElement":[{"@type":"ListItem","position":1,"name":"","item":"https:\/\/www.amstelprinting.nl\/es\/"},{"@type":"ListItem","position":2,"name":"Pol\u00edtica de env\u00edo"}]},{"@type":"WebSite","@id":"https:\/\/www.amstelprinting.nl\/es\/#website","url":"https:\/\/www.amstelprinting.nl\/es\/","name":"Amstel Printing","description":"Creating Exposure","publisher":{"@id":"https:\/\/www.amstelprinting.nl\/es\/#organization"},"potentialAction":[{"@type":"SearchAction","target":{"@type":"EntryPoint","urlTemplate":"https:\/\/www.amstelprinting.nl\/es\/?s={search_term_string}"},"query-input":{"@type":"PropertyValueSpecification","valueRequired":true,"valueName":"search_term_string"}}],"inLanguage":"es"},{"@type":"Organization","@id":"https:\/\/www.amstelprinting.nl\/es\/#organization","name":"Amstel Printing","url":"https:\/\/www.amstelprinting.nl\/es\/","logo":{"@type":"ImageObject","inLanguage":"es","@id":"https:\/\/www.amstelprinting.nl\/es\/#\/schema\/logo\/image\/","url":"https:\/\/www.amstelprinting.nl\/wp-content\/uploads\/amstel_printing_logo_clean.png","contentUrl":"https:\/\/www.amstelprinting.nl\/wp-content\/uploads\/amstel_printing_logo_clean.png","width":324,"height":73,"caption":"Amstel Printing"},"image":{"@id":"https:\/\/www.amstelprinting.nl\/es\/#\/schema\/logo\/image\/"}}]}},"_links":{"self":[{"href":"https:\/\/www.amstelprinting.nl\/es\/wp-json\/wp\/v2\/pages\/27549","targetHints":{"allow":["GET"]}}],"collection":[{"href":"https:\/\/www.amstelprinting.nl\/es\/wp-json\/wp\/v2\/pages"}],"about":[{"href":"https:\/\/www.amstelprinting.nl\/es\/wp-json\/wp\/v2\/types\/page"}],"author":[{"embeddable":true,"href":"https:\/\/www.amstelprinting.nl\/es\/wp-json\/wp\/v2\/users\/4"}],"replies":[{"embeddable":true,"href":"https:\/\/www.amstelprinting.nl\/es\/wp-json\/wp\/v2\/comments?post=27549"}],"version-history":[{"count":3,"href":"https:\/\/www.amstelprinting.nl\/es\/wp-json\/wp\/v2\/pages\/27549\/revisions"}],"predecessor-version":[{"id":27630,"href":"https:\/\/www.amstelprinting.nl\/es\/wp-json\/wp\/v2\/pages\/27549\/revisions\/27630"}],"wp:attachment":[{"href":"https:\/\/www.amstelprinting.nl\/es\/wp-json\/wp\/v2\/media?parent=27549"}],"wp:term":[{"taxonomy":"category","embeddable":true,"href":"https:\/\/www.amstelprinting.nl\/es\/wp-json\/wp\/v2\/categories?post=27549"}],"curies":[{"name":"wp","href":"https:\/\/api.w.org\/{rel}","templated":true}]}}